{"id":4144,"date":"2024-05-03T06:37:50","date_gmt":"2024-05-03T06:37:50","guid":{"rendered":"https:\/\/elfsight.com\/pt\/?page_id=4144"},"modified":"2025-02-05T10:29:16","modified_gmt":"2025-02-05T10:29:16","slug":"weebly","status":"publish","type":"page","link":"https:\/\/elfsight.com\/pt\/online-form-builder\/weebly\/","title":{"rendered":"Form Builder &#8211; Weebly"},"content":{"rendered":"\n<div class=\"application-platform-content-item-description application-platform-content-item\" id=\"description\" data-nav-section=\"description\"><h2>Construtor de formul\u00e1rios personalizados para Weebly<\/h2><p>O Form Builder da Elfsight permite que voc\u00ea crie um formul\u00e1rio de inscri\u00e7\u00e3o e pedido do Weebly formul\u00e1rio, formul\u00e1rio de registro do Weebly ou qualquer outro tipo de formul\u00e1rio de preenchimento que voc\u00ea possa precisar. Com este aplicativo universal, voc\u00ea pode receber facilmente feedback de seus clientes por meio de pesquisas, solicita\u00e7\u00f5es de classifica\u00e7\u00e3o e outras varia\u00e7\u00f5es. A estrutura do formul\u00e1rio pode ser definida e estilizada para capturar mais informa\u00e7\u00f5es de seus clientes. N\u00e3o importa o tipo de informa\u00e7\u00e3o que voc\u00ea precisa, sejam ideias, avalia\u00e7\u00f5es, reservas ou compras, nosso Form Builder permitir\u00e1 que voc\u00ea crie um formul\u00e1rio de preenchimento adequado. Nosso design responsivo e a variedade de elementos predefinidos garantem que seu formul\u00e1rio seja f\u00e1cil de usar para sua clientela e atraente para voc\u00ea.<\/p><p><b>Re\u00fana opini\u00f5es de clientes, receba reservas e solicita\u00e7\u00f5es do p\u00fablico de seu site !<\/b><\/p><ul><li><b>Crie formul\u00e1rios atraentes para coletar mais feedback<\/b>.<br>Aplique todos os par\u00e2metros do aplicativo Elfsight para construir formul\u00e1rios de preenchimento eficazes. Controle os componentes e defina a estrutura para tornar seus formul\u00e1rios equilibrados e pr\u00e1ticos. Use par\u00e2metros de estilo para projetar uma interface not\u00e1vel e obtenha mais feedback.<\/li><li><b>Aumente o n\u00famero de leads com formul\u00e1rios gerenci\u00e1veis<\/b>.<br>N\u00e3o deixe a clientela interromper o preenchimento inacabado. e deix\u00e1-lo sem seus insights. Crie formul\u00e1rios com etapas pr\u00e1ticas e configura\u00e7\u00e3o l\u00f3gica, que manter\u00e3o os usu\u00e1rios envolvidos at\u00e9 o fim e aumentar\u00e3o o n\u00famero de leads.<\/li><li><b>Economize tempo e dinheiro com uma ferramenta multifuncional<\/b>.<br>Este instrumento permite desenhar formas de v\u00e1rios tipos com m\u00faltiplos conjuntos de elementos e diferentes estruturas. Isso ajudar\u00e1 voc\u00ea a compor formul\u00e1rios para invocar dados de v\u00e1rios formatos sem gastar tempo e dinheiro adicionais.<\/li><\/ul><\/div><div class=\"application-platform-content-item-features application-platform-content-item\" id=\"features\" data-nav-section=\"features\"><h2>Recursos do plugin Form Builder<\/h2><p> Por que o Elfsight Form Builder \u00e9 o melhor plugin para obter feedback, solicita\u00e7\u00f5es ou informa\u00e7\u00f5es de reservas de clientes no seu site do Weebly? <\/p><ul><li>Crie formul\u00e1rios cl\u00e1ssicos e passo a passo unindo elementos em grupos;<\/li><li>Texto edit\u00e1vel do bot\u00e3o de envio;<\/li><li>Atribua qualquer endere\u00e7o de e-mail e formul\u00e1rio os resultados do preenchimento ser\u00e3o enviados automaticamente para l\u00e1;<\/li><li>Defina qualquer URL para onde o usu\u00e1rio ser\u00e1 redirecionado ap\u00f3s o preenchimento do formul\u00e1rio;<\/li><li>Pinte seu formul\u00e1rio com um clique &#8211; a cor principal ser\u00e1 aplicada ao todos os elementos ativos, bot\u00e3o de envio, barra de progresso, etc.<\/li><\/ul><p><a href=\"#demo\">Teste os principais recursos do aplicativo em nossa demonstra\u00e7\u00e3o<\/a><\/p><p> <\/div><\/p><div class=\"application-platform-content-item-installation application-platform-content-item\" id=\"installation\" data-nav-section=\"installation\"><h2>Como adicionar o Form Builder ao site do Weebly<\/h2><div class=\"video-container\"><iframe width=\"720\" height=\"405\" src=\"https:\/\/www.youtube.com\/embed\/xd_ujSjQbrE\" frameborder=\"0\" allowfullscreen=\"\"><\/iframe><\/div><p>Instru\u00e7\u00f5es r\u00e1pidas para cria\u00e7\u00e3o do aplicativo no Weebly por seus pr\u00f3prios meios. Para implementar a configura\u00e7\u00e3o, voc\u00ea n\u00e3o precisar\u00e1 convidar um programador ou ter experi\u00eancia pessoal em desenvolvimento. A dura\u00e7\u00e3o total da implementa\u00e7\u00e3o \u00e9 de apenas 3 minutos.<\/p><ol><li><b>Gerencie nossa demonstra\u00e7\u00e3o gratuita e comece a criar seu aplicativo personalizado. <\/b><br>Encontre a interface selecionada e os par\u00e2metros do aplicativo e aplique todas as modifica\u00e7\u00f5es.<\/li><li><b>Adquira o c\u00f3digo exclusivo que \u00e9 mostrado na caixa dos aplicativos Elfsight. <\/b><br>Logo ap\u00f3s a configura\u00e7\u00e3o do seu aplicativo, copie o seu c\u00f3digo na janela exibida e guarde-o para futuras necessidades.<\/li><li><b>Comece a usar o aplicativo no Weebly web p\u00e1gina. <\/b><br>Incorpore o c\u00f3digo copiado anteriormente em seu site e aplique as corre\u00e7\u00f5es.<\/li><li><b>Pronto! A integra\u00e7\u00e3o foi finalizada com sucesso. <\/b><br>Visite seu site para observar como o aplicativo est\u00e1 funcionando.<\/li><\/ol><p>Falha ao instalar ou inserir o aplicativo em um site? Confira nosso manual completo \u00ab<a href=\"https:\/\/elfsight.com\/tutorials\/how-to-add-form-builder-app-to-weebly\/\">Como configurar formul\u00e1rios no Weebly<\/a>\u00bb ou escreva uma mensagem para o nosso centro de ajuda.<\/p><div class=\"faq\" data-component=\"FAQ\"> <div class=\"faq-item\">\r\n\t\t\t\t\t<div class=\"faq-item-question\">\r\n\t\t\t\t\t\t<h3 class=\"faq-item-question-text\">Como adicionar o Form Builder ao meu site Weebly sem conhecimentos de codifica\u00e7\u00e3o?<\/h3>\r\n\r\n\t\t\t\t\t\t<div class=\"faq-item-question-icon\"><\/div>\r\n\t\t\t\t\t<\/div>\r\n\r\n\t\t\t\t\t<div class=\"faq-item-answer\">\r\n\t\t\t\t\t\t<div class=\"faq-item-answer-text\"> <p>A Elfsight fornece uma solu\u00e7\u00e3o SaaS que lhe permite criar um formul\u00e1rio Widget Builder voc\u00ea mesmo, veja como o processo \u00e9 f\u00e1cil: Trabalhe diretamente no Editor online para criar um widget Form Builder que voc\u00ea gostaria de ver em seu site do Weebly. Escolha um dos modelos predefinidos e ajuste as configura\u00e7\u00f5es do Form Builder, adicione seu conte\u00fado, altere o layout e as cores sem nenhuma habilidade de codifica\u00e7\u00e3o. Salve o Form Builder e copie seu c\u00f3digo de instala\u00e7\u00e3o, para que voc\u00ea possa adicion\u00e1-lo facilmente ao seu site do Weebly, sem comprar um plano pago. Com nosso editor intuitivo, qualquer usu\u00e1rio da Internet pode criar um widget Form Builder online e incorpor\u00e1-lo facilmente em seu site do Weebly. N\u00e3o h\u00e1 necessidade de pagar ou inserir as credenciais do seu cart\u00e3o para acessar o servi\u00e7o. Se voc\u00ea enfrentar algum problema em qualquer etapa, n\u00e3o hesite em entrar em contato com nossa equipe de suporte t\u00e9cnico.<\/p> <\/div>\r\n\t\t\t\t\t<\/div>\r\n\t\t\t\t<\/div><div class=\"faq-item\">\r\n\t\t\t\t\t<div class=\"faq-item-question\">\r\n\t\t\t\t\t\t<h3 class=\"faq-item-question-text\">Existe algum modelo personalizado do Form Builder para o site do Weebly?<\/h3>\r\n\r\n\t\t\t\t\t\t<div class=\"faq-item-question-icon\"><\/div>\r\n\t\t\t\t\t<\/div>\r\n\r\n\t\t\t\t\t<div class=\"faq-item-answer\">\r\n\t\t\t\t\t\t<div class=\"faq-item-answer-text\"><p>Sim , absolutamente! Existem mais de 300 modelos prontos para uso para qualquer caso, como <a href=\"https:\/\/elfsight.com\/online-form-builder\/templates\/application-forms\/\">Formul\u00e1rios de inscri\u00e7\u00e3o<\/a>, <a href=\"https:\/\/elfsight.com\/online-form-builder\/templates\/booking-forms\/\">Formul\u00e1rios de reserva<\/a>, <a href=\"https:\/\/elfsight.com\/online-form-builder\/templates\/order-forms\/\">Formul\u00e1rios de pedido<\/a>, <a href=\"https:\/\/elfsight.com\/online-form-builder\/templates\/product-forms\/\">Formul\u00e1rios de produto<\/a> , <a href=\"https:\/\/elfsight.com\/online-form-builder\/templates\/questionnaires\/\">Question\u00e1rios<\/a>, <a href=\"https:\/\/elfsight.com\/online-form-builder\/templates\/quizzes\/\">Testes<\/a>, <a href=\"https:\/\/elfsight.com\/online-form-builder\/templates\/surveys\/\">Pesquisas<\/a>, <a href=\"https:\/\/elfsight.com\/online-form-builder\/templates\/file-upload-forms\/\">Formul\u00e1rios de upload de arquivos<\/a> e muito mais. Sinta-se \u00e0 vontade para testar os <a href=\"https:\/\/elfsight.com\/online-form-builder\/templates\/\">modelos do Form Builder<\/a> e compartilhar sua opini\u00e3o conosco.<\/p><\/div>\r\n\t\t\t\t\t<\/div>\r\n\t\t\t\t<\/div> <\/div> <\/div>\n","protected":false},"excerpt":{"rendered":"","protected":false},"author":9,"featured_media":0,"parent":596,"menu_order":0,"comment_status":"closed","ping_status":"closed","template":"templates\/template-application-platform.php","meta":{"publish_to_discourse":"","publish_post_category":"","wpdc_auto_publish_overridden":"","wpdc_topic_tags":"","wpdc_pin_topic":"","wpdc_pin_until":"","discourse_post_id":"","discourse_permalink":"","wpdc_publishing_response":"","wpdc_publishing_error":"","footnotes":""},"class_list":["post-4144","page","type-page","status-publish","hentry"],"yoast_head":"<!-- This site is optimized with the Yoast SEO plugin v25.3.1 - https:\/\/yoast.com\/wordpress\/plugins\/seo\/ -->\n<title>Crie e adicione formul\u00e1rios personalizados no Weebly gratuitamente!<\/title>\n<meta name=\"description\" content=\"Teste o melhor criador de formul\u00e1rios online para o site Weebly. Adicione aplicativos interativos em apenas 1 minuto gratuitamente no criador de formul\u00e1rios mais simples.\" \/>\n<meta name=\"robots\" content=\"index, follow, max-snippet:-1, max-image-preview:large, max-video-preview:-1\" \/>\n<link rel=\"canonical\" href=\"https:\/\/elfsight.com\/pt\/online-form-builder\/weebly\/\" \/>\n<meta property=\"og:locale\" content=\"pt_PT\" \/>\n<meta property=\"og:type\" content=\"article\" \/>\n<meta property=\"og:title\" content=\"Crie e adicione formul\u00e1rios personalizados no Weebly gratuitamente!\" \/>\n<meta property=\"og:description\" content=\"Teste o melhor criador de formul\u00e1rios online para o site Weebly. Adicione aplicativos interativos em apenas 1 minuto gratuitamente no criador de formul\u00e1rios mais simples.\" \/>\n<meta property=\"og:url\" content=\"https:\/\/elfsight.com\/pt\/online-form-builder\/weebly\/\" \/>\n<meta property=\"og:site_name\" content=\"Elfsight PT\" \/>\n<meta property=\"article:modified_time\" content=\"2025-02-05T10:29:16+00:00\" \/>\n<meta name=\"twitter:card\" content=\"summary_large_image\" \/>\n<meta name=\"twitter:label1\" content=\"Tempo estimado de leitura\" \/>\n\t<meta name=\"twitter:data1\" content=\"5 minutos\" \/>\n<!-- \/ Yoast SEO plugin. -->","yoast_head_json":{"title":"Crie e adicione formul\u00e1rios personalizados no Weebly gratuitamente!","description":"Teste o melhor criador de formul\u00e1rios online para o site Weebly. Adicione aplicativos interativos em apenas 1 minuto gratuitamente no criador de formul\u00e1rios mais simples.","robots":{"index":"index","follow":"follow","max-snippet":"max-snippet:-1","max-image-preview":"max-image-preview:large","max-video-preview":"max-video-preview:-1"},"canonical":"https:\/\/elfsight.com\/pt\/online-form-builder\/weebly\/","og_locale":"pt_PT","og_type":"article","og_title":"Crie e adicione formul\u00e1rios personalizados no Weebly gratuitamente!","og_description":"Teste o melhor criador de formul\u00e1rios online para o site Weebly. Adicione aplicativos interativos em apenas 1 minuto gratuitamente no criador de formul\u00e1rios mais simples.","og_url":"https:\/\/elfsight.com\/pt\/online-form-builder\/weebly\/","og_site_name":"Elfsight PT","article_modified_time":"2025-02-05T10:29:16+00:00","twitter_card":"summary_large_image","twitter_misc":{"Tempo estimado de leitura":"5 minutos"},"schema":{"@context":"https:\/\/schema.org","@graph":[{"@type":"WebPage","@id":"https:\/\/elfsight.com\/pt\/online-form-builder\/weebly\/","url":"https:\/\/elfsight.com\/pt\/online-form-builder\/weebly\/","name":"Crie e adicione formul\u00e1rios personalizados no Weebly gratuitamente!","isPartOf":{"@id":"https:\/\/elfsight.com\/pt\/#website"},"datePublished":"2024-05-03T06:37:50+00:00","dateModified":"2025-02-05T10:29:16+00:00","description":"Teste o melhor criador de formul\u00e1rios online para o site Weebly. Adicione aplicativos interativos em apenas 1 minuto gratuitamente no criador de formul\u00e1rios mais simples.","breadcrumb":{"@id":"https:\/\/elfsight.com\/pt\/online-form-builder\/weebly\/#breadcrumb"},"inLanguage":"pt-PT","potentialAction":[{"@type":"ReadAction","target":["https:\/\/elfsight.com\/pt\/online-form-builder\/weebly\/"]}]},{"@type":"BreadcrumbList","@id":"https:\/\/elfsight.com\/pt\/online-form-builder\/weebly\/#breadcrumb","itemListElement":[{"@type":"ListItem","position":1,"name":"Home","item":"https:\/\/elfsight.com\/pt\/"},{"@type":"ListItem","position":2,"name":"Form Builder","item":"https:\/\/elfsight.com\/pt\/online-form-builder\/"},{"@type":"ListItem","position":3,"name":"Form Builder &#8211; Weebly"}]},{"@type":"WebSite","@id":"https:\/\/elfsight.com\/pt\/#website","url":"https:\/\/elfsight.com\/pt\/","name":"Elfsight PT","description":"Just another Elfsight Sites site","potentialAction":[{"@type":"SearchAction","target":{"@type":"EntryPoint","urlTemplate":"https:\/\/elfsight.com\/pt\/?s={search_term_string}"},"query-input":{"@type":"PropertyValueSpecification","valueRequired":true,"valueName":"search_term_string"}}],"inLanguage":"pt-PT"}]}},"meta_box":{"industry":"","seo_heading":"","heading":"","description":"","cta_heading":"","cta_description":"","application":"595","h1":"Construtor de formul\u00e1rios online para Weebly","h1_caption":"Dados de design - coletando formas de variantes ilimitadas em a\u00e7\u00f5es simples","application_category":[],"applications_title":"","applications_request_title":"","applications_request_button_text":"","hero_text":"","hero_video":"","hero_video_schema_markup":"","selling_points_title":"","selling_points_caption":"","selling_points":[],"selling_points_cta_text":"","features_title":"","features":"","ed_cta_examples_text":"","ed_cta_examples_hidden":"","ed_cta_demo_text":"","ed_cta_demo_hidden":"","why_caption":"","why_editor_title":"","why_editor_text":"","why_team_title":"","why_team_text":"","why_service_title":"","why_service_text":"","template_catalog_visible":"0","template_catalog_title":"","template_catalog_text":"","template_catalog_categories_visible":"","demo_title":"Crie seu aplicativo Form Builder","demo_caption":"Configure seu Form Builder e adicione-o ao seu site do Weebly gratuitamente!","default_faq_hidden":"","app_template_category":[],"platform":"73","template_public_id":"","codecanyon_url":"","codecanyon_item_id":"","codecanyon_price":"","pricing_caption":"","pricing_elfsight_apps_hide_column":"","pricing_elfsight_apps_url":"","pricing_codecanyon_price_caption":"","integration_category":[],"integration_request_title":"","integration_request_cta":"","integration_platform":"","integrations":[],"platform_category":[],"video_schema_markup":"","price":"a partir de US$ 0\/m\u00eas","trial":"","benefits":[{"text":"Servi\u00e7o de instala\u00e7\u00e3o gratuito"},{"text":"Atendimento ao cliente competente"},{"text":"Garantia de devolu\u00e7\u00e3o do dinheiro em 14 dias"},{"text":"Melhorias ao longo da vida"}],"button_url":"#demo","button_target_blank":"0","button_nofollow":"0","attributes":[{"name":"Instala\u00e7\u00f5es","content":"100,000 - 500,000","_state":"expanded"},{"name":"Responsivo","content":"Sim","_state":"expanded"},{"name":"Navegadores compat\u00edveis","content":"Firefox, Safari, Opera, Chrome, Edge"}],"tags":[],"tags_disable_links":"0","hide_more_platforms":"","video_object":"","demo_hide_cta":"0","demo_hide_cloud_options":"0","pricing_title":"","pricing":[{"pricing_icon":"cloud","pricing_title":"Elfsight Apps","pricing_title_caption":"Vers\u00e3o independente de plataforma","pricing_price":"a partir de US$ 0\/m\u00eas","pricing_price_caption":"comece com um plano gratuito","pricing_benefits":[{"text":"Sites ilimitados"},{"text":"Suporte premium"},{"text":"Suporte premium"},{"text":"Design flex\u00edvel"}],"pricing_button_text":"Adicionar ao site","pricing_button_url":"#demo","_state":"expanded"}],"related_apps_title":"","related_apps_hidden":"1","author":"","image":[],"title":"","job":"","social_networks":[]},"_links":{"self":[{"href":"https:\/\/elfsight.com\/pt\/wp-json\/wp\/v2\/pages\/4144","targetHints":{"allow":["GET"]}}],"collection":[{"href":"https:\/\/elfsight.com\/pt\/wp-json\/wp\/v2\/pages"}],"about":[{"href":"https:\/\/elfsight.com\/pt\/wp-json\/wp\/v2\/types\/page"}],"author":[{"embeddable":true,"href":"https:\/\/elfsight.com\/pt\/wp-json\/wp\/v2\/users\/9"}],"replies":[{"embeddable":true,"href":"https:\/\/elfsight.com\/pt\/wp-json\/wp\/v2\/comments?post=4144"}],"version-history":[{"count":3,"href":"https:\/\/elfsight.com\/pt\/wp-json\/wp\/v2\/pages\/4144\/revisions"}],"predecessor-version":[{"id":13781,"href":"https:\/\/elfsight.com\/pt\/wp-json\/wp\/v2\/pages\/4144\/revisions\/13781"}],"up":[{"embeddable":true,"href":"https:\/\/elfsight.com\/pt\/wp-json\/wp\/v2\/pages\/596"}],"wp:attachment":[{"href":"https:\/\/elfsight.com\/pt\/wp-json\/wp\/v2\/media?parent=4144"}],"curies":[{"name":"wp","href":"https:\/\/api.w.org\/{rel}","templated":true}]}}