{"id":4141,"date":"2024-05-03T06:36:24","date_gmt":"2024-05-03T06:36:24","guid":{"rendered":"https:\/\/elfsight.com\/pt\/?page_id=4141"},"modified":"2024-11-13T12:09:28","modified_gmt":"2024-11-13T12:09:28","slug":"webnode","status":"publish","type":"page","link":"https:\/\/elfsight.com\/pt\/facebook-reviews-widget\/webnode\/","title":{"rendered":"Facebook Reviews &#8211; Webnode"},"content":{"rendered":"<div class=\"application-platform-content-item-description application-platform-content-item\" id=\"description\" data-nav-section=\"description\"><h2>Descri\u00e7\u00e3o<\/h2><p>Mostre as avalia\u00e7\u00f5es dos seus clientes do Facebook no site com a ajuda das Avalia\u00e7\u00f5es do Facebook da Elfsight e declare que voc\u00ea \u00e9 confi\u00e1vel pelas pessoas. Os visualizadores do site poder\u00e3o saber o que as pessoas dizem sobre sua empresa no Facebook em um widget com design limpo e detalhes aut\u00eanticos do Facebook. A interface \u00e9 flex\u00edvel e inclui classifica\u00e7\u00e3o por estrelas, informa\u00e7\u00f5es do autor, elementos altern\u00e1veis \u200b\u200be op\u00e7\u00f5es de layout e modelo prontos para uso. Com as Avalia\u00e7\u00f5es do Facebook da Elfsight, voc\u00ea pode revelar um bot\u00e3o para deixar mais uma avalia\u00e7\u00e3o e obter feedback dos clientes.<\/p><p><b>Revele quais clientes postam sobre voc\u00ea no Facebook e aumente o n\u00edvel de confiabilidade!<\/b><\/p><ul><li><b>Aumente o valor percebido de suas ofertas com a ajuda das melhores avalia\u00e7\u00f5es<\/b><br> Use filtros para classificar todas as avalia\u00e7\u00f5es indesejadas e garantir que os clientes tenham certeza sobre a qualidade de seus itens .<\/li><li><b>Aumente as vendas demonstrando sua excelente classifica\u00e7\u00e3o<\/b><br> Use sua excelente classifica\u00e7\u00e3o e avalia\u00e7\u00f5es positivas para provar que vale a pena comprar seus itens e obter mais vendas.<\/li><li> <b>Alcance uma compreens\u00e3o mais clara de suas ofertas<\/b><br> Demonstrar seus produtos por meio da experi\u00eancia do usu\u00e1rio dos clientes ajudar\u00e1 os visitantes a entend\u00ea-los melhor.<\/li><\/ul><\/div><div class=\"application-platform-content-item- features application-platform-content-item\" id=\" features\" data-nav-section=\" features\"><h2>Recursos<\/h2><p>Aqui est\u00e3o v\u00e1rios recursos que tornam nosso widget uma ferramenta perfeita para sites Webnode:<\/p><ul><li>Tr\u00eas tipos de filtros: por tipo, excluir por e quantidade de avalia\u00e7\u00f5es;<\/li><li>Tr\u00eas tipos de layout: Lista, Grade e Controle deslizante;<\/li><li>Tr\u00eas modelos de avalia\u00e7\u00e3o: Cl\u00e1ssico, Bolha, Destaque;<\/li><li>Edit\u00e1vel mensagem de texto ap\u00f3s nega\u00e7\u00e3o da solicita\u00e7\u00e3o de revis\u00e3o, com op\u00e7\u00f5es de formata\u00e7\u00e3o;<\/li><li>6 elementos altern\u00e1veis \u200b\u200bdas avalia\u00e7\u00f5es: nome e imagem do autor, recomenda\u00e7\u00e3o, data, \u00edcone do Facebook e classifica\u00e7\u00e3o por estrelas;<\/li><\/ul><p><a href=\"#demo\">Teste todas as propriedades em nossa demonstra\u00e7\u00e3o gratuita<\/a><\/p><\/div><div class=\"application-platform-content-item-installation application-platform-content-item\" id=\"installation\" data-nav-section=\"installation\"><h2>Como adicionar avalia\u00e7\u00f5es do Facebook ao site Webnode <\/h2><p>Pequeno guia de instala\u00e7\u00e3o do widget para quem n\u00e3o tem experi\u00eancia em programa\u00e7\u00e3o ou procura de programador tempor\u00e1rio. O tempo total de execu\u00e7\u00e3o das instru\u00e7\u00f5es n\u00e3o ultrapassa 90 segundos.<\/p><ol><li><b>Construa suas avalia\u00e7\u00f5es individuais no Facebook<\/b><br>Por meio de nossa demonstra\u00e7\u00e3o gratuita, um plugin com apar\u00eancia e fun\u00e7\u00f5es preferenciais .<\/li><li><b>Receba um c\u00f3digo para publicar o plugin<\/b><br>Ap\u00f3s a configura\u00e7\u00e3o do widget, obtenha um c\u00f3digo para o plugin Reviews na notifica\u00e7\u00e3o que aparece nas aplica\u00e7\u00f5es Elfsight.<\/li><li> <b>Publique o plugin no site Webnode<\/b><br>Incorpore o plugin no local desejado do site e salve os resultados.<\/li><li><b>Pronto!<\/b> <br>Entre no seu site para ver o plugin.<\/li><\/ol><p>Tive algum problema ao adicionar ou ajustar o plugin? Entre em contacto com o nosso Centro de Suporte.<\/p><div class=\"faq\" data-component=\"FAQ\"> <div class=\"faq-item\">\r\n\t\t\t\t\t<div class=\"faq-item-question\">\r\n\t\t\t\t\t\t<h3 class=\"faq-item-question-text\">Como posso adicionar coment\u00e1rios do Facebook ao meu site Webnode sem conhecimentos de codifica\u00e7\u00e3o?<\/h3>\r\n\r\n\t\t\t\t\t\t<div class=\"faq-item-question-icon\"><\/div>\r\n\t\t\t\t\t<\/div>\r\n\r\n\t\t\t\t\t<div class=\"faq-item-answer\">\r\n\t\t\t\t\t\t<div class=\"faq-item-answer-text\"> <p>A Elfsight fornece uma solu\u00e7\u00e3o SaaS que lhe permite criar um Facebook Widget de Avalia\u00e7\u00f5es voc\u00ea mesmo, veja como o processo \u00e9 f\u00e1cil: Trabalhe diretamente no Editor on-line para criar um widget de Avalia\u00e7\u00f5es do Facebook que voc\u00ea gostaria de ver em seu site Webnode. Escolha um dos modelos predefinidos e ajuste as configura\u00e7\u00f5es de Avalia\u00e7\u00f5es do Facebook, adicione seu conte\u00fado, altere o layout e as cores sem habilidades de codifica\u00e7\u00e3o. Salve as avalia\u00e7\u00f5es do Facebook e copie seu c\u00f3digo de instala\u00e7\u00e3o, que voc\u00ea pode colar facilmente no seu site Webnode sem a necessidade de comprar uma vers\u00e3o paga. Com nosso editor intuitivo, qualquer usu\u00e1rio da Internet pode criar um widget de avalia\u00e7\u00f5es do Facebook online e incorpor\u00e1-lo facilmente ao seu site Webnode. N\u00e3o h\u00e1 necessidade de pagar ou inserir as credenciais do seu cart\u00e3o para acessar o servi\u00e7o. Se voc\u00ea enfrentar qualquer problema em qualquer etapa, n\u00e3o hesite em entrar em contato com nossa equipe de suporte t\u00e9cnico.<\/p> <\/div>\r\n\t\t\t\t\t<\/div>\r\n\t\t\t\t<\/div> <\/div> <\/div>","protected":false},"excerpt":{"rendered":"","protected":false},"author":9,"featured_media":0,"parent":576,"menu_order":0,"comment_status":"closed","ping_status":"closed","template":"templates\/template-application-platform.php","meta":{"publish_to_discourse":"","publish_post_category":"","wpdc_auto_publish_overridden":"","wpdc_topic_tags":"","wpdc_pin_topic":"","wpdc_pin_until":"","discourse_post_id":"","discourse_permalink":"","wpdc_publishing_response":"","wpdc_publishing_error":"","footnotes":""},"class_list":["post-4141","page","type-page","status-publish","hentry"],"yoast_head":"<!-- This site is optimized with the Yoast SEO plugin v25.3.1 - https:\/\/yoast.com\/wordpress\/plugins\/seo\/ -->\n<title>As melhores an\u00e1lises do Facebook para o site Webnode (2025)<\/title>\n<meta name=\"description\" content=\"Teste nosso plugin Facebook Reviews para Webnode agora mesmo. Configure um widget exclusivo para o seu site em apenas alguns minutos!\" \/>\n<meta name=\"robots\" content=\"index, follow, max-snippet:-1, max-image-preview:large, max-video-preview:-1\" \/>\n<link rel=\"canonical\" href=\"https:\/\/elfsight.com\/pt\/facebook-reviews-widget\/webnode\/\" \/>\n<meta property=\"og:locale\" content=\"pt_PT\" \/>\n<meta property=\"og:type\" content=\"article\" \/>\n<meta property=\"og:title\" content=\"As melhores an\u00e1lises do Facebook para o site Webnode (2025)\" \/>\n<meta property=\"og:description\" content=\"Teste nosso plugin Facebook Reviews para Webnode agora mesmo. Configure um widget exclusivo para o seu site em apenas alguns minutos!\" \/>\n<meta property=\"og:url\" content=\"https:\/\/elfsight.com\/pt\/facebook-reviews-widget\/webnode\/\" \/>\n<meta property=\"og:site_name\" content=\"Elfsight PT\" \/>\n<meta property=\"article:modified_time\" content=\"2024-11-13T12:09:28+00:00\" \/>\n<meta name=\"twitter:card\" content=\"summary_large_image\" \/>\n<meta name=\"twitter:label1\" content=\"Tempo estimado de leitura\" \/>\n\t<meta name=\"twitter:data1\" content=\"2 minutos\" \/>\n<!-- \/ Yoast SEO plugin. -->","yoast_head_json":{"title":"As melhores an\u00e1lises do Facebook para o site Webnode (2025)","description":"Teste nosso plugin Facebook Reviews para Webnode agora mesmo. Configure um widget exclusivo para o seu site em apenas alguns minutos!","robots":{"index":"index","follow":"follow","max-snippet":"max-snippet:-1","max-image-preview":"max-image-preview:large","max-video-preview":"max-video-preview:-1"},"canonical":"https:\/\/elfsight.com\/pt\/facebook-reviews-widget\/webnode\/","og_locale":"pt_PT","og_type":"article","og_title":"As melhores an\u00e1lises do Facebook para o site Webnode (2025)","og_description":"Teste nosso plugin Facebook Reviews para Webnode agora mesmo. Configure um widget exclusivo para o seu site em apenas alguns minutos!","og_url":"https:\/\/elfsight.com\/pt\/facebook-reviews-widget\/webnode\/","og_site_name":"Elfsight PT","article_modified_time":"2024-11-13T12:09:28+00:00","twitter_card":"summary_large_image","twitter_misc":{"Tempo estimado de leitura":"2 minutos"},"schema":{"@context":"https:\/\/schema.org","@graph":[{"@type":"WebPage","@id":"https:\/\/elfsight.com\/pt\/facebook-reviews-widget\/webnode\/","url":"https:\/\/elfsight.com\/pt\/facebook-reviews-widget\/webnode\/","name":"As melhores an\u00e1lises do Facebook para o site Webnode (2025)","isPartOf":{"@id":"https:\/\/elfsight.com\/pt\/#website"},"datePublished":"2024-05-03T06:36:24+00:00","dateModified":"2024-11-13T12:09:28+00:00","description":"Teste nosso plugin Facebook Reviews para Webnode agora mesmo. Configure um widget exclusivo para o seu site em apenas alguns minutos!","breadcrumb":{"@id":"https:\/\/elfsight.com\/pt\/facebook-reviews-widget\/webnode\/#breadcrumb"},"inLanguage":"pt-PT","potentialAction":[{"@type":"ReadAction","target":["https:\/\/elfsight.com\/pt\/facebook-reviews-widget\/webnode\/"]}]},{"@type":"BreadcrumbList","@id":"https:\/\/elfsight.com\/pt\/facebook-reviews-widget\/webnode\/#breadcrumb","itemListElement":[{"@type":"ListItem","position":1,"name":"Home","item":"https:\/\/elfsight.com\/pt\/"},{"@type":"ListItem","position":2,"name":"Facebook Reviews","item":"https:\/\/elfsight.com\/pt\/facebook-reviews-widget\/"},{"@type":"ListItem","position":3,"name":"Facebook Reviews &#8211; Webnode"}]},{"@type":"WebSite","@id":"https:\/\/elfsight.com\/pt\/#website","url":"https:\/\/elfsight.com\/pt\/","name":"Elfsight PT","description":"Just another Elfsight Sites site","potentialAction":[{"@type":"SearchAction","target":{"@type":"EntryPoint","urlTemplate":"https:\/\/elfsight.com\/pt\/?s={search_term_string}"},"query-input":{"@type":"PropertyValueSpecification","valueRequired":true,"valueName":"search_term_string"}}],"inLanguage":"pt-PT"}]}},"meta_box":{"industry":"","seo_heading":"","heading":"","description":"","cta_heading":"","cta_description":"","application":"575","h1":"Widget de avalia\u00e7\u00f5es do Facebook da Webnode","h1_caption":"Apresente seus coment\u00e1rios do Facebook na p\u00e1gina da web, sem esfor\u00e7o e em pouco tempo!","application_category":[],"applications_title":"","applications_request_title":"","applications_request_button_text":"","hero_text":"","hero_video":"","hero_video_schema_markup":"","selling_points_title":"","selling_points_caption":"","selling_points":[],"selling_points_cta_text":"","features_title":"","features":"","ed_cta_examples_text":"","ed_cta_examples_hidden":"","ed_cta_demo_text":"","ed_cta_demo_hidden":"","why_caption":"","why_editor_title":"","why_editor_text":"","why_team_title":"","why_team_text":"","why_service_title":"","why_service_text":"","template_catalog_visible":"","template_catalog_title":"","template_catalog_text":"","template_catalog_categories_visible":"","demo_title":"Crie seu widget de avalia\u00e7\u00f5es do Facebook","demo_caption":"Configure suas avalia\u00e7\u00f5es do Facebook e adicione-as ao seu site Webnode gratuitamente!","default_faq_hidden":"","app_template_category":[],"platform":"4917","template_public_id":"","codecanyon_url":"","codecanyon_item_id":"","codecanyon_price":"","pricing_caption":"","pricing_elfsight_apps_hide_column":"","pricing_elfsight_apps_url":"","pricing_codecanyon_price_caption":"","integration_category":[],"integration_request_title":"","integration_request_cta":"","integration_platform":"","integrations":[],"platform_category":[],"video_schema_markup":"","price":"a partir de US$ 0\/m\u00eas","trial":"","benefits":[{"text":"Ajuda de instala\u00e7\u00e3o gratuita"},{"text":"Suporte excepcional"},{"text":"Garantia de reembolso de 14 dias"},{"text":"Atualizando constantemente"}],"button_url":"#demo","button_target_blank":"0","button_nofollow":"0","attributes":[{"name":"Instala\u00e7\u00f5es","content":"10,000 - 100,000","_state":"expanded"},{"name":"Responsivo","content":"Sim","_state":"expanded"},{"name":"Navegadores compat\u00edveis","content":"Firefox, Safari, Opera, Chrome, Edge"}],"tags":[],"tags_disable_links":"0","hide_more_platforms":"","video_object":"","demo_hide_cta":"0","demo_hide_cloud_options":"0","pricing_title":"","pricing":[{"pricing_icon":"platform","pricing_title":"Elfsight Apps","pricing_title_caption":"Vers\u00e3o multiplataforma adequada para qualquer site","pricing_price":"a partir de US$ 0\/m\u00eas","pricing_price_caption":"comece com plano gratuito","pricing_benefits":[{"text":"Dom\u00ednios ilimitados"},{"text":"Suporte profissional da empresa"},{"text":"Suporte profissional da empresa"},{"text":"\u00d3timo neg\u00f3cio para v\u00e1rios aplicativos"}],"pricing_button_text":"Adicionar ao site","pricing_button_url":"#demo","_state":"expanded"}],"related_apps_title":"","related_apps_hidden":"1","author":"","image":[],"title":"","job":"","social_networks":[]},"_links":{"self":[{"href":"https:\/\/elfsight.com\/pt\/wp-json\/wp\/v2\/pages\/4141","targetHints":{"allow":["GET"]}}],"collection":[{"href":"https:\/\/elfsight.com\/pt\/wp-json\/wp\/v2\/pages"}],"about":[{"href":"https:\/\/elfsight.com\/pt\/wp-json\/wp\/v2\/types\/page"}],"author":[{"embeddable":true,"href":"https:\/\/elfsight.com\/pt\/wp-json\/wp\/v2\/users\/9"}],"replies":[{"embeddable":true,"href":"https:\/\/elfsight.com\/pt\/wp-json\/wp\/v2\/comments?post=4141"}],"version-history":[{"count":2,"href":"https:\/\/elfsight.com\/pt\/wp-json\/wp\/v2\/pages\/4141\/revisions"}],"predecessor-version":[{"id":11831,"href":"https:\/\/elfsight.com\/pt\/wp-json\/wp\/v2\/pages\/4141\/revisions\/11831"}],"up":[{"embeddable":true,"href":"https:\/\/elfsight.com\/pt\/wp-json\/wp\/v2\/pages\/576"}],"wp:attachment":[{"href":"https:\/\/elfsight.com\/pt\/wp-json\/wp\/v2\/media?parent=4141"}],"curies":[{"name":"wp","href":"https:\/\/api.w.org\/{rel}","templated":true}]}}