{"id":4140,"date":"2024-05-03T06:38:40","date_gmt":"2024-05-03T06:38:40","guid":{"rendered":"https:\/\/elfsight.com\/pt\/?page_id=4140"},"modified":"2024-11-13T12:16:40","modified_gmt":"2024-11-13T12:16:40","slug":"weebly","status":"publish","type":"page","link":"https:\/\/elfsight.com\/pt\/google-maps-widget\/weebly\/","title":{"rendered":"Google Maps &#8211; Weebly"},"content":{"rendered":"\n<div class=\"application-platform-content-item-description application-platform-content-item\" id=\"description\" data-nav-section=\"description\">\n<h2>Descri\u00e7\u00e3o<\/h2>\n<p>F\u00e1cil instala\u00e7\u00e3o, interface eficaz e totalmente personaliz\u00e1vel tornam muito simples para seus clientes encontrarem suas lojas. Atrair clientes offline com sucesso, com op\u00e7\u00f5es simples de configura\u00e7\u00e3o e personaliza\u00e7\u00e3o \u2013 nosso widget \u00e9 um dos melhores instrumentos para todos os sites do Weebly.<\/p>\n<p><b>Atraia mais clientes reais gra\u00e7as aos mapas responsivos em seu site!<\/b><\/p>\n<ul>\n    <li><b>Fortale\u00e7a a intera\u00e7\u00e3o com os clientes usando mapas com localiza\u00e7\u00f5es.<\/b> Crie um mapa personalizado que seja \u00fatil para os clientes e coloque-o em seu site, para que os usu\u00e1rios possam usar suas informa\u00e7\u00f5es de contato de maneira eficiente.<\/li>\n    <li><b>Marque um conjunto completo de seus pontos no mapa.<\/b> Coloque no mapa todos os departamentos dispon\u00edveis, locais de venda ou coleta de mercadorias e permita que seus clientes encontrem facilmente a loja mais conveniente para eles.<\/li>\n    <li><b>N\u00e3o perca tempo criando mapas.<\/b> Dezenas de fun\u00e7\u00f5es ser\u00e3o abertas em dois cliques \u2013 crie o mapa mais poderoso para o seu site em apenas alguns segundos.<\/li>\n<\/ul>\n<\/div>\n\n<div class=\"application-platform-content-item-features application-platform-content-item\" id=\"features\" data-nav-section=\"features\">\n<h2>Recursos<\/h2>\n<p>Quais recursos tornam o mapa Elfsight o melhor para todos os sites do Weebly?<\/p>\n<ul>\n    <li>Adicione uma nova localiza\u00e7\u00e3o inserindo simplesmente o endere\u00e7o, nome ou coordenadas;<\/li>\n    <li>5 camadas do Google Maps: POI, Tr\u00e2nsito, Transporte p\u00fablico, Bicicleta, Street View;<\/li>\n    <li>Mostrar\/ocultar painel de localiza\u00e7\u00e3o para listar v\u00e1rios departamentos;<\/li>\n    <li>Mais de 20 elementos com cores personaliz\u00e1veis;<\/li>\n    <li>Atualiza\u00e7\u00f5es ao vivo regulares dispon\u00edveis.<\/li>\n<\/ul>\n<p><a href=\"#demo\">Descubra todos eles na demonstra\u00e7\u00e3o!<\/a><\/p>\n<\/div>\n\n<div class=\"application-platform-content-item-installation application-platform-content-item\" id=\"installation\" data-nav-section=\"installation\">\n<h2>Como adicionar o aplicativo Google Maps ao site do Weebly<\/h2>\n<div class=\"video-container\">\n    <iframe width=\"720\" height=\"405\" src=\"https:\/\/www.youtube.com\/embed\/c3wZ8EVfDbg\" frameborder=\"0\" allowfullscreen=\"\"><\/iframe>\n<\/div>\n<p>Um tutorial conciso sobre como integrar mapas responsivos em um site do Weebly. Para isso, voc\u00ea n\u00e3o precisa convidar um desenvolvedor web ou ter habilidades em codifica\u00e7\u00e3o. A instala\u00e7\u00e3o geral levar\u00e1 apenas 3 minutos.<\/p>\n<ol>\n    <li><b>Gerencie nosso editor gratuito e comece a criar seu aplicativo personalizado.<\/b> Determine a apar\u00eancia e as caracter\u00edsticas funcionais do aplicativo e aplique todas as modifica\u00e7\u00f5es.<\/li>\n    <li><b>Receba seu c\u00f3digo pessoal exibido na caixa dos aplicativos Elfsight.<\/b> Quando a cria\u00e7\u00e3o do seu aplicativo estiver conclu\u00edda, copie o c\u00f3digo exclusivo na janela exibida e salve-o para uso posterior.<\/li>\n    <li><b>Inicie a utiliza\u00e7\u00e3o do aplicativo no site do Weebly.<\/b> Insira o c\u00f3digo salvo anteriormente em seu site e aplique as edi\u00e7\u00f5es.<\/li>\n    <li><b>Pronto! A configura\u00e7\u00e3o foi realizada com sucesso.<\/b> Acesse seu site para ver o funcionamento do aplicativo.<\/li>\n<\/ol>\n<p>Est\u00e1 tendo dificuldades ou d\u00favidas durante a execu\u00e7\u00e3o do manual ou a gera\u00e7\u00e3o de um mapa exclusivo? Confira um tutorial completo \u00ab<a href=\"https:\/\/elfsight.com\/tutorials\/how-to-add-google-maps-builder-to-weebly\/\" target=\"_blank\" rel=\"noopener noreferrer\">Como inserir um mapa no site do Weebly<\/a>\u00bb ou entre em contato com a central de ajuda e teremos o maior prazer em apoi\u00e1-lo na gera\u00e7\u00e3o e inser\u00e7\u00e3o de mapas em seu site.<\/p>\n<\/div>\n\n<div class=\"faq\" data-component=\"FAQ\">\n<div class=\"faq-item\">\r\n\t\t\t\t\t<div class=\"faq-item-question\">\r\n\t\t\t\t\t\t<h3 class=\"faq-item-question-text\">Como posso adicionar o Google Maps ao meu site Weebly sem habilidades de codifica\u00e7\u00e3o?<\/h3>\r\n\r\n\t\t\t\t\t\t<div class=\"faq-item-question-icon\"><\/div>\r\n\t\t\t\t\t<\/div>\r\n\r\n\t\t\t\t\t<div class=\"faq-item-answer\">\r\n\t\t\t\t\t\t<div class=\"faq-item-answer-text\">\n<p>A Elfsight fornece uma solu\u00e7\u00e3o SaaS que permite que voc\u00ea mesmo crie um widget do Google Maps. Veja como o processo \u00e9 f\u00e1cil: trabalhe diretamente no editor online para criar um widget do Google Maps que voc\u00ea gostaria de ver no seu site Weebly. Escolha um dos modelos predefinidos, ajuste as configura\u00e7\u00f5es do Google Maps, adicione seu conte\u00fado, altere o layout e as cores \u2013 tudo isso sem habilidades de codifica\u00e7\u00e3o. Salve o Google Maps e copie o c\u00f3digo de instala\u00e7\u00e3o, que voc\u00ea pode incluir facilmente em seu site Weebly, sem a necessidade de uma assinatura paga. Com nosso editor intuitivo, qualquer usu\u00e1rio da Internet pode criar um widget do Google Maps online e incorpor\u00e1-lo facilmente ao seu site. Se voc\u00ea enfrentar qualquer problema em qualquer etapa, entre em contato com nossa equipe de suporte t\u00e9cnico.<\/p>\n<\/div>\r\n\t\t\t\t\t<\/div>\r\n\t\t\t\t<\/div>\n<\/div>\n\n","protected":false},"excerpt":{"rendered":"","protected":false},"author":9,"featured_media":0,"parent":635,"menu_order":0,"comment_status":"closed","ping_status":"closed","template":"templates\/template-application-platform.php","meta":{"publish_to_discourse":"","publish_post_category":"","wpdc_auto_publish_overridden":"","wpdc_topic_tags":"","wpdc_pin_topic":"","wpdc_pin_until":"","discourse_post_id":"","discourse_permalink":"","wpdc_publishing_response":"","wpdc_publishing_error":"","footnotes":""},"class_list":["post-4140","page","type-page","status-publish","hentry"],"yoast_head":"<!-- This site is optimized with the Yoast SEO plugin v25.3.1 - https:\/\/yoast.com\/wordpress\/plugins\/seo\/ -->\n<title>Google Maps - Adicionar aplicativo de mapas ao site do Weebly<\/title>\n<meta name=\"description\" content=\"Crie um plugin responsivo do Google Maps para o site do Weebly. Demonstre mapas interativos em apenas 1 minuto gratuitamente no painel de plug-ins mais simples.\" \/>\n<meta name=\"robots\" content=\"index, follow, max-snippet:-1, max-image-preview:large, max-video-preview:-1\" \/>\n<link rel=\"canonical\" href=\"https:\/\/elfsight.com\/pt\/google-maps-widget\/weebly\/\" \/>\n<meta property=\"og:locale\" content=\"pt_PT\" \/>\n<meta property=\"og:type\" content=\"article\" \/>\n<meta property=\"og:title\" content=\"Google Maps - Adicionar aplicativo de mapas ao site do Weebly\" \/>\n<meta property=\"og:description\" content=\"Crie um plugin responsivo do Google Maps para o site do Weebly. Demonstre mapas interativos em apenas 1 minuto gratuitamente no painel de plug-ins mais simples.\" \/>\n<meta property=\"og:url\" content=\"https:\/\/elfsight.com\/pt\/google-maps-widget\/weebly\/\" \/>\n<meta property=\"og:site_name\" content=\"Elfsight PT\" \/>\n<meta property=\"article:modified_time\" content=\"2024-11-13T12:16:40+00:00\" \/>\n<meta name=\"twitter:card\" content=\"summary_large_image\" \/>\n<meta name=\"twitter:label1\" content=\"Tempo estimado de leitura\" \/>\n\t<meta name=\"twitter:data1\" content=\"4 minutos\" \/>\n<!-- \/ Yoast SEO plugin. -->","yoast_head_json":{"title":"Google Maps - Adicionar aplicativo de mapas ao site do Weebly","description":"Crie um plugin responsivo do Google Maps para o site do Weebly. Demonstre mapas interativos em apenas 1 minuto gratuitamente no painel de plug-ins mais simples.","robots":{"index":"index","follow":"follow","max-snippet":"max-snippet:-1","max-image-preview":"max-image-preview:large","max-video-preview":"max-video-preview:-1"},"canonical":"https:\/\/elfsight.com\/pt\/google-maps-widget\/weebly\/","og_locale":"pt_PT","og_type":"article","og_title":"Google Maps - Adicionar aplicativo de mapas ao site do Weebly","og_description":"Crie um plugin responsivo do Google Maps para o site do Weebly. Demonstre mapas interativos em apenas 1 minuto gratuitamente no painel de plug-ins mais simples.","og_url":"https:\/\/elfsight.com\/pt\/google-maps-widget\/weebly\/","og_site_name":"Elfsight PT","article_modified_time":"2024-11-13T12:16:40+00:00","twitter_card":"summary_large_image","twitter_misc":{"Tempo estimado de leitura":"4 minutos"},"schema":{"@context":"https:\/\/schema.org","@graph":[{"@type":"WebPage","@id":"https:\/\/elfsight.com\/pt\/google-maps-widget\/weebly\/","url":"https:\/\/elfsight.com\/pt\/google-maps-widget\/weebly\/","name":"Google Maps - Adicionar aplicativo de mapas ao site do Weebly","isPartOf":{"@id":"https:\/\/elfsight.com\/pt\/#website"},"datePublished":"2024-05-03T06:38:40+00:00","dateModified":"2024-11-13T12:16:40+00:00","description":"Crie um plugin responsivo do Google Maps para o site do Weebly. Demonstre mapas interativos em apenas 1 minuto gratuitamente no painel de plug-ins mais simples.","breadcrumb":{"@id":"https:\/\/elfsight.com\/pt\/google-maps-widget\/weebly\/#breadcrumb"},"inLanguage":"pt-PT","potentialAction":[{"@type":"ReadAction","target":["https:\/\/elfsight.com\/pt\/google-maps-widget\/weebly\/"]}]},{"@type":"BreadcrumbList","@id":"https:\/\/elfsight.com\/pt\/google-maps-widget\/weebly\/#breadcrumb","itemListElement":[{"@type":"ListItem","position":1,"name":"Home","item":"https:\/\/elfsight.com\/pt\/"},{"@type":"ListItem","position":2,"name":"Google Maps","item":"https:\/\/elfsight.com\/pt\/google-maps-widget\/"},{"@type":"ListItem","position":3,"name":"Google Maps &#8211; Weebly"}]},{"@type":"WebSite","@id":"https:\/\/elfsight.com\/pt\/#website","url":"https:\/\/elfsight.com\/pt\/","name":"Elfsight PT","description":"Just another Elfsight Sites site","potentialAction":[{"@type":"SearchAction","target":{"@type":"EntryPoint","urlTemplate":"https:\/\/elfsight.com\/pt\/?s={search_term_string}"},"query-input":{"@type":"PropertyValueSpecification","valueRequired":true,"valueName":"search_term_string"}}],"inLanguage":"pt-PT"}]}},"meta_box":{"industry":"","seo_heading":"","heading":"","description":"","cta_heading":"","cta_description":"","application":"634","h1":"Aplicativo do Google Maps para Weebly","h1_caption":"Crie um n\u00famero infinito de locais, lojas e mostre informa\u00e7\u00f5es sobre eles em um mapa adapt\u00e1vel para contato com os clientes","application_category":[],"applications_title":"","applications_request_title":"","applications_request_button_text":"","hero_text":"","hero_video":"","hero_video_schema_markup":"","selling_points_title":"","selling_points_caption":"","selling_points":[],"selling_points_cta_text":"","features_title":"","features":"","ed_cta_examples_text":"","ed_cta_examples_hidden":"","ed_cta_demo_text":"","ed_cta_demo_hidden":"","why_caption":"","why_editor_title":"","why_editor_text":"","why_team_title":"","why_team_text":"","why_service_title":"","why_service_text":"","template_catalog_visible":"0","template_catalog_title":"","template_catalog_text":"","template_catalog_categories_visible":"","demo_title":"Crie seu aplicativo do Google Maps","demo_caption":"Configure seu Google Maps e adicione-o ao seu site do Weebly gratuitamente!","default_faq_hidden":"","app_template_category":[],"platform":"73","template_public_id":"","codecanyon_url":"","codecanyon_item_id":"","codecanyon_price":"","pricing_caption":"","pricing_elfsight_apps_hide_column":"","pricing_elfsight_apps_url":"","pricing_codecanyon_price_caption":"","integration_category":[],"integration_request_title":"","integration_request_cta":"","integration_platform":"","integrations":[],"platform_category":[],"video_schema_markup":"","price":"a partir de US$ 0\/m\u00eas","trial":"","benefits":[{"text":"Ajuda de instala\u00e7\u00e3o gratuita"},{"text":"Atendimento ao cliente profissional"},{"text":"Garantia de devolu\u00e7\u00e3o do dinheiro em 14 dias"},{"text":"Atualiza\u00e7\u00f5es futuras"}],"button_url":"#demo","button_target_blank":"0","button_nofollow":"0","attributes":[{"name":"Instala\u00e7\u00f5es","content":"100,000 - 500,000","_state":"expanded"},{"name":"Responsivo","content":"Sim","_state":"expanded"},{"name":"Navegadores compat\u00edveis","content":"Firefox, Safari, Opera, Chrome, Edge"}],"tags":[],"tags_disable_links":"0","hide_more_platforms":"","video_object":"","demo_hide_cta":"0","demo_hide_cloud_options":"0","pricing_title":"","pricing":[{"pricing_icon":"cloud","pricing_title":"Elfsight Apps","pricing_title_caption":"Software multiplataforma","pricing_price":"a partir de US$ 0\/m\u00eas","pricing_price_caption":"Comece com um plano gratuito","pricing_benefits":[{"text":"Dom\u00ednios ilimitados"},{"text":"Suporte profissional e pontual e bem documentado"},{"text":"Suporte profissional e pontual e bem documentado"},{"text":"Design flex\u00edvel"}],"pricing_button_text":"Adicionar ao site","pricing_button_url":"#demo","_state":"expanded"}],"related_apps_title":"","related_apps_hidden":"1","author":"","image":[],"title":"","job":"","social_networks":[]},"_links":{"self":[{"href":"https:\/\/elfsight.com\/pt\/wp-json\/wp\/v2\/pages\/4140","targetHints":{"allow":["GET"]}}],"collection":[{"href":"https:\/\/elfsight.com\/pt\/wp-json\/wp\/v2\/pages"}],"about":[{"href":"https:\/\/elfsight.com\/pt\/wp-json\/wp\/v2\/types\/page"}],"author":[{"embeddable":true,"href":"https:\/\/elfsight.com\/pt\/wp-json\/wp\/v2\/users\/9"}],"replies":[{"embeddable":true,"href":"https:\/\/elfsight.com\/pt\/wp-json\/wp\/v2\/comments?post=4140"}],"version-history":[{"count":3,"href":"https:\/\/elfsight.com\/pt\/wp-json\/wp\/v2\/pages\/4140\/revisions"}],"predecessor-version":[{"id":12968,"href":"https:\/\/elfsight.com\/pt\/wp-json\/wp\/v2\/pages\/4140\/revisions\/12968"}],"up":[{"embeddable":true,"href":"https:\/\/elfsight.com\/pt\/wp-json\/wp\/v2\/pages\/635"}],"wp:attachment":[{"href":"https:\/\/elfsight.com\/pt\/wp-json\/wp\/v2\/media?parent=4140"}],"curies":[{"name":"wp","href":"https:\/\/api.w.org\/{rel}","templated":true}]}}