{"id":4137,"date":"2024-05-03T06:36:57","date_gmt":"2024-05-03T06:36:57","guid":{"rendered":"https:\/\/elfsight.com\/pt\/?page_id=4137"},"modified":"2025-03-06T09:01:24","modified_gmt":"2025-03-06T09:01:24","slug":"webflow","status":"publish","type":"page","link":"https:\/\/elfsight.com\/pt\/accordion-faq-widget\/webflow\/","title":{"rendered":"FAQ &#8211; Webflow"},"content":{"rendered":"\n<div class=\"application-platform-content-item-description application-platform-content-item\" id=\"description\" data-nav-section=\"description\"><h2>Incorpore FAQ no Webflow com o widget Elfsight<\/h2><p>Nosso FAQ \u00e9 um widget eficiente e f\u00e1cil de instalar e configurar para definir e mostre uma lista das perguntas mais frequentes com respostas em seu site. Um plugin interativo com interface clara ajuda voc\u00ea a demonstrar informa\u00e7\u00f5es mais detalhadas sobre seus produtos, direcionar o interesse do cliente para suas vantagens e combater qualquer tipo de prov\u00e1veis \u200b\u200bd\u00favidas e desconfian\u00e7as, que possam impedir a decis\u00e3o de compra.<\/p><p><b>Reaja responda imediatamente \u00e0s d\u00favidas de seus clientes e aumente o n\u00famero de pedidos no site!<\/b><\/p><ul><li><b>Leve os visitantes a fazerem seus pedidos usando os textos corretos<\/b>. <br>Publique respostas \u00e0s perguntas mais importantes dos clientes antes que elas surjam e garanta que eles concluam um pedido em seu site.<\/li><li><b>Obtenha a melhor compreens\u00e3o dos seus produtos ou servi\u00e7os pelos usu\u00e1rios.<\/b>.<br>Quebre os preconceitos e d\u00favidas mais frequentes sobre a sua empresa com a ajuda de respostas detalhadas e compreens\u00edveis.<\/li><li><b>Diminua o tempo e o custo do suporte ao cliente<\/b>.<br>D\u00ea respostas a quaisquer perguntas frequentes sobre seus produtos ou servi\u00e7os, para aliviar a carga intensa de sua central de ajuda.<\/li><\/ul><\/div><div class=\"application-platform-content-item-features application-platform-content-item\" id=\"features\" data-nav-section=\"features\"><h2>Principais recursos do FAQ widget<\/h2><p>As principais vantagens do nosso widget, que o tornam o instrumento mais eficaz para adicionar FAQ no site Webflow.<\/p><ul><li>3 layouts prontos: acorde\u00e3o, lista, multicolunas; <\/li><li>4 estilos prontos para uso com bordas e sombras;<\/li><li>Mostrar\/ocultar e editar nomes de categorias;<\/li><li>T\u00edtulo do widget edit\u00e1vel;<\/li><li>Dispositivos m\u00f3veis otimizados para uma experi\u00eancia tranquila.<\/li><\/ul><p><a href=\"#demo\">Veja todos<\/a><\/p><\/div><div class=\"application-platform-content-item-installation application-platform-content-item\" id=\"installation\" data-nav-section=\"installation\"><h2>Como adicionar perguntas frequentes sobre acorde\u00e3o ao site do Webflow<\/h2><div class=\"video-container\"><iframe width=\"720\" height=\"405\" src=\"https:\/\/www.youtube.com\/embed\/6U0CG5OwsfE\" frameborder=\"0\" allowfullscreen=\"\"><\/iframe><\/div><p>Gere um widget usando nosso guia r\u00e1pido. Voc\u00ea n\u00e3o precisar\u00e1 de habilidades em programa\u00e7\u00e3o ou de ter um programador com voc\u00ea. A dura\u00e7\u00e3o m\u00e9dia da instala\u00e7\u00e3o \u00e9 de apenas 3 minutos.<\/p><ol><li><b>Crie suas perguntas frequentes personalizadas<\/b>.<br>Com nosso editor gratuito, crie um widget com design e op\u00e7\u00f5es preferenciais.<\/li><li><b>Adquira o c\u00f3digo para instalar o widget<\/b>.<br>Ap\u00f3s a cria\u00e7\u00e3o do widget, obtenha o c\u00f3digo do widget FAQ a partir da notifica\u00e7\u00e3o que aparece nas aplica\u00e7\u00f5es Elfsight.<\/li><li><b>Revele o widget no site Webflow<\/b>.<br>Adicione o widget ao local necess\u00e1rio do site e publique as altera\u00e7\u00f5es.<\/li><li><b>Conclu\u00eddo!<\/b><br>Entre no seu site para conferir seu trabalho.<\/li><\/ol><p>Teve d\u00favidas durante a execu\u00e7\u00e3o do tutorial? Entre em contato com o centro de suporte da Elfsight ou analise o texto detalhado do manual: \u00ab<a href=\"https:\/\/elfsight.com\/tutorials\/how-to-add-faq-widget-to-webflow\/\" target=\" _blank\" rel=\"noopener noreferrer\">Como adicionar FAQ ao Webflow<\/a>\u00bb e fa\u00e7a a configura\u00e7\u00e3o voc\u00ea mesmo.<\/p><div class=\"faq\" data-component=\"FAQ\"><div class=\"faq-item\">\r\n\t\t\t\t\t<div class=\"faq-item-question\">\r\n\t\t\t\t\t\t<h3 class=\"faq-item-question-text\">Como posso adicionar FAQ ao meu site Webflow sem habilidades de codifica\u00e7\u00e3o?<\/h3>\r\n\r\n\t\t\t\t\t\t<div class=\"faq-item-question-icon\"><\/div>\r\n\t\t\t\t\t<\/div>\r\n\r\n\t\t\t\t\t<div class=\"faq-item-answer\">\r\n\t\t\t\t\t\t<div class=\"faq-item-answer-text\"> <p>A Elfsight fornece uma solu\u00e7\u00e3o SaaS que lhe permite criar voc\u00ea mesmo um widget de FAQ. Veja como o processo \u00e9 f\u00e1cil: Trabalhe diretamente no Editor online para criar um widget de FAQ que gostaria de ver no seu site Webflow. Escolha um dos modelos predefinidos e ajuste as configura\u00e7\u00f5es do FAQ, adicione seu conte\u00fado, altere o layout e as cores sem nenhuma habilidade de codifica\u00e7\u00e3o. Salve o FAQ e copie seu c\u00f3digo de instala\u00e7\u00e3o, para que voc\u00ea possa adicion\u00e1-lo ao seu site Webflow sem comprar um plano pago. Com nosso editor intuitivo, qualquer usu\u00e1rio da Internet pode criar um widget de FAQ online e incorpor\u00e1-lo facilmente ao seu site Webflow. N\u00e3o h\u00e1 necessidade de pagar ou inserir as credenciais do seu cart\u00e3o para acessar o servi\u00e7o. Se voc\u00ea enfrentar qualquer problema em qualquer etapa, n\u00e3o hesite em entrar em contato com nossa equipe de suporte t\u00e9cnico.<\/p> <\/div>\r\n\t\t\t\t\t<\/div>\r\n\t\t\t\t<\/div> <\/div><\/div>\n","protected":false},"excerpt":{"rendered":"","protected":false},"author":9,"featured_media":0,"parent":815,"menu_order":0,"comment_status":"closed","ping_status":"closed","template":"templates\/template-application-platform.php","meta":{"publish_to_discourse":"","publish_post_category":"","wpdc_auto_publish_overridden":"","wpdc_topic_tags":"","wpdc_pin_topic":"","wpdc_pin_until":"","discourse_post_id":"","discourse_permalink":"","wpdc_publishing_response":"","wpdc_publishing_error":"","footnotes":""},"class_list":["post-4137","page","type-page","status-publish","hentry"],"yoast_head":"<!-- This site is optimized with the Yoast SEO plugin v25.3.1 - https:\/\/yoast.com\/wordpress\/plugins\/seo\/ -->\n<title>Perguntas frequentes sobre acorde\u00e3o - Adicionar widget de perguntas frequentes ao site do Webflow<\/title>\n<meta name=\"description\" content=\"Obtenha seu plugin especial de FAQ para Webflow em apenas 1 minuto. Teste a demonstra\u00e7\u00e3o mais f\u00e1cil de plug-ins de configura\u00e7\u00e3o da Elfsight, totalmente gratuita.\" \/>\n<meta name=\"robots\" content=\"index, follow, max-snippet:-1, max-image-preview:large, max-video-preview:-1\" \/>\n<link rel=\"canonical\" href=\"https:\/\/elfsight.com\/pt\/accordion-faq-widget\/webflow\/\" \/>\n<meta property=\"og:locale\" content=\"pt_PT\" \/>\n<meta property=\"og:type\" content=\"article\" \/>\n<meta property=\"og:title\" content=\"Perguntas frequentes sobre acorde\u00e3o - Adicionar widget de perguntas frequentes ao site do Webflow\" \/>\n<meta property=\"og:description\" content=\"Obtenha seu plugin especial de FAQ para Webflow em apenas 1 minuto. Teste a demonstra\u00e7\u00e3o mais f\u00e1cil de plug-ins de configura\u00e7\u00e3o da Elfsight, totalmente gratuita.\" \/>\n<meta property=\"og:url\" content=\"https:\/\/elfsight.com\/pt\/accordion-faq-widget\/webflow\/\" \/>\n<meta property=\"og:site_name\" content=\"Elfsight PT\" \/>\n<meta property=\"article:modified_time\" content=\"2025-03-06T09:01:24+00:00\" \/>\n<meta name=\"twitter:card\" content=\"summary_large_image\" \/>\n<meta name=\"twitter:label1\" content=\"Tempo estimado de leitura\" \/>\n\t<meta name=\"twitter:data1\" content=\"4 minutos\" \/>\n<!-- \/ Yoast SEO plugin. -->","yoast_head_json":{"title":"Perguntas frequentes sobre acorde\u00e3o - Adicionar widget de perguntas frequentes ao site do Webflow","description":"Obtenha seu plugin especial de FAQ para Webflow em apenas 1 minuto. Teste a demonstra\u00e7\u00e3o mais f\u00e1cil de plug-ins de configura\u00e7\u00e3o da Elfsight, totalmente gratuita.","robots":{"index":"index","follow":"follow","max-snippet":"max-snippet:-1","max-image-preview":"max-image-preview:large","max-video-preview":"max-video-preview:-1"},"canonical":"https:\/\/elfsight.com\/pt\/accordion-faq-widget\/webflow\/","og_locale":"pt_PT","og_type":"article","og_title":"Perguntas frequentes sobre acorde\u00e3o - Adicionar widget de perguntas frequentes ao site do Webflow","og_description":"Obtenha seu plugin especial de FAQ para Webflow em apenas 1 minuto. Teste a demonstra\u00e7\u00e3o mais f\u00e1cil de plug-ins de configura\u00e7\u00e3o da Elfsight, totalmente gratuita.","og_url":"https:\/\/elfsight.com\/pt\/accordion-faq-widget\/webflow\/","og_site_name":"Elfsight PT","article_modified_time":"2025-03-06T09:01:24+00:00","twitter_card":"summary_large_image","twitter_misc":{"Tempo estimado de leitura":"4 minutos"},"schema":{"@context":"https:\/\/schema.org","@graph":[{"@type":"WebPage","@id":"https:\/\/elfsight.com\/pt\/accordion-faq-widget\/webflow\/","url":"https:\/\/elfsight.com\/pt\/accordion-faq-widget\/webflow\/","name":"Perguntas frequentes sobre acorde\u00e3o - Adicionar widget de perguntas frequentes ao site do Webflow","isPartOf":{"@id":"https:\/\/elfsight.com\/pt\/#website"},"datePublished":"2024-05-03T06:36:57+00:00","dateModified":"2025-03-06T09:01:24+00:00","description":"Obtenha seu plugin especial de FAQ para Webflow em apenas 1 minuto. Teste a demonstra\u00e7\u00e3o mais f\u00e1cil de plug-ins de configura\u00e7\u00e3o da Elfsight, totalmente gratuita.","breadcrumb":{"@id":"https:\/\/elfsight.com\/pt\/accordion-faq-widget\/webflow\/#breadcrumb"},"inLanguage":"pt-PT","potentialAction":[{"@type":"ReadAction","target":["https:\/\/elfsight.com\/pt\/accordion-faq-widget\/webflow\/"]}]},{"@type":"BreadcrumbList","@id":"https:\/\/elfsight.com\/pt\/accordion-faq-widget\/webflow\/#breadcrumb","itemListElement":[{"@type":"ListItem","position":1,"name":"Home","item":"https:\/\/elfsight.com\/pt\/"},{"@type":"ListItem","position":2,"name":"FAQ","item":"https:\/\/elfsight.com\/pt\/accordion-faq-widget\/"},{"@type":"ListItem","position":3,"name":"FAQ &#8211; Webflow"}]},{"@type":"WebSite","@id":"https:\/\/elfsight.com\/pt\/#website","url":"https:\/\/elfsight.com\/pt\/","name":"Elfsight PT","description":"Just another Elfsight Sites site","potentialAction":[{"@type":"SearchAction","target":{"@type":"EntryPoint","urlTemplate":"https:\/\/elfsight.com\/pt\/?s={search_term_string}"},"query-input":{"@type":"PropertyValueSpecification","valueRequired":true,"valueName":"search_term_string"}}],"inLanguage":"pt-PT"}]}},"meta_box":{"industry":"","seo_heading":"","heading":"","description":"","cta_heading":"","cta_description":"","application":"814","h1":"Widget de perguntas frequentes do acorde\u00e3o para Webflow","h1_caption":"Baixa dura\u00e7\u00e3o e pre\u00e7o do suporte ao cliente em at\u00e9 30%","application_category":[],"applications_title":"","applications_request_title":"","applications_request_button_text":"","hero_text":"","hero_video":"","hero_video_schema_markup":"","selling_points_title":"","selling_points_caption":"","selling_points":[],"selling_points_cta_text":"","features_title":"","features":"","ed_cta_examples_text":"","ed_cta_examples_hidden":"","ed_cta_demo_text":"","ed_cta_demo_hidden":"","why_caption":"","why_editor_title":"","why_editor_text":"","why_team_title":"","why_team_text":"","why_service_title":"","why_service_text":"","template_catalog_visible":"0","template_catalog_title":"","template_catalog_text":"","template_catalog_categories_visible":"","demo_title":"Crie seu widget de perguntas frequentes","demo_caption":"Configure seu FAQ e adicione-o ao seu site Webflow gratuitamente!","default_faq_hidden":"","app_template_category":[],"platform":"70","template_public_id":"","codecanyon_url":"","codecanyon_item_id":"","codecanyon_price":"","pricing_caption":"","pricing_elfsight_apps_hide_column":"","pricing_elfsight_apps_url":"","pricing_codecanyon_price_caption":"","integration_category":[],"integration_request_title":"","integration_request_cta":"","integration_platform":"","integrations":[],"platform_category":[],"video_schema_markup":"","price":"a partir de US$ 0\/m\u00eas","trial":"","benefits":[{"text":"Assist\u00eancia de instala\u00e7\u00e3o gratuita"},{"text":"Atendimento ao cliente profissional"},{"text":"Garantia de devolu\u00e7\u00e3o do dinheiro em 14 dias"},{"text":"Atualizando constantemente"}],"button_url":"#demo","button_target_blank":"0","button_nofollow":"0","attributes":[{"name":"Instala\u00e7\u00f5es","content":"10,000 - 100,000","_state":"expanded"},{"name":"Responsivo","content":"Sim","_state":"expanded"},{"name":"Navegadores compat\u00edveis","content":"Chrome, Opera, Firefox, Safari, Edge"}],"tags":[],"tags_disable_links":"0","hide_more_platforms":"0","video_object":"","demo_hide_cta":"0","demo_hide_cloud_options":"0","pricing_title":"","pricing":[{"pricing_icon":"platform","pricing_title":"Webflow widget","pricing_title_caption":"Solu\u00e7\u00e3o digital multiplataforma que funciona para qualquer site (incluindo Webflow)","pricing_price":"a partir de US$ 0\/m\u00eas","pricing_price_caption":"comece com plano gratuito","pricing_benefits":[{"text":"N\u00famero ilimitado de dom\u00ednios"},{"text":"Suporte r\u00e1pido e pontual"},{"text":"Suporte r\u00e1pido e pontual"},{"text":"Oferta especial para v\u00e1rios aplicativos"}],"pricing_button_text":"Adicionar ao site","pricing_button_url":"#demo","_state":"expanded"}],"related_apps_title":"","related_apps_hidden":"1","author":"","image":[],"title":"","job":"","social_networks":[]},"_links":{"self":[{"href":"https:\/\/elfsight.com\/pt\/wp-json\/wp\/v2\/pages\/4137","targetHints":{"allow":["GET"]}}],"collection":[{"href":"https:\/\/elfsight.com\/pt\/wp-json\/wp\/v2\/pages"}],"about":[{"href":"https:\/\/elfsight.com\/pt\/wp-json\/wp\/v2\/types\/page"}],"author":[{"embeddable":true,"href":"https:\/\/elfsight.com\/pt\/wp-json\/wp\/v2\/users\/9"}],"replies":[{"embeddable":true,"href":"https:\/\/elfsight.com\/pt\/wp-json\/wp\/v2\/comments?post=4137"}],"version-history":[{"count":3,"href":"https:\/\/elfsight.com\/pt\/wp-json\/wp\/v2\/pages\/4137\/revisions"}],"predecessor-version":[{"id":14404,"href":"https:\/\/elfsight.com\/pt\/wp-json\/wp\/v2\/pages\/4137\/revisions\/14404"}],"up":[{"embeddable":true,"href":"https:\/\/elfsight.com\/pt\/wp-json\/wp\/v2\/pages\/815"}],"wp:attachment":[{"href":"https:\/\/elfsight.com\/pt\/wp-json\/wp\/v2\/media?parent=4137"}],"curies":[{"name":"wp","href":"https:\/\/api.w.org\/{rel}","templated":true}]}}