{"id":4133,"date":"2024-05-03T06:36:25","date_gmt":"2024-05-03T06:36:25","guid":{"rendered":"https:\/\/elfsight.com\/pt\/?page_id=4133"},"modified":"2024-11-13T12:09:36","modified_gmt":"2024-11-13T12:09:36","slug":"webflow","status":"publish","type":"page","link":"https:\/\/elfsight.com\/pt\/facebook-reviews-widget\/webflow\/","title":{"rendered":"Facebook Reviews &#8211; Webflow"},"content":{"rendered":"<div class=\"application-platform-content-item-description application-platform-content-item\" id=\"description\" data-nav-section=\"description\"><h2>Incorpore avalia\u00e7\u00f5es do Facebook no Webflow com o widget Elfsight<\/h2><p>Elfsight Facebook Reviews \u00e9 uma ferramenta descomplicada para exibir avalia\u00e7\u00f5es do seu Facebook p\u00e1gina em seu site e aumentando a confian\u00e7a em sua marca entre os clientes do site. Voc\u00ea pode filtrar seus coment\u00e1rios, mostrar a classifica\u00e7\u00e3o por estrelas, dados do autor e mostrar um bot\u00e3o para adicionar um novo coment\u00e1rio. Nosso widget de avalia\u00e7\u00f5es do Facebook inclui diversos layouts e modelos de avalia\u00e7\u00e3o, componentes de interface altern\u00e1veis \u200b\u200be cabe\u00e7alho adapt\u00e1vel para personaliza\u00e7\u00e3o profunda. Com a ajuda de suas avalia\u00e7\u00f5es do Facebook no site, voc\u00ea pode mostrar grandes avalia\u00e7\u00f5es, fortalecer a confian\u00e7a e obter mais avalia\u00e7\u00f5es.<\/p><p><b>Obtenha mais opini\u00f5es de clientes exibindo avalia\u00e7\u00f5es do Facebook, permitindo adicionar novas!<\/b><\/p><ul><li><b>Aumente a confian\u00e7a mostrando avalia\u00e7\u00f5es de pessoas reais<\/b><br>Demonstre que as avalia\u00e7\u00f5es s\u00e3o reais com a ajuda de detalhes detalhados do autor e aumente a confian\u00e7a em sua marca.<\/li><li><b>Aumente as compras ostentando sua excelente classifica\u00e7\u00e3o<\/b><br>Mostre sua alta classifica\u00e7\u00e3o e avalia\u00e7\u00f5es excelentes para convencer os usu\u00e1rios de que vale a pena comprar seus itens e atrair mais compras.<\/li><li> <b>Obtenha uma compreens\u00e3o mais clara de suas ofertas<\/b><br>Demonstrar seus produtos por meio da experi\u00eancia dos clientes ajudar\u00e1 os futuros clientes a compreender melhor seus produtos.<\/li><\/ul><\/div><div class=\"application-platform-content-item-features application-platform-content-item\" id=\"features\" data-nav-section=\"features\"><h2>Principais recursos do widget de avalia\u00e7\u00f5es do Facebook<\/h2><p>Por que nosso plugin \u00e9 o melhor entre os widgets Webflow semelhantes? Explore nossas principais vantagens:<\/p><ul><li>Incorpora\u00e7\u00e3o de coment\u00e1rios de clientes da p\u00e1gina do Facebook;<\/li><li>Tr\u00eas tipos de layout: lista, grade e controle deslizante;<\/li><li>Largura ajust\u00e1vel e altura do widget;<\/li><li>Mensagem de texto edit\u00e1vel ap\u00f3s nega\u00e7\u00e3o de solicita\u00e7\u00e3o de revis\u00e3o, com op\u00e7\u00f5es de formata\u00e7\u00e3o;<\/li><li>Tr\u00eas tipos de decora\u00e7\u00e3o de revis\u00e3o: Borda, Fundo, Nenhum;<\/li><\/ul><p><a href=\"#demo\">Leia todos os recursos em nossa demonstra\u00e7\u00e3o gratuita<\/a><\/p><\/div><div class=\"application-platform-content-item-installation application-platform-content-item\" id=\"installation\" data-nav-section=\"installation\"><h2>Como adicionar avalia\u00e7\u00f5es do Facebook a Site de fluxo da Web<\/h2><div class=\"video-container\"><iframe width=\"720\" height=\"405\" src=\"https:\/\/www.youtube.com\/embed\/JfC38jdDtRw\" frameborder=\"0\" allowfullscreen=\"\"><\/iframe><\/div><p>O plugin Elfsight \u00e9 simples de integrar e n\u00e3o requer compet\u00eancia em programa\u00e7\u00e3o. A execu\u00e7\u00e3o do guia levar\u00e1 aproximadamente 1 minuto.<\/p><ol><li><b>Projete suas avalia\u00e7\u00f5es individuais no Facebook<\/b><br> Usando nosso editor gratuito, gere um plug-in com o design e as configura\u00e7\u00f5es necess\u00e1rias.<\/li><li><b>Copiar um c\u00f3digo para incorporar o plugin<\/b><br> Ap\u00f3s a configura\u00e7\u00e3o do widget, obtenha um c\u00f3digo para o plugin Reviews na notifica\u00e7\u00e3o pop-up nas aplica\u00e7\u00f5es Elfsight.<\/li><li><b>Publique o plugin no site Webflow<\/b><br> Integre o plugin no local desejado do site e aplique as edi\u00e7\u00f5es.<\/li><li><b>A instala\u00e7\u00e3o est\u00e1 conclu\u00edda<\/b><br> Visite seu site, para ver seu trabalho.<\/li><\/ol><p>Est\u00e1 tendo problemas ao executar o tutorial ou configurar o plugin? Deixe um pedido no centro de suporte da Elfsight e a equipe de suporte ter\u00e1 prazer em ajud\u00e1-lo a projetar e inserir o plugin em seu site.<\/p><div class=\"faq\" data-component=\"FAQ\"> <div class=\"faq-item\">\r\n\t\t\t\t\t<div class=\"faq-item-question\">\r\n\t\t\t\t\t\t<h3 class=\"faq-item-question-text\">Como posso adicionar coment\u00e1rios do Facebook ao meu site Webflow sem habilidades de codifica\u00e7\u00e3o ?<\/h3>\r\n\r\n\t\t\t\t\t\t<div class=\"faq-item-question-icon\"><\/div>\r\n\t\t\t\t\t<\/div>\r\n\r\n\t\t\t\t\t<div class=\"faq-item-answer\">\r\n\t\t\t\t\t\t<div class=\"faq-item-answer-text\"> <p>A Elfsight fornece uma solu\u00e7\u00e3o SaaS que lhe permite criar voc\u00ea mesmo um widget de Avalia\u00e7\u00f5es do Facebook. Veja como o processo \u00e9 f\u00e1cil: Trabalhe diretamente no Editor online para criar um widget de Avalia\u00e7\u00f5es do Facebook que gostaria de ver no seu site Webflow. Escolha um dos modelos predefinidos e ajuste as configura\u00e7\u00f5es de Avalia\u00e7\u00f5es do Facebook, adicione seu conte\u00fado, altere o layout e as cores sem habilidades de codifica\u00e7\u00e3o. Salve as avalia\u00e7\u00f5es do Facebook e copie seu c\u00f3digo de instala\u00e7\u00e3o, que voc\u00ea pode incorporar facilmente em seu site Webflow sem a necessidade de adquirir um plano pago. Com nosso editor intuitivo, qualquer usu\u00e1rio da Internet pode criar um widget de avalia\u00e7\u00f5es do Facebook on-line e incorpor\u00e1-lo facilmente ao seu site Webflow. N\u00e3o h\u00e1 necessidade de pagar ou inserir as credenciais do seu cart\u00e3o para acessar o servi\u00e7o. Se voc\u00ea enfrentar qualquer problema em qualquer etapa, n\u00e3o hesite em entrar em contato com nossa equipe de suporte t\u00e9cnico.<\/p> <\/div>\r\n\t\t\t\t\t<\/div>\r\n\t\t\t\t<\/div> <\/div> <\/div>","protected":false},"excerpt":{"rendered":"","protected":false},"author":9,"featured_media":0,"parent":576,"menu_order":0,"comment_status":"closed","ping_status":"closed","template":"templates\/template-application-platform.php","meta":{"publish_to_discourse":"","publish_post_category":"","wpdc_auto_publish_overridden":"","wpdc_topic_tags":"","wpdc_pin_topic":"","wpdc_pin_until":"","discourse_post_id":"","discourse_permalink":"","wpdc_publishing_response":"","wpdc_publishing_error":"","footnotes":""},"class_list":["post-4133","page","type-page","status-publish","hentry"],"yoast_head":"<!-- This site is optimized with the Yoast SEO plugin v25.3.1 - https:\/\/yoast.com\/wordpress\/plugins\/seo\/ -->\n<title>O melhor widget de avalia\u00e7\u00f5es do Facebook para site Webflow (2025)<\/title>\n<meta name=\"description\" content=\"Teste nosso widget de avalia\u00e7\u00f5es do Facebook para Webflow agora mesmo. Configure um plugin exclusivo para o seu site em apenas alguns minutos!\" \/>\n<meta name=\"robots\" content=\"index, follow, max-snippet:-1, max-image-preview:large, max-video-preview:-1\" \/>\n<link rel=\"canonical\" href=\"https:\/\/elfsight.com\/pt\/facebook-reviews-widget\/webflow\/\" \/>\n<meta property=\"og:locale\" content=\"pt_PT\" \/>\n<meta property=\"og:type\" content=\"article\" \/>\n<meta property=\"og:title\" content=\"O melhor widget de avalia\u00e7\u00f5es do Facebook para site Webflow (2025)\" \/>\n<meta property=\"og:description\" content=\"Teste nosso widget de avalia\u00e7\u00f5es do Facebook para Webflow agora mesmo. Configure um plugin exclusivo para o seu site em apenas alguns minutos!\" \/>\n<meta property=\"og:url\" content=\"https:\/\/elfsight.com\/pt\/facebook-reviews-widget\/webflow\/\" \/>\n<meta property=\"og:site_name\" content=\"Elfsight PT\" \/>\n<meta property=\"article:modified_time\" content=\"2024-11-13T12:09:36+00:00\" \/>\n<meta name=\"twitter:card\" content=\"summary_large_image\" \/>\n<meta name=\"twitter:label1\" content=\"Tempo estimado de leitura\" \/>\n\t<meta name=\"twitter:data1\" content=\"2 minutos\" \/>\n<!-- \/ Yoast SEO plugin. -->","yoast_head_json":{"title":"O melhor widget de avalia\u00e7\u00f5es do Facebook para site Webflow (2025)","description":"Teste nosso widget de avalia\u00e7\u00f5es do Facebook para Webflow agora mesmo. Configure um plugin exclusivo para o seu site em apenas alguns minutos!","robots":{"index":"index","follow":"follow","max-snippet":"max-snippet:-1","max-image-preview":"max-image-preview:large","max-video-preview":"max-video-preview:-1"},"canonical":"https:\/\/elfsight.com\/pt\/facebook-reviews-widget\/webflow\/","og_locale":"pt_PT","og_type":"article","og_title":"O melhor widget de avalia\u00e7\u00f5es do Facebook para site Webflow (2025)","og_description":"Teste nosso widget de avalia\u00e7\u00f5es do Facebook para Webflow agora mesmo. Configure um plugin exclusivo para o seu site em apenas alguns minutos!","og_url":"https:\/\/elfsight.com\/pt\/facebook-reviews-widget\/webflow\/","og_site_name":"Elfsight PT","article_modified_time":"2024-11-13T12:09:36+00:00","twitter_card":"summary_large_image","twitter_misc":{"Tempo estimado de leitura":"2 minutos"},"schema":{"@context":"https:\/\/schema.org","@graph":[{"@type":"WebPage","@id":"https:\/\/elfsight.com\/pt\/facebook-reviews-widget\/webflow\/","url":"https:\/\/elfsight.com\/pt\/facebook-reviews-widget\/webflow\/","name":"O melhor widget de avalia\u00e7\u00f5es do Facebook para site Webflow (2025)","isPartOf":{"@id":"https:\/\/elfsight.com\/pt\/#website"},"datePublished":"2024-05-03T06:36:25+00:00","dateModified":"2024-11-13T12:09:36+00:00","description":"Teste nosso widget de avalia\u00e7\u00f5es do Facebook para Webflow agora mesmo. Configure um plugin exclusivo para o seu site em apenas alguns minutos!","breadcrumb":{"@id":"https:\/\/elfsight.com\/pt\/facebook-reviews-widget\/webflow\/#breadcrumb"},"inLanguage":"pt-PT","potentialAction":[{"@type":"ReadAction","target":["https:\/\/elfsight.com\/pt\/facebook-reviews-widget\/webflow\/"]}]},{"@type":"BreadcrumbList","@id":"https:\/\/elfsight.com\/pt\/facebook-reviews-widget\/webflow\/#breadcrumb","itemListElement":[{"@type":"ListItem","position":1,"name":"Home","item":"https:\/\/elfsight.com\/pt\/"},{"@type":"ListItem","position":2,"name":"Facebook Reviews","item":"https:\/\/elfsight.com\/pt\/facebook-reviews-widget\/"},{"@type":"ListItem","position":3,"name":"Facebook Reviews &#8211; Webflow"}]},{"@type":"WebSite","@id":"https:\/\/elfsight.com\/pt\/#website","url":"https:\/\/elfsight.com\/pt\/","name":"Elfsight PT","description":"Just another Elfsight Sites site","potentialAction":[{"@type":"SearchAction","target":{"@type":"EntryPoint","urlTemplate":"https:\/\/elfsight.com\/pt\/?s={search_term_string}"},"query-input":{"@type":"PropertyValueSpecification","valueRequired":true,"valueName":"search_term_string"}}],"inLanguage":"pt-PT"}]}},"meta_box":{"industry":"","seo_heading":"","heading":"","description":"","cta_heading":"","cta_description":"","application":"575","h1":"Widget de avalia\u00e7\u00f5es do Facebook do Webflow","h1_caption":"Exiba suas avalia\u00e7\u00f5es do Facebook no site com o clique de um bot\u00e3o!","application_category":[],"applications_title":"","applications_request_title":"","applications_request_button_text":"","hero_text":"","hero_video":"","hero_video_schema_markup":"","selling_points_title":"","selling_points_caption":"","selling_points":[],"selling_points_cta_text":"","features_title":"","features":"","ed_cta_examples_text":"","ed_cta_examples_hidden":"","ed_cta_demo_text":"","ed_cta_demo_hidden":"","why_caption":"","why_editor_title":"","why_editor_text":"","why_team_title":"","why_team_text":"","why_service_title":"","why_service_text":"","template_catalog_visible":"","template_catalog_title":"","template_catalog_text":"","template_catalog_categories_visible":"","demo_title":"Crie seu widget de avalia\u00e7\u00f5es do Facebook","demo_caption":"Configure suas avalia\u00e7\u00f5es do Facebook e adicione-as ao seu site Webflow gratuitamente!","default_faq_hidden":"","app_template_category":[],"platform":"70","template_public_id":"","codecanyon_url":"","codecanyon_item_id":"","codecanyon_price":"","pricing_caption":"","pricing_elfsight_apps_hide_column":"","pricing_elfsight_apps_url":"","pricing_codecanyon_price_caption":"","integration_category":[],"integration_request_title":"","integration_request_cta":"","integration_platform":"","integrations":[],"platform_category":[],"video_schema_markup":"","price":"a partir de US$ 0\/m\u00eas","trial":"","benefits":[{"text":"Ajuda de instala\u00e7\u00e3o gratuita"},{"text":"Suporte premium"},{"text":"Garantia de devolu\u00e7\u00e3o do dinheiro em 14 dias"},{"text":"Melhorias cont\u00ednuas"}],"button_url":"#demo","button_target_blank":"0","button_nofollow":"0","attributes":[{"name":"Instala\u00e7\u00f5es","content":"10,000 - 100,000","_state":"expanded"},{"name":"Responsivo","content":"Sim","_state":"expanded"},{"name":"Navegadores compat\u00edveis","content":"Firefox, Opera, Edge, Safari, Chrome"}],"tags":[],"tags_disable_links":"0","hide_more_platforms":"","video_object":"","demo_hide_cta":"0","demo_hide_cloud_options":"0","pricing_title":"","pricing":[{"pricing_icon":"platform","pricing_title":"Elfsight Apps","pricing_title_caption":"Vers\u00e3o independente de plataforma que funciona em qualquer site","pricing_price":"a partir de US$ 0\/m\u00eas","pricing_price_caption":"comece com plano gratuito","pricing_benefits":[{"text":"Dom\u00ednios ilimitados"},{"text":"Suporte dedicado"},{"text":"Suporte dedicado"},{"text":"Pre\u00e7o especial para v\u00e1rios aplicativos"}],"pricing_button_text":"Adicionar ao site","pricing_button_url":"#demo","_state":"expanded"}],"related_apps_title":"","related_apps_hidden":"1","author":"","image":[],"title":"","job":"","social_networks":[]},"_links":{"self":[{"href":"https:\/\/elfsight.com\/pt\/wp-json\/wp\/v2\/pages\/4133","targetHints":{"allow":["GET"]}}],"collection":[{"href":"https:\/\/elfsight.com\/pt\/wp-json\/wp\/v2\/pages"}],"about":[{"href":"https:\/\/elfsight.com\/pt\/wp-json\/wp\/v2\/types\/page"}],"author":[{"embeddable":true,"href":"https:\/\/elfsight.com\/pt\/wp-json\/wp\/v2\/users\/9"}],"replies":[{"embeddable":true,"href":"https:\/\/elfsight.com\/pt\/wp-json\/wp\/v2\/comments?post=4133"}],"version-history":[{"count":2,"href":"https:\/\/elfsight.com\/pt\/wp-json\/wp\/v2\/pages\/4133\/revisions"}],"predecessor-version":[{"id":11832,"href":"https:\/\/elfsight.com\/pt\/wp-json\/wp\/v2\/pages\/4133\/revisions\/11832"}],"up":[{"embeddable":true,"href":"https:\/\/elfsight.com\/pt\/wp-json\/wp\/v2\/pages\/576"}],"wp:attachment":[{"href":"https:\/\/elfsight.com\/pt\/wp-json\/wp\/v2\/media?parent=4133"}],"curies":[{"name":"wp","href":"https:\/\/api.w.org\/{rel}","templated":true}]}}