{"id":4132,"date":"2024-05-03T06:38:42","date_gmt":"2024-05-03T06:38:42","guid":{"rendered":"https:\/\/elfsight.com\/pt\/?page_id=4132"},"modified":"2025-02-11T10:47:19","modified_gmt":"2025-02-11T10:47:19","slug":"webnode","status":"publish","type":"page","link":"https:\/\/elfsight.com\/pt\/google-maps-widget\/webnode\/","title":{"rendered":"Google Maps &#8211; Webnode"},"content":{"rendered":"<div class=\"application-platform-content-item-description application-platform-content-item\" id=\"description\" data-nav-section=\"description\">\n<h2>Descri\u00e7\u00e3o<\/h2>\nA instala\u00e7\u00e3o simples e a interface eficaz e totalmente personaliz\u00e1vel facilitam para seus clientes a pesquisa de seus endere\u00e7os no mapa. Atrair clientes reais, adicion\u00e1-los rapidamente a um site e op\u00e7\u00f5es de personaliza\u00e7\u00e3o transformam-no em um dos melhores plugins para qualquer site Webnode.\n\n<b>Gere mais clientes reais gra\u00e7as aos mapas interativos em seu site!<\/b>\n<ul>\n \t<li><b>Aproxime-se dos clientes<\/b>. Revele seus dados de contato, que os clientes podem usar para escrever para voc\u00ea ou entrar em contato com voc\u00ea na vida real e na Internet.<\/li>\n \t<li><b>Revele uma lista completa de suas lojas no mapa<\/b>. Localize no mapa todos os locais p\u00fablicos, pontos de venda ou coleta de mercadorias e deixe que seus usu\u00e1rios escolham facilmente o local mais adequado e ficar\u00e3o gratos por isso.<\/li>\n \t<li><b>Use um n\u00famero infinito de locais em um mapa<\/b>. N\u00e3o limite o n\u00famero de seus locais no mapa, marque tudo o que pode ser necess\u00e1rio e divertido para seus clientes.<\/li>\n<\/ul>\n<\/div><div class=\"application-platform-content-item-features application-platform-content-item\" id=\"features\" data-nav-section=\"features\">\n<h2>Recursos<\/h2>\nQuais vantagens tornam o mapa Elfsight o melhor para o seu site Webnode?\n<ul>\n \t<li>Adicionar nova localiza\u00e7\u00e3o apenas inserindo seu endere\u00e7o, nome ou coordenadas;<\/li>\n \t<li>5 camadas do Google Maps: POI, Tr\u00e2nsito, Transporte p\u00fablico, Bicicleta, Street View;<\/li>\n \t<li>Cart\u00e3o de informa\u00e7\u00f5es com o m\u00e1ximo de informa\u00e7\u00f5es de contato;<\/li>\n \t<li>Mais de 50 marcadores de localiza\u00e7\u00e3o;<\/li>\n \t<li>Atualiza\u00e7\u00f5es regulares ao vivo dispon\u00edveis.<\/li>\n<\/ul>\n<a href=\"#demo\">Experimente a lista completa de vantagens no editor!<\/a> <\/div><div class=\"application-platform-content-item-installation application-platform-content-item\" id=\"installation\" data-nav-section=\"installation\">\n<h2>Como adicionar o plugin do Google Maps ao site Webnode<\/h2>\nUma breve instru\u00e7\u00e3o sobre como exibir mapas responsivos em um site Webnode por conta pr\u00f3pria. Para segui-lo, voc\u00ea n\u00e3o precisa contratar um programador ou ter compet\u00eancia em programa\u00e7\u00e3o web. O tempo total de configura\u00e7\u00e3o \u00e9 de apenas 2 minutos.\n<ol>\n \t<li><b>Crie seus pr\u00f3prios mapas do Google<\/b>. Por meio de nosso editor gratuito, gere um plug-in com design e recursos preferidos.<\/li>\n \t<li><b>Copie o c\u00f3digo para adicionar o plugin<\/b>. Ap\u00f3s a personaliza\u00e7\u00e3o do widget, obtenha o c\u00f3digo do plugin Map na janela que aparece nos aplicativos Elfsight.<\/li>\n \t<li><b>Coloque o plugin no site Webnode<\/b>. Adicione o plugin no local desejado do site e salve as altera\u00e7\u00f5es.<\/li>\n \t<li><b>Voc\u00ea executou a instala\u00e7\u00e3o completamente<\/b>. Entre no seu site Webnode, para verificar seu plugin.<\/li>\n<\/ol>\nEst\u00e1 enfrentando dificuldades ou d\u00favidas ao executar o manual ou configurar seu pr\u00f3prio mapa? Contacte o apoio ao cliente e teremos todo o prazer em aconselh\u00e1-lo na concep\u00e7\u00e3o e adi\u00e7\u00e3o de mapas no seu site.<div class=\"faq\" data-component=\"FAQ\"> <div class=\"faq-item\">\r\n\t\t\t\t\t<div class=\"faq-item-question\">\r\n\t\t\t\t\t\t<h3 class=\"faq-item-question-text\">Como posso adicionar o Google Maps ao meu site Webnode sem conhecimentos de codifica\u00e7\u00e3o?<\/h3>\r\n\r\n\t\t\t\t\t\t<div class=\"faq-item-question-icon\"><\/div>\r\n\t\t\t\t\t<\/div>\r\n\r\n\t\t\t\t\t<div class=\"faq-item-answer\">\r\n\t\t\t\t\t\t<div class=\"faq-item-answer-text\">A Elfsight fornece uma solu\u00e7\u00e3o SaaS que permite que voc\u00ea mesmo crie um widget do Google Maps, veja como o processo \u00e9 f\u00e1cil: Trabalhe diretamente no Editor on-line para criar um widget do Google Maps que voc\u00ea gostaria de ver no seu site Webnode. Escolha um dos modelos predefinidos e ajuste as configura\u00e7\u00f5es do Google Maps, adicione seu conte\u00fado, altere o layout e as cores sem nenhuma habilidade de codifica\u00e7\u00e3o. Salve o Google Maps e copie seu c\u00f3digo de instala\u00e7\u00e3o, que voc\u00ea pode adicionar facilmente ao seu site Webnode sem a necessidade de adquirir uma assinatura paga.\n\nCom nosso editor intuitivo, qualquer usu\u00e1rio da Internet pode criar um widget do Google Maps online e incorpor\u00e1-lo facilmente ao seu site Webnode. N\u00e3o h\u00e1 necessidade de pagar ou inserir as credenciais do seu cart\u00e3o para acessar o servi\u00e7o. Se voc\u00ea enfrentar algum problema em qualquer etapa, n\u00e3o hesite em entrar em contato com nossa equipe de suporte t\u00e9cnico.<\/div>\r\n\t\t\t\t\t<\/div>\r\n\t\t\t\t<\/div> <\/div><\/div>","protected":false},"excerpt":{"rendered":"","protected":false},"author":9,"featured_media":0,"parent":635,"menu_order":0,"comment_status":"closed","ping_status":"closed","template":"templates\/template-application-platform.php","meta":{"publish_to_discourse":"","publish_post_category":"","wpdc_auto_publish_overridden":"","wpdc_topic_tags":"","wpdc_pin_topic":"","wpdc_pin_until":"","discourse_post_id":"","discourse_permalink":"","wpdc_publishing_response":"","wpdc_publishing_error":"","footnotes":""},"class_list":["post-4132","page","type-page","status-publish","hentry"],"yoast_head":"<!-- This site is optimized with the Yoast SEO plugin v25.3.1 - https:\/\/yoast.com\/wordpress\/plugins\/seo\/ -->\n<title>Google Maps - Adicionar widget de mapa ao site Webnode<\/title>\n<meta name=\"description\" content=\"Experimente o melhor plugin do Google Maps para site Webnode. Demonstre mapas interativos em apenas 1 minuto gratuitamente na demonstra\u00e7\u00e3o de plug-in mais f\u00e1cil.\" \/>\n<meta name=\"robots\" content=\"index, follow, max-snippet:-1, max-image-preview:large, max-video-preview:-1\" \/>\n<link rel=\"canonical\" href=\"https:\/\/elfsight.com\/pt\/google-maps-widget\/webnode\/\" \/>\n<meta property=\"og:locale\" content=\"pt_PT\" \/>\n<meta property=\"og:type\" content=\"article\" \/>\n<meta property=\"og:title\" content=\"Google Maps - Adicionar widget de mapa ao site Webnode\" \/>\n<meta property=\"og:description\" content=\"Experimente o melhor plugin do Google Maps para site Webnode. Demonstre mapas interativos em apenas 1 minuto gratuitamente na demonstra\u00e7\u00e3o de plug-in mais f\u00e1cil.\" \/>\n<meta property=\"og:url\" content=\"https:\/\/elfsight.com\/pt\/google-maps-widget\/webnode\/\" \/>\n<meta property=\"og:site_name\" content=\"Elfsight PT\" \/>\n<meta property=\"article:modified_time\" content=\"2025-02-11T10:47:19+00:00\" \/>\n<meta name=\"twitter:card\" content=\"summary_large_image\" \/>\n<meta name=\"twitter:label1\" content=\"Tempo estimado de leitura\" \/>\n\t<meta name=\"twitter:data1\" content=\"4 minutos\" \/>\n<!-- \/ Yoast SEO plugin. -->","yoast_head_json":{"title":"Google Maps - Adicionar widget de mapa ao site Webnode","description":"Experimente o melhor plugin do Google Maps para site Webnode. Demonstre mapas interativos em apenas 1 minuto gratuitamente na demonstra\u00e7\u00e3o de plug-in mais f\u00e1cil.","robots":{"index":"index","follow":"follow","max-snippet":"max-snippet:-1","max-image-preview":"max-image-preview:large","max-video-preview":"max-video-preview:-1"},"canonical":"https:\/\/elfsight.com\/pt\/google-maps-widget\/webnode\/","og_locale":"pt_PT","og_type":"article","og_title":"Google Maps - Adicionar widget de mapa ao site Webnode","og_description":"Experimente o melhor plugin do Google Maps para site Webnode. Demonstre mapas interativos em apenas 1 minuto gratuitamente na demonstra\u00e7\u00e3o de plug-in mais f\u00e1cil.","og_url":"https:\/\/elfsight.com\/pt\/google-maps-widget\/webnode\/","og_site_name":"Elfsight PT","article_modified_time":"2025-02-11T10:47:19+00:00","twitter_card":"summary_large_image","twitter_misc":{"Tempo estimado de leitura":"4 minutos"},"schema":{"@context":"https:\/\/schema.org","@graph":[{"@type":"WebPage","@id":"https:\/\/elfsight.com\/pt\/google-maps-widget\/webnode\/","url":"https:\/\/elfsight.com\/pt\/google-maps-widget\/webnode\/","name":"Google Maps - Adicionar widget de mapa ao site Webnode","isPartOf":{"@id":"https:\/\/elfsight.com\/pt\/#website"},"datePublished":"2024-05-03T06:38:42+00:00","dateModified":"2025-02-11T10:47:19+00:00","description":"Experimente o melhor plugin do Google Maps para site Webnode. Demonstre mapas interativos em apenas 1 minuto gratuitamente na demonstra\u00e7\u00e3o de plug-in mais f\u00e1cil.","breadcrumb":{"@id":"https:\/\/elfsight.com\/pt\/google-maps-widget\/webnode\/#breadcrumb"},"inLanguage":"pt-PT","potentialAction":[{"@type":"ReadAction","target":["https:\/\/elfsight.com\/pt\/google-maps-widget\/webnode\/"]}]},{"@type":"BreadcrumbList","@id":"https:\/\/elfsight.com\/pt\/google-maps-widget\/webnode\/#breadcrumb","itemListElement":[{"@type":"ListItem","position":1,"name":"Home","item":"https:\/\/elfsight.com\/pt\/"},{"@type":"ListItem","position":2,"name":"Google Maps","item":"https:\/\/elfsight.com\/pt\/google-maps-widget\/"},{"@type":"ListItem","position":3,"name":"Google Maps &#8211; Webnode"}]},{"@type":"WebSite","@id":"https:\/\/elfsight.com\/pt\/#website","url":"https:\/\/elfsight.com\/pt\/","name":"Elfsight PT","description":"Just another Elfsight Sites site","potentialAction":[{"@type":"SearchAction","target":{"@type":"EntryPoint","urlTemplate":"https:\/\/elfsight.com\/pt\/?s={search_term_string}"},"query-input":{"@type":"PropertyValueSpecification","valueRequired":true,"valueName":"search_term_string"}}],"inLanguage":"pt-PT"}]}},"meta_box":{"industry":"","seo_heading":"","heading":"","description":"","cta_heading":"","cta_description":"","application":"634","h1":"Widget do Google Maps para Webnode","h1_caption":"Torne incrivelmente simples encontrar seu escrit\u00f3rio off-line para todos os clientes do seu site","application_category":[],"applications_title":"","applications_request_title":"","applications_request_button_text":"","hero_text":"","hero_video":"","hero_video_schema_markup":"","selling_points_title":"","selling_points_caption":"","selling_points":[],"selling_points_cta_text":"","features_title":"","features":"","ed_cta_examples_text":"","ed_cta_examples_hidden":"","ed_cta_demo_text":"","ed_cta_demo_hidden":"","why_caption":"","why_editor_title":"","why_editor_text":"","why_team_title":"","why_team_text":"","why_service_title":"","why_service_text":"","template_catalog_visible":"0","template_catalog_title":"","template_catalog_text":"","template_catalog_categories_visible":"","demo_title":"Crie seu widget do Google Maps","demo_caption":"Configure seu Google Maps e adicione-o ao seu site Webnode gratuitamente!","default_faq_hidden":"","app_template_category":[],"platform":"4917","template_public_id":"","codecanyon_url":"","codecanyon_item_id":"","codecanyon_price":"","pricing_caption":"","pricing_elfsight_apps_hide_column":"","pricing_elfsight_apps_url":"","pricing_codecanyon_price_caption":"","integration_category":[],"integration_request_title":"","integration_request_cta":"","integration_platform":"","integrations":[],"platform_category":[],"video_schema_markup":"","price":"a partir de US$ 0\/m\u00eas","trial":"","benefits":[{"text":"Assist\u00eancia de instala\u00e7\u00e3o gratuita"},{"text":"Atendimento ao cliente profissional"},{"text":"Garantia de reembolso de 14 dias"},{"text":"Melhorias cont\u00ednuas"}],"button_url":"#demo","button_target_blank":"0","button_nofollow":"0","attributes":[{"name":"Instala\u00e7\u00f5es","content":"100,000 - 500,000","_state":"expanded"},{"name":"Responsivo","content":"Sim","_state":"expanded"},{"name":"Navegadores compat\u00edveis","content":"Firefox, Safari, Opera, Chrome, Edge"}],"tags":[],"tags_disable_links":"0","hide_more_platforms":"0","video_object":"","demo_hide_cta":"0","demo_hide_cloud_options":"0","pricing_title":"","pricing":[{"pricing_icon":"platform","pricing_title":"Elfsight Apps","pricing_title_caption":"Vers\u00e3o multiplataforma adequada para qualquer site","pricing_price":"a partir de US$ 0\/m\u00eas","pricing_price_caption":"comece com plano gratuito","pricing_benefits":[{"text":"Sites ilimitados"},{"text":"Suporte dedicado \u00e0 empresa"},{"text":"Suporte dedicado \u00e0 empresa"},{"text":"Pre\u00e7o a ser pago para v\u00e1rios aplicativos"}],"pricing_button_text":"Adicionar ao site","pricing_button_url":"#demo","_state":"expanded"}],"related_apps_title":"","related_apps_hidden":"1","author":"","image":[],"title":"","job":"","social_networks":[]},"_links":{"self":[{"href":"https:\/\/elfsight.com\/pt\/wp-json\/wp\/v2\/pages\/4132","targetHints":{"allow":["GET"]}}],"collection":[{"href":"https:\/\/elfsight.com\/pt\/wp-json\/wp\/v2\/pages"}],"about":[{"href":"https:\/\/elfsight.com\/pt\/wp-json\/wp\/v2\/types\/page"}],"author":[{"embeddable":true,"href":"https:\/\/elfsight.com\/pt\/wp-json\/wp\/v2\/users\/9"}],"replies":[{"embeddable":true,"href":"https:\/\/elfsight.com\/pt\/wp-json\/wp\/v2\/comments?post=4132"}],"version-history":[{"count":4,"href":"https:\/\/elfsight.com\/pt\/wp-json\/wp\/v2\/pages\/4132\/revisions"}],"predecessor-version":[{"id":13881,"href":"https:\/\/elfsight.com\/pt\/wp-json\/wp\/v2\/pages\/4132\/revisions\/13881"}],"up":[{"embeddable":true,"href":"https:\/\/elfsight.com\/pt\/wp-json\/wp\/v2\/pages\/635"}],"wp:attachment":[{"href":"https:\/\/elfsight.com\/pt\/wp-json\/wp\/v2\/media?parent=4132"}],"curies":[{"name":"wp","href":"https:\/\/api.w.org\/{rel}","templated":true}]}}