{"id":4129,"date":"2024-05-03T06:36:47","date_gmt":"2024-05-03T06:36:47","guid":{"rendered":"https:\/\/elfsight.com\/pt\/?page_id=4129"},"modified":"2024-11-13T12:15:29","modified_gmt":"2024-11-13T12:15:29","slug":"squarespace","status":"publish","type":"page","link":"https:\/\/elfsight.com\/pt\/accordion-faq-widget\/squarespace\/","title":{"rendered":"FAQ &#8211; Squarespace"},"content":{"rendered":"<div class=\"application-platform-content-item-description application-platform-content-item\" id=\"description\" data-nav-section=\"description\"><h2>Incorpore FAQ no Squarespace com o widget Elfsight<\/h2><p>Elfsight FAQ \u00e9 um widget eficiente, f\u00e1cil de aplicar e personalizar para gerar e exiba uma lista das perguntas mais necess\u00e1rias com respostas em seu site. Um widget interativo com design intuitivo permite fornecer informa\u00e7\u00f5es abrangentes sobre seus servi\u00e7os, concentrar a aten\u00e7\u00e3o dos leitores em tra\u00e7os positivos e combater equ\u00edvocos e descren\u00e7as, que podem impedir uma compra.<\/p><p><b>Deixe seus clientes encontrarem respostas responda \u00e0s perguntas mais importantes em seu site com a m\u00e1xima rapidez e aumente o n\u00famero de pedidos no site!<\/b><\/p><ul><li><b>Ven\u00e7a a indecis\u00e3o de seus clientes e aumente sua receita<\/b> .<br>Forne\u00e7a informa\u00e7\u00f5es abrangentes sobre seus produtos ou servi\u00e7os aos seus prov\u00e1veis \u200b\u200bcompradores, para ajudar na indecis\u00e3o deles e aumentar a receita do site.<\/li><li><b>Obtenha o m\u00e1ximo entendimento de seus produtos ou servi\u00e7os pelos clientes<\/b>.<br>Elimine os equ\u00edvocos e suspeitas mais frequentes sobre sua empresa com a ajuda de respostas completas e f\u00e1ceis de entender.<\/li><li><b>Responde imediatamente a quaisquer perguntas dos clientes<\/b>.<br>Ajude seus visitantes a obter informa\u00e7\u00f5es mais detalhadas sobre seus produtos ou servi\u00e7os e a resolver d\u00favidas antes que elas surjam.<\/li><\/ul><\/div><div class=\"application-platform-content-item-features application-platform-content-item\" id=\"features\" data-nav-section=\"features\"><h2>Principais recursos do FAQ widget<\/h2><p>As principais vantagens do widget Elfsight, que o tornam o m\u00e9todo mais r\u00e1pido para adicionar perguntas frequentes no site do Squarespace.<\/p><ul><li>Layout de acorde\u00e3o para mostrar respostas ao clicar;<\/li> <li>4 estilos prontos para uso com bordas e sombras;<\/li><li>Mostrar\/ocultar e editar nomes de categorias<\/li><li>T\u00edtulo edit\u00e1vel do widget;<\/li><li>Oportuno e profissional suporte ao cliente.<\/li><\/ul><p><a href=\"#demo\">Experimente todos<\/a><\/p><\/div><div class=\"application-platform-content-item-installation application-platform-content-item\" id=\"installation\" data-nav-section=\"installation\"><h2>Como para adicionar o widget Accoridon FAQ ao Squarespace<\/h2><div class=\"video-container\"><iframe width=\"720\" height=\"405\" src=\"https:\/\/www.youtube.com\/embed\/SK75bvTqM_0\" frameborder=\"0\" allowfullscreen=\"\"><\/iframe><\/div><p>Crie um widget com a ajuda de nosso breve guia. N\u00e3o requer experi\u00eancia em programa\u00e7\u00e3o ou ajuda profissional. O tempo total de configura\u00e7\u00e3o \u00e9 de 90 segundos.<\/p><ol><li><b>Crie suas perguntas frequentes personalizadas<\/b>.<br>Com nosso configurador gratuito, crie um plug-in com design e configura\u00e7\u00f5es preferidos.<\/li> <li><b>Adquira um c\u00f3digo para instalar o plugin<\/b>.<br>Ap\u00f3s a personaliza\u00e7\u00e3o do widget, obtenha um c\u00f3digo para o plugin FAQ a partir da notifica\u00e7\u00e3o que aparece nas aplica\u00e7\u00f5es Elfsight.<\/li><li><b>Mostrar o plugin no site do SquareSpace<\/b>.<br>Mostre o plugin no local necess\u00e1rio da p\u00e1gina e salve as edi\u00e7\u00f5es.<\/li><li><b>A incorpora\u00e7\u00e3o foi bem-sucedida!<\/b>.<br>Visite seu site para verificar seu plugin.<\/li><\/ol><p>Tive problemas ao aplicar o manual? Deixe uma mensagem para nossa equipe de suporte ou leia uma variante completa do tutorial \u00ab<a href=\"https:\/\/elfsight.com\/tutorials\/how-to-add-faq-widget-to-squarespace\/\" target=\"_blank \" rel=\"noopener noreferrer\">Como adicionar FAQ ao Squarespace<\/a>\u00bb e conclua a configura\u00e7\u00e3o voc\u00ea mesmo.<\/p><div class=\"faq\" data-component=\"FAQ\"><div class=\"faq-item\">\r\n\t\t\t\t\t<div class=\"faq-item-question\">\r\n\t\t\t\t\t\t<h3 class=\"faq-item-question-text\">Como adicionar FAQ ao meu site Squarespace sem habilidades de codifica\u00e7\u00e3o?<\/h3>\r\n\r\n\t\t\t\t\t\t<div class=\"faq-item-question-icon\"><\/div>\r\n\t\t\t\t\t<\/div>\r\n\r\n\t\t\t\t\t<div class=\"faq-item-answer\">\r\n\t\t\t\t\t\t<div class=\"faq-item-answer-text\"> <p>A Elfsight fornece uma solu\u00e7\u00e3o SaaS que lhe permite criar voc\u00ea mesmo um widget de FAQ. Veja como \u00e9 f\u00e1cil o processo: Trabalhe diretamente no Editor online para criar um widget de FAQ que gostaria de ver no seu site Squarespace. Escolha um dos modelos predefinidos e ajuste as configura\u00e7\u00f5es do FAQ, adicione seu conte\u00fado, altere o layout e as cores sem nenhuma habilidade de codifica\u00e7\u00e3o. Salve o FAQ e copie seu c\u00f3digo de instala\u00e7\u00e3o, para que voc\u00ea possa adicion\u00e1-lo facilmente ao seu site do Squarespace, sem comprar um plano pago. Com nosso editor intuitivo, qualquer usu\u00e1rio da Internet pode criar um widget de perguntas frequentes on-line e incorpor\u00e1-lo facilmente ao site do Squarespace. N\u00e3o h\u00e1 necessidade de pagar ou inserir as credenciais do seu cart\u00e3o para acessar o servi\u00e7o. Se voc\u00ea enfrentar qualquer problema em qualquer etapa, n\u00e3o hesite em entrar em contato com nossa equipe de suporte t\u00e9cnico.<\/p> <\/div>\r\n\t\t\t\t\t<\/div>\r\n\t\t\t\t<\/div> <\/div><\/div>","protected":false},"excerpt":{"rendered":"","protected":false},"author":9,"featured_media":0,"parent":815,"menu_order":0,"comment_status":"closed","ping_status":"closed","template":"templates\/template-application-platform.php","meta":{"publish_to_discourse":"","publish_post_category":"","wpdc_auto_publish_overridden":"","wpdc_topic_tags":"","wpdc_pin_topic":"","wpdc_pin_until":"","discourse_post_id":"","discourse_permalink":"","wpdc_publishing_response":"","wpdc_publishing_error":"","footnotes":""},"class_list":["post-4129","page","type-page","status-publish","hentry"],"yoast_head":"<!-- This site is optimized with the Yoast SEO plugin v25.3.1 - https:\/\/yoast.com\/wordpress\/plugins\/seo\/ -->\n<title>Perguntas frequentes sobre acorde\u00e3o - Adicionar widget de perguntas frequentes ao site do SquareSpace<\/title>\n<meta name=\"description\" content=\"Obtenha seu widget de perguntas frequentes individual para o Squarespace em apenas 3 minutos. Utilize o nosso editor r\u00e1pido para criar plugins da Elfsight, totalmente gratuitos.\" \/>\n<meta name=\"robots\" content=\"index, follow, max-snippet:-1, max-image-preview:large, max-video-preview:-1\" \/>\n<link rel=\"canonical\" href=\"https:\/\/elfsight.com\/pt\/accordion-faq-widget\/squarespace\/\" \/>\n<meta property=\"og:locale\" content=\"pt_PT\" \/>\n<meta property=\"og:type\" content=\"article\" \/>\n<meta property=\"og:title\" content=\"Perguntas frequentes sobre acorde\u00e3o - Adicionar widget de perguntas frequentes ao site do SquareSpace\" \/>\n<meta property=\"og:description\" content=\"Obtenha seu widget de perguntas frequentes individual para o Squarespace em apenas 3 minutos. Utilize o nosso editor r\u00e1pido para criar plugins da Elfsight, totalmente gratuitos.\" \/>\n<meta property=\"og:url\" content=\"https:\/\/elfsight.com\/pt\/accordion-faq-widget\/squarespace\/\" \/>\n<meta property=\"og:site_name\" content=\"Elfsight PT\" \/>\n<meta property=\"article:modified_time\" content=\"2024-11-13T12:15:29+00:00\" \/>\n<meta name=\"twitter:card\" content=\"summary_large_image\" \/>\n<meta name=\"twitter:label1\" content=\"Tempo estimado de leitura\" \/>\n\t<meta name=\"twitter:data1\" content=\"2 minutos\" \/>\n<!-- \/ Yoast SEO plugin. -->","yoast_head_json":{"title":"Perguntas frequentes sobre acorde\u00e3o - Adicionar widget de perguntas frequentes ao site do SquareSpace","description":"Obtenha seu widget de perguntas frequentes individual para o Squarespace em apenas 3 minutos. Utilize o nosso editor r\u00e1pido para criar plugins da Elfsight, totalmente gratuitos.","robots":{"index":"index","follow":"follow","max-snippet":"max-snippet:-1","max-image-preview":"max-image-preview:large","max-video-preview":"max-video-preview:-1"},"canonical":"https:\/\/elfsight.com\/pt\/accordion-faq-widget\/squarespace\/","og_locale":"pt_PT","og_type":"article","og_title":"Perguntas frequentes sobre acorde\u00e3o - Adicionar widget de perguntas frequentes ao site do SquareSpace","og_description":"Obtenha seu widget de perguntas frequentes individual para o Squarespace em apenas 3 minutos. Utilize o nosso editor r\u00e1pido para criar plugins da Elfsight, totalmente gratuitos.","og_url":"https:\/\/elfsight.com\/pt\/accordion-faq-widget\/squarespace\/","og_site_name":"Elfsight PT","article_modified_time":"2024-11-13T12:15:29+00:00","twitter_card":"summary_large_image","twitter_misc":{"Tempo estimado de leitura":"2 minutos"},"schema":{"@context":"https:\/\/schema.org","@graph":[{"@type":"WebPage","@id":"https:\/\/elfsight.com\/pt\/accordion-faq-widget\/squarespace\/","url":"https:\/\/elfsight.com\/pt\/accordion-faq-widget\/squarespace\/","name":"Perguntas frequentes sobre acorde\u00e3o - Adicionar widget de perguntas frequentes ao site do SquareSpace","isPartOf":{"@id":"https:\/\/elfsight.com\/pt\/#website"},"datePublished":"2024-05-03T06:36:47+00:00","dateModified":"2024-11-13T12:15:29+00:00","description":"Obtenha seu widget de perguntas frequentes individual para o Squarespace em apenas 3 minutos. Utilize o nosso editor r\u00e1pido para criar plugins da Elfsight, totalmente gratuitos.","breadcrumb":{"@id":"https:\/\/elfsight.com\/pt\/accordion-faq-widget\/squarespace\/#breadcrumb"},"inLanguage":"pt-PT","potentialAction":[{"@type":"ReadAction","target":["https:\/\/elfsight.com\/pt\/accordion-faq-widget\/squarespace\/"]}]},{"@type":"BreadcrumbList","@id":"https:\/\/elfsight.com\/pt\/accordion-faq-widget\/squarespace\/#breadcrumb","itemListElement":[{"@type":"ListItem","position":1,"name":"Home","item":"https:\/\/elfsight.com\/pt\/"},{"@type":"ListItem","position":2,"name":"FAQ","item":"https:\/\/elfsight.com\/pt\/accordion-faq-widget\/"},{"@type":"ListItem","position":3,"name":"FAQ &#8211; Squarespace"}]},{"@type":"WebSite","@id":"https:\/\/elfsight.com\/pt\/#website","url":"https:\/\/elfsight.com\/pt\/","name":"Elfsight PT","description":"Just another Elfsight Sites site","potentialAction":[{"@type":"SearchAction","target":{"@type":"EntryPoint","urlTemplate":"https:\/\/elfsight.com\/pt\/?s={search_term_string}"},"query-input":{"@type":"PropertyValueSpecification","valueRequired":true,"valueName":"search_term_string"}}],"inLanguage":"pt-PT"}]}},"meta_box":{"industry":"","seo_heading":"","heading":"","description":"","cta_heading":"","cta_description":"","application":"814","h1":"Widget de perguntas frequentes do acorde\u00e3o para Squarespace","h1_caption":"Aumente a taxa de vendas do seu site eliminando desconfian\u00e7as e d\u00favidas dos clientes","application_category":[],"applications_title":"","applications_request_title":"","applications_request_button_text":"","hero_text":"","hero_video":"","hero_video_schema_markup":"","selling_points_title":"","selling_points_caption":"","selling_points":[],"selling_points_cta_text":"","features_title":"","features":"","ed_cta_examples_text":"","ed_cta_examples_hidden":"","ed_cta_demo_text":"","ed_cta_demo_hidden":"","why_caption":"","why_editor_title":"","why_editor_text":"","why_team_title":"","why_team_text":"","why_service_title":"","why_service_text":"","template_catalog_visible":"","template_catalog_title":"","template_catalog_text":"","template_catalog_categories_visible":"","demo_title":"Crie seu plugin de perguntas frequentes","demo_caption":"Configure seu FAQ e adicione-o ao seu site do Squarespace gratuitamente!","default_faq_hidden":"","app_template_category":[],"platform":"67","template_public_id":"","codecanyon_url":"","codecanyon_item_id":"","codecanyon_price":"","pricing_caption":"","pricing_elfsight_apps_hide_column":"","pricing_elfsight_apps_url":"","pricing_codecanyon_price_caption":"","integration_category":[],"integration_request_title":"","integration_request_cta":"","integration_platform":"","integrations":[],"platform_category":[],"video_schema_markup":"","price":"a partir de US$ 0\/m\u00eas","trial":"","benefits":[{"text":"Assist\u00eancia de instala\u00e7\u00e3o gratuita"},{"text":"Atendimento ao cliente competente"},{"text":"Garantia de devolu\u00e7\u00e3o do dinheiro em 14 dias"},{"text":"Melhorias ao longo da vida"}],"button_url":"#demo","button_target_blank":"0","button_nofollow":"0","attributes":[{"name":"Instala\u00e7\u00f5es","content":"10,000 - 100,000","_state":"expanded"},{"name":"Responsivo","content":"Sim","_state":"expanded"},{"name":"Navegadores compat\u00edveis","content":"Firefox, Safari, Opera, Chrome, Edge"}],"tags":[],"tags_disable_links":"0","hide_more_platforms":"","video_object":"","demo_hide_cta":"0","demo_hide_cloud_options":"0","pricing_title":"","pricing":[{"pricing_icon":"platform","pricing_title":"Elfsight Apps","pricing_title_caption":"Software multiplataforma que funciona em qualquer site","pricing_price":"a partir de US$ 0\/m\u00eas","pricing_price_caption":"comece com plano gratuito","pricing_benefits":[{"text":"Sites ilimitados"},{"text":"Suporte profissional e pontual"},{"text":"Suporte profissional e pontual"},{"text":"Totalmente personaliz\u00e1vel"}],"pricing_button_text":"Adicionar ao site","pricing_button_url":"#demo","_state":"expanded"}],"related_apps_title":"","related_apps_hidden":"1","author":"","image":[],"title":"","job":"","social_networks":[]},"_links":{"self":[{"href":"https:\/\/elfsight.com\/pt\/wp-json\/wp\/v2\/pages\/4129","targetHints":{"allow":["GET"]}}],"collection":[{"href":"https:\/\/elfsight.com\/pt\/wp-json\/wp\/v2\/pages"}],"about":[{"href":"https:\/\/elfsight.com\/pt\/wp-json\/wp\/v2\/types\/page"}],"author":[{"embeddable":true,"href":"https:\/\/elfsight.com\/pt\/wp-json\/wp\/v2\/users\/9"}],"replies":[{"embeddable":true,"href":"https:\/\/elfsight.com\/pt\/wp-json\/wp\/v2\/comments?post=4129"}],"version-history":[{"count":2,"href":"https:\/\/elfsight.com\/pt\/wp-json\/wp\/v2\/pages\/4129\/revisions"}],"predecessor-version":[{"id":11852,"href":"https:\/\/elfsight.com\/pt\/wp-json\/wp\/v2\/pages\/4129\/revisions\/11852"}],"up":[{"embeddable":true,"href":"https:\/\/elfsight.com\/pt\/wp-json\/wp\/v2\/pages\/815"}],"wp:attachment":[{"href":"https:\/\/elfsight.com\/pt\/wp-json\/wp\/v2\/media?parent=4129"}],"curies":[{"name":"wp","href":"https:\/\/api.w.org\/{rel}","templated":true}]}}