{"id":4128,"date":"2024-05-03T06:37:51","date_gmt":"2024-05-03T06:37:51","guid":{"rendered":"https:\/\/elfsight.com\/pt\/?page_id=4128"},"modified":"2026-02-03T14:44:58","modified_gmt":"2026-02-03T14:44:58","slug":"webflow","status":"publish","type":"page","link":"https:\/\/elfsight.com\/pt\/online-form-builder\/webflow\/","title":{"rendered":"Form Builder &#8211; Webflow"},"content":{"rendered":"\n<div class=\"application-platform-content-item-description application-platform-content-item\" id=\"description\" data-nav-section=\"description\"><\/p><h2>Construtor de formul\u00e1rios personalizados para Webflow<\/h2><p>Com nosso Construtor de formul\u00e1rios, voc\u00ea pode facilmente criar formul\u00e1rios personalizados formul\u00e1rios para coletar informa\u00e7\u00f5es valiosas dos visitantes do seu site. Nossa ferramenta fornece v\u00e1rios modelos de formul\u00e1rio e integra\u00e7\u00f5es com diferentes servi\u00e7os da web, incluindo Webflow, para ajud\u00e1-lo a projetar e publicar formul\u00e1rios eficazes. Quer voc\u00ea queira um formul\u00e1rio de contato simples ou uma pesquisa complexa, nosso Form Builder pode ajud\u00e1-lo a atingir seus objetivos. Personalize a estrutura do formul\u00e1rio, escolha os elementos necess\u00e1rios e integre o formul\u00e1rio ao seu site Webflow perfeitamente. Com nossa integra\u00e7\u00e3o de formul\u00e1rio Webflow, voc\u00ea pode coletar dados de seus clientes e potenciais clientes por meio de pesquisas pr\u00e1ticas, formul\u00e1rios de feedback, solicita\u00e7\u00f5es de classifica\u00e7\u00e3o e muito mais. Al\u00e9m disso, voc\u00ea pode criar um design de formul\u00e1rio exclusivo usando nosso criador de formul\u00e1rios personalizado, facilitando a coleta de informa\u00e7\u00f5es espec\u00edficas dos visitantes do seu site. Gra\u00e7as \u00e0 nossa estrutura responsiva e op\u00e7\u00f5es de design flex\u00edveis, voc\u00ea pode criar um formul\u00e1rio que seja f\u00e1cil de usar e eficaz.<\/p><p><b>Receba feedback dos clientes, receba pedidos e d\u00favidas dos usu\u00e1rios do seu site!<\/b><\/p><ul><li><b>Crie formul\u00e1rios atraentes para coletar mais feedback<\/b>.<br>Aplique todas as op\u00e7\u00f5es do nosso widget para construir formul\u00e1rios de preenchimento pr\u00e1ticos. Controle os componentes e escolha o padr\u00e3o para deixar seus formul\u00e1rios bem modelados e simples. Experimente op\u00e7\u00f5es de estilo para criar um visual atraente que ajudar\u00e1 a coletar mais feedback.<\/li><li><b>Aumente o n\u00famero de leads com formul\u00e1rios gerenci\u00e1veis<\/b>.<br>N\u00e3o deixe a clientela abandonar o processo de preenchimento. inacabado com todos os dados preciosos restantes. Crie formul\u00e1rios com etapas convenientes e estrutura simples, que manter\u00e3o a clientela engajada at\u00e9 o fim e aumentar\u00e3o o n\u00famero de leads.<\/li><li><b>Economize tempo e dinheiro com uma ferramenta multifuncional<\/b>.<br>N\u00e3o h\u00e1 necessidade de comprar v\u00e1rios instrumentos para cobrir todas as suas necessidades na cria\u00e7\u00e3o de formul\u00e1rios de feedback para o seu site. Nosso Form Builder ajudar\u00e1 voc\u00ea a construir um formul\u00e1rio muito \u00fatil para coletar dados de todos os tipos, gra\u00e7as aos seus elementos variados e composi\u00e7\u00e3o flex\u00edvel.<\/li><\/ul><p><\/div><div class=\"application-platform-content-item-features application-platform-content-item\" id=\"features\" data-nav-section=\"features\"><\/p><h2>Recursos do plugin Form Builder<\/h2><p>Quais s\u00e3o os motivos pelos quais nosso Online Form Builder \u00e9 o melhor plugin Webflow para coletar avalia\u00e7\u00f5es e rea\u00e7\u00f5es de seus clientes?<\/p><ul><li>Formul\u00e1rios passo a passo possuem barra de progresso com o n\u00famero total de etapas e o nome da etapa atual;<\/li><li>Utilize espa\u00e7os reservados para dar um exemplo de preenchimento correto e o necess\u00e1rio tipo de dados;<\/li><li>Textos edit\u00e1veis \u200b\u200bde mensagem de agradecimento e bot\u00e3o para preenchimento repetido do formul\u00e1rio;<\/li><li>Definir qualquer URL para onde o usu\u00e1rio ser\u00e1 redirecionado ap\u00f3s o preenchimento do formul\u00e1rio;<\/li><li>5 estilos predefinidos para campos de formul\u00e1rio.<\/li><\/ul><p><a href=\"#demo\">Verifique todo o conjunto de caracter\u00edsticas na demonstra\u00e7\u00e3o!<\/a><\/p><p> <\/div><div class=\"application-platform-content-item-installation application-platform-content-item\" id=\"installation\" data-nav-section=\"installation\"><\/p><h2>Como adicionar o Form Builder ao site do Webflow<\/h2><div class=\"video-container\">\n    <iframe allowfullscreen=\"\" frameborder=\"0\" height=\"405\" src=\"https:\/\/www.youtube.com\/embed\/qLzA06AH7vc?si=so_LjC9DeUkl4Uoj\" width=\"720\"><\/iframe>\n<\/div><p>Consulte o manual pela nossa equipe, para inserir o widget em seu site. Use nossas instru\u00e7\u00f5es para concluir a incorpora\u00e7\u00e3o. A implementa\u00e7\u00e3o n\u00e3o durar\u00e1 mais de 70 segundos e n\u00e3o \u00e9 necess\u00e1rio ter conhecimento de programa\u00e7\u00e3o para realiz\u00e1-la.<\/p><ol><li><b>Projete seu Construtor de Formul\u00e1rios personalizado<\/b>.<br>Usando nosso editor gratuito, crie um plugin com a apar\u00eancia e as capacidades necess\u00e1rias.<\/li><li><b>Copie o c\u00f3digo para integra\u00e7\u00e3o do plugin<\/b>.<br>Ap\u00f3s a cria\u00e7\u00e3o do widget, adquira o c\u00f3digo do plugin Form Builder no site notifica\u00e7\u00e3o pop-up nos aplicativos Elfsight.<\/li><li><b>Mostrar o plugin no site Webflow<\/b>.<br>Exibir o plugin no local necess\u00e1rio da p\u00e1gina e aplicar as edi\u00e7\u00f5es.<\/li><li><b>Pronto!<\/b>.<br>Visite seu site para verificar seu formul\u00e1rio.<\/li><\/ol><p>Ao aplicar o tutorial ou criar seu widget voc\u00ea se deparou com algum problemas? Recomenda-se seguir um extenso artigo \u00ab<a href=\"https:\/\/elfsight.com\/tutorials\/how-to-add-form-builder-widget-to-webflow\/\">Como adicionar formul\u00e1rios em um site Webflow<\/a>\u00bb e tente exibi-lo novamente por conta pr\u00f3pria. Ou entre em contato com nosso centro de suporte com uma descri\u00e7\u00e3o completa de sua pergunta e nossa equipe estar\u00e1 l\u00e1 para respond\u00ea-la.<\/p><div class=\"faq\" data-component=\"FAQ\"> <div class=\"faq-item\">\r\n\t\t\t\t\t<div class=\"faq-item-question\">\r\n\t\t\t\t\t\t<h3 class=\"faq-item-question-text\">Como adicionar o Form Builder ao meu site Webflow sem habilidades de codifica\u00e7\u00e3o?<\/h3>\r\n\r\n\t\t\t\t\t\t<div class=\"faq-item-question-icon\"><\/div>\r\n\t\t\t\t\t<\/div>\r\n\r\n\t\t\t\t\t<div class=\"faq-item-answer\">\r\n\t\t\t\t\t\t<div class=\"faq-item-answer-text\"> A Elfsight fornece uma solu\u00e7\u00e3o SaaS que permite criar voc\u00ea mesmo um widget Form Builder, veja como o processo \u00e9 f\u00e1cil: Trabalhe diretamente no Editor online para criar um widget Form Builder que voc\u00ea gostaria de ver em seu site Webflow. Escolha um dos modelos predefinidos e ajuste as configura\u00e7\u00f5es do Form Builder, adicione seu conte\u00fado, altere o layout e o esquema de cores sem habilidades de codifica\u00e7\u00e3o. Salve o Form Builder e copie seu c\u00f3digo de instala\u00e7\u00e3o, que voc\u00ea pode incluir em seu site Webflow sem adquirir um plano pago. Com nosso editor intuitivo, qualquer usu\u00e1rio da Internet pode criar um widget Form Builder online e incorpor\u00e1-lo facilmente em seu site Webflow. N\u00e3o h\u00e1 necessidade de pagar ou inserir as credenciais do seu cart\u00e3o para acessar o servi\u00e7o. Se voc\u00ea enfrentar qualquer problema em qualquer etapa, n\u00e3o hesite em entrar em contato com nossa equipe de suporte t\u00e9cnico.<\/p> <\/div>\r\n\t\t\t\t\t<\/div>\r\n\t\t\t\t<\/div><div class=\"faq-item\">\r\n\t\t\t\t\t<div class=\"faq-item-question\">\r\n\t\t\t\t\t\t<h3 class=\"faq-item-question-text\">Voc\u00ea tem algum modelo pr\u00e9-projetado do Form Builder para o site Webflow?<\/h3>\r\n\r\n\t\t\t\t\t\t<div class=\"faq-item-question-icon\"><\/div>\r\n\t\t\t\t\t<\/div>\r\n\r\n\t\t\t\t\t<div class=\"faq-item-answer\">\r\n\t\t\t\t\t\t<div class=\"faq-item-answer-text\"><p>Sim. Nossa equipe trabalhou duro para criar uma enorme cole\u00e7\u00e3o de mais de 300 modelos, como <a href=\"https:\/\/elfsight.com\/online-form-builder\/templates\/application-forms\/\">Formul\u00e1rios de inscri\u00e7\u00e3o<\/a>, <a href=\"https:\/\/elfsight.com\/online-form-builder\/templates\/booking-forms\/\">Formul\u00e1rios de reserva<\/a>, <a href=\"https:\/\/elfsight.com\/online-form-builder\/templates\/order-forms\/\">Formul\u00e1rios de pedido<\/a>, <a href=\"https:\/\/elfsight.com\/online-form-builder\/templates\/product-forms\/\">Formul\u00e1rios de produto<\/a>, <a href=\"https:\/\/elfsight.com\/online-form-builder\/templates\/questionnaires\/\">Question\u00e1rios<\/a>, <a href=\"https:\/\/elfsight.com\/online-form-builder\/templates\/quizzes\/\">Testes<\/a>, <a href=\"https:\/\/elfsight.com\/online-form-builder\/templates\/surveys\/\">Pesquisas<\/a>, <a href=\"https:\/\/elfsight.com\/online-form-builder\/templates\/file-upload-forms\/\">Formul\u00e1rios de upload de arquivos<\/a> e muitos outros. Portanto, n\u00e3o ser\u00e1 t\u00e3o dif\u00edcil encontrar o ajuste certo com os <a href=\"https:\/\/elfsight.com\/online-form-builder\/templates\/\">modelos do Form Builder<\/a>.<\/p> <\/div>\r\n\t\t\t\t\t<\/div>\r\n\t\t\t\t<\/div> <\/div> <p><\/div>\n","protected":false},"excerpt":{"rendered":"","protected":false},"author":9,"featured_media":0,"parent":596,"menu_order":0,"comment_status":"closed","ping_status":"closed","template":"templates\/template-application-platform.php","meta":{"publish_to_discourse":"","publish_post_category":"","wpdc_auto_publish_overridden":"","wpdc_topic_tags":"","wpdc_pin_topic":"","wpdc_pin_until":"","discourse_post_id":"","discourse_permalink":"","wpdc_publishing_response":"","wpdc_publishing_error":"","footnotes":""},"class_list":["post-4128","page","type-page","status-publish","hentry"],"yoast_head":"<!-- This site is optimized with the Yoast SEO plugin v25.3.1 - https:\/\/yoast.com\/wordpress\/plugins\/seo\/ -->\n<title>Crie e adicione formul\u00e1rio personalizado no Webflow gratuitamente!<\/title>\n<meta name=\"description\" content=\"Exiba o Online Form Builder em seu site Webflow em apenas alguns minutos. Cria\u00e7\u00e3o r\u00e1pida e simples de v\u00e1rios widgets de formul\u00e1rio de site pela Elfsight.\" \/>\n<meta name=\"robots\" content=\"index, follow, max-snippet:-1, max-image-preview:large, max-video-preview:-1\" \/>\n<link rel=\"canonical\" href=\"https:\/\/elfsight.com\/pt\/online-form-builder\/webflow\/\" \/>\n<meta property=\"og:locale\" content=\"pt_PT\" \/>\n<meta property=\"og:type\" content=\"article\" \/>\n<meta property=\"og:title\" content=\"Crie e adicione formul\u00e1rio personalizado no Webflow gratuitamente!\" \/>\n<meta property=\"og:description\" content=\"Exiba o Online Form Builder em seu site Webflow em apenas alguns minutos. Cria\u00e7\u00e3o r\u00e1pida e simples de v\u00e1rios widgets de formul\u00e1rio de site pela Elfsight.\" \/>\n<meta property=\"og:url\" content=\"https:\/\/elfsight.com\/pt\/online-form-builder\/webflow\/\" \/>\n<meta property=\"og:site_name\" content=\"Elfsight PT\" \/>\n<meta property=\"article:modified_time\" content=\"2026-02-03T14:44:58+00:00\" \/>\n<meta name=\"twitter:card\" content=\"summary_large_image\" \/>\n<meta name=\"twitter:label1\" content=\"Tempo estimado de leitura\" \/>\n\t<meta name=\"twitter:data1\" content=\"5 minutos\" \/>\n<!-- \/ Yoast SEO plugin. -->","yoast_head_json":{"title":"Crie e adicione formul\u00e1rio personalizado no Webflow gratuitamente!","description":"Exiba o Online Form Builder em seu site Webflow em apenas alguns minutos. Cria\u00e7\u00e3o r\u00e1pida e simples de v\u00e1rios widgets de formul\u00e1rio de site pela Elfsight.","robots":{"index":"index","follow":"follow","max-snippet":"max-snippet:-1","max-image-preview":"max-image-preview:large","max-video-preview":"max-video-preview:-1"},"canonical":"https:\/\/elfsight.com\/pt\/online-form-builder\/webflow\/","og_locale":"pt_PT","og_type":"article","og_title":"Crie e adicione formul\u00e1rio personalizado no Webflow gratuitamente!","og_description":"Exiba o Online Form Builder em seu site Webflow em apenas alguns minutos. Cria\u00e7\u00e3o r\u00e1pida e simples de v\u00e1rios widgets de formul\u00e1rio de site pela Elfsight.","og_url":"https:\/\/elfsight.com\/pt\/online-form-builder\/webflow\/","og_site_name":"Elfsight PT","article_modified_time":"2026-02-03T14:44:58+00:00","twitter_card":"summary_large_image","twitter_misc":{"Tempo estimado de leitura":"5 minutos"},"schema":{"@context":"https:\/\/schema.org","@graph":[{"@type":"WebPage","@id":"https:\/\/elfsight.com\/pt\/online-form-builder\/webflow\/","url":"https:\/\/elfsight.com\/pt\/online-form-builder\/webflow\/","name":"Crie e adicione formul\u00e1rio personalizado no Webflow gratuitamente!","isPartOf":{"@id":"https:\/\/elfsight.com\/pt\/#website"},"datePublished":"2024-05-03T06:37:51+00:00","dateModified":"2026-02-03T14:44:58+00:00","description":"Exiba o Online Form Builder em seu site Webflow em apenas alguns minutos. Cria\u00e7\u00e3o r\u00e1pida e simples de v\u00e1rios widgets de formul\u00e1rio de site pela Elfsight.","breadcrumb":{"@id":"https:\/\/elfsight.com\/pt\/online-form-builder\/webflow\/#breadcrumb"},"inLanguage":"pt-PT","potentialAction":[{"@type":"ReadAction","target":["https:\/\/elfsight.com\/pt\/online-form-builder\/webflow\/"]}]},{"@type":"BreadcrumbList","@id":"https:\/\/elfsight.com\/pt\/online-form-builder\/webflow\/#breadcrumb","itemListElement":[{"@type":"ListItem","position":1,"name":"Home","item":"https:\/\/elfsight.com\/pt\/"},{"@type":"ListItem","position":2,"name":"Form Builder","item":"https:\/\/elfsight.com\/pt\/online-form-builder\/"},{"@type":"ListItem","position":3,"name":"Form Builder &#8211; Webflow"}]},{"@type":"WebSite","@id":"https:\/\/elfsight.com\/pt\/#website","url":"https:\/\/elfsight.com\/pt\/","name":"Elfsight PT","description":"Just another Elfsight Sites site","potentialAction":[{"@type":"SearchAction","target":{"@type":"EntryPoint","urlTemplate":"https:\/\/elfsight.com\/pt\/?s={search_term_string}"},"query-input":{"@type":"PropertyValueSpecification","valueRequired":true,"valueName":"search_term_string"}}],"inLanguage":"pt-PT"}]}},"meta_box":{"industry":"","seo_heading":"","heading":"","description":"","cta_heading":"","cta_description":"","application":"595","h1":"Construtor de formul\u00e1rios online para Webflow","h1_caption":"Detalhes da constru\u00e7\u00e3o - coleta de formul\u00e1rios de todos os tipos necess\u00e1rios em a\u00e7\u00f5es r\u00e1pidas","application_category":[],"applications_title":"","applications_request_title":"","applications_request_button_text":"","hero_text":"","hero_video":"","hero_video_schema_markup":"","selling_points_title":"","selling_points_caption":"","selling_points":[],"selling_points_cta_text":"","features_title":"","features":"","ed_cta_examples_text":"","ed_cta_examples_hidden":"","ed_cta_demo_text":"","ed_cta_demo_hidden":"","why_caption":"","why_editor_title":"","why_editor_text":"","why_team_title":"","why_team_text":"","why_service_title":"","why_service_text":"","template_catalog_visible":"0","template_catalog_title":"","template_catalog_text":"","template_catalog_categories_visible":"","demo_title":"Crie seu widget Form Builder","demo_caption":"Configure seu Form Builder e adicione-o ao seu site Webflow gratuitamente!","default_faq_hidden":"","app_template_category":[],"platform":"70","template_public_id":"","codecanyon_url":"","codecanyon_item_id":"","codecanyon_price":"","pricing_caption":"","pricing_elfsight_apps_hide_column":"","pricing_elfsight_apps_url":"","pricing_codecanyon_price_caption":"","integration_category":[],"integration_request_title":"","integration_request_cta":"","integration_platform":"","integrations":[],"platform_category":[],"video_schema_markup":"","price":"a partir de US$ 0\/m\u00eas","trial":"","benefits":[{"text":"Ajuda de instala\u00e7\u00e3o gratuita"},{"text":"Atualiza\u00e7\u00f5es gratuitas cont\u00ednuas"},{"text":"Garantia de reembolso de 14 dias"},{"text":"Atendimento ao cliente profissional"}],"button_url":"#demo","button_target_blank":"0","button_nofollow":"0","attributes":[{"name":"Instala\u00e7\u00f5es","content":"100,000 - 500,000","_state":"expanded"},{"name":"Responsivo","content":"Sim","_state":"expanded"},{"name":"Navegadores compat\u00edveis","content":"Chrome, Firefox, Safari, Opera, Edge"}],"tags":[],"tags_disable_links":"0","hide_more_platforms":"0","video_object":"","demo_hide_cta":"0","demo_hide_cloud_options":"0","pricing_title":"","pricing":[{"pricing_icon":"platform","pricing_title":"Webflow widget","pricing_title_caption":"Solu\u00e7\u00e3o digital independente de plataforma","pricing_price":"a partir de US$ 0\/m\u00eas","pricing_price_caption":"comece com plano gratuito","pricing_benefits":[{"text":"N\u00famero ilimitado de sites"},{"text":"Suporte gratuito ao cliente"},{"text":"Suporte gratuito ao cliente"},{"text":"Oferta especial para v\u00e1rios aplicativos"}],"pricing_button_text":"Adicionar ao site","pricing_button_url":"#demo","_state":"expanded"}],"related_apps_title":"","related_apps_hidden":"1","author":"","image":[],"title":"","job":"","social_networks":[]},"_links":{"self":[{"href":"https:\/\/elfsight.com\/pt\/wp-json\/wp\/v2\/pages\/4128","targetHints":{"allow":["GET"]}}],"collection":[{"href":"https:\/\/elfsight.com\/pt\/wp-json\/wp\/v2\/pages"}],"about":[{"href":"https:\/\/elfsight.com\/pt\/wp-json\/wp\/v2\/types\/page"}],"author":[{"embeddable":true,"href":"https:\/\/elfsight.com\/pt\/wp-json\/wp\/v2\/users\/9"}],"replies":[{"embeddable":true,"href":"https:\/\/elfsight.com\/pt\/wp-json\/wp\/v2\/comments?post=4128"}],"version-history":[{"count":5,"href":"https:\/\/elfsight.com\/pt\/wp-json\/wp\/v2\/pages\/4128\/revisions"}],"predecessor-version":[{"id":15233,"href":"https:\/\/elfsight.com\/pt\/wp-json\/wp\/v2\/pages\/4128\/revisions\/15233"}],"up":[{"embeddable":true,"href":"https:\/\/elfsight.com\/pt\/wp-json\/wp\/v2\/pages\/596"}],"wp:attachment":[{"href":"https:\/\/elfsight.com\/pt\/wp-json\/wp\/v2\/media?parent=4128"}],"curies":[{"name":"wp","href":"https:\/\/api.w.org\/{rel}","templated":true}]}}