{"id":4125,"date":"2024-05-03T06:38:43","date_gmt":"2024-05-03T06:38:43","guid":{"rendered":"https:\/\/elfsight.com\/pt\/?page_id=4125"},"modified":"2025-02-11T10:45:07","modified_gmt":"2025-02-11T10:45:07","slug":"webflow","status":"publish","type":"page","link":"https:\/\/elfsight.com\/pt\/google-maps-widget\/webflow\/","title":{"rendered":"Google Maps &#8211; Webflow"},"content":{"rendered":"\n<div class=\"application-platform-content-item-description application-platform-content-item\" id=\"description\" data-nav-section=\"description\"><h2>Incorpore o Google Maps no Webflow com o widget Elfsight<\/h2>Uma configura\u00e7\u00e3o r\u00e1pida, uma interface universal e totalmente personalizada tornam tudo muito mais f\u00e1cil para seus clientes para procurar seus pontos no mapa. Atrair clientes reais com sucesso, adicion\u00e1-los rapidamente a um site e configur\u00e1-los torna-o talvez o melhor instrumento para cada site Webflow.<\/p> <p><b>Consiga mais clientes reais usando mapas atraentes em seu site!<\/b><\/p><ul> <li><b>Maximize a intera\u00e7\u00e3o de seus clientes com mapas<\/b>. Fa\u00e7a um mapa pessoal confort\u00e1vel para os visitantes e insira-o em seu site, para que os visitantes possam usar facilmente suas informa\u00e7\u00f5es de contato.<\/li> <li><b>Mostre uma lista completa de seus pontos no mapa<\/b>. Revele no mapa todas as lojas dispon\u00edveis, locais de venda ou coleta de mercadorias e permita que seus clientes tenham um mapa f\u00e1cil de usar para encontrar a localiza\u00e7\u00e3o dos arm\u00e1rios.<\/li> <li><b>N\u00e3o gaste seu esfor\u00e7o na constru\u00e7\u00e3o de mapas<\/b>. Todas as fun\u00e7\u00f5es est\u00e3o dispon\u00edveis em 2 cliques, para que voc\u00ea possa moldar o mapa mais poderoso para o seu site em apenas alguns segundos.<\/li> <\/ul><\/div><div class=\"application-platform-content-item-features application-platform-content-item\" id=\"features\" data-nav-section=\"features\"><h2>Principais recursos do widget do Google Maps<\/h2>Quais fun\u00e7\u00f5es tornam o mapa Elfsight o melhor para todos os sites Webflow?<ul> <li>Localiza\u00e7\u00e3o diversificada marcadores para mapa interativo;<\/li> <li>4 tipos de mapa: Roteiro, Sat\u00e9lite, H\u00edbrido, Terreno;<\/li> <li>Cart\u00e3o de informa\u00e7\u00f5es aparece para cada marcador individualmente;<\/li> <li>anima\u00e7\u00e3o de 3 marcadores tipos;<\/li> <li>Mais de 60 idiomas suportados.<\/li><\/ul><a href=\"#demo\">Estude a lista completa de caracter\u00edsticas no painel!<\/a><\/div><div class=\"application-platform-content-item-installation application-platform-content-item\" id=\"installation\" data-nav-section=\"installation\"><h2>Como adicionar o widget do Google Maps ao site do Webflow<\/h2><div class=\"video-container\"><iframe width=\"720\" height=\"405\" src=\"https:\/\/www.youtube.com\/embed\/GJlb5ZLdPuI\" frameborder=\"0\" allowfullscreen=\"\"><\/iframe><\/div>Um breve guia sobre como instalar mapas responsivos no Webflow por conta pr\u00f3pria. Para fazer isso, voc\u00ea n\u00e3o precisa contratar um desenvolvedor ou ter conhecimento para se desenvolver. A dura\u00e7\u00e3o total da configura\u00e7\u00e3o \u00e9 de apenas 3 minutos.<ol> <li><b>Gere seus mapas pessoais do Google<\/b>. Por meio de nossa demonstra\u00e7\u00e3o gratuita, crie um widget com o modelo e as capacidades necess\u00e1rias.<\/li> <li><b>Copie um c\u00f3digo para exibir o widget<\/b>. Ap\u00f3s a gera\u00e7\u00e3o do widget, adquira um c\u00f3digo para o widget de mapa a partir da notifica\u00e7\u00e3o exibida nos aplicativos Elfsight.<\/li> <li><b>Exiba o widget no site Webflow<\/b>. Integre o widget no local necess\u00e1rio da p\u00e1gina e publique as edi\u00e7\u00f5es.<\/li> <li><b>A instala\u00e7\u00e3o foi conclu\u00edda<\/b>. V\u00e1 para o site do Webflow para verificar seu mapa.<\/li><\/ol>Est\u00e1 tendo dificuldades ou problemas ao seguir o manual ou gerar seu pr\u00f3prio mapa? Leia uma instru\u00e7\u00e3o informativa \u00ab<a href=\"https:\/\/elfsight.com\/tutorials\/how-to-add-google-maps-builder-to-webflow\/\" target=\"_blank\" rel=\"noopener noreferrer\">Como para colocar um mapa no site Webflow<\/a>\u00bb ou deixe uma solicita\u00e7\u00e3o no suporte ao cliente e teremos prazer em ajud\u00e1-lo a criar e exibir mapas em seu site.<div class=\"faq\" data-component=\"FAQ\"><div class=\"faq-item\">\r\n\t\t\t\t\t<div class=\"faq-item-question\">\r\n\t\t\t\t\t\t<h3 class=\"faq-item-question-text\">Como posso adicionar o Google Maps ao meu website Webflow sem conhecimentos de codifica\u00e7\u00e3o?<\/h3>\r\n\r\n\t\t\t\t\t\t<div class=\"faq-item-question-icon\"><\/div>\r\n\t\t\t\t\t<\/div>\r\n\r\n\t\t\t\t\t<div class=\"faq-item-answer\">\r\n\t\t\t\t\t\t<div class=\"faq-item-answer-text\"> <p>A Elfsight fornece uma solu\u00e7\u00e3o SaaS que lhe permite criar voc\u00ea mesmo um widget do Google Maps. Veja como o processo \u00e9 f\u00e1cil: Trabalhe diretamente no Editor online para criar um widget do Google Maps que pretenda para ver em seu site Webflow. Escolha um dos modelos predefinidos e ajuste as configura\u00e7\u00f5es do Google Maps, adicione seu conte\u00fado, altere o layout e as cores sem nenhuma habilidade de codifica\u00e7\u00e3o. Salve o Google Maps e copie seu c\u00f3digo de instala\u00e7\u00e3o, que voc\u00ea pode colar facilmente em seu site Webflow sem comprar uma assinatura paga.<\/p><p> Com nosso editor intuitivo, qualquer usu\u00e1rio da Internet pode criar um widget do Google Maps on-line e incorpor\u00e1-lo facilmente ao seu site Webflow. N\u00e3o h\u00e1 necessidade de pagar ou inserir as credenciais do seu cart\u00e3o para acessar o servi\u00e7o. Se voc\u00ea enfrentar qualquer problema em qualquer etapa, n\u00e3o hesite em entrar em contato com nossa equipe de suporte t\u00e9cnico.<\/p> <\/div>\r\n\t\t\t\t\t<\/div>\r\n\t\t\t\t<\/div> <\/div><\/div>\n","protected":false},"excerpt":{"rendered":"","protected":false},"author":9,"featured_media":0,"parent":635,"menu_order":0,"comment_status":"closed","ping_status":"closed","template":"templates\/template-application-platform.php","meta":{"publish_to_discourse":"","publish_post_category":"","wpdc_auto_publish_overridden":"","wpdc_topic_tags":"","wpdc_pin_topic":"","wpdc_pin_until":"","discourse_post_id":"","discourse_permalink":"","wpdc_publishing_response":"","wpdc_publishing_error":"","footnotes":""},"class_list":["post-4125","page","type-page","status-publish","hentry"],"yoast_head":"<!-- This site is optimized with the Yoast SEO plugin v25.3.1 - https:\/\/yoast.com\/wordpress\/plugins\/seo\/ -->\n<title>Google Maps - Adicionar widget de mapa ao site Webflow<\/title>\n<meta name=\"description\" content=\"Crie um widget do Google Maps personalizado para o site Webflow. Instale mapas interativos em apenas 3 minutos gratuitamente no painel de plug-ins mais r\u00e1pido.\" \/>\n<meta name=\"robots\" content=\"index, follow, max-snippet:-1, max-image-preview:large, max-video-preview:-1\" \/>\n<link rel=\"canonical\" href=\"https:\/\/elfsight.com\/pt\/google-maps-widget\/webflow\/\" \/>\n<meta property=\"og:locale\" content=\"pt_PT\" \/>\n<meta property=\"og:type\" content=\"article\" \/>\n<meta property=\"og:title\" content=\"Google Maps - Adicionar widget de mapa ao site Webflow\" \/>\n<meta property=\"og:description\" content=\"Crie um widget do Google Maps personalizado para o site Webflow. Instale mapas interativos em apenas 3 minutos gratuitamente no painel de plug-ins mais r\u00e1pido.\" \/>\n<meta property=\"og:url\" content=\"https:\/\/elfsight.com\/pt\/google-maps-widget\/webflow\/\" \/>\n<meta property=\"og:site_name\" content=\"Elfsight PT\" \/>\n<meta property=\"article:modified_time\" content=\"2025-02-11T10:45:07+00:00\" \/>\n<meta name=\"twitter:card\" content=\"summary_large_image\" \/>\n<meta name=\"twitter:label1\" content=\"Tempo estimado de leitura\" \/>\n\t<meta name=\"twitter:data1\" content=\"4 minutos\" \/>\n<!-- \/ Yoast SEO plugin. -->","yoast_head_json":{"title":"Google Maps - Adicionar widget de mapa ao site Webflow","description":"Crie um widget do Google Maps personalizado para o site Webflow. Instale mapas interativos em apenas 3 minutos gratuitamente no painel de plug-ins mais r\u00e1pido.","robots":{"index":"index","follow":"follow","max-snippet":"max-snippet:-1","max-image-preview":"max-image-preview:large","max-video-preview":"max-video-preview:-1"},"canonical":"https:\/\/elfsight.com\/pt\/google-maps-widget\/webflow\/","og_locale":"pt_PT","og_type":"article","og_title":"Google Maps - Adicionar widget de mapa ao site Webflow","og_description":"Crie um widget do Google Maps personalizado para o site Webflow. Instale mapas interativos em apenas 3 minutos gratuitamente no painel de plug-ins mais r\u00e1pido.","og_url":"https:\/\/elfsight.com\/pt\/google-maps-widget\/webflow\/","og_site_name":"Elfsight PT","article_modified_time":"2025-02-11T10:45:07+00:00","twitter_card":"summary_large_image","twitter_misc":{"Tempo estimado de leitura":"4 minutos"},"schema":{"@context":"https:\/\/schema.org","@graph":[{"@type":"WebPage","@id":"https:\/\/elfsight.com\/pt\/google-maps-widget\/webflow\/","url":"https:\/\/elfsight.com\/pt\/google-maps-widget\/webflow\/","name":"Google Maps - Adicionar widget de mapa ao site Webflow","isPartOf":{"@id":"https:\/\/elfsight.com\/pt\/#website"},"datePublished":"2024-05-03T06:38:43+00:00","dateModified":"2025-02-11T10:45:07+00:00","description":"Crie um widget do Google Maps personalizado para o site Webflow. Instale mapas interativos em apenas 3 minutos gratuitamente no painel de plug-ins mais r\u00e1pido.","breadcrumb":{"@id":"https:\/\/elfsight.com\/pt\/google-maps-widget\/webflow\/#breadcrumb"},"inLanguage":"pt-PT","potentialAction":[{"@type":"ReadAction","target":["https:\/\/elfsight.com\/pt\/google-maps-widget\/webflow\/"]}]},{"@type":"BreadcrumbList","@id":"https:\/\/elfsight.com\/pt\/google-maps-widget\/webflow\/#breadcrumb","itemListElement":[{"@type":"ListItem","position":1,"name":"Home","item":"https:\/\/elfsight.com\/pt\/"},{"@type":"ListItem","position":2,"name":"Google Maps","item":"https:\/\/elfsight.com\/pt\/google-maps-widget\/"},{"@type":"ListItem","position":3,"name":"Google Maps &#8211; Webflow"}]},{"@type":"WebSite","@id":"https:\/\/elfsight.com\/pt\/#website","url":"https:\/\/elfsight.com\/pt\/","name":"Elfsight PT","description":"Just another Elfsight Sites site","potentialAction":[{"@type":"SearchAction","target":{"@type":"EntryPoint","urlTemplate":"https:\/\/elfsight.com\/pt\/?s={search_term_string}"},"query-input":{"@type":"PropertyValueSpecification","valueRequired":true,"valueName":"search_term_string"}}],"inLanguage":"pt-PT"}]}},"meta_box":{"industry":"","seo_heading":"","heading":"","description":"","cta_heading":"","cta_description":"","application":"634","h1":"Widget do Google Maps para Webflow","h1_caption":"Facilite ao m\u00e1ximo a pesquisa de sua loja off-line para cada visitante do seu site","application_category":[],"applications_title":"","applications_request_title":"","applications_request_button_text":"","hero_text":"","hero_video":"","hero_video_schema_markup":"","selling_points_title":"","selling_points_caption":"","selling_points":[],"selling_points_cta_text":"","features_title":"","features":"","ed_cta_examples_text":"","ed_cta_examples_hidden":"","ed_cta_demo_text":"","ed_cta_demo_hidden":"","why_caption":"","why_editor_title":"","why_editor_text":"","why_team_title":"","why_team_text":"","why_service_title":"","why_service_text":"","template_catalog_visible":"0","template_catalog_title":"","template_catalog_text":"","template_catalog_categories_visible":"","demo_title":"Crie seu widget do Google Maps","demo_caption":"Configure seu Google Maps e adicione-o ao seu site Webflow gratuitamente!","default_faq_hidden":"","app_template_category":[],"platform":"70","template_public_id":"","codecanyon_url":"","codecanyon_item_id":"","codecanyon_price":"","pricing_caption":"","pricing_elfsight_apps_hide_column":"","pricing_elfsight_apps_url":"","pricing_codecanyon_price_caption":"","integration_category":[],"integration_request_title":"","integration_request_cta":"","integration_platform":"","integrations":[],"platform_category":[],"video_schema_markup":"","price":"a partir de US$ 0\/m\u00eas","trial":"","benefits":[{"text":"Ajuda de instala\u00e7\u00e3o gratuita"},{"text":"Atendimento ao cliente profissional"},{"text":"Garantia de reembolso de 14 dias"},{"text":"Futuras atualiza\u00e7\u00f5es gratuitas"}],"button_url":"#demo","button_target_blank":"0","button_nofollow":"0","attributes":[{"name":"Instala\u00e7\u00f5es","content":"100,000 - 500,000","_state":"expanded"},{"name":"Responsivo","content":"Sim","_state":"expanded"},{"name":"Navegadores compat\u00edveis","content":"Opera, Edge, Firefox, Safari, Chrome"}],"tags":[],"tags_disable_links":"0","hide_more_platforms":"0","video_object":"","demo_hide_cta":"0","demo_hide_cloud_options":"0","pricing_title":"","pricing":[{"pricing_icon":"platform","pricing_title":"Webflow widget","pricing_title_caption":"Software multiplataforma que funciona em qualquer site (incluindo Webflow)","pricing_price":"a partir de US$ 0\/m\u00eas","pricing_price_caption":"comece com plano gratuito","pricing_benefits":[{"text":"Sites ilimitados"},{"text":"Suporte profissional e pontual"},{"text":"Suporte profissional e pontual"},{"text":"Oferta especial para v\u00e1rios aplicativos"}],"pricing_button_text":"Adicionar ao site","pricing_button_url":"#demo","_state":"expanded"}],"related_apps_title":"","related_apps_hidden":"1","author":"","image":[],"title":"","job":"","social_networks":[]},"_links":{"self":[{"href":"https:\/\/elfsight.com\/pt\/wp-json\/wp\/v2\/pages\/4125","targetHints":{"allow":["GET"]}}],"collection":[{"href":"https:\/\/elfsight.com\/pt\/wp-json\/wp\/v2\/pages"}],"about":[{"href":"https:\/\/elfsight.com\/pt\/wp-json\/wp\/v2\/types\/page"}],"author":[{"embeddable":true,"href":"https:\/\/elfsight.com\/pt\/wp-json\/wp\/v2\/users\/9"}],"replies":[{"embeddable":true,"href":"https:\/\/elfsight.com\/pt\/wp-json\/wp\/v2\/comments?post=4125"}],"version-history":[{"count":4,"href":"https:\/\/elfsight.com\/pt\/wp-json\/wp\/v2\/pages\/4125\/revisions"}],"predecessor-version":[{"id":13879,"href":"https:\/\/elfsight.com\/pt\/wp-json\/wp\/v2\/pages\/4125\/revisions\/13879"}],"up":[{"embeddable":true,"href":"https:\/\/elfsight.com\/pt\/wp-json\/wp\/v2\/pages\/635"}],"wp:attachment":[{"href":"https:\/\/elfsight.com\/pt\/wp-json\/wp\/v2\/media?parent=4125"}],"curies":[{"name":"wp","href":"https:\/\/api.w.org\/{rel}","templated":true}]}}