{"id":4124,"date":"2024-05-03T06:36:26","date_gmt":"2024-05-03T06:36:26","guid":{"rendered":"https:\/\/elfsight.com\/pt\/?page_id=4124"},"modified":"2024-11-13T12:09:36","modified_gmt":"2024-11-13T12:09:36","slug":"squarespace","status":"publish","type":"page","link":"https:\/\/elfsight.com\/pt\/facebook-reviews-widget\/squarespace\/","title":{"rendered":"Facebook Reviews &#8211; Squarespace"},"content":{"rendered":"<div class=\"application-platform-content-item-description application-platform-content-item\" id=\"description\" data-nav-section=\"description\"><h2>Incorpore avalia\u00e7\u00f5es do Facebook no Squarespace com o widget Elfsight<\/h2><p>Exiba as avalia\u00e7\u00f5es dos seus clientes do Facebook no site por meio da Elfsight Avalia\u00e7\u00f5es do Facebook e mostre sua confiabilidade. O p\u00fablico do site poder\u00e1 ver o que os usu\u00e1rios dizem sobre voc\u00ea no Facebook em um widget com design limpo e detalhes originais do Facebook. A interface \u00e9 ajust\u00e1vel e possui classifica\u00e7\u00e3o por estrelas, informa\u00e7\u00f5es do autor, componentes altern\u00e1veis \u200b\u200b\u200b\u200be layout predefinido e variantes de modelo. Atrav\u00e9s das Avalia\u00e7\u00f5es do Facebook da Elfsight, voc\u00ea pode mostrar um bot\u00e3o para escrever uma nova avalia\u00e7\u00e3o e receber novos coment\u00e1rios.<\/p><p><b>Obtenha mais feedback dos clientes demonstrando as avalia\u00e7\u00f5es do Facebook, permitindo deixar novas!<\/b><\/p> <ul><li><b>Aumente a credibilidade exibindo avalia\u00e7\u00f5es de clientes reais<\/b><br>Convence os usu\u00e1rios de que suas avalia\u00e7\u00f5es s\u00e3o genu\u00ednas usando informa\u00e7\u00f5es completas do autor e aumente a credibilidade de sua marca.<\/li><li><b>Inspire novas avalia\u00e7\u00f5es com o bot\u00e3o de call to action<\/b><br>Gra\u00e7as ao acesso r\u00e1pido \u00e0 sua p\u00e1gina do Facebook e ao atraente bot\u00e3o de call to action, voc\u00ea pode receber mais feedback dos clientes.<\/li><li><b>Obtenha uma compreens\u00e3o mais clara de suas ofertas<\/b><br>Mostrar seus produtos por meio da experi\u00eancia do usu\u00e1rio dos clientes ajudar\u00e1 os clientes em potencial a entend\u00ea-los melhor.<\/li><\/ul><\/div><div class=\"application-platform-content-item- features application-platform-content-item\" id=\" features\" data-nav-section=\" features\"><h2>Principais recursos do widget Facebook Reviews<\/h2><p>Principais recursos do widget Elfsight, que o tornam a forma perfeita do Squarespace para inserir o plugin:<\/p><ul><li>22 idiomas predefinidos suportados;<\/li><li>Navega\u00e7\u00e3o com setas e arrastamentos no layout Slider;<\/li><li>Escolha do tipo de pagina\u00e7\u00e3o no layout Slider;<\/li><li>Bot\u00e3o de solicita\u00e7\u00e3o de revis\u00e3o para redirecionamento na p\u00e1gina do Facebook;<\/li><li>T\u00edtulo do widget edit\u00e1vel com tamanho e peso de fonte ajust\u00e1veis;<\/li><\/ul><p><a href=\"#demo\">Experimente o conjunto completo de benef\u00edcios no editor!<\/a><\/p><\/div><div class=\"application-platform-content-item-installation application-platform-content-item\" id=\"installation\" data-nav-section=\"installation\"><h2>Como adicionar avalia\u00e7\u00f5es do Facebook ao site do Squarespace<\/h2><div class=\"video-container\"><iframe width=\"720\" height=\"405\" src=\"https:\/\/www.youtube.com\/embed\/0KgPIvf_CEk\" frameborder=\"0\" allowfullscreen=\"\"><\/iframe><\/div><p>Para fazer a incorpora\u00e7\u00e3o voc\u00ea n\u00e3o precisa ter conhecimento em programa\u00e7\u00e3o ou muito tempo. Apenas algumas a\u00e7\u00f5es simples e 2 minutos.<\/p><ol><li><b>Construa suas avalia\u00e7\u00f5es personalizadas do Facebook<\/b><br> Com nosso editor gratuito, crie um plug-in com o layout e as configura\u00e7\u00f5es necess\u00e1rias.<\/li><li><b>Adquira um c\u00f3digo para adicionar o plugin<\/b><br> Ap\u00f3s a personaliza\u00e7\u00e3o do widget, obtenha um c\u00f3digo para o plugin Reviews na notifica\u00e7\u00e3o que aparece nas aplica\u00e7\u00f5es Elfsight.<\/li><li><b>Publicar o plugin no site do SquareSpace<\/b><br> Coloque o plugin no local desejado do site e salve as altera\u00e7\u00f5es.<\/li><li><b>Conclu\u00eddo!<\/b><br> V\u00e1 para o seu site , para verificar seu trabalho.<\/li><\/ol><p>Acha dif\u00edcil adicionar ou personalizar seu pr\u00f3prio plugin? N\u00e3o hesite em entrar em contato com nosso suporte ao cliente.<\/p><div class=\"faq\" data-component=\"FAQ\"> <div class=\"faq-item\">\r\n\t\t\t\t\t<div class=\"faq-item-question\">\r\n\t\t\t\t\t\t<h3 class=\"faq-item-question-text\">Como adicionar coment\u00e1rios do Facebook ao meu site Squarespace sem habilidades de codifica\u00e7\u00e3o?<\/h3>\r\n\r\n\t\t\t\t\t\t<div class=\"faq-item-question-icon\"><\/div>\r\n\t\t\t\t\t<\/div>\r\n\r\n\t\t\t\t\t<div class=\"faq-item-answer\">\r\n\t\t\t\t\t\t<div class=\"faq-item-answer-text\"> <p>A Elfsight fornece uma solu\u00e7\u00e3o SaaS que permite criar um Widget de Avalia\u00e7\u00f5es do Facebook, veja como o processo \u00e9 f\u00e1cil: Trabalhe diretamente no Editor on-line para criar um widget de Avalia\u00e7\u00f5es do Facebook que voc\u00ea gostaria de ver em seu site do Squarespace. Escolha um dos modelos predefinidos e ajuste as configura\u00e7\u00f5es de Avalia\u00e7\u00f5es do Facebook, adicione seu conte\u00fado, altere o layout e as cores sem habilidades de codifica\u00e7\u00e3o. Salve as avalia\u00e7\u00f5es do Facebook e copie seu c\u00f3digo de instala\u00e7\u00e3o, que voc\u00ea pode incluir no seu site do Squarespace sem comprar uma vers\u00e3o paga. Com nosso editor intuitivo, qualquer usu\u00e1rio da Internet pode criar um widget de avalia\u00e7\u00f5es do Facebook on-line e incorpor\u00e1-lo facilmente ao site do Squarespace. N\u00e3o h\u00e1 necessidade de pagar ou inserir as credenciais do seu cart\u00e3o para acessar o servi\u00e7o. Se voc\u00ea enfrentar qualquer problema em qualquer etapa, n\u00e3o hesite em entrar em contato com nossa equipe de suporte t\u00e9cnico.<\/p> <\/div>\r\n\t\t\t\t\t<\/div>\r\n\t\t\t\t<\/div> <\/div> <\/div>","protected":false},"excerpt":{"rendered":"","protected":false},"author":9,"featured_media":0,"parent":576,"menu_order":0,"comment_status":"closed","ping_status":"closed","template":"templates\/template-application-platform.php","meta":{"publish_to_discourse":"","publish_post_category":"","wpdc_auto_publish_overridden":"","wpdc_topic_tags":"","wpdc_pin_topic":"","wpdc_pin_until":"","discourse_post_id":"","discourse_permalink":"","wpdc_publishing_response":"","wpdc_publishing_error":"","footnotes":""},"class_list":["post-4124","page","type-page","status-publish","hentry"],"yoast_head":"<!-- This site is optimized with the Yoast SEO plugin v25.3.1 - https:\/\/yoast.com\/wordpress\/plugins\/seo\/ -->\n<title>O melhor plugin de avalia\u00e7\u00f5es do Facebook para o site Squarespace (2025)<\/title>\n<meta name=\"description\" content=\"Construa seu plugin pessoal de avalia\u00e7\u00f5es do Facebook para Squarespace em apenas 80 segundos. Use a demonstra\u00e7\u00e3o mais f\u00e1cil para configurar widgets da Elfsight totalmente gratuita.\" \/>\n<meta name=\"robots\" content=\"index, follow, max-snippet:-1, max-image-preview:large, max-video-preview:-1\" \/>\n<link rel=\"canonical\" href=\"https:\/\/elfsight.com\/pt\/facebook-reviews-widget\/squarespace\/\" \/>\n<meta property=\"og:locale\" content=\"pt_PT\" \/>\n<meta property=\"og:type\" content=\"article\" \/>\n<meta property=\"og:title\" content=\"O melhor plugin de avalia\u00e7\u00f5es do Facebook para o site Squarespace (2025)\" \/>\n<meta property=\"og:description\" content=\"Construa seu plugin pessoal de avalia\u00e7\u00f5es do Facebook para Squarespace em apenas 80 segundos. Use a demonstra\u00e7\u00e3o mais f\u00e1cil para configurar widgets da Elfsight totalmente gratuita.\" \/>\n<meta property=\"og:url\" content=\"https:\/\/elfsight.com\/pt\/facebook-reviews-widget\/squarespace\/\" \/>\n<meta property=\"og:site_name\" content=\"Elfsight PT\" \/>\n<meta property=\"article:modified_time\" content=\"2024-11-13T12:09:36+00:00\" \/>\n<meta name=\"twitter:card\" content=\"summary_large_image\" \/>\n<meta name=\"twitter:label1\" content=\"Tempo estimado de leitura\" \/>\n\t<meta name=\"twitter:data1\" content=\"2 minutos\" \/>\n<!-- \/ Yoast SEO plugin. -->","yoast_head_json":{"title":"O melhor plugin de avalia\u00e7\u00f5es do Facebook para o site Squarespace (2025)","description":"Construa seu plugin pessoal de avalia\u00e7\u00f5es do Facebook para Squarespace em apenas 80 segundos. Use a demonstra\u00e7\u00e3o mais f\u00e1cil para configurar widgets da Elfsight totalmente gratuita.","robots":{"index":"index","follow":"follow","max-snippet":"max-snippet:-1","max-image-preview":"max-image-preview:large","max-video-preview":"max-video-preview:-1"},"canonical":"https:\/\/elfsight.com\/pt\/facebook-reviews-widget\/squarespace\/","og_locale":"pt_PT","og_type":"article","og_title":"O melhor plugin de avalia\u00e7\u00f5es do Facebook para o site Squarespace (2025)","og_description":"Construa seu plugin pessoal de avalia\u00e7\u00f5es do Facebook para Squarespace em apenas 80 segundos. Use a demonstra\u00e7\u00e3o mais f\u00e1cil para configurar widgets da Elfsight totalmente gratuita.","og_url":"https:\/\/elfsight.com\/pt\/facebook-reviews-widget\/squarespace\/","og_site_name":"Elfsight PT","article_modified_time":"2024-11-13T12:09:36+00:00","twitter_card":"summary_large_image","twitter_misc":{"Tempo estimado de leitura":"2 minutos"},"schema":{"@context":"https:\/\/schema.org","@graph":[{"@type":"WebPage","@id":"https:\/\/elfsight.com\/pt\/facebook-reviews-widget\/squarespace\/","url":"https:\/\/elfsight.com\/pt\/facebook-reviews-widget\/squarespace\/","name":"O melhor plugin de avalia\u00e7\u00f5es do Facebook para o site Squarespace (2025)","isPartOf":{"@id":"https:\/\/elfsight.com\/pt\/#website"},"datePublished":"2024-05-03T06:36:26+00:00","dateModified":"2024-11-13T12:09:36+00:00","description":"Construa seu plugin pessoal de avalia\u00e7\u00f5es do Facebook para Squarespace em apenas 80 segundos. Use a demonstra\u00e7\u00e3o mais f\u00e1cil para configurar widgets da Elfsight totalmente gratuita.","breadcrumb":{"@id":"https:\/\/elfsight.com\/pt\/facebook-reviews-widget\/squarespace\/#breadcrumb"},"inLanguage":"pt-PT","potentialAction":[{"@type":"ReadAction","target":["https:\/\/elfsight.com\/pt\/facebook-reviews-widget\/squarespace\/"]}]},{"@type":"BreadcrumbList","@id":"https:\/\/elfsight.com\/pt\/facebook-reviews-widget\/squarespace\/#breadcrumb","itemListElement":[{"@type":"ListItem","position":1,"name":"Home","item":"https:\/\/elfsight.com\/pt\/"},{"@type":"ListItem","position":2,"name":"Facebook Reviews","item":"https:\/\/elfsight.com\/pt\/facebook-reviews-widget\/"},{"@type":"ListItem","position":3,"name":"Facebook Reviews &#8211; Squarespace"}]},{"@type":"WebSite","@id":"https:\/\/elfsight.com\/pt\/#website","url":"https:\/\/elfsight.com\/pt\/","name":"Elfsight PT","description":"Just another Elfsight Sites site","potentialAction":[{"@type":"SearchAction","target":{"@type":"EntryPoint","urlTemplate":"https:\/\/elfsight.com\/pt\/?s={search_term_string}"},"query-input":{"@type":"PropertyValueSpecification","valueRequired":true,"valueName":"search_term_string"}}],"inLanguage":"pt-PT"}]}},"meta_box":{"industry":"","seo_heading":"","heading":"","description":"","cta_heading":"","cta_description":"","application":"575","h1":"Plug-in de avalia\u00e7\u00f5es do Facebook do Squarespace","h1_caption":"Exiba seus coment\u00e1rios do Facebook no site sem nenhum esfor\u00e7o!","application_category":[],"applications_title":"","applications_request_title":"","applications_request_button_text":"","hero_text":"","hero_video":"","hero_video_schema_markup":"","selling_points_title":"","selling_points_caption":"","selling_points":[],"selling_points_cta_text":"","features_title":"","features":"","ed_cta_examples_text":"","ed_cta_examples_hidden":"","ed_cta_demo_text":"","ed_cta_demo_hidden":"","why_caption":"","why_editor_title":"","why_editor_text":"","why_team_title":"","why_team_text":"","why_service_title":"","why_service_text":"","template_catalog_visible":"","template_catalog_title":"","template_catalog_text":"","template_catalog_categories_visible":"","demo_title":"Crie seu plugin de avalia\u00e7\u00f5es do Facebook","demo_caption":"Configure suas avalia\u00e7\u00f5es do Facebook e adicione-as ao seu site do Squarespace gratuitamente!","default_faq_hidden":"","app_template_category":[],"platform":"67","template_public_id":"","codecanyon_url":"","codecanyon_item_id":"","codecanyon_price":"","pricing_caption":"","pricing_elfsight_apps_hide_column":"","pricing_elfsight_apps_url":"","pricing_codecanyon_price_caption":"","integration_category":[],"integration_request_title":"","integration_request_cta":"","integration_platform":"","integrations":[],"platform_category":[],"video_schema_markup":"","price":"a partir de US$ 0\/m\u00eas","trial":"","benefits":[{"text":"Ajuda de instala\u00e7\u00e3o gratuita"},{"text":"Suporte ao cliente experiente"},{"text":"Garantia de devolu\u00e7\u00e3o do dinheiro em 14 dias"},{"text":"Desenvolvimento cont\u00ednuo"}],"button_url":"#demo","button_target_blank":"0","button_nofollow":"0","attributes":[{"name":"Instala\u00e7\u00f5es","content":"10,000 - 100,000","_state":"expanded"},{"name":"Responsivo","content":"Sim","_state":"expanded"},{"name":"Navegadores compat\u00edveis","content":"Firefox, Safari, Opera, Chrome, Edge"}],"tags":[],"tags_disable_links":"0","hide_more_platforms":"","video_object":"","demo_hide_cta":"0","demo_hide_cloud_options":"0","pricing_title":"","pricing":[{"pricing_icon":"platform","pricing_title":"Elfsight Apps","pricing_title_caption":"Vers\u00e3o multiplataforma que funciona em qualquer site","pricing_price":"a partir de US$ 0\/m\u00eas","pricing_price_caption":"comece com plano gratuito","pricing_benefits":[{"text":"Dom\u00ednios ilimitados"},{"text":"Suporte 24 horas por dia, 7 dias por semana e bem documentado"},{"text":"Suporte 24 horas por dia, 7 dias por semana e bem documentado"},{"text":"Totalmente personaliz\u00e1vel"}],"pricing_button_text":"Adicionar ao site","pricing_button_url":"#demo","_state":"expanded"}],"related_apps_title":"","related_apps_hidden":"1","author":"","image":[],"title":"","job":"","social_networks":[]},"_links":{"self":[{"href":"https:\/\/elfsight.com\/pt\/wp-json\/wp\/v2\/pages\/4124","targetHints":{"allow":["GET"]}}],"collection":[{"href":"https:\/\/elfsight.com\/pt\/wp-json\/wp\/v2\/pages"}],"about":[{"href":"https:\/\/elfsight.com\/pt\/wp-json\/wp\/v2\/types\/page"}],"author":[{"embeddable":true,"href":"https:\/\/elfsight.com\/pt\/wp-json\/wp\/v2\/users\/9"}],"replies":[{"embeddable":true,"href":"https:\/\/elfsight.com\/pt\/wp-json\/wp\/v2\/comments?post=4124"}],"version-history":[{"count":2,"href":"https:\/\/elfsight.com\/pt\/wp-json\/wp\/v2\/pages\/4124\/revisions"}],"predecessor-version":[{"id":11833,"href":"https:\/\/elfsight.com\/pt\/wp-json\/wp\/v2\/pages\/4124\/revisions\/11833"}],"up":[{"embeddable":true,"href":"https:\/\/elfsight.com\/pt\/wp-json\/wp\/v2\/pages\/576"}],"wp:attachment":[{"href":"https:\/\/elfsight.com\/pt\/wp-json\/wp\/v2\/media?parent=4124"}],"curies":[{"name":"wp","href":"https:\/\/api.w.org\/{rel}","templated":true}]}}