{"id":4121,"date":"2024-05-03T06:37:52","date_gmt":"2024-05-03T06:37:52","guid":{"rendered":"https:\/\/elfsight.com\/pt\/?page_id=4121"},"modified":"2025-02-05T10:19:30","modified_gmt":"2025-02-05T10:19:30","slug":"squarespace","status":"publish","type":"page","link":"https:\/\/elfsight.com\/pt\/online-form-builder\/squarespace\/","title":{"rendered":"Form Builder &#8211; Squarespace"},"content":{"rendered":"<div class=\"application-platform-content-item-description application-platform-content-item\" id=\"description\" data-nav-section=\"description\">\n<h2>Construtor de formul\u00e1rios personalizados para Squarespace<\/h2>\nNosso Form Builder \u00e9 uma ferramenta vers\u00e1til que permite criar v\u00e1rios tipos de formul\u00e1rios, incluindo formul\u00e1rios de inscri\u00e7\u00e3o no Squarespace, formul\u00e1rios de v\u00e1rias etapas, formul\u00e1rios de registro formul\u00e1rios, formul\u00e1rios de pesquisa e muito mais. Exiba-os em seu site e colete informa\u00e7\u00f5es de seus clientes existentes e potenciais. Personalize a estrutura do formul\u00e1rio e escolha entre uma ampla variedade de elementos de formul\u00e1rio para criar formul\u00e1rios personalizados que atendam \u00e0s suas necessidades de neg\u00f3cios. Se voc\u00ea precisa coletar feedback, avalia\u00e7\u00f5es, pedidos ou compras &#8211; nosso Form Builder o ajudar\u00e1 a criar um formul\u00e1rio que atenda \u00e0s suas necessidades. Com um design responsivo e uma variedade de componentes pr\u00e9-constru\u00eddos, seu formul\u00e1rio ser\u00e1 f\u00e1cil de usar para seus clientes e eficaz para voc\u00ea.\n\n<b>Receba feedback dos clientes, processe reservas e perguntas dos clientes do seu site!<\/b>\n<ul>\n \t<li><b>Crie formul\u00e1rios atraentes para coletar mais feedback<\/b>. Voc\u00ea tem dispon\u00edvel um rico conjunto de elementos que permitem criar formul\u00e1rios divertidos e pr\u00e1ticos. V\u00e1rios ajustes de estilo do widget Elfsight permitir\u00e3o torn\u00e1-lo mais brilhante e atrair mais p\u00fablico para preenchimento.<\/li>\n \t<li><b>Aumente o n\u00famero de leads com formul\u00e1rios gerenci\u00e1veis<\/b>. N\u00e3o deixe os clientes abandonarem o preenchimento processo inacabado. Gere formul\u00e1rios com etapas simples e padr\u00f5es convenientes, que manter\u00e3o os usu\u00e1rios engajados at\u00e9 a \u00faltima etapa e aumentar\u00e3o seus leads.<\/li>\n \t<li><b>Economize tempo e dinheiro com uma ferramenta multifuncional<\/b>. N\u00e3o h\u00e1 precisa adquirir diversos instrumentos para cobrir todas as suas necessidades no design de formul\u00e1rios de feedback para o seu site. Nosso Form Builder permite gerar o formul\u00e1rio mais \u00fatil para receber informa\u00e7\u00f5es de todas as categorias, gra\u00e7as aos seus componentes variados e composi\u00e7\u00e3o responsiva.<\/li>\n<\/ul>\n<\/div><div class=\"application-platform-content-item-features application-platform-content-item\" id=\"features\" data-nav-section=\"features\">\n<h2>Recursos do plug-in Form Builder<\/h2>\nO que torna o Form Builder online da Elfsight um dos principais plug-ins do Squarespace para coletar avalia\u00e7\u00f5es e solicita\u00e7\u00f5es de clientes?\n<ul>\n \t<li>Exibir o cabe\u00e7alho do formul\u00e1rio com t\u00edtulo e texto;<\/li>\n \t<li>Edit\u00e1vel texto do bot\u00e3o enviar;<\/li>\n \t<li>Escolha o cen\u00e1rio ap\u00f3s o envio do formul\u00e1rio: Mensagem de agradecimento, redirecionamento para outra p\u00e1gina ou oculta\u00e7\u00e3o de formul\u00e1rio;<\/li>\n \t<li>Defina a largura personalizada do formul\u00e1rio em Padr\u00e3o e Caixa layouts;<\/li>\n \t<li>5 estilos predefinidos para campos de formul\u00e1rio.<\/li>\n<\/ul>\n<a href=\"#demo\">Experimente todos<\/a><\/div><div class=\"application-platform-content-item-installation  application-platform-content-item\" id=\"installation \" data-nav-section=\"installation \">\n<h2>Como adicionar o widget Form Builder ao site do SquareSpace<\/h2>\n<div class=\"video-container\"><iframe src=\"https:\/\/www.youtube.com\/embed\/aQin9AQ5iDA\" width=\"720\" height=\"405\" frameborder=\"0\" allowfullscreen=\"allowfullscreen\"><\/iframe><\/div>\nPlano introdut\u00f3rio sobre como adicionar bot\u00f5es sem conhecimento em programa\u00e7\u00e3o ou contrata\u00e7\u00e3o de um programador paralelo. A implementa\u00e7\u00e3o do guia levar\u00e1 menos de alguns minutos.\n<ol>\n \t<li><b>Crie seu criador de formul\u00e1rios personalizado<\/b>. Com a ajuda de nossa demonstra\u00e7\u00e3o gratuita, crie um plug-in com o layout e as fun\u00e7\u00f5es necess\u00e1rias.<\/li>\n \t<li><b>Copie o c\u00f3digo para integra\u00e7\u00e3o do plugin<\/b>. Ap\u00f3s a configura\u00e7\u00e3o do widget, receba o c\u00f3digo do plugin Form na janela que aparece nas aplica\u00e7\u00f5es Elfsight.<\/li>\n \t<li><b>Exibi\u00e7\u00e3o o plugin no site do SquareSpace<\/b>. Publique o plugin na p\u00e1gina necess\u00e1ria do site e salve as edi\u00e7\u00f5es.<\/li>\n \t<li><b>Voc\u00ea executou a instala\u00e7\u00e3o completamente<\/b>.V\u00e1 para o seu site, para verificar seu trabalho.<\/li>\n<\/ol>\nTem alguma d\u00favida relacionada \u00e0 aplica\u00e7\u00e3o das instru\u00e7\u00f5es? Entre em contato com nossa equipe de suporte ou veja a vers\u00e3o completa das instru\u00e7\u00f5es \u00ab<a href=\"https:\/\/elfsight.com\/blog\/how-to-embed-form-on-squarespace-website\/\" target=\"_blank \" rel=\"noopener\">Como instalar o Form Builder no Squarespace<\/a>\u00bb e fa\u00e7a a configura\u00e7\u00e3o voc\u00ea mesmo.<div class=\"faq\" data-component=\"FAQ\"> <div class=\"faq-item\">\r\n\t\t\t\t\t<div class=\"faq-item-question\">\r\n\t\t\t\t\t\t<h3 class=\"faq-item-question-text\">Existe algum modelo personalizado do Form Builder para o site do Squarespace?<\/h3>\r\n\r\n\t\t\t\t\t\t<div class=\"faq-item-question-icon\"><\/div>\r\n\t\t\t\t\t<\/div>\r\n\r\n\t\t\t\t\t<div class=\"faq-item-answer\">\r\n\t\t\t\t\t\t<div class=\"faq-item-answer-text\">Sim . A Elfsight preparou uma vasta sele\u00e7\u00e3o de mais de 300 <a href=\"https:\/\/elfsight.com\/online-form-builder\/templates\/\">modelos de Form Builder<\/a> com elementos e recursos personaliz\u00e1veis. Voc\u00ea pode encontrar um modelo de formul\u00e1rio para qualquer ocasi\u00e3o, por exemplo, <a href=\"https:\/\/elfsight.com\/online-form-builder\/templates\/application-forms\/\">Formul\u00e1rios de inscri\u00e7\u00e3o<\/a>, <a href=\"https:\/\/elfsight.com\/online-form-builder\/templates\/booking-forms\/\">Formul\u00e1rios de reserva<\/a>, <a href=\"https:\/\/elfsight.com\/online-form-builder\/templates\/order-forms\/\">Formul\u00e1rios de pedido<\/a>, <a href=\"https:\/\/elfsight.com\/online-form-builder\/templates\/product-forms\/\">Formul\u00e1rios de produto<\/a>, <a href=\"https:\/\/elfsight.com\/online-form-builder\/templates\/questionnaires\/\">Question\u00e1rios<\/a>, <a href=\"https:\/\/elfsight.com\/online-form-builder\/templates\/quizzes\/\">Testes<\/a>, <a href=\"https:\/\/elfsight.com\/online-form-builder\/templates\/surveys\/\">Pesquisas<\/a>, <a href=\"https:\/\/elfsight.com\/online-form-builder\/templates\/file-upload-forms\/\">Formul\u00e1rios de upload de arquivos<\/a> e muitos outros.<\/div>\r\n\t\t\t\t\t<\/div>\r\n\t\t\t\t<\/div> <\/div><\/div>","protected":false},"excerpt":{"rendered":"","protected":false},"author":9,"featured_media":0,"parent":596,"menu_order":0,"comment_status":"closed","ping_status":"closed","template":"templates\/template-application-platform.php","meta":{"publish_to_discourse":"","publish_post_category":"","wpdc_auto_publish_overridden":"","wpdc_topic_tags":"","wpdc_pin_topic":"","wpdc_pin_until":"","discourse_post_id":"","discourse_permalink":"","wpdc_publishing_response":"","wpdc_publishing_error":"","footnotes":""},"class_list":["post-4121","page","type-page","status-publish","hentry"],"yoast_head":"<!-- This site is optimized with the Yoast SEO plugin v25.3.1 - https:\/\/yoast.com\/wordpress\/plugins\/seo\/ -->\n<title>Crie e adicione formul\u00e1rios personalizados no Squarespace gratuitamente!<\/title>\n<meta name=\"description\" content=\"Examine o melhor widget Online Form Builder para Squarespace gratuitamente. Uma configura\u00e7\u00e3o descomplicada e r\u00e1pida sem conhecimento de desenvolvimento em apenas alguns minutos.\" \/>\n<meta name=\"robots\" content=\"index, follow, max-snippet:-1, max-image-preview:large, max-video-preview:-1\" \/>\n<link rel=\"canonical\" href=\"https:\/\/elfsight.com\/pt\/online-form-builder\/squarespace\/\" \/>\n<meta property=\"og:locale\" content=\"pt_PT\" \/>\n<meta property=\"og:type\" content=\"article\" \/>\n<meta property=\"og:title\" content=\"Crie e adicione formul\u00e1rios personalizados no Squarespace gratuitamente!\" \/>\n<meta property=\"og:description\" content=\"Examine o melhor widget Online Form Builder para Squarespace gratuitamente. Uma configura\u00e7\u00e3o descomplicada e r\u00e1pida sem conhecimento de desenvolvimento em apenas alguns minutos.\" \/>\n<meta property=\"og:url\" content=\"https:\/\/elfsight.com\/pt\/online-form-builder\/squarespace\/\" \/>\n<meta property=\"og:site_name\" content=\"Elfsight PT\" \/>\n<meta property=\"article:modified_time\" content=\"2025-02-05T10:19:30+00:00\" \/>\n<meta name=\"twitter:card\" content=\"summary_large_image\" \/>\n<meta name=\"twitter:label1\" content=\"Tempo estimado de leitura\" \/>\n\t<meta name=\"twitter:data1\" content=\"4 minutos\" \/>\n<!-- \/ Yoast SEO plugin. -->","yoast_head_json":{"title":"Crie e adicione formul\u00e1rios personalizados no Squarespace gratuitamente!","description":"Examine o melhor widget Online Form Builder para Squarespace gratuitamente. Uma configura\u00e7\u00e3o descomplicada e r\u00e1pida sem conhecimento de desenvolvimento em apenas alguns minutos.","robots":{"index":"index","follow":"follow","max-snippet":"max-snippet:-1","max-image-preview":"max-image-preview:large","max-video-preview":"max-video-preview:-1"},"canonical":"https:\/\/elfsight.com\/pt\/online-form-builder\/squarespace\/","og_locale":"pt_PT","og_type":"article","og_title":"Crie e adicione formul\u00e1rios personalizados no Squarespace gratuitamente!","og_description":"Examine o melhor widget Online Form Builder para Squarespace gratuitamente. Uma configura\u00e7\u00e3o descomplicada e r\u00e1pida sem conhecimento de desenvolvimento em apenas alguns minutos.","og_url":"https:\/\/elfsight.com\/pt\/online-form-builder\/squarespace\/","og_site_name":"Elfsight PT","article_modified_time":"2025-02-05T10:19:30+00:00","twitter_card":"summary_large_image","twitter_misc":{"Tempo estimado de leitura":"4 minutos"},"schema":{"@context":"https:\/\/schema.org","@graph":[{"@type":"WebPage","@id":"https:\/\/elfsight.com\/pt\/online-form-builder\/squarespace\/","url":"https:\/\/elfsight.com\/pt\/online-form-builder\/squarespace\/","name":"Crie e adicione formul\u00e1rios personalizados no Squarespace gratuitamente!","isPartOf":{"@id":"https:\/\/elfsight.com\/pt\/#website"},"datePublished":"2024-05-03T06:37:52+00:00","dateModified":"2025-02-05T10:19:30+00:00","description":"Examine o melhor widget Online Form Builder para Squarespace gratuitamente. Uma configura\u00e7\u00e3o descomplicada e r\u00e1pida sem conhecimento de desenvolvimento em apenas alguns minutos.","breadcrumb":{"@id":"https:\/\/elfsight.com\/pt\/online-form-builder\/squarespace\/#breadcrumb"},"inLanguage":"pt-PT","potentialAction":[{"@type":"ReadAction","target":["https:\/\/elfsight.com\/pt\/online-form-builder\/squarespace\/"]}]},{"@type":"BreadcrumbList","@id":"https:\/\/elfsight.com\/pt\/online-form-builder\/squarespace\/#breadcrumb","itemListElement":[{"@type":"ListItem","position":1,"name":"Home","item":"https:\/\/elfsight.com\/pt\/"},{"@type":"ListItem","position":2,"name":"Form Builder","item":"https:\/\/elfsight.com\/pt\/online-form-builder\/"},{"@type":"ListItem","position":3,"name":"Form Builder &#8211; Squarespace"}]},{"@type":"WebSite","@id":"https:\/\/elfsight.com\/pt\/#website","url":"https:\/\/elfsight.com\/pt\/","name":"Elfsight PT","description":"Just another Elfsight Sites site","potentialAction":[{"@type":"SearchAction","target":{"@type":"EntryPoint","urlTemplate":"https:\/\/elfsight.com\/pt\/?s={search_term_string}"},"query-input":{"@type":"PropertyValueSpecification","valueRequired":true,"valueName":"search_term_string"}}],"inLanguage":"pt-PT"}]}},"meta_box":{"industry":"","seo_heading":"","heading":"","description":"","cta_heading":"","cta_description":"","application":"595","h1":"Construtor de formul\u00e1rios on-line para Squarespace","h1_caption":"Detalhes de constru\u00e7\u00e3o - coletando formas de v\u00e1rios tipos em etapas r\u00e1pidas","application_category":[],"applications_title":"","applications_request_title":"","applications_request_button_text":"","hero_text":"","hero_video":"","hero_video_schema_markup":"","selling_points_title":"","selling_points_caption":"","selling_points":[],"selling_points_cta_text":"","features_title":"","features":"","ed_cta_examples_text":"","ed_cta_examples_hidden":"","ed_cta_demo_text":"","ed_cta_demo_hidden":"","why_caption":"","why_editor_title":"","why_editor_text":"","why_team_title":"","why_team_text":"","why_service_title":"","why_service_text":"","template_catalog_visible":"0","template_catalog_title":"","template_catalog_text":"","template_catalog_categories_visible":"","demo_title":"Crie seu plugin Form Builder","demo_caption":"Configure seu Form Builder e adicione-o ao seu site Squarespace gratuitamente!","default_faq_hidden":"","app_template_category":[],"platform":"67","template_public_id":"","codecanyon_url":"","codecanyon_item_id":"","codecanyon_price":"","pricing_caption":"","pricing_elfsight_apps_hide_column":"","pricing_elfsight_apps_url":"","pricing_codecanyon_price_caption":"","integration_category":[],"integration_request_title":"","integration_request_cta":"","integration_platform":"","integrations":[],"platform_category":[],"video_schema_markup":"","price":"a partir de US$ 0\/m\u00eas","trial":"","benefits":[{"text":"Garantia de reembolso de 14 dias"},{"text":"Assist\u00eancia de instala\u00e7\u00e3o gratuita"},{"text":"Suporte ao cliente experiente"},{"text":"Atualizando constantemente"}],"button_url":"#demo","button_target_blank":"0","button_nofollow":"0","attributes":[{"name":"Instala\u00e7\u00f5es","content":"100,000 - 500,000","_state":"expanded"},{"name":"Responsivo","content":"Sim","_state":"expanded"},{"name":"Navegadores compat\u00edveis","content":"Firefox, Safari, Opera, Chrome, Edge"}],"tags":[],"tags_disable_links":"0","hide_more_platforms":"","video_object":"","demo_hide_cta":"0","demo_hide_cloud_options":"0","pricing_title":"","pricing":[{"pricing_icon":"platform","pricing_title":"Elfsight Apps","pricing_title_caption":"Software multiplataforma adequado para qualquer site","pricing_price":"a partir de US$ 0\/m\u00eas","pricing_price_caption":"comece com um plano gratuito","pricing_benefits":[{"text":"Sites ilimitados"},{"text":"Suporte profissional da empresa e bem documentado"},{"text":"Suporte profissional da empresa e bem documentado"},{"text":"Design flex\u00edvel"}],"pricing_button_text":"Adicionar ao site","pricing_button_url":"#demo","_state":"expanded"}],"related_apps_title":"","related_apps_hidden":"1","author":"","image":[],"title":"","job":"","social_networks":[]},"_links":{"self":[{"href":"https:\/\/elfsight.com\/pt\/wp-json\/wp\/v2\/pages\/4121","targetHints":{"allow":["GET"]}}],"collection":[{"href":"https:\/\/elfsight.com\/pt\/wp-json\/wp\/v2\/pages"}],"about":[{"href":"https:\/\/elfsight.com\/pt\/wp-json\/wp\/v2\/types\/page"}],"author":[{"embeddable":true,"href":"https:\/\/elfsight.com\/pt\/wp-json\/wp\/v2\/users\/9"}],"replies":[{"embeddable":true,"href":"https:\/\/elfsight.com\/pt\/wp-json\/wp\/v2\/comments?post=4121"}],"version-history":[{"count":3,"href":"https:\/\/elfsight.com\/pt\/wp-json\/wp\/v2\/pages\/4121\/revisions"}],"predecessor-version":[{"id":13777,"href":"https:\/\/elfsight.com\/pt\/wp-json\/wp\/v2\/pages\/4121\/revisions\/13777"}],"up":[{"embeddable":true,"href":"https:\/\/elfsight.com\/pt\/wp-json\/wp\/v2\/pages\/596"}],"wp:attachment":[{"href":"https:\/\/elfsight.com\/pt\/wp-json\/wp\/v2\/media?parent=4121"}],"curies":[{"name":"wp","href":"https:\/\/api.w.org\/{rel}","templated":true}]}}