{"id":4118,"date":"2024-05-03T06:36:27","date_gmt":"2024-05-03T06:36:27","guid":{"rendered":"https:\/\/elfsight.com\/pt\/?page_id=4118"},"modified":"2024-11-13T12:09:36","modified_gmt":"2024-11-13T12:09:36","slug":"shopify","status":"publish","type":"page","link":"https:\/\/elfsight.com\/pt\/facebook-reviews-widget\/shopify\/","title":{"rendered":"Facebook Reviews &#8211; Shopify"},"content":{"rendered":"<div class=\"application-platform-content-item-description application-platform-content-item\" id=\"description\" data-nav-section=\"description\"><h2>Incorpore avalia\u00e7\u00f5es do Facebook no Shopify com o widget da Elfsight<\/h2><p>Exiba as avalia\u00e7\u00f5es dos seus clientes do Facebook no site usando as avalia\u00e7\u00f5es do Facebook da Elfsight e prove sua confiabilidade. O p\u00fablico do seu site poder\u00e1 ver o que os usu\u00e1rios dizem sobre seus produtos no Facebook em um widget com design equilibrado e elementos aut\u00eanticos do Facebook. A interface \u00e9 flex\u00edvel e apresenta classifica\u00e7\u00e3o por estrelas, informa\u00e7\u00f5es do autor, elementos altern\u00e1veis \u200b\u200b\u200b\u200be layout pronto e variantes de modelo. Usando as Avalia\u00e7\u00f5es do Facebook da Elfsight, voc\u00ea pode mostrar um bot\u00e3o para escrever mais uma avalia\u00e7\u00e3o e receber novos coment\u00e1rios.<\/p><p><b>Insira suas avalia\u00e7\u00f5es do Facebook no site para mostrar a avalia\u00e7\u00e3o do seu cliente!<\/b><\/p><ul><li><b>Eleve a confiabilidade revelando avalia\u00e7\u00f5es de pessoas reais<\/b><br>Mostre que as avalia\u00e7\u00f5es s\u00e3o reais com detalhes detalhados do autor e aumente a credibilidade da sua marca.<\/li><li><b>Aumente as compras com sua excelente classifica\u00e7\u00e3o<\/b><br>Use sua melhor classifica\u00e7\u00e3o e avalia\u00e7\u00f5es positivas para demonstrar que vale a pena comprar seus itens e atrair novas compras.<\/li><li><b>Obtenha uma compreens\u00e3o mais clara de suas ofertas entre os usu\u00e1rios<\/b><br>Apresentar seus produtos e servi\u00e7os por meio da experi\u00eancia dos clientes ajudar\u00e1 os visitantes a ter uma ideia clara do que voc\u00ea oferece.<\/li><\/ul><\/div><div class=\"application-platform-content-item-features application-platform-content-item\" id=\"features\" data-nav-section=\"features\"><h2>Principais recursos do widget de avalia\u00e7\u00f5es do Facebook<\/h2><p>Por que nosso plugin \u00e9 o melhor dos widgets premium do Shopify? Aqui est\u00e3o as caracter\u00edsticas cruciais:<\/p><ul><li>Cabe\u00e7alho altern\u00e1vel do widget;<\/li><li>Tipos de layout de grade cl\u00e1ssico ou alvenaria;<\/li><li>Escolha do tipo de pagina\u00e7\u00e3o no layout Slider ;<\/li><li>Dois cen\u00e1rios de nega\u00e7\u00e3o de solicita\u00e7\u00e3o de revis\u00e3o: mostrar uma mensagem ou ocultar o formul\u00e1rio;<\/li><li>6 elementos altern\u00e1veis \u200b\u200bdas avalia\u00e7\u00f5es: nome e imagem do autor, recomenda\u00e7\u00e3o, data, \u00edcone do Facebook e classifica\u00e7\u00e3o por estrelas.<\/li><\/ul><p><a href=\"#demo\">Experimente a lista completa de recursos no configurador<\/a><\/p><\/div><div class=\"application-platform-content-item-installation  application-platform-content-item\" id=\"installation \" data-nav-section=\"installation \"><h2>Como adicionar avalia\u00e7\u00f5es do Facebook ao site do Shopify<\/h2><div class=\"video-container\"><iframe width=\"720\" height=\"405\" src=\"https:\/\/www.youtube.com\/embed\/vlzw1yb539E\" frameborder=\"0\" allowfullscreen=\"\"><\/iframe><\/div><p>Aqui est\u00e1 um tutorial expresso de nossa equipe sobre incorpora\u00e7\u00e3o e modelagem do widget sem experi\u00eancia em programa\u00e7\u00e3o. Voc\u00ea precisar\u00e1 de cerca de 3 minutos para concluir as instru\u00e7\u00f5es.<\/p><ol><li><b>Abra nossa demonstra\u00e7\u00e3o gratuita e comece a trabalhar com seu aplicativo personalizado. <\/b><br> Especifique a interface e as op\u00e7\u00f5es adequadas do aplicativo e salve todas as corre\u00e7\u00f5es. <\/li> <li><b>Obtenha o c\u00f3digo individual demonstrado na caixa dos aplicativos Elfsight. <\/b><br> Assim que a configura\u00e7\u00e3o do seu aplicativo pessoal for conclu\u00edda, copie o c\u00f3digo da caixa exibida e salve-o para uso futuro. <\/li> <li><b>Iniciar a utiliza\u00e7\u00e3o do aplicativo na p\u00e1gina da Shopify. <\/b><br> Implemente o c\u00f3digo copiado recentemente em seu site e salve as corre\u00e7\u00f5es. <\/li> <li><b>Pronto! A configura\u00e7\u00e3o est\u00e1 totalmente executada. <\/b><br> Acesse sua p\u00e1gina para observar o funcionamento do aplicativo. <\/li><\/ol><p>Voc\u00ea encontrou alguma dificuldade durante a execu\u00e7\u00e3o do guia? Contacte o servi\u00e7o de suporte da Elfsight ou verifique uma variante abrangente das instru\u00e7\u00f5es e fa\u00e7a a instala\u00e7\u00e3o voc\u00ea mesmo.<\/p><div class=\"faq\" data-component=\"FAQ\"> <div class=\"faq-item\">\r\n\t\t\t\t\t<div class=\"faq-item-question\">\r\n\t\t\t\t\t\t<h3 class=\"faq-item-question-text\">Como adicionar coment\u00e1rios do Facebook ao meu site Shopify sem conhecimentos de codifica\u00e7\u00e3o?<\/h3>\r\n\r\n\t\t\t\t\t\t<div class=\"faq-item-question-icon\"><\/div>\r\n\t\t\t\t\t<\/div>\r\n\r\n\t\t\t\t\t<div class=\"faq-item-answer\">\r\n\t\t\t\t\t\t<div class=\"faq-item-answer-text\"> <p> A Elfsight fornece uma solu\u00e7\u00e3o SaaS que permite criar voc\u00ea mesmo um widget de Avalia\u00e7\u00f5es do Facebook. Veja como o processo \u00e9 f\u00e1cil: Trabalhe diretamente no Editor online para criar um widget de Avalia\u00e7\u00f5es do Facebook que voc\u00ea gostaria de ver no seu site Shopify. Escolha um dos modelos predefinidos e ajuste as configura\u00e7\u00f5es de Avalia\u00e7\u00f5es do Facebook, adicione seu conte\u00fado, altere o layout e as cores sem habilidades de codifica\u00e7\u00e3o. Salve as avalia\u00e7\u00f5es do Facebook e copie seu c\u00f3digo de instala\u00e7\u00e3o, que voc\u00ea pode incluir facilmente em seu site Shopify sem a necessidade de comprar uma assinatura paga. Com nosso editor intuitivo, qualquer usu\u00e1rio da Internet pode criar um widget de avalia\u00e7\u00f5es do Facebook on-line e incorpor\u00e1-lo facilmente ao site do Shopify. N\u00e3o h\u00e1 necessidade de pagar ou inserir as credenciais do seu cart\u00e3o para acessar o servi\u00e7o. Se voc\u00ea enfrentar qualquer problema em qualquer etapa, n\u00e3o hesite em entrar em contato com nossa equipe de suporte t\u00e9cnico.<\/p> <\/div>\r\n\t\t\t\t\t<\/div>\r\n\t\t\t\t<\/div> <\/div> <\/div>","protected":false},"excerpt":{"rendered":"","protected":false},"author":9,"featured_media":0,"parent":576,"menu_order":0,"comment_status":"closed","ping_status":"closed","template":"templates\/template-application-platform.php","meta":{"publish_to_discourse":"","publish_post_category":"","wpdc_auto_publish_overridden":"","wpdc_topic_tags":"","wpdc_pin_topic":"","wpdc_pin_until":"","discourse_post_id":"","discourse_permalink":"","wpdc_publishing_response":"","wpdc_publishing_error":"","footnotes":""},"class_list":["post-4118","page","type-page","status-publish","hentry"],"yoast_head":"<!-- This site is optimized with the Yoast SEO plugin v25.3.1 - https:\/\/yoast.com\/wordpress\/plugins\/seo\/ -->\n<title>O melhor aplicativo de avalia\u00e7\u00f5es do Facebook para o site Shopify (2025)<\/title>\n<meta name=\"description\" content=\"Molde seu aplicativo Facebook Reviews para Shopify e exiba em seu site. Editor gratuito, ajuda com configura\u00e7\u00e3o e outras vantagens da Elfsight!\" \/>\n<meta name=\"robots\" content=\"index, follow, max-snippet:-1, max-image-preview:large, max-video-preview:-1\" \/>\n<link rel=\"canonical\" href=\"https:\/\/elfsight.com\/pt\/facebook-reviews-widget\/shopify\/\" \/>\n<meta property=\"og:locale\" content=\"pt_PT\" \/>\n<meta property=\"og:type\" content=\"article\" \/>\n<meta property=\"og:title\" content=\"O melhor aplicativo de avalia\u00e7\u00f5es do Facebook para o site Shopify (2025)\" \/>\n<meta property=\"og:description\" content=\"Molde seu aplicativo Facebook Reviews para Shopify e exiba em seu site. Editor gratuito, ajuda com configura\u00e7\u00e3o e outras vantagens da Elfsight!\" \/>\n<meta property=\"og:url\" content=\"https:\/\/elfsight.com\/pt\/facebook-reviews-widget\/shopify\/\" \/>\n<meta property=\"og:site_name\" content=\"Elfsight PT\" \/>\n<meta property=\"article:modified_time\" content=\"2024-11-13T12:09:36+00:00\" \/>\n<meta name=\"twitter:card\" content=\"summary_large_image\" \/>\n<meta name=\"twitter:label1\" content=\"Tempo estimado de leitura\" \/>\n\t<meta name=\"twitter:data1\" content=\"2 minutos\" \/>\n<!-- \/ Yoast SEO plugin. -->","yoast_head_json":{"title":"O melhor aplicativo de avalia\u00e7\u00f5es do Facebook para o site Shopify (2025)","description":"Molde seu aplicativo Facebook Reviews para Shopify e exiba em seu site. Editor gratuito, ajuda com configura\u00e7\u00e3o e outras vantagens da Elfsight!","robots":{"index":"index","follow":"follow","max-snippet":"max-snippet:-1","max-image-preview":"max-image-preview:large","max-video-preview":"max-video-preview:-1"},"canonical":"https:\/\/elfsight.com\/pt\/facebook-reviews-widget\/shopify\/","og_locale":"pt_PT","og_type":"article","og_title":"O melhor aplicativo de avalia\u00e7\u00f5es do Facebook para o site Shopify (2025)","og_description":"Molde seu aplicativo Facebook Reviews para Shopify e exiba em seu site. Editor gratuito, ajuda com configura\u00e7\u00e3o e outras vantagens da Elfsight!","og_url":"https:\/\/elfsight.com\/pt\/facebook-reviews-widget\/shopify\/","og_site_name":"Elfsight PT","article_modified_time":"2024-11-13T12:09:36+00:00","twitter_card":"summary_large_image","twitter_misc":{"Tempo estimado de leitura":"2 minutos"},"schema":{"@context":"https:\/\/schema.org","@graph":[{"@type":"WebPage","@id":"https:\/\/elfsight.com\/pt\/facebook-reviews-widget\/shopify\/","url":"https:\/\/elfsight.com\/pt\/facebook-reviews-widget\/shopify\/","name":"O melhor aplicativo de avalia\u00e7\u00f5es do Facebook para o site Shopify (2025)","isPartOf":{"@id":"https:\/\/elfsight.com\/pt\/#website"},"datePublished":"2024-05-03T06:36:27+00:00","dateModified":"2024-11-13T12:09:36+00:00","description":"Molde seu aplicativo Facebook Reviews para Shopify e exiba em seu site. Editor gratuito, ajuda com configura\u00e7\u00e3o e outras vantagens da Elfsight!","breadcrumb":{"@id":"https:\/\/elfsight.com\/pt\/facebook-reviews-widget\/shopify\/#breadcrumb"},"inLanguage":"pt-PT","potentialAction":[{"@type":"ReadAction","target":["https:\/\/elfsight.com\/pt\/facebook-reviews-widget\/shopify\/"]}]},{"@type":"BreadcrumbList","@id":"https:\/\/elfsight.com\/pt\/facebook-reviews-widget\/shopify\/#breadcrumb","itemListElement":[{"@type":"ListItem","position":1,"name":"Home","item":"https:\/\/elfsight.com\/pt\/"},{"@type":"ListItem","position":2,"name":"Facebook Reviews","item":"https:\/\/elfsight.com\/pt\/facebook-reviews-widget\/"},{"@type":"ListItem","position":3,"name":"Facebook Reviews &#8211; Shopify"}]},{"@type":"WebSite","@id":"https:\/\/elfsight.com\/pt\/#website","url":"https:\/\/elfsight.com\/pt\/","name":"Elfsight PT","description":"Just another Elfsight Sites site","potentialAction":[{"@type":"SearchAction","target":{"@type":"EntryPoint","urlTemplate":"https:\/\/elfsight.com\/pt\/?s={search_term_string}"},"query-input":{"@type":"PropertyValueSpecification","valueRequired":true,"valueName":"search_term_string"}}],"inLanguage":"pt-PT"}]}},"meta_box":{"industry":"","seo_heading":"","heading":"","description":"","cta_heading":"","cta_description":"","application":"575","h1":"Aplicativo Shopify Facebook Avalia\u00e7\u00f5es","h1_caption":"Compartilhamento com um clique das avalia\u00e7\u00f5es de seus clientes no Facebook com os visualizadores do site!","application_category":[],"applications_title":"","applications_request_title":"","applications_request_button_text":"","hero_text":"","hero_video":"","hero_video_schema_markup":"","selling_points_title":"","selling_points_caption":"","selling_points":[],"selling_points_cta_text":"","features_title":"","features":"","ed_cta_examples_text":"","ed_cta_examples_hidden":"","ed_cta_demo_text":"","ed_cta_demo_hidden":"","why_caption":"","why_editor_title":"","why_editor_text":"","why_team_title":"","why_team_text":"","why_service_title":"","why_service_text":"","template_catalog_visible":"","template_catalog_title":"","template_catalog_text":"","template_catalog_categories_visible":"","demo_title":"Crie seu aplicativo de avalia\u00e7\u00f5es do Facebook","demo_caption":"Configure suas avalia\u00e7\u00f5es do Facebook e adicione-as ao seu site do Shopify gratuitamente!","default_faq_hidden":"","app_template_category":[],"platform":"64","template_public_id":"","codecanyon_url":"","codecanyon_item_id":"","codecanyon_price":"","pricing_caption":"","pricing_elfsight_apps_hide_column":"","pricing_elfsight_apps_url":"","pricing_codecanyon_price_caption":"","integration_category":[],"integration_request_title":"","integration_request_cta":"","integration_platform":"","integrations":[],"platform_category":[],"video_schema_markup":"","price":"a partir de US$ 0\/m\u00eas","trial":"","benefits":[{"text":"Servi\u00e7o de instala\u00e7\u00e3o gratuito"},{"text":"Suporte premium"},{"text":"Garantia de devolu\u00e7\u00e3o do dinheiro em 14 dias"},{"text":"Atualiza\u00e7\u00f5es gratuitas cont\u00ednuas"}],"button_url":"#demo","button_target_blank":"0","button_nofollow":"0","attributes":[{"name":"Instala\u00e7\u00f5es","content":"10,000 - 100,000","_state":"expanded"},{"name":"Responsivo","content":"Sim","_state":"expanded"},{"name":"Navegadores compat\u00edveis","content":"Firefox, Safari, Opera, Chrome, Edge"}],"tags":[],"tags_disable_links":"0","hide_more_platforms":"","video_object":"","demo_hide_cta":"0","demo_hide_cloud_options":"0","pricing_title":"","pricing":[{"pricing_icon":"cloud","pricing_title":"Elfsight Apps","pricing_title_caption":"Vers\u00e3o multiplataforma que funciona em qualquer site","pricing_price":"a partir de US$ 0\/m\u00eas","pricing_price_caption":"comece com plano gratuito","pricing_benefits":[{"text":"Sites ilimitados"},{"text":"Suporte premium"},{"text":"Suporte premium"},{"text":"Oferta especial para v\u00e1rios aplicativos"}],"pricing_button_text":"Adicionar ao site","pricing_button_url":"#demo","_state":"expanded"}],"related_apps_title":"","related_apps_hidden":"1","author":"","image":[],"title":"","job":"","social_networks":[]},"_links":{"self":[{"href":"https:\/\/elfsight.com\/pt\/wp-json\/wp\/v2\/pages\/4118","targetHints":{"allow":["GET"]}}],"collection":[{"href":"https:\/\/elfsight.com\/pt\/wp-json\/wp\/v2\/pages"}],"about":[{"href":"https:\/\/elfsight.com\/pt\/wp-json\/wp\/v2\/types\/page"}],"author":[{"embeddable":true,"href":"https:\/\/elfsight.com\/pt\/wp-json\/wp\/v2\/users\/9"}],"replies":[{"embeddable":true,"href":"https:\/\/elfsight.com\/pt\/wp-json\/wp\/v2\/comments?post=4118"}],"version-history":[{"count":2,"href":"https:\/\/elfsight.com\/pt\/wp-json\/wp\/v2\/pages\/4118\/revisions"}],"predecessor-version":[{"id":11834,"href":"https:\/\/elfsight.com\/pt\/wp-json\/wp\/v2\/pages\/4118\/revisions\/11834"}],"up":[{"embeddable":true,"href":"https:\/\/elfsight.com\/pt\/wp-json\/wp\/v2\/pages\/576"}],"wp:attachment":[{"href":"https:\/\/elfsight.com\/pt\/wp-json\/wp\/v2\/media?parent=4118"}],"curies":[{"name":"wp","href":"https:\/\/api.w.org\/{rel}","templated":true}]}}