{"id":4113,"date":"2024-05-03T06:37:53","date_gmt":"2024-05-03T06:37:53","guid":{"rendered":"https:\/\/elfsight.com\/pt\/?page_id=4113"},"modified":"2024-11-13T12:12:28","modified_gmt":"2024-11-13T12:12:28","slug":"shopify","status":"publish","type":"page","link":"https:\/\/elfsight.com\/pt\/online-form-builder\/shopify\/","title":{"rendered":"Form Builder &#8211; Shopify"},"content":{"rendered":"\n<div class=\"application-platform-content-item-description application-platform-content-item\" id=\"description\" data-nav-section=\"description\">\n<h2>Incorpore o Form Builder no Shopify com o widget Elfsight<\/h2>\n<p>Nosso aplicativo Shopify Form Builder \u00e9 uma solu\u00e7\u00e3o vers\u00e1til que permite criar qualquer tipo de formul\u00e1rio que voc\u00ea precisa e adicion\u00e1-lo \u00e0 sua loja Shopify. Se voc\u00ea deseja criar um formul\u00e1rio personalizado, um formul\u00e1rio de feedback ou qualquer outro tipo de formul\u00e1rio, nosso aplicativo facilita isso. Com apenas alguns cliques, voc\u00ea pode criar um formul\u00e1rio no Shopify e come\u00e7ar a coletar dados de seus clientes. Nosso aplicativo de formul\u00e1rio personalizado do Shopify oferece controle total sobre o design do formul\u00e1rio, permitindo criar formul\u00e1rios que n\u00e3o s\u00e3o apenas funcionais, mas tamb\u00e9m visualmente atraentes.<\/p>\n<p>Se voc\u00ea precisa coletar feedback, classifica\u00e7\u00f5es, reservas ou vendas, nosso aplicativo tem o que voc\u00ea precisa. E com nossa interface amig\u00e1vel e criador de formul\u00e1rios intuitivo, voc\u00ea pode criar formul\u00e1rios f\u00e1ceis de usar para seus clientes e eficazes para voc\u00ea gerenciar.<\/p>\n<p><b>Colete opini\u00f5es, ideias, sentimentos e classifica\u00e7\u00f5es da clientela para desenvolver seu neg\u00f3cio!<\/b><\/p>\n<ul>\n    <li><b>Crie formul\u00e1rios atrativos para coletar mais feedback<\/b>. Utilize todos os par\u00e2metros do plugin da Elfsight para criar formul\u00e1rios pr\u00e1ticos. Defina segmentos e controle a composi\u00e7\u00e3o para deixar seus formul\u00e1rios bem estruturados e pr\u00e1ticos. Aplique par\u00e2metros de estilo para obter uma apar\u00eancia not\u00e1vel e receber mais feedback.<\/li>\n    <li><b>Aumente o n\u00famero de leads com formul\u00e1rios gerenci\u00e1veis<\/b>. N\u00e3o permita que os clientes abandonem o preenchimento incompleto, o que pode resultar na perda de informa\u00e7\u00f5es valiosas. Configure formul\u00e1rios com etapas convenientes e estrutura simples, que manter\u00e3o o p\u00fablico envolvido at\u00e9 o fim e aumentar\u00e3o o n\u00famero de leads.<\/li>\n    <li><b>Economize tempo e dinheiro com uma ferramenta multifuncional<\/b>. Esta ferramenta abrangente permite criar diferentes tipos de formul\u00e1rios com m\u00faltiplos conjuntos de elementos e configura\u00e7\u00f5es variadas. Isso ajudar\u00e1 voc\u00ea a criar formul\u00e1rios para reunir diferentes tipos de insights sem gastar tempo e dinheiro adicionais.<\/li>\n<\/ul>\n<\/div>\n\n<div class=\"application-platform-content-item-features application-platform-content-item\" id=\"features\" data-nav-section=\"features\">\n<h2>Recursos do plugin Form Builder<\/h2>\n<p>O que torna o Elfsight Online Form Builder um dos melhores plugins no Shopify para receber feedback?<\/p>\n<ul>\n    <li>Criar uma descri\u00e7\u00e3o para cada elemento, que ser\u00e1 mostrada abaixo do r\u00f3tulo;<\/li>\n    <li>Op\u00e7\u00e3o de distribuir os campos em diversas colunas;<\/li>\n    <li>Textos edit\u00e1veis \u200b\u200bda mensagem de agradecimento e bot\u00e3o para preenchimento repetido do formul\u00e1rio;<\/li>\n    <li>Defina a largura personalizada do formul\u00e1rio nos layouts Padr\u00e3o e Caixa;<\/li>\n    <li>5 estilos predefinidos para campos de formul\u00e1rio.<\/li>\n<\/ul>\n<a href=\"#demo\">Leia todos os detalhes<\/a>\n<\/div>\n\n<div class=\"application-platform-content-item-installation application-platform-content-item\" id=\"installation\" data-nav-section=\"installation\">\n<h2>Como adicionar o aplicativo Form Builder no site da Shopify<\/h2>\n<div class=\"video-container\">\n    <iframe src=\"https:\/\/www.youtube.com\/embed\/jXxLmKtgMsQ\" width=\"720\" height=\"405\" frameborder=\"0\" allowfullscreen><\/iframe>\n<\/div>\n<p>A dura\u00e7\u00e3o total da instala\u00e7\u00e3o \u00e9 de cerca de 60 segundos e voc\u00ea n\u00e3o precisa de nenhum conhecimento em desenvolvimento.<\/p>\n<ol>\n    <li><b>Gerencie nosso editor gratuito e comece a trabalhar com seu aplicativo exclusivo.<\/b> Escolha a apar\u00eancia e as funcionalidades desejadas para o aplicativo e salve todas as altera\u00e7\u00f5es.<\/li>\n    <li><b>Receba o c\u00f3digo exclusivo demonstrado na caixa dos aplicativos Elfsight.<\/b> Logo ap\u00f3s a conclus\u00e3o da configura\u00e7\u00e3o do seu aplicativo pessoal, copie o c\u00f3digo exibido e guarde-o para uso futuro.<\/li>\n    <li><b>Insira o c\u00f3digo no site da Shopify.<\/b> Integre o c\u00f3digo copiado recentemente no seu site e salve as altera\u00e7\u00f5es.<\/li>\n    <li><b>A configura\u00e7\u00e3o est\u00e1 totalmente realizada.<\/b> Abra seu site para ver o funcionamento do aplicativo.<\/li>\n<\/ol>\n<p>Tem d\u00favidas sobre como demonstrar o aplicativo ou personalizar sua pr\u00f3pria extens\u00e3o? Entre em contato com a equipe de suporte da Elfsight ou veja instru\u00e7\u00f5es detalhadas em \u00ab<a href=\"https:\/\/elfsight.com\/blog\/adding-form-to-shopify-free-online-form-builder-app\/\" target=\"_blank\" rel=\"noopener\">Cria\u00e7\u00e3o de formul\u00e1rios no Shopify<\/a>\u00bb.<\/p>\n<\/div>\n\n<div class=\"faq\" data-component=\"FAQ\">\n<div class=\"faq-item\">\r\n\t\t\t\t\t<div class=\"faq-item-question\">\r\n\t\t\t\t\t\t<h3 class=\"faq-item-question-text\">Seus formul\u00e1rios s\u00e3o seguros?<\/h3>\r\n\r\n\t\t\t\t\t\t<div class=\"faq-item-question-icon\"><\/div>\r\n\t\t\t\t\t<\/div>\r\n\r\n\t\t\t\t\t<div class=\"faq-item-answer\">\r\n\t\t\t\t\t\t<div class=\"faq-item-answer-text\">\n<p>Nosso widget Form Builder inclui a ferramenta reCAPTCHA mais poderosa. Ele foi adicionado para proteger seu formul\u00e1rio e caixa de correio contra spam e bots, garantindo o recebimento de dados importantes.<\/p>\n<\/div>\r\n\t\t\t\t\t<\/div>\r\n\t\t\t\t<\/div>\n\n<div class=\"faq-item\">\r\n\t\t\t\t\t<div class=\"faq-item-question\">\r\n\t\t\t\t\t\t<h3 class=\"faq-item-question-text\">Posso criar v\u00e1rios tipos de formul\u00e1rios com o seu plugin?<\/h3>\r\n\r\n\t\t\t\t\t\t<div class=\"faq-item-question-icon\"><\/div>\r\n\t\t\t\t\t<\/div>\r\n\r\n\t\t\t\t\t<div class=\"faq-item-answer\">\r\n\t\t\t\t\t\t<div class=\"faq-item-answer-text\">\n<p>Claro! Tudo o que voc\u00ea precisa fazer \u00e9 fazer login no servi\u00e7o Elfsight Apps, selecionar qualquer modelo relevante e come\u00e7ar a criar sua ferramenta.<\/p>\n<\/div>\r\n\t\t\t\t\t<\/div>\r\n\t\t\t\t<\/div>\n\n<div class=\"faq-item\">\r\n\t\t\t\t\t<div class=\"faq-item-question\">\r\n\t\t\t\t\t\t<h3 class=\"faq-item-question-text\">Como posso criar um formul\u00e1rio de contato\/feedback para meu site Shopify?<\/h3>\r\n\r\n\t\t\t\t\t\t<div class=\"faq-item-question-icon\"><\/div>\r\n\t\t\t\t\t<\/div>\r\n\r\n\t\t\t\t\t<div class=\"faq-item-answer\">\r\n\t\t\t\t\t\t<div class=\"faq-item-answer-text\">\n<p>Para criar seu formul\u00e1rio de contato ou feedback, voc\u00ea precisa fazer login no servi\u00e7o Elfsight Apps e realizar todas as modifica\u00e7\u00f5es necess\u00e1rias no plugin. Ap\u00f3s terminar, salve suas altera\u00e7\u00f5es e aplique-as no seu site. Pronto.<\/p>\n<\/div>\r\n\t\t\t\t\t<\/div>\r\n\t\t\t\t<\/div>\n\n<div class=\"faq-item\">\r\n\t\t\t\t\t<div class=\"faq-item-question\">\r\n\t\t\t\t\t\t<h3 class=\"faq-item-question-text\">Existe algum modelo personalizado do Form Builder para o site do Shopify?<\/h3>\r\n\r\n\t\t\t\t\t\t<div class=\"faq-item-question-icon\"><\/div>\r\n\t\t\t\t\t<\/div>\r\n\r\n\t\t\t\t\t<div class=\"faq-item-answer\">\r\n\t\t\t\t\t\t<div class=\"faq-item-answer-text\">\n<p>Sim, com certeza! Temos mais de 300 modelos prontos para uso para qualquer caso, como <a href=\"https:\/\/elfsight.com\/online-form-builder\/templates\/application-forms\/\">Formul\u00e1rios de inscri\u00e7\u00e3o<\/a>, <a href=\"https:\/\/elfsight.com\/online-form-builder\/templates\/booking-forms\/\">Formul\u00e1rios de reserva<\/a>, <a href=\"https:\/\/elfsight.com\/online-form-builder\/templates\/order-forms\/\">Formul\u00e1rios de pedido<\/a>, <a href=\"https:\/\/elfsight.com\/online-form-builder\/templates\/product-forms\/\">Formul\u00e1rios de produto<\/a>, <a href=\"https:\/\/elfsight.com\/online-form-builder\/templates\/questionnaires\/\">Question\u00e1rios<\/a>, <a href=\"https:\/\/elfsight.com\/online-form-builder\/templates\/quizzes\/\">Testes<\/a>, <a href=\"https:\/\/elfsight.com\/online-form-builder\/templates\/surveys\/\">Pesquisas<\/a>, <a href=\"https:\/\/elfsight.com\/online-form-builder\/templates\/file-upload-forms\/\">Formul\u00e1rios de upload de arquivos<\/a> e muito mais. Sinta-se \u00e0 vontade para testar os <a href=\"https:\/\/elfsight.com\/online-form-builder\/templates\/\">modelos do Form Builder<\/a> e compartilhar sua opini\u00e3o conosco.<\/p>\n<\/div>\r\n\t\t\t\t\t<\/div>\r\n\t\t\t\t<\/div>\n<\/div>\n","protected":false},"excerpt":{"rendered":"","protected":false},"author":9,"featured_media":0,"parent":596,"menu_order":0,"comment_status":"closed","ping_status":"closed","template":"templates\/template-application-platform.php","meta":{"publish_to_discourse":"","publish_post_category":"","wpdc_auto_publish_overridden":"","wpdc_topic_tags":"","wpdc_pin_topic":"","wpdc_pin_until":"","discourse_post_id":"","discourse_permalink":"","wpdc_publishing_response":"","wpdc_publishing_error":"","footnotes":""},"class_list":["post-4113","page","type-page","status-publish","hentry"],"yoast_head":"<!-- This site is optimized with the Yoast SEO plugin v25.3.1 - https:\/\/yoast.com\/wordpress\/plugins\/seo\/ -->\n<title>Crie e adicione formul\u00e1rio personalizado no Shopify gratuitamente!<\/title>\n<meta name=\"description\" content=\"Crie um criador de formul\u00e1rios online para o seu site Shopify em apenas 2 minutos! Experimente a demonstra\u00e7\u00e3o gratuita da Elfsight para criar seu pr\u00f3prio aplicativo de formul\u00e1rio.\" \/>\n<meta name=\"robots\" content=\"index, follow, max-snippet:-1, max-image-preview:large, max-video-preview:-1\" \/>\n<link rel=\"canonical\" href=\"https:\/\/elfsight.com\/pt\/online-form-builder\/shopify\/\" \/>\n<meta property=\"og:locale\" content=\"pt_PT\" \/>\n<meta property=\"og:type\" content=\"article\" \/>\n<meta property=\"og:title\" content=\"Crie e adicione formul\u00e1rio personalizado no Shopify gratuitamente!\" \/>\n<meta property=\"og:description\" content=\"Crie um criador de formul\u00e1rios online para o seu site Shopify em apenas 2 minutos! Experimente a demonstra\u00e7\u00e3o gratuita da Elfsight para criar seu pr\u00f3prio aplicativo de formul\u00e1rio.\" \/>\n<meta property=\"og:url\" content=\"https:\/\/elfsight.com\/pt\/online-form-builder\/shopify\/\" \/>\n<meta property=\"og:site_name\" content=\"Elfsight PT\" \/>\n<meta property=\"article:modified_time\" content=\"2024-11-13T12:12:28+00:00\" \/>\n<meta name=\"twitter:card\" content=\"summary_large_image\" \/>\n<meta name=\"twitter:label1\" content=\"Tempo estimado de leitura\" \/>\n\t<meta name=\"twitter:data1\" content=\"4 minutos\" \/>\n<!-- \/ Yoast SEO plugin. -->","yoast_head_json":{"title":"Crie e adicione formul\u00e1rio personalizado no Shopify gratuitamente!","description":"Crie um criador de formul\u00e1rios online para o seu site Shopify em apenas 2 minutos! Experimente a demonstra\u00e7\u00e3o gratuita da Elfsight para criar seu pr\u00f3prio aplicativo de formul\u00e1rio.","robots":{"index":"index","follow":"follow","max-snippet":"max-snippet:-1","max-image-preview":"max-image-preview:large","max-video-preview":"max-video-preview:-1"},"canonical":"https:\/\/elfsight.com\/pt\/online-form-builder\/shopify\/","og_locale":"pt_PT","og_type":"article","og_title":"Crie e adicione formul\u00e1rio personalizado no Shopify gratuitamente!","og_description":"Crie um criador de formul\u00e1rios online para o seu site Shopify em apenas 2 minutos! Experimente a demonstra\u00e7\u00e3o gratuita da Elfsight para criar seu pr\u00f3prio aplicativo de formul\u00e1rio.","og_url":"https:\/\/elfsight.com\/pt\/online-form-builder\/shopify\/","og_site_name":"Elfsight PT","article_modified_time":"2024-11-13T12:12:28+00:00","twitter_card":"summary_large_image","twitter_misc":{"Tempo estimado de leitura":"4 minutos"},"schema":{"@context":"https:\/\/schema.org","@graph":[{"@type":"WebPage","@id":"https:\/\/elfsight.com\/pt\/online-form-builder\/shopify\/","url":"https:\/\/elfsight.com\/pt\/online-form-builder\/shopify\/","name":"Crie e adicione formul\u00e1rio personalizado no Shopify gratuitamente!","isPartOf":{"@id":"https:\/\/elfsight.com\/pt\/#website"},"datePublished":"2024-05-03T06:37:53+00:00","dateModified":"2024-11-13T12:12:28+00:00","description":"Crie um criador de formul\u00e1rios online para o seu site Shopify em apenas 2 minutos! Experimente a demonstra\u00e7\u00e3o gratuita da Elfsight para criar seu pr\u00f3prio aplicativo de formul\u00e1rio.","breadcrumb":{"@id":"https:\/\/elfsight.com\/pt\/online-form-builder\/shopify\/#breadcrumb"},"inLanguage":"pt-PT","potentialAction":[{"@type":"ReadAction","target":["https:\/\/elfsight.com\/pt\/online-form-builder\/shopify\/"]}]},{"@type":"BreadcrumbList","@id":"https:\/\/elfsight.com\/pt\/online-form-builder\/shopify\/#breadcrumb","itemListElement":[{"@type":"ListItem","position":1,"name":"Home","item":"https:\/\/elfsight.com\/pt\/"},{"@type":"ListItem","position":2,"name":"Form Builder","item":"https:\/\/elfsight.com\/pt\/online-form-builder\/"},{"@type":"ListItem","position":3,"name":"Form Builder &#8211; Shopify"}]},{"@type":"WebSite","@id":"https:\/\/elfsight.com\/pt\/#website","url":"https:\/\/elfsight.com\/pt\/","name":"Elfsight PT","description":"Just another Elfsight Sites site","potentialAction":[{"@type":"SearchAction","target":{"@type":"EntryPoint","urlTemplate":"https:\/\/elfsight.com\/pt\/?s={search_term_string}"},"query-input":{"@type":"PropertyValueSpecification","valueRequired":true,"valueName":"search_term_string"}}],"inLanguage":"pt-PT"}]}},"meta_box":{"industry":"","seo_heading":"","heading":"","description":"","cta_heading":"","cta_description":"","application":"595","h1":"Construtor de formul\u00e1rios online para Shopify","h1_caption":"Gerar formul\u00e1rios para preenchimento de quaisquer formatos para receber informa\u00e7\u00f5es dos clientes","application_category":[],"applications_title":"","applications_request_title":"","applications_request_button_text":"","hero_text":"","hero_video":"","hero_video_schema_markup":"","selling_points_title":"","selling_points_caption":"","selling_points":[],"selling_points_cta_text":"","features_title":"","features":"","ed_cta_examples_text":"","ed_cta_examples_hidden":"","ed_cta_demo_text":"","ed_cta_demo_hidden":"","why_caption":"","why_editor_title":"","why_editor_text":"","why_team_title":"","why_team_text":"","why_service_title":"","why_service_text":"","template_catalog_visible":"0","template_catalog_title":"","template_catalog_text":"","template_catalog_categories_visible":"","demo_title":"Crie seu aplicativo Form Builder","demo_caption":"Configure seu Form Builder e adicione-o ao seu site Shopify gratuitamente!","default_faq_hidden":"","app_template_category":[],"platform":"64","template_public_id":"","codecanyon_url":"","codecanyon_item_id":"","codecanyon_price":"","pricing_caption":"","pricing_elfsight_apps_hide_column":"","pricing_elfsight_apps_url":"","pricing_codecanyon_price_caption":"","integration_category":[],"integration_request_title":"","integration_request_cta":"","integration_platform":"","integrations":[],"platform_category":[],"video_schema_markup":"","price":"a partir de US$ 0\/m\u00eas","trial":"","benefits":[{"text":"Servi\u00e7o de instala\u00e7\u00e3o gratuito"},{"text":"Suporte premium"},{"text":"Garantia de devolu\u00e7\u00e3o do dinheiro em 14 dias"},{"text":"Atualiza\u00e7\u00f5es gratuitas cont\u00ednuas"}],"button_url":"#demo","button_target_blank":"0","button_nofollow":"0","attributes":[{"name":"Instala\u00e7\u00f5es","content":"100,000 - 500,000","_state":"expanded"},{"name":"Responsivo","content":"Sim","_state":"expanded"},{"name":"Navegadores compat\u00edveis","content":"Firefox, Safari, Opera, Chrome, Edge"}],"tags":[],"tags_disable_links":"0","hide_more_platforms":"","video_object":"","demo_hide_cta":"0","demo_hide_cloud_options":"0","pricing_title":"","pricing":[{"pricing_icon":"cloud","pricing_title":"Elfsight Apps","pricing_title_caption":"Vers\u00e3o multiplataforma que funciona em qualquer site","pricing_price":"a partir de US$ 0\/m\u00eas","pricing_price_caption":"comece com plano gratuito","pricing_benefits":[{"text":"Sites ilimitados"},{"text":"Suporte premium"},{"text":"Suporte premium"},{"text":"Oferta especial para v\u00e1rios aplicativos"}],"pricing_button_text":"Adicionar ao site","pricing_button_url":"#demo","_state":"expanded"}],"related_apps_title":"","related_apps_hidden":"1","author":"","image":[],"title":"","job":"","social_networks":[]},"_links":{"self":[{"href":"https:\/\/elfsight.com\/pt\/wp-json\/wp\/v2\/pages\/4113","targetHints":{"allow":["GET"]}}],"collection":[{"href":"https:\/\/elfsight.com\/pt\/wp-json\/wp\/v2\/pages"}],"about":[{"href":"https:\/\/elfsight.com\/pt\/wp-json\/wp\/v2\/types\/page"}],"author":[{"embeddable":true,"href":"https:\/\/elfsight.com\/pt\/wp-json\/wp\/v2\/users\/9"}],"replies":[{"embeddable":true,"href":"https:\/\/elfsight.com\/pt\/wp-json\/wp\/v2\/comments?post=4113"}],"version-history":[{"count":3,"href":"https:\/\/elfsight.com\/pt\/wp-json\/wp\/v2\/pages\/4113\/revisions"}],"predecessor-version":[{"id":12662,"href":"https:\/\/elfsight.com\/pt\/wp-json\/wp\/v2\/pages\/4113\/revisions\/12662"}],"up":[{"embeddable":true,"href":"https:\/\/elfsight.com\/pt\/wp-json\/wp\/v2\/pages\/596"}],"wp:attachment":[{"href":"https:\/\/elfsight.com\/pt\/wp-json\/wp\/v2\/media?parent=4113"}],"curies":[{"name":"wp","href":"https:\/\/api.w.org\/{rel}","templated":true}]}}