{"id":4112,"date":"2024-05-03T06:36:48","date_gmt":"2024-05-03T06:36:48","guid":{"rendered":"https:\/\/elfsight.com\/pt\/?page_id=4112"},"modified":"2025-03-06T08:57:45","modified_gmt":"2025-03-06T08:57:45","slug":"opencart","status":"publish","type":"page","link":"https:\/\/elfsight.com\/pt\/accordion-faq-widget\/opencart\/","title":{"rendered":"FAQ &#8211; OpenCart"},"content":{"rendered":"\n<div class=\"application-platform-content-item-description application-platform-content-item\" id=\"description\" data-nav-section=\"description\"><h2>Descri\u00e7\u00e3o<\/h2><p>O Elfsight FAQ \u00e9 um instrumento simples, f\u00e1cil de aplicar e ajustar para gerar e mostrar uma lista dos mais perguntas populares com respostas em seu site pessoal. Uma extens\u00e3o informativa com navega\u00e7\u00e3o r\u00e1pida oferece a oportunidade de mostrar informa\u00e7\u00f5es completas sobre seu neg\u00f3cio, focar a aten\u00e7\u00e3o dos espectadores nas caracter\u00edsticas positivas de seus produtos e excluir todos os poss\u00edveis medos e suspeitas que possam atrapalhar a decis\u00e3o de compra.<\/p> <p><b>Responda instantaneamente \u00e0s perguntas dos seus usu\u00e1rios e aumente a convers\u00e3o no site!<\/b><\/p><ul><li><b>Leve os clientes a fazerem uma compra com textos bem compostos<\/b>.<br>Responda \u00e0s perguntas especialmente importantes dos clientes antes que elas surjam e conven\u00e7a-os a comprar no seu site.<\/li><li><b>Garanta a compreens\u00e3o correta do seu produto ou servi\u00e7o pelos clientes<\/b>.<br>Combata os equ\u00edvocos e d\u00favidas mais frequentes sobre o seu neg\u00f3cio com a ajuda de respostas claras e completas.<\/li><li><b>Diminua o tempo e o pre\u00e7o do suporte ao cliente<\/b>.<br>Publique respostas \u00e0s perguntas mais frequentes sobre seus produtos, servi\u00e7os ou marca e diminua a carga intensa de sua equipe de suporte ao cliente.<\/li><\/ul><\/div><div class=\"application-platform-content-item-features application-platform-content-item\" id=\"features\" data-nav-section=\"features\"><h2>Recursos <\/h2><p>As caracter\u00edsticas mais poderosas da nossa extens\u00e3o, que a tornam a extens\u00e3o mais r\u00e1pida para instalar FAQ no site OpenCart.<\/p><ul><li>3 layouts prontos: acorde\u00e3o, lista, multicolunas;<\/li><li>Cores personaliz\u00e1veis \u200b\u200bdo texto da pergunta, texto da resposta, nome da categoria e plano de fundo;<\/li><li>Duplicar e reordenar perguntas;<\/li><li>Esquema de perguntas de microdados, para ajudar na otimiza\u00e7\u00e3o de SEO ;<\/li><li>Atualiza\u00e7\u00f5es dispon\u00edveis para mant\u00ea-lo atualizado.<\/li><\/ul><p><a href=\"#demo\">Explore todos os recursos<\/a><\/p><\/div><div class=\"application-platform-content-item-installation application-platform-content-item\" id=\"installation\" data-nav-section=\"installation\"><h2>Como adicionar o widget Accoridon FAQ ao OpenCart<\/h2><p>Basta aplicar as instru\u00e7\u00f5es abaixo para incorporar a ferramenta no OpenCart.<\/p> <ol><li><b>Execute nosso configurador gratuito e comece a moldar seu instrumento exclusivo. <\/b><br> Determine a apar\u00eancia e os par\u00e2metros desej\u00e1veis \u200b\u200bda extens\u00e3o e salve as modifica\u00e7\u00f5es. <\/li> <li><b>Adquira o seu c\u00f3digo individual, que \u00e9 apresentado no formul\u00e1rio especial nas aplica\u00e7\u00f5es Elfsight. <\/b><br> Quando o estabelecimento de sua extens\u00e3o de FAQ terminar, copie o c\u00f3digo individual da janela que aparece e guarde-o para uso posterior. <\/li> <li><b>Inicie o uso da extens\u00e3o em seu site OpenCart. <\/b><br> Coloque o c\u00f3digo salvo anteriormente em seu site e salve as edi\u00e7\u00f5es. <\/li> <li><b>A instala\u00e7\u00e3o foi realizada com sucesso. <\/b><br> Visite sua p\u00e1gina para ver o funcionamento do widget. <\/li><\/ol> <p>Tem dificuldades ao aplicar as instru\u00e7\u00f5es? Entre em contato com a equipe de suporte da Elfsight ou leia a vers\u00e3o completa do manual \u00ab<a href=\"https:\/\/elfsight.com\/tutorials\/how-to-add-faq-widget-to-opencart\/\" target=\"_blank \" rel=\"noopener noreferrer\">Como adicionar FAQ ao OpenCart<\/a>\u00bb e conclua a configura\u00e7\u00e3o por conta pr\u00f3pria.<\/p><div class=\"faq\" data-component=\"FAQ\"><div class=\"faq-item\">\r\n\t\t\t\t\t<div class=\"faq-item-question\">\r\n\t\t\t\t\t\t<h3 class=\"faq-item-question-text\">Como posso adicionar FAQ ao meu site OpenCart sem codifica\u00e7\u00e3o skills?<\/h3>\r\n\r\n\t\t\t\t\t\t<div class=\"faq-item-question-icon\"><\/div>\r\n\t\t\t\t\t<\/div>\r\n\r\n\t\t\t\t\t<div class=\"faq-item-answer\">\r\n\t\t\t\t\t\t<div class=\"faq-item-answer-text\"> <p>A Elfsight fornece uma solu\u00e7\u00e3o SaaS que lhe permite criar um widget de FAQ, veja como o processo \u00e9 f\u00e1cil: Trabalhe diretamente no Editor online para criar um widget de FAQ que gostaria de ver no seu site OpenCart. Escolha um dos modelos predefinidos e ajuste as configura\u00e7\u00f5es do FAQ, adicione seu conte\u00fado, altere o layout e as cores sem habilidades de codifica\u00e7\u00e3o. Salve o FAQ e copie seu c\u00f3digo de instala\u00e7\u00e3o, que voc\u00ea pode incorporar facilmente em seu site OpenCart sem comprar uma assinatura paga. Com nosso editor intuitivo, qualquer usu\u00e1rio da Internet pode criar um widget de FAQ online e incorpor\u00e1-lo facilmente ao seu site OpenCart. N\u00e3o h\u00e1 necessidade de pagar ou inserir as credenciais do seu cart\u00e3o para acessar o servi\u00e7o. Se voc\u00ea enfrentar qualquer problema em qualquer etapa, n\u00e3o hesite em entrar em contato com nossa equipe de suporte t\u00e9cnico.<\/p> <\/div>\r\n\t\t\t\t\t<\/div>\r\n\t\t\t\t<\/div> <\/div><\/div>\n","protected":false},"excerpt":{"rendered":"","protected":false},"author":9,"featured_media":0,"parent":815,"menu_order":0,"comment_status":"closed","ping_status":"closed","template":"templates\/template-application-platform.php","meta":{"publish_to_discourse":"","publish_post_category":"","wpdc_auto_publish_overridden":"","wpdc_topic_tags":"","wpdc_pin_topic":"","wpdc_pin_until":"","discourse_post_id":"","discourse_permalink":"","wpdc_publishing_response":"","wpdc_publishing_error":"","footnotes":""},"class_list":["post-4112","page","type-page","status-publish","hentry"],"yoast_head":"<!-- This site is optimized with the Yoast SEO plugin v25.3.1 - https:\/\/yoast.com\/wordpress\/plugins\/seo\/ -->\n<title>Perguntas frequentes sobre acorde\u00e3o - Adicionar extens\u00e3o de perguntas frequentes ao site OpenCart<\/title>\n<meta name=\"description\" content=\"Gere sua extens\u00e3o de FAQ exclusiva para OpenCart em apenas 90 segundos. Experimente o editor de plugins mais r\u00e1pido configurado pela Elfsight, totalmente gratuito.\" \/>\n<meta name=\"robots\" content=\"index, follow, max-snippet:-1, max-image-preview:large, max-video-preview:-1\" \/>\n<link rel=\"canonical\" href=\"https:\/\/elfsight.com\/pt\/accordion-faq-widget\/opencart\/\" \/>\n<meta property=\"og:locale\" content=\"pt_PT\" \/>\n<meta property=\"og:type\" content=\"article\" \/>\n<meta property=\"og:title\" content=\"Perguntas frequentes sobre acorde\u00e3o - Adicionar extens\u00e3o de perguntas frequentes ao site OpenCart\" \/>\n<meta property=\"og:description\" content=\"Gere sua extens\u00e3o de FAQ exclusiva para OpenCart em apenas 90 segundos. Experimente o editor de plugins mais r\u00e1pido configurado pela Elfsight, totalmente gratuito.\" \/>\n<meta property=\"og:url\" content=\"https:\/\/elfsight.com\/pt\/accordion-faq-widget\/opencart\/\" \/>\n<meta property=\"og:site_name\" content=\"Elfsight PT\" \/>\n<meta property=\"article:modified_time\" content=\"2025-03-06T08:57:45+00:00\" \/>\n<meta name=\"twitter:card\" content=\"summary_large_image\" \/>\n<meta name=\"twitter:label1\" content=\"Tempo estimado de leitura\" \/>\n\t<meta name=\"twitter:data1\" content=\"4 minutos\" \/>\n<!-- \/ Yoast SEO plugin. -->","yoast_head_json":{"title":"Perguntas frequentes sobre acorde\u00e3o - Adicionar extens\u00e3o de perguntas frequentes ao site OpenCart","description":"Gere sua extens\u00e3o de FAQ exclusiva para OpenCart em apenas 90 segundos. Experimente o editor de plugins mais r\u00e1pido configurado pela Elfsight, totalmente gratuito.","robots":{"index":"index","follow":"follow","max-snippet":"max-snippet:-1","max-image-preview":"max-image-preview:large","max-video-preview":"max-video-preview:-1"},"canonical":"https:\/\/elfsight.com\/pt\/accordion-faq-widget\/opencart\/","og_locale":"pt_PT","og_type":"article","og_title":"Perguntas frequentes sobre acorde\u00e3o - Adicionar extens\u00e3o de perguntas frequentes ao site OpenCart","og_description":"Gere sua extens\u00e3o de FAQ exclusiva para OpenCart em apenas 90 segundos. Experimente o editor de plugins mais r\u00e1pido configurado pela Elfsight, totalmente gratuito.","og_url":"https:\/\/elfsight.com\/pt\/accordion-faq-widget\/opencart\/","og_site_name":"Elfsight PT","article_modified_time":"2025-03-06T08:57:45+00:00","twitter_card":"summary_large_image","twitter_misc":{"Tempo estimado de leitura":"4 minutos"},"schema":{"@context":"https:\/\/schema.org","@graph":[{"@type":"WebPage","@id":"https:\/\/elfsight.com\/pt\/accordion-faq-widget\/opencart\/","url":"https:\/\/elfsight.com\/pt\/accordion-faq-widget\/opencart\/","name":"Perguntas frequentes sobre acorde\u00e3o - Adicionar extens\u00e3o de perguntas frequentes ao site OpenCart","isPartOf":{"@id":"https:\/\/elfsight.com\/pt\/#website"},"datePublished":"2024-05-03T06:36:48+00:00","dateModified":"2025-03-06T08:57:45+00:00","description":"Gere sua extens\u00e3o de FAQ exclusiva para OpenCart em apenas 90 segundos. Experimente o editor de plugins mais r\u00e1pido configurado pela Elfsight, totalmente gratuito.","breadcrumb":{"@id":"https:\/\/elfsight.com\/pt\/accordion-faq-widget\/opencart\/#breadcrumb"},"inLanguage":"pt-PT","potentialAction":[{"@type":"ReadAction","target":["https:\/\/elfsight.com\/pt\/accordion-faq-widget\/opencart\/"]}]},{"@type":"BreadcrumbList","@id":"https:\/\/elfsight.com\/pt\/accordion-faq-widget\/opencart\/#breadcrumb","itemListElement":[{"@type":"ListItem","position":1,"name":"Home","item":"https:\/\/elfsight.com\/pt\/"},{"@type":"ListItem","position":2,"name":"FAQ","item":"https:\/\/elfsight.com\/pt\/accordion-faq-widget\/"},{"@type":"ListItem","position":3,"name":"FAQ &#8211; OpenCart"}]},{"@type":"WebSite","@id":"https:\/\/elfsight.com\/pt\/#website","url":"https:\/\/elfsight.com\/pt\/","name":"Elfsight PT","description":"Just another Elfsight Sites site","potentialAction":[{"@type":"SearchAction","target":{"@type":"EntryPoint","urlTemplate":"https:\/\/elfsight.com\/pt\/?s={search_term_string}"},"query-input":{"@type":"PropertyValueSpecification","valueRequired":true,"valueName":"search_term_string"}}],"inLanguage":"pt-PT"}]}},"meta_box":{"industry":"","seo_heading":"","heading":"","description":"","cta_heading":"","cta_description":"","application":"814","h1":"Extens\u00e3o de perguntas frequentes do acorde\u00e3o para OpenCart","h1_caption":"Aumente a taxa de vendas do seu site combatendo a desconfian\u00e7a e hesita\u00e7\u00e3o do cliente","application_category":[],"applications_title":"","applications_request_title":"","applications_request_button_text":"","hero_text":"","hero_video":"","hero_video_schema_markup":"","selling_points_title":"","selling_points_caption":"","selling_points":[],"selling_points_cta_text":"","features_title":"","features":"","ed_cta_examples_text":"","ed_cta_examples_hidden":"","ed_cta_demo_text":"","ed_cta_demo_hidden":"","why_caption":"","why_editor_title":"","why_editor_text":"","why_team_title":"","why_team_text":"","why_service_title":"","why_service_text":"","template_catalog_visible":"0","template_catalog_title":"","template_catalog_text":"","template_catalog_categories_visible":"","demo_title":"Crie sua extens\u00e3o de perguntas frequentes","demo_caption":"Configure seu FAQ e adicione-o ao seu site OpenCart gratuitamente!","default_faq_hidden":"","app_template_category":[],"platform":"61","template_public_id":"","codecanyon_url":"","codecanyon_item_id":"","codecanyon_price":"","pricing_caption":"","pricing_elfsight_apps_hide_column":"","pricing_elfsight_apps_url":"","pricing_codecanyon_price_caption":"","integration_category":[],"integration_request_title":"","integration_request_cta":"","integration_platform":"","integrations":[],"platform_category":[],"video_schema_markup":"","price":"a partir de US$ 0\/m\u00eas","trial":"","benefits":[{"text":"Assist\u00eancia de instala\u00e7\u00e3o gratuita"},{"text":"Atendimento ao cliente profissional"},{"text":"Garantia de reembolso de 14 dias"},{"text":"Melhorias cont\u00ednuas"}],"button_url":"#demo","button_target_blank":"0","button_nofollow":"0","attributes":[{"name":"Instala\u00e7\u00f5es","content":"10,000 - 100,000","_state":"expanded"},{"name":"Responsivo","content":"Sim","_state":"expanded"},{"name":"Navegadores compat\u00edveis","content":"Edge, Opera, Firefox, Safari, Chrome"}],"tags":[],"tags_disable_links":"0","hide_more_platforms":"0","video_object":"","demo_hide_cta":"0","demo_hide_cloud_options":"0","pricing_title":"","pricing":[{"pricing_icon":"cloud","pricing_title":"Elfsight Apps","pricing_title_caption":"Software multiplataforma que se adapta a qualquer site","pricing_price":"a partir de US$ 0\/m\u00eas","pricing_price_caption":"comece com plano gratuito","pricing_benefits":[{"text":"Dom\u00ednios ilimitados"},{"text":"Suporte gratuito ao cliente"},{"text":"Suporte gratuito ao cliente"},{"text":"Design flex\u00edvel"}],"pricing_button_text":"Adicionar ao site","pricing_button_url":"#demo","_state":"expanded"}],"related_apps_title":"","related_apps_hidden":"1","author":"","image":[],"title":"","job":"","social_networks":[]},"_links":{"self":[{"href":"https:\/\/elfsight.com\/pt\/wp-json\/wp\/v2\/pages\/4112","targetHints":{"allow":["GET"]}}],"collection":[{"href":"https:\/\/elfsight.com\/pt\/wp-json\/wp\/v2\/pages"}],"about":[{"href":"https:\/\/elfsight.com\/pt\/wp-json\/wp\/v2\/types\/page"}],"author":[{"embeddable":true,"href":"https:\/\/elfsight.com\/pt\/wp-json\/wp\/v2\/users\/9"}],"replies":[{"embeddable":true,"href":"https:\/\/elfsight.com\/pt\/wp-json\/wp\/v2\/comments?post=4112"}],"version-history":[{"count":3,"href":"https:\/\/elfsight.com\/pt\/wp-json\/wp\/v2\/pages\/4112\/revisions"}],"predecessor-version":[{"id":14403,"href":"https:\/\/elfsight.com\/pt\/wp-json\/wp\/v2\/pages\/4112\/revisions\/14403"}],"up":[{"embeddable":true,"href":"https:\/\/elfsight.com\/pt\/wp-json\/wp\/v2\/pages\/815"}],"wp:attachment":[{"href":"https:\/\/elfsight.com\/pt\/wp-json\/wp\/v2\/media?parent=4112"}],"curies":[{"name":"wp","href":"https:\/\/api.w.org\/{rel}","templated":true}]}}