{"id":4105,"date":"2024-05-03T06:37:54","date_gmt":"2024-05-03T06:37:54","guid":{"rendered":"https:\/\/elfsight.com\/pt\/?page_id=4105"},"modified":"2025-02-05T10:14:03","modified_gmt":"2025-02-05T10:14:03","slug":"opencart","status":"publish","type":"page","link":"https:\/\/elfsight.com\/pt\/online-form-builder\/opencart\/","title":{"rendered":"Form Builder &#8211; OpenCart"},"content":{"rendered":"<div class=\"application-platform-content-item-description application-platform-content-item\" id=\"description\" data-nav-section=\"description\">\n<h2>Construtor de formul\u00e1rios personalizados para OpenCart<\/h2>\nEsta \u00e9 uma solu\u00e7\u00e3o abrangente para criar v\u00e1rios tipos de formul\u00e1rios de preenchimento e exibi-los em qualquer site. Obtenha dados de seu p\u00fablico existente e potencial por meio de pesquisas pr\u00e1ticas, formul\u00e1rios de feedback, solicita\u00e7\u00f5es de classifica\u00e7\u00e3o e outros tipos de formul\u00e1rios. Defina o esqueleto do formul\u00e1rio, escolha elementos para gerar formul\u00e1rios exclusivos que trar\u00e3o mais feedback dos clientes. N\u00e3o importa que tipo de informa\u00e7\u00e3o voc\u00ea precise: impress\u00f5es, avalia\u00e7\u00f5es, reservas e solicita\u00e7\u00f5es \u2013 o Elfsight Form Builder permitir\u00e1 que voc\u00ea crie um formul\u00e1rio de preenchimento relevante para elas. Gra\u00e7as \u00e0 estrutura flex\u00edvel e \u00e0 variedade de segmentos dispon\u00edveis, seu formul\u00e1rio ser\u00e1 f\u00e1cil de usar para seus clientes e pr\u00e1tico para voc\u00ea.\n\n<b>Estabele\u00e7a reservas e compras atrav\u00e9s de formul\u00e1rios pr\u00e1ticos para compras r\u00e1pidas e f\u00e1ceis!<\/b>\n<ul>\n \t<li><b>Crie formul\u00e1rios atraentes para coletar mais feedback<\/b>. Voc\u00ea tem v\u00e1rios segmentos dispon\u00edveis que permitem criar formul\u00e1rios interessantes e vi\u00e1veis. Op\u00e7\u00f5es variadas de estilos de nossa extens\u00e3o ajudar\u00e3o a torn\u00e1-la atraente e atrair mais clientes para preenchimento.<\/li>\n \t<li><b>Aumente o n\u00famero de leads com formul\u00e1rios gerenci\u00e1veis<\/b>. N\u00e3o deixe a clientela sair o procedimento de enchimento inacabado. Forme formul\u00e1rios compostos por etapas pr\u00e1ticas e de f\u00e1cil estrutura, que manter\u00e3o os clientes engajados at\u00e9 o fim e aumentar\u00e3o o n\u00famero de leads.<\/li>\n \t<li><b>Economize tempo e dinheiro com uma ferramenta multifuncional<\/b>. Esta ferramenta universal permite compor diversos formul\u00e1rios com v\u00e1rios conjuntos de componentes e diferentes estruturas. Isso ajudar\u00e1 voc\u00ea a configurar formul\u00e1rios para coletar insights de formatos variados sem gastar mais tempo e dinheiro.<\/li>\n<\/ul>\n<\/div><div class=\"application-platform-content-item-features application-platform-content-item\" id=\"features\" data-nav-section=\"features\">\n<h2>Recursos do plugin Form Builder<\/h2>\nO que torna nosso Form Builder a melhor extens\u00e3o para feedback e solicita\u00e7\u00f5es no OpenCart?\n<ul>\n \t<li>Crie formul\u00e1rios cl\u00e1ssicos e passo a passo unindo elementos em gruposp;<\/li>\n \t<li>Cada campo pode ser criado obrigat\u00f3rio para preenchimento com o s\u00edmbolo de asterisco (*) para indicar isso;<\/li>\n \t<li>Atribua qualquer endere\u00e7o de e-mail e os resultados do preenchimento do formul\u00e1rio ser\u00e3o enviados automaticamente para l\u00e1;<\/li>\n \t<li>Barra de progresso altern\u00e1vel quando passo a passo o formato \u00e9 aplicado;<\/li>\n \t<li>5 estilos predefinidos para campos de formul\u00e1rio.<\/li>\n<\/ul>\n<a href=\"#demo\">Mais recursos em nosso editor<\/a><\/div><div class=\"application-platform-content-item-installation application-platform-content-item\" id=\"installation\" data-nav-section=\"installation\">\n<h2>Como adicionar o Form Builder ao site OpenCart<\/h2>\nBasta seguir as instru\u00e7\u00f5es abaixo para incorporar o widget no OpenCart.\n<ol>\n \t<li><b>Gerencie nossa demonstra\u00e7\u00e3o gratuita e comece a formar seu extens\u00e3o pr\u00f3pria. <\/b>Determine o layout e os aspectos preferidos da extens\u00e3o e salve as corre\u00e7\u00f5es.<\/li>\n \t<li><b>Adquira o c\u00f3digo pessoal revelado na caixa dos aplicativos Elfsight. <\/b>Quando a cria\u00e7\u00e3o do seu widget pessoal terminar, copie o c\u00f3digo exclusivo na caixa exibida e salve-o para uso futuro.<\/li>\n \t<li><b>Inicie a utiliza\u00e7\u00e3o do Form Builder no seu site OpenCart. <\/b>Coloque o c\u00f3digo copiado recentemente em seu site e salve os ajustes.<\/li>\n \t<li><b>A configura\u00e7\u00e3o est\u00e1 totalmente realizada. <\/b>Acesse seu site para ver em a\u00e7\u00e3o o desempenho da ferramenta.<\/li>\n<\/ol>\nEst\u00e1 tendo problemas com a instala\u00e7\u00e3o da extens\u00e3o ou sua personaliza\u00e7\u00e3o? Envie uma mensagem para o suporte ao cliente da Elfsight ou tente ler um guia completo \u00ab<a href=\"https:\/\/elfsight.com\/tutorials\/how-to-add-form-builder-to-opencart\/\">Incorpora\u00e7\u00e3o da extens\u00e3o de formul\u00e1rio no OpenCart<\/a>\u00bb.<div class=\"faq\" data-component=\"FAQ\"> <div class=\"faq-item\">\r\n\t\t\t\t\t<div class=\"faq-item-question\">\r\n\t\t\t\t\t\t<h3 class=\"faq-item-question-text\">Como posso adicionar o Form Builder ao meu site OpenCart sem habilidades de codifica\u00e7\u00e3o?<\/h3>\r\n\r\n\t\t\t\t\t\t<div class=\"faq-item-question-icon\"><\/div>\r\n\t\t\t\t\t<\/div>\r\n\r\n\t\t\t\t\t<div class=\"faq-item-answer\">\r\n\t\t\t\t\t\t<div class=\"faq-item-answer-text\">A Elfsight fornece uma solu\u00e7\u00e3o SaaS que permite que voc\u00ea mesmo crie um widget Form Builder, veja como \u00e9 f\u00e1cil o processo \u00e9: Trabalhe diretamente no Editor online para criar um widget Form Builder que voc\u00ea gostaria de ver em seu site OpenCart. Escolha um dos modelos predefinidos e ajuste as configura\u00e7\u00f5es do Form Builder, adicione seu conte\u00fado, altere o layout e o esquema de cores sem habilidades de codifica\u00e7\u00e3o. Salve o Form Builder e copie seu c\u00f3digo de instala\u00e7\u00e3o, para que voc\u00ea possa simplesmente adicion\u00e1-lo ao seu site OpenCart sem comprar uma assinatura paga. Com nosso editor intuitivo, qualquer usu\u00e1rio da Internet pode criar um widget Form Builder online e incorpor\u00e1-lo facilmente ao seu site OpenCart. N\u00e3o h\u00e1 necessidade de pagar ou inserir as credenciais do seu cart\u00e3o para acessar o servi\u00e7o. Se voc\u00ea enfrentar qualquer problema em qualquer etapa, n\u00e3o hesite em entrar em contato com nossa equipe de suporte t\u00e9cnico.<\/div>\r\n\t\t\t\t\t<\/div>\r\n\t\t\t\t<\/div><div class=\"faq-item\">\r\n\t\t\t\t\t<div class=\"faq-item-question\">\r\n\t\t\t\t\t\t<h3 class=\"faq-item-question-text\">Voc\u00ea tem algum modelo pr\u00e9-projetado do Form Builder para o site OpenCart?<\/h3>\r\n\r\n\t\t\t\t\t\t<div class=\"faq-item-question-icon\"><\/div>\r\n\t\t\t\t\t<\/div>\r\n\r\n\t\t\t\t\t<div class=\"faq-item-answer\">\r\n\t\t\t\t\t\t<div class=\"faq-item-answer-text\">Sim. Nossa equipe trabalhou duro para criar uma enorme cole\u00e7\u00e3o de mais de 300 modelos, como <a href=\"https:\/\/elfsight.com\/online-form-builder\/templates\/application-forms\/\">Formul\u00e1rios de inscri\u00e7\u00e3o<\/a>, <a href=\"https:\/\/elfsight.com\/online-form-builder\/templates\/booking-forms\/\">Formul\u00e1rios de reserva<\/a>, <a href=\"https:\/\/elfsight.com\/online-form-builder\/templates\/order-forms\/\">Formul\u00e1rios de pedido<\/a>, <a href=\"https:\/\/elfsight.com\/online-form-builder\/templates\/product-forms\/\">Formul\u00e1rios de produto<\/a>, <a href=\"https:\/\/elfsight.com\/online-form-builder\/templates\/questionnaires\/\">Question\u00e1rios<\/a>, <a href=\"https:\/\/elfsight.com\/online-form-builder\/templates\/quizzes\/\">Testes<\/a>, <a href=\"https:\/\/elfsight.com\/online-form-builder\/templates\/surveys\/\">Pesquisas<\/a>, <a href=\"https:\/\/elfsight.com\/online-form-builder\/templates\/file-upload-forms\/\">Formul\u00e1rios de upload de arquivos<\/a> e muitos outros. Portanto, n\u00e3o ser\u00e1 t\u00e3o dif\u00edcil encontrar o ajuste certo com os <a href=\"https:\/\/elfsight.com\/online-form-builder\/templates\/\">modelos do Form Builder<\/a>.<\/div>\r\n\t\t\t\t\t<\/div>\r\n\t\t\t\t<\/div> <\/div><\/div>","protected":false},"excerpt":{"rendered":"","protected":false},"author":9,"featured_media":0,"parent":596,"menu_order":0,"comment_status":"closed","ping_status":"closed","template":"templates\/template-application-platform.php","meta":{"publish_to_discourse":"","publish_post_category":"","wpdc_auto_publish_overridden":"","wpdc_topic_tags":"","wpdc_pin_topic":"","wpdc_pin_until":"","discourse_post_id":"","discourse_permalink":"","wpdc_publishing_response":"","wpdc_publishing_error":"","footnotes":""},"class_list":["post-4105","page","type-page","status-publish","hentry"],"yoast_head":"<!-- This site is optimized with the Yoast SEO plugin v25.3.1 - https:\/\/yoast.com\/wordpress\/plugins\/seo\/ -->\n<title>Crie e adicione formul\u00e1rio personalizado no OpenCart gratuitamente!<\/title>\n<meta name=\"description\" content=\"Projete seu Construtor de Formul\u00e1rios Online especial para OpenCart em apenas alguns minutos. Experimente o editor instant\u00e2neo para criar extens\u00f5es de formul\u00e1rio da Elfsight totalmente gratuito.\" \/>\n<meta name=\"robots\" content=\"index, follow, max-snippet:-1, max-image-preview:large, max-video-preview:-1\" \/>\n<link rel=\"canonical\" href=\"https:\/\/elfsight.com\/pt\/online-form-builder\/opencart\/\" \/>\n<meta property=\"og:locale\" content=\"pt_PT\" \/>\n<meta property=\"og:type\" content=\"article\" \/>\n<meta property=\"og:title\" content=\"Crie e adicione formul\u00e1rio personalizado no OpenCart gratuitamente!\" \/>\n<meta property=\"og:description\" content=\"Projete seu Construtor de Formul\u00e1rios Online especial para OpenCart em apenas alguns minutos. Experimente o editor instant\u00e2neo para criar extens\u00f5es de formul\u00e1rio da Elfsight totalmente gratuito.\" \/>\n<meta property=\"og:url\" content=\"https:\/\/elfsight.com\/pt\/online-form-builder\/opencart\/\" \/>\n<meta property=\"og:site_name\" content=\"Elfsight PT\" \/>\n<meta property=\"article:modified_time\" content=\"2025-02-05T10:14:03+00:00\" \/>\n<meta name=\"twitter:card\" content=\"summary_large_image\" \/>\n<meta name=\"twitter:label1\" content=\"Tempo estimado de leitura\" \/>\n\t<meta name=\"twitter:data1\" content=\"4 minutos\" \/>\n<!-- \/ Yoast SEO plugin. -->","yoast_head_json":{"title":"Crie e adicione formul\u00e1rio personalizado no OpenCart gratuitamente!","description":"Projete seu Construtor de Formul\u00e1rios Online especial para OpenCart em apenas alguns minutos. Experimente o editor instant\u00e2neo para criar extens\u00f5es de formul\u00e1rio da Elfsight totalmente gratuito.","robots":{"index":"index","follow":"follow","max-snippet":"max-snippet:-1","max-image-preview":"max-image-preview:large","max-video-preview":"max-video-preview:-1"},"canonical":"https:\/\/elfsight.com\/pt\/online-form-builder\/opencart\/","og_locale":"pt_PT","og_type":"article","og_title":"Crie e adicione formul\u00e1rio personalizado no OpenCart gratuitamente!","og_description":"Projete seu Construtor de Formul\u00e1rios Online especial para OpenCart em apenas alguns minutos. Experimente o editor instant\u00e2neo para criar extens\u00f5es de formul\u00e1rio da Elfsight totalmente gratuito.","og_url":"https:\/\/elfsight.com\/pt\/online-form-builder\/opencart\/","og_site_name":"Elfsight PT","article_modified_time":"2025-02-05T10:14:03+00:00","twitter_card":"summary_large_image","twitter_misc":{"Tempo estimado de leitura":"4 minutos"},"schema":{"@context":"https:\/\/schema.org","@graph":[{"@type":"WebPage","@id":"https:\/\/elfsight.com\/pt\/online-form-builder\/opencart\/","url":"https:\/\/elfsight.com\/pt\/online-form-builder\/opencart\/","name":"Crie e adicione formul\u00e1rio personalizado no OpenCart gratuitamente!","isPartOf":{"@id":"https:\/\/elfsight.com\/pt\/#website"},"datePublished":"2024-05-03T06:37:54+00:00","dateModified":"2025-02-05T10:14:03+00:00","description":"Projete seu Construtor de Formul\u00e1rios Online especial para OpenCart em apenas alguns minutos. Experimente o editor instant\u00e2neo para criar extens\u00f5es de formul\u00e1rio da Elfsight totalmente gratuito.","breadcrumb":{"@id":"https:\/\/elfsight.com\/pt\/online-form-builder\/opencart\/#breadcrumb"},"inLanguage":"pt-PT","potentialAction":[{"@type":"ReadAction","target":["https:\/\/elfsight.com\/pt\/online-form-builder\/opencart\/"]}]},{"@type":"BreadcrumbList","@id":"https:\/\/elfsight.com\/pt\/online-form-builder\/opencart\/#breadcrumb","itemListElement":[{"@type":"ListItem","position":1,"name":"Home","item":"https:\/\/elfsight.com\/pt\/"},{"@type":"ListItem","position":2,"name":"Form Builder","item":"https:\/\/elfsight.com\/pt\/online-form-builder\/"},{"@type":"ListItem","position":3,"name":"Form Builder &#8211; OpenCart"}]},{"@type":"WebSite","@id":"https:\/\/elfsight.com\/pt\/#website","url":"https:\/\/elfsight.com\/pt\/","name":"Elfsight PT","description":"Just another Elfsight Sites site","potentialAction":[{"@type":"SearchAction","target":{"@type":"EntryPoint","urlTemplate":"https:\/\/elfsight.com\/pt\/?s={search_term_string}"},"query-input":{"@type":"PropertyValueSpecification","valueRequired":true,"valueName":"search_term_string"}}],"inLanguage":"pt-PT"}]}},"meta_box":{"industry":"","seo_heading":"","heading":"","description":"","cta_heading":"","cta_description":"","application":"595","h1":"Construtor de formul\u00e1rios online para OpenCart","h1_caption":"Configure o preenchimento de formul\u00e1rios de qualquer formato para coletar informa\u00e7\u00f5es do cliente","application_category":[],"applications_title":"","applications_request_title":"","applications_request_button_text":"","hero_text":"","hero_video":"","hero_video_schema_markup":"","selling_points_title":"","selling_points_caption":"","selling_points":[],"selling_points_cta_text":"","features_title":"","features":"","ed_cta_examples_text":"","ed_cta_examples_hidden":"","ed_cta_demo_text":"","ed_cta_demo_hidden":"","why_caption":"","why_editor_title":"","why_editor_text":"","why_team_title":"","why_team_text":"","why_service_title":"","why_service_text":"","template_catalog_visible":"0","template_catalog_title":"","template_catalog_text":"","template_catalog_categories_visible":"","demo_title":"Crie sua extens\u00e3o do Form Builder","demo_caption":"Configure seu Form Builder e adicione-o ao seu site OpenCart gratuitamente!","default_faq_hidden":"","app_template_category":[],"platform":"61","template_public_id":"","codecanyon_url":"","codecanyon_item_id":"","codecanyon_price":"","pricing_caption":"","pricing_elfsight_apps_hide_column":"","pricing_elfsight_apps_url":"","pricing_codecanyon_price_caption":"","integration_category":[],"integration_request_title":"","integration_request_cta":"","integration_platform":"","integrations":[],"platform_category":[],"video_schema_markup":"","price":"a partir de US$ 0\/m\u00eas","trial":"","benefits":[{"text":"Servi\u00e7o de instala\u00e7\u00e3o gratuito"},{"text":"Atendimento ao cliente eficaz"},{"text":"Garantia de reembolso de 14 dias"},{"text":"Desenvolvimento cont\u00ednuo"}],"button_url":"#demo","button_target_blank":"0","button_nofollow":"0","attributes":[{"name":"Instala\u00e7\u00f5es","content":"100,000 - 500,000","_state":"expanded"},{"name":"Responsivo","content":"Sim","_state":"expanded"},{"name":"Navegadores compat\u00edveis","content":"Chrome, Edge, Safari, Opera, Firefox"}],"tags":[],"tags_disable_links":"0","hide_more_platforms":"","video_object":"","demo_hide_cta":"0","demo_hide_cloud_options":"0","pricing_title":"","pricing":[{"pricing_icon":"cloud","pricing_title":"Elfsight Apps","pricing_title_caption":"Solu\u00e7\u00e3o multiplataforma que funciona em qualquer site","pricing_price":"a partir de US$ 0\/m\u00eas","pricing_price_caption":"comece com plano gratuito","pricing_benefits":[{"text":"Sites ilimitados"},{"text":"Suporte gratuito e pontual"},{"text":"Suporte gratuito e pontual"},{"text":"Design flex\u00edvel"}],"pricing_button_text":"Adicionar ao site","pricing_button_url":"#demo","_state":"expanded"}],"related_apps_title":"","related_apps_hidden":"1","author":"","image":[],"title":"","job":"","social_networks":[]},"_links":{"self":[{"href":"https:\/\/elfsight.com\/pt\/wp-json\/wp\/v2\/pages\/4105","targetHints":{"allow":["GET"]}}],"collection":[{"href":"https:\/\/elfsight.com\/pt\/wp-json\/wp\/v2\/pages"}],"about":[{"href":"https:\/\/elfsight.com\/pt\/wp-json\/wp\/v2\/types\/page"}],"author":[{"embeddable":true,"href":"https:\/\/elfsight.com\/pt\/wp-json\/wp\/v2\/users\/9"}],"replies":[{"embeddable":true,"href":"https:\/\/elfsight.com\/pt\/wp-json\/wp\/v2\/comments?post=4105"}],"version-history":[{"count":3,"href":"https:\/\/elfsight.com\/pt\/wp-json\/wp\/v2\/pages\/4105\/revisions"}],"predecessor-version":[{"id":13775,"href":"https:\/\/elfsight.com\/pt\/wp-json\/wp\/v2\/pages\/4105\/revisions\/13775"}],"up":[{"embeddable":true,"href":"https:\/\/elfsight.com\/pt\/wp-json\/wp\/v2\/pages\/596"}],"wp:attachment":[{"href":"https:\/\/elfsight.com\/pt\/wp-json\/wp\/v2\/media?parent=4105"}],"curies":[{"name":"wp","href":"https:\/\/api.w.org\/{rel}","templated":true}]}}