{"id":4103,"date":"2024-05-03T06:38:45","date_gmt":"2024-05-03T06:38:45","guid":{"rendered":"https:\/\/elfsight.com\/pt\/?page_id=4103"},"modified":"2025-02-11T10:30:39","modified_gmt":"2025-02-11T10:30:39","slug":"opencart","status":"publish","type":"page","link":"https:\/\/elfsight.com\/pt\/google-maps-widget\/opencart\/","title":{"rendered":"Google Maps &#8211; OpenCart"},"content":{"rendered":"<div class=\"application-platform-content-item-description application-platform-content-item\" id=\"description\" data-nav-section=\"description\">\n<h2>Descri\u00e7\u00e3o<\/h2>\nUm instrumento de f\u00e1cil cria\u00e7\u00e3o, funcional e totalmente personalizado torna muito mais f\u00e1cil para seus usu\u00e1rios pesquisar localiza\u00e7\u00f5es no mapa. Resultante em atrair clientes offline, simples de adicionar a um site e op\u00e7\u00f5es de personaliza\u00e7\u00e3o &#8211; \u00e9 talvez a melhor extens\u00e3o para um site OpenCart.\n\n<b>Atraia mais visitantes reais com os melhores mapas em seu site!<\/b>\n<ul>\n \t<li><b>Aproxime-se dos clientes<\/b>. Revele seus dados de contato, que os clientes podem usar para escrever para voc\u00ea ou entrar em contato com voc\u00ea na vida real e on-line.<\/li>\n \t<li><b>Lift convers\u00e3o do seu site usando um cart\u00e3o de informa\u00e7\u00f5es abrangente do seu neg\u00f3cio<\/b>. Insira dados de contato amplos para atrair mais clientes prontos para entrar em contato com voc\u00ea e motiv\u00e1-los a dar mais um passo perto da transa\u00e7\u00e3o.<\/li>\n \t<li><b>Desenho automatizado da rota at\u00e9 o seu ponto<\/b>. N\u00e3o permita que os visitantes saiam do seu site quando eles quase pretendem se dirigir a voc\u00ea. Construa o caminho para sua localiza\u00e7\u00e3o diretamente no mapa para todos os clientes!<\/li>\n<\/ul>\n<\/div><div class=\"application-platform-content-item-features application-platform-content-item\" id=\"features\" data-nav-section=\"features\">\n<h2>Recursos<\/h2>\nQuais vantagens tornam nosso mapa o melhor um para cada site OpenCart?\n<ul>\n \t<li>Diversos marcadores de localiza\u00e7\u00e3o para mapa interativo;<\/li>\n \t<li>4 tipos de mapas: Roteiro, Sat\u00e9lite, H\u00edbrido, Terreno;<\/li>\n \t<li>Cart\u00e3o de informa\u00e7\u00f5es com contato m\u00e1ximo informa\u00e7\u00f5es;<\/li>\n \t<li>Largura e altura ajust\u00e1veis;<\/li>\n \t<li>Mais de 60 idiomas suportados.<\/li>\n<\/ul>\n<a href=\"#demo\">Experimente todo o conjunto de recursos na demonstra\u00e7\u00e3o !<\/a><\/div><div class=\"application-platform-content-item-installation application-platform-content-item\" id=\"installation\" data-nav-section=\"installation\">\n<h2>Como adicionar o Google Maps ao site<\/h2>\nBasta seguir estas etapas apresentadas abaixo para inserir a extens\u00e3o no OpenCart.\n<ol>\n \t<li><b>Abra nosso configurador gratuito e comece a criar sua pr\u00f3pria extens\u00e3o. <\/b>Especifique a interface selecionada e as caracter\u00edsticas funcionais da extens\u00e3o e salve as modifica\u00e7\u00f5es.<\/li>\n \t<li><b>Receba seu c\u00f3digo individual que \u00e9 mostrado na janela dos aplicativos Elfsight. <\/b>Assim que a personaliza\u00e7\u00e3o da sua extens\u00e3o do Google Maps for conclu\u00edda, copie o c\u00f3digo individual do pop-up exibido e guarde-o para uso futuro.<\/li>\n \t<li><b>Inicie a aplica\u00e7\u00e3o da ferramenta no seu OpenCart local na rede Internet. <\/b>Insira o c\u00f3digo que voc\u00ea salvou anteriormente em seu site e salve as corre\u00e7\u00f5es.<\/li>\n \t<li><b>A configura\u00e7\u00e3o foi realizada com sucesso. <\/b>Visite seu site para observar o desempenho do widget.<\/li>\n<\/ol>\nEnfrentou dificuldades ou problemas ao seguir o guia ou definir um mapa pessoal? Consulte instru\u00e7\u00f5es abrangentes \u00ab<a href=\"https:\/\/elfsight.com\/tutorials\/how-to-add-google-maps-builder-to-opencart\/\" target=\"_blank\" rel=\"noopener noreferrer\">Como insira um mapa em um site OpenCart<\/a>\u00bb ou deixe sua mensagem na central de ajuda e a Elfsight ter\u00e1 prazer em ajud\u00e1-lo a moldar e exibir mapas em seu site.<div class=\"faq\" data-component=\"FAQ\"> <div class=\"faq-item\">\r\n\t\t\t\t\t<div class=\"faq-item-question\">\r\n\t\t\t\t\t\t<h3 class=\"faq-item-question-text\">Como posso adicionar o Google Maps ao meu site OpenCart sem habilidades de codifica\u00e7\u00e3o?<\/h3>\r\n\r\n\t\t\t\t\t\t<div class=\"faq-item-question-icon\"><\/div>\r\n\t\t\t\t\t<\/div>\r\n\r\n\t\t\t\t\t<div class=\"faq-item-answer\">\r\n\t\t\t\t\t\t<div class=\"faq-item-answer-text\">A Elfsight fornece uma solu\u00e7\u00e3o SaaS que permite que voc\u00ea mesmo crie um widget do Google Maps. Veja como o processo \u00e9 f\u00e1cil: Trabalhe diretamente no Editor on-line para criar um widget do Google Maps que voc\u00ea gostaria de ver no seu site OpenCart. Escolha um dos modelos predefinidos e ajuste as configura\u00e7\u00f5es do Google Maps, adicione seu conte\u00fado, altere o layout e as cores sem nenhuma habilidade de codifica\u00e7\u00e3o. Salve o Google Maps e copie seu c\u00f3digo de instala\u00e7\u00e3o, que voc\u00ea pode incluir em seu site OpenCart sem adquirir um plano pago.\n\nCom nosso editor intuitivo, qualquer usu\u00e1rio da Internet pode criar um widget do Google Maps online e incorpor\u00e1-lo facilmente ao seu site OpenCart. N\u00e3o h\u00e1 necessidade de pagar ou inserir as credenciais do seu cart\u00e3o para acessar o servi\u00e7o. Se voc\u00ea enfrentar algum problema em qualquer etapa, n\u00e3o hesite em entrar em contato com nossa equipe de suporte t\u00e9cnico.<\/div>\r\n\t\t\t\t\t<\/div>\r\n\t\t\t\t<\/div> <\/div><\/div>","protected":false},"excerpt":{"rendered":"","protected":false},"author":9,"featured_media":0,"parent":635,"menu_order":0,"comment_status":"closed","ping_status":"closed","template":"templates\/template-application-platform.php","meta":{"publish_to_discourse":"","publish_post_category":"","wpdc_auto_publish_overridden":"","wpdc_topic_tags":"","wpdc_pin_topic":"","wpdc_pin_until":"","discourse_post_id":"","discourse_permalink":"","wpdc_publishing_response":"","wpdc_publishing_error":"","footnotes":""},"class_list":["post-4103","page","type-page","status-publish","hentry"],"yoast_head":"<!-- This site is optimized with the Yoast SEO plugin v25.3.1 - https:\/\/yoast.com\/wordpress\/plugins\/seo\/ -->\n<title>Google Maps - Adicionar extens\u00e3o de mapa ao site OpenCart<\/title>\n<meta name=\"description\" content=\"Teste a melhor extens\u00e3o do Google Maps para site OpenCart. Adicione mapas extensos em apenas 2 minutos gratuitamente na demonstra\u00e7\u00e3o de plug-in mais r\u00e1pida.\" \/>\n<meta name=\"robots\" content=\"index, follow, max-snippet:-1, max-image-preview:large, max-video-preview:-1\" \/>\n<link rel=\"canonical\" href=\"https:\/\/elfsight.com\/pt\/google-maps-widget\/opencart\/\" \/>\n<meta property=\"og:locale\" content=\"pt_PT\" \/>\n<meta property=\"og:type\" content=\"article\" \/>\n<meta property=\"og:title\" content=\"Google Maps - Adicionar extens\u00e3o de mapa ao site OpenCart\" \/>\n<meta property=\"og:description\" content=\"Teste a melhor extens\u00e3o do Google Maps para site OpenCart. Adicione mapas extensos em apenas 2 minutos gratuitamente na demonstra\u00e7\u00e3o de plug-in mais r\u00e1pida.\" \/>\n<meta property=\"og:url\" content=\"https:\/\/elfsight.com\/pt\/google-maps-widget\/opencart\/\" \/>\n<meta property=\"og:site_name\" content=\"Elfsight PT\" \/>\n<meta property=\"article:modified_time\" content=\"2025-02-11T10:30:39+00:00\" \/>\n<meta name=\"twitter:card\" content=\"summary_large_image\" \/>\n<meta name=\"twitter:label1\" content=\"Tempo estimado de leitura\" \/>\n\t<meta name=\"twitter:data1\" content=\"4 minutos\" \/>\n<!-- \/ Yoast SEO plugin. -->","yoast_head_json":{"title":"Google Maps - Adicionar extens\u00e3o de mapa ao site OpenCart","description":"Teste a melhor extens\u00e3o do Google Maps para site OpenCart. Adicione mapas extensos em apenas 2 minutos gratuitamente na demonstra\u00e7\u00e3o de plug-in mais r\u00e1pida.","robots":{"index":"index","follow":"follow","max-snippet":"max-snippet:-1","max-image-preview":"max-image-preview:large","max-video-preview":"max-video-preview:-1"},"canonical":"https:\/\/elfsight.com\/pt\/google-maps-widget\/opencart\/","og_locale":"pt_PT","og_type":"article","og_title":"Google Maps - Adicionar extens\u00e3o de mapa ao site OpenCart","og_description":"Teste a melhor extens\u00e3o do Google Maps para site OpenCart. Adicione mapas extensos em apenas 2 minutos gratuitamente na demonstra\u00e7\u00e3o de plug-in mais r\u00e1pida.","og_url":"https:\/\/elfsight.com\/pt\/google-maps-widget\/opencart\/","og_site_name":"Elfsight PT","article_modified_time":"2025-02-11T10:30:39+00:00","twitter_card":"summary_large_image","twitter_misc":{"Tempo estimado de leitura":"4 minutos"},"schema":{"@context":"https:\/\/schema.org","@graph":[{"@type":"WebPage","@id":"https:\/\/elfsight.com\/pt\/google-maps-widget\/opencart\/","url":"https:\/\/elfsight.com\/pt\/google-maps-widget\/opencart\/","name":"Google Maps - Adicionar extens\u00e3o de mapa ao site OpenCart","isPartOf":{"@id":"https:\/\/elfsight.com\/pt\/#website"},"datePublished":"2024-05-03T06:38:45+00:00","dateModified":"2025-02-11T10:30:39+00:00","description":"Teste a melhor extens\u00e3o do Google Maps para site OpenCart. Adicione mapas extensos em apenas 2 minutos gratuitamente na demonstra\u00e7\u00e3o de plug-in mais r\u00e1pida.","breadcrumb":{"@id":"https:\/\/elfsight.com\/pt\/google-maps-widget\/opencart\/#breadcrumb"},"inLanguage":"pt-PT","potentialAction":[{"@type":"ReadAction","target":["https:\/\/elfsight.com\/pt\/google-maps-widget\/opencart\/"]}]},{"@type":"BreadcrumbList","@id":"https:\/\/elfsight.com\/pt\/google-maps-widget\/opencart\/#breadcrumb","itemListElement":[{"@type":"ListItem","position":1,"name":"Home","item":"https:\/\/elfsight.com\/pt\/"},{"@type":"ListItem","position":2,"name":"Google Maps","item":"https:\/\/elfsight.com\/pt\/google-maps-widget\/"},{"@type":"ListItem","position":3,"name":"Google Maps &#8211; OpenCart"}]},{"@type":"WebSite","@id":"https:\/\/elfsight.com\/pt\/#website","url":"https:\/\/elfsight.com\/pt\/","name":"Elfsight PT","description":"Just another Elfsight Sites site","potentialAction":[{"@type":"SearchAction","target":{"@type":"EntryPoint","urlTemplate":"https:\/\/elfsight.com\/pt\/?s={search_term_string}"},"query-input":{"@type":"PropertyValueSpecification","valueRequired":true,"valueName":"search_term_string"}}],"inLanguage":"pt-PT"}]}},"meta_box":{"industry":"","seo_heading":"","heading":"","description":"","cta_heading":"","cta_description":"","application":"634","h1":"Extens\u00e3o do Google Maps para OpenCart","h1_caption":"Plugin n\u00ba 1 para adicionar mapa responsivo em qualquer site","application_category":[],"applications_title":"","applications_request_title":"","applications_request_button_text":"","hero_text":"","hero_video":"","hero_video_schema_markup":"","selling_points_title":"","selling_points_caption":"","selling_points":[],"selling_points_cta_text":"","features_title":"","features":"","ed_cta_examples_text":"","ed_cta_examples_hidden":"","ed_cta_demo_text":"","ed_cta_demo_hidden":"","why_caption":"","why_editor_title":"","why_editor_text":"","why_team_title":"","why_team_text":"","why_service_title":"","why_service_text":"","template_catalog_visible":"0","template_catalog_title":"","template_catalog_text":"","template_catalog_categories_visible":"","demo_title":"Crie sua extens\u00e3o do Google Maps","demo_caption":"Configure seu Google Maps e adicione-o ao seu site OpenCart gratuitamente!","default_faq_hidden":"","app_template_category":[],"platform":"61","template_public_id":"","codecanyon_url":"","codecanyon_item_id":"","codecanyon_price":"","pricing_caption":"","pricing_elfsight_apps_hide_column":"","pricing_elfsight_apps_url":"","pricing_codecanyon_price_caption":"","integration_category":[],"integration_request_title":"","integration_request_cta":"","integration_platform":"","integrations":[],"platform_category":[],"video_schema_markup":"","price":"a partir de US$ 0\/m\u00eas","trial":"","benefits":[{"text":"Ajuda de instala\u00e7\u00e3o gratuita"},{"text":"Atendimento ao cliente competente"},{"text":"Garantia de devolu\u00e7\u00e3o do dinheiro em 14 dias"},{"text":"Atualiza\u00e7\u00f5es gratuitas regulares"}],"button_url":"#demo","button_target_blank":"0","button_nofollow":"0","attributes":[{"name":"Instala\u00e7\u00f5es","content":"100,000 - 500,000","_state":"expanded"},{"name":"Responsivo","content":"Sim","_state":"expanded"},{"name":"Navegadores compat\u00edveis","content":"Edge, Firefox, Opera, Chrome, Safari"}],"tags":[],"tags_disable_links":"0","hide_more_platforms":"0","video_object":"","demo_hide_cta":"0","demo_hide_cloud_options":"0","pricing_title":"","pricing":[{"pricing_icon":"cloud","pricing_title":"Elfsight Apps","pricing_title_caption":"Solu\u00e7\u00e3o multiplataforma","pricing_price":"a partir de US$ 0\/m\u00eas","pricing_price_caption":"comece com plano gratuito","pricing_benefits":[{"text":"Sites ilimitados"},{"text":"Suporte gratuito \u00e0 empresa"},{"text":"Suporte gratuito \u00e0 empresa"},{"text":"Oferta incr\u00edvel para v\u00e1rios aplicativos"}],"pricing_button_text":"Adicionar ao site","pricing_button_url":"#demo","_state":"expanded"}],"related_apps_title":"","related_apps_hidden":"1","author":"","image":[],"title":"","job":"","social_networks":[]},"_links":{"self":[{"href":"https:\/\/elfsight.com\/pt\/wp-json\/wp\/v2\/pages\/4103","targetHints":{"allow":["GET"]}}],"collection":[{"href":"https:\/\/elfsight.com\/pt\/wp-json\/wp\/v2\/pages"}],"about":[{"href":"https:\/\/elfsight.com\/pt\/wp-json\/wp\/v2\/types\/page"}],"author":[{"embeddable":true,"href":"https:\/\/elfsight.com\/pt\/wp-json\/wp\/v2\/users\/9"}],"replies":[{"embeddable":true,"href":"https:\/\/elfsight.com\/pt\/wp-json\/wp\/v2\/comments?post=4103"}],"version-history":[{"count":4,"href":"https:\/\/elfsight.com\/pt\/wp-json\/wp\/v2\/pages\/4103\/revisions"}],"predecessor-version":[{"id":13872,"href":"https:\/\/elfsight.com\/pt\/wp-json\/wp\/v2\/pages\/4103\/revisions\/13872"}],"up":[{"embeddable":true,"href":"https:\/\/elfsight.com\/pt\/wp-json\/wp\/v2\/pages\/635"}],"wp:attachment":[{"href":"https:\/\/elfsight.com\/pt\/wp-json\/wp\/v2\/media?parent=4103"}],"curies":[{"name":"wp","href":"https:\/\/api.w.org\/{rel}","templated":true}]}}