{"id":4096,"date":"2024-05-03T06:36:56","date_gmt":"2024-05-03T06:36:56","guid":{"rendered":"https:\/\/elfsight.com\/pt\/?page_id=4096"},"modified":"2024-11-13T12:15:54","modified_gmt":"2024-11-13T12:15:54","slug":"magento","status":"publish","type":"page","link":"https:\/\/elfsight.com\/pt\/accordion-faq-widget\/magento\/","title":{"rendered":"FAQ &#8211; Magento"},"content":{"rendered":"<div class=\"application-platform-content-item-description application-platform-content-item\" id=\"description\" data-nav-section=\"description\"><h2>Descri\u00e7\u00e3o<\/h2><p>O Elfsight FAQ \u00e9 um instrumento simples, f\u00e1cil de aplicar e personalizar para demonstrar uma lista das perguntas mais populares com respostas em um site pessoal. Uma extens\u00e3o adaptativa com design simples lhe d\u00e1 a oportunidade de compartilhar informa\u00e7\u00f5es extensas sobre suas ofertas, chamar a aten\u00e7\u00e3o do cliente para as vantagens de seus produtos e excluir quaisquer poss\u00edveis medos ou desconfian\u00e7as, que podem atrapalhar a tomada de decis\u00e3o de compra.<\/p><p><b>Responda \u00e0s pr\u00f3ximas d\u00favidas de seus visitantes de uma s\u00f3 vez e aumente a convers\u00e3o no site!<\/b><\/p><ul><li><b>Elimine quaisquer d\u00favidas que seus clientes possam ter e suba de n\u00edvel sua renda<\/b>.<br>Exiba dados abrangentes sobre seus produtos ou ofertas para seus compradores em potencial, para resolver sua indecis\u00e3o e aumentar a receita no site.<\/li><li><b>Crie uma imagem eficaz de sua receita. marca entre os clientes<\/b>.<br>Desenhe a imagem certa da sua empresa para os visitantes do site, para corrigir todos os poss\u00edveis equ\u00edvocos.<\/li><li><b>Responda a todas as perguntas do seu cliente rapidamente<\/b>.<br>Ajude seus visitantes a obter informa\u00e7\u00f5es completas sobre seus produtos ou servi\u00e7os e evite consultas que possam aparecer.<\/li><\/ul><\/div><div class=\"application-platform-content-item-features application-platform-content-item\" id=\"features\" data-nav-section=\"features\"><h2>Recursos<\/h2><p>Os principais aspectos funcionais da nossa extens\u00e3o, que permitem que ela se torne a extens\u00e3o mais flex\u00edvel para integrar FAQ no site Magento.<\/p><ul><li>Layout de lista para exibir todas as perguntas e respostas de uma s\u00f3 vez;<\/li><li>4 estilos prontos para uso com bordas e sombras;<\/li><li>\u00cdcone de cruz ou seta para layout de acorde\u00e3o;<\/li><li>T\u00edtulo do widget edit\u00e1vel;<\/li><li>Mobile otimizado para uma experi\u00eancia tranquila.<\/li><\/ul><p><a href=\"#demo\">Verifique todos os recursos<\/a><\/p><\/div><div class=\"application-platform-content-item-installation application-platform-content-item\" id=\"installation\" data-nav-section=\"installation\"><h2>Como adicionar o widget Accordion FAQ ao Magento<\/h2><p>Basta seguir as diretrizes abaixo para ativar a extens\u00e3o no Magento.<\/p> <ol><li><b>Abra nosso editor gratuito e comece formando seu pr\u00f3prio widget. <\/b><br> Encontre o design e os par\u00e2metros preferidos da ferramenta e aplique as modifica\u00e7\u00f5es. <\/li> <li><b>Adquira o c\u00f3digo exclusivo que aparece na janela dos aplicativos Elfsight. <\/b><br> Ap\u00f3s a gera\u00e7\u00e3o do seu widget, copie o c\u00f3digo exclusivo da caixa que aparece e salve-o para uso futuro. <\/li> <li><b>Iniciar a aplica\u00e7\u00e3o da extens\u00e3o FAQ no site Magento. <\/b><br> Adicione o c\u00f3digo salvo recentemente em sua p\u00e1gina inicial e aplique os ajustes. <\/li> <li><b>Conclu\u00eddo! A incorpora\u00e7\u00e3o foi finalizada com sucesso. <\/b><br> Acesse seu site para ver em a\u00e7\u00e3o o trabalho da extens\u00e3o. <\/li><\/ol><p>Tem d\u00favidas sobre a aplica\u00e7\u00e3o do guia? Deixe uma mensagem para nossa equipe de suporte ou leia as instru\u00e7\u00f5es detalhadas \u00ab<a href=\"https:\/\/elfsight.com\/tutorials\/how-to-add-faq-widget-to-magento\/\" target=\"_blank\" rel=\"noopener noreferrer\">Como adicionar FAQ ao Magento<\/a>\u00bb e fa\u00e7a voc\u00ea mesmo a configura\u00e7\u00e3o.<\/p><div class=\"faq\" data-component=\"FAQ\"><div class=\"faq-item\">\r\n\t\t\t\t\t<div class=\"faq-item-question\">\r\n\t\t\t\t\t\t<h3 class=\"faq-item-question-text\">Como adicionar FAQ ao meu site Magento sem habilidades de codifica\u00e7\u00e3o?<\/h3>\r\n\r\n\t\t\t\t\t\t<div class=\"faq-item-question-icon\"><\/div>\r\n\t\t\t\t\t<\/div>\r\n\r\n\t\t\t\t\t<div class=\"faq-item-answer\">\r\n\t\t\t\t\t\t<div class=\"faq-item-answer-text\"> <p>A Elfsight fornece uma solu\u00e7\u00e3o SaaS que lhe permite criar voc\u00ea mesmo um widget de FAQ, veja como o processo \u00e9 f\u00e1cil: Trabalhe diretamente no Editor online para criar um widget de FAQ que gostaria de ver no seu site Magento. Escolha um dos modelos predefinidos e ajuste as configura\u00e7\u00f5es do FAQ, adicione seu conte\u00fado, altere o layout e as cores sem habilidades de codifica\u00e7\u00e3o. Salve o FAQ e copie seu c\u00f3digo de instala\u00e7\u00e3o, para que voc\u00ea possa adicion\u00e1-lo facilmente ao seu site Magento sem a necessidade de adquirir um plano pago. Com nosso editor intuitivo, qualquer usu\u00e1rio da Internet pode criar um widget de FAQ online e incorpor\u00e1-lo facilmente ao seu site Magento. N\u00e3o h\u00e1 necessidade de pagar ou inserir as credenciais do seu cart\u00e3o para acessar o servi\u00e7o. Se voc\u00ea enfrentar qualquer problema em qualquer etapa, n\u00e3o hesite em entrar em contato com nossa equipe de suporte t\u00e9cnico.<\/p> <\/div>\r\n\t\t\t\t\t<\/div>\r\n\t\t\t\t<\/div> <\/div><\/div>","protected":false},"excerpt":{"rendered":"","protected":false},"author":9,"featured_media":0,"parent":815,"menu_order":0,"comment_status":"closed","ping_status":"closed","template":"templates\/template-application-platform.php","meta":{"publish_to_discourse":"","publish_post_category":"","wpdc_auto_publish_overridden":"","wpdc_topic_tags":"","wpdc_pin_topic":"","wpdc_pin_until":"","discourse_post_id":"","discourse_permalink":"","wpdc_publishing_response":"","wpdc_publishing_error":"","footnotes":""},"class_list":["post-4096","page","type-page","status-publish","hentry"],"yoast_head":"<!-- This site is optimized with the Yoast SEO plugin v25.3.1 - https:\/\/yoast.com\/wordpress\/plugins\/seo\/ -->\n<title>Perguntas frequentes sobre acorde\u00e3o - Adicionar widget de perguntas frequentes ao site Magento<\/title>\n<meta name=\"description\" content=\"Defina sua extens\u00e3o de FAQ pessoal para Magento em apenas 80 segundos. Confira o painel r\u00e1pido para cria\u00e7\u00e3o de plugins da Elfsight, totalmente gratuito.\" \/>\n<meta name=\"robots\" content=\"index, follow, max-snippet:-1, max-image-preview:large, max-video-preview:-1\" \/>\n<link rel=\"canonical\" href=\"https:\/\/elfsight.com\/pt\/accordion-faq-widget\/magento\/\" \/>\n<meta property=\"og:locale\" content=\"pt_PT\" \/>\n<meta property=\"og:type\" content=\"article\" \/>\n<meta property=\"og:title\" content=\"Perguntas frequentes sobre acorde\u00e3o - Adicionar widget de perguntas frequentes ao site Magento\" \/>\n<meta property=\"og:description\" content=\"Defina sua extens\u00e3o de FAQ pessoal para Magento em apenas 80 segundos. Confira o painel r\u00e1pido para cria\u00e7\u00e3o de plugins da Elfsight, totalmente gratuito.\" \/>\n<meta property=\"og:url\" content=\"https:\/\/elfsight.com\/pt\/accordion-faq-widget\/magento\/\" \/>\n<meta property=\"og:site_name\" content=\"Elfsight PT\" \/>\n<meta property=\"article:modified_time\" content=\"2024-11-13T12:15:54+00:00\" \/>\n<meta name=\"twitter:card\" content=\"summary_large_image\" \/>\n<meta name=\"twitter:label1\" content=\"Tempo estimado de leitura\" \/>\n\t<meta name=\"twitter:data1\" content=\"2 minutos\" \/>\n<!-- \/ Yoast SEO plugin. -->","yoast_head_json":{"title":"Perguntas frequentes sobre acorde\u00e3o - Adicionar widget de perguntas frequentes ao site Magento","description":"Defina sua extens\u00e3o de FAQ pessoal para Magento em apenas 80 segundos. Confira o painel r\u00e1pido para cria\u00e7\u00e3o de plugins da Elfsight, totalmente gratuito.","robots":{"index":"index","follow":"follow","max-snippet":"max-snippet:-1","max-image-preview":"max-image-preview:large","max-video-preview":"max-video-preview:-1"},"canonical":"https:\/\/elfsight.com\/pt\/accordion-faq-widget\/magento\/","og_locale":"pt_PT","og_type":"article","og_title":"Perguntas frequentes sobre acorde\u00e3o - Adicionar widget de perguntas frequentes ao site Magento","og_description":"Defina sua extens\u00e3o de FAQ pessoal para Magento em apenas 80 segundos. Confira o painel r\u00e1pido para cria\u00e7\u00e3o de plugins da Elfsight, totalmente gratuito.","og_url":"https:\/\/elfsight.com\/pt\/accordion-faq-widget\/magento\/","og_site_name":"Elfsight PT","article_modified_time":"2024-11-13T12:15:54+00:00","twitter_card":"summary_large_image","twitter_misc":{"Tempo estimado de leitura":"2 minutos"},"schema":{"@context":"https:\/\/schema.org","@graph":[{"@type":"WebPage","@id":"https:\/\/elfsight.com\/pt\/accordion-faq-widget\/magento\/","url":"https:\/\/elfsight.com\/pt\/accordion-faq-widget\/magento\/","name":"Perguntas frequentes sobre acorde\u00e3o - Adicionar widget de perguntas frequentes ao site Magento","isPartOf":{"@id":"https:\/\/elfsight.com\/pt\/#website"},"datePublished":"2024-05-03T06:36:56+00:00","dateModified":"2024-11-13T12:15:54+00:00","description":"Defina sua extens\u00e3o de FAQ pessoal para Magento em apenas 80 segundos. Confira o painel r\u00e1pido para cria\u00e7\u00e3o de plugins da Elfsight, totalmente gratuito.","breadcrumb":{"@id":"https:\/\/elfsight.com\/pt\/accordion-faq-widget\/magento\/#breadcrumb"},"inLanguage":"pt-PT","potentialAction":[{"@type":"ReadAction","target":["https:\/\/elfsight.com\/pt\/accordion-faq-widget\/magento\/"]}]},{"@type":"BreadcrumbList","@id":"https:\/\/elfsight.com\/pt\/accordion-faq-widget\/magento\/#breadcrumb","itemListElement":[{"@type":"ListItem","position":1,"name":"Home","item":"https:\/\/elfsight.com\/pt\/"},{"@type":"ListItem","position":2,"name":"FAQ","item":"https:\/\/elfsight.com\/pt\/accordion-faq-widget\/"},{"@type":"ListItem","position":3,"name":"FAQ &#8211; Magento"}]},{"@type":"WebSite","@id":"https:\/\/elfsight.com\/pt\/#website","url":"https:\/\/elfsight.com\/pt\/","name":"Elfsight PT","description":"Just another Elfsight Sites site","potentialAction":[{"@type":"SearchAction","target":{"@type":"EntryPoint","urlTemplate":"https:\/\/elfsight.com\/pt\/?s={search_term_string}"},"query-input":{"@type":"PropertyValueSpecification","valueRequired":true,"valueName":"search_term_string"}}],"inLanguage":"pt-PT"}]}},"meta_box":{"industry":"","seo_heading":"","heading":"","description":"","cta_heading":"","cta_description":"","application":"814","h1":"Extens\u00e3o de perguntas frequentes do acorde\u00e3o para Magento","h1_caption":"Aumente a convers\u00e3o em seu site combatendo todos os equ\u00edvocos e incertezas dos clientes","application_category":[],"applications_title":"","applications_request_title":"","applications_request_button_text":"","hero_text":"","hero_video":"","hero_video_schema_markup":"","selling_points_title":"","selling_points_caption":"","selling_points":[],"selling_points_cta_text":"","features_title":"","features":"","ed_cta_examples_text":"","ed_cta_examples_hidden":"","ed_cta_demo_text":"","ed_cta_demo_hidden":"","why_caption":"","why_editor_title":"","why_editor_text":"","why_team_title":"","why_team_text":"","why_service_title":"","why_service_text":"","template_catalog_visible":"","template_catalog_title":"","template_catalog_text":"","template_catalog_categories_visible":"","demo_title":"Crie sua extens\u00e3o de perguntas frequentes","demo_caption":"Configure seu FAQ e adicione-o ao seu site Magento gratuitamente!","default_faq_hidden":"","app_template_category":[],"platform":"58","template_public_id":"","codecanyon_url":"","codecanyon_item_id":"","codecanyon_price":"","pricing_caption":"","pricing_elfsight_apps_hide_column":"","pricing_elfsight_apps_url":"","pricing_codecanyon_price_caption":"","integration_category":[],"integration_request_title":"","integration_request_cta":"","integration_platform":"","integrations":[],"platform_category":[],"video_schema_markup":"","price":"a partir de US$ 0\/m\u00eas","trial":"","benefits":[{"text":"Servi\u00e7o de instala\u00e7\u00e3o gratuito"},{"text":"Suporte ao cliente experiente"},{"text":"Garantia de reembolso de 14 dias"},{"text":"Futuras atualiza\u00e7\u00f5es gratuitas"}],"button_url":"#demo","button_target_blank":"0","button_nofollow":"0","attributes":[{"name":"Instala\u00e7\u00f5es","content":"10,000 - 100,000","_state":"expanded"},{"name":"Responsivo","content":"Sim","_state":"expanded"},{"name":"Navegadores compat\u00edveis","content":"Firefox, Safari, Opera, Chrome, Edge"}],"tags":[],"tags_disable_links":"0","hide_more_platforms":"","video_object":"","demo_hide_cta":"0","demo_hide_cloud_options":"0","pricing_title":"","pricing":[{"pricing_icon":"platform","pricing_title":"Elfsight Apps","pricing_title_caption":"Software multiplataforma","pricing_price":"a partir de US$ 0\/m\u00eas","pricing_price_caption":"comece com um plano gratuito","pricing_benefits":[{"text":"Dom\u00ednios ilimitados"},{"text":"Suporte 24 horas por dia, 7 dias por semana e pontual"},{"text":"Suporte 24 horas por dia, 7 dias por semana e pontual"},{"text":"Totalmente personaliz\u00e1vel"}],"pricing_button_text":"Adicionar ao site","pricing_button_url":"#demo","_state":"expanded"}],"related_apps_title":"","related_apps_hidden":"1","author":"","image":[],"title":"","job":"","social_networks":[]},"_links":{"self":[{"href":"https:\/\/elfsight.com\/pt\/wp-json\/wp\/v2\/pages\/4096","targetHints":{"allow":["GET"]}}],"collection":[{"href":"https:\/\/elfsight.com\/pt\/wp-json\/wp\/v2\/pages"}],"about":[{"href":"https:\/\/elfsight.com\/pt\/wp-json\/wp\/v2\/types\/page"}],"author":[{"embeddable":true,"href":"https:\/\/elfsight.com\/pt\/wp-json\/wp\/v2\/users\/9"}],"replies":[{"embeddable":true,"href":"https:\/\/elfsight.com\/pt\/wp-json\/wp\/v2\/comments?post=4096"}],"version-history":[{"count":2,"href":"https:\/\/elfsight.com\/pt\/wp-json\/wp\/v2\/pages\/4096\/revisions"}],"predecessor-version":[{"id":11861,"href":"https:\/\/elfsight.com\/pt\/wp-json\/wp\/v2\/pages\/4096\/revisions\/11861"}],"up":[{"embeddable":true,"href":"https:\/\/elfsight.com\/pt\/wp-json\/wp\/v2\/pages\/815"}],"wp:attachment":[{"href":"https:\/\/elfsight.com\/pt\/wp-json\/wp\/v2\/media?parent=4096"}],"curies":[{"name":"wp","href":"https:\/\/api.w.org\/{rel}","templated":true}]}}