{"id":4089,"date":"2024-05-03T06:37:56","date_gmt":"2024-05-03T06:37:56","guid":{"rendered":"https:\/\/elfsight.com\/pt\/?page_id=4089"},"modified":"2025-02-05T10:01:55","modified_gmt":"2025-02-05T10:01:55","slug":"magento","status":"publish","type":"page","link":"https:\/\/elfsight.com\/pt\/online-form-builder\/magento\/","title":{"rendered":"Form Builder &#8211; Magento"},"content":{"rendered":"<div class=\"application-platform-content-item-description application-platform-content-item\" id=\"description\" data-nav-section=\"description\">\n<h2>Construtor de formul\u00e1rios personalizados para Magento<\/h2>\nNosso Magento Form Builder \u00e9 a solu\u00e7\u00e3o perfeita para criar formul\u00e1rios de preenchimento personalizados que podem ser facilmente integrados \u00e0 sua loja online. Com nossa extens\u00e3o de cria\u00e7\u00e3o de formul\u00e1rios personalizados Magento, voc\u00ea pode criar uma variedade de formatos de formul\u00e1rio e coletar informa\u00e7\u00f5es de seus clientes de maneira integrada. Se voc\u00ea deseja coletar feedback, classifica\u00e7\u00f5es, reservas ou dados de vendas, nosso Form Builder fornecer\u00e1 as ferramentas necess\u00e1rias para criar um formul\u00e1rio personalizado que atenda \u00e0s suas necessidades espec\u00edficas. Com uma estrutura flex\u00edvel e uma ampla gama de elementos predefinidos, seu formul\u00e1rio ser\u00e1 f\u00e1cil de usar e visualmente atraente. Portanto, se voc\u00ea est\u00e1 procurando um construtor de formul\u00e1rios Magento poderoso que o ajudar\u00e1 a agilizar seu processo de coleta de dados, n\u00e3o procure al\u00e9m de nossa extens\u00e3o Form Builder.\n\n<b>Receba feedback dos clientes, receba reservas e solicita\u00e7\u00f5es dos clientes do seu site!<\/b>\n<ul>\n \t<li><b>Crie formul\u00e1rios atraentes para coletar mais feedback<\/b>. Experimente todas as configura\u00e7\u00f5es de extens\u00e3o da Elfsight para criar formul\u00e1rios de preenchimento pr\u00e1ticos. Escolha segmentos e defina o padr\u00e3o para deixar seus formul\u00e1rios bem modelados e pr\u00e1ticos. Use configura\u00e7\u00f5es de estilo para obter uma interface atraente que ajudar\u00e1 voc\u00ea a coletar mais feedback.<\/li>\n \t<li><b>Aumente o n\u00famero de leads com formul\u00e1rios gerenci\u00e1veis<\/b>. N\u00e3o deixe que os usu\u00e1rios deixem o processo de preenchimento incompleto para tornar o processo de preenchimento incompleto. voc\u00ea sente falta de feedback precioso. Gere formul\u00e1rios com etapas convenientes e estrutura conveniente, que manter\u00e3o os clientes envolvidos at\u00e9 o fim e aumentar\u00e3o o n\u00famero de leads.<\/li>\n \t<li><b>Economize tempo e dinheiro com uma ferramenta multifuncional<\/b>. Isso A extens\u00e3o tudo-em-um permite projetar formas de tipos variados com v\u00e1rios conjuntos de itens e estruturas diferentes. Isso ajudar\u00e1 voc\u00ea a moldar formul\u00e1rios para coletar informa\u00e7\u00f5es de v\u00e1rios tipos sem gastar dinheiro e tempo adicionais.<\/li>\n<\/ul>\n<\/div><div class=\"application-platform-content-item-features application-platform-content-item\" id=\"features\" data-nav-section=\"features\">\n<h2>Recursos do plugin Form Builder<\/h2>\nPor que o Elfsight custom Form Builder \u00e9 o plugin n\u00famero um para receber opini\u00f5es e respostas de usu\u00e1rios no Magento?\n<ul>\n \t<li style=\"list-style-type: none\">\n<ul>\n \t<li>18 tipos de campos para cumprir quase qualquer tarefa de coleta de dados;<\/li>\n \t<li>Cada campo pode ser criado obrigat\u00f3rio para preenchimento com o s\u00edmbolo de asterisco (*) para indicar isso;<\/li>\n \t<li>Atribuir qualquer endere\u00e7o de e-mail e os resultados do preenchimento do formul\u00e1rio ser\u00e3o enviados automaticamente para l\u00e1;<\/li>\n \t<li>Opcional, salvar o recurso de progresso do preenchimento;<\/li>\n \t<li>Opcional, salvar o progresso do preenchimento;<\/li>\n \t<li>5 estilos predefinidos para campos de formul\u00e1rio.<\/li>\n<\/ul>\n<\/li>\n<\/ul>\n<a href=\"#demo\">Teste todas as vantagens na demonstra\u00e7\u00e3o ao vivo<\/a><\/div><div class=\"application-platform-content-item-installation  application-platform-content-item\" id=\"installation \" data-nav-section=\"installation \">\n<h2>Como adicionar a extens\u00e3o Form Builder ao site Magento<\/h2>\nBasta seguir as instru\u00e7\u00f5es abaixo para integrar a extens\u00e3o no Magento.\n<ol>\n \t<li><b>Abra nossa demonstra\u00e7\u00e3o gratuita e comece a criar sua extens\u00e3o personalizada. <\/b>Especifique a forma e a funcionalidade preferidas da ferramenta e guarde as edi\u00e7\u00f5es.<\/li>\n \t<li><b>Copie o seu c\u00f3digo individual revelado no formul\u00e1rio especial nas aplica\u00e7\u00f5es Elfsight. <\/b>Ap\u00f3s a configura\u00e7\u00e3o da sua extens\u00e3o pessoal do Form Builder, copie o c\u00f3digo pessoal da janela que aparece e guarde-o para uso futuro.<\/li>\n \t<li><b>Entre usando a extens\u00e3o no site Magento. <\/b>Incorpore o c\u00f3digo que voc\u00ea copiou recentemente em sua p\u00e1gina inicial e aplique as modifica\u00e7\u00f5es.<\/li>\n \t<li><b>Conclu\u00eddo! A configura\u00e7\u00e3o est\u00e1 totalmente conclu\u00edda. <\/b>Acesse seu site para examinar o desempenho do widget.<\/li>\n<\/ol>\nPrecisa de suporte para inserir ou projetar a extens\u00e3o? Nossa equipe da central de ajuda ter\u00e1 prazer em fornecer ajuda e adicionar uma solu\u00e7\u00e3o! Voc\u00ea tamb\u00e9m pode resolver o problema sozinho com nosso guia completo \u00ab<a href=\"https:\/\/elfsight.com\/tutorials\/how-to-add-form-builder-extension-to-magento\/\">Como instalar o custom Extens\u00e3o de formul\u00e1rio no site Magento<\/a>\u00bb.<\/div><div class=\"faq\" data-component=\"FAQ\"> <div class=\"faq-item\">\r\n\t\t\t\t\t<div class=\"faq-item-question\">\r\n\t\t\t\t\t\t<h3 class=\"faq-item-question-text\">Os seus formul\u00e1rios s\u00e3o seguros?<\/h3>\r\n\r\n\t\t\t\t\t\t<div class=\"faq-item-question-icon\"><\/div>\r\n\t\t\t\t\t<\/div>\r\n\r\n\t\t\t\t\t<div class=\"faq-item-answer\">\r\n\t\t\t\t\t\t<div class=\"faq-item-answer-text\">O widget Elfsight Form Builder \u00e9 inserido com um dos servi\u00e7o de seguran\u00e7a reCAPTCHA mais atraente. Ele foi adicionado para proteger seus formul\u00e1rios e caixa de correio contra spam e bots e garantir um trabalho tranquilo e apenas dados valiosos.<\/div>\r\n\t\t\t\t\t<\/div>\r\n\t\t\t\t<\/div> <div class=\"faq-item\">\r\n\t\t\t\t\t<div class=\"faq-item-question\">\r\n\t\t\t\t\t\t<h3 class=\"faq-item-question-text\">Existem modelos que suportam formul\u00e1rios de l\u00f3gica condicional\/campos m\u00faltiplos\/e-mails? <\/h3>\r\n\r\n\t\t\t\t\t\t<div class=\"faq-item-question-icon\"><\/div>\r\n\t\t\t\t\t<\/div>\r\n\r\n\t\t\t\t\t<div class=\"faq-item-answer\">\r\n\t\t\t\t\t\t<div class=\"faq-item-answer-text\">Certamente! Tudo o que voc\u00ea precisa fazer \u00e9 fazer login nos aplicativos Elfsight, escolher qualquer modelo relevante e, em seguida, prosseguir com a cria\u00e7\u00e3o de seu widget personalizado.<\/div>\r\n\t\t\t\t\t<\/div>\r\n\t\t\t\t<\/div> <div class=\"faq-item\">\r\n\t\t\t\t\t<div class=\"faq-item-question\">\r\n\t\t\t\t\t\t<h3 class=\"faq-item-question-text\">Como criar um formul\u00e1rio de contato\/feedback para meu Site Magento?<\/h3>\r\n\r\n\t\t\t\t\t\t<div class=\"faq-item-question-icon\"><\/div>\r\n\t\t\t\t\t<\/div>\r\n\r\n\t\t\t\t\t<div class=\"faq-item-answer\">\r\n\t\t\t\t\t\t<div class=\"faq-item-answer-text\">Para criar um formul\u00e1rio de contato ou feedback, voc\u00ea deve fazer login no site Elfsight Apps e realizar todos os ajustes significativos na ferramenta. Depois disso, salve as altera\u00e7\u00f5es e acesse o seu site. Tudo est\u00e1 feito.<\/div>\r\n\t\t\t\t\t<\/div>\r\n\t\t\t\t<\/div><div class=\"faq-item\">\r\n\t\t\t\t\t<div class=\"faq-item-question\">\r\n\t\t\t\t\t\t<h3 class=\"faq-item-question-text\">Voc\u00ea tem algum modelo pr\u00e9-projetado do Form Builder para o site Magento?<\/h3>\r\n\r\n\t\t\t\t\t\t<div class=\"faq-item-question-icon\"><\/div>\r\n\t\t\t\t\t<\/div>\r\n\r\n\t\t\t\t\t<div class=\"faq-item-answer\">\r\n\t\t\t\t\t\t<div class=\"faq-item-answer-text\">Sim. Nossa equipe trabalhou duro para criar uma enorme cole\u00e7\u00e3o de mais de 300 modelos, como <a href=\"https:\/\/elfsight.com\/online-form-builder\/templates\/application-forms\/\">Formul\u00e1rios de inscri\u00e7\u00e3o<\/a>, <a href=\"https:\/\/elfsight.com\/online-form-builder\/templates\/booking-forms\/\">Formul\u00e1rios de reserva<\/a>, <a href=\"https:\/\/elfsight.com\/online-form-builder\/templates\/order-forms\/\">Formul\u00e1rios de pedido<\/a>, <a href=\"https:\/\/elfsight.com\/online-form-builder\/templates\/product-forms\/\">Formul\u00e1rios de produto<\/a>, <a href=\"https:\/\/elfsight.com\/online-form-builder\/templates\/questionnaires\/\">Question\u00e1rios<\/a>, <a href=\"https:\/\/elfsight.com\/online-form-builder\/templates\/quizzes\/\">Testes<\/a>, <a href=\"https:\/\/elfsight.com\/online-form-builder\/templates\/surveys\/\">Pesquisas<\/a>, <a href=\"https:\/\/elfsight.com\/online-form-builder\/templates\/file-upload-forms\/\">Formul\u00e1rios de upload de arquivos<\/a> e muitos outros. Portanto, n\u00e3o ser\u00e1 t\u00e3o dif\u00edcil encontrar o ajuste certo com os <a href=\"https:\/\/elfsight.com\/online-form-builder\/templates\/\">modelos do Form Builder<\/a>.<\/div>\r\n\t\t\t\t\t<\/div>\r\n\t\t\t\t<\/div> <\/div>","protected":false},"excerpt":{"rendered":"","protected":false},"author":9,"featured_media":0,"parent":596,"menu_order":0,"comment_status":"closed","ping_status":"closed","template":"templates\/template-application-platform.php","meta":{"publish_to_discourse":"","publish_post_category":"","wpdc_auto_publish_overridden":"","wpdc_topic_tags":"","wpdc_pin_topic":"","wpdc_pin_until":"","discourse_post_id":"","discourse_permalink":"","wpdc_publishing_response":"","wpdc_publishing_error":"","footnotes":""},"class_list":["post-4089","page","type-page","status-publish","hentry"],"yoast_head":"<!-- This site is optimized with the Yoast SEO plugin v25.3.1 - https:\/\/yoast.com\/wordpress\/plugins\/seo\/ -->\n<title>Crie e adicione formul\u00e1rios personalizados no Magento gratuitamente!<\/title>\n<meta name=\"description\" content=\"Teste nosso Form Builder personalizado para Magento agora mesmo. Gere extens\u00f5es de formul\u00e1rio individuais para o seu site em apenas alguns minutos!\" \/>\n<meta name=\"robots\" content=\"index, follow, max-snippet:-1, max-image-preview:large, max-video-preview:-1\" \/>\n<link rel=\"canonical\" href=\"https:\/\/elfsight.com\/pt\/online-form-builder\/magento\/\" \/>\n<meta property=\"og:locale\" content=\"pt_PT\" \/>\n<meta property=\"og:type\" content=\"article\" \/>\n<meta property=\"og:title\" content=\"Crie e adicione formul\u00e1rios personalizados no Magento gratuitamente!\" \/>\n<meta property=\"og:description\" content=\"Teste nosso Form Builder personalizado para Magento agora mesmo. Gere extens\u00f5es de formul\u00e1rio individuais para o seu site em apenas alguns minutos!\" \/>\n<meta property=\"og:url\" content=\"https:\/\/elfsight.com\/pt\/online-form-builder\/magento\/\" \/>\n<meta property=\"og:site_name\" content=\"Elfsight PT\" \/>\n<meta property=\"article:modified_time\" content=\"2025-02-05T10:01:55+00:00\" \/>\n<meta name=\"twitter:card\" content=\"summary_large_image\" \/>\n<meta name=\"twitter:label1\" content=\"Tempo estimado de leitura\" \/>\n\t<meta name=\"twitter:data1\" content=\"5 minutos\" \/>\n<!-- \/ Yoast SEO plugin. -->","yoast_head_json":{"title":"Crie e adicione formul\u00e1rios personalizados no Magento gratuitamente!","description":"Teste nosso Form Builder personalizado para Magento agora mesmo. Gere extens\u00f5es de formul\u00e1rio individuais para o seu site em apenas alguns minutos!","robots":{"index":"index","follow":"follow","max-snippet":"max-snippet:-1","max-image-preview":"max-image-preview:large","max-video-preview":"max-video-preview:-1"},"canonical":"https:\/\/elfsight.com\/pt\/online-form-builder\/magento\/","og_locale":"pt_PT","og_type":"article","og_title":"Crie e adicione formul\u00e1rios personalizados no Magento gratuitamente!","og_description":"Teste nosso Form Builder personalizado para Magento agora mesmo. Gere extens\u00f5es de formul\u00e1rio individuais para o seu site em apenas alguns minutos!","og_url":"https:\/\/elfsight.com\/pt\/online-form-builder\/magento\/","og_site_name":"Elfsight PT","article_modified_time":"2025-02-05T10:01:55+00:00","twitter_card":"summary_large_image","twitter_misc":{"Tempo estimado de leitura":"5 minutos"},"schema":{"@context":"https:\/\/schema.org","@graph":[{"@type":"WebPage","@id":"https:\/\/elfsight.com\/pt\/online-form-builder\/magento\/","url":"https:\/\/elfsight.com\/pt\/online-form-builder\/magento\/","name":"Crie e adicione formul\u00e1rios personalizados no Magento gratuitamente!","isPartOf":{"@id":"https:\/\/elfsight.com\/pt\/#website"},"datePublished":"2024-05-03T06:37:56+00:00","dateModified":"2025-02-05T10:01:55+00:00","description":"Teste nosso Form Builder personalizado para Magento agora mesmo. Gere extens\u00f5es de formul\u00e1rio individuais para o seu site em apenas alguns minutos!","breadcrumb":{"@id":"https:\/\/elfsight.com\/pt\/online-form-builder\/magento\/#breadcrumb"},"inLanguage":"pt-PT","potentialAction":[{"@type":"ReadAction","target":["https:\/\/elfsight.com\/pt\/online-form-builder\/magento\/"]}]},{"@type":"BreadcrumbList","@id":"https:\/\/elfsight.com\/pt\/online-form-builder\/magento\/#breadcrumb","itemListElement":[{"@type":"ListItem","position":1,"name":"Home","item":"https:\/\/elfsight.com\/pt\/"},{"@type":"ListItem","position":2,"name":"Form Builder","item":"https:\/\/elfsight.com\/pt\/online-form-builder\/"},{"@type":"ListItem","position":3,"name":"Form Builder &#8211; Magento"}]},{"@type":"WebSite","@id":"https:\/\/elfsight.com\/pt\/#website","url":"https:\/\/elfsight.com\/pt\/","name":"Elfsight PT","description":"Just another Elfsight Sites site","potentialAction":[{"@type":"SearchAction","target":{"@type":"EntryPoint","urlTemplate":"https:\/\/elfsight.com\/pt\/?s={search_term_string}"},"query-input":{"@type":"PropertyValueSpecification","valueRequired":true,"valueName":"search_term_string"}}],"inLanguage":"pt-PT"}]}},"meta_box":{"industry":"","seo_heading":"","heading":"","description":"","cta_heading":"","cta_description":"","application":"595","h1":"Extens\u00e3o do Form Builder para Magento","h1_caption":"Obtenha todas as variantes de informa\u00e7\u00f5es moldando formul\u00e1rios simples e convenientes","application_category":[],"applications_title":"","applications_request_title":"","applications_request_button_text":"","hero_text":"","hero_video":"","hero_video_schema_markup":"","selling_points_title":"","selling_points_caption":"","selling_points":[],"selling_points_cta_text":"","features_title":"","features":"","ed_cta_examples_text":"","ed_cta_examples_hidden":"","ed_cta_demo_text":"","ed_cta_demo_hidden":"","why_caption":"","why_editor_title":"","why_editor_text":"","why_team_title":"","why_team_text":"","why_service_title":"","why_service_text":"","template_catalog_visible":"0","template_catalog_title":"","template_catalog_text":"","template_catalog_categories_visible":"","demo_title":"Crie sua extens\u00e3o do Form Builder","demo_caption":"Configure seu Form Builder e adicione-o ao seu site Magento gratuitamente!","default_faq_hidden":"","app_template_category":[],"platform":"58","template_public_id":"","codecanyon_url":"","codecanyon_item_id":"","codecanyon_price":"","pricing_caption":"","pricing_elfsight_apps_hide_column":"","pricing_elfsight_apps_url":"","pricing_codecanyon_price_caption":"","integration_category":[],"integration_request_title":"","integration_request_cta":"","integration_platform":"","integrations":[],"platform_category":[],"video_schema_markup":"","price":"a partir de US$ 0\/m\u00eas","trial":"","benefits":[{"text":"Ajuda de instala\u00e7\u00e3o gratuita"},{"text":"Atendimento ao cliente profissional"},{"text":"Garantia de reembolso de 14 dias"},{"text":"Atualizando constantemente"}],"button_url":"#demo","button_target_blank":"0","button_nofollow":"0","attributes":[{"name":"Instala\u00e7\u00f5es","content":"100,000 - 500,000","_state":"expanded"},{"name":"Responsivo","content":"Sim","_state":"expanded"},{"name":"Navegadores compat\u00edveis","content":"Firefox, Safari, Opera, Chrome, Edge"}],"tags":[],"tags_disable_links":"0","hide_more_platforms":"","video_object":"","demo_hide_cta":"0","demo_hide_cloud_options":"0","pricing_title":"","pricing":[{"pricing_icon":"platform","pricing_title":"Elfsight Apps","pricing_title_caption":"Solu\u00e7\u00e3o digital independente de plataforma que funciona em qualquer site","pricing_price":"a partir de US$ 0\/m\u00eas","pricing_price_caption":"comece com um plano gratuito","pricing_benefits":[{"text":"Dom\u00ednios ilimitados"},{"text":"Suporte profissional da empresa e bem documentado"},{"text":"Suporte profissional da empresa e bem documentado"},{"text":"100% personaliz\u00e1vel"}],"pricing_button_text":"Adicionar ao site","pricing_button_url":"#demo","_state":"expanded"}],"related_apps_title":"","related_apps_hidden":"1","author":"","image":[],"title":"","job":"","social_networks":[]},"_links":{"self":[{"href":"https:\/\/elfsight.com\/pt\/wp-json\/wp\/v2\/pages\/4089","targetHints":{"allow":["GET"]}}],"collection":[{"href":"https:\/\/elfsight.com\/pt\/wp-json\/wp\/v2\/pages"}],"about":[{"href":"https:\/\/elfsight.com\/pt\/wp-json\/wp\/v2\/types\/page"}],"author":[{"embeddable":true,"href":"https:\/\/elfsight.com\/pt\/wp-json\/wp\/v2\/users\/9"}],"replies":[{"embeddable":true,"href":"https:\/\/elfsight.com\/pt\/wp-json\/wp\/v2\/comments?post=4089"}],"version-history":[{"count":4,"href":"https:\/\/elfsight.com\/pt\/wp-json\/wp\/v2\/pages\/4089\/revisions"}],"predecessor-version":[{"id":13770,"href":"https:\/\/elfsight.com\/pt\/wp-json\/wp\/v2\/pages\/4089\/revisions\/13770"}],"up":[{"embeddable":true,"href":"https:\/\/elfsight.com\/pt\/wp-json\/wp\/v2\/pages\/596"}],"wp:attachment":[{"href":"https:\/\/elfsight.com\/pt\/wp-json\/wp\/v2\/media?parent=4089"}],"curies":[{"name":"wp","href":"https:\/\/api.w.org\/{rel}","templated":true}]}}