{"id":4087,"date":"2024-05-03T06:38:47","date_gmt":"2024-05-03T06:38:47","guid":{"rendered":"https:\/\/elfsight.com\/pt\/?page_id=4087"},"modified":"2025-02-11T10:09:38","modified_gmt":"2025-02-11T10:09:38","slug":"magento","status":"publish","type":"page","link":"https:\/\/elfsight.com\/pt\/google-maps-widget\/magento\/","title":{"rendered":"Google Maps &#8211; Magento"},"content":{"rendered":"<div class=\"application-platform-content-item-description application-platform-content-item\" id=\"description\" data-nav-section=\"description\">\n<h2>Descri\u00e7\u00e3o<\/h2>\nConfigura\u00e7\u00e3o descomplicada, extens\u00e3o funcional e totalmente customizada, esses s\u00e3o os fatores que tornam realmente simples para seus usu\u00e1rios a busca por suas lojas na vida real. Eficaz em atrair clientes da vida real, a instala\u00e7\u00e3o r\u00e1pida e as op\u00e7\u00f5es de personaliza\u00e7\u00e3o tornam-na talvez a melhor extens\u00e3o para cada site Magento.\n\n<b>Gere mais clientes off-line com os melhores mapas em seu site!<\/b>\n<ul>\n \t<li><b>Aproxime-se dos usu\u00e1rios<\/b>. Use suas informa\u00e7\u00f5es de contato, que os clientes podem usar para escrever para voc\u00ea ou encontr\u00e1-lo na vida real e on-line.<\/li>\n \t<li><b>Encontre e atraia clientes regionais clientes<\/b>. Marque seus locais no mapa para convencer os usu\u00e1rios de que voc\u00ea est\u00e1 por perto e que eles podem chegar ao seu escrit\u00f3rio a qualquer momento.<\/li>\n \t<li><b>Economize seu esfor\u00e7o na cria\u00e7\u00e3o de mapas<\/b>. Todos as configura\u00e7\u00f5es est\u00e3o dispon\u00edveis em v\u00e1rios cliques; gere o mapa mais pr\u00e1tico para o seu site em apenas alguns segundos.<\/li>\n<\/ul>\n<\/div><div class=\"application-platform-content-item-features application-platform-content-item\" id=\"features\" data-nav-section=\"features\">\n<h2>Recursos<\/h2>\nQuais aspectos tornam nosso mapa o melhor para todo o site Magento?\n<ul>\n \t<li>Cria\u00e7\u00e3o autom\u00e1tica de rotas a partir da localiza\u00e7\u00e3o do visitante;<\/li>\n \t<li>Todos os recursos do Google Maps s\u00e3o suportados: camadas, tipos de mapas, controles;<\/li>\n \t<li>Aparece cart\u00e3o de informa\u00e7\u00f5es para cada marcador individualmente;<\/li>\n \t<li>redirecionamento de URL para cada marcador clic\u00e1vel;<\/li>\n \t<li>Editor pr\u00e1tico (sem necessidade de codifica\u00e7\u00e3o).<\/li>\n<\/ul>\n<a href=\"#demo\"> Estude uma lista completa de caracter\u00edsticas na demonstra\u00e7\u00e3o!<\/a><\/div><div class=\"application-platform-content-item-installation application-platform-content-item\" id=\"installation\" data-nav-section=\"installation\">\n<h2>Como adicionar a extens\u00e3o do Google Maps ao site Magento<\/h2>\nBasta seguir v\u00e1rias etapas descritas abaixo para ativar o widget no Magento.\n<ol>\n \t<li><b>Use nosso editor gratuito e comece a criar seu instrumento personalizado. <\/b>Escolha a interface e funcionalidade preferidas da extens\u00e3o e aplique as edi\u00e7\u00f5es.<\/li>\n \t<li><b>Receba o seu c\u00f3digo exclusivo que \u00e9 mostrado na caixa nas aplica\u00e7\u00f5es Elfsight. <\/b>Depois que a gera\u00e7\u00e3o de sua ferramenta pessoal for conclu\u00edda, copie o c\u00f3digo pessoal na janela que aparece e guarde-o para futuras ocasi\u00f5es.<\/li>\n \t<li><b>Comece a aplicar a extens\u00e3o do Google Maps na p\u00e1gina inicial do Magento. <\/b>Integre o c\u00f3digo que voc\u00ea copiou antes em sua p\u00e1gina e salve as melhorias.<\/li>\n \t<li><b>Pronto! A integra\u00e7\u00e3o foi realizada com sucesso. <\/b>Visite seu site para ver como a extens\u00e3o funciona.<\/li>\n<\/ol>\nEst\u00e1 enfrentando dificuldades ou d\u00favidas ao executar as instru\u00e7\u00f5es ou gerar um mapa exclusivo? Verifique o artigo informativo \u00ab<a href=\"https:\/\/elfsight.com\/tutorials\/how-to-add-google-maps-builder-to-magento\/\" target=\"_blank\" rel=\"noopener noreferrer\">Como exibir um mapa no site Magento<\/a>\u00bb ou deixar um pedido no centro de suporte da Elfsight e teremos prazer em ajud\u00e1-lo a projetar e adicionar mapas ao seu site.<div class=\"faq\" data-component=\"FAQ\"> <div class=\"faq-item\">\r\n\t\t\t\t\t<div class=\"faq-item-question\">\r\n\t\t\t\t\t\t<h3 class=\"faq-item-question-text\">Como posso adicionar o Google Maps ao meu site Magento sem habilidades de codifica\u00e7\u00e3o?<\/h3>\r\n\r\n\t\t\t\t\t\t<div class=\"faq-item-question-icon\"><\/div>\r\n\t\t\t\t\t<\/div>\r\n\r\n\t\t\t\t\t<div class=\"faq-item-answer\">\r\n\t\t\t\t\t\t<div class=\"faq-item-answer-text\">A Elfsight fornece uma solu\u00e7\u00e3o SaaS que permite que voc\u00ea mesmo crie um widget do Google Maps. Veja como o processo \u00e9 f\u00e1cil: Trabalhe diretamente no Editor on-line para criar um widget do Google Maps que voc\u00ea gostaria de ver no seu site Magento. Escolha um dos modelos predefinidos e ajuste as configura\u00e7\u00f5es do Google Maps, adicione seu conte\u00fado, altere o layout e as cores sem nenhuma habilidade de codifica\u00e7\u00e3o. Salve o Google Maps e copie seu c\u00f3digo de instala\u00e7\u00e3o, que voc\u00ea pode incorporar facilmente em seu site Magento, sem a necessidade de comprar uma vers\u00e3o paga. Com nosso editor intuitivo, qualquer usu\u00e1rio da Internet pode criar um widget do Google Maps on-line e incorpor\u00e1-lo facilmente ao seu site Magento. N\u00e3o h\u00e1 necessidade de pagar ou inserir as credenciais do seu cart\u00e3o para acessar o servi\u00e7o. Se voc\u00ea enfrentar algum problema em qualquer etapa, n\u00e3o hesite em entrar em contato com nossa equipe de suporte t\u00e9cnico.<\/div>\r\n\t\t\t\t\t<\/div>\r\n\t\t\t\t<\/div> <\/div><\/div>","protected":false},"excerpt":{"rendered":"","protected":false},"author":9,"featured_media":0,"parent":635,"menu_order":0,"comment_status":"closed","ping_status":"closed","template":"templates\/template-application-platform.php","meta":{"publish_to_discourse":"","publish_post_category":"","wpdc_auto_publish_overridden":"","wpdc_topic_tags":"","wpdc_pin_topic":"","wpdc_pin_until":"","discourse_post_id":"","discourse_permalink":"","wpdc_publishing_response":"","wpdc_publishing_error":"","footnotes":""},"class_list":["post-4087","page","type-page","status-publish","hentry"],"yoast_head":"<!-- This site is optimized with the Yoast SEO plugin v25.3.1 - https:\/\/yoast.com\/wordpress\/plugins\/seo\/ -->\n<title>Google Maps \u2013 Adicionar extens\u00e3o de mapa ao site Magento<\/title>\n<meta name=\"description\" content=\"Experimente uma extens\u00e3o personalizada do Google Maps para site Magento. Instale mapas extensos em apenas 1 minuto gratuitamente no editor de plugins mais pr\u00e1tico.\" \/>\n<meta name=\"robots\" content=\"index, follow, max-snippet:-1, max-image-preview:large, max-video-preview:-1\" \/>\n<link rel=\"canonical\" href=\"https:\/\/elfsight.com\/pt\/google-maps-widget\/magento\/\" \/>\n<meta property=\"og:locale\" content=\"pt_PT\" \/>\n<meta property=\"og:type\" content=\"article\" \/>\n<meta property=\"og:title\" content=\"Google Maps \u2013 Adicionar extens\u00e3o de mapa ao site Magento\" \/>\n<meta property=\"og:description\" content=\"Experimente uma extens\u00e3o personalizada do Google Maps para site Magento. Instale mapas extensos em apenas 1 minuto gratuitamente no editor de plugins mais pr\u00e1tico.\" \/>\n<meta property=\"og:url\" content=\"https:\/\/elfsight.com\/pt\/google-maps-widget\/magento\/\" \/>\n<meta property=\"og:site_name\" content=\"Elfsight PT\" \/>\n<meta property=\"article:modified_time\" content=\"2025-02-11T10:09:38+00:00\" \/>\n<meta name=\"twitter:card\" content=\"summary_large_image\" \/>\n<meta name=\"twitter:label1\" content=\"Tempo estimado de leitura\" \/>\n\t<meta name=\"twitter:data1\" content=\"4 minutos\" \/>\n<!-- \/ Yoast SEO plugin. -->","yoast_head_json":{"title":"Google Maps \u2013 Adicionar extens\u00e3o de mapa ao site Magento","description":"Experimente uma extens\u00e3o personalizada do Google Maps para site Magento. Instale mapas extensos em apenas 1 minuto gratuitamente no editor de plugins mais pr\u00e1tico.","robots":{"index":"index","follow":"follow","max-snippet":"max-snippet:-1","max-image-preview":"max-image-preview:large","max-video-preview":"max-video-preview:-1"},"canonical":"https:\/\/elfsight.com\/pt\/google-maps-widget\/magento\/","og_locale":"pt_PT","og_type":"article","og_title":"Google Maps \u2013 Adicionar extens\u00e3o de mapa ao site Magento","og_description":"Experimente uma extens\u00e3o personalizada do Google Maps para site Magento. Instale mapas extensos em apenas 1 minuto gratuitamente no editor de plugins mais pr\u00e1tico.","og_url":"https:\/\/elfsight.com\/pt\/google-maps-widget\/magento\/","og_site_name":"Elfsight PT","article_modified_time":"2025-02-11T10:09:38+00:00","twitter_card":"summary_large_image","twitter_misc":{"Tempo estimado de leitura":"4 minutos"},"schema":{"@context":"https:\/\/schema.org","@graph":[{"@type":"WebPage","@id":"https:\/\/elfsight.com\/pt\/google-maps-widget\/magento\/","url":"https:\/\/elfsight.com\/pt\/google-maps-widget\/magento\/","name":"Google Maps \u2013 Adicionar extens\u00e3o de mapa ao site Magento","isPartOf":{"@id":"https:\/\/elfsight.com\/pt\/#website"},"datePublished":"2024-05-03T06:38:47+00:00","dateModified":"2025-02-11T10:09:38+00:00","description":"Experimente uma extens\u00e3o personalizada do Google Maps para site Magento. Instale mapas extensos em apenas 1 minuto gratuitamente no editor de plugins mais pr\u00e1tico.","breadcrumb":{"@id":"https:\/\/elfsight.com\/pt\/google-maps-widget\/magento\/#breadcrumb"},"inLanguage":"pt-PT","potentialAction":[{"@type":"ReadAction","target":["https:\/\/elfsight.com\/pt\/google-maps-widget\/magento\/"]}]},{"@type":"BreadcrumbList","@id":"https:\/\/elfsight.com\/pt\/google-maps-widget\/magento\/#breadcrumb","itemListElement":[{"@type":"ListItem","position":1,"name":"Home","item":"https:\/\/elfsight.com\/pt\/"},{"@type":"ListItem","position":2,"name":"Google Maps","item":"https:\/\/elfsight.com\/pt\/google-maps-widget\/"},{"@type":"ListItem","position":3,"name":"Google Maps &#8211; Magento"}]},{"@type":"WebSite","@id":"https:\/\/elfsight.com\/pt\/#website","url":"https:\/\/elfsight.com\/pt\/","name":"Elfsight PT","description":"Just another Elfsight Sites site","potentialAction":[{"@type":"SearchAction","target":{"@type":"EntryPoint","urlTemplate":"https:\/\/elfsight.com\/pt\/?s={search_term_string}"},"query-input":{"@type":"PropertyValueSpecification","valueRequired":true,"valueName":"search_term_string"}}],"inLanguage":"pt-PT"}]}},"meta_box":{"industry":"","seo_heading":"","heading":"","description":"","cta_heading":"","cta_description":"","application":"634","h1":"Extens\u00e3o do Google Maps para Magento","h1_caption":"Simplifique ao m\u00e1ximo a pesquisa do seu ponto offline para cada cliente do seu site","application_category":[],"applications_title":"","applications_request_title":"","applications_request_button_text":"","hero_text":"","hero_video":"","hero_video_schema_markup":"","selling_points_title":"","selling_points_caption":"","selling_points":[],"selling_points_cta_text":"","features_title":"","features":"","ed_cta_examples_text":"","ed_cta_examples_hidden":"","ed_cta_demo_text":"","ed_cta_demo_hidden":"","why_caption":"","why_editor_title":"","why_editor_text":"","why_team_title":"","why_team_text":"","why_service_title":"","why_service_text":"","template_catalog_visible":"0","template_catalog_title":"","template_catalog_text":"","template_catalog_categories_visible":"","demo_title":"Crie sua extens\u00e3o do Google Maps","demo_caption":"Configure seu Google Maps e adicione-o ao seu site Magento gratuitamente!","default_faq_hidden":"","app_template_category":[],"platform":"58","template_public_id":"","codecanyon_url":"","codecanyon_item_id":"","codecanyon_price":"","pricing_caption":"","pricing_elfsight_apps_hide_column":"","pricing_elfsight_apps_url":"","pricing_codecanyon_price_caption":"","integration_category":[],"integration_request_title":"","integration_request_cta":"","integration_platform":"","integrations":[],"platform_category":[],"video_schema_markup":"","price":"a partir de US$ 0\/m\u00eas","trial":"","benefits":[{"text":"Assist\u00eancia de instala\u00e7\u00e3o gratuita"},{"text":"Suporte ao cliente experiente"},{"text":"Garantia de reembolso de 14 dias"},{"text":"Atualiza\u00e7\u00f5es regulares"}],"button_url":"#demo","button_target_blank":"0","button_nofollow":"0","attributes":[{"name":"Instala\u00e7\u00f5es","content":"100,000 - 500,000","_state":"expanded"},{"name":"Responsivo","content":"Sim","_state":"expanded"},{"name":"Navegadores compat\u00edveis","content":"Firefox, Safari, Opera, Chrome, Edge"}],"tags":[],"tags_disable_links":"0","hide_more_platforms":"0","video_object":"","demo_hide_cta":"0","demo_hide_cloud_options":"0","pricing_title":"","pricing":[{"pricing_icon":"platform","pricing_title":"Elfsight Apps","pricing_title_caption":"Solu\u00e7\u00e3o digital independente de plataforma que funciona em qualquer site","pricing_price":"a partir de US$ 0\/m\u00eas","pricing_price_caption":"comece com um plano gratuito","pricing_benefits":[{"text":"Dom\u00ednios ilimitados"},{"text":"Suporte gratuito e pontual"},{"text":"Suporte gratuito e pontual"},{"text":"Totalmente personaliz\u00e1vel"}],"pricing_button_text":"Adicionar ao site","pricing_button_url":"#demo","_state":"expanded"}],"related_apps_title":"","related_apps_hidden":"1","author":"","image":[],"title":"","job":"","social_networks":[]},"_links":{"self":[{"href":"https:\/\/elfsight.com\/pt\/wp-json\/wp\/v2\/pages\/4087","targetHints":{"allow":["GET"]}}],"collection":[{"href":"https:\/\/elfsight.com\/pt\/wp-json\/wp\/v2\/pages"}],"about":[{"href":"https:\/\/elfsight.com\/pt\/wp-json\/wp\/v2\/types\/page"}],"author":[{"embeddable":true,"href":"https:\/\/elfsight.com\/pt\/wp-json\/wp\/v2\/users\/9"}],"replies":[{"embeddable":true,"href":"https:\/\/elfsight.com\/pt\/wp-json\/wp\/v2\/comments?post=4087"}],"version-history":[{"count":3,"href":"https:\/\/elfsight.com\/pt\/wp-json\/wp\/v2\/pages\/4087\/revisions"}],"predecessor-version":[{"id":13868,"href":"https:\/\/elfsight.com\/pt\/wp-json\/wp\/v2\/pages\/4087\/revisions\/13868"}],"up":[{"embeddable":true,"href":"https:\/\/elfsight.com\/pt\/wp-json\/wp\/v2\/pages\/635"}],"wp:attachment":[{"href":"https:\/\/elfsight.com\/pt\/wp-json\/wp\/v2\/media?parent=4087"}],"curies":[{"name":"wp","href":"https:\/\/api.w.org\/{rel}","templated":true}]}}