{"id":4076,"date":"2024-05-03T06:36:17","date_gmt":"2024-05-03T06:36:17","guid":{"rendered":"https:\/\/elfsight.com\/pt\/?page_id=4076"},"modified":"2025-02-28T10:54:03","modified_gmt":"2025-02-28T10:54:03","slug":"jquery","status":"publish","type":"page","link":"https:\/\/elfsight.com\/pt\/facebook-reviews-widget\/jquery\/","title":{"rendered":"Facebook Reviews &#8211; jQuery"},"content":{"rendered":"\n<div class=\"application-platform-content-item-description application-platform-content-item\" id=\"description\" data-nav-section=\"description\"><h2>Descri\u00e7\u00e3o<\/h2><p>Apresente as avalia\u00e7\u00f5es dos seus clientes do Facebook no site com as Avalia\u00e7\u00f5es do Facebook da Elfsight e orgulhe-se da sua confiabilidade. O p\u00fablico do site ver\u00e1 o que os clientes dizem sobre seus produtos no Facebook em um widget com design limpo e elementos originais do Facebook. A interface \u00e9 ajust\u00e1vel e apresenta classifica\u00e7\u00e3o por estrelas, informa\u00e7\u00f5es do autor, recursos altern\u00e1veis \u200b\u200b\u200b\u200be op\u00e7\u00f5es de layout e modelo prontos. Com a ajuda das Avalia\u00e7\u00f5es do Facebook da Elfsight, voc\u00ea pode exibir um bot\u00e3o para adicionar uma nova avalia\u00e7\u00e3o e atrair feedback dos clientes.<\/p><p><b>Cole suas avalia\u00e7\u00f5es do Facebook no site para revelar sua alta avalia\u00e7\u00e3o!<\/b> <\/p><ul><li><b>Aumentar a confiabilidade revelando avalia\u00e7\u00f5es de usu\u00e1rios reais<\/b><br>Convence os usu\u00e1rios de que suas avalia\u00e7\u00f5es s\u00e3o verdadeiras usando dados completos do autor e aumente a confian\u00e7a em sua marca.<\/li><li><b>Aumente as compras mostrando sua classifica\u00e7\u00e3o alta<\/b><br>Demonstre sua classifica\u00e7\u00e3o alta e avalia\u00e7\u00f5es excelentes para convencer os usu\u00e1rios de que vale a pena comprar seus itens.<\/li><li><b>Obtenha uma compreens\u00e3o mais clara de suas ofertas<\/b><br>Demonstrar seus produtos por meio da experi\u00eancia dos clientes ajudar\u00e1 os clientes em potencial a formar o entendimento certo e compreend\u00ea-los melhor.<\/li><\/ul><\/div><div class=\"application-platform-content-item-features application-platform-content-item\" id=\"features\" data-nav-section=\"features\"><h2>Recursos<\/h2><p>Aqui est\u00e1 uma pequena lista de recursos que tornam nosso plugin uma solu\u00e7\u00e3o perfeita para JQuery:<\/p><ul><li>Tr\u00eas tipos de filtros: por tipo, excluir por e quantidade de avalia\u00e7\u00f5es;<\/li><li>Escolher o n\u00famero de avalia\u00e7\u00f5es por p\u00e1gina;<\/li><li>Definir a velocidade do slide e a velocidade de reprodu\u00e7\u00e3o autom\u00e1tica;<\/li><li>Links suportados na mensagem de nega\u00e7\u00e3o de solicita\u00e7\u00e3o de revis\u00e3o;<\/li><li> <li>Tr\u00eas tipos de decora\u00e7\u00e3o de revis\u00e3o: Borda, Fundo, Nenhum;<\/li><\/ul><p><a href=\"#demo\">Descubra o conjunto completo de fun\u00e7\u00f5es na demonstra\u00e7\u00e3o!<\/a><\/p><\/div><div class=\"application-platform-content-item-installation application-platform-content-item\" id=\"installation\" data-nav-section=\"installation\"><h2>Como adicionar coment\u00e1rios do Facebook ao site jQuery<\/h2><p>O plugin Elfsight \u00e9 o mais f\u00e1cil em termos de integra\u00e7\u00e3o e n\u00e3o requer habilidades em programa\u00e7\u00e3o web. O tempo m\u00e9dio de instala\u00e7\u00e3o n\u00e3o \u00e9 superior a 80 segundos.<\/p><ol><li><b>Crie suas avalia\u00e7\u00f5es personalizadas do Facebook<\/b><br>Com nosso editor gratuito, crie um plug-in com o layout e as op\u00e7\u00f5es de configura\u00e7\u00e3o necess\u00e1rias. <\/li><li><b>Obtenha um c\u00f3digo para publicar o plugin<\/b><br>Ap\u00f3s a personaliza\u00e7\u00e3o do widget, obtenha um c\u00f3digo para o plugin Reviews na notifica\u00e7\u00e3o exibida nas aplica\u00e7\u00f5es Elfsight.<\/li><li><b>Coloque o widget no site<\/b><br>Abra o c\u00f3digo da p\u00e1gina no editor HTML, adicione o widget \u00e0 \u00e1rea selecionada (conte\u00fado, rodap\u00e9, barra lateral etc) e publique os resultados.<\/li><li><b>A configura\u00e7\u00e3o foi conclu\u00edda<\/b><br>Abra o site para ver seu trabalho.<\/li><\/ol><p>Alguma d\u00favida apareceu durante a instala\u00e7\u00e3o? Envie uma consulta ao centro de suporte da Elfsight ou use o texto completo do tutorial para terminar de criar o plugin por conta pr\u00f3pria.<\/p><div class=\"faq\" data-component=\"FAQ\"> <div class=\"faq-item\">\r\n\t\t\t\t\t<div class=\"faq-item-question\">\r\n\t\t\t\t\t\t<h3 class=\"faq-item-question-text\">Como posso adicionar avalia\u00e7\u00f5es do Facebook ao meu site jQuery sem habilidades de codifica\u00e7\u00e3o? <\/h3>\r\n\r\n\t\t\t\t\t\t<div class=\"faq-item-question-icon\"><\/div>\r\n\t\t\t\t\t<\/div>\r\n\r\n\t\t\t\t\t<div class=\"faq-item-answer\">\r\n\t\t\t\t\t\t<div class=\"faq-item-answer-text\"> <p>A Elfsight fornece uma solu\u00e7\u00e3o SaaS que lhe permite criar voc\u00ea mesmo um widget de Avalia\u00e7\u00f5es do Facebook. Veja como o processo \u00e9 f\u00e1cil: Trabalhe diretamente no Editor online para criar um widget de Avalia\u00e7\u00f5es do Facebook que gostaria de ver no seu site jQuery. Escolha um dos modelos predefinidos e ajuste as configura\u00e7\u00f5es de Avalia\u00e7\u00f5es do Facebook, adicione seu conte\u00fado, altere o layout e as cores sem nenhuma habilidade de codifica\u00e7\u00e3o. Salve as avalia\u00e7\u00f5es do Facebook e copie seu c\u00f3digo de instala\u00e7\u00e3o, que voc\u00ea pode incorporar facilmente em seu site jQuery, sem a necessidade de comprar uma assinatura paga. Com nosso editor intuitivo, qualquer usu\u00e1rio da Internet pode criar um widget de avalia\u00e7\u00f5es do Facebook on-line e incorpor\u00e1-lo facilmente ao seu site jQuery. N\u00e3o h\u00e1 necessidade de pagar ou inserir as credenciais do seu cart\u00e3o para acessar o servi\u00e7o. Se voc\u00ea enfrentar qualquer problema em qualquer etapa, n\u00e3o hesite em entrar em contato com nossa equipe de suporte t\u00e9cnico.<\/p> <\/div>\r\n\t\t\t\t\t<\/div>\r\n\t\t\t\t<\/div> <\/div> <\/div>\n","protected":false},"excerpt":{"rendered":"","protected":false},"author":9,"featured_media":0,"parent":576,"menu_order":0,"comment_status":"closed","ping_status":"closed","template":"templates\/template-application-platform.php","meta":{"publish_to_discourse":"","publish_post_category":"","wpdc_auto_publish_overridden":"","wpdc_topic_tags":"","wpdc_pin_topic":"","wpdc_pin_until":"","discourse_post_id":"","discourse_permalink":"","wpdc_publishing_response":"","wpdc_publishing_error":"","footnotes":""},"class_list":["post-4076","page","type-page","status-publish","hentry"],"yoast_head":"<!-- This site is optimized with the Yoast SEO plugin v25.3.1 - https:\/\/yoast.com\/wordpress\/plugins\/seo\/ -->\n<title>O melhor plugin de avalia\u00e7\u00f5es do Facebook para site jQuery (2025)<\/title>\n<meta name=\"description\" content=\"Construa seu plugin Facebook Revies para jQuery e instale-o em seu site. Editor gratuito, ajuda na instala\u00e7\u00e3o e outros widgets da Elfsight!\" \/>\n<meta name=\"robots\" content=\"index, follow, max-snippet:-1, max-image-preview:large, max-video-preview:-1\" \/>\n<link rel=\"canonical\" href=\"https:\/\/elfsight.com\/pt\/facebook-reviews-widget\/jquery\/\" \/>\n<meta property=\"og:locale\" content=\"pt_PT\" \/>\n<meta property=\"og:type\" content=\"article\" \/>\n<meta property=\"og:title\" content=\"O melhor plugin de avalia\u00e7\u00f5es do Facebook para site jQuery (2025)\" \/>\n<meta property=\"og:description\" content=\"Construa seu plugin Facebook Revies para jQuery e instale-o em seu site. Editor gratuito, ajuda na instala\u00e7\u00e3o e outros widgets da Elfsight!\" \/>\n<meta property=\"og:url\" content=\"https:\/\/elfsight.com\/pt\/facebook-reviews-widget\/jquery\/\" \/>\n<meta property=\"og:site_name\" content=\"Elfsight PT\" \/>\n<meta property=\"article:modified_time\" content=\"2025-02-28T10:54:03+00:00\" \/>\n<meta name=\"twitter:card\" content=\"summary_large_image\" \/>\n<meta name=\"twitter:label1\" content=\"Tempo estimado de leitura\" \/>\n\t<meta name=\"twitter:data1\" content=\"4 minutos\" \/>\n<!-- \/ Yoast SEO plugin. -->","yoast_head_json":{"title":"O melhor plugin de avalia\u00e7\u00f5es do Facebook para site jQuery (2025)","description":"Construa seu plugin Facebook Revies para jQuery e instale-o em seu site. Editor gratuito, ajuda na instala\u00e7\u00e3o e outros widgets da Elfsight!","robots":{"index":"index","follow":"follow","max-snippet":"max-snippet:-1","max-image-preview":"max-image-preview:large","max-video-preview":"max-video-preview:-1"},"canonical":"https:\/\/elfsight.com\/pt\/facebook-reviews-widget\/jquery\/","og_locale":"pt_PT","og_type":"article","og_title":"O melhor plugin de avalia\u00e7\u00f5es do Facebook para site jQuery (2025)","og_description":"Construa seu plugin Facebook Revies para jQuery e instale-o em seu site. Editor gratuito, ajuda na instala\u00e7\u00e3o e outros widgets da Elfsight!","og_url":"https:\/\/elfsight.com\/pt\/facebook-reviews-widget\/jquery\/","og_site_name":"Elfsight PT","article_modified_time":"2025-02-28T10:54:03+00:00","twitter_card":"summary_large_image","twitter_misc":{"Tempo estimado de leitura":"4 minutos"},"schema":{"@context":"https:\/\/schema.org","@graph":[{"@type":"WebPage","@id":"https:\/\/elfsight.com\/pt\/facebook-reviews-widget\/jquery\/","url":"https:\/\/elfsight.com\/pt\/facebook-reviews-widget\/jquery\/","name":"O melhor plugin de avalia\u00e7\u00f5es do Facebook para site jQuery (2025)","isPartOf":{"@id":"https:\/\/elfsight.com\/pt\/#website"},"datePublished":"2024-05-03T06:36:17+00:00","dateModified":"2025-02-28T10:54:03+00:00","description":"Construa seu plugin Facebook Revies para jQuery e instale-o em seu site. Editor gratuito, ajuda na instala\u00e7\u00e3o e outros widgets da Elfsight!","breadcrumb":{"@id":"https:\/\/elfsight.com\/pt\/facebook-reviews-widget\/jquery\/#breadcrumb"},"inLanguage":"pt-PT","potentialAction":[{"@type":"ReadAction","target":["https:\/\/elfsight.com\/pt\/facebook-reviews-widget\/jquery\/"]}]},{"@type":"BreadcrumbList","@id":"https:\/\/elfsight.com\/pt\/facebook-reviews-widget\/jquery\/#breadcrumb","itemListElement":[{"@type":"ListItem","position":1,"name":"Home","item":"https:\/\/elfsight.com\/pt\/"},{"@type":"ListItem","position":2,"name":"Facebook Reviews","item":"https:\/\/elfsight.com\/pt\/facebook-reviews-widget\/"},{"@type":"ListItem","position":3,"name":"Facebook Reviews &#8211; jQuery"}]},{"@type":"WebSite","@id":"https:\/\/elfsight.com\/pt\/#website","url":"https:\/\/elfsight.com\/pt\/","name":"Elfsight PT","description":"Just another Elfsight Sites site","potentialAction":[{"@type":"SearchAction","target":{"@type":"EntryPoint","urlTemplate":"https:\/\/elfsight.com\/pt\/?s={search_term_string}"},"query-input":{"@type":"PropertyValueSpecification","valueRequired":true,"valueName":"search_term_string"}}],"inLanguage":"pt-PT"}]}},"meta_box":{"industry":"","seo_heading":"","heading":"","description":"","cta_heading":"","cta_description":"","application":"575","h1":"Plug-in jQuery Facebook Reviews","h1_caption":"A maneira mais simples de compartilhar as avalia\u00e7\u00f5es dos clientes do Facebook com o p\u00fablico do site!","application_category":[],"applications_title":"","applications_request_title":"","applications_request_button_text":"","hero_text":"","hero_video":"","hero_video_schema_markup":"","selling_points_title":"","selling_points_caption":"","selling_points":[],"selling_points_cta_text":"","features_title":"","features":"","ed_cta_examples_text":"","ed_cta_examples_hidden":"","ed_cta_demo_text":"","ed_cta_demo_hidden":"","why_caption":"","why_editor_title":"","why_editor_text":"","why_team_title":"","why_team_text":"","why_service_title":"","why_service_text":"","template_catalog_visible":"0","template_catalog_title":"","template_catalog_text":"","template_catalog_categories_visible":"","demo_title":"Crie seu plugin de avalia\u00e7\u00f5es do Facebook","demo_caption":"Configure suas avalia\u00e7\u00f5es do Facebook e adicione-as ao seu site jQuery gratuitamente!","default_faq_hidden":"","app_template_category":[],"platform":"55","template_public_id":"","codecanyon_url":"","codecanyon_item_id":"","codecanyon_price":"","pricing_caption":"","pricing_elfsight_apps_hide_column":"","pricing_elfsight_apps_url":"","pricing_codecanyon_price_caption":"","integration_category":[],"integration_request_title":"","integration_request_cta":"","integration_platform":"","integrations":[],"platform_category":[],"video_schema_markup":"","price":"a partir de US$ 0\/m\u00eas","trial":"","benefits":[{"text":"Assist\u00eancia de instala\u00e7\u00e3o gratuita"},{"text":"Suporte excepcional"},{"text":"Garantia de devolu\u00e7\u00e3o do dinheiro em 14 dias"},{"text":"Atualiza\u00e7\u00f5es regulares"}],"button_url":"#demo","button_target_blank":"0","button_nofollow":"0","attributes":[{"name":"Instala\u00e7\u00f5es","content":"10,000 - 100,000","_state":"expanded"},{"name":"Responsivo","content":"Sim","_state":"expanded"},{"name":"Navegadores compat\u00edveis","content":"Firefox, Safari, Opera, Chrome, Edge"}],"tags":[],"tags_disable_links":"0","hide_more_platforms":"0","video_object":"","demo_hide_cta":"0","demo_hide_cloud_options":"0","pricing_title":"","pricing":[{"pricing_icon":"platform","pricing_title":"Elfsight Apps","pricing_title_caption":"Solu\u00e7\u00e3o multiplataforma que funciona em qualquer site","pricing_price":"a partir de US$ 0\/m\u00eas","pricing_price_caption":"comece com um plano gratuito","pricing_benefits":[{"text":"Dom\u00ednios ilimitados"},{"text":"Suporte ao cliente 24 horas por dia, 7 dias por semana"},{"text":"Suporte ao cliente 24 horas por dia, 7 dias por semana"},{"text":"100% personaliz\u00e1vel"}],"pricing_button_text":"Adicionar ao site","pricing_button_url":"#demo","_state":"expanded"}],"related_apps_title":"","related_apps_hidden":"1","author":"","image":[],"title":"","job":"","social_networks":[]},"_links":{"self":[{"href":"https:\/\/elfsight.com\/pt\/wp-json\/wp\/v2\/pages\/4076","targetHints":{"allow":["GET"]}}],"collection":[{"href":"https:\/\/elfsight.com\/pt\/wp-json\/wp\/v2\/pages"}],"about":[{"href":"https:\/\/elfsight.com\/pt\/wp-json\/wp\/v2\/types\/page"}],"author":[{"embeddable":true,"href":"https:\/\/elfsight.com\/pt\/wp-json\/wp\/v2\/users\/9"}],"replies":[{"embeddable":true,"href":"https:\/\/elfsight.com\/pt\/wp-json\/wp\/v2\/comments?post=4076"}],"version-history":[{"count":4,"href":"https:\/\/elfsight.com\/pt\/wp-json\/wp\/v2\/pages\/4076\/revisions"}],"predecessor-version":[{"id":14112,"href":"https:\/\/elfsight.com\/pt\/wp-json\/wp\/v2\/pages\/4076\/revisions\/14112"}],"up":[{"embeddable":true,"href":"https:\/\/elfsight.com\/pt\/wp-json\/wp\/v2\/pages\/576"}],"wp:attachment":[{"href":"https:\/\/elfsight.com\/pt\/wp-json\/wp\/v2\/media?parent=4076"}],"curies":[{"name":"wp","href":"https:\/\/api.w.org\/{rel}","templated":true}]}}