{"id":4072,"date":"2024-05-03T06:36:50","date_gmt":"2024-05-03T06:36:50","guid":{"rendered":"https:\/\/elfsight.com\/pt\/?page_id=4072"},"modified":"2025-03-06T08:50:06","modified_gmt":"2025-03-06T08:50:06","slug":"joomla","status":"publish","type":"page","link":"https:\/\/elfsight.com\/pt\/accordion-faq-widget\/joomla\/","title":{"rendered":"FAQ &#8211; Joomla"},"content":{"rendered":"\n<div class=\"application-platform-content-item-description application-platform-content-item\" id=\"description\" data-nav-section=\"description\"><h2>Descri\u00e7\u00e3o<\/h2><p>Elfsight FAQ \u00e9 um aplicativo conveniente, f\u00e1cil de usar e ajust\u00e1vel para exibir uma unidade das perguntas mais necess\u00e1rias com respostas em seu site pessoal. Uma extens\u00e3o interativa e de f\u00e1cil navega\u00e7\u00e3o permite mostrar dados completos sobre o seu neg\u00f3cio, concentrar a aten\u00e7\u00e3o dos leitores nas qualidades positivas dos seus produtos e combater d\u00favidas e descren\u00e7as que possam impedir a compra.<\/p><p><b>Reaja nas perguntas que aparecem de seus visitantes o mais r\u00e1pido poss\u00edvel e aumente as vendas no site!<\/b><\/p><ul><li><b>Conven\u00e7a os usu\u00e1rios a comprar com a ajuda de textos bem compostos<\/b>.<br>Exiba respostas \u00e0s perguntas b\u00e1sicas dos visitantes com anteced\u00eancia e garanta que eles concluam uma compra em seu site.<\/li><li><b>Obtenha o m\u00e1ximo entendimento dos clientes sobre seu produto ou servi\u00e7o<\/b>. <br>Combata os equ\u00edvocos e medos mais comuns relacionados \u00e0 sua marca com a ajuda de respostas completas e claras.<\/li><li><b>Reduza o tempo e o pre\u00e7o do trabalho da central de ajuda<\/b>.<br>Exiba respostas para todas as perguntas mais populares sobre seus produtos ou servi\u00e7os, para reduzir a carga excessiva de seu suporte ao cliente.<\/li><\/ul><\/div><div class=\"application-platform-content-item-features application-platform-content-item\" id=\"features\" data-nav-section=\"features\"><h2>Recursos<\/h2><p>Os principais aspectos da extens\u00e3o Elfsight, que a tornam uma das extens\u00f5es mais \u00fateis para instalar FAQ no site Joomla.<\/p><ul><li>Layout de acorde\u00e3o para mostrar respostas ao clicar;<\/li><li>Cores personaliz\u00e1veis \u200b\u200bdo texto da pergunta, texto da resposta, nome da categoria e plano de fundo;<\/li><li>Mostrar\/ocultar e editar nomes de categorias;<\/li><li>Esquema de perguntas de microdados, para ajudar na otimiza\u00e7\u00e3o de SEO; <\/li><li>Atualiza\u00e7\u00f5es dispon\u00edveis para mant\u00ea-lo atualizado.<\/li><\/ul><p><a href=\"#demo\">Verifique todas<\/a><\/p><\/div><div class=\"application-platform-content-item-installation application-platform-content-item\" id=\"installation\" data-nav-section=\"installation\"><h2>Como adicionar a extens\u00e3o Accordion FAQ ao Joomla<\/h2><p>Basta aplicar as instru\u00e7\u00f5es abaixo para incorporar a ferramenta no Joomla.<\/p> <ol><li><b> Abra nosso configurador gratuito e comece a criar sua extens\u00e3o de FAQ personalizada. <\/b><br> Especifique o layout e as caracter\u00edsticas adequadas da ferramenta e salve as corre\u00e7\u00f5es. <\/li> <li><b>Receba o seu c\u00f3digo individual que aparece na caixa nas aplica\u00e7\u00f5es Elfsight. <\/b><br> Ap\u00f3s a configura\u00e7\u00e3o do seu ramal pessoal, copie o c\u00f3digo individual na caixa exibida e guarde-o para futuras necessidades. <\/li> <li><b>Comece a usar o plugin no site Joomla. <\/b><br> Adicione o c\u00f3digo salvo anteriormente em seu site e aplique os ajustes. <\/li> <li><b>Conclu\u00eddo! A incorpora\u00e7\u00e3o \u00e9 totalmente executada. <\/b><br> Acesse sua p\u00e1gina para inspecionar como o widget est\u00e1 funcionando. <\/li><\/ol><p>Est\u00e1 tendo problemas ao executar as instru\u00e7\u00f5es? Dirija-se ao centro de suporte da Elfsight ou estude a variante completa do manual \u00ab<a href=\"https:\/\/elfsight.com\/tutorials\/how-to-add-accordion-faq-extension-to-joomla\/\" target=\"_blank\" rel=\"noopener noreferrer\">Como adicionar FAQ ao Joomla<\/a>\u00bb e conclua a configura\u00e7\u00e3o por conta pr\u00f3pria.<\/p><div class=\"faq\" data-component=\"FAQ\"><div class=\"faq-item\">\r\n\t\t\t\t\t<div class=\"faq-item-question\">\r\n\t\t\t\t\t\t<h3 class=\"faq-item-question-text\">Como adicionar FAQ ao meu site Joomla sem habilidades de codifica\u00e7\u00e3o? <\/h3>\r\n\r\n\t\t\t\t\t\t<div class=\"faq-item-question-icon\"><\/div>\r\n\t\t\t\t\t<\/div>\r\n\r\n\t\t\t\t\t<div class=\"faq-item-answer\">\r\n\t\t\t\t\t\t<div class=\"faq-item-answer-text\"> <p>A Elfsight fornece uma solu\u00e7\u00e3o SaaS que lhe permite criar voc\u00ea mesmo um widget de FAQ, veja como \u00e9 f\u00e1cil o processo: Trabalhe diretamente no Editor online para criar um widget de FAQ que gostaria de ver no seu site Joomla. Escolha um dos modelos predefinidos e ajuste as configura\u00e7\u00f5es do FAQ, adicione seu conte\u00fado, altere o layout e as cores sem nenhuma habilidade de codifica\u00e7\u00e3o. Salve o FAQ e copie seu c\u00f3digo de instala\u00e7\u00e3o, para que voc\u00ea possa adicion\u00e1-lo facilmente ao seu site Joomla, sem comprar uma vers\u00e3o paga. Com nosso editor intuitivo, qualquer usu\u00e1rio da Internet pode criar um widget de FAQ online e incorpor\u00e1-lo facilmente ao seu site Joomla. N\u00e3o h\u00e1 necessidade de pagar ou inserir as credenciais do seu cart\u00e3o para acessar o servi\u00e7o. Se voc\u00ea enfrentar qualquer problema em qualquer etapa, n\u00e3o hesite em entrar em contato com nossa equipe de suporte t\u00e9cnico.<\/p> <\/div>\r\n\t\t\t\t\t<\/div>\r\n\t\t\t\t<\/div> <\/div><\/div>\n","protected":false},"excerpt":{"rendered":"","protected":false},"author":9,"featured_media":0,"parent":815,"menu_order":0,"comment_status":"closed","ping_status":"closed","template":"templates\/template-application-platform.php","meta":{"publish_to_discourse":"","publish_post_category":"","wpdc_auto_publish_overridden":"","wpdc_topic_tags":"","wpdc_pin_topic":"","wpdc_pin_until":"","discourse_post_id":"","discourse_permalink":"","wpdc_publishing_response":"","wpdc_publishing_error":"","footnotes":""},"class_list":["post-4072","page","type-page","status-publish","hentry"],"yoast_head":"<!-- This site is optimized with the Yoast SEO plugin v25.3.1 - https:\/\/yoast.com\/wordpress\/plugins\/seo\/ -->\n<title>Perguntas frequentes sobre acorde\u00e3o - Adicionar extens\u00e3o de perguntas frequentes ao site Joomla<\/title>\n<meta name=\"description\" content=\"Projete sua extens\u00e3o de FAQ personalizada para Joomla em apenas alguns minutos. Teste o editor instant\u00e2neo para modelar plugins da Elfsight, totalmente gratuito.\" \/>\n<meta name=\"robots\" content=\"index, follow, max-snippet:-1, max-image-preview:large, max-video-preview:-1\" \/>\n<link rel=\"canonical\" href=\"https:\/\/elfsight.com\/pt\/accordion-faq-widget\/joomla\/\" \/>\n<meta property=\"og:locale\" content=\"pt_PT\" \/>\n<meta property=\"og:type\" content=\"article\" \/>\n<meta property=\"og:title\" content=\"Perguntas frequentes sobre acorde\u00e3o - Adicionar extens\u00e3o de perguntas frequentes ao site Joomla\" \/>\n<meta property=\"og:description\" content=\"Projete sua extens\u00e3o de FAQ personalizada para Joomla em apenas alguns minutos. Teste o editor instant\u00e2neo para modelar plugins da Elfsight, totalmente gratuito.\" \/>\n<meta property=\"og:url\" content=\"https:\/\/elfsight.com\/pt\/accordion-faq-widget\/joomla\/\" \/>\n<meta property=\"og:site_name\" content=\"Elfsight PT\" \/>\n<meta property=\"article:modified_time\" content=\"2025-03-06T08:50:06+00:00\" \/>\n<meta name=\"twitter:card\" content=\"summary_large_image\" \/>\n<meta name=\"twitter:label1\" content=\"Tempo estimado de leitura\" \/>\n\t<meta name=\"twitter:data1\" content=\"4 minutos\" \/>\n<!-- \/ Yoast SEO plugin. -->","yoast_head_json":{"title":"Perguntas frequentes sobre acorde\u00e3o - Adicionar extens\u00e3o de perguntas frequentes ao site Joomla","description":"Projete sua extens\u00e3o de FAQ personalizada para Joomla em apenas alguns minutos. Teste o editor instant\u00e2neo para modelar plugins da Elfsight, totalmente gratuito.","robots":{"index":"index","follow":"follow","max-snippet":"max-snippet:-1","max-image-preview":"max-image-preview:large","max-video-preview":"max-video-preview:-1"},"canonical":"https:\/\/elfsight.com\/pt\/accordion-faq-widget\/joomla\/","og_locale":"pt_PT","og_type":"article","og_title":"Perguntas frequentes sobre acorde\u00e3o - Adicionar extens\u00e3o de perguntas frequentes ao site Joomla","og_description":"Projete sua extens\u00e3o de FAQ personalizada para Joomla em apenas alguns minutos. Teste o editor instant\u00e2neo para modelar plugins da Elfsight, totalmente gratuito.","og_url":"https:\/\/elfsight.com\/pt\/accordion-faq-widget\/joomla\/","og_site_name":"Elfsight PT","article_modified_time":"2025-03-06T08:50:06+00:00","twitter_card":"summary_large_image","twitter_misc":{"Tempo estimado de leitura":"4 minutos"},"schema":{"@context":"https:\/\/schema.org","@graph":[{"@type":"WebPage","@id":"https:\/\/elfsight.com\/pt\/accordion-faq-widget\/joomla\/","url":"https:\/\/elfsight.com\/pt\/accordion-faq-widget\/joomla\/","name":"Perguntas frequentes sobre acorde\u00e3o - Adicionar extens\u00e3o de perguntas frequentes ao site Joomla","isPartOf":{"@id":"https:\/\/elfsight.com\/pt\/#website"},"datePublished":"2024-05-03T06:36:50+00:00","dateModified":"2025-03-06T08:50:06+00:00","description":"Projete sua extens\u00e3o de FAQ personalizada para Joomla em apenas alguns minutos. Teste o editor instant\u00e2neo para modelar plugins da Elfsight, totalmente gratuito.","breadcrumb":{"@id":"https:\/\/elfsight.com\/pt\/accordion-faq-widget\/joomla\/#breadcrumb"},"inLanguage":"pt-PT","potentialAction":[{"@type":"ReadAction","target":["https:\/\/elfsight.com\/pt\/accordion-faq-widget\/joomla\/"]}]},{"@type":"BreadcrumbList","@id":"https:\/\/elfsight.com\/pt\/accordion-faq-widget\/joomla\/#breadcrumb","itemListElement":[{"@type":"ListItem","position":1,"name":"Home","item":"https:\/\/elfsight.com\/pt\/"},{"@type":"ListItem","position":2,"name":"FAQ","item":"https:\/\/elfsight.com\/pt\/accordion-faq-widget\/"},{"@type":"ListItem","position":3,"name":"FAQ &#8211; Joomla"}]},{"@type":"WebSite","@id":"https:\/\/elfsight.com\/pt\/#website","url":"https:\/\/elfsight.com\/pt\/","name":"Elfsight PT","description":"Just another Elfsight Sites site","potentialAction":[{"@type":"SearchAction","target":{"@type":"EntryPoint","urlTemplate":"https:\/\/elfsight.com\/pt\/?s={search_term_string}"},"query-input":{"@type":"PropertyValueSpecification","valueRequired":true,"valueName":"search_term_string"}}],"inLanguage":"pt-PT"}]}},"meta_box":{"industry":"","seo_heading":"","heading":"","description":"","cta_heading":"","cta_description":"","application":"814","h1":"Extens\u00e3o de perguntas frequentes do acorde\u00e3o para Joomla","h1_caption":"Reduza o tempo e o custo da ajuda do seu cliente em at\u00e9 55%","application_category":[],"applications_title":"","applications_request_title":"","applications_request_button_text":"","hero_text":"","hero_video":"","hero_video_schema_markup":"","selling_points_title":"","selling_points_caption":"","selling_points":[],"selling_points_cta_text":"","features_title":"","features":"","ed_cta_examples_text":"","ed_cta_examples_hidden":"","ed_cta_demo_text":"","ed_cta_demo_hidden":"","why_caption":"","why_editor_title":"","why_editor_text":"","why_team_title":"","why_team_text":"","why_service_title":"","why_service_text":"","template_catalog_visible":"0","template_catalog_title":"","template_catalog_text":"","template_catalog_categories_visible":"","demo_title":"Crie seu plugin de perguntas frequentes","demo_caption":"Configure seu FAQ e adicione-o ao seu site Joomla gratuitamente!","default_faq_hidden":"","app_template_category":[],"platform":"52","template_public_id":"","codecanyon_url":"","codecanyon_item_id":"","codecanyon_price":"","pricing_caption":"","pricing_elfsight_apps_hide_column":"","pricing_elfsight_apps_url":"","pricing_codecanyon_price_caption":"","integration_category":[],"integration_request_title":"","integration_request_cta":"","integration_platform":"","integrations":[],"platform_category":[],"video_schema_markup":"","price":"a partir de US$ 0\/m\u00eas","trial":"","benefits":[{"text":"Servi\u00e7o de instala\u00e7\u00e3o gratuito"},{"text":"Suporte premium"},{"text":"Garantia de devolu\u00e7\u00e3o do dinheiro em 14 dias"},{"text":"Desenvolvimento cont\u00ednuo"}],"button_url":"#demo","button_target_blank":"0","button_nofollow":"0","attributes":[{"name":"Instala\u00e7\u00f5es","content":"10,000 - 100,000","_state":"expanded"},{"name":"Responsivo","content":"Sim","_state":"expanded"},{"name":"Navegadores compat\u00edveis","content":"IE11, Firefox, Safari, Opera, Chrome, Edge"}],"tags":[],"tags_disable_links":"0","hide_more_platforms":"0","video_object":"","demo_hide_cta":"0","demo_hide_cloud_options":"0","pricing_title":"","pricing":[{"pricing_icon":"cloud","pricing_title":"Elfsight Apps","pricing_title_caption":"Software multiplataforma que funciona em qualquer site","pricing_price":"a partir de US$ 0\/m\u00eas","pricing_price_caption":"comece com plano gratuito","pricing_benefits":[{"text":"Dom\u00ednios ilimitados"},{"text":"Suporte premium e pontual"},{"text":"Suporte premium e pontual"},{"text":"\u00d3timo neg\u00f3cio para v\u00e1rios aplicativos"}],"pricing_button_text":"Adicionar ao site","pricing_button_url":"#demo","_state":"expanded"}],"related_apps_title":"","related_apps_hidden":"1","author":"","image":[],"title":"","job":"","social_networks":[]},"_links":{"self":[{"href":"https:\/\/elfsight.com\/pt\/wp-json\/wp\/v2\/pages\/4072","targetHints":{"allow":["GET"]}}],"collection":[{"href":"https:\/\/elfsight.com\/pt\/wp-json\/wp\/v2\/pages"}],"about":[{"href":"https:\/\/elfsight.com\/pt\/wp-json\/wp\/v2\/types\/page"}],"author":[{"embeddable":true,"href":"https:\/\/elfsight.com\/pt\/wp-json\/wp\/v2\/users\/9"}],"replies":[{"embeddable":true,"href":"https:\/\/elfsight.com\/pt\/wp-json\/wp\/v2\/comments?post=4072"}],"version-history":[{"count":3,"href":"https:\/\/elfsight.com\/pt\/wp-json\/wp\/v2\/pages\/4072\/revisions"}],"predecessor-version":[{"id":14397,"href":"https:\/\/elfsight.com\/pt\/wp-json\/wp\/v2\/pages\/4072\/revisions\/14397"}],"up":[{"embeddable":true,"href":"https:\/\/elfsight.com\/pt\/wp-json\/wp\/v2\/pages\/815"}],"wp:attachment":[{"href":"https:\/\/elfsight.com\/pt\/wp-json\/wp\/v2\/media?parent=4072"}],"curies":[{"name":"wp","href":"https:\/\/api.w.org\/{rel}","templated":true}]}}