{"id":4071,"date":"2024-05-03T06:38:39","date_gmt":"2024-05-03T06:38:39","guid":{"rendered":"https:\/\/elfsight.com\/pt\/?page_id=4071"},"modified":"2025-02-11T10:01:10","modified_gmt":"2025-02-11T10:01:10","slug":"jquery","status":"publish","type":"page","link":"https:\/\/elfsight.com\/pt\/google-maps-widget\/jquery\/","title":{"rendered":"Google Maps &#8211; jQuery"},"content":{"rendered":"<div class=\"application-platform-content-item-description application-platform-content-item\" id=\"description\" data-nav-section=\"description\">\n<h2>Descri\u00e7\u00e3o<\/h2>\nUm instrumento universal e totalmente customizado com integra\u00e7\u00e3o descomplicada, o que torna muito mais f\u00e1cil para seus clientes encontrarem locais. Eficiente na capta\u00e7\u00e3o de clientes offline, r\u00e1pida integra\u00e7\u00e3o e personaliza\u00e7\u00e3o da interface o transformam em um dos melhores plugins para o seu site.\n\n<b>Consiga mais clientes offline usando os mapas interativos do seu site!<\/b>\n<ul>\n \t<li><b>Aproxime-se dos clientes<\/b>. Demonstre suas informa\u00e7\u00f5es de contato, que os clientes podem usar para entrar em contato com voc\u00ea ou encontr\u00e1-lo na realidade e on-line.<\/li>\n \t<li><b>Mostre um conjunto completo de seus locais no mapa <\/b>.Enrique\u00e7a seu mapa com lojas, locais de venda ou coleta de mercadorias e ajude seus usu\u00e1rios a encontrar o destino mais pr\u00f3ximo.<\/li>\n \t<li><b>Cria\u00e7\u00e3o autom\u00e1tica de rotas at\u00e9 sua localiza\u00e7\u00e3o<\/b>. N\u00e3o permita que os clientes fechem o seu site quando estiverem prontos para entrar em contato com voc\u00ea. Mostre o caminho para seus endere\u00e7os diretamente no mapa para cada cliente!<\/li>\n<\/ul>\n<\/div><div class=\"application-platform-content-item-features application-platform-content-item\" id=\"features\" data-nav-section=\"features\">\n<h2>Recursos<\/h2>\nQuais caracter\u00edsticas especiais tornam o mapa interativo do Elfsight jQuery o melhor plug-in para cada site?\n<ul>\n \t<li>Diversos marcadores de localiza\u00e7\u00e3o para mapa;<\/li>\n \t<li>Todos os recursos do Google Maps s\u00e3o suportados: camadas, tipos de mapa, controles;<\/li>\n \t<li>Editar o t\u00edtulo do painel de localiza\u00e7\u00e3o e escolha os elementos;<\/li>\n \t<li>mais de 50 marcadores de localiza\u00e7\u00e3o m\u00faltiplos;<\/li>\n \t<li>Editor pr\u00e1tico (sem necessidade de codifica\u00e7\u00e3o).<\/li>\n<\/ul>\n<a href=\"#demo\">Verifique todo o conjunto de fun\u00e7\u00f5es na demonstra\u00e7\u00e3o!<\/a><\/div><div class=\"application-platform-content-item-installation application-platform-content-item\" id=\"installation\" data-nav-section=\"installation\">\n<h2>Como incorporar o plug-in do Google Map ao site jQuery<\/h2>\nUm breve manual sobre como instalar mapas interativos responsivos por conta pr\u00f3pria local na rede Internet. Para fazer isso, voc\u00ea n\u00e3o precisa de um desenvolvedor nem de entender de codifica\u00e7\u00e3o. O tempo total de instala\u00e7\u00e3o \u00e9 de apenas 2 minutos.\n<ol>\n \t<li><b>Crie seu plug-in individual do Maps<\/b>. Usando nossa demonstra\u00e7\u00e3o gratuita, monte um plug-in com o modelo e as op\u00e7\u00f5es necess\u00e1rias.<\/li>\n \t<li><b>Obtenha um c\u00f3digo para adicionar o plugin ao site<\/b>. Ap\u00f3s o ajuste do widget, obtenha um c\u00f3digo para o mapa a partir da notifica\u00e7\u00e3o pop-up nas aplica\u00e7\u00f5es Elfsight.<\/li>\n \t<li><b>Exibir o plugin no site<\/b>.Incorpore o plug-in no local desejado do site e salve as altera\u00e7\u00f5es.<\/li>\n \t<li><b>A configura\u00e7\u00e3o est\u00e1 conclu\u00edda<\/b>. V\u00e1 para o seu site para verificar seu trabalho.<\/li>\n<\/ol>\nEnfrentou dificuldades ou problemas ao executar o tutorial ou gerar um mapa personalizado? Acesse nossa central de ajuda e teremos prazer em apoi\u00e1-lo na cria\u00e7\u00e3o e inser\u00e7\u00e3o de mapas em seu site.<\/div><div class=\"faq\" data-component=\"FAQ\"> <div class=\"faq-item\">\r\n\t\t\t\t\t<div class=\"faq-item-question\">\r\n\t\t\t\t\t\t<h3 class=\"faq-item-question-text\">Como adiciono o Google Maps para o site jQuery? <\/h3>\r\n\r\n\t\t\t\t\t\t<div class=\"faq-item-question-icon\"><\/div>\r\n\t\t\t\t\t<\/div>\r\n\r\n\t\t\t\t\t<div class=\"faq-item-answer\">\r\n\t\t\t\t\t\t<div class=\"faq-item-answer-text\">A constru\u00e7\u00e3o do widget acontece nas p\u00e1ginas da Elfsight e n\u00e3o h\u00e1 necessidade de aprender a codificar. Abra nossa demonstra\u00e7\u00e3o online para personalizar seu pr\u00f3prio widget, adquirir o c\u00f3digo e integr\u00e1-lo ao seu site.<\/div>\r\n\t\t\t\t\t<\/div>\r\n\t\t\t\t<\/div> <div class=\"faq-item\">\r\n\t\t\t\t\t<div class=\"faq-item-question\">\r\n\t\t\t\t\t\t<h3 class=\"faq-item-question-text\">As melhores maneiras de usar a integra\u00e7\u00e3o do Google Map<\/h3>\r\n\r\n\t\t\t\t\t\t<div class=\"faq-item-question-icon\"><\/div>\r\n\t\t\t\t\t<\/div>\r\n\r\n\t\t\t\t\t<div class=\"faq-item-answer\">\r\n\t\t\t\t\t\t<div class=\"faq-item-answer-text\">N\u00f3s lhe forneceremos muitas op\u00e7\u00f5es de ajuste: widgets em tamanho real para implementa\u00e7\u00e3o na se\u00e7\u00e3o de conte\u00fado, plug-ins flutuantes com oportunidades de rolagem, layouts para o rodap\u00e9 do seu site, cabe\u00e7alho e todos os tipos de oportunidades verticais para barras laterais e menus.<\/div>\r\n\t\t\t\t\t<\/div>\r\n\t\t\t\t<\/div> <div class=\"faq-item\">\r\n\t\t\t\t\t<div class=\"faq-item-question\">\r\n\t\t\t\t\t\t<h3 class=\"faq-item-question-text\">Posso criar uma localiza\u00e7\u00e3o ou mapa interativo por meio do editor? <\/h3>\r\n\r\n\t\t\t\t\t\t<div class=\"faq-item-question-icon\"><\/div>\r\n\t\t\t\t\t<\/div>\r\n\r\n\t\t\t\t\t<div class=\"faq-item-answer\">\r\n\t\t\t\t\t\t<div class=\"faq-item-answer-text\">Voc\u00ea pode fazer altera\u00e7\u00f5es em qualquer widget. H\u00e1 uma infinidade de layouts dispon\u00edveis no editor, e todos eles podem ser facilmente personalizados do jeito que voc\u00ea deseja.<\/div>\r\n\t\t\t\t\t<\/div>\r\n\t\t\t\t<\/div> <\/div>","protected":false},"excerpt":{"rendered":"","protected":false},"author":9,"featured_media":0,"parent":635,"menu_order":0,"comment_status":"closed","ping_status":"closed","template":"templates\/template-application-platform.php","meta":{"publish_to_discourse":"","publish_post_category":"","wpdc_auto_publish_overridden":"","wpdc_topic_tags":"","wpdc_pin_topic":"","wpdc_pin_until":"","discourse_post_id":"","discourse_permalink":"","wpdc_publishing_response":"","wpdc_publishing_error":"","footnotes":""},"class_list":["post-4071","page","type-page","status-publish","hentry"],"yoast_head":"<!-- This site is optimized with the Yoast SEO plugin v25.3.1 - https:\/\/yoast.com\/wordpress\/plugins\/seo\/ -->\n<title>Plug-in jQuery Google Map com marcadores e v\u00e1rios locais (2025)<\/title>\n<meta name=\"description\" content=\"Crie o melhor plugin do Google Map para site JQuery com marcadores e v\u00e1rios locais. Demonstre mapas interativos em seu site em apenas 3 minutos gratuitamente.\" \/>\n<meta name=\"robots\" content=\"index, follow, max-snippet:-1, max-image-preview:large, max-video-preview:-1\" \/>\n<link rel=\"canonical\" href=\"https:\/\/elfsight.com\/pt\/google-maps-widget\/jquery\/\" \/>\n<meta property=\"og:locale\" content=\"pt_PT\" \/>\n<meta property=\"og:type\" content=\"article\" \/>\n<meta property=\"og:title\" content=\"Plug-in jQuery Google Map com marcadores e v\u00e1rios locais (2025)\" \/>\n<meta property=\"og:description\" content=\"Crie o melhor plugin do Google Map para site JQuery com marcadores e v\u00e1rios locais. Demonstre mapas interativos em seu site em apenas 3 minutos gratuitamente.\" \/>\n<meta property=\"og:url\" content=\"https:\/\/elfsight.com\/pt\/google-maps-widget\/jquery\/\" \/>\n<meta property=\"og:site_name\" content=\"Elfsight PT\" \/>\n<meta property=\"article:modified_time\" content=\"2025-02-11T10:01:10+00:00\" \/>\n<meta name=\"twitter:card\" content=\"summary_large_image\" \/>\n<meta name=\"twitter:label1\" content=\"Tempo estimado de leitura\" \/>\n\t<meta name=\"twitter:data1\" content=\"3 minutos\" \/>\n<!-- \/ Yoast SEO plugin. -->","yoast_head_json":{"title":"Plug-in jQuery Google Map com marcadores e v\u00e1rios locais (2025)","description":"Crie o melhor plugin do Google Map para site JQuery com marcadores e v\u00e1rios locais. Demonstre mapas interativos em seu site em apenas 3 minutos gratuitamente.","robots":{"index":"index","follow":"follow","max-snippet":"max-snippet:-1","max-image-preview":"max-image-preview:large","max-video-preview":"max-video-preview:-1"},"canonical":"https:\/\/elfsight.com\/pt\/google-maps-widget\/jquery\/","og_locale":"pt_PT","og_type":"article","og_title":"Plug-in jQuery Google Map com marcadores e v\u00e1rios locais (2025)","og_description":"Crie o melhor plugin do Google Map para site JQuery com marcadores e v\u00e1rios locais. Demonstre mapas interativos em seu site em apenas 3 minutos gratuitamente.","og_url":"https:\/\/elfsight.com\/pt\/google-maps-widget\/jquery\/","og_site_name":"Elfsight PT","article_modified_time":"2025-02-11T10:01:10+00:00","twitter_card":"summary_large_image","twitter_misc":{"Tempo estimado de leitura":"3 minutos"},"schema":{"@context":"https:\/\/schema.org","@graph":[{"@type":"WebPage","@id":"https:\/\/elfsight.com\/pt\/google-maps-widget\/jquery\/","url":"https:\/\/elfsight.com\/pt\/google-maps-widget\/jquery\/","name":"Plug-in jQuery Google Map com marcadores e v\u00e1rios locais (2025)","isPartOf":{"@id":"https:\/\/elfsight.com\/pt\/#website"},"datePublished":"2024-05-03T06:38:39+00:00","dateModified":"2025-02-11T10:01:10+00:00","description":"Crie o melhor plugin do Google Map para site JQuery com marcadores e v\u00e1rios locais. Demonstre mapas interativos em seu site em apenas 3 minutos gratuitamente.","breadcrumb":{"@id":"https:\/\/elfsight.com\/pt\/google-maps-widget\/jquery\/#breadcrumb"},"inLanguage":"pt-PT","potentialAction":[{"@type":"ReadAction","target":["https:\/\/elfsight.com\/pt\/google-maps-widget\/jquery\/"]}]},{"@type":"BreadcrumbList","@id":"https:\/\/elfsight.com\/pt\/google-maps-widget\/jquery\/#breadcrumb","itemListElement":[{"@type":"ListItem","position":1,"name":"Home","item":"https:\/\/elfsight.com\/pt\/"},{"@type":"ListItem","position":2,"name":"Google Maps","item":"https:\/\/elfsight.com\/pt\/google-maps-widget\/"},{"@type":"ListItem","position":3,"name":"Google Maps &#8211; jQuery"}]},{"@type":"WebSite","@id":"https:\/\/elfsight.com\/pt\/#website","url":"https:\/\/elfsight.com\/pt\/","name":"Elfsight PT","description":"Just another Elfsight Sites site","potentialAction":[{"@type":"SearchAction","target":{"@type":"EntryPoint","urlTemplate":"https:\/\/elfsight.com\/pt\/?s={search_term_string}"},"query-input":{"@type":"PropertyValueSpecification","valueRequired":true,"valueName":"search_term_string"}}],"inLanguage":"pt-PT"}]}},"meta_box":{"industry":"","seo_heading":"","heading":"","description":"","cta_heading":"","cta_description":"","application":"634","h1":"Plug-in jQuery do Google Map","h1_caption":"Coloque v\u00e1rios locais, departamentos, marcadores e informa\u00e7\u00f5es sobre eles em um mapa interativo para manter contato com os clientes.","application_category":[],"applications_title":"","applications_request_title":"","applications_request_button_text":"","hero_text":"","hero_video":"","hero_video_schema_markup":"","selling_points_title":"","selling_points_caption":"","selling_points":[],"selling_points_cta_text":"","features_title":"","features":"","ed_cta_examples_text":"","ed_cta_examples_hidden":"","ed_cta_demo_text":"","ed_cta_demo_hidden":"","why_caption":"","why_editor_title":"","why_editor_text":"","why_team_title":"","why_team_text":"","why_service_title":"","why_service_text":"","template_catalog_visible":"0","template_catalog_title":"","template_catalog_text":"","template_catalog_categories_visible":"","demo_title":"Crie seu plug-in do Google Maps","demo_caption":"Configure seu Google Maps e adicione-o ao seu site jQuery gratuitamente!","default_faq_hidden":"","app_template_category":[],"platform":"55","template_public_id":"","codecanyon_url":"","codecanyon_item_id":"","codecanyon_price":"","pricing_caption":"","pricing_elfsight_apps_hide_column":"","pricing_elfsight_apps_url":"","pricing_codecanyon_price_caption":"","integration_category":[],"integration_request_title":"","integration_request_cta":"","integration_platform":"","integrations":[],"platform_category":[],"video_schema_markup":"","price":"a partir de US$ 0\/m\u00eas","trial":"","benefits":[{"text":"Servi\u00e7o de instala\u00e7\u00e3o gratuito"},{"text":"Suporte ao cliente experiente"},{"text":"Garantia de devolu\u00e7\u00e3o do dinheiro em 14 dias"},{"text":"Melhorias cont\u00ednuas"}],"button_url":"#demo","button_target_blank":"0","button_nofollow":"0","attributes":[{"name":"Instala\u00e7\u00f5es","content":"100,000 - 500,000","_state":"expanded"},{"name":"Responsivo","content":"Sim","_state":"expanded"},{"name":"Navegadores compat\u00edveis","content":"Firefox, Safari, Opera, Chrome, Edge"}],"tags":[],"tags_disable_links":"0","hide_more_platforms":"0","video_object":"","demo_hide_cta":"0","demo_hide_cloud_options":"0","pricing_title":"","pricing":[{"pricing_icon":"platform","pricing_title":"Elfsight Apps","pricing_title_caption":"Software independente de plataforma","pricing_price":"a partir de US$ 0\/m\u00eas","pricing_price_caption":"comece com um plano gratuito","pricing_benefits":[{"text":"Sites ilimitados"},{"text":"Suporte r\u00e1pido e pontual"},{"text":"Suporte r\u00e1pido e pontual"},{"text":"Totalmente personaliz\u00e1vel"}],"pricing_button_text":"Adicionar ao site","pricing_button_url":"#demo","_state":"expanded"}],"related_apps_title":"","related_apps_hidden":"1","author":"","image":[],"title":"","job":"","social_networks":[]},"_links":{"self":[{"href":"https:\/\/elfsight.com\/pt\/wp-json\/wp\/v2\/pages\/4071","targetHints":{"allow":["GET"]}}],"collection":[{"href":"https:\/\/elfsight.com\/pt\/wp-json\/wp\/v2\/pages"}],"about":[{"href":"https:\/\/elfsight.com\/pt\/wp-json\/wp\/v2\/types\/page"}],"author":[{"embeddable":true,"href":"https:\/\/elfsight.com\/pt\/wp-json\/wp\/v2\/users\/9"}],"replies":[{"embeddable":true,"href":"https:\/\/elfsight.com\/pt\/wp-json\/wp\/v2\/comments?post=4071"}],"version-history":[{"count":4,"href":"https:\/\/elfsight.com\/pt\/wp-json\/wp\/v2\/pages\/4071\/revisions"}],"predecessor-version":[{"id":13866,"href":"https:\/\/elfsight.com\/pt\/wp-json\/wp\/v2\/pages\/4071\/revisions\/13866"}],"up":[{"embeddable":true,"href":"https:\/\/elfsight.com\/pt\/wp-json\/wp\/v2\/pages\/635"}],"wp:attachment":[{"href":"https:\/\/elfsight.com\/pt\/wp-json\/wp\/v2\/media?parent=4071"}],"curies":[{"name":"wp","href":"https:\/\/api.w.org\/{rel}","templated":true}]}}