{"id":4068,"date":"2024-05-03T06:36:30","date_gmt":"2024-05-03T06:36:30","guid":{"rendered":"https:\/\/elfsight.com\/pt\/?page_id=4068"},"modified":"2025-02-28T10:51:59","modified_gmt":"2025-02-28T10:51:59","slug":"joomla","status":"publish","type":"page","link":"https:\/\/elfsight.com\/pt\/facebook-reviews-widget\/joomla\/","title":{"rendered":"Facebook Reviews &#8211; Joomla"},"content":{"rendered":"\n<div class=\"application-platform-content-item-description application-platform-content-item\" id=\"description\" data-nav-section=\"description\"><h2>Descri\u00e7\u00e3o<\/h2><p>Elfsight Facebook Reviews \u00e9 um meio simples de demonstrar avalia\u00e7\u00f5es da sua p\u00e1gina do Facebook no seu site e aumentar a confian\u00e7a em sua marca entre a clientela do site. Voc\u00ea pode aplicar filtro de coment\u00e1rios, exibir classifica\u00e7\u00e3o por estrelas, informa\u00e7\u00f5es do autor e um bot\u00e3o para deixar mais um coment\u00e1rio. Nosso widget de avalia\u00e7\u00f5es do Facebook inclui layouts e modelos de avalia\u00e7\u00e3o variados, elementos altern\u00e1veis \u200b\u200be cabe\u00e7alho adapt\u00e1vel para m\u00e1xima personaliza\u00e7\u00e3o. Com a ajuda de suas avalia\u00e7\u00f5es do Facebook no site, voc\u00ea obter\u00e1 altas avalia\u00e7\u00f5es, aumentar\u00e1 a confian\u00e7a e receber\u00e1 ainda mais avalia\u00e7\u00f5es.<\/p><p><b>Obtenha mais insights dos clientes mostrando avalia\u00e7\u00f5es do Facebook com call to action !<\/b><\/p><ul><li><b>Aumente o valor percebido de seus produtos mostrando as melhores avalia\u00e7\u00f5es<\/b><br> Use filtros para ocultar todas as avalia\u00e7\u00f5es negativas e deixar o p\u00fablico 100% seguro sobre o excel\u00eancia de suas ofertas.<\/li><li><b>Ganhe avalia\u00e7\u00f5es com o bot\u00e3o de call to action<\/b><br> Gra\u00e7as ao redirecionamento r\u00e1pido para sua p\u00e1gina do Facebook e ao atraente bot\u00e3o de call to action, voc\u00ea pode obtenha mais insights dos clientes.<\/li><li><b>Obtenha uma compreens\u00e3o mais clara de suas ofertas entre os usu\u00e1rios<\/b><br> Mostrar seus itens por meio da experi\u00eancia do usu\u00e1rio dos clientes ajudar\u00e1 os visitantes a entend\u00ea-los melhor.<\/li> <\/ul><\/div><div class=\"application-platform-content-item-features application-platform-content-item\" id=\"features\" data-nav-section=\"features\"><h2>Recursos<\/h2><p>Quais recursos tornam o plugin Elfsight o melhor para todos os sites Joomla? Estude nossas principais caracter\u00edsticas:<\/p><ul><li>Elementos altern\u00e1veis \u200b\u200bdo cabe\u00e7alho: classifica\u00e7\u00e3o e fotos dos revisores;<\/li><li>Tipos de layout de grade cl\u00e1ssico ou de alvenaria;<\/li><li>Escolha tipo de pagina\u00e7\u00e3o no layout Slider;<\/li><li>Mensagem de texto edit\u00e1vel ap\u00f3s nega\u00e7\u00e3o de solicita\u00e7\u00e3o de revis\u00e3o, com op\u00e7\u00f5es de formata\u00e7\u00e3o;<\/li><li>5 elementos pint\u00e1veis \u200b\u200bda interface: plano de fundo, texto de revis\u00e3o, links. Bot\u00e3o de solicita\u00e7\u00e3o de revis\u00e3o, classifica\u00e7\u00e3o;<\/li><\/ul><p><a href=\"#demo\">Verifique todos<\/a><\/p><\/div><div class=\"application-platform-content-item-installation application-platform-content-item\" id=\"installation\" data-nav-section=\"installation\"><h2>Como adicionar avalia\u00e7\u00f5es do Facebook ao site Joomla<\/h2><p>Basta seguir estas etapas apresentadas abaixo para ativar as avalia\u00e7\u00f5es do Facebook no Joomla.<\/p> <ol><li><b>Execute nosso editor gratuito e comece criando sua extens\u00e3o personalizada. <\/b><br> Especifique a forma preferida e as especifica\u00e7\u00f5es do plugin e aplique as corre\u00e7\u00f5es. <\/li> <li><b>Copie o seu c\u00f3digo pessoal que aparece no formul\u00e1rio especial nas aplica\u00e7\u00f5es Elfsight. <\/b><br> Logo ap\u00f3s a conclus\u00e3o da configura\u00e7\u00e3o de sua ferramenta pessoal, copie o c\u00f3digo individual do pop-up exibido e guarde-o para futuras ocasi\u00f5es. <\/li> <li><b>Inicie a utiliza\u00e7\u00e3o da extens\u00e3o em seu site Joomla. <\/b><br> Adicione o c\u00f3digo salvo recentemente em seu site e aplique as modifica\u00e7\u00f5es. <\/li> <li><b>A configura\u00e7\u00e3o foi totalmente executada. <\/b><br> Visite seu site para examinar o desempenho do widget. <\/li><\/ol><p>Est\u00e1 tendo dificuldades ou d\u00favidas ao seguir o tutorial ou configurar um plugin exclusivo? Escreva para o centro de suporte da Elfsight e teremos prazer em ajud\u00e1-lo a criar e exibir plugins em seu site.<\/p><div class=\"faq\" data-component=\"FAQ\"> <div class=\"faq-item\">\r\n\t\t\t\t\t<div class=\"faq-item-question\">\r\n\t\t\t\t\t\t<h3 class=\"faq-item-question-text\">Como posso adicionar coment\u00e1rios do Facebook ao meu site Joomla sem habilidades de codifica\u00e7\u00e3o?<\/h3>\r\n\r\n\t\t\t\t\t\t<div class=\"faq-item-question-icon\"><\/div>\r\n\t\t\t\t\t<\/div>\r\n\r\n\t\t\t\t\t<div class=\"faq-item-answer\">\r\n\t\t\t\t\t\t<div class=\"faq-item-answer-text\"> <p>A Elfsight fornece uma solu\u00e7\u00e3o SaaS que lhe permite criar voc\u00ea mesmo um widget de Avalia\u00e7\u00f5es do Facebook. Veja como o processo \u00e9 f\u00e1cil: Trabalhe diretamente no Editor online para criar um widget de Avalia\u00e7\u00f5es do Facebook que gostaria de ver no seu site Joomla. Escolha um dos modelos predefinidos e ajuste as configura\u00e7\u00f5es de Avalia\u00e7\u00f5es do Facebook, adicione seu conte\u00fado, altere o layout e as cores sem habilidades de codifica\u00e7\u00e3o. Salve as avalia\u00e7\u00f5es do Facebook e copie seu c\u00f3digo de instala\u00e7\u00e3o, que voc\u00ea pode adicionar facilmente ao seu site Joomla sem comprar uma vers\u00e3o paga. Com nosso editor intuitivo, qualquer usu\u00e1rio da Internet pode criar um widget de avalia\u00e7\u00f5es do Facebook online e incorpor\u00e1-lo facilmente em seu site Joomla. N\u00e3o h\u00e1 necessidade de pagar ou inserir as credenciais do seu cart\u00e3o para acessar o servi\u00e7o. Se voc\u00ea enfrentar qualquer problema em qualquer etapa, n\u00e3o hesite em entrar em contato com nossa equipe de suporte t\u00e9cnico.<\/p> <\/div>\r\n\t\t\t\t\t<\/div>\r\n\t\t\t\t<\/div> <\/div> <\/div>\n","protected":false},"excerpt":{"rendered":"","protected":false},"author":9,"featured_media":0,"parent":576,"menu_order":0,"comment_status":"closed","ping_status":"closed","template":"templates\/template-application-platform.php","meta":{"publish_to_discourse":"","publish_post_category":"","wpdc_auto_publish_overridden":"","wpdc_topic_tags":"","wpdc_pin_topic":"","wpdc_pin_until":"","discourse_post_id":"","discourse_permalink":"","wpdc_publishing_response":"","wpdc_publishing_error":"","footnotes":""},"class_list":["post-4068","page","type-page","status-publish","hentry"],"yoast_head":"<!-- This site is optimized with the Yoast SEO plugin v25.3.1 - https:\/\/yoast.com\/wordpress\/plugins\/seo\/ -->\n<title>A melhor extens\u00e3o de avalia\u00e7\u00f5es do Facebook para site Joomla (2025)<\/title>\n<meta name=\"description\" content=\"Teste a extens\u00e3o Elfsight Facebook Reviews para Joomla gratuitamente. Crie um widget exclusivo para o seu site em apenas alguns minutos!\" \/>\n<meta name=\"robots\" content=\"index, follow, max-snippet:-1, max-image-preview:large, max-video-preview:-1\" \/>\n<link rel=\"canonical\" href=\"https:\/\/elfsight.com\/pt\/facebook-reviews-widget\/joomla\/\" \/>\n<meta property=\"og:locale\" content=\"pt_PT\" \/>\n<meta property=\"og:type\" content=\"article\" \/>\n<meta property=\"og:title\" content=\"A melhor extens\u00e3o de avalia\u00e7\u00f5es do Facebook para site Joomla (2025)\" \/>\n<meta property=\"og:description\" content=\"Teste a extens\u00e3o Elfsight Facebook Reviews para Joomla gratuitamente. Crie um widget exclusivo para o seu site em apenas alguns minutos!\" \/>\n<meta property=\"og:url\" content=\"https:\/\/elfsight.com\/pt\/facebook-reviews-widget\/joomla\/\" \/>\n<meta property=\"og:site_name\" content=\"Elfsight PT\" \/>\n<meta property=\"article:modified_time\" content=\"2025-02-28T10:51:59+00:00\" \/>\n<meta name=\"twitter:card\" content=\"summary_large_image\" \/>\n<meta name=\"twitter:label1\" content=\"Tempo estimado de leitura\" \/>\n\t<meta name=\"twitter:data1\" content=\"4 minutos\" \/>\n<!-- \/ Yoast SEO plugin. -->","yoast_head_json":{"title":"A melhor extens\u00e3o de avalia\u00e7\u00f5es do Facebook para site Joomla (2025)","description":"Teste a extens\u00e3o Elfsight Facebook Reviews para Joomla gratuitamente. Crie um widget exclusivo para o seu site em apenas alguns minutos!","robots":{"index":"index","follow":"follow","max-snippet":"max-snippet:-1","max-image-preview":"max-image-preview:large","max-video-preview":"max-video-preview:-1"},"canonical":"https:\/\/elfsight.com\/pt\/facebook-reviews-widget\/joomla\/","og_locale":"pt_PT","og_type":"article","og_title":"A melhor extens\u00e3o de avalia\u00e7\u00f5es do Facebook para site Joomla (2025)","og_description":"Teste a extens\u00e3o Elfsight Facebook Reviews para Joomla gratuitamente. Crie um widget exclusivo para o seu site em apenas alguns minutos!","og_url":"https:\/\/elfsight.com\/pt\/facebook-reviews-widget\/joomla\/","og_site_name":"Elfsight PT","article_modified_time":"2025-02-28T10:51:59+00:00","twitter_card":"summary_large_image","twitter_misc":{"Tempo estimado de leitura":"4 minutos"},"schema":{"@context":"https:\/\/schema.org","@graph":[{"@type":"WebPage","@id":"https:\/\/elfsight.com\/pt\/facebook-reviews-widget\/joomla\/","url":"https:\/\/elfsight.com\/pt\/facebook-reviews-widget\/joomla\/","name":"A melhor extens\u00e3o de avalia\u00e7\u00f5es do Facebook para site Joomla (2025)","isPartOf":{"@id":"https:\/\/elfsight.com\/pt\/#website"},"datePublished":"2024-05-03T06:36:30+00:00","dateModified":"2025-02-28T10:51:59+00:00","description":"Teste a extens\u00e3o Elfsight Facebook Reviews para Joomla gratuitamente. Crie um widget exclusivo para o seu site em apenas alguns minutos!","breadcrumb":{"@id":"https:\/\/elfsight.com\/pt\/facebook-reviews-widget\/joomla\/#breadcrumb"},"inLanguage":"pt-PT","potentialAction":[{"@type":"ReadAction","target":["https:\/\/elfsight.com\/pt\/facebook-reviews-widget\/joomla\/"]}]},{"@type":"BreadcrumbList","@id":"https:\/\/elfsight.com\/pt\/facebook-reviews-widget\/joomla\/#breadcrumb","itemListElement":[{"@type":"ListItem","position":1,"name":"Home","item":"https:\/\/elfsight.com\/pt\/"},{"@type":"ListItem","position":2,"name":"Facebook Reviews","item":"https:\/\/elfsight.com\/pt\/facebook-reviews-widget\/"},{"@type":"ListItem","position":3,"name":"Facebook Reviews &#8211; Joomla"}]},{"@type":"WebSite","@id":"https:\/\/elfsight.com\/pt\/#website","url":"https:\/\/elfsight.com\/pt\/","name":"Elfsight PT","description":"Just another Elfsight Sites site","potentialAction":[{"@type":"SearchAction","target":{"@type":"EntryPoint","urlTemplate":"https:\/\/elfsight.com\/pt\/?s={search_term_string}"},"query-input":{"@type":"PropertyValueSpecification","valueRequired":true,"valueName":"search_term_string"}}],"inLanguage":"pt-PT"}]}},"meta_box":{"industry":"","seo_heading":"","heading":"","description":"","cta_heading":"","cta_description":"","application":"575","h1":"Extens\u00e3o Joomla Facebook Reviews","h1_caption":"Divulgue suas avalia\u00e7\u00f5es do Facebook no site sem esfor\u00e7o!","application_category":[],"applications_title":"","applications_request_title":"","applications_request_button_text":"","hero_text":"","hero_video":"","hero_video_schema_markup":"","selling_points_title":"","selling_points_caption":"","selling_points":[],"selling_points_cta_text":"","features_title":"","features":"","ed_cta_examples_text":"","ed_cta_examples_hidden":"","ed_cta_demo_text":"","ed_cta_demo_hidden":"","why_caption":"","why_editor_title":"","why_editor_text":"","why_team_title":"","why_team_text":"","why_service_title":"","why_service_text":"","template_catalog_visible":"0","template_catalog_title":"","template_catalog_text":"","template_catalog_categories_visible":"","demo_title":"Crie seu plugin de avalia\u00e7\u00f5es do Facebook","demo_caption":"Configure suas avalia\u00e7\u00f5es do Facebook e adicione-as ao seu site Joomla gratuitamente!","default_faq_hidden":"","app_template_category":[],"platform":"52","template_public_id":"","codecanyon_url":"","codecanyon_item_id":"","codecanyon_price":"","pricing_caption":"","pricing_elfsight_apps_hide_column":"","pricing_elfsight_apps_url":"","pricing_codecanyon_price_caption":"","integration_category":[],"integration_request_title":"","integration_request_cta":"","integration_platform":"","integrations":[],"platform_category":[],"video_schema_markup":"","price":"a partir de US$ 0\/m\u00eas","trial":"","benefits":[{"text":"Assist\u00eancia de instala\u00e7\u00e3o gratuita"},{"text":"Atendimento ao cliente profissional"},{"text":"Garantia de devolu\u00e7\u00e3o do dinheiro em 14 dias"},{"text":"Melhorias regulares"}],"button_url":"#demo","button_target_blank":"0","button_nofollow":"0","attributes":[{"name":"Instala\u00e7\u00f5es","content":"10,000 - 100,000","_state":"expanded"},{"name":"Responsivo","content":"Sim","_state":"expanded"},{"name":"Navegadores compat\u00edveis","content":"IE11, Firefox, Safari, Opera, Chrome, Edge"}],"tags":[],"tags_disable_links":"0","hide_more_platforms":"0","video_object":"","demo_hide_cta":"0","demo_hide_cloud_options":"0","pricing_title":"","pricing":[{"pricing_icon":"platform","pricing_title":"Elfsight Apps","pricing_title_caption":"Software multiplataforma","pricing_price":"a partir de US$ 0\/m\u00eas","pricing_price_caption":"comece com plano gratuito","pricing_benefits":[{"text":"Dom\u00ednios ilimitados"},{"text":"Suporte gratuito"},{"text":"Suporte gratuito"},{"text":"Pre\u00e7o a ser pago para v\u00e1rios aplicativos"}],"pricing_button_text":"Adicionar ao site","pricing_button_url":"#demo","_state":"expanded"}],"related_apps_title":"","related_apps_hidden":"1","author":"","image":[],"title":"","job":"","social_networks":[]},"_links":{"self":[{"href":"https:\/\/elfsight.com\/pt\/wp-json\/wp\/v2\/pages\/4068","targetHints":{"allow":["GET"]}}],"collection":[{"href":"https:\/\/elfsight.com\/pt\/wp-json\/wp\/v2\/pages"}],"about":[{"href":"https:\/\/elfsight.com\/pt\/wp-json\/wp\/v2\/types\/page"}],"author":[{"embeddable":true,"href":"https:\/\/elfsight.com\/pt\/wp-json\/wp\/v2\/users\/9"}],"replies":[{"embeddable":true,"href":"https:\/\/elfsight.com\/pt\/wp-json\/wp\/v2\/comments?post=4068"}],"version-history":[{"count":3,"href":"https:\/\/elfsight.com\/pt\/wp-json\/wp\/v2\/pages\/4068\/revisions"}],"predecessor-version":[{"id":14109,"href":"https:\/\/elfsight.com\/pt\/wp-json\/wp\/v2\/pages\/4068\/revisions\/14109"}],"up":[{"embeddable":true,"href":"https:\/\/elfsight.com\/pt\/wp-json\/wp\/v2\/pages\/576"}],"wp:attachment":[{"href":"https:\/\/elfsight.com\/pt\/wp-json\/wp\/v2\/media?parent=4068"}],"curies":[{"name":"wp","href":"https:\/\/api.w.org\/{rel}","templated":true}]}}