{"id":4064,"date":"2024-05-03T06:36:41","date_gmt":"2024-05-03T06:36:41","guid":{"rendered":"https:\/\/elfsight.com\/pt\/?page_id=4064"},"modified":"2025-03-06T08:54:15","modified_gmt":"2025-03-06T08:54:15","slug":"iframe","status":"publish","type":"page","link":"https:\/\/elfsight.com\/pt\/accordion-faq-widget\/iframe\/","title":{"rendered":"FAQ &#8211; iFrame"},"content":{"rendered":"\n<div class=\"application-platform-content-item-description application-platform-content-item\" id=\"description\" data-nav-section=\"description\"><h2>Incorpore FAQ no iFrame com o widget Elfsight<\/h2><p>Nosso FAQ \u00e9 um plugin eficaz e f\u00e1cil de aplicar e configurar para definir e mostre uma unidade das perguntas mais solicitadas com respostas em seu site. Um plug-in adapt\u00e1vel com design responsivo oferece a oportunidade de compartilhar os dados mais detalhados sobre seus servi\u00e7os, destacar os aspectos positivos do produto e eliminar qualquer tipo de suspeita, que pode impedir os usu\u00e1rios de fazer uma compra.<\/p><p><b>Forne\u00e7a as respostas \u00e0s perguntas dos seus clientes e aumente a convers\u00e3o no site!<\/b><\/p><p><b>Combata todas as descren\u00e7as dos seus visitantes e aumente a sua receita<\/b><br> Forne\u00e7a informa\u00e7\u00f5es extensas sobre o seu bens ou servi\u00e7os aos seus poss\u00edveis usu\u00e1rios, para eliminar quaisquer d\u00favidas e aumentar a receita no site.<\/p><p>Alcance a percep\u00e7\u00e3o correta de seus produtos ou servi\u00e7os pelos clientes<br> Combata as cren\u00e7as e d\u00favidas mais populares relacionadas ao seu neg\u00f3cio, com a ajuda de respostas completas e f\u00e1ceis de entender.<\/p><p><b>Responda imediatamente a quaisquer perguntas de seus clientes<\/b><br> Ajude seus clientes a encontrar as informa\u00e7\u00f5es mais \u00fateis sobre seus produtos ou servi\u00e7os e responda \u00e0s perguntas antes que elas apare\u00e7am.<\/p><\/div><div class=\"application-platform-content-item-features application-platform-content-item\" id=\"features\" data-nav-section=\"features\"><h2>Principais recursos do widget FAQ<\/h2><p>Os principais aspectos do plugin Elfsight, que permitem isso para se tornar a ferramenta mais pr\u00e1tica para adicionar perguntas frequentes no site iFrame.<\/p><ul><li>36 \u00edcones predefinidos para categorias;<\/li><li>Adicionar e excluir categorias;<\/li><li>Html no texto suportado;<\/li><li>Suporte ao cliente oportuno e profissional.<\/li><\/ul><p><a href=\"#demo\">Veja todos<\/a><\/p><\/div><div class=\"application-platform-content-item-installation application-platform-content-item\" id=\"installation\" data-nav-section=\"installation\"><h2>Como adicionar o plugin FAQ ao site iFrame<\/h2><p>Configure um plugin com a ajuda de nosso pequeno guia. Voc\u00ea n\u00e3o precisa ter conhecimento em programa\u00e7\u00e3o web, nem contratar um desenvolvedor. A dura\u00e7\u00e3o m\u00e9dia de adi\u00e7\u00e3o \u00e9 de apenas 80 segundos.<\/p><ol><li><b>Gere seu plugin de FAQ exclusivo<\/b><br> Em nossa demonstra\u00e7\u00e3o gratuita, crie um plugin com layout e fun\u00e7\u00f5es preferidos.<\/li><li><b>Receba o c\u00f3digo pessoal para publicar o plugin<\/b><br> Depois de criar o seu plugin, voc\u00ea obter\u00e1 o c\u00f3digo exclusivo da notifica\u00e7\u00e3o que aparece nos aplicativos da Elfsight. Copie-o.<\/li> <li><b> Implemente o plugin no seu site iFrame<\/b><br> V\u00e1 para a \u00e1rea onde voc\u00ea precisa integrar o plugin e cole o c\u00f3digo copiado l\u00e1. Aplique as edi\u00e7\u00f5es.<\/li> <li><b>Parab\u00e9ns! Voc\u00ea acabou de publicar o plugin!<\/b><br> Entre no site para visualizar seu plugin.<\/li> <\/ol><p>Acha dif\u00edcil implementar o manual? Entre em contato com nosso servi\u00e7o de suporte ou leia uma variante extensa do guia e fa\u00e7a a configura\u00e7\u00e3o por conta pr\u00f3pria.<\/p><div class=\"faq\" data-component=\"FAQ\"><div class=\"faq-item\">\r\n\t\t\t\t\t<div class=\"faq-item-question\">\r\n\t\t\t\t\t\t<h3 class=\"faq-item-question-text\">Como adicionar FAQ ao meu site iFrame sem habilidades de codifica\u00e7\u00e3o?<\/h3>\r\n\r\n\t\t\t\t\t\t<div class=\"faq-item-question-icon\"><\/div>\r\n\t\t\t\t\t<\/div>\r\n\r\n\t\t\t\t\t<div class=\"faq-item-answer\">\r\n\t\t\t\t\t\t<div class=\"faq-item-answer-text\"> &lt; A Elfsight fornece uma solu\u00e7\u00e3o SaaS que lhe permite criar voc\u00ea mesmo um widget de FAQ. Veja como \u00e9 f\u00e1cil o processo: Trabalhe diretamente no Editor online para criar um widget de FAQ que gostaria de ver no seu site iFrame. Escolha um dos modelos predefinidos e ajuste as configura\u00e7\u00f5es do FAQ, adicione seu conte\u00fado, altere o layout e as cores sem habilidades de codifica\u00e7\u00e3o. Salve o FAQ e copie seu c\u00f3digo de instala\u00e7\u00e3o, que voc\u00ea pode incluir facilmente em seu site iFrame sem a necessidade de comprar uma vers\u00e3o paga. Com nosso editor intuitivo, qualquer usu\u00e1rio da Internet pode criar um widget de FAQ on-line e incorpor\u00e1-lo facilmente ao seu site iFrame. N\u00e3o h\u00e1 necessidade de pagar ou inserir as credenciais do seu cart\u00e3o para acessar o servi\u00e7o. Se voc\u00ea enfrentar qualquer problema em qualquer etapa, n\u00e3o hesite em entrar em contato com nossa equipe de suporte t\u00e9cnico.<\/p> <\/div>\r\n\t\t\t\t\t<\/div>\r\n\t\t\t\t<\/div> <\/div><\/div>\n","protected":false},"excerpt":{"rendered":"","protected":false},"author":9,"featured_media":0,"parent":815,"menu_order":0,"comment_status":"closed","ping_status":"closed","template":"templates\/template-application-platform.php","meta":{"publish_to_discourse":"","publish_post_category":"","wpdc_auto_publish_overridden":"","wpdc_topic_tags":"","wpdc_pin_topic":"","wpdc_pin_until":"","discourse_post_id":"","discourse_permalink":"","wpdc_publishing_response":"","wpdc_publishing_error":"","footnotes":""},"class_list":["post-4064","page","type-page","status-publish","hentry"],"yoast_head":"<!-- This site is optimized with the Yoast SEO plugin v25.3.1 - https:\/\/yoast.com\/wordpress\/plugins\/seo\/ -->\n<title>Plugin iFrame FAQ para o seu site (gratuito e r\u00e1pido)<\/title>\n<meta name=\"description\" content=\"Construa seu plugin especial de FAQ para site iFrame em apenas alguns minutos. Use a demonstra\u00e7\u00e3o para criar seu pr\u00f3prio plugin da Elfsight, totalmente gratuito.\" \/>\n<meta name=\"robots\" content=\"index, follow, max-snippet:-1, max-image-preview:large, max-video-preview:-1\" \/>\n<link rel=\"canonical\" href=\"https:\/\/elfsight.com\/pt\/accordion-faq-widget\/iframe\/\" \/>\n<meta property=\"og:locale\" content=\"pt_PT\" \/>\n<meta property=\"og:type\" content=\"article\" \/>\n<meta property=\"og:title\" content=\"Plugin iFrame FAQ para o seu site (gratuito e r\u00e1pido)\" \/>\n<meta property=\"og:description\" content=\"Construa seu plugin especial de FAQ para site iFrame em apenas alguns minutos. Use a demonstra\u00e7\u00e3o para criar seu pr\u00f3prio plugin da Elfsight, totalmente gratuito.\" \/>\n<meta property=\"og:url\" content=\"https:\/\/elfsight.com\/pt\/accordion-faq-widget\/iframe\/\" \/>\n<meta property=\"og:site_name\" content=\"Elfsight PT\" \/>\n<meta property=\"article:modified_time\" content=\"2025-03-06T08:54:15+00:00\" \/>\n<meta name=\"twitter:card\" content=\"summary_large_image\" \/>\n<meta name=\"twitter:label1\" content=\"Tempo estimado de leitura\" \/>\n\t<meta name=\"twitter:data1\" content=\"3 minutos\" \/>\n<!-- \/ Yoast SEO plugin. -->","yoast_head_json":{"title":"Plugin iFrame FAQ para o seu site (gratuito e r\u00e1pido)","description":"Construa seu plugin especial de FAQ para site iFrame em apenas alguns minutos. Use a demonstra\u00e7\u00e3o para criar seu pr\u00f3prio plugin da Elfsight, totalmente gratuito.","robots":{"index":"index","follow":"follow","max-snippet":"max-snippet:-1","max-image-preview":"max-image-preview:large","max-video-preview":"max-video-preview:-1"},"canonical":"https:\/\/elfsight.com\/pt\/accordion-faq-widget\/iframe\/","og_locale":"pt_PT","og_type":"article","og_title":"Plugin iFrame FAQ para o seu site (gratuito e r\u00e1pido)","og_description":"Construa seu plugin especial de FAQ para site iFrame em apenas alguns minutos. Use a demonstra\u00e7\u00e3o para criar seu pr\u00f3prio plugin da Elfsight, totalmente gratuito.","og_url":"https:\/\/elfsight.com\/pt\/accordion-faq-widget\/iframe\/","og_site_name":"Elfsight PT","article_modified_time":"2025-03-06T08:54:15+00:00","twitter_card":"summary_large_image","twitter_misc":{"Tempo estimado de leitura":"3 minutos"},"schema":{"@context":"https:\/\/schema.org","@graph":[{"@type":"WebPage","@id":"https:\/\/elfsight.com\/pt\/accordion-faq-widget\/iframe\/","url":"https:\/\/elfsight.com\/pt\/accordion-faq-widget\/iframe\/","name":"Plugin iFrame FAQ para o seu site (gratuito e r\u00e1pido)","isPartOf":{"@id":"https:\/\/elfsight.com\/pt\/#website"},"datePublished":"2024-05-03T06:36:41+00:00","dateModified":"2025-03-06T08:54:15+00:00","description":"Construa seu plugin especial de FAQ para site iFrame em apenas alguns minutos. Use a demonstra\u00e7\u00e3o para criar seu pr\u00f3prio plugin da Elfsight, totalmente gratuito.","breadcrumb":{"@id":"https:\/\/elfsight.com\/pt\/accordion-faq-widget\/iframe\/#breadcrumb"},"inLanguage":"pt-PT","potentialAction":[{"@type":"ReadAction","target":["https:\/\/elfsight.com\/pt\/accordion-faq-widget\/iframe\/"]}]},{"@type":"BreadcrumbList","@id":"https:\/\/elfsight.com\/pt\/accordion-faq-widget\/iframe\/#breadcrumb","itemListElement":[{"@type":"ListItem","position":1,"name":"Home","item":"https:\/\/elfsight.com\/pt\/"},{"@type":"ListItem","position":2,"name":"FAQ","item":"https:\/\/elfsight.com\/pt\/accordion-faq-widget\/"},{"@type":"ListItem","position":3,"name":"FAQ &#8211; iFrame"}]},{"@type":"WebSite","@id":"https:\/\/elfsight.com\/pt\/#website","url":"https:\/\/elfsight.com\/pt\/","name":"Elfsight PT","description":"Just another Elfsight Sites site","potentialAction":[{"@type":"SearchAction","target":{"@type":"EntryPoint","urlTemplate":"https:\/\/elfsight.com\/pt\/?s={search_term_string}"},"query-input":{"@type":"PropertyValueSpecification","valueRequired":true,"valueName":"search_term_string"}}],"inLanguage":"pt-PT"}]}},"meta_box":{"industry":"","seo_heading":"","heading":"","description":"","cta_heading":"","cta_description":"","application":"814","h1":"Plug-in de perguntas frequentes do iFrame","h1_caption":"Diminua o tempo e o custo do suporte ao cliente em at\u00e9 55%","application_category":[],"applications_title":"","applications_request_title":"","applications_request_button_text":"","hero_text":"","hero_video":"","hero_video_schema_markup":"","selling_points_title":"","selling_points_caption":"","selling_points":[],"selling_points_cta_text":"","features_title":"","features":"","ed_cta_examples_text":"","ed_cta_examples_hidden":"","ed_cta_demo_text":"","ed_cta_demo_hidden":"","why_caption":"","why_editor_title":"","why_editor_text":"","why_team_title":"","why_team_text":"","why_service_title":"","why_service_text":"","template_catalog_visible":"0","template_catalog_title":"","template_catalog_text":"","template_catalog_categories_visible":"","demo_title":"Crie seu widget de perguntas frequentes","demo_caption":"Configure seu FAQ e adicione-o ao seu site iFrame gratuitamente!","default_faq_hidden":"","app_template_category":[],"platform":"4911","template_public_id":"","codecanyon_url":"","codecanyon_item_id":"","codecanyon_price":"","pricing_caption":"","pricing_elfsight_apps_hide_column":"","pricing_elfsight_apps_url":"","pricing_codecanyon_price_caption":"","integration_category":[],"integration_request_title":"","integration_request_cta":"","integration_platform":"","integrations":[],"platform_category":[],"video_schema_markup":"","price":"a partir de US$ 0\/m\u00eas","trial":"","benefits":[{"text":"Ajuda de instala\u00e7\u00e3o gratuita"},{"text":"Atendimento ao cliente profissional"},{"text":"Garantia de devolu\u00e7\u00e3o do dinheiro em 14 dias"},{"text":"Atualiza\u00e7\u00f5es cont\u00ednuas"}],"button_url":"#demo","button_target_blank":"0","button_nofollow":"0","attributes":[{"name":"Instala\u00e7\u00f5es","content":"10,000 - 100,000","_state":"expanded"},{"name":"Responsivo","content":"Sim","_state":"expanded"},{"name":"Navegadores compat\u00edveis","content":"Chrome, Safari, Firefox, Opera, Edge"}],"tags":[],"tags_disable_links":"0","hide_more_platforms":"0","video_object":"","demo_hide_cta":"0","demo_hide_cloud_options":"0","pricing_title":"","pricing":[{"pricing_icon":"platform","pricing_title":"Elfsight Apps","pricing_title_caption":"Software multiplataforma que se adapta a qualquer site","pricing_price":"a partir de US$ 0\/m\u00eas","pricing_price_caption":"comece com plano gratuito","pricing_benefits":[{"text":"Dom\u00ednios ilimitados"},{"text":"Suporte profissional e pontual"},{"text":"Suporte profissional e pontual"},{"text":"Pre\u00e7o especial para v\u00e1rios aplicativos"}],"pricing_button_text":"Adicionar ao site","pricing_button_url":"#demo","_state":"expanded"}],"related_apps_title":"","related_apps_hidden":"1","author":"","image":[],"title":"","job":"","social_networks":[]},"_links":{"self":[{"href":"https:\/\/elfsight.com\/pt\/wp-json\/wp\/v2\/pages\/4064","targetHints":{"allow":["GET"]}}],"collection":[{"href":"https:\/\/elfsight.com\/pt\/wp-json\/wp\/v2\/pages"}],"about":[{"href":"https:\/\/elfsight.com\/pt\/wp-json\/wp\/v2\/types\/page"}],"author":[{"embeddable":true,"href":"https:\/\/elfsight.com\/pt\/wp-json\/wp\/v2\/users\/9"}],"replies":[{"embeddable":true,"href":"https:\/\/elfsight.com\/pt\/wp-json\/wp\/v2\/comments?post=4064"}],"version-history":[{"count":3,"href":"https:\/\/elfsight.com\/pt\/wp-json\/wp\/v2\/pages\/4064\/revisions"}],"predecessor-version":[{"id":14400,"href":"https:\/\/elfsight.com\/pt\/wp-json\/wp\/v2\/pages\/4064\/revisions\/14400"}],"up":[{"embeddable":true,"href":"https:\/\/elfsight.com\/pt\/wp-json\/wp\/v2\/pages\/815"}],"wp:attachment":[{"href":"https:\/\/elfsight.com\/pt\/wp-json\/wp\/v2\/media?parent=4064"}],"curies":[{"name":"wp","href":"https:\/\/api.w.org\/{rel}","templated":true}]}}