{"id":4062,"date":"2024-05-03T06:38:48","date_gmt":"2024-05-03T06:38:48","guid":{"rendered":"https:\/\/elfsight.com\/pt\/?page_id=4062"},"modified":"2025-02-11T09:57:40","modified_gmt":"2025-02-11T09:57:40","slug":"joomla","status":"publish","type":"page","link":"https:\/\/elfsight.com\/pt\/google-maps-widget\/joomla\/","title":{"rendered":"Google Maps &#8211; Joomla"},"content":{"rendered":"\n<div class=\"application-platform-content-item-description application-platform-content-item\" id=\"description\" data-nav-section=\"description\"><h2>Descri\u00e7\u00e3o<\/h2><p>A extens\u00e3o universal, totalmente personalizada e de f\u00e1cil instala\u00e7\u00e3o torna muito mais f\u00e1cil para seus clientes pesquisar locais no mapa. Atrair mais clientes offline, f\u00e1cil integra\u00e7\u00e3o e configura\u00e7\u00e3o fazem dele uma das melhores ferramentas para o seu site Joomla.<\/p><p><b>Gere mais clientes offline com a ajuda dos melhores mapas do seu site!<\/b><\/p><ul> <li><b>Fortale\u00e7a a intera\u00e7\u00e3o de seus clientes com mapas<\/b>. Projete seu mapa para ser \u00fatil aos visitantes e exiba-o em seu site, para que os clientes possam usar seus dados de contato de maneira eficiente.<\/li> <li><b>Procure e conquiste compradores regionais<\/b>. Mostre seu local para que os clientes entendam que voc\u00ea est\u00e1 por perto e que eles possam chegar rapidamente ao seu escrit\u00f3rio.<\/li> <li><b>N\u00e3o traga seu esfor\u00e7o na constru\u00e7\u00e3o de mapas<\/b>. Todas as configura\u00e7\u00f5es s\u00e3o abertas com apenas alguns cliques do mouse, gerando o mapa produtivo m\u00e1ximo para o seu site em apenas alguns segundos.<\/li><\/ul><\/div><div class=\"application-platform-content-item-features application-platform-content-item\" id=\"features\" data-nav-section=\"features\"> <h2>Recursos<\/h2>Quais caracter\u00edsticas especiais tornam o mapa Elfsight o melhor para o seu site Joomla?<ul> <li>Diversos marcadores de localiza\u00e7\u00e3o para mapas interativos;<\/li> <li>4 tipos de mapas: Roteiro, Sat\u00e9lite, H\u00edbrido , Terreno;<\/li> <li>Mostrar\/ocultar painel de localiza\u00e7\u00e3o para listar v\u00e1rios departamentos;<\/li> <li>Arrastar e rolar comut\u00e1veis \u200b\u200bpara dimensionamento;<\/li> <li>Mais de 60 idiomas suportados.<\/li> <\/ul><a href=\"#demo\">Veja o conjunto completo de caracter\u00edsticas no editor!<\/a><\/div><div class=\"application-platform-content-item-installation application-platform-content-item\" id=\"installation\" data-nav-section=\"installation\"><h2>Como adicionar a extens\u00e3o do Google Maps ao site Joomla <\/h2><div class=\"video-container\"><iframe width=\"720\" height=\"405\" src=\"https:\/\/www.youtube.com\/embed\/WIxFpRvG5Q0\" frameborder=\"0\" allowfullscreen=\"\"><\/iframe><\/div>Basta seguir os seguintes passos apresentados abaixo para incorporar a extens\u00e3o no Joomla.<ol> <li><b>Realize nossa demonstra\u00e7\u00e3o gratuita e comece a moldar seu plugin personalizado. <\/b>Especifique o design e as funcionalidades preferidas da extens\u00e3o Maps e guarde as edi\u00e7\u00f5es.<\/li> <li><b>Receba o seu c\u00f3digo pessoal exposto no formul\u00e1rio especial nas aplica\u00e7\u00f5es Elfsight. <\/b>Quando a configura\u00e7\u00e3o da sua extens\u00e3o pessoal terminar, copie o c\u00f3digo pessoal no pop-up exibido e salve-o para uso posterior.<\/li> <li><b>Entre usando a ferramenta no seu site Joomla. <\/b>Coloque o c\u00f3digo salvo anteriormente em seu site e aplique as modifica\u00e7\u00f5es.<\/li> <li><b>Pronto! A incorpora\u00e7\u00e3o foi realizada com sucesso. <\/b>Visite seu site para avaliar o desempenho da extens\u00e3o.<\/li><\/ol>Est\u00e1 enfrentando dificuldades ou d\u00favidas ao seguir o tutorial ou configurar o mapa pessoal? Leia o guia detalhado \u00ab<a href=\"https:\/\/elfsight.com\/tutorials\/how-to-add-google-maps-builder-to-joomla\/\" target=\"_blank\" rel=\"noopener noreferrer\">Como adicionar um mapa no site Joomla<\/a>\u00bb ou escreva para o suporte ao cliente e a Elfsight ter\u00e1 prazer em aconselh\u00e1-lo na gera\u00e7\u00e3o e adi\u00e7\u00e3o de mapas no seu site.<div class=\"faq\" data-component=\"FAQ\"><div class=\"faq-item\">\r\n\t\t\t\t\t<div class=\"faq-item-question\">\r\n\t\t\t\t\t\t<h3 class=\"faq-item-question-text\">Como posso adicionar o Google Maps ao meu Joomla site sem habilidades de codifica\u00e7\u00e3o?<\/h3>\r\n\r\n\t\t\t\t\t\t<div class=\"faq-item-question-icon\"><\/div>\r\n\t\t\t\t\t<\/div>\r\n\r\n\t\t\t\t\t<div class=\"faq-item-answer\">\r\n\t\t\t\t\t\t<div class=\"faq-item-answer-text\"> <p>A Elfsight fornece uma solu\u00e7\u00e3o SaaS que permite que voc\u00ea mesmo crie um widget do Google Maps. Veja como o processo \u00e9 f\u00e1cil: Trabalhe diretamente no Editor on-line para criar um widget do Google Maps que voc\u00ea gostaria de ver no seu site Joomla. Escolha um dos modelos predefinidos e ajuste as configura\u00e7\u00f5es do Google Maps, adicione seu conte\u00fado, altere o layout e as cores sem nenhuma habilidade de codifica\u00e7\u00e3o. Salve o Google Maps e copie seu c\u00f3digo de instala\u00e7\u00e3o, que voc\u00ea pode incluir facilmente em seu site Joomla sem comprar uma assinatura paga. Com nosso editor intuitivo, qualquer usu\u00e1rio da Internet pode criar um widget do Google Maps online e incorpor\u00e1-lo facilmente ao seu site Joomla. N\u00e3o h\u00e1 necessidade de pagar ou inserir as credenciais do seu cart\u00e3o para acessar o servi\u00e7o. Se voc\u00ea enfrentar qualquer problema em qualquer etapa, n\u00e3o hesite em entrar em contato com nossa equipe de suporte t\u00e9cnico.<\/p> <\/div>\r\n\t\t\t\t\t<\/div>\r\n\t\t\t\t<\/div> <\/div><\/div>\n","protected":false},"excerpt":{"rendered":"","protected":false},"author":9,"featured_media":0,"parent":635,"menu_order":0,"comment_status":"closed","ping_status":"closed","template":"templates\/template-application-platform.php","meta":{"publish_to_discourse":"","publish_post_category":"","wpdc_auto_publish_overridden":"","wpdc_topic_tags":"","wpdc_pin_topic":"","wpdc_pin_until":"","discourse_post_id":"","discourse_permalink":"","wpdc_publishing_response":"","wpdc_publishing_error":"","footnotes":""},"class_list":["post-4062","page","type-page","status-publish","hentry"],"yoast_head":"<!-- This site is optimized with the Yoast SEO plugin v25.3.1 - https:\/\/yoast.com\/wordpress\/plugins\/seo\/ -->\n<title>Google Maps - Adicionar extens\u00e3o de mapa ao site Joomla<\/title>\n<meta name=\"description\" content=\"Experimente uma extens\u00e3o personalizada do Google Maps para o site Joomla. Insira mapas interativos em apenas 2 minutos gratuitamente na demonstra\u00e7\u00e3o de plugin mais f\u00e1cil.\" \/>\n<meta name=\"robots\" content=\"index, follow, max-snippet:-1, max-image-preview:large, max-video-preview:-1\" \/>\n<link rel=\"canonical\" href=\"https:\/\/elfsight.com\/pt\/google-maps-widget\/joomla\/\" \/>\n<meta property=\"og:locale\" content=\"pt_PT\" \/>\n<meta property=\"og:type\" content=\"article\" \/>\n<meta property=\"og:title\" content=\"Google Maps - Adicionar extens\u00e3o de mapa ao site Joomla\" \/>\n<meta property=\"og:description\" content=\"Experimente uma extens\u00e3o personalizada do Google Maps para o site Joomla. Insira mapas interativos em apenas 2 minutos gratuitamente na demonstra\u00e7\u00e3o de plugin mais f\u00e1cil.\" \/>\n<meta property=\"og:url\" content=\"https:\/\/elfsight.com\/pt\/google-maps-widget\/joomla\/\" \/>\n<meta property=\"og:site_name\" content=\"Elfsight PT\" \/>\n<meta property=\"article:modified_time\" content=\"2025-02-11T09:57:40+00:00\" \/>\n<meta name=\"twitter:card\" content=\"summary_large_image\" \/>\n<meta name=\"twitter:label1\" content=\"Tempo estimado de leitura\" \/>\n\t<meta name=\"twitter:data1\" content=\"3 minutos\" \/>\n<!-- \/ Yoast SEO plugin. -->","yoast_head_json":{"title":"Google Maps - Adicionar extens\u00e3o de mapa ao site Joomla","description":"Experimente uma extens\u00e3o personalizada do Google Maps para o site Joomla. Insira mapas interativos em apenas 2 minutos gratuitamente na demonstra\u00e7\u00e3o de plugin mais f\u00e1cil.","robots":{"index":"index","follow":"follow","max-snippet":"max-snippet:-1","max-image-preview":"max-image-preview:large","max-video-preview":"max-video-preview:-1"},"canonical":"https:\/\/elfsight.com\/pt\/google-maps-widget\/joomla\/","og_locale":"pt_PT","og_type":"article","og_title":"Google Maps - Adicionar extens\u00e3o de mapa ao site Joomla","og_description":"Experimente uma extens\u00e3o personalizada do Google Maps para o site Joomla. Insira mapas interativos em apenas 2 minutos gratuitamente na demonstra\u00e7\u00e3o de plugin mais f\u00e1cil.","og_url":"https:\/\/elfsight.com\/pt\/google-maps-widget\/joomla\/","og_site_name":"Elfsight PT","article_modified_time":"2025-02-11T09:57:40+00:00","twitter_card":"summary_large_image","twitter_misc":{"Tempo estimado de leitura":"3 minutos"},"schema":{"@context":"https:\/\/schema.org","@graph":[{"@type":"WebPage","@id":"https:\/\/elfsight.com\/pt\/google-maps-widget\/joomla\/","url":"https:\/\/elfsight.com\/pt\/google-maps-widget\/joomla\/","name":"Google Maps - Adicionar extens\u00e3o de mapa ao site Joomla","isPartOf":{"@id":"https:\/\/elfsight.com\/pt\/#website"},"datePublished":"2024-05-03T06:38:48+00:00","dateModified":"2025-02-11T09:57:40+00:00","description":"Experimente uma extens\u00e3o personalizada do Google Maps para o site Joomla. Insira mapas interativos em apenas 2 minutos gratuitamente na demonstra\u00e7\u00e3o de plugin mais f\u00e1cil.","breadcrumb":{"@id":"https:\/\/elfsight.com\/pt\/google-maps-widget\/joomla\/#breadcrumb"},"inLanguage":"pt-PT","potentialAction":[{"@type":"ReadAction","target":["https:\/\/elfsight.com\/pt\/google-maps-widget\/joomla\/"]}]},{"@type":"BreadcrumbList","@id":"https:\/\/elfsight.com\/pt\/google-maps-widget\/joomla\/#breadcrumb","itemListElement":[{"@type":"ListItem","position":1,"name":"Home","item":"https:\/\/elfsight.com\/pt\/"},{"@type":"ListItem","position":2,"name":"Google Maps","item":"https:\/\/elfsight.com\/pt\/google-maps-widget\/"},{"@type":"ListItem","position":3,"name":"Google Maps &#8211; Joomla"}]},{"@type":"WebSite","@id":"https:\/\/elfsight.com\/pt\/#website","url":"https:\/\/elfsight.com\/pt\/","name":"Elfsight PT","description":"Just another Elfsight Sites site","potentialAction":[{"@type":"SearchAction","target":{"@type":"EntryPoint","urlTemplate":"https:\/\/elfsight.com\/pt\/?s={search_term_string}"},"query-input":{"@type":"PropertyValueSpecification","valueRequired":true,"valueName":"search_term_string"}}],"inLanguage":"pt-PT"}]}},"meta_box":{"industry":"","seo_heading":"","heading":"","description":"","cta_heading":"","cta_description":"","application":"634","h1":"Extens\u00e3o do Google Maps para Joomla","h1_caption":"Mostre locais ilimitados, escolha pontos e informa\u00e7\u00f5es sobre eles em um mapa responsivo para melhor coopera\u00e7\u00e3o com os visitantes.","application_category":[],"applications_title":"","applications_request_title":"","applications_request_button_text":"","hero_text":"","hero_video":"","hero_video_schema_markup":"","selling_points_title":"","selling_points_caption":"","selling_points":[],"selling_points_cta_text":"","features_title":"","features":"","ed_cta_examples_text":"","ed_cta_examples_hidden":"","ed_cta_demo_text":"","ed_cta_demo_hidden":"","why_caption":"","why_editor_title":"","why_editor_text":"","why_team_title":"","why_team_text":"","why_service_title":"","why_service_text":"","template_catalog_visible":"0","template_catalog_title":"","template_catalog_text":"","template_catalog_categories_visible":"","demo_title":"Crie seu plug-in do Google Maps","demo_caption":"Configure seu Google Maps e adicione-o ao seu site Joomla gratuitamente!","default_faq_hidden":"","app_template_category":[],"platform":"52","template_public_id":"","codecanyon_url":"","codecanyon_item_id":"","codecanyon_price":"","pricing_caption":"","pricing_elfsight_apps_hide_column":"","pricing_elfsight_apps_url":"","pricing_codecanyon_price_caption":"","integration_category":[],"integration_request_title":"","integration_request_cta":"","integration_platform":"","integrations":[],"platform_category":[],"video_schema_markup":"","price":"a partir de US$ 0\/m\u00eas","trial":"","benefits":[{"text":"Servi\u00e7o de instala\u00e7\u00e3o gratuito"},{"text":"Suporte ao cliente competente"},{"text":"Garantia de reembolso de 14 dias"},{"text":"Atualizando constantemente"}],"button_url":"#demo","button_target_blank":"0","button_nofollow":"0","attributes":[{"name":"Instala\u00e7\u00f5es","content":"100,000 - 500,000","_state":"expanded"},{"name":"Responsivo","content":"Sim","_state":"expanded"},{"name":"Navegadores compat\u00edveis","content":"Firefox, Safari, Opera, Chrome, Edge"}],"tags":[],"tags_disable_links":"0","hide_more_platforms":"0","video_object":"","demo_hide_cta":"0","demo_hide_cloud_options":"0","pricing_title":"","pricing":[{"pricing_icon":"cloud","pricing_title":"Elfsight Apps","pricing_title_caption":"Vers\u00e3o independente de plataforma que funciona em qualquer site","pricing_price":"a partir de US$ 0\/m\u00eas","pricing_price_caption":"comece com plano gratuito","pricing_benefits":[{"text":"Sites ilimitados"},{"text":"Suporte 24 horas por dia, 7 dias por semana"},{"text":"Suporte 24 horas por dia, 7 dias por semana"},{"text":"Oferta especial para v\u00e1rios aplicativos"}],"pricing_button_text":"Adicionar ao site","pricing_button_url":"#demo","_state":"expanded"}],"related_apps_title":"","related_apps_hidden":"1","author":"","image":[],"title":"","job":"","social_networks":[]},"_links":{"self":[{"href":"https:\/\/elfsight.com\/pt\/wp-json\/wp\/v2\/pages\/4062","targetHints":{"allow":["GET"]}}],"collection":[{"href":"https:\/\/elfsight.com\/pt\/wp-json\/wp\/v2\/pages"}],"about":[{"href":"https:\/\/elfsight.com\/pt\/wp-json\/wp\/v2\/types\/page"}],"author":[{"embeddable":true,"href":"https:\/\/elfsight.com\/pt\/wp-json\/wp\/v2\/users\/9"}],"replies":[{"embeddable":true,"href":"https:\/\/elfsight.com\/pt\/wp-json\/wp\/v2\/comments?post=4062"}],"version-history":[{"count":3,"href":"https:\/\/elfsight.com\/pt\/wp-json\/wp\/v2\/pages\/4062\/revisions"}],"predecessor-version":[{"id":13862,"href":"https:\/\/elfsight.com\/pt\/wp-json\/wp\/v2\/pages\/4062\/revisions\/13862"}],"up":[{"embeddable":true,"href":"https:\/\/elfsight.com\/pt\/wp-json\/wp\/v2\/pages\/635"}],"wp:attachment":[{"href":"https:\/\/elfsight.com\/pt\/wp-json\/wp\/v2\/media?parent=4062"}],"curies":[{"name":"wp","href":"https:\/\/api.w.org\/{rel}","templated":true}]}}