{"id":4057,"date":"2024-05-03T06:37:46","date_gmt":"2024-05-03T06:37:46","guid":{"rendered":"https:\/\/elfsight.com\/pt\/?page_id=4057"},"modified":"2025-02-05T09:56:10","modified_gmt":"2025-02-05T09:56:10","slug":"iframe","status":"publish","type":"page","link":"https:\/\/elfsight.com\/pt\/online-form-builder\/iframe\/","title":{"rendered":"Form Builder &#8211; iFrame"},"content":{"rendered":"\n<div class=\"application-platform-content-item-description application-platform-content-item\" id=\"description\" data-nav-section=\"description\"><h2>Construtor de formul\u00e1rios personalizados para iFrame<\/h2><p>Elfsight Builder \u00e9 um plugin para criar tipos ilimitados de formul\u00e1rios de preenchimento e exibi-los em qualquer recurso da web. Colete detalhes de sua clientela atual e potencial por meio de pesquisas de f\u00e1cil preenchimento, formul\u00e1rios de feedback, solicita\u00e7\u00f5es de classifica\u00e7\u00e3o e todas as outras variantes. Defina o esqueleto do formul\u00e1rio, opte por construir formul\u00e1rios exclusivos para trazer mais informa\u00e7\u00f5es de sua clientela. N\u00e3o importa quais variantes de informa\u00e7\u00e3o voc\u00ea planeja ter: ideias, avalia\u00e7\u00f5es, reservas e compras \u2013 o Form Builder da Elfsight ir\u00e1 ajud\u00e1-lo a criar um formul\u00e1rio de preenchimento obrigat\u00f3rio para isso. Com estrutura flex\u00edvel e um segmento predefinido diversificado, seu formul\u00e1rio ser\u00e1 gerenci\u00e1vel para sua clientela e eficaz para voc\u00ea.<\/p> <p><b>Receba opini\u00f5es, ideias e classifica\u00e7\u00f5es de clientes para melhorar seu neg\u00f3cio!<\/b> <\/p> <p><b>Crie formul\u00e1rios atraentes para coletar mais feedback<\/b><br> Use todos os par\u00e2metros do plugin Elfsight para criar formul\u00e1rios de preenchimento altamente eficientes. Selecione os elementos necess\u00e1rios e defina o esqueleto para tornar seus formul\u00e1rios estruturados e simples. Use op\u00e7\u00f5es de estilo para construir uma apar\u00eancia not\u00e1vel e obter mais feedback.<\/p><p><b>Aumente o n\u00famero de leads com formul\u00e1rios gerenci\u00e1veis<\/b><br> N\u00e3o deixe os clientes deixarem o preenchimento incompleto e faltando algo valioso dados. Crie formul\u00e1rios com etapas simples e de f\u00e1cil composi\u00e7\u00e3o, que manter\u00e3o os clientes engajados at\u00e9 o fim e aumentar\u00e3o o n\u00famero de leads.<\/p><p><b>Economize tempo e dinheiro com uma ferramenta multifuncional<\/b><br> Este \u00fanico instrumento permite criar formas de diversos exemplos com m\u00faltiplos conjuntos de componentes e composi\u00e7\u00f5es. Isso ajudar\u00e1 voc\u00ea a gerar formul\u00e1rios para obter feedback de diversas categorias sem gastar mais dinheiro e tempo.<\/p><\/div><div class=\"application-platform-content-item-features application-platform-content-item\" id=\"features\" data-nav-section=\"features\"><h2>Recursos do plugin Form Builder<\/h2><p> O que torna o Elfsight Form Builder o melhor plugin para coletar todos os tipos de informa\u00e7\u00f5es de clientes para sites IFrame? Confira a lista de op\u00e7\u00f5es que inclui:<\/p><ul><li>Exibir o cabe\u00e7alho do formul\u00e1rio com t\u00edtulo e texto;<\/li><li>Utilizar espa\u00e7os reservados para dar exemplo de preenchimento correto e tipo de dados necess\u00e1rios; <\/li><li>Atribua qualquer endere\u00e7o de e-mail e os resultados do preenchimento do formul\u00e1rio ser\u00e3o enviados automaticamente para l\u00e1;<\/li><li>3 layouts prontos para uso (Padr\u00e3o, Caixa, Flutuante);<\/li><li> 5 estilos predefinidos para campos de formul\u00e1rio;<\/li><li>Gere formul\u00e1rios de preenchimento de formatos ilimitados para coletar dados do cliente.<\/li><\/ul><p><a href=\"#demo\">Verifique os recursos do Elfsight demo<\/a><\/p><\/div><div class=\"application-platform-content-item-installation application-platform-content-item\" id=\"installation\" data-nav-section=\"installation\"><h2>Como adicionar o plug-in Form Builder ao site iFrame?<\/h2><p>Um pequeno tutorial sobre como incorporar e configurar o plug-in sem experi\u00eancia em desenvolvimento web. A execu\u00e7\u00e3o do manual levar\u00e1 aproximadamente 2 minutos.<\/p><ol><li><b>Crie seu pr\u00f3prio plugin de formul\u00e1rio<\/b><br> Em nosso editor gratuito, crie um plugin com interface e fun\u00e7\u00f5es personalizadas .<\/li><li><b>Copie o c\u00f3digo pessoal para adicionar o plugin<\/b><br> Depois de criar o seu plugin, voc\u00ea obter\u00e1 seu c\u00f3digo pessoal na janela exibida nos aplicativos Elfsight. Copie o c\u00f3digo para uso posterior.<\/li> <li><b> O plugin no seu site iFrame<\/b><br> Defina o local onde voc\u00ea planeja revelar o plugin e cole o c\u00f3digo copiado l\u00e1. Salve os resultados.<\/li> <li><b>Parab\u00e9ns! Voc\u00ea acabou de integrar o plugin!<\/b><br> V\u00e1 para sua p\u00e1gina, para verificar seu formul\u00e1rio.<\/li> <\/ol><p>Voc\u00ea se deparou com dificuldades ou d\u00favidas ao executar o tutorial ou criar seu pr\u00f3prio plugin? Consulte o nosso tutorial completo <a href=\"https:\/\/elfsight.com\/tutorials\/how-to-add-form-builder-to-iframe-website\/\" target=\"_blank\" rel=\"noopener\">\u00abComo inserir um Formul\u00e1rios num site iFrame\u00bb<\/a> ou contacte o apoio ao cliente.<\/p><div class=\"faq\" data-component=\"FAQ\"> <div class=\"faq-item\">\r\n\t\t\t\t\t<div class=\"faq-item-question\">\r\n\t\t\t\t\t\t<h3 class=\"faq-item-question-text\">Como adicionar o Form Builder ao meu site iFrame sem conhecimentos de codifica\u00e7\u00e3o?<\/h3>\r\n\r\n\t\t\t\t\t\t<div class=\"faq-item-question-icon\"><\/div>\r\n\t\t\t\t\t<\/div>\r\n\r\n\t\t\t\t\t<div class=\"faq-item-answer\">\r\n\t\t\t\t\t\t<div class=\"faq-item-answer-text\"> <p>Elfsight fornece uma solu\u00e7\u00e3o SaaS que permite que voc\u00ea mesmo crie um widget Form Builder, veja como o processo \u00e9 f\u00e1cil: Trabalhe diretamente no Editor on-line para criar um widget Form Builder que voc\u00ea gostaria de ver em seu site iFrame. Escolha um dos modelos predefinidos e ajuste as configura\u00e7\u00f5es do Form Builder, adicione seu conte\u00fado, altere o layout e as cores sem nenhuma habilidade de codifica\u00e7\u00e3o. Salve o Form Builder e copie seu c\u00f3digo de instala\u00e7\u00e3o, que voc\u00ea pode incluir facilmente em seu site iFrame sem a necessidade de adquirir um plano pago. Com nosso editor intuitivo, qualquer usu\u00e1rio da Internet pode criar um widget Form Builder online e incorpor\u00e1-lo facilmente em seu site iFrame. N\u00e3o h\u00e1 necessidade de pagar ou inserir as credenciais do seu cart\u00e3o para acessar o servi\u00e7o. Se voc\u00ea enfrentar algum problema em qualquer etapa, n\u00e3o hesite em entrar em contato com nossa equipe de suporte t\u00e9cnico.<\/p> <\/div>\r\n\t\t\t\t\t<\/div>\r\n\t\t\t\t<\/div><div class=\"faq-item\">\r\n\t\t\t\t\t<div class=\"faq-item-question\">\r\n\t\t\t\t\t\t<h3 class=\"faq-item-question-text\">Existe algum modelo personalizado do Form Builder para o site iFrame?<\/h3>\r\n\r\n\t\t\t\t\t\t<div class=\"faq-item-question-icon\"><\/div>\r\n\t\t\t\t\t<\/div>\r\n\r\n\t\t\t\t\t<div class=\"faq-item-answer\">\r\n\t\t\t\t\t\t<div class=\"faq-item-answer-text\"><p>Sim . A Elfsight preparou uma vasta sele\u00e7\u00e3o de mais de 300 <a href=\"https:\/\/elfsight.com\/online-form-builder\/templates\/\">modelos de Form Builder<\/a> com elementos e recursos personaliz\u00e1veis. Voc\u00ea pode encontrar um modelo de formul\u00e1rio para qualquer ocasi\u00e3o, por exemplo, <a href=\"https:\/\/elfsight.com\/online-form-builder\/templates\/application-forms\/\">Formul\u00e1rios de inscri\u00e7\u00e3o<\/a>, <a href=\"https:\/\/elfsight.com\/online-form-builder\/templates\/booking-forms\/\">Formul\u00e1rios de reserva<\/a>, <a href=\"https:\/\/elfsight.com\/online-form-builder\/templates\/order-forms\/\">Formul\u00e1rios de pedido<\/a>, <a href=\"https:\/\/elfsight.com\/online-form-builder\/templates\/product-forms\/\">Formul\u00e1rios de produto<\/a>, <a href=\"https:\/\/elfsight.com\/online-form-builder\/templates\/questionnaires\/\">Question\u00e1rios<\/a>, <a href=\"https:\/\/elfsight.com\/online-form-builder\/templates\/quizzes\/\">Testes<\/a>, <a href=\"https:\/\/elfsight.com\/online-form-builder\/templates\/surveys\/\">Pesquisas<\/a>, <a href=\"https:\/\/elfsight.com\/online-form-builder\/templates\/file-upload-forms\/\">Formul\u00e1rios de upload de arquivos<\/a> e muitos outros.<\/p><\/div>\r\n\t\t\t\t\t<\/div>\r\n\t\t\t\t<\/div> <\/div> <\/div>\n","protected":false},"excerpt":{"rendered":"","protected":false},"author":9,"featured_media":0,"parent":596,"menu_order":0,"comment_status":"closed","ping_status":"closed","template":"templates\/template-application-platform.php","meta":{"publish_to_discourse":"","publish_post_category":"","wpdc_auto_publish_overridden":"","wpdc_topic_tags":"","wpdc_pin_topic":"","wpdc_pin_until":"","discourse_post_id":"","discourse_permalink":"","wpdc_publishing_response":"","wpdc_publishing_error":"","footnotes":""},"class_list":["post-4057","page","type-page","status-publish","hentry"],"yoast_head":"<!-- This site is optimized with the Yoast SEO plugin v25.3.1 - https:\/\/yoast.com\/wordpress\/plugins\/seo\/ -->\n<title>Crie e adicione formul\u00e1rios personalizados no iFrame gratuitamente!<\/title>\n<meta name=\"description\" content=\"Com a Elfsight, produza o seu plugin Form Builder e coloque-o no site iFrame rapidamente. Temos atendimento gratuito ao cliente e outros b\u00f4nus.\" \/>\n<meta name=\"robots\" content=\"index, follow, max-snippet:-1, max-image-preview:large, max-video-preview:-1\" \/>\n<link rel=\"canonical\" href=\"https:\/\/elfsight.com\/pt\/online-form-builder\/iframe\/\" \/>\n<meta property=\"og:locale\" content=\"pt_PT\" \/>\n<meta property=\"og:type\" content=\"article\" \/>\n<meta property=\"og:title\" content=\"Crie e adicione formul\u00e1rios personalizados no iFrame gratuitamente!\" \/>\n<meta property=\"og:description\" content=\"Com a Elfsight, produza o seu plugin Form Builder e coloque-o no site iFrame rapidamente. Temos atendimento gratuito ao cliente e outros b\u00f4nus.\" \/>\n<meta property=\"og:url\" content=\"https:\/\/elfsight.com\/pt\/online-form-builder\/iframe\/\" \/>\n<meta property=\"og:site_name\" content=\"Elfsight PT\" \/>\n<meta property=\"article:modified_time\" content=\"2025-02-05T09:56:10+00:00\" \/>\n<meta name=\"twitter:card\" content=\"summary_large_image\" \/>\n<meta name=\"twitter:label1\" content=\"Tempo estimado de leitura\" \/>\n\t<meta name=\"twitter:data1\" content=\"5 minutos\" \/>\n<!-- \/ Yoast SEO plugin. -->","yoast_head_json":{"title":"Crie e adicione formul\u00e1rios personalizados no iFrame gratuitamente!","description":"Com a Elfsight, produza o seu plugin Form Builder e coloque-o no site iFrame rapidamente. Temos atendimento gratuito ao cliente e outros b\u00f4nus.","robots":{"index":"index","follow":"follow","max-snippet":"max-snippet:-1","max-image-preview":"max-image-preview:large","max-video-preview":"max-video-preview:-1"},"canonical":"https:\/\/elfsight.com\/pt\/online-form-builder\/iframe\/","og_locale":"pt_PT","og_type":"article","og_title":"Crie e adicione formul\u00e1rios personalizados no iFrame gratuitamente!","og_description":"Com a Elfsight, produza o seu plugin Form Builder e coloque-o no site iFrame rapidamente. Temos atendimento gratuito ao cliente e outros b\u00f4nus.","og_url":"https:\/\/elfsight.com\/pt\/online-form-builder\/iframe\/","og_site_name":"Elfsight PT","article_modified_time":"2025-02-05T09:56:10+00:00","twitter_card":"summary_large_image","twitter_misc":{"Tempo estimado de leitura":"5 minutos"},"schema":{"@context":"https:\/\/schema.org","@graph":[{"@type":"WebPage","@id":"https:\/\/elfsight.com\/pt\/online-form-builder\/iframe\/","url":"https:\/\/elfsight.com\/pt\/online-form-builder\/iframe\/","name":"Crie e adicione formul\u00e1rios personalizados no iFrame gratuitamente!","isPartOf":{"@id":"https:\/\/elfsight.com\/pt\/#website"},"datePublished":"2024-05-03T06:37:46+00:00","dateModified":"2025-02-05T09:56:10+00:00","description":"Com a Elfsight, produza o seu plugin Form Builder e coloque-o no site iFrame rapidamente. Temos atendimento gratuito ao cliente e outros b\u00f4nus.","breadcrumb":{"@id":"https:\/\/elfsight.com\/pt\/online-form-builder\/iframe\/#breadcrumb"},"inLanguage":"pt-PT","potentialAction":[{"@type":"ReadAction","target":["https:\/\/elfsight.com\/pt\/online-form-builder\/iframe\/"]}]},{"@type":"BreadcrumbList","@id":"https:\/\/elfsight.com\/pt\/online-form-builder\/iframe\/#breadcrumb","itemListElement":[{"@type":"ListItem","position":1,"name":"Home","item":"https:\/\/elfsight.com\/pt\/"},{"@type":"ListItem","position":2,"name":"Form Builder","item":"https:\/\/elfsight.com\/pt\/online-form-builder\/"},{"@type":"ListItem","position":3,"name":"Form Builder &#8211; iFrame"}]},{"@type":"WebSite","@id":"https:\/\/elfsight.com\/pt\/#website","url":"https:\/\/elfsight.com\/pt\/","name":"Elfsight PT","description":"Just another Elfsight Sites site","potentialAction":[{"@type":"SearchAction","target":{"@type":"EntryPoint","urlTemplate":"https:\/\/elfsight.com\/pt\/?s={search_term_string}"},"query-input":{"@type":"PropertyValueSpecification","valueRequired":true,"valueName":"search_term_string"}}],"inLanguage":"pt-PT"}]}},"meta_box":{"industry":"","seo_heading":"","heading":"","description":"","cta_heading":"","cta_description":"","application":"595","h1":"Plug-in do construtor de formul\u00e1rios iFrame","h1_caption":"Receba opini\u00f5es, ideias e avalia\u00e7\u00f5es dos clientes para melhorar o seu neg\u00f3cio!","application_category":[],"applications_title":"","applications_request_title":"","applications_request_button_text":"","hero_text":"","hero_video":"","hero_video_schema_markup":"","selling_points_title":"","selling_points_caption":"","selling_points":[],"selling_points_cta_text":"","features_title":"","features":"","ed_cta_examples_text":"","ed_cta_examples_hidden":"","ed_cta_demo_text":"","ed_cta_demo_hidden":"","why_caption":"","why_editor_title":"","why_editor_text":"","why_team_title":"","why_team_text":"","why_service_title":"","why_service_text":"","template_catalog_visible":"0","template_catalog_title":"","template_catalog_text":"","template_catalog_categories_visible":"","demo_title":"Crie seu widget Form Builder","demo_caption":"Configure seu Form Builder e adicione-o ao seu site iFrame gratuitamente!","default_faq_hidden":"","app_template_category":[],"platform":"4911","template_public_id":"","codecanyon_url":"","codecanyon_item_id":"","codecanyon_price":"","pricing_caption":"","pricing_elfsight_apps_hide_column":"","pricing_elfsight_apps_url":"","pricing_codecanyon_price_caption":"","integration_category":[],"integration_request_title":"","integration_request_cta":"","integration_platform":"","integrations":[],"platform_category":[],"video_schema_markup":"","price":"a partir de US$ 0\/m\u00eas","trial":"","benefits":[{"text":"Servi\u00e7o de instala\u00e7\u00e3o gratuito"},{"text":"Suporte ao cliente experiente"},{"text":"Garantia de devolu\u00e7\u00e3o do dinheiro em 14 dias"},{"text":"Atualiza\u00e7\u00f5es gratuitas cont\u00ednuas"}],"button_url":"#demo","button_target_blank":"0","button_nofollow":"0","attributes":[{"name":"Instala\u00e7\u00f5es","content":"100,000 - 500,000","_state":"expanded"},{"name":"Responsivo","content":"Sim","_state":"expanded"},{"name":"Navegadores compat\u00edveis","content":"Safari, Edge, Chrome, Opera, Firefox"}],"tags":[],"tags_disable_links":"0","hide_more_platforms":"","video_object":"","demo_hide_cta":"0","demo_hide_cloud_options":"0","pricing_title":"","pricing":[{"pricing_icon":"platform","pricing_title":"Elfsight Apps","pricing_title_caption":"Solu\u00e7\u00e3o independente de plataforma que funciona em qualquer site","pricing_price":"a partir de US$ 0\/m\u00eas","pricing_price_caption":"comece com plano gratuito","pricing_benefits":[{"text":"N\u00famero ilimitado de dom\u00ednios"},{"text":"Suporte r\u00e1pido ao cliente"},{"text":"Suporte r\u00e1pido ao cliente"},{"text":"Pre\u00e7o especial para v\u00e1rios aplicativos"}],"pricing_button_text":"Adicionar ao site","pricing_button_url":"#demo","_state":"expanded"}],"related_apps_title":"","related_apps_hidden":"1","author":"","image":[],"title":"","job":"","social_networks":[]},"_links":{"self":[{"href":"https:\/\/elfsight.com\/pt\/wp-json\/wp\/v2\/pages\/4057","targetHints":{"allow":["GET"]}}],"collection":[{"href":"https:\/\/elfsight.com\/pt\/wp-json\/wp\/v2\/pages"}],"about":[{"href":"https:\/\/elfsight.com\/pt\/wp-json\/wp\/v2\/types\/page"}],"author":[{"embeddable":true,"href":"https:\/\/elfsight.com\/pt\/wp-json\/wp\/v2\/users\/9"}],"replies":[{"embeddable":true,"href":"https:\/\/elfsight.com\/pt\/wp-json\/wp\/v2\/comments?post=4057"}],"version-history":[{"count":3,"href":"https:\/\/elfsight.com\/pt\/wp-json\/wp\/v2\/pages\/4057\/revisions"}],"predecessor-version":[{"id":13766,"href":"https:\/\/elfsight.com\/pt\/wp-json\/wp\/v2\/pages\/4057\/revisions\/13766"}],"up":[{"embeddable":true,"href":"https:\/\/elfsight.com\/pt\/wp-json\/wp\/v2\/pages\/596"}],"wp:attachment":[{"href":"https:\/\/elfsight.com\/pt\/wp-json\/wp\/v2\/media?parent=4057"}],"curies":[{"name":"wp","href":"https:\/\/api.w.org\/{rel}","templated":true}]}}