{"id":4054,"date":"2024-05-03T06:38:37","date_gmt":"2024-05-03T06:38:37","guid":{"rendered":"https:\/\/elfsight.com\/pt\/?page_id=4054"},"modified":"2024-11-13T11:51:14","modified_gmt":"2024-11-13T11:51:14","slug":"iframe","status":"publish","type":"page","link":"https:\/\/elfsight.com\/pt\/google-maps-widget\/iframe\/","title":{"rendered":"Google Maps &#8211; iFrame"},"content":{"rendered":"<div class=\"application-platform-content-item-description application-platform-content-item\" id=\"description\" data-nav-section=\"description\"><h2>Incorpore o Google Maps no iFrame com o widget Elfsight<\/h2><p>Oferecemos um plug-in com integra\u00e7\u00e3o f\u00e1cil e uma variedade de op\u00e7\u00f5es de personaliza\u00e7\u00e3o. Isso tornar\u00e1 mais f\u00e1cil para seus clientes encontrarem suas lojas. Marque seus lugares no mapa e ajude os usu\u00e1rios a encontrar a rota em algumas etapas f\u00e1ceis. Este \u00e9 um item absolutamente obrigat\u00f3rio para qualquer site iFrame de com\u00e9rcio eletr\u00f4nico.<\/p> <p><b>Tenha mais visitantes reais com a ajuda de mapas responsivos em seu site!<\/b><\/p> <p> <b>Aumente o n\u00edvel de intera\u00e7\u00e3o de seus visitantes com o conte\u00fado do site<\/b><br> Configure seu mapa para ser confort\u00e1vel para os clientes e mostre-o em seu site, para que os clientes possam usar seus dados de contato de maneira eficiente.<\/p><p><b>Encontre e atraia clientes locais<\/b><br> Marque sua localiza\u00e7\u00e3o para que os usu\u00e1rios entendam que voc\u00ea est\u00e1 por perto e eles podem chegar rapidamente ao seu escrit\u00f3rio.<\/p><p><b> Economize tempo e esfor\u00e7o na cria\u00e7\u00e3o de mapas<\/b><br> Dezenas de fun\u00e7\u00f5es est\u00e3o dispon\u00edveis em v\u00e1rios cliques do mouse para ajudar a construir o mapa mais poderoso para o seu site.<\/p><\/div><div class=\"application-platform-content-item-features application-platform-content-item\" id=\"features\" data-nav-section=\"features\"> <h2>Principais caracter\u00edsticas do widget Google Maps<\/h2><p>Quais vantagens tornam o plugin de mapas Elfsight no melhor para cada site iFrame?<\/p><ul><li>Mais de 50 marcadores de localiza\u00e7\u00e3o;<\/li><li>Adicionar nova localiza\u00e7\u00e3o inserindo apenas seu endere\u00e7o, nome ou coordenadas;<\/li><li>Redirecionamento de URL para cada marcador clic\u00e1vel;<\/li><li>Cart\u00e3o de informa\u00e7\u00f5es com o m\u00e1ximo de informa\u00e7\u00f5es de contato;<\/li><li>Cria\u00e7\u00e3o autom\u00e1tica de rotas a partir da localiza\u00e7\u00e3o do visitante.<\/li><p><a href=\"#demo\">Teste a lista completa de caracter\u00edsticas na demonstra\u00e7\u00e3o!<\/a><\/p><\/div><div class=\"application-platform-content-item-installation application-platform-content-item\" id=\"installation\" data-nav-section=\"installation\"><h2>Como incorporar o plugin do Google Maps ao site iFrame<\/h2><p>Um breve tutorial sobre como integrar mapas responsivos no iFrame por conta pr\u00f3pria. Para realiz\u00e1-lo n\u00e3o \u00e9 necess\u00e1rio contratar um programador ou ter conhecimento em programa\u00e7\u00e3o web. A dura\u00e7\u00e3o total da execu\u00e7\u00e3o \u00e9 de apenas 4 minutos.<\/p><ol><li><b>Crie seu pr\u00f3prio plugin de mapa<\/b><br> Por meio de nossa demonstra\u00e7\u00e3o gratuita, gere um plugin com layout personalizado e fun\u00e7\u00f5es. <\/li><li><b>Adquira o c\u00f3digo individual para publicar o plugin<\/b><br> Depois de configurar o seu plugin, voc\u00ea receber\u00e1 o c\u00f3digo de configura\u00e7\u00e3o na notifica\u00e7\u00e3o exibida nos aplicativos da Elfsight. Copie este c\u00f3digo para uso posterior. <\/li> <li><b>Incorpore o plugin em seu site<\/b><br> V\u00e1 at\u00e9 a \u00e1rea onde deseja adicionar o plugin e insira o c\u00f3digo copiado l\u00e1. Salve as altera\u00e7\u00f5es. <\/li> <li><b>Pronto! <\/b><br> Visite a loja para dar uma olhada no seu mapa do Google. <\/li> <\/ol><p>Est\u00e1 tendo dificuldades ou d\u00favidas ao executar as instru\u00e7\u00f5es de configura\u00e7\u00e3o? Leia as instru\u00e7\u00f5es detalhadas \u00abComo exibir um mapa no site iFrame\u00bb ou deixe uma solicita\u00e7\u00e3o na central de ajuda e a equipe de suporte ter\u00e1 prazer em ajud\u00e1-lo a moldar e inserir mapas em seu site.<\/p><\/div><div class=\"faq\" data-component=\"FAQ\"><div class=\"faq-item\">\r\n\t\t\t\t\t<div class=\"faq-item-question\">\r\n\t\t\t\t\t\t<h3 class=\"faq-item-question-text\">Como posso adicionar um Google Maps ao site iFrame? <\/h3>\r\n\r\n\t\t\t\t\t\t<div class=\"faq-item-question-icon\"><\/div>\r\n\t\t\t\t\t<\/div>\r\n\r\n\t\t\t\t\t<div class=\"faq-item-answer\">\r\n\t\t\t\t\t\t<div class=\"faq-item-answer-text\"><p>A base da ferramenta \u00e9 realizada nas p\u00e1ginas da Elfsight e n\u00e3o h\u00e1 necessidade de codifica\u00e7\u00e3o. Acesse nossa demonstra\u00e7\u00e3o online para ajustar seu widget pessoal, obter o c\u00f3digo e implement\u00e1-lo em seu site. <\/p><\/div>\r\n\t\t\t\t\t<\/div>\r\n\t\t\t\t<\/div><div class=\"faq-item\">\r\n\t\t\t\t\t<div class=\"faq-item-question\">\r\n\t\t\t\t\t\t<h3 class=\"faq-item-question-text\">Os melhores exemplos de uso da integra\u00e7\u00e3o de widgets do Maps<\/h3>\r\n\r\n\t\t\t\t\t\t<div class=\"faq-item-question-icon\"><\/div>\r\n\t\t\t\t\t<\/div>\r\n\r\n\t\t\t\t\t<div class=\"faq-item-answer\">\r\n\t\t\t\t\t\t<div class=\"faq-item-answer-text\"><p>Oferecemos muitas oportunidades de ajuste: widgets em tamanho real para inser\u00e7\u00e3o na \u00e1rea de conte\u00fado, widgets flutuantes com recurso de rolagem, layouts de rodap\u00e9 do seu site, se\u00e7\u00e3o principal e todo tipo de possibilidades verticais para barras laterais e menus. <\/p><\/div>\r\n\t\t\t\t\t<\/div>\r\n\t\t\t\t<\/div><div class=\"faq-item\">\r\n\t\t\t\t\t<div class=\"faq-item-question\">\r\n\t\t\t\t\t\t<h3 class=\"faq-item-question-text\">Posso criar um mapa local ou um mapa simples por meio do seu editor? <\/h3>\r\n\r\n\t\t\t\t\t\t<div class=\"faq-item-question-icon\"><\/div>\r\n\t\t\t\t\t<\/div>\r\n\r\n\t\t\t\t\t<div class=\"faq-item-answer\">\r\n\t\t\t\t\t\t<div class=\"faq-item-answer-text\"><p>Voc\u00ea \u00e9 livre para criar qualquer varia\u00e7\u00e3o do widget. Existem v\u00e1rios layouts aplic\u00e1veis \u200b\u200b\u200b\u200bno editor e todos eles podem ser facilmente ajustados conforme necess\u00e1rio. <\/p><\/div>\r\n\t\t\t\t\t<\/div>\r\n\t\t\t\t<\/div><\/div><\/ul>","protected":false},"excerpt":{"rendered":"","protected":false},"author":9,"featured_media":0,"parent":635,"menu_order":0,"comment_status":"closed","ping_status":"closed","template":"templates\/template-application-platform.php","meta":{"publish_to_discourse":"","publish_post_category":"","wpdc_auto_publish_overridden":"","wpdc_topic_tags":"","wpdc_pin_topic":"","wpdc_pin_until":"","discourse_post_id":"","discourse_permalink":"","wpdc_publishing_response":"","wpdc_publishing_error":"","footnotes":""},"class_list":["post-4054","page","type-page","status-publish","hentry"],"yoast_head":"<!-- This site is optimized with the Yoast SEO plugin v25.3.1 - https:\/\/yoast.com\/wordpress\/plugins\/seo\/ -->\n<title>Plug-in iFrame do Google Maps para o seu site (gratuito e r\u00e1pido)<\/title>\n<meta name=\"description\" content=\"Experimente o melhor plugin do Google Maps para site iFrame. Adicione mapas interativos em apenas 2 minutos gratuitamente no editor de plugins mais r\u00e1pido.\" \/>\n<meta name=\"robots\" content=\"index, follow, max-snippet:-1, max-image-preview:large, max-video-preview:-1\" \/>\n<link rel=\"canonical\" href=\"https:\/\/elfsight.com\/pt\/google-maps-widget\/iframe\/\" \/>\n<meta property=\"og:locale\" content=\"pt_PT\" \/>\n<meta property=\"og:type\" content=\"article\" \/>\n<meta property=\"og:title\" content=\"Plug-in iFrame do Google Maps para o seu site (gratuito e r\u00e1pido)\" \/>\n<meta property=\"og:description\" content=\"Experimente o melhor plugin do Google Maps para site iFrame. Adicione mapas interativos em apenas 2 minutos gratuitamente no editor de plugins mais r\u00e1pido.\" \/>\n<meta property=\"og:url\" content=\"https:\/\/elfsight.com\/pt\/google-maps-widget\/iframe\/\" \/>\n<meta property=\"og:site_name\" content=\"Elfsight PT\" \/>\n<meta property=\"article:modified_time\" content=\"2024-11-13T11:51:14+00:00\" \/>\n<meta name=\"twitter:card\" content=\"summary_large_image\" \/>\n<meta name=\"twitter:label1\" content=\"Tempo estimado de leitura\" \/>\n\t<meta name=\"twitter:data1\" content=\"2 minutos\" \/>\n<!-- \/ Yoast SEO plugin. -->","yoast_head_json":{"title":"Plug-in iFrame do Google Maps para o seu site (gratuito e r\u00e1pido)","description":"Experimente o melhor plugin do Google Maps para site iFrame. Adicione mapas interativos em apenas 2 minutos gratuitamente no editor de plugins mais r\u00e1pido.","robots":{"index":"index","follow":"follow","max-snippet":"max-snippet:-1","max-image-preview":"max-image-preview:large","max-video-preview":"max-video-preview:-1"},"canonical":"https:\/\/elfsight.com\/pt\/google-maps-widget\/iframe\/","og_locale":"pt_PT","og_type":"article","og_title":"Plug-in iFrame do Google Maps para o seu site (gratuito e r\u00e1pido)","og_description":"Experimente o melhor plugin do Google Maps para site iFrame. Adicione mapas interativos em apenas 2 minutos gratuitamente no editor de plugins mais r\u00e1pido.","og_url":"https:\/\/elfsight.com\/pt\/google-maps-widget\/iframe\/","og_site_name":"Elfsight PT","article_modified_time":"2024-11-13T11:51:14+00:00","twitter_card":"summary_large_image","twitter_misc":{"Tempo estimado de leitura":"2 minutos"},"schema":{"@context":"https:\/\/schema.org","@graph":[{"@type":"WebPage","@id":"https:\/\/elfsight.com\/pt\/google-maps-widget\/iframe\/","url":"https:\/\/elfsight.com\/pt\/google-maps-widget\/iframe\/","name":"Plug-in iFrame do Google Maps para o seu site (gratuito e r\u00e1pido)","isPartOf":{"@id":"https:\/\/elfsight.com\/pt\/#website"},"datePublished":"2024-05-03T06:38:37+00:00","dateModified":"2024-11-13T11:51:14+00:00","description":"Experimente o melhor plugin do Google Maps para site iFrame. Adicione mapas interativos em apenas 2 minutos gratuitamente no editor de plugins mais r\u00e1pido.","breadcrumb":{"@id":"https:\/\/elfsight.com\/pt\/google-maps-widget\/iframe\/#breadcrumb"},"inLanguage":"pt-PT","potentialAction":[{"@type":"ReadAction","target":["https:\/\/elfsight.com\/pt\/google-maps-widget\/iframe\/"]}]},{"@type":"BreadcrumbList","@id":"https:\/\/elfsight.com\/pt\/google-maps-widget\/iframe\/#breadcrumb","itemListElement":[{"@type":"ListItem","position":1,"name":"Home","item":"https:\/\/elfsight.com\/pt\/"},{"@type":"ListItem","position":2,"name":"Google Maps","item":"https:\/\/elfsight.com\/pt\/google-maps-widget\/"},{"@type":"ListItem","position":3,"name":"Google Maps &#8211; iFrame"}]},{"@type":"WebSite","@id":"https:\/\/elfsight.com\/pt\/#website","url":"https:\/\/elfsight.com\/pt\/","name":"Elfsight PT","description":"Just another Elfsight Sites site","potentialAction":[{"@type":"SearchAction","target":{"@type":"EntryPoint","urlTemplate":"https:\/\/elfsight.com\/pt\/?s={search_term_string}"},"query-input":{"@type":"PropertyValueSpecification","valueRequired":true,"valueName":"search_term_string"}}],"inLanguage":"pt-PT"}]}},"meta_box":{"industry":"","seo_heading":"","heading":"","description":"","cta_heading":"","cta_description":"","application":"634","h1":"Plug-in iFrame do Google Maps","h1_caption":"Torne absolutamente simples para os clientes encontrarem seu escrit\u00f3rio ou loja","application_category":[],"applications_title":"","applications_request_title":"","applications_request_button_text":"","hero_text":"","hero_video":"","hero_video_schema_markup":"","selling_points_title":"","selling_points_caption":"","selling_points":[],"selling_points_cta_text":"","features_title":"","features":"","ed_cta_examples_text":"","ed_cta_examples_hidden":"","ed_cta_demo_text":"","ed_cta_demo_hidden":"","why_caption":"","why_editor_title":"","why_editor_text":"","why_team_title":"","why_team_text":"","why_service_title":"","why_service_text":"","template_catalog_visible":"","template_catalog_title":"","template_catalog_text":"","template_catalog_categories_visible":"","demo_title":"Crie seu widget do Google Maps","demo_caption":"Configure seu Google Maps e adicione-o ao seu site iFrame gratuitamente!","default_faq_hidden":"","app_template_category":[],"platform":"4911","template_public_id":"","codecanyon_url":"","codecanyon_item_id":"","codecanyon_price":"","pricing_caption":"","pricing_elfsight_apps_hide_column":"","pricing_elfsight_apps_url":"","pricing_codecanyon_price_caption":"","integration_category":[],"integration_request_title":"","integration_request_cta":"","integration_platform":"","integrations":[],"platform_category":[],"video_schema_markup":"","price":"a partir de US$ 0\/m\u00eas","trial":"","benefits":[{"text":"Servi\u00e7o de instala\u00e7\u00e3o gratuito"},{"text":"Atendimento ao cliente profissional"},{"text":"Garantia de reembolso de 14 dias"},{"text":"Atualiza\u00e7\u00f5es gratuitas cont\u00ednuas"}],"button_url":"#demo","button_target_blank":"0","button_nofollow":"0","attributes":[{"name":"Instala\u00e7\u00f5es","content":"100,000 - 500,000","_state":"expanded"},{"name":"Responsivo","content":"Sim","_state":"expanded"},{"name":"Navegadores compat\u00edveis","content":"Firefox, Safari, Opera, Chrome, Edge"}],"tags":[],"tags_disable_links":"0","hide_more_platforms":"","video_object":"","demo_hide_cta":"0","demo_hide_cloud_options":"0","pricing_title":"","pricing":[{"pricing_icon":"platform","pricing_title":"Elfsight Apps","pricing_title_caption":"Vers\u00e3o multiplataforma","pricing_price":"a partir de US$ 0\/m\u00eas","pricing_price_caption":"comece com plano gratuito","pricing_benefits":[{"text":"N\u00famero ilimitado de sites"},{"text":"Suporte r\u00e1pido e pontual"},{"text":"Suporte r\u00e1pido e pontual"},{"text":"Oferta especial para v\u00e1rios aplicativos"}],"pricing_button_text":"Adicionar ao site","pricing_button_url":"#demo","_state":"expanded"}],"related_apps_title":"","related_apps_hidden":"1","author":"","image":[],"title":"","job":"","social_networks":[]},"_links":{"self":[{"href":"https:\/\/elfsight.com\/pt\/wp-json\/wp\/v2\/pages\/4054","targetHints":{"allow":["GET"]}}],"collection":[{"href":"https:\/\/elfsight.com\/pt\/wp-json\/wp\/v2\/pages"}],"about":[{"href":"https:\/\/elfsight.com\/pt\/wp-json\/wp\/v2\/types\/page"}],"author":[{"embeddable":true,"href":"https:\/\/elfsight.com\/pt\/wp-json\/wp\/v2\/users\/9"}],"replies":[{"embeddable":true,"href":"https:\/\/elfsight.com\/pt\/wp-json\/wp\/v2\/comments?post=4054"}],"version-history":[{"count":2,"href":"https:\/\/elfsight.com\/pt\/wp-json\/wp\/v2\/pages\/4054\/revisions"}],"predecessor-version":[{"id":11901,"href":"https:\/\/elfsight.com\/pt\/wp-json\/wp\/v2\/pages\/4054\/revisions\/11901"}],"up":[{"embeddable":true,"href":"https:\/\/elfsight.com\/pt\/wp-json\/wp\/v2\/pages\/635"}],"wp:attachment":[{"href":"https:\/\/elfsight.com\/pt\/wp-json\/wp\/v2\/media?parent=4054"}],"curies":[{"name":"wp","href":"https:\/\/api.w.org\/{rel}","templated":true}]}}