{"id":4049,"date":"2024-05-03T06:37:59","date_gmt":"2024-05-03T06:37:59","guid":{"rendered":"https:\/\/elfsight.com\/pt\/?page_id=4049"},"modified":"2024-11-13T12:12:45","modified_gmt":"2024-11-13T12:12:45","slug":"html","status":"publish","type":"page","link":"https:\/\/elfsight.com\/pt\/online-form-builder\/html\/","title":{"rendered":"Form Builder &#8211; HTML"},"content":{"rendered":"\n<div class=\"application-platform-content-item-description application-platform-content-item\" id=\"description\" data-nav-section=\"description\">\n<h2>Construtor de formul\u00e1rios personalizados para HTML<\/h2>\n<p>Elfsight simple Form Builder \u00e9 uma ferramenta completa para criar diversos formul\u00e1rios de preenchimento e public\u00e1-los em seu site. Re\u00fana insights de sua clientela atual e futura por meio de pesquisas de f\u00e1cil preenchimento, formul\u00e1rios de feedback, solicita\u00e7\u00f5es de classifica\u00e7\u00e3o, formul\u00e1rios de candidatura de emprego, formul\u00e1rios de registro e muito mais. Projete a estrutura do formul\u00e1rio com nosso gerador de formul\u00e1rio HTML gratuito, oferecendo infinitas oportunidades para moldar formul\u00e1rios personalizados para receber insights de seus usu\u00e1rios.<\/p>\n<p>N\u00e3o importa quais informa\u00e7\u00f5es voc\u00ea busca: opini\u00f5es, avalia\u00e7\u00f5es, reservas e vendas \u2013 o HTML Form Builder da Elfsight ir\u00e1 ajud\u00e1-lo a criar o formul\u00e1rio de preenchimento mais adequado. Com design responsivo e diversos elementos predefinidos, seu formul\u00e1rio ser\u00e1 \u00fatil para seus clientes e poderoso para voc\u00ea.<\/p>\n<p><b>Processe reservas e compras atrav\u00e9s de formul\u00e1rios eficientes para compras r\u00e1pidas e f\u00e1ceis!<\/b><\/p>\n<ul>\n    <li><b>Crie formul\u00e1rios atraentes para coletar mais feedback<\/b>. V\u00e1rios segmentos de formul\u00e1rio dispon\u00edveis permitem criar formul\u00e1rios interessantes e funcionais. Personalize o widget com os estilos da Elfsight para torn\u00e1-lo atraente e incentivar mais usu\u00e1rios a preench\u00ea-lo.<\/li>\n    <li><b>Aumente o n\u00famero de leads com formul\u00e1rios gerenci\u00e1veis<\/b>. Crie formul\u00e1rios com etapas simples e estrutura conveniente, que manter\u00e3o os clientes engajados at\u00e9 a conclus\u00e3o, aumentando o n\u00famero de leads.<\/li>\n    <li><b>Economize tempo e dinheiro com uma ferramenta multifuncional<\/b>. Nosso Form Builder permite criar formul\u00e1rios para qualquer necessidade, gra\u00e7as aos diversos elementos e design responsivo.<\/li>\n<\/ul>\n<\/div>\n\n\n<div class=\"application-platform-content-item-features application-platform-content-item\" id=\"features\" data-nav-section=\"features\">\n<h2>Recursos do plugin Form Builder<\/h2>\n<p>O que torna nosso Online Form Builder o melhor plugin para coletar feedback e rea\u00e7\u00f5es dos clientes em HTML?<\/p>\n<ul>\n    <li>Crie uma descri\u00e7\u00e3o para cada elemento, que ser\u00e1 mostrada abaixo do r\u00f3tulo;<\/li>\n    <li>Texto edit\u00e1vel do bot\u00e3o de envio;<\/li>\n    <li>Atribua qualquer endere\u00e7o de e-mail para receber automaticamente os resultados do preenchimento do formul\u00e1rio;<\/li>\n    <li>3 layouts prontos para uso (Padr\u00e3o, Caixa, Flutuante);<\/li>\n    <li>Pinte seu formul\u00e1rio com um clique &#8211; a cor principal ser\u00e1 aplicada a todos os elementos ativos, bot\u00e3o de envio, barra de progresso, etc.<\/li>\n<\/ul>\n<a href=\"#demo\">Teste todas as vantagens na demonstra\u00e7\u00e3o ao vivo<\/a>\n<\/div>\n\n<div class=\"application-platform-content-item-installation application-platform-content-item\" id=\"installation\" data-nav-section=\"installation\">\n<h2>Como adicionar o Form Builder personalizado ao c\u00f3digo HTML do site<\/h2>\n<div class=\"video-container\">\n    <iframe src=\"https:\/\/www.youtube.com\/embed\/OWaK4YneeH0\" width=\"720\" height=\"405\" frameborder=\"0\" allowfullscreen><\/iframe>\n<\/div>\n<p>O widget Elfsight \u00e9 simples de instalar e n\u00e3o exige habilidades de desenvolvimento. Voc\u00ea precisar\u00e1 de apenas 1 minuto para seguir o manual.<\/p>\n<ol>\n    <li><b>Crie seu Form Builder personalizado<\/b>. Usando nossa demonstra\u00e7\u00e3o gratuita, gere um plugin com o layout e as op\u00e7\u00f5es necess\u00e1rias.<\/li>\n    <li><b>Receba o c\u00f3digo para integra\u00e7\u00e3o do plugin<\/b>. Ap\u00f3s a cria\u00e7\u00e3o do widget, obtenha o c\u00f3digo na janela exibida nos aplicativos Elfsight.<\/li>\n    <li><b>Adicione o widget no site HTML<\/b>. Abra o c\u00f3digo da p\u00e1gina no editor HTML e insira o widget no local desejado (conte\u00fado, rodap\u00e9, barra lateral, etc.) e aplique as altera\u00e7\u00f5es.<\/li>\n    <li><b>Voc\u00ea completou a instala\u00e7\u00e3o<\/b>. Acesse seu site HTML para verificar o funcionamento do formul\u00e1rio.<\/li>\n<\/ol>\n<p>Encontrou algum problema ao configurar o widget? Entre em contato com nossa central de ajuda ou leia o artigo detalhado \u00ab<a href=\"https:\/\/elfsight.com\/tutorials\/how-to-add-form-builder-widget-to-html\/\">Como adicionar Form Builder em HTML<\/a>\u00bb.<\/p>\n<\/div>\n\n\n<div class=\"faq\" data-component=\"FAQ\">\n<div class=\"faq-item\">\r\n\t\t\t\t\t<div class=\"faq-item-question\">\r\n\t\t\t\t\t\t<h3 class=\"faq-item-question-text\">Como fa\u00e7o para preservar as informa\u00e7\u00f5es do formul\u00e1rio do cliente em HTML na minha p\u00e1gina inicial?<\/h3>\r\n\r\n\t\t\t\t\t\t<div class=\"faq-item-question-icon\"><\/div>\r\n\t\t\t\t\t<\/div>\r\n\r\n\t\t\t\t\t<div class=\"faq-item-answer\">\r\n\t\t\t\t\t\t<div class=\"faq-item-answer-text\">\n<p>Nosso Form Builder est\u00e1 integrado com o servi\u00e7o reCAPTCHA, que protege seu formul\u00e1rio contra spam e garante o recebimento de dados importantes com seguran\u00e7a.<\/p>\n<\/div>\r\n\t\t\t\t\t<\/div>\r\n\t\t\t\t<\/div>\n\n<div class=\"faq-item\">\r\n\t\t\t\t\t<div class=\"faq-item-question\">\r\n\t\t\t\t\t\t<h3 class=\"faq-item-question-text\">Existem modelos que suportam formul\u00e1rios de l\u00f3gica condicional, m\u00faltiplos campos e e-mails?<\/h3>\r\n\r\n\t\t\t\t\t\t<div class=\"faq-item-question-icon\"><\/div>\r\n\t\t\t\t\t<\/div>\r\n\r\n\t\t\t\t\t<div class=\"faq-item-answer\">\r\n\t\t\t\t\t\t<div class=\"faq-item-answer-text\">\n<p>Claro! Tudo o que voc\u00ea precisa fazer \u00e9 acessar os aplicativos Elfsight, escolher qualquer modelo relevante e come\u00e7ar a criar seu formul\u00e1rio personalizado.<\/p>\n<\/div>\r\n\t\t\t\t\t<\/div>\r\n\t\t\t\t<\/div>\n\n<div class=\"faq-item\">\r\n\t\t\t\t\t<div class=\"faq-item-question\">\r\n\t\t\t\t\t\t<h3 class=\"faq-item-question-text\">Como fa\u00e7o para criar um formul\u00e1rio de contato ou feedback para o meu site HTML?<\/h3>\r\n\r\n\t\t\t\t\t\t<div class=\"faq-item-question-icon\"><\/div>\r\n\t\t\t\t\t<\/div>\r\n\r\n\t\t\t\t\t<div class=\"faq-item-answer\">\r\n\t\t\t\t\t\t<div class=\"faq-item-answer-text\">\n<p>Para criar seu formul\u00e1rio de contato ou feedback, basta fazer login no servi\u00e7o Elfsight Apps, realizar as altera\u00e7\u00f5es necess\u00e1rias no plugin, salvar as edi\u00e7\u00f5es e aplic\u00e1-las ao seu site. \u00c9 simples assim.<\/p>\n<\/div>\r\n\t\t\t\t\t<\/div>\r\n\t\t\t\t<\/div>\n\n<div class=\"faq-item\">\r\n\t\t\t\t\t<div class=\"faq-item-question\">\r\n\t\t\t\t\t\t<h3 class=\"faq-item-question-text\">Existe algum modelo personalizado do Form Builder para o site HTML?<\/h3>\r\n\r\n\t\t\t\t\t\t<div class=\"faq-item-question-icon\"><\/div>\r\n\t\t\t\t\t<\/div>\r\n\r\n\t\t\t\t\t<div class=\"faq-item-answer\">\r\n\t\t\t\t\t\t<div class=\"faq-item-answer-text\">\n<p>Sim, com certeza! Temos mais de 300 modelos prontos para uso, como <a href=\"https:\/\/elfsight.com\/online-form-builder\/templates\/application-forms\/\">Formul\u00e1rios de inscri\u00e7\u00e3o<\/a>, <a href=\"https:\/\/elfsight.com\/online-form-builder\/templates\/booking-forms\/\">Formul\u00e1rios de reserva<\/a>, <a href=\"https:\/\/elfsight.com\/online-form-builder\/templates\/order-forms\/\">Formul\u00e1rios de pedido<\/a>, <a href=\"https:\/\/elfsight.com\/online-form-builder\/templates\/product-forms\/\">Formul\u00e1rios de produto<\/a>, <a href=\"https:\/\/elfsight.com\/online-form-builder\/templates\/questionnaires\/\">Question\u00e1rios<\/a>, <a href=\"https:\/\/elfsight.com\/online-form-builder\/templates\/quizzes\/\">Testes<\/a>, <a href=\"https:\/\/elfsight.com\/online-form-builder\/templates\/surveys\/\">Pesquisas<\/a>, <a href=\"https:\/\/elfsight.com\/online-form-builder\/templates\/file-upload-forms\/\">Formul\u00e1rios de upload de arquivos<\/a> e muito mais. Teste os <a href=\"https:\/\/elfsight.com\/online-form-builder\/templates\/\">modelos do Form Builder<\/a> e nos envie sua opini\u00e3o.<\/p>\n<\/div>\r\n\t\t\t\t\t<\/div>\r\n\t\t\t\t<\/div>\n<\/div>\n","protected":false},"excerpt":{"rendered":"","protected":false},"author":9,"featured_media":0,"parent":596,"menu_order":0,"comment_status":"closed","ping_status":"closed","template":"templates\/template-application-platform.php","meta":{"publish_to_discourse":"","publish_post_category":"","wpdc_auto_publish_overridden":"","wpdc_topic_tags":"","wpdc_pin_topic":"","wpdc_pin_until":"","discourse_post_id":"","discourse_permalink":"","wpdc_publishing_response":"","wpdc_publishing_error":"","footnotes":""},"class_list":["post-4049","page","type-page","status-publish","hentry"],"yoast_head":"<!-- This site is optimized with the Yoast SEO plugin v25.3.1 - https:\/\/yoast.com\/wordpress\/plugins\/seo\/ -->\n<title>Crie e adicione formul\u00e1rios personalizados em HTML gratuitamente!<\/title>\n<meta name=\"description\" content=\"Crie o melhor construtor de formul\u00e1rios online no c\u00f3digo HTML do seu site sem habilidades de desenvolvimento. Experimente a demonstra\u00e7\u00e3o pr\u00e1tica da Elfsight e configure seu widget de formul\u00e1rio.\" \/>\n<meta name=\"robots\" content=\"index, follow, max-snippet:-1, max-image-preview:large, max-video-preview:-1\" \/>\n<link rel=\"canonical\" href=\"https:\/\/elfsight.com\/pt\/online-form-builder\/html\/\" \/>\n<meta property=\"og:locale\" content=\"pt_PT\" \/>\n<meta property=\"og:type\" content=\"article\" \/>\n<meta property=\"og:title\" content=\"Crie e adicione formul\u00e1rios personalizados em HTML gratuitamente!\" \/>\n<meta property=\"og:description\" content=\"Crie o melhor construtor de formul\u00e1rios online no c\u00f3digo HTML do seu site sem habilidades de desenvolvimento. Experimente a demonstra\u00e7\u00e3o pr\u00e1tica da Elfsight e configure seu widget de formul\u00e1rio.\" \/>\n<meta property=\"og:url\" content=\"https:\/\/elfsight.com\/pt\/online-form-builder\/html\/\" \/>\n<meta property=\"og:site_name\" content=\"Elfsight PT\" \/>\n<meta property=\"article:modified_time\" content=\"2024-11-13T12:12:45+00:00\" \/>\n<meta name=\"twitter:card\" content=\"summary_large_image\" \/>\n<meta name=\"twitter:label1\" content=\"Tempo estimado de leitura\" \/>\n\t<meta name=\"twitter:data1\" content=\"4 minutos\" \/>\n<!-- \/ Yoast SEO plugin. -->","yoast_head_json":{"title":"Crie e adicione formul\u00e1rios personalizados em HTML gratuitamente!","description":"Crie o melhor construtor de formul\u00e1rios online no c\u00f3digo HTML do seu site sem habilidades de desenvolvimento. Experimente a demonstra\u00e7\u00e3o pr\u00e1tica da Elfsight e configure seu widget de formul\u00e1rio.","robots":{"index":"index","follow":"follow","max-snippet":"max-snippet:-1","max-image-preview":"max-image-preview:large","max-video-preview":"max-video-preview:-1"},"canonical":"https:\/\/elfsight.com\/pt\/online-form-builder\/html\/","og_locale":"pt_PT","og_type":"article","og_title":"Crie e adicione formul\u00e1rios personalizados em HTML gratuitamente!","og_description":"Crie o melhor construtor de formul\u00e1rios online no c\u00f3digo HTML do seu site sem habilidades de desenvolvimento. Experimente a demonstra\u00e7\u00e3o pr\u00e1tica da Elfsight e configure seu widget de formul\u00e1rio.","og_url":"https:\/\/elfsight.com\/pt\/online-form-builder\/html\/","og_site_name":"Elfsight PT","article_modified_time":"2024-11-13T12:12:45+00:00","twitter_card":"summary_large_image","twitter_misc":{"Tempo estimado de leitura":"4 minutos"},"schema":{"@context":"https:\/\/schema.org","@graph":[{"@type":"WebPage","@id":"https:\/\/elfsight.com\/pt\/online-form-builder\/html\/","url":"https:\/\/elfsight.com\/pt\/online-form-builder\/html\/","name":"Crie e adicione formul\u00e1rios personalizados em HTML gratuitamente!","isPartOf":{"@id":"https:\/\/elfsight.com\/pt\/#website"},"datePublished":"2024-05-03T06:37:59+00:00","dateModified":"2024-11-13T12:12:45+00:00","description":"Crie o melhor construtor de formul\u00e1rios online no c\u00f3digo HTML do seu site sem habilidades de desenvolvimento. Experimente a demonstra\u00e7\u00e3o pr\u00e1tica da Elfsight e configure seu widget de formul\u00e1rio.","breadcrumb":{"@id":"https:\/\/elfsight.com\/pt\/online-form-builder\/html\/#breadcrumb"},"inLanguage":"pt-PT","potentialAction":[{"@type":"ReadAction","target":["https:\/\/elfsight.com\/pt\/online-form-builder\/html\/"]}]},{"@type":"BreadcrumbList","@id":"https:\/\/elfsight.com\/pt\/online-form-builder\/html\/#breadcrumb","itemListElement":[{"@type":"ListItem","position":1,"name":"Home","item":"https:\/\/elfsight.com\/pt\/"},{"@type":"ListItem","position":2,"name":"Form Builder","item":"https:\/\/elfsight.com\/pt\/online-form-builder\/"},{"@type":"ListItem","position":3,"name":"Form Builder &#8211; HTML"}]},{"@type":"WebSite","@id":"https:\/\/elfsight.com\/pt\/#website","url":"https:\/\/elfsight.com\/pt\/","name":"Elfsight PT","description":"Just another Elfsight Sites site","potentialAction":[{"@type":"SearchAction","target":{"@type":"EntryPoint","urlTemplate":"https:\/\/elfsight.com\/pt\/?s={search_term_string}"},"query-input":{"@type":"PropertyValueSpecification","valueRequired":true,"valueName":"search_term_string"}}],"inLanguage":"pt-PT"}]}},"meta_box":{"industry":"","seo_heading":"","heading":"","description":"","cta_heading":"","cta_description":"","application":"595","h1":"Construtor de formul\u00e1rios on-line para HTML","h1_caption":"Informa\u00e7\u00f5es sobre formas - coletando formas de v\u00e1rios tipos em etapas r\u00e1pidas","application_category":[],"applications_title":"","applications_request_title":"","applications_request_button_text":"","hero_text":"","hero_video":"","hero_video_schema_markup":"","selling_points_title":"","selling_points_caption":"","selling_points":[],"selling_points_cta_text":"","features_title":"","features":"","ed_cta_examples_text":"","ed_cta_examples_hidden":"","ed_cta_demo_text":"","ed_cta_demo_hidden":"","why_caption":"","why_editor_title":"","why_editor_text":"","why_team_title":"","why_team_text":"","why_service_title":"","why_service_text":"","template_catalog_visible":"0","template_catalog_title":"","template_catalog_text":"","template_catalog_categories_visible":"","demo_title":"Crie seu widget Form Builder","demo_caption":"Configure seu Form Builder e adicione-o ao seu site HTML gratuitamente!","default_faq_hidden":"","app_template_category":[],"platform":"49","template_public_id":"","codecanyon_url":"","codecanyon_item_id":"","codecanyon_price":"","pricing_caption":"","pricing_elfsight_apps_hide_column":"","pricing_elfsight_apps_url":"","pricing_codecanyon_price_caption":"","integration_category":[],"integration_request_title":"","integration_request_cta":"","integration_platform":"","integrations":[],"platform_category":[],"video_schema_markup":"","price":"a partir de US$ 0\/m\u00eas","trial":"","benefits":[{"text":"Assist\u00eancia de instala\u00e7\u00e3o gratuita"},{"text":"Suporte ao cliente experiente"},{"text":"Garantia de reembolso de 14 dias"},{"text":"Atualiza\u00e7\u00f5es cont\u00ednuas"}],"button_url":"#demo","button_target_blank":"0","button_nofollow":"0","attributes":[{"name":"Instala\u00e7\u00f5es","content":"100,000 - 500,000","_state":"expanded"},{"name":"Responsivo","content":"Sim","_state":"expanded"},{"name":"Navegadores compat\u00edveis","content":"Firefox, Safari, Opera, Chrome, Edge"}],"tags":[],"tags_disable_links":"0","hide_more_platforms":"","video_object":"","demo_hide_cta":"0","demo_hide_cloud_options":"0","pricing_title":"","pricing":[{"pricing_icon":"platform","pricing_title":"Elfsight Apps","pricing_title_caption":"Software independente de plataforma que funciona em qualquer site","pricing_price":"a partir de US$ 0\/m\u00eas","pricing_price_caption":"comece com plano gratuito","pricing_benefits":[{"text":"Sites ilimitados"},{"text":"Suporte premium, pontual e bem documentado"},{"text":"Suporte premium, pontual e bem documentado"},{"text":"Oferta especial para v\u00e1rios aplicativos"}],"pricing_button_text":"Adicionar ao site","pricing_button_url":"#demo","_state":"expanded"}],"related_apps_title":"","related_apps_hidden":"1","author":"","image":[],"title":"","job":"","social_networks":[]},"_links":{"self":[{"href":"https:\/\/elfsight.com\/pt\/wp-json\/wp\/v2\/pages\/4049","targetHints":{"allow":["GET"]}}],"collection":[{"href":"https:\/\/elfsight.com\/pt\/wp-json\/wp\/v2\/pages"}],"about":[{"href":"https:\/\/elfsight.com\/pt\/wp-json\/wp\/v2\/types\/page"}],"author":[{"embeddable":true,"href":"https:\/\/elfsight.com\/pt\/wp-json\/wp\/v2\/users\/9"}],"replies":[{"embeddable":true,"href":"https:\/\/elfsight.com\/pt\/wp-json\/wp\/v2\/comments?post=4049"}],"version-history":[{"count":4,"href":"https:\/\/elfsight.com\/pt\/wp-json\/wp\/v2\/pages\/4049\/revisions"}],"predecessor-version":[{"id":12660,"href":"https:\/\/elfsight.com\/pt\/wp-json\/wp\/v2\/pages\/4049\/revisions\/12660"}],"up":[{"embeddable":true,"href":"https:\/\/elfsight.com\/pt\/wp-json\/wp\/v2\/pages\/596"}],"wp:attachment":[{"href":"https:\/\/elfsight.com\/pt\/wp-json\/wp\/v2\/media?parent=4049"}],"curies":[{"name":"wp","href":"https:\/\/api.w.org\/{rel}","templated":true}]}}