{"id":4040,"date":"2024-05-03T06:36:36","date_gmt":"2024-05-03T06:36:36","guid":{"rendered":"https:\/\/elfsight.com\/pt\/?page_id=4040"},"modified":"2025-03-06T09:17:31","modified_gmt":"2025-03-06T09:17:31","slug":"godaddy","status":"publish","type":"page","link":"https:\/\/elfsight.com\/pt\/accordion-faq-widget\/godaddy\/","title":{"rendered":"FAQ &#8211; GoDaddy"},"content":{"rendered":"\n<div class=\"application-platform-content-item-description application-platform-content-item\" id=\"description\" data-nav-section=\"description\"> <h2>Incorpore FAQ no GoDaddy com o widget Elfsight<\/h2> <p>O plugin Elfsight FAQ \u00e9 uma ferramenta eficaz para moldar facilmente um FAQ informativo para seu site. Forne\u00e7a aos seus clientes as respostas \u00e0s perguntas mais frequentes em um formato claro e f\u00e1cil de navegar para antecipar suas d\u00favidas e reduzir a carga da sua equipe de suporte. Forne\u00e7a mais detalhes sobre seus produtos e termos comerciais para combater quaisquer d\u00favidas e equ\u00edvocos para maior confian\u00e7a e mais vendas.<\/p> <p><b>Aumente suas vendas antecipando as d\u00favidas dos clientes e eliminando obst\u00e1culos \u00e0 compra!<\/b> <\/p> <\/div> <div class=\"application-platform-content-item-features application-platform-content-item\" id=\"features\" data-nav-section=\"features\"> <h2>Abaixo est\u00e3o os recursos essenciais do plugin: <\/h2> <ul><li>3 layouts prontos: acorde\u00e3o, lista, multicolunas<\/li> <li>Layout de acorde\u00e3o para mostrar respostas ao clicar<\/li><li>Layout de lista para exibir todas as perguntas e respostas de uma vez<\/li><li>Layout de m\u00faltiplas colunas para espalhar automaticamente o conte\u00fado em colunas<\/li><li> 4 estilos prontos para usar com bordas e sombras<\/li><\/ul><p><a href=\"#demo\">Basta experimentar esta demonstra\u00e7\u00e3o para ver quanto vale o plugin<\/a><\/p> <\/div> <div class=\"application-platform-content-item-installation application-platform-content-item\" id=\"installation\" data-nav-section=\"installation\"> <h2>Como adicionar perguntas frequentes no meu site GoDaddy? <\/h2> <p>Basta seguir algumas etapas abaixo para integrar a ferramenta. <\/p> <ol><li><b>Realize nossa demonstra\u00e7\u00e3o gratuita e comece a construir seu plugin personalizado. <\/b><br> Determine a forma personalizada e a funcionalidade do plugin e salve as edi\u00e7\u00f5es. <\/li> <li><b>Obtenha o seu c\u00f3digo pessoal que aparece no formul\u00e1rio especial nas aplica\u00e7\u00f5es Elfsight. <\/b><br> Ap\u00f3s o estabelecimento do seu plugin pessoal, copie o c\u00f3digo individual na janela que aparece e guarde-o para uso posterior. <\/li> <li><b>Comece a usar o plug-in na sua p\u00e1gina da GoDaddy. <\/b><br>Incorpore o c\u00f3digo que voc\u00ea salvou recentemente em sua p\u00e1gina e aplique as modifica\u00e7\u00f5es. <\/li> <li><b>Pronto! A integra\u00e7\u00e3o foi realizada com sucesso. <\/b><br> Acesse sua p\u00e1gina para ver em a\u00e7\u00e3o o funcionamento do plugin. <\/li><\/ol> <p>Caso tenha d\u00favidas ou enfrente quaisquer obst\u00e1culos, entre em contato com nossa equipe de suporte. Nossos especialistas ter\u00e3o prazer em ajud\u00e1-lo com todos os problemas que voc\u00ea possa ter com o produto. <\/p> <div class=\"faq\" data-component=\"FAQ\"><div class=\"faq-item\">\r\n\t\t\t\t\t<div class=\"faq-item-question\">\r\n\t\t\t\t\t\t<h3 class=\"faq-item-question-text\">Como posso adicionar FAQ ao meu site GoDaddy sem conhecimentos de codifica\u00e7\u00e3o?<\/h3>\r\n\r\n\t\t\t\t\t\t<div class=\"faq-item-question-icon\"><\/div>\r\n\t\t\t\t\t<\/div>\r\n\r\n\t\t\t\t\t<div class=\"faq-item-answer\">\r\n\t\t\t\t\t\t<div class=\"faq-item-answer-text\"> <p>A Elfsight fornece uma solu\u00e7\u00e3o SaaS que lhe permite criar um widget de FAQ, veja como \u00e9 f\u00e1cil o processo: trabalhe diretamente no editor on-line para criar um widget de perguntas frequentes que voc\u00ea gostaria de ver em seu site GoDaddy. Escolha um dos modelos predefinidos e ajuste as configura\u00e7\u00f5es do FAQ, adicione seu conte\u00fado, altere o layout e as cores sem nenhuma habilidade de codifica\u00e7\u00e3o. Salve o FAQ e copie seu c\u00f3digo de instala\u00e7\u00e3o, que voc\u00ea pode simplesmente adicionar ao seu site GoDaddy sem a necessidade de adquirir um plano pago. Com nosso editor intuitivo, qualquer usu\u00e1rio da Internet pode criar um widget de perguntas frequentes on-line e incorpor\u00e1-lo facilmente ao site GoDaddy. N\u00e3o h\u00e1 necessidade de pagar ou inserir as credenciais do seu cart\u00e3o para acessar o servi\u00e7o. Se voc\u00ea enfrentar qualquer problema em qualquer etapa, n\u00e3o hesite em entrar em contato com nossa equipe de suporte t\u00e9cnico.<\/p> <\/div>\r\n\t\t\t\t\t<\/div>\r\n\t\t\t\t<\/div> <\/div><\/div>\n","protected":false},"excerpt":{"rendered":"","protected":false},"author":9,"featured_media":0,"parent":815,"menu_order":0,"comment_status":"closed","ping_status":"closed","template":"templates\/template-application-platform.php","meta":{"publish_to_discourse":"","publish_post_category":"","wpdc_auto_publish_overridden":"","wpdc_topic_tags":"","wpdc_pin_topic":"","wpdc_pin_until":"","discourse_post_id":"","discourse_permalink":"","wpdc_publishing_response":"","wpdc_publishing_error":"","footnotes":""},"class_list":["post-4040","page","type-page","status-publish","hentry"],"yoast_head":"<!-- This site is optimized with the Yoast SEO plugin v25.3.1 - https:\/\/yoast.com\/wordpress\/plugins\/seo\/ -->\n<title>Plug-in de FAQ - Adicione o plug-in de FAQ ao site GoDaddy!<\/title>\n<meta name=\"description\" content=\"Obtenha seu plugin de FAQ personalizado para GoDaddy em apenas alguns minutos. Teste a demonstra\u00e7\u00e3o mais f\u00e1cil para gerar plugins da Elfsight.\" \/>\n<meta name=\"robots\" content=\"index, follow, max-snippet:-1, max-image-preview:large, max-video-preview:-1\" \/>\n<link rel=\"canonical\" href=\"https:\/\/elfsight.com\/pt\/accordion-faq-widget\/godaddy\/\" \/>\n<meta property=\"og:locale\" content=\"pt_PT\" \/>\n<meta property=\"og:type\" content=\"article\" \/>\n<meta property=\"og:title\" content=\"Plug-in de FAQ - Adicione o plug-in de FAQ ao site GoDaddy!\" \/>\n<meta property=\"og:description\" content=\"Obtenha seu plugin de FAQ personalizado para GoDaddy em apenas alguns minutos. Teste a demonstra\u00e7\u00e3o mais f\u00e1cil para gerar plugins da Elfsight.\" \/>\n<meta property=\"og:url\" content=\"https:\/\/elfsight.com\/pt\/accordion-faq-widget\/godaddy\/\" \/>\n<meta property=\"og:site_name\" content=\"Elfsight PT\" \/>\n<meta property=\"article:modified_time\" content=\"2025-03-06T09:17:31+00:00\" \/>\n<meta name=\"twitter:card\" content=\"summary_large_image\" \/>\n<meta name=\"twitter:label1\" content=\"Tempo estimado de leitura\" \/>\n\t<meta name=\"twitter:data1\" content=\"3 minutos\" \/>\n<!-- \/ Yoast SEO plugin. -->","yoast_head_json":{"title":"Plug-in de FAQ - Adicione o plug-in de FAQ ao site GoDaddy!","description":"Obtenha seu plugin de FAQ personalizado para GoDaddy em apenas alguns minutos. Teste a demonstra\u00e7\u00e3o mais f\u00e1cil para gerar plugins da Elfsight.","robots":{"index":"index","follow":"follow","max-snippet":"max-snippet:-1","max-image-preview":"max-image-preview:large","max-video-preview":"max-video-preview:-1"},"canonical":"https:\/\/elfsight.com\/pt\/accordion-faq-widget\/godaddy\/","og_locale":"pt_PT","og_type":"article","og_title":"Plug-in de FAQ - Adicione o plug-in de FAQ ao site GoDaddy!","og_description":"Obtenha seu plugin de FAQ personalizado para GoDaddy em apenas alguns minutos. Teste a demonstra\u00e7\u00e3o mais f\u00e1cil para gerar plugins da Elfsight.","og_url":"https:\/\/elfsight.com\/pt\/accordion-faq-widget\/godaddy\/","og_site_name":"Elfsight PT","article_modified_time":"2025-03-06T09:17:31+00:00","twitter_card":"summary_large_image","twitter_misc":{"Tempo estimado de leitura":"3 minutos"},"schema":{"@context":"https:\/\/schema.org","@graph":[{"@type":"WebPage","@id":"https:\/\/elfsight.com\/pt\/accordion-faq-widget\/godaddy\/","url":"https:\/\/elfsight.com\/pt\/accordion-faq-widget\/godaddy\/","name":"Plug-in de FAQ - Adicione o plug-in de FAQ ao site GoDaddy!","isPartOf":{"@id":"https:\/\/elfsight.com\/pt\/#website"},"datePublished":"2024-05-03T06:36:36+00:00","dateModified":"2025-03-06T09:17:31+00:00","description":"Obtenha seu plugin de FAQ personalizado para GoDaddy em apenas alguns minutos. Teste a demonstra\u00e7\u00e3o mais f\u00e1cil para gerar plugins da Elfsight.","breadcrumb":{"@id":"https:\/\/elfsight.com\/pt\/accordion-faq-widget\/godaddy\/#breadcrumb"},"inLanguage":"pt-PT","potentialAction":[{"@type":"ReadAction","target":["https:\/\/elfsight.com\/pt\/accordion-faq-widget\/godaddy\/"]}]},{"@type":"BreadcrumbList","@id":"https:\/\/elfsight.com\/pt\/accordion-faq-widget\/godaddy\/#breadcrumb","itemListElement":[{"@type":"ListItem","position":1,"name":"Home","item":"https:\/\/elfsight.com\/pt\/"},{"@type":"ListItem","position":2,"name":"FAQ","item":"https:\/\/elfsight.com\/pt\/accordion-faq-widget\/"},{"@type":"ListItem","position":3,"name":"FAQ &#8211; GoDaddy"}]},{"@type":"WebSite","@id":"https:\/\/elfsight.com\/pt\/#website","url":"https:\/\/elfsight.com\/pt\/","name":"Elfsight PT","description":"Just another Elfsight Sites site","potentialAction":[{"@type":"SearchAction","target":{"@type":"EntryPoint","urlTemplate":"https:\/\/elfsight.com\/pt\/?s={search_term_string}"},"query-input":{"@type":"PropertyValueSpecification","valueRequired":true,"valueName":"search_term_string"}}],"inLanguage":"pt-PT"}]}},"meta_box":{"industry":"","seo_heading":"","heading":"","description":"","cta_heading":"","cta_description":"","application":"814","h1":"Plug-in de perguntas frequentes do GoDaddy","h1_caption":"Ajude seus clientes a entender melhor seus produtos, servi\u00e7os e condi\u00e7\u00f5es","application_category":[],"applications_title":"","applications_request_title":"","applications_request_button_text":"","hero_text":"","hero_video":"","hero_video_schema_markup":"","selling_points_title":"","selling_points_caption":"","selling_points":[],"selling_points_cta_text":"","features_title":"","features":"","ed_cta_examples_text":"","ed_cta_examples_hidden":"","ed_cta_demo_text":"","ed_cta_demo_hidden":"","why_caption":"","why_editor_title":"","why_editor_text":"","why_team_title":"","why_team_text":"","why_service_title":"","why_service_text":"","template_catalog_visible":"0","template_catalog_title":"","template_catalog_text":"","template_catalog_categories_visible":"","demo_title":"Crie seu plugin de perguntas frequentes","demo_caption":"Configure seu FAQ e adicione-o ao seu site GoDaddy gratuitamente!","default_faq_hidden":"","app_template_category":[],"platform":"4908","template_public_id":"","codecanyon_url":"","codecanyon_item_id":"","codecanyon_price":"","pricing_caption":"","pricing_elfsight_apps_hide_column":"","pricing_elfsight_apps_url":"","pricing_codecanyon_price_caption":"","integration_category":[],"integration_request_title":"","integration_request_cta":"","integration_platform":"","integrations":[],"platform_category":[],"video_schema_markup":"","price":"a partir de US$ 0\/m\u00eas","trial":"","benefits":[{"text":"Servi\u00e7o de instala\u00e7\u00e3o gratuito"},{"text":"Atendimento ao cliente profissional"},{"text":"Garantia de reembolso de 14 dias"},{"text":"Melhorias cont\u00ednuas"}],"button_url":"#demo","button_target_blank":"0","button_nofollow":"0","attributes":[{"name":"Instala\u00e7\u00f5es","content":"10,000 - 100,000","_state":"expanded"},{"name":"Responsivo","content":"Sim","_state":"expanded"},{"name":"Navegadores compat\u00edveis","content":"IE11, Firefox, Safari, Opera, Chrome, Edge"}],"tags":[],"tags_disable_links":"0","hide_more_platforms":"0","video_object":"","demo_hide_cta":"0","demo_hide_cloud_options":"0","pricing_title":"","pricing":[{"pricing_icon":"platform","pricing_title":"Elfsight Apps","pricing_title_caption":"Solu\u00e7\u00e3o digital multiplataforma que funciona em qualquer site","pricing_price":"a partir de US$ 0\/m\u00eas","pricing_price_caption":"comece com plano gratuito","pricing_benefits":[{"text":"Dom\u00ednios ilimitados"},{"text":"Suporte premium, pontual e bem documentado"},{"text":"Suporte premium, pontual e bem documentado"},{"text":"Totalmente personaliz\u00e1vel"}],"pricing_button_text":"Adicionar ao site","pricing_button_url":"#demo","_state":"expanded"}],"related_apps_title":"","related_apps_hidden":"1","author":"","image":[],"title":"","job":"","social_networks":[]},"_links":{"self":[{"href":"https:\/\/elfsight.com\/pt\/wp-json\/wp\/v2\/pages\/4040","targetHints":{"allow":["GET"]}}],"collection":[{"href":"https:\/\/elfsight.com\/pt\/wp-json\/wp\/v2\/pages"}],"about":[{"href":"https:\/\/elfsight.com\/pt\/wp-json\/wp\/v2\/types\/page"}],"author":[{"embeddable":true,"href":"https:\/\/elfsight.com\/pt\/wp-json\/wp\/v2\/users\/9"}],"replies":[{"embeddable":true,"href":"https:\/\/elfsight.com\/pt\/wp-json\/wp\/v2\/comments?post=4040"}],"version-history":[{"count":3,"href":"https:\/\/elfsight.com\/pt\/wp-json\/wp\/v2\/pages\/4040\/revisions"}],"predecessor-version":[{"id":14409,"href":"https:\/\/elfsight.com\/pt\/wp-json\/wp\/v2\/pages\/4040\/revisions\/14409"}],"up":[{"embeddable":true,"href":"https:\/\/elfsight.com\/pt\/wp-json\/wp\/v2\/pages\/815"}],"wp:attachment":[{"href":"https:\/\/elfsight.com\/pt\/wp-json\/wp\/v2\/media?parent=4040"}],"curies":[{"name":"wp","href":"https:\/\/api.w.org\/{rel}","templated":true}]}}