{"id":4033,"date":"2024-05-03T06:37:40","date_gmt":"2024-05-03T06:37:40","guid":{"rendered":"https:\/\/elfsight.com\/pt\/?page_id=4033"},"modified":"2025-02-05T13:13:59","modified_gmt":"2025-02-05T13:13:59","slug":"godaddy","status":"publish","type":"page","link":"https:\/\/elfsight.com\/pt\/online-form-builder\/godaddy\/","title":{"rendered":"Form Builder &#8211; GoDaddy"},"content":{"rendered":"\n<div class=\"application-platform-content-item-description application-platform-content-item\" id=\"description\" data-nav-section=\"description\"><h2>Construtor de formul\u00e1rios personalizados para GoDaddy<\/h2> <p>Nosso aplicativo GoDaddy Form Builder \u00e9 uma solu\u00e7\u00e3o vers\u00e1til que permite criar qualquer tipo de formul\u00e1rio que voc\u00ea precisa e adicione-o \u00e0 sua loja Shopify. Se voc\u00ea deseja criar um formul\u00e1rio personalizado, um formul\u00e1rio de feedback ou qualquer outro tipo de formul\u00e1rio, nosso aplicativo facilita isso. Com apenas alguns cliques, voc\u00ea pode criar um formul\u00e1rio no GoDaddy e come\u00e7ar a coletar dados de seus clientes. Nosso aplicativo de formul\u00e1rio personalizado do Shopify oferece controle total sobre o design do formul\u00e1rio, permitindo criar formul\u00e1rios que n\u00e3o s\u00e3o apenas funcionais, mas tamb\u00e9m visualmente atraentes. Se voc\u00ea precisa coletar feedback, classifica\u00e7\u00f5es, reservas ou vendas, nosso aplicativo tem o que voc\u00ea precisa. E com nossa interface amig\u00e1vel e o Form Builder intuitivo, voc\u00ea pode criar formul\u00e1rios f\u00e1ceis de usar para seus clientes e eficazes para voc\u00ea gerenciar.<\/p><p><b>Apresente o Form Builder em seu site com facilidade e rapidamente.<\/b><\/p><\/div><div class=\"application-platform-content-item-features application-platform-content-item\" id=\"features\" data-nav-section=\"features\"><h2>Recursos do plugin construtor de formul\u00e1rios<\/h2> <ul><li>Crie uma descri\u00e7\u00e3o para cada elemento, ela ser\u00e1 mostrada sob o r\u00f3tulo;<\/li><li>Op\u00e7\u00e3o de espalhar os campos em diversas colunas;<\/li><li>Textos edit\u00e1veis \u200b\u200bda mensagem de agradecimento e bot\u00e3o para preenchimento repetido do formul\u00e1rio;<\/li><li>Definir personaliza\u00e7\u00e3o largura do formul\u00e1rio nos layouts Padr\u00e3o e Caixa;<\/li><li>5 estilos predefinidos para campos de formul\u00e1rio.<\/li><li>2 cen\u00e1rios potenciais de rejei\u00e7\u00e3o de solicita\u00e7\u00e3o de revis\u00e3o: exibir um texto ou remover o bot\u00e3o. <\/li><\/ul><div class=\"application-platform-content-item-installation application-platform-content-item\" id=\"installation\" data-nav-section=\"installation\"><\/div> <h2>Como posso adicionar o Form Builder ao meu site GoDaddy? <\/h2> <p>Basta seguir os passos abaixo para come\u00e7ar a trabalhar com a ferramenta. <\/p> <ol><li><b>Realize nossa demonstra\u00e7\u00e3o gratuita e comece a construir seu plugin personalizado. <\/b><br> Especifique o layout personalizado e os aspectos do plugin e salve as edi\u00e7\u00f5es. <\/li> <li><b>Copie seu c\u00f3digo exclusivo exposto na janela dos aplicativos Elfsight. <\/b><br> Ap\u00f3s a customiza\u00e7\u00e3o da sua ferramenta, copie o c\u00f3digo exclusivo na caixa que aparece e guarde-o para uso futuro. <\/li> <li><b>Comece a usar o plug-in na p\u00e1gina inicial do GoDaddy. <\/b><br> Adicione o c\u00f3digo salvo recentemente em sua p\u00e1gina inicial e aplique as modifica\u00e7\u00f5es. <\/li> <li><b>Pronto! A integra\u00e7\u00e3o foi realizada com sucesso. <\/b><br> V\u00e1 para sua p\u00e1gina para ver como o plugin est\u00e1 funcionando. <\/li><\/ol> <p>Na condi\u00e7\u00e3o de tirar d\u00favidas ou enfrentar alguma dificuldade, n\u00e3o tenha medo de entrar em contato com nossa equipe de suporte. Nosso pessoal deseja resolver todos os problemas que voc\u00ea possa ter com o produto. <\/p><div class=\"faq\" data-component=\"FAQ\"> <div class=\"faq-item\">\r\n\t\t\t\t\t<div class=\"faq-item-question\">\r\n\t\t\t\t\t\t<h3 class=\"faq-item-question-text\">Voc\u00ea tem algum modelo pr\u00e9-concebido do Form Builder para o site GoDaddy?<\/h3>\r\n\r\n\t\t\t\t\t\t<div class=\"faq-item-question-icon\"><\/div>\r\n\t\t\t\t\t<\/div>\r\n\r\n\t\t\t\t\t<div class=\"faq-item-answer\">\r\n\t\t\t\t\t\t<div class=\"faq-item-answer-text\"><p>Sim. Nossa equipe trabalhou duro para criar uma enorme cole\u00e7\u00e3o de mais de 300 modelos, como <a href=\"https:\/\/elfsight.com\/online-form-builder\/templates\/application-forms\/\">Formul\u00e1rios de inscri\u00e7\u00e3o<\/a>, <a href=\"https:\/\/elfsight.com\/online-form-builder\/templates\/booking-forms\/\">Formul\u00e1rios de reserva<\/a>, <a href=\"https:\/\/elfsight.com\/online-form-builder\/templates\/order-forms\/\">Formul\u00e1rios de pedido<\/a>, <a href=\"https:\/\/elfsight.com\/online-form-builder\/templates\/product-forms\/\">Formul\u00e1rios de produto<\/a>, <a href=\"https:\/\/elfsight.com\/online-form-builder\/templates\/questionnaires\/\">Question\u00e1rios<\/a>, <a href=\"https:\/\/elfsight.com\/online-form-builder\/templates\/quizzes\/\">Testes<\/a>, <a href=\"https:\/\/elfsight.com\/online-form-builder\/templates\/surveys\/\">Pesquisas<\/a>, <a href=\"https:\/\/elfsight.com\/online-form-builder\/templates\/file-upload-forms\/\">Formul\u00e1rios de upload de arquivos<\/a> e muitos outros. Portanto, n\u00e3o ser\u00e1 t\u00e3o dif\u00edcil encontrar o ajuste certo com os <a href=\"https:\/\/elfsight.com\/online-form-builder\/templates\/\">modelos do Form Builder<\/a>.<\/p> <\/div>\r\n\t\t\t\t\t<\/div>\r\n\t\t\t\t<\/div> <\/div> <\/div>\n","protected":false},"excerpt":{"rendered":"","protected":false},"author":9,"featured_media":0,"parent":596,"menu_order":0,"comment_status":"closed","ping_status":"closed","template":"templates\/template-application-platform.php","meta":{"publish_to_discourse":"","publish_post_category":"","wpdc_auto_publish_overridden":"","wpdc_topic_tags":"","wpdc_pin_topic":"","wpdc_pin_until":"","discourse_post_id":"","discourse_permalink":"","wpdc_publishing_response":"","wpdc_publishing_error":"","footnotes":""},"class_list":["post-4033","page","type-page","status-publish","hentry"],"yoast_head":"<!-- This site is optimized with the Yoast SEO plugin v25.3.1 - https:\/\/yoast.com\/wordpress\/plugins\/seo\/ -->\n<title>Crie e adicione formul\u00e1rios personalizados no GoDaddy gratuitamente!<\/title>\n<meta name=\"description\" content=\"Crie um formul\u00e1rio de qualquer tipo para o seu site GoDaddy com um incr\u00edvel plugin Form Builder para o seu site! Impulsione o seu neg\u00f3cio com a Elfsight!\" \/>\n<meta name=\"robots\" content=\"index, follow, max-snippet:-1, max-image-preview:large, max-video-preview:-1\" \/>\n<link rel=\"canonical\" href=\"https:\/\/elfsight.com\/pt\/online-form-builder\/godaddy\/\" \/>\n<meta property=\"og:locale\" content=\"pt_PT\" \/>\n<meta property=\"og:type\" content=\"article\" \/>\n<meta property=\"og:title\" content=\"Crie e adicione formul\u00e1rios personalizados no GoDaddy gratuitamente!\" \/>\n<meta property=\"og:description\" content=\"Crie um formul\u00e1rio de qualquer tipo para o seu site GoDaddy com um incr\u00edvel plugin Form Builder para o seu site! Impulsione o seu neg\u00f3cio com a Elfsight!\" \/>\n<meta property=\"og:url\" content=\"https:\/\/elfsight.com\/pt\/online-form-builder\/godaddy\/\" \/>\n<meta property=\"og:site_name\" content=\"Elfsight PT\" \/>\n<meta property=\"article:modified_time\" content=\"2025-02-05T13:13:59+00:00\" \/>\n<meta name=\"twitter:card\" content=\"summary_large_image\" \/>\n<meta name=\"twitter:label1\" content=\"Tempo estimado de leitura\" \/>\n\t<meta name=\"twitter:data1\" content=\"3 minutos\" \/>\n<!-- \/ Yoast SEO plugin. -->","yoast_head_json":{"title":"Crie e adicione formul\u00e1rios personalizados no GoDaddy gratuitamente!","description":"Crie um formul\u00e1rio de qualquer tipo para o seu site GoDaddy com um incr\u00edvel plugin Form Builder para o seu site! Impulsione o seu neg\u00f3cio com a Elfsight!","robots":{"index":"index","follow":"follow","max-snippet":"max-snippet:-1","max-image-preview":"max-image-preview:large","max-video-preview":"max-video-preview:-1"},"canonical":"https:\/\/elfsight.com\/pt\/online-form-builder\/godaddy\/","og_locale":"pt_PT","og_type":"article","og_title":"Crie e adicione formul\u00e1rios personalizados no GoDaddy gratuitamente!","og_description":"Crie um formul\u00e1rio de qualquer tipo para o seu site GoDaddy com um incr\u00edvel plugin Form Builder para o seu site! Impulsione o seu neg\u00f3cio com a Elfsight!","og_url":"https:\/\/elfsight.com\/pt\/online-form-builder\/godaddy\/","og_site_name":"Elfsight PT","article_modified_time":"2025-02-05T13:13:59+00:00","twitter_card":"summary_large_image","twitter_misc":{"Tempo estimado de leitura":"3 minutos"},"schema":{"@context":"https:\/\/schema.org","@graph":[{"@type":"WebPage","@id":"https:\/\/elfsight.com\/pt\/online-form-builder\/godaddy\/","url":"https:\/\/elfsight.com\/pt\/online-form-builder\/godaddy\/","name":"Crie e adicione formul\u00e1rios personalizados no GoDaddy gratuitamente!","isPartOf":{"@id":"https:\/\/elfsight.com\/pt\/#website"},"datePublished":"2024-05-03T06:37:40+00:00","dateModified":"2025-02-05T13:13:59+00:00","description":"Crie um formul\u00e1rio de qualquer tipo para o seu site GoDaddy com um incr\u00edvel plugin Form Builder para o seu site! Impulsione o seu neg\u00f3cio com a Elfsight!","breadcrumb":{"@id":"https:\/\/elfsight.com\/pt\/online-form-builder\/godaddy\/#breadcrumb"},"inLanguage":"pt-PT","potentialAction":[{"@type":"ReadAction","target":["https:\/\/elfsight.com\/pt\/online-form-builder\/godaddy\/"]}]},{"@type":"BreadcrumbList","@id":"https:\/\/elfsight.com\/pt\/online-form-builder\/godaddy\/#breadcrumb","itemListElement":[{"@type":"ListItem","position":1,"name":"Home","item":"https:\/\/elfsight.com\/pt\/"},{"@type":"ListItem","position":2,"name":"Form Builder","item":"https:\/\/elfsight.com\/pt\/online-form-builder\/"},{"@type":"ListItem","position":3,"name":"Form Builder &#8211; GoDaddy"}]},{"@type":"WebSite","@id":"https:\/\/elfsight.com\/pt\/#website","url":"https:\/\/elfsight.com\/pt\/","name":"Elfsight PT","description":"Just another Elfsight Sites site","potentialAction":[{"@type":"SearchAction","target":{"@type":"EntryPoint","urlTemplate":"https:\/\/elfsight.com\/pt\/?s={search_term_string}"},"query-input":{"@type":"PropertyValueSpecification","valueRequired":true,"valueName":"search_term_string"}}],"inLanguage":"pt-PT"}]}},"meta_box":{"industry":"","seo_heading":"","heading":"","description":"","cta_heading":"","cta_description":"","application":"595","h1":"Plug-in GoDaddy Form Builder","h1_caption":"Crie formul\u00e1rios de qualquer tipo e incorpore-os ao seu site sem esfor\u00e7o!","application_category":[],"applications_title":"","applications_request_title":"","applications_request_button_text":"","hero_text":"","hero_video":"","hero_video_schema_markup":"","selling_points_title":"","selling_points_caption":"","selling_points":[],"selling_points_cta_text":"","features_title":"","features":"","ed_cta_examples_text":"","ed_cta_examples_hidden":"","ed_cta_demo_text":"","ed_cta_demo_hidden":"","why_caption":"","why_editor_title":"","why_editor_text":"","why_team_title":"","why_team_text":"","why_service_title":"","why_service_text":"","template_catalog_visible":"0","template_catalog_title":"","template_catalog_text":"","template_catalog_categories_visible":"","demo_title":"Crie seu plugin Form Builder","demo_caption":"Configure seu Form Builder e adicione-o ao seu site GoDaddy gratuitamente!","default_faq_hidden":"","app_template_category":[],"platform":"4908","template_public_id":"","codecanyon_url":"","codecanyon_item_id":"","codecanyon_price":"","pricing_caption":"","pricing_elfsight_apps_hide_column":"","pricing_elfsight_apps_url":"","pricing_codecanyon_price_caption":"","integration_category":[],"integration_request_title":"","integration_request_cta":"","integration_platform":"","integrations":[],"platform_category":[],"video_schema_markup":"","price":"a partir de US$ 0\/m\u00eas","trial":"","benefits":[{"text":"Ajuda de instala\u00e7\u00e3o gratuita"},{"text":"Suporte excepcional"},{"text":"Garantia de reembolso de 14 dias"},{"text":"Melhorias gratuitas regulares"}],"button_url":"#demo","button_target_blank":"0","button_nofollow":"0","attributes":[{"name":"Instala\u00e7\u00f5es","content":"100,000 - 500,000","_state":"expanded"},{"name":"Responsivo","content":"Sim","_state":"expanded"},{"name":"Navegadores compat\u00edveis","content":"IE11, Firefox, Safari, Opera, Chrome, Edge"}],"tags":[],"tags_disable_links":"0","hide_more_platforms":"","video_object":"","demo_hide_cta":"0","demo_hide_cloud_options":"0","pricing_title":"","pricing":[{"pricing_icon":"platform","pricing_title":"Elfsight Apps","pricing_title_caption":"Software independente de plataforma que funciona em qualquer site","pricing_price":"a partir de US$ 0\/m\u00eas","pricing_price_caption":"comece com plano gratuito","pricing_benefits":[{"text":"Sites ilimitados"},{"text":"Suporte r\u00e1pido da empresa e bem documentado"},{"text":"Suporte r\u00e1pido da empresa e bem documentado"},{"text":"100% personaliz\u00e1vel"}],"pricing_button_text":"Adicionar ao site","pricing_button_url":"#demo","_state":"expanded"}],"related_apps_title":"","related_apps_hidden":"1","author":"","image":[],"title":"","job":"","social_networks":[]},"_links":{"self":[{"href":"https:\/\/elfsight.com\/pt\/wp-json\/wp\/v2\/pages\/4033","targetHints":{"allow":["GET"]}}],"collection":[{"href":"https:\/\/elfsight.com\/pt\/wp-json\/wp\/v2\/pages"}],"about":[{"href":"https:\/\/elfsight.com\/pt\/wp-json\/wp\/v2\/types\/page"}],"author":[{"embeddable":true,"href":"https:\/\/elfsight.com\/pt\/wp-json\/wp\/v2\/users\/9"}],"replies":[{"embeddable":true,"href":"https:\/\/elfsight.com\/pt\/wp-json\/wp\/v2\/comments?post=4033"}],"version-history":[{"count":3,"href":"https:\/\/elfsight.com\/pt\/wp-json\/wp\/v2\/pages\/4033\/revisions"}],"predecessor-version":[{"id":13788,"href":"https:\/\/elfsight.com\/pt\/wp-json\/wp\/v2\/pages\/4033\/revisions\/13788"}],"up":[{"embeddable":true,"href":"https:\/\/elfsight.com\/pt\/wp-json\/wp\/v2\/pages\/596"}],"wp:attachment":[{"href":"https:\/\/elfsight.com\/pt\/wp-json\/wp\/v2\/media?parent=4033"}],"curies":[{"name":"wp","href":"https:\/\/api.w.org\/{rel}","templated":true}]}}