{"id":4032,"date":"2024-05-03T06:36:40","date_gmt":"2024-05-03T06:36:40","guid":{"rendered":"https:\/\/elfsight.com\/pt\/?page_id=4032"},"modified":"2024-11-13T11:46:23","modified_gmt":"2024-11-13T11:46:23","slug":"facebook","status":"publish","type":"page","link":"https:\/\/elfsight.com\/pt\/accordion-faq-widget\/facebook\/","title":{"rendered":"FAQ &#8211; Facebook Page"},"content":{"rendered":"<div class=\"application-platform-content-item-description application-platform-content-item\" id=\"description\" data-nav-section=\"description\"><h2>Descri\u00e7\u00e3o<\/h2><p>Elfsight FAQ \u2013 \u00e9 uma ferramenta eficiente e f\u00e1cil de aplicar e ajustar para criar e exibir uma lista das perguntas mais feitas com respostas em sua p\u00e1gina. Um plugin informativo com navega\u00e7\u00e3o r\u00e1pida permite que voc\u00ea compartilhe informa\u00e7\u00f5es extensas sobre suas ofertas, direcione o interesse para propriedades positivas e elimine todos os medos e suspeitas futuras, que possam influenciar a compra.<\/p><p><b>Responda \u00e0s perguntas imediatamente e anime-se. convers\u00e3o na p\u00e1gina!<\/b><\/p><\/div><div class=\"application-platform-content-item-features application-platform-content-item\" id=\"features\" data-nav-section=\"features\"><h2>Recursos<\/h2><p>As caracter\u00edsticas b\u00e1sicas do plugin Elfsight, que permitem que ele se torne o m\u00e9todo mais r\u00e1pido para adicionar a guia FAQ do Facebook \u00e0 sua p\u00e1gina pessoal ou comercial.<\/p><ul><li>T\u00edtulo do widget edit\u00e1vel;<\/li><li>3 layouts prontos: acorde\u00e3o, lista, multicolunas;<\/li><li> Cores personaliz\u00e1veis \u200b\u200bdo texto da pergunta e do nome da categoria;<\/li><li>4 estilos prontos para uso com bordas e sombras.<\/li><\/ul><p><a href=\"#demo\">Confira todos <\/a><\/p><\/div><div class=\"application-platform-content-item-installation application-platform-content-item\" id=\"installation\" data-nav-section=\"installation\"><h2>Como adicionar a guia FAQ \u00e0 p\u00e1gina do Facebook<\/h2><p>Integre um widget com a ajuda de nossas pequenas instru\u00e7\u00f5es. Voc\u00ea pode n\u00e3o ter conhecimento em programa\u00e7\u00e3o ou contratar um desenvolvedor. A dura\u00e7\u00e3o m\u00e9dia da configura\u00e7\u00e3o \u00e9 de 1 minuto.<\/p><ul><li><b>Construa sua guia de perguntas frequentes pessoal<\/b><br>Com a ajuda de nosso editor gratuito, crie um plugin com apar\u00eancia personalizada e caracter\u00edsticas funcionais . <\/li><li><b>Copie o c\u00f3digo pessoal para configurar o plugin<\/b><br>Depois de configurar o seu widget, voc\u00ea receber\u00e1 seu c\u00f3digo pessoal na janela exibida nos aplicativos Elfsight. Copie esse c\u00f3digo. <\/li><li><b>Adicione o FAQ \u00e0 p\u00e1gina do Facebook<\/b><br> Crie sua guia personalizada do Facebook. Insira o c\u00f3digo que voc\u00ea recebeu nos aplicativos da elfsight na guia. Se voc\u00ea tiver algum problema, basta verificar nosso guia em <a href=\"https:\/\/elfsight.com\/blog\/how-to-add-custom-tab-to-facebook-page\/\" target=\"_blank\" rel=\"noopener noreferrer\">criando uma guia personalizada do Facebook<\/a><\/li><li><b>Parab\u00e9ns! Voc\u00ea acabou de publicar o widget! <\/b><br>Entre na sua p\u00e1gina do Facebook para ver seu widget.<\/li><\/ul><p>Est\u00e1 tendo problemas ao executar o guia? Notifique uma mensagem no servi\u00e7o de suporte da Elfsight ou conhe\u00e7a a vers\u00e3o completa do tutorial e finalize voc\u00ea mesmo a configura\u00e7\u00e3o.<\/p><div class=\"faq\" data-component=\"FAQ\"><div class=\"faq-item\">\r\n\t\t\t\t\t<div class=\"faq-item-question\">\r\n\t\t\t\t\t\t<h3 class=\"faq-item-question-text\">Como posso adicionar FAQ ao site da minha p\u00e1gina do Facebook sem conhecimentos de codifica\u00e7\u00e3o?<\/h3>\r\n\r\n\t\t\t\t\t\t<div class=\"faq-item-question-icon\"><\/div>\r\n\t\t\t\t\t<\/div>\r\n\r\n\t\t\t\t\t<div class=\"faq-item-answer\">\r\n\t\t\t\t\t\t<div class=\"faq-item-answer-text\"> <p>A Elfsight fornece uma solu\u00e7\u00e3o SaaS que lhe permite criar voc\u00ea mesmo um widget de FAQ. Veja como \u00e9 f\u00e1cil o processo: Trabalhe diretamente no Editor online para criar um widget de FAQ que gostaria de ver no site da sua p\u00e1gina do Facebook. Escolha um dos modelos predefinidos e ajuste as configura\u00e7\u00f5es do FAQ, adicione seu conte\u00fado, altere o layout e as cores sem nenhuma habilidade de codifica\u00e7\u00e3o. Salve o FAQ e copie seu c\u00f3digo de instala\u00e7\u00e3o, que voc\u00ea pode colar no site da sua p\u00e1gina do Facebook sem comprar um plano pago. Com nosso editor intuitivo, qualquer usu\u00e1rio da Internet pode criar um widget de FAQ online e incorpor\u00e1-lo facilmente em sua p\u00e1gina do Facebook. N\u00e3o h\u00e1 necessidade de pagar ou inserir as credenciais do seu cart\u00e3o para acessar o servi\u00e7o. Se voc\u00ea enfrentar qualquer problema em qualquer etapa, n\u00e3o hesite em entrar em contato com nossa equipe de suporte t\u00e9cnico.<\/p> <\/div>\r\n\t\t\t\t\t<\/div>\r\n\t\t\t\t<\/div> <\/div><\/div>","protected":false},"excerpt":{"rendered":"","protected":false},"author":9,"featured_media":0,"parent":815,"menu_order":0,"comment_status":"closed","ping_status":"closed","template":"templates\/template-application-platform.php","meta":{"publish_to_discourse":"","publish_post_category":"","wpdc_auto_publish_overridden":"","wpdc_topic_tags":"","wpdc_pin_topic":"","wpdc_pin_until":"","discourse_post_id":"","discourse_permalink":"","wpdc_publishing_response":"","wpdc_publishing_error":"","footnotes":""},"class_list":["post-4032","page","type-page","status-publish","hentry"],"yoast_head":"<!-- This site is optimized with the Yoast SEO plugin v25.3.1 - https:\/\/yoast.com\/wordpress\/plugins\/seo\/ -->\n<title>Adicionar perguntas frequentes sobre acorde\u00e3o \u00e0 guia personalizada da p\u00e1gina do Facebook (2026)<\/title>\n<meta name=\"description\" content=\"Obtenha seu plugin de FAQ personalizado para p\u00e1gina do Facebook em apenas alguns minutos. Teste a demonstra\u00e7\u00e3o mais f\u00e1cil de gera\u00e7\u00e3o de plugins da Elfsight, totalmente gratuita.\" \/>\n<meta name=\"robots\" content=\"index, follow, max-snippet:-1, max-image-preview:large, max-video-preview:-1\" \/>\n<link rel=\"canonical\" href=\"https:\/\/elfsight.com\/pt\/accordion-faq-widget\/facebook\/\" \/>\n<meta property=\"og:locale\" content=\"pt_PT\" \/>\n<meta property=\"og:type\" content=\"article\" \/>\n<meta property=\"og:title\" content=\"Adicionar perguntas frequentes sobre acorde\u00e3o \u00e0 guia personalizada da p\u00e1gina do Facebook (2026)\" \/>\n<meta property=\"og:description\" content=\"Obtenha seu plugin de FAQ personalizado para p\u00e1gina do Facebook em apenas alguns minutos. Teste a demonstra\u00e7\u00e3o mais f\u00e1cil de gera\u00e7\u00e3o de plugins da Elfsight, totalmente gratuita.\" \/>\n<meta property=\"og:url\" content=\"https:\/\/elfsight.com\/pt\/accordion-faq-widget\/facebook\/\" \/>\n<meta property=\"og:site_name\" content=\"Elfsight PT\" \/>\n<meta property=\"article:modified_time\" content=\"2024-11-13T11:46:23+00:00\" \/>\n<meta name=\"twitter:card\" content=\"summary_large_image\" \/>\n<meta name=\"twitter:label1\" content=\"Tempo estimado de leitura\" \/>\n\t<meta name=\"twitter:data1\" content=\"2 minutos\" \/>\n<!-- \/ Yoast SEO plugin. -->","yoast_head_json":{"title":"Adicionar perguntas frequentes sobre acorde\u00e3o \u00e0 guia personalizada da p\u00e1gina do Facebook (2026)","description":"Obtenha seu plugin de FAQ personalizado para p\u00e1gina do Facebook em apenas alguns minutos. Teste a demonstra\u00e7\u00e3o mais f\u00e1cil de gera\u00e7\u00e3o de plugins da Elfsight, totalmente gratuita.","robots":{"index":"index","follow":"follow","max-snippet":"max-snippet:-1","max-image-preview":"max-image-preview:large","max-video-preview":"max-video-preview:-1"},"canonical":"https:\/\/elfsight.com\/pt\/accordion-faq-widget\/facebook\/","og_locale":"pt_PT","og_type":"article","og_title":"Adicionar perguntas frequentes sobre acorde\u00e3o \u00e0 guia personalizada da p\u00e1gina do Facebook (2026)","og_description":"Obtenha seu plugin de FAQ personalizado para p\u00e1gina do Facebook em apenas alguns minutos. Teste a demonstra\u00e7\u00e3o mais f\u00e1cil de gera\u00e7\u00e3o de plugins da Elfsight, totalmente gratuita.","og_url":"https:\/\/elfsight.com\/pt\/accordion-faq-widget\/facebook\/","og_site_name":"Elfsight PT","article_modified_time":"2024-11-13T11:46:23+00:00","twitter_card":"summary_large_image","twitter_misc":{"Tempo estimado de leitura":"2 minutos"},"schema":{"@context":"https:\/\/schema.org","@graph":[{"@type":"WebPage","@id":"https:\/\/elfsight.com\/pt\/accordion-faq-widget\/facebook\/","url":"https:\/\/elfsight.com\/pt\/accordion-faq-widget\/facebook\/","name":"Adicionar perguntas frequentes sobre acorde\u00e3o \u00e0 guia personalizada da p\u00e1gina do Facebook (2026)","isPartOf":{"@id":"https:\/\/elfsight.com\/pt\/#website"},"datePublished":"2024-05-03T06:36:40+00:00","dateModified":"2024-11-13T11:46:23+00:00","description":"Obtenha seu plugin de FAQ personalizado para p\u00e1gina do Facebook em apenas alguns minutos. Teste a demonstra\u00e7\u00e3o mais f\u00e1cil de gera\u00e7\u00e3o de plugins da Elfsight, totalmente gratuita.","breadcrumb":{"@id":"https:\/\/elfsight.com\/pt\/accordion-faq-widget\/facebook\/#breadcrumb"},"inLanguage":"pt-PT","potentialAction":[{"@type":"ReadAction","target":["https:\/\/elfsight.com\/pt\/accordion-faq-widget\/facebook\/"]}]},{"@type":"BreadcrumbList","@id":"https:\/\/elfsight.com\/pt\/accordion-faq-widget\/facebook\/#breadcrumb","itemListElement":[{"@type":"ListItem","position":1,"name":"Home","item":"https:\/\/elfsight.com\/pt\/"},{"@type":"ListItem","position":2,"name":"FAQ","item":"https:\/\/elfsight.com\/pt\/accordion-faq-widget\/"},{"@type":"ListItem","position":3,"name":"FAQ &#8211; Facebook Page"}]},{"@type":"WebSite","@id":"https:\/\/elfsight.com\/pt\/#website","url":"https:\/\/elfsight.com\/pt\/","name":"Elfsight PT","description":"Just another Elfsight Sites site","potentialAction":[{"@type":"SearchAction","target":{"@type":"EntryPoint","urlTemplate":"https:\/\/elfsight.com\/pt\/?s={search_term_string}"},"query-input":{"@type":"PropertyValueSpecification","valueRequired":true,"valueName":"search_term_string"}}],"inLanguage":"pt-PT"}]}},"meta_box":{"industry":"","seo_heading":"","heading":"","description":"","cta_heading":"","cta_description":"","application":"814","h1":"Guia FAQ para p\u00e1gina do Facebook","h1_caption":"Uma ferramenta conveniente para adicionar widget de FAQ \u00e0 p\u00e1gina pessoal ou comercial","application_category":[],"applications_title":"","applications_request_title":"","applications_request_button_text":"","hero_text":"","hero_video":"","hero_video_schema_markup":"","selling_points_title":"","selling_points_caption":"","selling_points":[],"selling_points_cta_text":"","features_title":"","features":"","ed_cta_examples_text":"","ed_cta_examples_hidden":"","ed_cta_demo_text":"","ed_cta_demo_hidden":"","why_caption":"","why_editor_title":"","why_editor_text":"","why_team_title":"","why_team_text":"","why_service_title":"","why_service_text":"","template_catalog_visible":"","template_catalog_title":"","template_catalog_text":"","template_catalog_categories_visible":"","demo_title":"Crie seu widget de perguntas frequentes","demo_caption":"Configure seu FAQ e adicione-o ao site da sua p\u00e1gina do Facebook gratuitamente!","default_faq_hidden":"","app_template_category":[],"platform":"103","template_public_id":"","codecanyon_url":"","codecanyon_item_id":"","codecanyon_price":"","pricing_caption":"","pricing_elfsight_apps_hide_column":"","pricing_elfsight_apps_url":"","pricing_codecanyon_price_caption":"","integration_category":[],"integration_request_title":"","integration_request_cta":"","integration_platform":"","integrations":[],"platform_category":[],"video_schema_markup":"","price":"a partir de US$ 0\/m\u00eas","trial":"","benefits":[{"text":"Assist\u00eancia de instala\u00e7\u00e3o gratuita"},{"text":"Atendimento ao cliente eficaz"},{"text":"Garantia de reembolso de 14 dias"},{"text":"Futuras atualiza\u00e7\u00f5es gratuitas"}],"button_url":"#demo","button_target_blank":"0","button_nofollow":"0","attributes":[{"name":"Instala\u00e7\u00f5es","content":"10,000 - 100,000","_state":"expanded"},{"name":"Capacidade de resposta","content":"Otimizado para celular","_state":"expanded"},{"name":"Navegadores compat\u00edveis","content":"Edge, Opera, Safari, Firefox, Chrome"}],"tags":[],"tags_disable_links":"0","hide_more_platforms":"","video_object":"","demo_hide_cta":"0","demo_hide_cloud_options":"0","pricing_title":"","pricing":[{"pricing_icon":"platform","pricing_title":"Elfsight Apps","pricing_title_caption":"Suporte r\u00e1pido e pontual","pricing_price":"a partir de US$ 0\/m\u00eas","pricing_price_caption":"comece com plano gratuito","pricing_benefits":[{"text":"Sites ilimitados"},{"text":"Assist\u00eancia de instala\u00e7\u00e3o gratuita"},{"text":"Assist\u00eancia de instala\u00e7\u00e3o gratuita"},{"text":"100% personaliz\u00e1vel"}],"pricing_button_text":"Adicionar ao site","pricing_button_url":"#demo","_state":"expanded"}],"related_apps_title":"","related_apps_hidden":"1","author":"","image":[],"title":"","job":"","social_networks":[]},"_links":{"self":[{"href":"https:\/\/elfsight.com\/pt\/wp-json\/wp\/v2\/pages\/4032","targetHints":{"allow":["GET"]}}],"collection":[{"href":"https:\/\/elfsight.com\/pt\/wp-json\/wp\/v2\/pages"}],"about":[{"href":"https:\/\/elfsight.com\/pt\/wp-json\/wp\/v2\/types\/page"}],"author":[{"embeddable":true,"href":"https:\/\/elfsight.com\/pt\/wp-json\/wp\/v2\/users\/9"}],"replies":[{"embeddable":true,"href":"https:\/\/elfsight.com\/pt\/wp-json\/wp\/v2\/comments?post=4032"}],"version-history":[{"count":2,"href":"https:\/\/elfsight.com\/pt\/wp-json\/wp\/v2\/pages\/4032\/revisions"}],"predecessor-version":[{"id":11845,"href":"https:\/\/elfsight.com\/pt\/wp-json\/wp\/v2\/pages\/4032\/revisions\/11845"}],"up":[{"embeddable":true,"href":"https:\/\/elfsight.com\/pt\/wp-json\/wp\/v2\/pages\/815"}],"wp:attachment":[{"href":"https:\/\/elfsight.com\/pt\/wp-json\/wp\/v2\/media?parent=4032"}],"curies":[{"name":"wp","href":"https:\/\/api.w.org\/{rel}","templated":true}]}}