{"id":4031,"date":"2022-05-18T12:42:21","date_gmt":"2022-05-18T12:42:21","guid":{"rendered":"https:\/\/elfsight.com\/pt\/?page_id=4031"},"modified":"2025-02-11T11:05:30","modified_gmt":"2025-02-11T11:05:30","slug":"godaddy","status":"publish","type":"page","link":"https:\/\/elfsight.com\/pt\/google-maps-widget\/godaddy\/","title":{"rendered":"Google Maps &#8211; GoDaddy"},"content":{"rendered":"\n<div class=\"application-platform-content-item-description application-platform-content-item\" id=\"description\" data-nav-section=\"description\"> \n<h2>Incorpore o Google Maps no GoDaddy com o widget Elfsight<\/h2> \n<p>O Elfsight Google Maps para GoDaddy \u00e9 o plugin perfeito para se manter f\u00e1cil de encontrar e revelar informa\u00e7\u00f5es detalhadas de contato sobre o seu neg\u00f3cio. Exiba marcadores de local diversos e crie uma lista de todas as suas localiza\u00e7\u00f5es; crie cart\u00f5es informativos com n\u00famero de contato, endere\u00e7o, hor\u00e1rios de funcionamento e outras informa\u00e7\u00f5es para aumentar os contatos. O c\u00e1lculo de rotas automatizado ajudar\u00e1 a encontrar o melhor caminho para sua localiza\u00e7\u00e3o diretamente na p\u00e1gina, para o maior conforto de seus clientes.<\/p> \n<p><b>Torne a escolha de destino mais f\u00e1cil para seus clientes com uma lista pr\u00e1tica unindo todas as suas localiza\u00e7\u00f5es!<\/b><\/p> \n<\/div> \n\n<div class=\"application-platform-content-item-features application-platform-content-item\" id=\"features\" data-nav-section=\"features\"> \n<h2>As caracter\u00edsticas mais populares do plugin incluem:<\/h2> \n<ul>\n<li>Marcadores de localiza\u00e7\u00e3o diversos para um mapa interativo<\/li>\n<li>Adicionar nova localiza\u00e7\u00e3o apenas inserindo seu endere\u00e7o, nome ou coordenadas<\/li>\n<li>Todos os recursos do Google Maps suportados: camadas, tipos de mapa, controles<\/li>\n<li>6 tipos de controles de navega\u00e7\u00e3o<\/li>\n<li>5 camadas do Google Maps: POI, Tr\u00e1fego, Tr\u00e2nsito, Bicicleta, Street View<\/li>\n<\/ul>\n\n<p><a href=\"#demo\">Voc\u00ea pode verificar se o plugin \u00e9 para voc\u00ea com a ajuda da demonstra\u00e7\u00e3o<\/a><\/p> \n<\/div> \n\n<div class=\"application-platform-content-item-installation application-platform-content-item\" id=\"installation\" data-nav-section=\"installation\"> \n<h2>Como incorporar o Google Maps na minha p\u00e1gina do GoDaddy? <\/h2> \n<p>Simplesmente siga os passos abaixo para integrar o plugin. <\/p> \n\n<ol>\n<li><b>Abra o nosso editor gratuito e comece a criar o seu plugin personalizado. <\/b><br> \nDetermine a interface e as caracter\u00edsticas preferidas do plugin e salve as modifica\u00e7\u00f5es. <\/li> \n <li><b>Receba o c\u00f3digo individual que aparece na janela do Elfsight Apps. <\/b><br> \nAssim que a gera\u00e7\u00e3o do seu plugin for conclu\u00edda, copie o c\u00f3digo pessoal na caixa que aparece e salve-o para futuras ocasi\u00f5es. <\/li> \n <li><b>Comece a usar o plugin na p\u00e1gina do GoDaddy. <\/b><br> \nIntegre o c\u00f3digo salvo na sua p\u00e1gina e salve as edi\u00e7\u00f5es. <\/li> \n <li><b>A instala\u00e7\u00e3o foi conclu\u00edda com sucesso. <\/b><br> \nVisite o seu site para verificar como o plugin est\u00e1 funcionando. <\/li>\n<\/ol> \n<p>Caso enfrente d\u00favidas ou dificuldades, n\u00e3o hesite em escrever para nossa equipe de suporte. Nossos consultores ter\u00e3o prazer em resolver todos os problemas que voc\u00ea possa ter com o plugin. <\/p> \n<div class=\"faq\" data-component=\"FAQ\">\n<div class=\"faq-item\">\r\n\t\t\t\t\t<div class=\"faq-item-question\">\r\n\t\t\t\t\t\t<h3 class=\"faq-item-question-text\">Como posso adicionar o Google Maps ao meu site GoDaddy sem conhecimentos em programa\u00e7\u00e3o?<\/h3>\r\n\r\n\t\t\t\t\t\t<div class=\"faq-item-question-icon\"><\/div>\r\n\t\t\t\t\t<\/div>\r\n\r\n\t\t\t\t\t<div class=\"faq-item-answer\">\r\n\t\t\t\t\t\t<div class=\"faq-item-answer-text\"> \n<p>A Elfsight oferece uma solu\u00e7\u00e3o SaaS que permite criar um widget Google Maps por conta pr\u00f3pria. Veja como o processo \u00e9 f\u00e1cil: Trabalhe diretamente no Editor online para criar o widget Google Maps que voc\u00ea gostaria de ver no seu site GoDaddy. Escolha um dos modelos prontos e ajuste as configura\u00e7\u00f5es do Google Maps, adicione seu conte\u00fado, altere o layout e as cores, tudo sem precisar de conhecimentos em programa\u00e7\u00e3o. Salve o Google Maps e copie seu c\u00f3digo de instala\u00e7\u00e3o, que voc\u00ea pode facilmente incluir no seu site GoDaddy, sem necessidade de comprar um plano pago. Com nosso Editor intuitivo, qualquer usu\u00e1rio da internet pode criar um widget Google Maps online e facilmente incorpor\u00e1-lo ao seu site GoDaddy. N\u00e3o \u00e9 necess\u00e1rio pagar ou inserir seus dados de cart\u00e3o para acessar o servi\u00e7o. Se voc\u00ea encontrar algum problema em qualquer etapa, n\u00e3o hesite em entrar em contato com nossa equipe de suporte t\u00e9cnico.<\/p> \n<\/div>\r\n\t\t\t\t\t<\/div>\r\n\t\t\t\t<\/div> \n<\/div>\n<\/div>\n\n","protected":false},"excerpt":{"rendered":"","protected":false},"author":18,"featured_media":0,"parent":635,"menu_order":0,"comment_status":"closed","ping_status":"closed","template":"templates\/template-application-platform.php","meta":{"publish_to_discourse":"","publish_post_category":"","wpdc_auto_publish_overridden":"","wpdc_topic_tags":"","wpdc_pin_topic":"","wpdc_pin_until":"","discourse_post_id":"","discourse_permalink":"","wpdc_publishing_response":"","wpdc_publishing_error":"","footnotes":""},"class_list":["post-4031","page","type-page","status-publish","hentry"],"yoast_head":"<!-- This site is optimized with the Yoast SEO plugin v25.3.1 - https:\/\/yoast.com\/wordpress\/plugins\/seo\/ -->\n<title>Google Maps - incorporar widget de Mapas do Google para site de GoDaddy<\/title>\n<meta name=\"description\" content=\"Instala a widget de Google Maps atractivo na sua do website de GoDaddy. Aplica Elfsight demonstra\u00e7\u00e3o intuitivo e cria o teu widget \u00fanico facilmente.\" \/>\n<meta name=\"robots\" content=\"index, follow, max-snippet:-1, max-image-preview:large, max-video-preview:-1\" \/>\n<link rel=\"canonical\" href=\"https:\/\/elfsight.com\/pt\/google-maps-widget\/godaddy\/\" \/>\n<meta property=\"og:locale\" content=\"pt_PT\" \/>\n<meta property=\"og:type\" content=\"article\" \/>\n<meta property=\"og:title\" content=\"Google Maps - incorporar widget de Mapas do Google para site de GoDaddy\" \/>\n<meta property=\"og:description\" content=\"Instala a widget de Google Maps atractivo na sua do website de GoDaddy. Aplica Elfsight demonstra\u00e7\u00e3o intuitivo e cria o teu widget \u00fanico facilmente.\" \/>\n<meta property=\"og:url\" content=\"https:\/\/elfsight.com\/pt\/google-maps-widget\/godaddy\/\" \/>\n<meta property=\"og:site_name\" content=\"Elfsight PT\" \/>\n<meta property=\"article:modified_time\" content=\"2025-02-11T11:05:30+00:00\" \/>\n<meta name=\"twitter:card\" content=\"summary_large_image\" \/>\n<meta name=\"twitter:label1\" content=\"Tempo estimado de leitura\" \/>\n\t<meta name=\"twitter:data1\" content=\"3 minutos\" \/>\n<!-- \/ Yoast SEO plugin. -->","yoast_head_json":{"title":"Google Maps - incorporar widget de Mapas do Google para site de GoDaddy","description":"Instala a widget de Google Maps atractivo na sua do website de GoDaddy. Aplica Elfsight demonstra\u00e7\u00e3o intuitivo e cria o teu widget \u00fanico facilmente.","robots":{"index":"index","follow":"follow","max-snippet":"max-snippet:-1","max-image-preview":"max-image-preview:large","max-video-preview":"max-video-preview:-1"},"canonical":"https:\/\/elfsight.com\/pt\/google-maps-widget\/godaddy\/","og_locale":"pt_PT","og_type":"article","og_title":"Google Maps - incorporar widget de Mapas do Google para site de GoDaddy","og_description":"Instala a widget de Google Maps atractivo na sua do website de GoDaddy. Aplica Elfsight demonstra\u00e7\u00e3o intuitivo e cria o teu widget \u00fanico facilmente.","og_url":"https:\/\/elfsight.com\/pt\/google-maps-widget\/godaddy\/","og_site_name":"Elfsight PT","article_modified_time":"2025-02-11T11:05:30+00:00","twitter_card":"summary_large_image","twitter_misc":{"Tempo estimado de leitura":"3 minutos"},"schema":{"@context":"https:\/\/schema.org","@graph":[{"@type":"WebPage","@id":"https:\/\/elfsight.com\/pt\/google-maps-widget\/godaddy\/","url":"https:\/\/elfsight.com\/pt\/google-maps-widget\/godaddy\/","name":"Google Maps - incorporar widget de Mapas do Google para site de GoDaddy","isPartOf":{"@id":"https:\/\/elfsight.com\/pt\/#website"},"datePublished":"2022-05-18T12:42:21+00:00","dateModified":"2025-02-11T11:05:30+00:00","description":"Instala a widget de Google Maps atractivo na sua do website de GoDaddy. Aplica Elfsight demonstra\u00e7\u00e3o intuitivo e cria o teu widget \u00fanico facilmente.","breadcrumb":{"@id":"https:\/\/elfsight.com\/pt\/google-maps-widget\/godaddy\/#breadcrumb"},"inLanguage":"pt-PT","potentialAction":[{"@type":"ReadAction","target":["https:\/\/elfsight.com\/pt\/google-maps-widget\/godaddy\/"]}]},{"@type":"BreadcrumbList","@id":"https:\/\/elfsight.com\/pt\/google-maps-widget\/godaddy\/#breadcrumb","itemListElement":[{"@type":"ListItem","position":1,"name":"Home","item":"https:\/\/elfsight.com\/pt\/"},{"@type":"ListItem","position":2,"name":"Google Maps","item":"https:\/\/elfsight.com\/pt\/google-maps-widget\/"},{"@type":"ListItem","position":3,"name":"Google Maps &#8211; GoDaddy"}]},{"@type":"WebSite","@id":"https:\/\/elfsight.com\/pt\/#website","url":"https:\/\/elfsight.com\/pt\/","name":"Elfsight PT","description":"Just another Elfsight Sites site","potentialAction":[{"@type":"SearchAction","target":{"@type":"EntryPoint","urlTemplate":"https:\/\/elfsight.com\/pt\/?s={search_term_string}"},"query-input":{"@type":"PropertyValueSpecification","valueRequired":true,"valueName":"search_term_string"}}],"inLanguage":"pt-PT"}]}},"meta_box":{"industry":"","seo_heading":"","heading":"","description":"","cta_heading":"","cta_description":"","application":"634","h1":"Widget de Google Maps para GoDaddy","h1_caption":"Coloque mapa widget no seu s\u00edtio web para o seu p\u00fablico encontrar facilmente o seu estabelecimento ou loja mais pr\u00f3xima","application_category":[],"applications_title":"","applications_request_title":"","applications_request_button_text":"","hero_text":"","hero_video":"","hero_video_schema_markup":"","selling_points_title":"","selling_points_caption":"","selling_points":[],"selling_points_cta_text":"","features_title":"","features":"","ed_cta_examples_text":"","ed_cta_examples_hidden":"","ed_cta_demo_text":"","ed_cta_demo_hidden":"","why_caption":"","why_editor_title":"","why_editor_text":"","why_team_title":"","why_team_text":"","why_service_title":"","why_service_text":"","template_catalog_visible":"0","template_catalog_title":"","template_catalog_text":"","template_catalog_categories_visible":"","demo_title":"Crie seu plug-in do Google Maps","demo_caption":"Configure seu Google Maps e adicione-o ao seu site GoDaddy gratuitamente!","default_faq_hidden":"","app_template_category":[],"platform":"4908","template_public_id":"","codecanyon_url":"","codecanyon_item_id":"","codecanyon_price":"","pricing_caption":"","pricing_elfsight_apps_hide_column":"","pricing_elfsight_apps_url":"","pricing_codecanyon_price_caption":"","integration_category":[],"integration_request_title":"","integration_request_cta":"","integration_platform":"","integrations":[],"platform_category":[],"video_schema_markup":"","price":"de US$ 0 por m\u00eas","trial":"","benefits":[{"text":"Servi\u00e7os de instala\u00e7\u00e3o livre"},{"text":"Suporte premium"},{"text":"14 dias dinheiro de volta garantia"},{"text":"Atualiza\u00e7\u00f5es vital\u00edcias"}],"button_url":"#demo","button_target_blank":"0","button_nofollow":"0","attributes":[{"name":"Responsivo","content":"Sim","_state":"expanded"},{"name":"Navegadores compat\u00edveis","content":"IE11, Firefox, Safari, Opera, Chrome, Edge","_state":"expanded"}],"tags":[],"tags_disable_links":"0","hide_more_platforms":"0","video_object":"","demo_hide_cta":"0","demo_hide_cloud_options":"0","pricing_title":"","pricing":[{"pricing_icon":"platform","pricing_title":"Elfsight Apps","pricing_title_caption":"Software independente de plataforma","pricing_price":"de US$ 0 por m\u00eas","pricing_price_caption":"come\u00e7ar com um plano gr\u00e1tis","pricing_benefits":[{"text":"Sites ilimitados"},{"text":"Suporte r\u00e1pido"},{"text":"Ajuda para instala\u00e7\u00e3o gratuita"},{"text":"Design flex\u00edvel"}],"pricing_button_text":"Adicionar ao site","pricing_button_url":"#demo","_state":"expanded"}],"related_apps_title":"","related_apps_hidden":"1","author":"","image":[],"title":"","job":"","social_networks":[]},"_links":{"self":[{"href":"https:\/\/elfsight.com\/pt\/wp-json\/wp\/v2\/pages\/4031","targetHints":{"allow":["GET"]}}],"collection":[{"href":"https:\/\/elfsight.com\/pt\/wp-json\/wp\/v2\/pages"}],"about":[{"href":"https:\/\/elfsight.com\/pt\/wp-json\/wp\/v2\/types\/page"}],"author":[{"embeddable":true,"href":"https:\/\/elfsight.com\/pt\/wp-json\/wp\/v2\/users\/18"}],"replies":[{"embeddable":true,"href":"https:\/\/elfsight.com\/pt\/wp-json\/wp\/v2\/comments?post=4031"}],"version-history":[{"count":2,"href":"https:\/\/elfsight.com\/pt\/wp-json\/wp\/v2\/pages\/4031\/revisions"}],"predecessor-version":[{"id":13892,"href":"https:\/\/elfsight.com\/pt\/wp-json\/wp\/v2\/pages\/4031\/revisions\/13892"}],"up":[{"embeddable":true,"href":"https:\/\/elfsight.com\/pt\/wp-json\/wp\/v2\/pages\/635"}],"wp:attachment":[{"href":"https:\/\/elfsight.com\/pt\/wp-json\/wp\/v2\/media?parent=4031"}],"curies":[{"name":"wp","href":"https:\/\/api.w.org\/{rel}","templated":true}]}}