{"id":4016,"date":"2024-05-03T06:36:52","date_gmt":"2024-05-03T06:36:52","guid":{"rendered":"https:\/\/elfsight.com\/pt\/?page_id=4016"},"modified":"2024-11-13T12:15:38","modified_gmt":"2024-11-13T12:15:38","slug":"drupal","status":"publish","type":"page","link":"https:\/\/elfsight.com\/pt\/accordion-faq-widget\/drupal\/","title":{"rendered":"FAQ &#8211; Drupal"},"content":{"rendered":"<div class=\"application-platform-content-item-description application-platform-content-item\" id=\"description\" data-nav-section=\"description\"><h2>Descri\u00e7\u00e3o<\/h2><p>Nosso FAQ \u00e9 um instrumento poderoso e f\u00e1cil de trabalhar e configurar, que ajuda a criar e adicionar uma unidade com as perguntas mais frequentes com respostas em seu site. Um m\u00f3dulo informativo com a interface mais f\u00e1cil ir\u00e1 ajud\u00e1-lo a contar informa\u00e7\u00f5es extensas sobre suas ofertas, focar a aten\u00e7\u00e3o dos visitantes em seus benef\u00edcios e eliminar equ\u00edvocos e suspeitas, que podem influenciar uma decis\u00e3o de compra.<\/p><p><b>Responda \u00e0 pergunta. aparecendo perguntas de seus clientes instantaneamente e aumentando o n\u00famero de pedidos no site!<\/b><\/p><ul><li><b>Incentive os clientes a comprar com respostas inteligentes<\/b>.<br>Coloque respostas responda a quest\u00f5es estrat\u00e9gicas com anteced\u00eancia e conven\u00e7a os visitantes a fazer uma compra em seu site.<\/li><li><b>Alcance a percep\u00e7\u00e3o correta de seu produto ou servi\u00e7o pelos clientes<\/b>.<br>Destrua os equ\u00edvocos mais difundidos e suspeitas em rela\u00e7\u00e3o \u00e0s suas ofertas, fornecendo respostas completas e f\u00e1ceis de entender \u00e0s perguntas dos clientes.<\/li><li><b>Responda a todas as perguntas dos seus clientes com anteced\u00eancia<\/b>.<br>Permita que seus clientes obtenham o mais abrangente informa\u00e7\u00f5es sobre seus produtos ou servi\u00e7os e responda a todas as perguntas poss\u00edveis antes que elas apare\u00e7am.<\/li><\/ul><\/div><div class=\"application-platform-content-item-features application-platform-content-item\" id=\"features\" data-nav-section=\"features\"><h2>Recursos<\/h2><p>As caracter\u00edsticas mais poderosas do nosso m\u00f3dulo, o que o ajuda a se tornar a solu\u00e7\u00e3o mais flex\u00edvel para adicionar FAQ no site Drupal.<\/p><ul><li>Layout multicoluna para distribui\u00e7\u00e3o autom\u00e1tica do conte\u00fado em colunas;<\/li><li>4 pronto- estilos para usar com bordas e sombras;<\/li><li>Perguntas ilimitadas dentro de cada categoria;<\/li><li>T\u00edtulo do widget edit\u00e1vel;<\/li><li>Mobile otimizado para uma experi\u00eancia tranquila.<\/li> <\/ul><p><a href=\"#demo\">Experimente todos<\/a><\/p><\/div><div class=\"application-platform-content-item-installation application-platform-content-item\" id=\"installation\" data-nav-section=\"installation\"><h2>Como incorporar o m\u00f3dulo de perguntas frequentes do Accoridon ao Drupal <\/h2><p>Basta seguir as diretrizes abaixo para integrar o m\u00f3dulo no Drupal.<\/p> <ol><li><b>Inicie nosso configurador gratuito e comece a formar seu m\u00f3dulo de FAQ personalizado. <\/b><br> Encontre o formul\u00e1rio personalizado e as caracter\u00edsticas funcionais da ferramenta e salve as modifica\u00e7\u00f5es. <\/li> <li><b>Copie o seu c\u00f3digo individual exposto no formul\u00e1rio especial nas aplica\u00e7\u00f5es Elfsight. <\/b><br> Assim que terminar a configura\u00e7\u00e3o do seu widget pessoal, copie o c\u00f3digo pessoal no pop-up exibido e guarde-o para uso posterior. <\/li> <li><b>Entre usando o m\u00f3dulo em seu site Drupal. <\/b><br> Incorpore o c\u00f3digo que voc\u00ea salvou recentemente em seu site e salve as edi\u00e7\u00f5es. <\/li> <li><b>A configura\u00e7\u00e3o foi conclu\u00edda com sucesso. <\/b><br> Acesse seu site para revisar como o m\u00f3dulo est\u00e1 funcionando. <\/li><\/ol><p>Est\u00e1 tendo dificuldades ao usar o manual? Deixe uma consulta com nossa equipe de suporte ou verifique a vers\u00e3o completa do guia \u00ab<a href=\"https:\/\/elfsight.com\/tutorials\/how-to-add-faq-widget-to-drupal\/\" target=\"_blank \" rel=\"noopener noreferrer\">Como adicionar FAQ ao Drupal<\/a>\u00bb e conclua a cria\u00e7\u00e3o do m\u00f3dulo voc\u00ea mesmo.<\/p><\/div><div class=\"faq\" data-component=\"FAQ\"><div class=\"faq-item\">\r\n\t\t\t\t\t<div class=\"faq-item-question\">\r\n\t\t\t\t\t\t<h3 class=\"faq-item-question-text\">Como posso adicionar um FAQ ao meu site Drupal?<\/h3>\r\n\r\n\t\t\t\t\t\t<div class=\"faq-item-question-icon\"><\/div>\r\n\t\t\t\t\t<\/div>\r\n\r\n\t\t\t\t\t<div class=\"faq-item-answer\">\r\n\t\t\t\t\t\t<div class=\"faq-item-answer-text\"><p>A constru\u00e7\u00e3o do widget acontece nas p\u00e1ginas da Elfsight e n\u00e3o h\u00e1 necessidade de aprender a programar. Utilize a demonstra\u00e7\u00e3o ativa para ajustar seu plugin, adquira o c\u00f3digo e cole-o em seu site. <\/p><\/div>\r\n\t\t\t\t\t<\/div>\r\n\t\t\t\t<\/div><div class=\"faq-item\">\r\n\t\t\t\t\t<div class=\"faq-item-question\">\r\n\t\t\t\t\t\t<h3 class=\"faq-item-question-text\">Os melhores exemplos de uso da integra\u00e7\u00e3o Simple FAQ<\/h3>\r\n\r\n\t\t\t\t\t\t<div class=\"faq-item-question-icon\"><\/div>\r\n\t\t\t\t\t<\/div>\r\n\r\n\t\t\t\t\t<div class=\"faq-item-answer\">\r\n\t\t\t\t\t\t<div class=\"faq-item-answer-text\"><p>Temos in\u00fameras oportunidades de personaliza\u00e7\u00e3o: widgets em grande escala para implementa\u00e7\u00e3o na zona de conte\u00fado, flutuantes plugins para op\u00e7\u00f5es de rolagem, layouts de rodap\u00e9 do seu site, se\u00e7\u00e3o principal e todos os tipos de op\u00e7\u00f5es verticais para barras laterais e menus. <\/p><\/div>\r\n\t\t\t\t\t<\/div>\r\n\t\t\t\t<\/div><div class=\"faq-item\">\r\n\t\t\t\t\t<div class=\"faq-item-question\">\r\n\t\t\t\t\t\t<h3 class=\"faq-item-question-text\">Existe uma op\u00e7\u00e3o para criar uma lista suspensa de categorias ou perguntas frequentes atrav\u00e9s da ag\u00eancia do seu editor?<\/h3>\r\n\r\n\t\t\t\t\t\t<div class=\"faq-item-question-icon\"><\/div>\r\n\t\t\t\t\t<\/div>\r\n\r\n\t\t\t\t\t<div class=\"faq-item-answer\">\r\n\t\t\t\t\t\t<div class=\"faq-item-answer-text\"><p>Voc\u00ea \u00e9 livre para fazer modifica\u00e7\u00f5es em qualquer widget. Existem v\u00e1rios layouts \u00e0 sua disposi\u00e7\u00e3o no editor, e todos eles podem ser ajustados rapidamente do jeito que voc\u00ea precisa. <\/p><\/div>\r\n\t\t\t\t\t<\/div>\r\n\t\t\t\t<\/div><\/div>","protected":false},"excerpt":{"rendered":"","protected":false},"author":9,"featured_media":0,"parent":815,"menu_order":0,"comment_status":"closed","ping_status":"closed","template":"templates\/template-application-platform.php","meta":{"publish_to_discourse":"","publish_post_category":"","wpdc_auto_publish_overridden":"","wpdc_topic_tags":"","wpdc_pin_topic":"","wpdc_pin_until":"","discourse_post_id":"","discourse_permalink":"","wpdc_publishing_response":"","wpdc_publishing_error":"","footnotes":""},"class_list":["post-4016","page","type-page","status-publish","hentry"],"yoast_head":"<!-- This site is optimized with the Yoast SEO plugin v25.3.1 - https:\/\/yoast.com\/wordpress\/plugins\/seo\/ -->\n<title>Perguntas frequentes sobre acorde\u00e3o - Adicionar m\u00f3dulo de perguntas frequentes ao site Drupal<\/title>\n<meta name=\"description\" content=\"Crie seu m\u00f3dulo de FAQ exclusivo para Drupal em apenas 70 segundos. Confira a demonstra\u00e7\u00e3o mais r\u00e1pida de cria\u00e7\u00e3o de widgets da Elfsight, totalmente gratuita.\" \/>\n<meta name=\"robots\" content=\"index, follow, max-snippet:-1, max-image-preview:large, max-video-preview:-1\" \/>\n<link rel=\"canonical\" href=\"https:\/\/elfsight.com\/pt\/accordion-faq-widget\/drupal\/\" \/>\n<meta property=\"og:locale\" content=\"pt_PT\" \/>\n<meta property=\"og:type\" content=\"article\" \/>\n<meta property=\"og:title\" content=\"Perguntas frequentes sobre acorde\u00e3o - Adicionar m\u00f3dulo de perguntas frequentes ao site Drupal\" \/>\n<meta property=\"og:description\" content=\"Crie seu m\u00f3dulo de FAQ exclusivo para Drupal em apenas 70 segundos. Confira a demonstra\u00e7\u00e3o mais r\u00e1pida de cria\u00e7\u00e3o de widgets da Elfsight, totalmente gratuita.\" \/>\n<meta property=\"og:url\" content=\"https:\/\/elfsight.com\/pt\/accordion-faq-widget\/drupal\/\" \/>\n<meta property=\"og:site_name\" content=\"Elfsight PT\" \/>\n<meta property=\"article:modified_time\" content=\"2024-11-13T12:15:38+00:00\" \/>\n<meta name=\"twitter:card\" content=\"summary_large_image\" \/>\n<meta name=\"twitter:label1\" content=\"Tempo estimado de leitura\" \/>\n\t<meta name=\"twitter:data1\" content=\"2 minutos\" \/>\n<!-- \/ Yoast SEO plugin. -->","yoast_head_json":{"title":"Perguntas frequentes sobre acorde\u00e3o - Adicionar m\u00f3dulo de perguntas frequentes ao site Drupal","description":"Crie seu m\u00f3dulo de FAQ exclusivo para Drupal em apenas 70 segundos. Confira a demonstra\u00e7\u00e3o mais r\u00e1pida de cria\u00e7\u00e3o de widgets da Elfsight, totalmente gratuita.","robots":{"index":"index","follow":"follow","max-snippet":"max-snippet:-1","max-image-preview":"max-image-preview:large","max-video-preview":"max-video-preview:-1"},"canonical":"https:\/\/elfsight.com\/pt\/accordion-faq-widget\/drupal\/","og_locale":"pt_PT","og_type":"article","og_title":"Perguntas frequentes sobre acorde\u00e3o - Adicionar m\u00f3dulo de perguntas frequentes ao site Drupal","og_description":"Crie seu m\u00f3dulo de FAQ exclusivo para Drupal em apenas 70 segundos. Confira a demonstra\u00e7\u00e3o mais r\u00e1pida de cria\u00e7\u00e3o de widgets da Elfsight, totalmente gratuita.","og_url":"https:\/\/elfsight.com\/pt\/accordion-faq-widget\/drupal\/","og_site_name":"Elfsight PT","article_modified_time":"2024-11-13T12:15:38+00:00","twitter_card":"summary_large_image","twitter_misc":{"Tempo estimado de leitura":"2 minutos"},"schema":{"@context":"https:\/\/schema.org","@graph":[{"@type":"WebPage","@id":"https:\/\/elfsight.com\/pt\/accordion-faq-widget\/drupal\/","url":"https:\/\/elfsight.com\/pt\/accordion-faq-widget\/drupal\/","name":"Perguntas frequentes sobre acorde\u00e3o - Adicionar m\u00f3dulo de perguntas frequentes ao site Drupal","isPartOf":{"@id":"https:\/\/elfsight.com\/pt\/#website"},"datePublished":"2024-05-03T06:36:52+00:00","dateModified":"2024-11-13T12:15:38+00:00","description":"Crie seu m\u00f3dulo de FAQ exclusivo para Drupal em apenas 70 segundos. Confira a demonstra\u00e7\u00e3o mais r\u00e1pida de cria\u00e7\u00e3o de widgets da Elfsight, totalmente gratuita.","breadcrumb":{"@id":"https:\/\/elfsight.com\/pt\/accordion-faq-widget\/drupal\/#breadcrumb"},"inLanguage":"pt-PT","potentialAction":[{"@type":"ReadAction","target":["https:\/\/elfsight.com\/pt\/accordion-faq-widget\/drupal\/"]}]},{"@type":"BreadcrumbList","@id":"https:\/\/elfsight.com\/pt\/accordion-faq-widget\/drupal\/#breadcrumb","itemListElement":[{"@type":"ListItem","position":1,"name":"Home","item":"https:\/\/elfsight.com\/pt\/"},{"@type":"ListItem","position":2,"name":"FAQ","item":"https:\/\/elfsight.com\/pt\/accordion-faq-widget\/"},{"@type":"ListItem","position":3,"name":"FAQ &#8211; Drupal"}]},{"@type":"WebSite","@id":"https:\/\/elfsight.com\/pt\/#website","url":"https:\/\/elfsight.com\/pt\/","name":"Elfsight PT","description":"Just another Elfsight Sites site","potentialAction":[{"@type":"SearchAction","target":{"@type":"EntryPoint","urlTemplate":"https:\/\/elfsight.com\/pt\/?s={search_term_string}"},"query-input":{"@type":"PropertyValueSpecification","valueRequired":true,"valueName":"search_term_string"}}],"inLanguage":"pt-PT"}]}},"meta_box":{"industry":"","seo_heading":"","heading":"","description":"","cta_heading":"","cta_description":"","application":"814","h1":"M\u00f3dulo de perguntas frequentes sobre acorde\u00e3o para Drupal","h1_caption":"Um m\u00e9todo simples para publicar widget de FAQ em qualquer site","application_category":[],"applications_title":"","applications_request_title":"","applications_request_button_text":"","hero_text":"","hero_video":"","hero_video_schema_markup":"","selling_points_title":"","selling_points_caption":"","selling_points":[],"selling_points_cta_text":"","features_title":"","features":"","ed_cta_examples_text":"","ed_cta_examples_hidden":"","ed_cta_demo_text":"","ed_cta_demo_hidden":"","why_caption":"","why_editor_title":"","why_editor_text":"","why_team_title":"","why_team_text":"","why_service_title":"","why_service_text":"","template_catalog_visible":"","template_catalog_title":"","template_catalog_text":"","template_catalog_categories_visible":"","demo_title":"Crie seu m\u00f3dulo de perguntas frequentes","demo_caption":"Configure seu FAQ e adicione-o ao seu site Drupal gratuitamente!","default_faq_hidden":"","app_template_category":[],"platform":"4905","template_public_id":"","codecanyon_url":"","codecanyon_item_id":"","codecanyon_price":"","pricing_caption":"","pricing_elfsight_apps_hide_column":"","pricing_elfsight_apps_url":"","pricing_codecanyon_price_caption":"","integration_category":[],"integration_request_title":"","integration_request_cta":"","integration_platform":"","integrations":[],"platform_category":[],"video_schema_markup":"","price":"a partir de US$ 0\/m\u00eas","trial":"","benefits":[{"text":"Servi\u00e7o de instala\u00e7\u00e3o gratuito"},{"text":"Suporte profissional ao cliente"},{"text":"Garantia de reembolso de 14 dias"},{"text":"Desenvolvimento cont\u00ednuo"}],"button_url":"#demo","button_target_blank":"0","button_nofollow":"0","attributes":[{"name":"Instala\u00e7\u00f5es","content":"10,000 - 100,000","_state":"expanded"},{"name":"Responsivo","content":"Sim","_state":"expanded"},{"name":"Navegadores compat\u00edveis","content":"IE11, Firefox, Safari, Opera, Chrome, Edge"}],"tags":[],"tags_disable_links":"0","hide_more_platforms":"","video_object":"","demo_hide_cta":"0","demo_hide_cloud_options":"0","pricing_title":"","pricing":[{"pricing_icon":"cloud","pricing_title":"Elfsight Apps","pricing_title_caption":"Vers\u00e3o multiplataforma que funciona em qualquer site","pricing_price":"a partir de US$ 0\/m\u00eas","pricing_price_caption":"comece com plano gratuito","pricing_benefits":[{"text":"Sites ilimitados"},{"text":"Suporte premium da empresa e bem documentado"},{"text":"Suporte premium da empresa e bem documentado"},{"text":"Pre\u00e7o a ser pago para v\u00e1rios aplicativos"}],"pricing_button_text":"Adicionar ao site","pricing_button_url":"#demo","_state":"expanded"}],"related_apps_title":"","related_apps_hidden":"1","author":"","image":[],"title":"","job":"","social_networks":[]},"_links":{"self":[{"href":"https:\/\/elfsight.com\/pt\/wp-json\/wp\/v2\/pages\/4016","targetHints":{"allow":["GET"]}}],"collection":[{"href":"https:\/\/elfsight.com\/pt\/wp-json\/wp\/v2\/pages"}],"about":[{"href":"https:\/\/elfsight.com\/pt\/wp-json\/wp\/v2\/types\/page"}],"author":[{"embeddable":true,"href":"https:\/\/elfsight.com\/pt\/wp-json\/wp\/v2\/users\/9"}],"replies":[{"embeddable":true,"href":"https:\/\/elfsight.com\/pt\/wp-json\/wp\/v2\/comments?post=4016"}],"version-history":[{"count":2,"href":"https:\/\/elfsight.com\/pt\/wp-json\/wp\/v2\/pages\/4016\/revisions"}],"predecessor-version":[{"id":11857,"href":"https:\/\/elfsight.com\/pt\/wp-json\/wp\/v2\/pages\/4016\/revisions\/11857"}],"up":[{"embeddable":true,"href":"https:\/\/elfsight.com\/pt\/wp-json\/wp\/v2\/pages\/815"}],"wp:attachment":[{"href":"https:\/\/elfsight.com\/pt\/wp-json\/wp\/v2\/media?parent=4016"}],"curies":[{"name":"wp","href":"https:\/\/api.w.org\/{rel}","templated":true}]}}