{"id":4013,"date":"2024-05-03T06:36:31","date_gmt":"2024-05-03T06:36:31","guid":{"rendered":"https:\/\/elfsight.com\/pt\/?page_id=4013"},"modified":"2025-02-28T10:47:07","modified_gmt":"2025-02-28T10:47:07","slug":"drupal","status":"publish","type":"page","link":"https:\/\/elfsight.com\/pt\/facebook-reviews-widget\/drupal\/","title":{"rendered":"Facebook Reviews &#8211; Drupal"},"content":{"rendered":"\n<div class=\"application-platform-content-item-description application-platform-content-item\" id=\"description\" data-nav-section=\"description\"><h2>Descri\u00e7\u00e3o<\/h2><p>Elfsight Facebook Reviews \u00e9 uma ferramenta clara para mostrar coment\u00e1rios da sua p\u00e1gina do Facebook no seu site e aumentar a confian\u00e7a em sua marca entre os clientes do site. Voc\u00ea pode aplicar filtro de avalia\u00e7\u00f5es, mostrar classifica\u00e7\u00e3o por estrelas, informa\u00e7\u00f5es do autor e um bot\u00e3o para deixar mais uma avalia\u00e7\u00e3o. Nosso widget de Avalia\u00e7\u00f5es do Facebook apresenta layout e modelos variados, recursos de interface altern\u00e1veis \u200b\u200be cabe\u00e7alho flex\u00edvel para personaliza\u00e7\u00e3o m\u00e1xima. Por meio de suas avalia\u00e7\u00f5es do Facebook no site, voc\u00ea mostrar\u00e1 seu reconhecimento, fortalecer\u00e1 a confian\u00e7a e receber\u00e1 ainda mais avalia\u00e7\u00f5es.<\/p><p>Cole suas avalia\u00e7\u00f5es do Facebook no site para revelar sua \u00f3tima avalia\u00e7\u00e3o!<\/p><p> <ul><li><b>Aumente o valor percebido de seus itens demonstrando as melhores avalia\u00e7\u00f5es<\/b><br>Aplique filtros para remover todas as avalia\u00e7\u00f5es indesejadas e fa\u00e7a com que os usu\u00e1rios tenham d\u00favidas sobre o valor de seus produtos e servi\u00e7os.<\/li><li><b>Atraia mais compras mostrando sua classifica\u00e7\u00e3o alta<\/b><br>Use melhor sua classifica\u00e7\u00e3o m\u00e1xima e avalia\u00e7\u00f5es excelentes no Facebook para demonstrar que vale a pena comprar seus itens e atrair novas compras.<\/li><li><b>Obtenha uma compreens\u00e3o mais clara de suas ofertas<\/b><br>Apresentar seus produtos e servi\u00e7os atrav\u00e9s dos olhos dos clientes ajudar\u00e1 os usu\u00e1rios a entend\u00ea-los melhor.<\/li><\/ul><\/div><div class=\"application-platform-content-item-features application-platform-content-item\" id=\"features\" data-nav-section=\"features\"><h2>Recursos<\/h2><p>Uma s\u00e9rie de benef\u00edcios, que tornam o widget Elfsight um plugin essencial para todos os sites Drupal<\/p><ul><li>22 idiomas predefinidos suportados;<\/li><li>Tipos de layout de grade cl\u00e1ssico ou alvenaria;<\/li><li>Largura e altura ajust\u00e1veis \u200b\u200bdo widget;<\/li><li>Links suportados na mensagem de nega\u00e7\u00e3o de solicita\u00e7\u00e3o de revis\u00e3o;<\/li><li>Tr\u00eas revise os tipos de decora\u00e7\u00e3o: Borda, Plano de fundo, Nenhum;<\/li><\/ul><p><a href=\"#demo\">Experimente todas as caracter\u00edsticas em nosso editor<\/a><\/p><\/div><div class=\"application-platform-content-item-installation application-platform-content-item\" id=\"installation\" data-nav-section=\"installation\"><h2>Como adicionar avalia\u00e7\u00f5es do Facebook ao site Drupal<\/h2><p>Basta seguir estas etapas descritas abaixo para come\u00e7ar a usar o plug-in no Drupal.<\/p> <ol><li><b>Abra nossa demonstra\u00e7\u00e3o gratuita e comece a moldar seu m\u00f3dulo personalizado de avalia\u00e7\u00f5es do Facebook. <\/b><br> Especifique o formato e os par\u00e2metros adequados da ferramenta e salve as modifica\u00e7\u00f5es. <\/li> <li><b>Adquira o seu c\u00f3digo pessoal que aparece no formul\u00e1rio especial nas aplica\u00e7\u00f5es Elfsight. <\/b><br> Quando a gera\u00e7\u00e3o da sua ferramenta for conclu\u00edda, copie o c\u00f3digo individual na janela exibida e guarde-o para uso posterior. <\/li> <li><b>Comece a usar o m\u00f3dulo no seu site Drupal. <\/b><br> Insira o c\u00f3digo que voc\u00ea salvou antes em seu site e aplique as edi\u00e7\u00f5es. <\/li> <li><b>A instala\u00e7\u00e3o foi realizada com sucesso. <\/b><br> Acesse seu site para inspecionar como o plugin est\u00e1 funcionando.<\/li><\/ol><p>Tem d\u00favidas sobre a instala\u00e7\u00e3o ou configura\u00e7\u00e3o do seu plugin? N\u00e3o hesite em contactar a equipa de suporte da Elfsight.<\/p><div class=\"faq\" data-component=\"FAQ\"> <div class=\"faq-item\">\r\n\t\t\t\t\t<div class=\"faq-item-question\">\r\n\t\t\t\t\t\t<h3 class=\"faq-item-question-text\">Como posso adicionar coment\u00e1rios do Facebook ao meu site Drupal sem conhecimentos de codifica\u00e7\u00e3o?<\/h3>\r\n\r\n\t\t\t\t\t\t<div class=\"faq-item-question-icon\"><\/div>\r\n\t\t\t\t\t<\/div>\r\n\r\n\t\t\t\t\t<div class=\"faq-item-answer\">\r\n\t\t\t\t\t\t<div class=\"faq-item-answer-text\"> <p>A Elfsight fornece uma solu\u00e7\u00e3o SaaS que lhe permite criar voc\u00ea mesmo um widget de Avalia\u00e7\u00f5es do Facebook, veja como o processo \u00e9 f\u00e1cil: Trabalhe diretamente no Editor on-line para criar um widget de Avalia\u00e7\u00f5es do Facebook que voc\u00ea gostaria de ver em seu site Drupal. Escolha um dos modelos predefinidos e ajuste as configura\u00e7\u00f5es de Avalia\u00e7\u00f5es do Facebook, adicione seu conte\u00fado, altere o layout e o esquema de cores sem nenhuma habilidade de codifica\u00e7\u00e3o. Salve as avalia\u00e7\u00f5es do Facebook e copie seu c\u00f3digo de instala\u00e7\u00e3o, que voc\u00ea pode simplesmente adicionar ao seu site Drupal sem comprar uma vers\u00e3o paga. Com nosso editor intuitivo, qualquer usu\u00e1rio da Internet pode criar um widget de avalia\u00e7\u00f5es do Facebook on-line e incorpor\u00e1-lo facilmente ao seu site Drupal. N\u00e3o h\u00e1 necessidade de pagar ou inserir as credenciais do seu cart\u00e3o para acessar o servi\u00e7o. Se voc\u00ea enfrentar algum problema em qualquer etapa, sinta-se \u00e0 vontade para entrar em contato com nossa equipe de suporte t\u00e9cnico.<\/p> <\/div>\r\n\t\t\t\t\t<\/div>\r\n\t\t\t\t<\/div> <\/div> <p><\/div><\/p>\n","protected":false},"excerpt":{"rendered":"","protected":false},"author":9,"featured_media":0,"parent":576,"menu_order":0,"comment_status":"closed","ping_status":"closed","template":"templates\/template-application-platform.php","meta":{"publish_to_discourse":"","publish_post_category":"","wpdc_auto_publish_overridden":"","wpdc_topic_tags":"","wpdc_pin_topic":"","wpdc_pin_until":"","discourse_post_id":"","discourse_permalink":"","wpdc_publishing_response":"","wpdc_publishing_error":"","footnotes":""},"class_list":["post-4013","page","type-page","status-publish","hentry"],"yoast_head":"<!-- This site is optimized with the Yoast SEO plugin v25.3.1 - https:\/\/yoast.com\/wordpress\/plugins\/seo\/ -->\n<title>O melhor m\u00f3dulo de avalia\u00e7\u00f5es do Facebook para site Drupal (2025)<\/title>\n<meta name=\"description\" content=\"Experimente nosso pr\u00e1tico m\u00f3dulo de avalia\u00e7\u00f5es do Facebook para Drupal gratuitamente. Gere widgets personalizados para o seu site em apenas alguns minutos!\" \/>\n<meta name=\"robots\" content=\"index, follow, max-snippet:-1, max-image-preview:large, max-video-preview:-1\" \/>\n<link rel=\"canonical\" href=\"https:\/\/elfsight.com\/pt\/facebook-reviews-widget\/drupal\/\" \/>\n<meta property=\"og:locale\" content=\"pt_PT\" \/>\n<meta property=\"og:type\" content=\"article\" \/>\n<meta property=\"og:title\" content=\"O melhor m\u00f3dulo de avalia\u00e7\u00f5es do Facebook para site Drupal (2025)\" \/>\n<meta property=\"og:description\" content=\"Experimente nosso pr\u00e1tico m\u00f3dulo de avalia\u00e7\u00f5es do Facebook para Drupal gratuitamente. Gere widgets personalizados para o seu site em apenas alguns minutos!\" \/>\n<meta property=\"og:url\" content=\"https:\/\/elfsight.com\/pt\/facebook-reviews-widget\/drupal\/\" \/>\n<meta property=\"og:site_name\" content=\"Elfsight PT\" \/>\n<meta property=\"article:modified_time\" content=\"2025-02-28T10:47:07+00:00\" \/>\n<meta name=\"twitter:card\" content=\"summary_large_image\" \/>\n<meta name=\"twitter:label1\" content=\"Tempo estimado de leitura\" \/>\n\t<meta name=\"twitter:data1\" content=\"4 minutos\" \/>\n<!-- \/ Yoast SEO plugin. -->","yoast_head_json":{"title":"O melhor m\u00f3dulo de avalia\u00e7\u00f5es do Facebook para site Drupal (2025)","description":"Experimente nosso pr\u00e1tico m\u00f3dulo de avalia\u00e7\u00f5es do Facebook para Drupal gratuitamente. Gere widgets personalizados para o seu site em apenas alguns minutos!","robots":{"index":"index","follow":"follow","max-snippet":"max-snippet:-1","max-image-preview":"max-image-preview:large","max-video-preview":"max-video-preview:-1"},"canonical":"https:\/\/elfsight.com\/pt\/facebook-reviews-widget\/drupal\/","og_locale":"pt_PT","og_type":"article","og_title":"O melhor m\u00f3dulo de avalia\u00e7\u00f5es do Facebook para site Drupal (2025)","og_description":"Experimente nosso pr\u00e1tico m\u00f3dulo de avalia\u00e7\u00f5es do Facebook para Drupal gratuitamente. Gere widgets personalizados para o seu site em apenas alguns minutos!","og_url":"https:\/\/elfsight.com\/pt\/facebook-reviews-widget\/drupal\/","og_site_name":"Elfsight PT","article_modified_time":"2025-02-28T10:47:07+00:00","twitter_card":"summary_large_image","twitter_misc":{"Tempo estimado de leitura":"4 minutos"},"schema":{"@context":"https:\/\/schema.org","@graph":[{"@type":"WebPage","@id":"https:\/\/elfsight.com\/pt\/facebook-reviews-widget\/drupal\/","url":"https:\/\/elfsight.com\/pt\/facebook-reviews-widget\/drupal\/","name":"O melhor m\u00f3dulo de avalia\u00e7\u00f5es do Facebook para site Drupal (2025)","isPartOf":{"@id":"https:\/\/elfsight.com\/pt\/#website"},"datePublished":"2024-05-03T06:36:31+00:00","dateModified":"2025-02-28T10:47:07+00:00","description":"Experimente nosso pr\u00e1tico m\u00f3dulo de avalia\u00e7\u00f5es do Facebook para Drupal gratuitamente. Gere widgets personalizados para o seu site em apenas alguns minutos!","breadcrumb":{"@id":"https:\/\/elfsight.com\/pt\/facebook-reviews-widget\/drupal\/#breadcrumb"},"inLanguage":"pt-PT","potentialAction":[{"@type":"ReadAction","target":["https:\/\/elfsight.com\/pt\/facebook-reviews-widget\/drupal\/"]}]},{"@type":"BreadcrumbList","@id":"https:\/\/elfsight.com\/pt\/facebook-reviews-widget\/drupal\/#breadcrumb","itemListElement":[{"@type":"ListItem","position":1,"name":"Home","item":"https:\/\/elfsight.com\/pt\/"},{"@type":"ListItem","position":2,"name":"Facebook Reviews","item":"https:\/\/elfsight.com\/pt\/facebook-reviews-widget\/"},{"@type":"ListItem","position":3,"name":"Facebook Reviews &#8211; Drupal"}]},{"@type":"WebSite","@id":"https:\/\/elfsight.com\/pt\/#website","url":"https:\/\/elfsight.com\/pt\/","name":"Elfsight PT","description":"Just another Elfsight Sites site","potentialAction":[{"@type":"SearchAction","target":{"@type":"EntryPoint","urlTemplate":"https:\/\/elfsight.com\/pt\/?s={search_term_string}"},"query-input":{"@type":"PropertyValueSpecification","valueRequired":true,"valueName":"search_term_string"}}],"inLanguage":"pt-PT"}]}},"meta_box":{"industry":"","seo_heading":"","heading":"","description":"","cta_heading":"","cta_description":"","application":"575","h1":"M\u00f3dulo de avalia\u00e7\u00f5es do Drupal no Facebook","h1_caption":"F\u00e1cil compartilhamento de avalia\u00e7\u00f5es de clientes do Facebook com visitantes do site para maior confian\u00e7a do cliente!","application_category":[],"applications_title":"","applications_request_title":"","applications_request_button_text":"","hero_text":"","hero_video":"","hero_video_schema_markup":"","selling_points_title":"","selling_points_caption":"","selling_points":[],"selling_points_cta_text":"","features_title":"","features":"","ed_cta_examples_text":"","ed_cta_examples_hidden":"","ed_cta_demo_text":"","ed_cta_demo_hidden":"","why_caption":"","why_editor_title":"","why_editor_text":"","why_team_title":"","why_team_text":"","why_service_title":"","why_service_text":"","template_catalog_visible":"0","template_catalog_title":"","template_catalog_text":"","template_catalog_categories_visible":"","demo_title":"Crie seu m\u00f3dulo de avalia\u00e7\u00f5es do Facebook","demo_caption":"Configure suas avalia\u00e7\u00f5es do Facebook e adicione-as ao seu site Drupal gratuitamente!","default_faq_hidden":"","app_template_category":[],"platform":"4905","template_public_id":"","codecanyon_url":"","codecanyon_item_id":"","codecanyon_price":"","pricing_caption":"","pricing_elfsight_apps_hide_column":"","pricing_elfsight_apps_url":"","pricing_codecanyon_price_caption":"","integration_category":[],"integration_request_title":"","integration_request_cta":"","integration_platform":"","integrations":[],"platform_category":[],"video_schema_markup":"","price":"a partir de US$ 0\/m\u00eas","trial":"","benefits":[{"text":"Assist\u00eancia de instala\u00e7\u00e3o gratuita"},{"text":"Atendimento ao cliente eficaz"},{"text":"Garantia de devolu\u00e7\u00e3o do dinheiro em 14 dias"},{"text":"Desenvolvimento cont\u00ednuo"}],"button_url":"#demo","button_target_blank":"0","button_nofollow":"0","attributes":[{"name":"Instala\u00e7\u00f5es","content":"10,000 - 100,000","_state":"expanded"},{"name":"Responsivo","content":"Sim","_state":"expanded"},{"name":"Navegadores compat\u00edveis","content":"IE11, Firefox, Safari, Opera, Chrome, Edge"}],"tags":[],"tags_disable_links":"0","hide_more_platforms":"0","video_object":"","demo_hide_cta":"0","demo_hide_cloud_options":"0","pricing_title":"","pricing":[{"pricing_icon":"cloud","pricing_title":"Elfsight Apps","pricing_title_caption":"Solu\u00e7\u00e3o multiplataforma que funciona em qualquer site","pricing_price":"a partir de US$ 0\/m\u00eas","pricing_price_caption":"comece com plano gratuito","pricing_benefits":[{"text":"Sites ilimitados"},{"text":"Suporte 24 horas por dia, 7 dias por semana e bem documentado"},{"text":"Suporte 24 horas por dia, 7 dias por semana e bem documentado"},{"text":"\u00d3timo neg\u00f3cio para v\u00e1rios aplicativos"}],"pricing_button_text":"Adicionar ao site","pricing_button_url":"#demo","_state":"expanded"}],"related_apps_title":"","related_apps_hidden":"1","author":"","image":[],"title":"","job":"","social_networks":[]},"_links":{"self":[{"href":"https:\/\/elfsight.com\/pt\/wp-json\/wp\/v2\/pages\/4013","targetHints":{"allow":["GET"]}}],"collection":[{"href":"https:\/\/elfsight.com\/pt\/wp-json\/wp\/v2\/pages"}],"about":[{"href":"https:\/\/elfsight.com\/pt\/wp-json\/wp\/v2\/types\/page"}],"author":[{"embeddable":true,"href":"https:\/\/elfsight.com\/pt\/wp-json\/wp\/v2\/users\/9"}],"replies":[{"embeddable":true,"href":"https:\/\/elfsight.com\/pt\/wp-json\/wp\/v2\/comments?post=4013"}],"version-history":[{"count":3,"href":"https:\/\/elfsight.com\/pt\/wp-json\/wp\/v2\/pages\/4013\/revisions"}],"predecessor-version":[{"id":14108,"href":"https:\/\/elfsight.com\/pt\/wp-json\/wp\/v2\/pages\/4013\/revisions\/14108"}],"up":[{"embeddable":true,"href":"https:\/\/elfsight.com\/pt\/wp-json\/wp\/v2\/pages\/576"}],"wp:attachment":[{"href":"https:\/\/elfsight.com\/pt\/wp-json\/wp\/v2\/media?parent=4013"}],"curies":[{"name":"wp","href":"https:\/\/api.w.org\/{rel}","templated":true}]}}