{"id":4005,"date":"2024-05-03T06:36:32","date_gmt":"2024-05-03T06:36:32","guid":{"rendered":"https:\/\/elfsight.com\/pt\/?page_id=4005"},"modified":"2024-11-13T12:09:46","modified_gmt":"2024-11-13T12:09:46","slug":"blogger","status":"publish","type":"page","link":"https:\/\/elfsight.com\/pt\/facebook-reviews-widget\/blogger\/","title":{"rendered":"Facebook Reviews &#8211; Blogger"},"content":{"rendered":"<div class=\"application-platform-content-item-description application-platform-content-item\" id=\"description\" data-nav-section=\"description\"><h2>Descri\u00e7\u00e3o<\/h2><p>Elfsight Facebook Reviews \u00e9 uma forma f\u00e1cil de adicionar coment\u00e1rios da sua p\u00e1gina do Facebook na sua p\u00e1gina web e aumentar a confian\u00e7a para sua empresa pela clientela do site. Voc\u00ea pode classificar os coment\u00e1rios, adicionar classifica\u00e7\u00e3o por estrelas, informa\u00e7\u00f5es do autor e um bot\u00e3o para deixar mais um coment\u00e1rio. O widget Elfsight Facebook Reviews possui v\u00e1rios layouts e modelos de revis\u00e3o, componentes de interface altern\u00e1veis \u200b\u200be cabe\u00e7alho flex\u00edvel para excelente personaliza\u00e7\u00e3o. Tendo suas avalia\u00e7\u00f5es do Facebook no site, voc\u00ea ter\u00e1 grande reconhecimento, aumentar\u00e1 a confian\u00e7a e ter\u00e1 ainda mais avalia\u00e7\u00f5es.<\/p><p><b>Apresente suas avalia\u00e7\u00f5es do Facebook no site para demonstrar seu grande agradecimento!<\/b> <\/p><ul><li><b>Aumente o valor percebido de seus produtos por meio das melhores avalia\u00e7\u00f5es<\/b><br>Aplique filtros para ocultar todas as avalia\u00e7\u00f5es negativas e deixe os visitantes 100% seguros sobre a excel\u00eancia de suas ofertas .<\/li><li><b>Atraia novas vendas ostentando sua excelente classifica\u00e7\u00e3o<\/b><br>Demonstre sua alta classifica\u00e7\u00e3o e avalia\u00e7\u00f5es positivas para convencer os usu\u00e1rios de que vale a pena comprar seus itens e atrair novas vendas.<\/li> <li><b>Obtenha uma compreens\u00e3o mais clara de suas ofertas<\/b><br>Apresentar seus itens por meio da experi\u00eancia dos clientes ajudar\u00e1 os usu\u00e1rios a compreender melhor seus itens.<\/li><\/ul><\/div> <div class=\"application-platform-content-item-features application-platform-content-item\" id=\"features\" data-nav-section=\"features\"><h2>Recursos<\/h2><p>Recursos distintivos significativos do nosso widget, que o tornam uma ferramenta perfeitamente lucrativa para adicionar o plugin no Blogger:<\/p><ul><li>Incorpora\u00e7\u00e3o de coment\u00e1rios de clientes da p\u00e1gina do Facebook;<\/li><li>Tipos de layout de grade cl\u00e1ssico ou alvenaria;<\/li><li>Tr\u00eas modelos de revis\u00e3o: Cl\u00e1ssico, Bolha, Spotlight;<\/li><li>Links suportados em mensagem de nega\u00e7\u00e3o de solicita\u00e7\u00e3o de revis\u00e3o;<\/li><li>6 elementos altern\u00e1veis \u200b\u200bdas avalia\u00e7\u00f5es: nome e imagem do autor, recomenda\u00e7\u00e3o, data, \u00edcone do Facebook e classifica\u00e7\u00e3o por estrelas;<\/li><\/ul><p><a href=\"#demo\">Confira os principais recursos do nosso editor<\/a><\/p><\/div><div class=\"application-platform-content-item-installation application-platform-content-item\" id=\"installation\" data-nav-section=\"installation\"><h2>Como adicionar avalia\u00e7\u00f5es do Facebook ao site do Blogger<\/h2><div class=\"video-container\"><iframe width=\"720\" height=\"405\" src=\"https:\/\/www.youtube.com\/embed\/6o3r1Dbs-HA\"><\/iframe><\/div><p>Um manual compreens\u00edvel sobre instala\u00e7\u00e3o de widget para site sem habilidades em desenvolvimento. A dura\u00e7\u00e3o total da execu\u00e7\u00e3o do guia n\u00e3o ultrapassa 70 segundos.<\/p><ol><li><b>Crie suas avalia\u00e7\u00f5es individuais<\/b><br>Usando nosso editor gratuito, gere um plugin com o modelo e as capacidades necess\u00e1rias.<\/li><li><b>Copiar um c\u00f3digo para publicar o plugin<\/b><br>Ap\u00f3s a gera\u00e7\u00e3o do widget Receber um c\u00f3digo para o plugin Reviews a partir da notifica\u00e7\u00e3o pop-up nas aplica\u00e7\u00f5es Elfsight.<\/li><li><b> Publique o plugin no site do Blogger<\/b><br>Revele o plugin no local desejado da p\u00e1gina e aplique as altera\u00e7\u00f5es.<\/li><li><b>Conclu\u00eddo!<\/b><br>V\u00e1 para o seu site, para ver suas avalia\u00e7\u00f5es.<\/li><\/ol><p>N\u00e3o \u00e9 poss\u00edvel adicionar ou exibir o plug-in em um site? Entre em contato com nossa equipe de ajuda.<\/p><div class=\"faq\" data-component=\"FAQ\"> <div class=\"faq-item\">\r\n\t\t\t\t\t<div class=\"faq-item-question\">\r\n\t\t\t\t\t\t<h3 class=\"faq-item-question-text\">Como posso adicionar avalia\u00e7\u00f5es do Facebook ao meu site do Blogger sem habilidades de codifica\u00e7\u00e3o?<\/h3>\r\n\r\n\t\t\t\t\t\t<div class=\"faq-item-question-icon\"><\/div>\r\n\t\t\t\t\t<\/div>\r\n\r\n\t\t\t\t\t<div class=\"faq-item-answer\">\r\n\t\t\t\t\t\t<div class=\"faq-item-answer-text\"> <p>A Elfsight fornece uma solu\u00e7\u00e3o SaaS que permite que voc\u00ea mesmo crie um widget de avalia\u00e7\u00f5es do Facebook , veja como o processo \u00e9 f\u00e1cil: trabalhe diretamente no Editor on-line para criar um widget de Avalia\u00e7\u00f5es do Facebook que voc\u00ea gostaria de ver no site do Blogger. Escolha um dos modelos predefinidos e ajuste as configura\u00e7\u00f5es de Avalia\u00e7\u00f5es do Facebook, adicione seu conte\u00fado, altere o layout e as cores sem habilidades de codifica\u00e7\u00e3o. Salve as avalia\u00e7\u00f5es do Facebook e copie seu c\u00f3digo de instala\u00e7\u00e3o, que voc\u00ea pode incluir facilmente no site do Blogger sem comprar uma vers\u00e3o paga. Com nosso editor intuitivo, qualquer usu\u00e1rio da Internet pode criar um widget de avalia\u00e7\u00f5es do Facebook on-line e incorpor\u00e1-lo facilmente ao site do Blogger. N\u00e3o h\u00e1 necessidade de pagar ou inserir as credenciais do seu cart\u00e3o para acessar o servi\u00e7o. Se voc\u00ea enfrentar qualquer problema em qualquer etapa, n\u00e3o hesite em entrar em contato com nossa equipe de suporte t\u00e9cnico.<\/p> <\/div>\r\n\t\t\t\t\t<\/div>\r\n\t\t\t\t<\/div> <\/div> <\/div>","protected":false},"excerpt":{"rendered":"","protected":false},"author":9,"featured_media":0,"parent":576,"menu_order":0,"comment_status":"closed","ping_status":"closed","template":"templates\/template-application-platform.php","meta":{"publish_to_discourse":"","publish_post_category":"","wpdc_auto_publish_overridden":"","wpdc_topic_tags":"","wpdc_pin_topic":"","wpdc_pin_until":"","discourse_post_id":"","discourse_permalink":"","wpdc_publishing_response":"","wpdc_publishing_error":"","footnotes":""},"class_list":["post-4005","page","type-page","status-publish","hentry"],"yoast_head":"<!-- This site is optimized with the Yoast SEO plugin v25.3.1 - https:\/\/yoast.com\/wordpress\/plugins\/seo\/ -->\n<title>O melhor widget de avalia\u00e7\u00f5es do Facebook para o site do Blogger (2025)<\/title>\n<meta name=\"description\" content=\"Teste este widget premium de avalia\u00e7\u00f5es do Facebook para o site do Blogger agora mesmo! Crie um widget individual na Elfsight em apenas 1 minuto.\" \/>\n<meta name=\"robots\" content=\"index, follow, max-snippet:-1, max-image-preview:large, max-video-preview:-1\" \/>\n<link rel=\"canonical\" href=\"https:\/\/elfsight.com\/pt\/facebook-reviews-widget\/blogger\/\" \/>\n<meta property=\"og:locale\" content=\"pt_PT\" \/>\n<meta property=\"og:type\" content=\"article\" \/>\n<meta property=\"og:title\" content=\"O melhor widget de avalia\u00e7\u00f5es do Facebook para o site do Blogger (2025)\" \/>\n<meta property=\"og:description\" content=\"Teste este widget premium de avalia\u00e7\u00f5es do Facebook para o site do Blogger agora mesmo! Crie um widget individual na Elfsight em apenas 1 minuto.\" \/>\n<meta property=\"og:url\" content=\"https:\/\/elfsight.com\/pt\/facebook-reviews-widget\/blogger\/\" \/>\n<meta property=\"og:site_name\" content=\"Elfsight PT\" \/>\n<meta property=\"article:modified_time\" content=\"2024-11-13T12:09:46+00:00\" \/>\n<meta name=\"twitter:card\" content=\"summary_large_image\" \/>\n<meta name=\"twitter:label1\" content=\"Tempo estimado de leitura\" \/>\n\t<meta name=\"twitter:data1\" content=\"2 minutos\" \/>\n<!-- \/ Yoast SEO plugin. -->","yoast_head_json":{"title":"O melhor widget de avalia\u00e7\u00f5es do Facebook para o site do Blogger (2025)","description":"Teste este widget premium de avalia\u00e7\u00f5es do Facebook para o site do Blogger agora mesmo! Crie um widget individual na Elfsight em apenas 1 minuto.","robots":{"index":"index","follow":"follow","max-snippet":"max-snippet:-1","max-image-preview":"max-image-preview:large","max-video-preview":"max-video-preview:-1"},"canonical":"https:\/\/elfsight.com\/pt\/facebook-reviews-widget\/blogger\/","og_locale":"pt_PT","og_type":"article","og_title":"O melhor widget de avalia\u00e7\u00f5es do Facebook para o site do Blogger (2025)","og_description":"Teste este widget premium de avalia\u00e7\u00f5es do Facebook para o site do Blogger agora mesmo! Crie um widget individual na Elfsight em apenas 1 minuto.","og_url":"https:\/\/elfsight.com\/pt\/facebook-reviews-widget\/blogger\/","og_site_name":"Elfsight PT","article_modified_time":"2024-11-13T12:09:46+00:00","twitter_card":"summary_large_image","twitter_misc":{"Tempo estimado de leitura":"2 minutos"},"schema":{"@context":"https:\/\/schema.org","@graph":[{"@type":"WebPage","@id":"https:\/\/elfsight.com\/pt\/facebook-reviews-widget\/blogger\/","url":"https:\/\/elfsight.com\/pt\/facebook-reviews-widget\/blogger\/","name":"O melhor widget de avalia\u00e7\u00f5es do Facebook para o site do Blogger (2025)","isPartOf":{"@id":"https:\/\/elfsight.com\/pt\/#website"},"datePublished":"2024-05-03T06:36:32+00:00","dateModified":"2024-11-13T12:09:46+00:00","description":"Teste este widget premium de avalia\u00e7\u00f5es do Facebook para o site do Blogger agora mesmo! Crie um widget individual na Elfsight em apenas 1 minuto.","breadcrumb":{"@id":"https:\/\/elfsight.com\/pt\/facebook-reviews-widget\/blogger\/#breadcrumb"},"inLanguage":"pt-PT","potentialAction":[{"@type":"ReadAction","target":["https:\/\/elfsight.com\/pt\/facebook-reviews-widget\/blogger\/"]}]},{"@type":"BreadcrumbList","@id":"https:\/\/elfsight.com\/pt\/facebook-reviews-widget\/blogger\/#breadcrumb","itemListElement":[{"@type":"ListItem","position":1,"name":"Home","item":"https:\/\/elfsight.com\/pt\/"},{"@type":"ListItem","position":2,"name":"Facebook Reviews","item":"https:\/\/elfsight.com\/pt\/facebook-reviews-widget\/"},{"@type":"ListItem","position":3,"name":"Facebook Reviews &#8211; Blogger"}]},{"@type":"WebSite","@id":"https:\/\/elfsight.com\/pt\/#website","url":"https:\/\/elfsight.com\/pt\/","name":"Elfsight PT","description":"Just another Elfsight Sites site","potentialAction":[{"@type":"SearchAction","target":{"@type":"EntryPoint","urlTemplate":"https:\/\/elfsight.com\/pt\/?s={search_term_string}"},"query-input":{"@type":"PropertyValueSpecification","valueRequired":true,"valueName":"search_term_string"}}],"inLanguage":"pt-PT"}]}},"meta_box":{"industry":"","seo_heading":"","heading":"","description":"","cta_heading":"","cta_description":"","application":"575","h1":"Widget de avalia\u00e7\u00f5es do Facebook do Blogger","h1_caption":"A maneira mais simples de exibir as avalia\u00e7\u00f5es dos clientes do Facebook ao p\u00fablico do site","application_category":[],"applications_title":"","applications_request_title":"","applications_request_button_text":"","hero_text":"","hero_video":"","hero_video_schema_markup":"","selling_points_title":"","selling_points_caption":"","selling_points":[],"selling_points_cta_text":"","features_title":"","features":"","ed_cta_examples_text":"","ed_cta_examples_hidden":"","ed_cta_demo_text":"","ed_cta_demo_hidden":"","why_caption":"","why_editor_title":"","why_editor_text":"","why_team_title":"","why_team_text":"","why_service_title":"","why_service_text":"","template_catalog_visible":"","template_catalog_title":"","template_catalog_text":"","template_catalog_categories_visible":"","demo_title":"Crie seu widget de avalia\u00e7\u00f5es do Facebook","demo_caption":"Configure suas avalia\u00e7\u00f5es do Facebook e adicione-as ao site do Blogger gratuitamente!","default_faq_hidden":"","app_template_category":[],"platform":"46","template_public_id":"","codecanyon_url":"","codecanyon_item_id":"","codecanyon_price":"","pricing_caption":"","pricing_elfsight_apps_hide_column":"","pricing_elfsight_apps_url":"","pricing_codecanyon_price_caption":"","integration_category":[],"integration_request_title":"","integration_request_cta":"","integration_platform":"","integrations":[],"platform_category":[],"video_schema_markup":"","price":"a partir de US$ 0\/m\u00eas","trial":"","benefits":[{"text":"Assist\u00eancia de instala\u00e7\u00e3o gratuita"},{"text":"Atendimento ao cliente competente"},{"text":"Garantia de reembolso de 14 dias"},{"text":"Melhorias ao longo da vida"}],"button_url":"#demo","button_target_blank":"0","button_nofollow":"0","attributes":[{"name":"Instala\u00e7\u00f5es","content":"10,000 - 100,000","_state":"expanded"},{"name":"Responsivo","content":"Sim","_state":"expanded"},{"name":"Navegadores compat\u00edveis","content":"Firefox, Safari, Opera, Chrome, Edge"}],"tags":[],"tags_disable_links":"0","hide_more_platforms":"","video_object":"","demo_hide_cta":"0","demo_hide_cloud_options":"0","pricing_title":"","pricing":[{"pricing_icon":"platform","pricing_title":"Elfsight Apps","pricing_title_caption":"Software independente de plataforma que funciona em qualquer site","pricing_price":"a partir de US$ 0\/m\u00eas","pricing_price_caption":"comece com um plano gratuito","pricing_benefits":[{"text":"Sites ilimitados"},{"text":"Suporte profissional ao cliente e bem documentado"},{"text":"Suporte profissional ao cliente e bem documentado"},{"text":"Totalmente personaliz\u00e1vel"}],"pricing_button_text":"Adicionar ao site","pricing_button_url":"#demo","_state":"expanded"}],"related_apps_title":"","related_apps_hidden":"1","author":"","image":[],"title":"","job":"","social_networks":[]},"_links":{"self":[{"href":"https:\/\/elfsight.com\/pt\/wp-json\/wp\/v2\/pages\/4005","targetHints":{"allow":["GET"]}}],"collection":[{"href":"https:\/\/elfsight.com\/pt\/wp-json\/wp\/v2\/pages"}],"about":[{"href":"https:\/\/elfsight.com\/pt\/wp-json\/wp\/v2\/types\/page"}],"author":[{"embeddable":true,"href":"https:\/\/elfsight.com\/pt\/wp-json\/wp\/v2\/users\/9"}],"replies":[{"embeddable":true,"href":"https:\/\/elfsight.com\/pt\/wp-json\/wp\/v2\/comments?post=4005"}],"version-history":[{"count":2,"href":"https:\/\/elfsight.com\/pt\/wp-json\/wp\/v2\/pages\/4005\/revisions"}],"predecessor-version":[{"id":11839,"href":"https:\/\/elfsight.com\/pt\/wp-json\/wp\/v2\/pages\/4005\/revisions\/11839"}],"up":[{"embeddable":true,"href":"https:\/\/elfsight.com\/pt\/wp-json\/wp\/v2\/pages\/576"}],"wp:attachment":[{"href":"https:\/\/elfsight.com\/pt\/wp-json\/wp\/v2\/media?parent=4005"}],"curies":[{"name":"wp","href":"https:\/\/api.w.org\/{rel}","templated":true}]}}