{"id":4000,"date":"2024-05-03T06:36:54","date_gmt":"2024-05-03T06:36:54","guid":{"rendered":"https:\/\/elfsight.com\/pt\/?page_id=4000"},"modified":"2024-11-13T12:15:54","modified_gmt":"2024-11-13T12:15:54","slug":"bigcommerce","status":"publish","type":"page","link":"https:\/\/elfsight.com\/pt\/accordion-faq-widget\/bigcommerce\/","title":{"rendered":"FAQ &#8211; BigCommerce"},"content":{"rendered":"<div class=\"application-platform-content-item-description application-platform-content-item\" id=\"description\" data-nav-section=\"description\"><h2>Descri\u00e7\u00e3o<\/h2><p>Elfsight FAQ \u00e9 um aplicativo eficaz e f\u00e1cil de aplicar e personalizar para gerar e publicar uma lista dos mais perguntas solicitadas com respostas em seu site pessoal. Um plugin informativo com design intuitivo oferece a oportunidade de compartilhar dados completos sobre o seu neg\u00f3cio, chamar a aten\u00e7\u00e3o dos leitores para as vantagens do produto e evitar todos os equ\u00edvocos e suspeitas esperados, que podem atrapalhar a compra.<\/p><p><b>Responda \u00e0s perguntas dos usu\u00e1rios diretamente no seu site com a m\u00e1xima rapidez e aumente o n\u00edvel de convers\u00e3o!<\/b><\/p><ul><li><b>Elimine quaisquer equ\u00edvocos que os visitantes possam ter e aumente suas vendas<\/b>. <br>Demonstre informa\u00e7\u00f5es detalhadas sobre seus produtos ou servi\u00e7os aos seus prov\u00e1veis \u200b\u200bclientes, para acabar com quaisquer medos e aumentar a receita do site.<\/li><li><b>Crie uma imagem ideal do seu neg\u00f3cio entre os leitores<\/b>.<br>Ajude seus usu\u00e1rios a obter a percep\u00e7\u00e3o correta de sua empresa e de seu modelo de neg\u00f3cios, para eliminar suas d\u00favidas e ajud\u00e1-los a iniciar a coopera\u00e7\u00e3o.<\/li><li><b>Reduza o tempo de inatividade e o pre\u00e7o do suporte ao cliente<\/b>.<br>Forne\u00e7a respostas a todas as perguntas mais frequentes em termos de seus produtos ou servi\u00e7os, para eliminar a carga extra de sua equipe de suporte ao cliente.<\/li><\/ul><\/div><div class=\"application-platform-content-item-features application-platform-content-item\" id=\"features\" data-nav-section=\"features\"><h2>Recursos<\/h2><p>Os recursos mais proeminentes do aplicativo Elfsight, que permitem que ele se torne a ferramenta mais r\u00e1pida para exibir perguntas frequentes no site BigCommerce.<\/p><ul><li>Acorde\u00e3o layout para mostrar respostas ao clicar;<\/li><li>36 \u00edcones predefinidos para categorias;<\/li><li>\u00cdcone de cruz ou seta para layout de acorde\u00e3o;<\/li><li>Html no texto suportado;<\/li><li>Suporte ao cliente oportuno e profissional.<\/li><\/ul><p><a href=\"#demo\">Verifique todos os recursos<\/a><\/p><\/div><div class=\"application-platform-content-item-instala\u00e7\u00e3o application-platform-content-item\" id=\"instala\u00e7\u00e3o\" data-nav-section=\"instala\u00e7\u00e3o\"><h2>Como adicionar o widget Accordion FAQ ao BigCommerce<\/h2><div class=\"video-container\"><iframe width=\"720\" height=\"405\" src=\"https:\/\/www.youtube.com\/embed\/Xy_Fs7D_7Sg\" frameborder=\"0\" allowfullscreen=\"\"><\/iframe><\/div><p>Basta seguir algumas etapas apresentadas abaixo para adicionar o widget no BigCommerce.<\/p> <ol><li><b>Inicie nosso editor gratuito e comece a criar seu aplicativo personalizado. <\/b><br> Determine a forma selecionada e as especifica\u00e7\u00f5es do widget e salve as modifica\u00e7\u00f5es. <\/li> <li><b>Adquira o seu c\u00f3digo individual que aparece na janela das aplica\u00e7\u00f5es Elfsight. <\/b><br> Quando a gera\u00e7\u00e3o do seu aplicativo de FAQ pessoal terminar, copie o c\u00f3digo exclusivo na caixa que aparece e guarde-o para futuras necessidades. <\/li> <li><b>Comece a usar o widget em seu site BigCommerce. <\/b><br> Insira o c\u00f3digo salvo recentemente em seu site e salve as modifica\u00e7\u00f5es. <\/li> <li><b>A configura\u00e7\u00e3o foi executada com sucesso. <\/b><br> Visite seu site para observar o funcionamento do widget. <\/li><\/ol><p>Tem d\u00favidas ao aplicar o guia? Envie uma mensagem para o servi\u00e7o de suporte da Elfsight ou veja a variante completa da instru\u00e7\u00e3o \u00ab<a href=\"https:\/\/elfsight.com\/tutorials\/how-to-add-faq-widget-to-bigcommerce\/\" target=\"_blank \" rel=\"noopener noreferrer\">Como adicionar FAQ ao BigCommerce<\/a>\u00bb e conclua a adi\u00e7\u00e3o por conta pr\u00f3pria.<\/p><div class=\"faq\" data-component=\"FAQ\"><div class=\"faq-item\">\r\n\t\t\t\t\t<div class=\"faq-item-question\">\r\n\t\t\t\t\t\t<h3 class=\"faq-item-question-text\">Como adicionar FAQ ao meu site BigCommerce sem habilidades de codifica\u00e7\u00e3o ?<\/h3>\r\n\r\n\t\t\t\t\t\t<div class=\"faq-item-question-icon\"><\/div>\r\n\t\t\t\t\t<\/div>\r\n\r\n\t\t\t\t\t<div class=\"faq-item-answer\">\r\n\t\t\t\t\t\t<div class=\"faq-item-answer-text\"> <p>A Elfsight fornece uma solu\u00e7\u00e3o SaaS que lhe permite criar voc\u00ea mesmo um widget de FAQ. Veja como o processo \u00e9 f\u00e1cil: Trabalhe diretamente no Editor online para criar um widget de FAQ que gostaria de ver no seu site BigCommerce. Escolha um dos modelos predefinidos e ajuste as configura\u00e7\u00f5es do FAQ, adicione seu conte\u00fado, altere o layout e as cores sem habilidades de codifica\u00e7\u00e3o. Salve o FAQ e copie seu c\u00f3digo de instala\u00e7\u00e3o, que voc\u00ea pode simplesmente incorporar em seu site BigCommerce sem comprar um plano pago. Com nosso editor intuitivo, qualquer usu\u00e1rio da Internet pode criar um widget de FAQ online e incorpor\u00e1-lo facilmente ao seu site BigCommerce. N\u00e3o h\u00e1 necessidade de pagar ou inserir as credenciais do seu cart\u00e3o para acessar o servi\u00e7o. Se voc\u00ea enfrentar qualquer problema em qualquer etapa, n\u00e3o hesite em entrar em contato com nossa equipe de suporte t\u00e9cnico.<\/p> <\/div>\r\n\t\t\t\t\t<\/div>\r\n\t\t\t\t<\/div> <\/div><\/div>","protected":false},"excerpt":{"rendered":"","protected":false},"author":9,"featured_media":0,"parent":815,"menu_order":0,"comment_status":"closed","ping_status":"closed","template":"templates\/template-application-platform.php","meta":{"publish_to_discourse":"","publish_post_category":"","wpdc_auto_publish_overridden":"","wpdc_topic_tags":"","wpdc_pin_topic":"","wpdc_pin_until":"","discourse_post_id":"","discourse_permalink":"","wpdc_publishing_response":"","wpdc_publishing_error":"","footnotes":""},"class_list":["post-4000","page","type-page","status-publish","hentry"],"yoast_head":"<!-- This site is optimized with the Yoast SEO plugin v25.3.1 - https:\/\/yoast.com\/wordpress\/plugins\/seo\/ -->\n<title>Adicione o aplicativo Accordion FAQ ao site BigCommerce (gratuito e f\u00e1cil)<\/title>\n<meta name=\"description\" content=\"Crie seu aplicativo Accordion FAQ personalizado para BigCommerce em apenas 2 minutos. Utilize o nosso editor instant\u00e2neo para construir widgets da Elfsight, totalmente gratuito.\" \/>\n<meta name=\"robots\" content=\"index, follow, max-snippet:-1, max-image-preview:large, max-video-preview:-1\" \/>\n<link rel=\"canonical\" href=\"https:\/\/elfsight.com\/pt\/accordion-faq-widget\/bigcommerce\/\" \/>\n<meta property=\"og:locale\" content=\"pt_PT\" \/>\n<meta property=\"og:type\" content=\"article\" \/>\n<meta property=\"og:title\" content=\"Adicione o aplicativo Accordion FAQ ao site BigCommerce (gratuito e f\u00e1cil)\" \/>\n<meta property=\"og:description\" content=\"Crie seu aplicativo Accordion FAQ personalizado para BigCommerce em apenas 2 minutos. Utilize o nosso editor instant\u00e2neo para construir widgets da Elfsight, totalmente gratuito.\" \/>\n<meta property=\"og:url\" content=\"https:\/\/elfsight.com\/pt\/accordion-faq-widget\/bigcommerce\/\" \/>\n<meta property=\"og:site_name\" content=\"Elfsight PT\" \/>\n<meta property=\"article:modified_time\" content=\"2024-11-13T12:15:54+00:00\" \/>\n<meta name=\"twitter:card\" content=\"summary_large_image\" \/>\n<meta name=\"twitter:label1\" content=\"Tempo estimado de leitura\" \/>\n\t<meta name=\"twitter:data1\" content=\"2 minutos\" \/>\n<!-- \/ Yoast SEO plugin. -->","yoast_head_json":{"title":"Adicione o aplicativo Accordion FAQ ao site BigCommerce (gratuito e f\u00e1cil)","description":"Crie seu aplicativo Accordion FAQ personalizado para BigCommerce em apenas 2 minutos. Utilize o nosso editor instant\u00e2neo para construir widgets da Elfsight, totalmente gratuito.","robots":{"index":"index","follow":"follow","max-snippet":"max-snippet:-1","max-image-preview":"max-image-preview:large","max-video-preview":"max-video-preview:-1"},"canonical":"https:\/\/elfsight.com\/pt\/accordion-faq-widget\/bigcommerce\/","og_locale":"pt_PT","og_type":"article","og_title":"Adicione o aplicativo Accordion FAQ ao site BigCommerce (gratuito e f\u00e1cil)","og_description":"Crie seu aplicativo Accordion FAQ personalizado para BigCommerce em apenas 2 minutos. Utilize o nosso editor instant\u00e2neo para construir widgets da Elfsight, totalmente gratuito.","og_url":"https:\/\/elfsight.com\/pt\/accordion-faq-widget\/bigcommerce\/","og_site_name":"Elfsight PT","article_modified_time":"2024-11-13T12:15:54+00:00","twitter_card":"summary_large_image","twitter_misc":{"Tempo estimado de leitura":"2 minutos"},"schema":{"@context":"https:\/\/schema.org","@graph":[{"@type":"WebPage","@id":"https:\/\/elfsight.com\/pt\/accordion-faq-widget\/bigcommerce\/","url":"https:\/\/elfsight.com\/pt\/accordion-faq-widget\/bigcommerce\/","name":"Adicione o aplicativo Accordion FAQ ao site BigCommerce (gratuito e f\u00e1cil)","isPartOf":{"@id":"https:\/\/elfsight.com\/pt\/#website"},"datePublished":"2024-05-03T06:36:54+00:00","dateModified":"2024-11-13T12:15:54+00:00","description":"Crie seu aplicativo Accordion FAQ personalizado para BigCommerce em apenas 2 minutos. Utilize o nosso editor instant\u00e2neo para construir widgets da Elfsight, totalmente gratuito.","breadcrumb":{"@id":"https:\/\/elfsight.com\/pt\/accordion-faq-widget\/bigcommerce\/#breadcrumb"},"inLanguage":"pt-PT","potentialAction":[{"@type":"ReadAction","target":["https:\/\/elfsight.com\/pt\/accordion-faq-widget\/bigcommerce\/"]}]},{"@type":"BreadcrumbList","@id":"https:\/\/elfsight.com\/pt\/accordion-faq-widget\/bigcommerce\/#breadcrumb","itemListElement":[{"@type":"ListItem","position":1,"name":"Home","item":"https:\/\/elfsight.com\/pt\/"},{"@type":"ListItem","position":2,"name":"FAQ","item":"https:\/\/elfsight.com\/pt\/accordion-faq-widget\/"},{"@type":"ListItem","position":3,"name":"FAQ &#8211; BigCommerce"}]},{"@type":"WebSite","@id":"https:\/\/elfsight.com\/pt\/#website","url":"https:\/\/elfsight.com\/pt\/","name":"Elfsight PT","description":"Just another Elfsight Sites site","potentialAction":[{"@type":"SearchAction","target":{"@type":"EntryPoint","urlTemplate":"https:\/\/elfsight.com\/pt\/?s={search_term_string}"},"query-input":{"@type":"PropertyValueSpecification","valueRequired":true,"valueName":"search_term_string"}}],"inLanguage":"pt-PT"}]}},"meta_box":{"industry":"","seo_heading":"","heading":"","description":"","cta_heading":"","cta_description":"","application":"814","h1":"Aplicativo de perguntas frequentes sobre acorde\u00e3o para BigCommerce","h1_caption":"Uma ferramenta r\u00e1pida para adicionar widget de FAQ ao seu site","application_category":[],"applications_title":"","applications_request_title":"","applications_request_button_text":"","hero_text":"","hero_video":"","hero_video_schema_markup":"","selling_points_title":"","selling_points_caption":"","selling_points":[],"selling_points_cta_text":"","features_title":"","features":"","ed_cta_examples_text":"","ed_cta_examples_hidden":"","ed_cta_demo_text":"","ed_cta_demo_hidden":"","why_caption":"","why_editor_title":"","why_editor_text":"","why_team_title":"","why_team_text":"","why_service_title":"","why_service_text":"","template_catalog_visible":"","template_catalog_title":"","template_catalog_text":"","template_catalog_categories_visible":"","demo_title":"Crie seu aplicativo de perguntas frequentes","demo_caption":"Configure seu FAQ e adicione-o ao seu site BigCommerce gratuitamente!","default_faq_hidden":"","app_template_category":[],"platform":"43","template_public_id":"","codecanyon_url":"","codecanyon_item_id":"","codecanyon_price":"","pricing_caption":"","pricing_elfsight_apps_hide_column":"","pricing_elfsight_apps_url":"","pricing_codecanyon_price_caption":"","integration_category":[],"integration_request_title":"","integration_request_cta":"","integration_platform":"","integrations":[],"platform_category":[],"video_schema_markup":"","price":"a partir de US$ 0\/m\u00eas","trial":"","benefits":[{"text":"Assist\u00eancia de instala\u00e7\u00e3o gratuita"},{"text":"Atendimento ao cliente eficaz"},{"text":"Garantia de reembolso de 14 dias"},{"text":"Desenvolvimento cont\u00ednuo"}],"button_url":"#demo","button_target_blank":"0","button_nofollow":"0","attributes":[{"name":"Instala\u00e7\u00f5es","content":"10,000 - 100,000","_state":"expanded"},{"name":"Responsivo","content":"Sim","_state":"expanded"},{"name":"Navegadores compat\u00edveis","content":"Firefox, Safari, Opera, Chrome, Edge"}],"tags":[],"tags_disable_links":"0","hide_more_platforms":"","video_object":"","demo_hide_cta":"0","demo_hide_cloud_options":"0","pricing_title":"","pricing":[{"pricing_icon":"platform","pricing_title":"Elfsight Apps","pricing_title_caption":"Software multiplataforma que funciona em qualquer site","pricing_price":"a partir de US$ 0\/m\u00eas","pricing_price_caption":"comece com um plano gratuito","pricing_benefits":[{"text":"Sites ilimitados"},{"text":"Suporte r\u00e1pido ao cliente"},{"text":"Suporte r\u00e1pido ao cliente"},{"text":"Design flex\u00edvel"}],"pricing_button_text":"Adicionar ao site","pricing_button_url":"#demo","_state":"expanded"}],"related_apps_title":"","related_apps_hidden":"1","author":"","image":[],"title":"","job":"","social_networks":[]},"_links":{"self":[{"href":"https:\/\/elfsight.com\/pt\/wp-json\/wp\/v2\/pages\/4000","targetHints":{"allow":["GET"]}}],"collection":[{"href":"https:\/\/elfsight.com\/pt\/wp-json\/wp\/v2\/pages"}],"about":[{"href":"https:\/\/elfsight.com\/pt\/wp-json\/wp\/v2\/types\/page"}],"author":[{"embeddable":true,"href":"https:\/\/elfsight.com\/pt\/wp-json\/wp\/v2\/users\/9"}],"replies":[{"embeddable":true,"href":"https:\/\/elfsight.com\/pt\/wp-json\/wp\/v2\/comments?post=4000"}],"version-history":[{"count":2,"href":"https:\/\/elfsight.com\/pt\/wp-json\/wp\/v2\/pages\/4000\/revisions"}],"predecessor-version":[{"id":11859,"href":"https:\/\/elfsight.com\/pt\/wp-json\/wp\/v2\/pages\/4000\/revisions\/11859"}],"up":[{"embeddable":true,"href":"https:\/\/elfsight.com\/pt\/wp-json\/wp\/v2\/pages\/815"}],"wp:attachment":[{"href":"https:\/\/elfsight.com\/pt\/wp-json\/wp\/v2\/media?parent=4000"}],"curies":[{"name":"wp","href":"https:\/\/api.w.org\/{rel}","templated":true}]}}