{"id":3997,"date":"2024-05-03T06:36:20","date_gmt":"2024-05-03T06:36:20","guid":{"rendered":"https:\/\/elfsight.com\/pt\/?page_id=3997"},"modified":"2024-11-13T12:09:20","modified_gmt":"2024-11-13T12:09:20","slug":"bigcommerce","status":"publish","type":"page","link":"https:\/\/elfsight.com\/pt\/facebook-reviews-widget\/bigcommerce\/","title":{"rendered":"Facebook Reviews &#8211; BigCommerce"},"content":{"rendered":"<div class=\"application-platform-content-item-description application-platform-content-item\" id=\"description\" data-nav-section=\"description\"><h2>Descri\u00e7\u00e3o<\/h2><p>Revele as avalia\u00e7\u00f5es dos seus clientes do Facebook no site com as Avalia\u00e7\u00f5es do Facebook da Elfsight e comprove seu alto n\u00edvel de confian\u00e7a. Os usu\u00e1rios do site aprender\u00e3o o que os clientes dizem sobre seus produtos no Facebook em um widget com interface balanceada e elementos originais do Facebook. A interface \u00e9 responsiva e mostra classifica\u00e7\u00e3o por estrelas, dados do autor, recursos altern\u00e1veis \u200b\u200b\u200b\u200be layout predefinido e variantes de modelo. Com a ajuda das Avalia\u00e7\u00f5es do Facebook da Elfsight, voc\u00ea pode adicionar um bot\u00e3o para deixar uma nova avalia\u00e7\u00e3o, recebendo assim novos coment\u00e1rios.<\/p><p>Receba mais insights de clientes mostrando avalia\u00e7\u00f5es do Facebook com um recurso para escrever novas!<\/p><ul><li><b>Aumente a confian\u00e7a revelando avalia\u00e7\u00f5es de usu\u00e1rios reais<\/b><br>Prove que suas avalia\u00e7\u00f5es s\u00e3o verdadeiras com dados detalhados do autor e aumente a credibilidade da sua marca.<\/li><li><b>Atraia avalia\u00e7\u00f5es com bot\u00e3o de call to action<\/b><br>Com a ajuda do acesso cont\u00ednuo \u00e0 sua p\u00e1gina do Facebook e um bot\u00e3o de call to action inspirador, voc\u00ea pode obter mais avalia\u00e7\u00f5es de clientes.<\/li><li><b>Alcance uma compreens\u00e3o mais clara de suas ofertas<\/b><br>Mostrar seus itens por meio da experi\u00eancia dos clientes ajudar\u00e1 os futuros clientes a compreender melhor seus itens.<\/li><\/ul><\/div><div class=\"application-platform-content-item-features application-platform-content-item\" id=\"features\" data-nav-section=\"features\"><h2>Recursos<\/h2><p>Por que o plugin Elfsight \u00e9 o melhor entre os widgets BigCommerce de alta qualidade? Experimente nossas principais caracter\u00edsticas:<\/p><ul><li>Elementos altern\u00e1veis \u200b\u200bdo cabe\u00e7alho: classifica\u00e7\u00e3o e fotos dos revisores;<\/li><li>Navega\u00e7\u00e3o com setas e arrastamentos no layout Slider;<\/li><li>Configura\u00e7\u00e3o velocidade de slide e velocidade de reprodu\u00e7\u00e3o autom\u00e1tica;<\/li><li>Dois cen\u00e1rios de nega\u00e7\u00e3o de solicita\u00e7\u00e3o de revis\u00e3o: mostrar uma mensagem ou ocultar o formul\u00e1rio;<\/li><li>5 elementos pint\u00e1veis \u200b\u200bda interface: plano de fundo, texto de revis\u00e3o, links. Bot\u00e3o de solicita\u00e7\u00e3o de revis\u00e3o, classifica\u00e7\u00e3o;<\/li><\/ul><p><a href=\"#demo\">Voc\u00ea pode experimentar todas as vantagens por meio do editor ao vivo<\/a><\/p><\/div><div class=\"application-platform-content-item-instala\u00e7\u00e3o application-platform-content-item\" id=\"instala\u00e7\u00e3o\" data-nav-section=\"instala\u00e7\u00e3o\"><h2>Como incorporar avalia\u00e7\u00f5es do Facebook ao site BigCommerce<\/h2><div class=\"video-container\"><iframe width=\"720\" height=\"405\" src=\"https:\/\/www.youtube.com\/embed\/kl7pq1zmjbU\" frameborder=\"0\" allowfullscreen=\"\"><\/iframe><\/div><p>Basta seguir as diretrizes abaixo para integrar o widget no BigCommerce.<\/p> <ol><li><b>Execute nosso editor gratuito e comece a criar seu pr\u00f3prio aplicativo. <\/b><br> Especifique o layout selecionado e os par\u00e2metros do widget e salve as edi\u00e7\u00f5es. <\/li> <li><b>Copie o seu c\u00f3digo exclusivo revelado no formul\u00e1rio especial nas aplica\u00e7\u00f5es Elfsight. <\/b><br> Assim que a configura\u00e7\u00e3o do seu widget pessoal de Avalia\u00e7\u00f5es do Facebook estiver conclu\u00edda, copie o c\u00f3digo exclusivo na caixa exibida e salve-o para uso posterior. <\/li> <li><b>Inicie o uso do widget em seu site BigCommerce. <\/b><br> Adicione o c\u00f3digo que voc\u00ea copiou anteriormente em seu site e salve as melhorias. <\/li> <li><b>Pronto! A configura\u00e7\u00e3o foi executada com sucesso. <\/b><br> Visite seu site para ver como a ferramenta funciona. <\/li><\/ol><p>Precisa de ajuda para adicionar ou gerar o plugin? Os especialistas de suporte da Elfsight ter\u00e3o prazer em apoiar e propor uma solu\u00e7\u00e3o!<\/p><div class=\"faq\" data-component=\"FAQ\"> <div class=\"faq-item\">\r\n\t\t\t\t\t<div class=\"faq-item-question\">\r\n\t\t\t\t\t\t<h3 class=\"faq-item-question-text\">Como posso adicionar avalia\u00e7\u00f5es do Facebook ao meu site BigCommerce sem conhecimentos de codifica\u00e7\u00e3o?<\/h3>\r\n\r\n\t\t\t\t\t\t<div class=\"faq-item-question-icon\"><\/div>\r\n\t\t\t\t\t<\/div>\r\n\r\n\t\t\t\t\t<div class=\"faq-item-answer\">\r\n\t\t\t\t\t\t<div class=\"faq-item-answer-text\"> <p>A Elfsight fornece uma solu\u00e7\u00e3o SaaS que permite que voc\u00ea mesmo crie um widget de Avalia\u00e7\u00f5es do Facebook, veja como o processo \u00e9 f\u00e1cil: Trabalhe diretamente no Editor on-line para criar um widget de Avalia\u00e7\u00f5es do Facebook que voc\u00ea gostaria de ver em seu site BigCommerce. Escolha um dos modelos predefinidos e ajuste as configura\u00e7\u00f5es de Avalia\u00e7\u00f5es do Facebook, adicione seu conte\u00fado, altere o layout e as cores sem habilidades de codifica\u00e7\u00e3o. Salve as avalia\u00e7\u00f5es do Facebook e copie seu c\u00f3digo de instala\u00e7\u00e3o, que voc\u00ea pode simplesmente adicionar ao seu site BigCommerce sem comprar uma vers\u00e3o paga. Com nosso editor intuitivo, qualquer usu\u00e1rio da Internet pode criar um widget de avalia\u00e7\u00f5es do Facebook online e incorpor\u00e1-lo facilmente em seu site BigCommerce. N\u00e3o h\u00e1 necessidade de pagar ou inserir as credenciais do seu cart\u00e3o para acessar o servi\u00e7o. Se voc\u00ea enfrentar qualquer problema em qualquer etapa, n\u00e3o hesite em entrar em contato com nossa equipe de suporte t\u00e9cnico.<\/p> <\/div>\r\n\t\t\t\t\t<\/div>\r\n\t\t\t\t<\/div> <\/div> <\/div>","protected":false},"excerpt":{"rendered":"","protected":false},"author":9,"featured_media":0,"parent":576,"menu_order":0,"comment_status":"closed","ping_status":"closed","template":"templates\/template-application-platform.php","meta":{"publish_to_discourse":"","publish_post_category":"","wpdc_auto_publish_overridden":"","wpdc_topic_tags":"","wpdc_pin_topic":"","wpdc_pin_until":"","discourse_post_id":"","discourse_permalink":"","wpdc_publishing_response":"","wpdc_publishing_error":"","footnotes":""},"class_list":["post-3997","page","type-page","status-publish","hentry"],"yoast_head":"<!-- This site is optimized with the Yoast SEO plugin v25.3.1 - https:\/\/yoast.com\/wordpress\/plugins\/seo\/ -->\n<title>O melhor aplicativo de avalia\u00e7\u00f5es do Facebook para o site BigCommerce (2026)<\/title>\n<meta name=\"description\" content=\"Crie um aplicativo personalizado de avalia\u00e7\u00f5es do Facebook para o site BigCommerce. Adicione widgets interativos em apenas 3 minutos gratuitamente usando o editor de plugins mais simples.\" \/>\n<meta name=\"robots\" content=\"index, follow, max-snippet:-1, max-image-preview:large, max-video-preview:-1\" \/>\n<link rel=\"canonical\" href=\"https:\/\/elfsight.com\/pt\/facebook-reviews-widget\/bigcommerce\/\" \/>\n<meta property=\"og:locale\" content=\"pt_PT\" \/>\n<meta property=\"og:type\" content=\"article\" \/>\n<meta property=\"og:title\" content=\"O melhor aplicativo de avalia\u00e7\u00f5es do Facebook para o site BigCommerce (2026)\" \/>\n<meta property=\"og:description\" content=\"Crie um aplicativo personalizado de avalia\u00e7\u00f5es do Facebook para o site BigCommerce. Adicione widgets interativos em apenas 3 minutos gratuitamente usando o editor de plugins mais simples.\" \/>\n<meta property=\"og:url\" content=\"https:\/\/elfsight.com\/pt\/facebook-reviews-widget\/bigcommerce\/\" \/>\n<meta property=\"og:site_name\" content=\"Elfsight PT\" \/>\n<meta property=\"article:modified_time\" content=\"2024-11-13T12:09:20+00:00\" \/>\n<meta name=\"twitter:card\" content=\"summary_large_image\" \/>\n<meta name=\"twitter:label1\" content=\"Tempo estimado de leitura\" \/>\n\t<meta name=\"twitter:data1\" content=\"2 minutos\" \/>\n<!-- \/ Yoast SEO plugin. -->","yoast_head_json":{"title":"O melhor aplicativo de avalia\u00e7\u00f5es do Facebook para o site BigCommerce (2026)","description":"Crie um aplicativo personalizado de avalia\u00e7\u00f5es do Facebook para o site BigCommerce. Adicione widgets interativos em apenas 3 minutos gratuitamente usando o editor de plugins mais simples.","robots":{"index":"index","follow":"follow","max-snippet":"max-snippet:-1","max-image-preview":"max-image-preview:large","max-video-preview":"max-video-preview:-1"},"canonical":"https:\/\/elfsight.com\/pt\/facebook-reviews-widget\/bigcommerce\/","og_locale":"pt_PT","og_type":"article","og_title":"O melhor aplicativo de avalia\u00e7\u00f5es do Facebook para o site BigCommerce (2026)","og_description":"Crie um aplicativo personalizado de avalia\u00e7\u00f5es do Facebook para o site BigCommerce. Adicione widgets interativos em apenas 3 minutos gratuitamente usando o editor de plugins mais simples.","og_url":"https:\/\/elfsight.com\/pt\/facebook-reviews-widget\/bigcommerce\/","og_site_name":"Elfsight PT","article_modified_time":"2024-11-13T12:09:20+00:00","twitter_card":"summary_large_image","twitter_misc":{"Tempo estimado de leitura":"2 minutos"},"schema":{"@context":"https:\/\/schema.org","@graph":[{"@type":"WebPage","@id":"https:\/\/elfsight.com\/pt\/facebook-reviews-widget\/bigcommerce\/","url":"https:\/\/elfsight.com\/pt\/facebook-reviews-widget\/bigcommerce\/","name":"O melhor aplicativo de avalia\u00e7\u00f5es do Facebook para o site BigCommerce (2026)","isPartOf":{"@id":"https:\/\/elfsight.com\/pt\/#website"},"datePublished":"2024-05-03T06:36:20+00:00","dateModified":"2024-11-13T12:09:20+00:00","description":"Crie um aplicativo personalizado de avalia\u00e7\u00f5es do Facebook para o site BigCommerce. Adicione widgets interativos em apenas 3 minutos gratuitamente usando o editor de plugins mais simples.","breadcrumb":{"@id":"https:\/\/elfsight.com\/pt\/facebook-reviews-widget\/bigcommerce\/#breadcrumb"},"inLanguage":"pt-PT","potentialAction":[{"@type":"ReadAction","target":["https:\/\/elfsight.com\/pt\/facebook-reviews-widget\/bigcommerce\/"]}]},{"@type":"BreadcrumbList","@id":"https:\/\/elfsight.com\/pt\/facebook-reviews-widget\/bigcommerce\/#breadcrumb","itemListElement":[{"@type":"ListItem","position":1,"name":"Home","item":"https:\/\/elfsight.com\/pt\/"},{"@type":"ListItem","position":2,"name":"Facebook Reviews","item":"https:\/\/elfsight.com\/pt\/facebook-reviews-widget\/"},{"@type":"ListItem","position":3,"name":"Facebook Reviews &#8211; BigCommerce"}]},{"@type":"WebSite","@id":"https:\/\/elfsight.com\/pt\/#website","url":"https:\/\/elfsight.com\/pt\/","name":"Elfsight PT","description":"Just another Elfsight Sites site","potentialAction":[{"@type":"SearchAction","target":{"@type":"EntryPoint","urlTemplate":"https:\/\/elfsight.com\/pt\/?s={search_term_string}"},"query-input":{"@type":"PropertyValueSpecification","valueRequired":true,"valueName":"search_term_string"}}],"inLanguage":"pt-PT"}]}},"meta_box":{"industry":"","seo_heading":"","heading":"","description":"","cta_heading":"","cta_description":"","application":"575","h1":"Widget de avalia\u00e7\u00f5es do BigCommerce no Facebook","h1_caption":"Ter avalia\u00e7\u00f5es de clientes do Facebook em seu site aumenta a confian\u00e7a da sua marca!","application_category":[],"applications_title":"","applications_request_title":"","applications_request_button_text":"","hero_text":"","hero_video":"","hero_video_schema_markup":"","selling_points_title":"","selling_points_caption":"","selling_points":[],"selling_points_cta_text":"","features_title":"","features":"","ed_cta_examples_text":"","ed_cta_examples_hidden":"","ed_cta_demo_text":"","ed_cta_demo_hidden":"","why_caption":"","why_editor_title":"","why_editor_text":"","why_team_title":"","why_team_text":"","why_service_title":"","why_service_text":"","template_catalog_visible":"","template_catalog_title":"","template_catalog_text":"","template_catalog_categories_visible":"","demo_title":"Crie seu aplicativo de avalia\u00e7\u00f5es do Facebook","demo_caption":"Configure suas avalia\u00e7\u00f5es do Facebook e adicione-as ao seu site BigCommerce gratuitamente!","default_faq_hidden":"","app_template_category":[],"platform":"43","template_public_id":"","codecanyon_url":"","codecanyon_item_id":"","codecanyon_price":"","pricing_caption":"","pricing_elfsight_apps_hide_column":"","pricing_elfsight_apps_url":"","pricing_codecanyon_price_caption":"","integration_category":[],"integration_request_title":"","integration_request_cta":"","integration_platform":"","integrations":[],"platform_category":[],"video_schema_markup":"","price":"a partir de US$ 0\/m\u00eas","trial":"","benefits":[{"text":"Servi\u00e7o de instala\u00e7\u00e3o gratuito"},{"text":"Suporte excepcional"},{"text":"Garantia de reembolso de 14 dias"},{"text":"Desenvolvimento cont\u00ednuo"}],"button_url":"#demo","button_target_blank":"0","button_nofollow":"0","attributes":[{"name":"Instala\u00e7\u00f5es","content":"10,000 - 100,000","_state":"expanded"},{"name":"Responsivo","content":"Sim","_state":"expanded"},{"name":"Navegadores compat\u00edveis","content":"Firefox, Safari, Opera, Chrome, Edge"}],"tags":[],"tags_disable_links":"0","hide_more_platforms":"","video_object":"","demo_hide_cta":"0","demo_hide_cloud_options":"0","pricing_title":"","pricing":[{"pricing_icon":"platform","pricing_title":"Elfsight Apps","pricing_title_caption":"Vers\u00e3o multiplataforma adequada para qualquer site","pricing_price":"a partir de US$ 0\/m\u00eas","pricing_price_caption":"comece com um plano gratuito","pricing_benefits":[{"text":"Sites ilimitados"},{"text":"Suporte profissional da empresa"},{"text":"Suporte profissional da empresa"},{"text":"100% personaliz\u00e1vel"}],"pricing_button_text":"Adicionar ao site","pricing_button_url":"#demo","_state":"expanded"}],"related_apps_title":"","related_apps_hidden":"1","author":"","image":[],"title":"","job":"","social_networks":[]},"_links":{"self":[{"href":"https:\/\/elfsight.com\/pt\/wp-json\/wp\/v2\/pages\/3997","targetHints":{"allow":["GET"]}}],"collection":[{"href":"https:\/\/elfsight.com\/pt\/wp-json\/wp\/v2\/pages"}],"about":[{"href":"https:\/\/elfsight.com\/pt\/wp-json\/wp\/v2\/types\/page"}],"author":[{"embeddable":true,"href":"https:\/\/elfsight.com\/pt\/wp-json\/wp\/v2\/users\/9"}],"replies":[{"embeddable":true,"href":"https:\/\/elfsight.com\/pt\/wp-json\/wp\/v2\/comments?post=3997"}],"version-history":[{"count":2,"href":"https:\/\/elfsight.com\/pt\/wp-json\/wp\/v2\/pages\/3997\/revisions"}],"predecessor-version":[{"id":11827,"href":"https:\/\/elfsight.com\/pt\/wp-json\/wp\/v2\/pages\/3997\/revisions\/11827"}],"up":[{"embeddable":true,"href":"https:\/\/elfsight.com\/pt\/wp-json\/wp\/v2\/pages\/576"}],"wp:attachment":[{"href":"https:\/\/elfsight.com\/pt\/wp-json\/wp\/v2\/media?parent=3997"}],"curies":[{"name":"wp","href":"https:\/\/api.w.org\/{rel}","templated":true}]}}