{"id":3993,"date":"2024-05-03T06:38:01","date_gmt":"2024-05-03T06:38:01","guid":{"rendered":"https:\/\/elfsight.com\/pt\/?page_id=3993"},"modified":"2025-02-05T08:56:25","modified_gmt":"2025-02-05T08:56:25","slug":"bigcommerce","status":"publish","type":"page","link":"https:\/\/elfsight.com\/pt\/online-form-builder\/bigcommerce\/","title":{"rendered":"Form Builder &#8211; BigCommerce"},"content":{"rendered":"\n<div class=\"application-platform-content-item-description application-platform-content-item\" id=\"description\" data-nav-section=\"description\"><h2>Construtor de formul\u00e1rios personalizados para BigCommerce<\/h2><p>Nosso aplicativo unificado, incluindo o construtor de formul\u00e1rios BigCommerce, foi projetado para criar qualquer tipo de preencher formul\u00e1rios e exibi-los em um site. Obtenha informa\u00e7\u00f5es \u00fateis de seus clientes atuais e futuros por meio de pesquisas gerenci\u00e1veis, formul\u00e1rios de feedback, solicita\u00e7\u00f5es de classifica\u00e7\u00e3o e outros tipos. O controle sobre a estrutura do formul\u00e1rio oferece a oportunidade de configurar formul\u00e1rios atraentes para coletar informa\u00e7\u00f5es dos clientes. Quaisquer que sejam os tipos de insights que voc\u00ea planeja ter: ideias, avalia\u00e7\u00f5es, pedidos e compras \u2013 o Form Builder da Elfsight dar\u00e1 tudo para criar um formul\u00e1rio de preenchimento correspondente e apropriado. Gra\u00e7as ao padr\u00e3o responsivo e aos diversos componentes predefinidos, seu formul\u00e1rio ser\u00e1 conveniente para seu p\u00fablico e eficaz para voc\u00ea.<\/p><p><b>Receba avalia\u00e7\u00f5es, ideias, emo\u00e7\u00f5es e pontua\u00e7\u00f5es dos usu\u00e1rios para expandir seus neg\u00f3cios!<\/b> <\/p><ul><li><b>Crie formul\u00e1rios atraentes para coletar mais feedback<\/b>.<br>Voc\u00ea tem uma grande variedade de elementos \u00e0 sua disposi\u00e7\u00e3o que permitem criar formul\u00e1rios atraentes e pr\u00e1ticos. V\u00e1rios ajustes de estilo do aplicativo pela Elfsight permitir\u00e3o torn\u00e1-lo atraente e atrair mais clientes para preenchimento.<\/li><li><b>Aumente o n\u00famero de leads com formul\u00e1rios gerenci\u00e1veis<\/b>.<br>App da Elfsight Form Builder permite gerar formul\u00e1rios convenientes e pr\u00e1ticos para o seu p\u00fablico. Permitem estabelecer uma comunica\u00e7\u00e3o eficiente e equilibrada e manter os clientes ocupados durante todo o tempo de enchimento para conclu\u00ed-lo com sucesso.<\/li><li><b>Economize tempo e dinheiro com uma ferramenta multifuncional<\/b>.<br>Voc\u00ea n\u00e3o precisa comprar muitos aplicativos variados para cobrir todas as suas necessidades na constru\u00e7\u00e3o de formul\u00e1rios de feedback para o seu site. Nosso Form Builder ajudar\u00e1 voc\u00ea a criar um formul\u00e1rio adequado para obter feedback de todos os tipos, gra\u00e7as aos seus diversos segmentos e esqueleto responsivo.<\/li><\/ul><\/div><div class=\"application-platform-content-item-features application-platform-content-item\" id=\"features\" data-nav-section=\"features\"><h2>Recursos do plugin Form Builder<\/h2><p>Estas s\u00e3o as raz\u00f5es pelas quais nosso Form Builder est\u00e1 entre os principais plugins para feedback no BigCommerce<\/p><ul><li>Cada elemento do formul\u00e1rio tem um r\u00f3tulo edit\u00e1vel que \u00e9 exibido acima do campo; <\/li><li>Texto edit\u00e1vel do bot\u00e3o enviar;<\/li><li>Textos edit\u00e1veis \u200b\u200bda mensagem de agradecimento e do bot\u00e3o para preenchimento repetido do formul\u00e1rio;<\/li><li>Recurso opcional para salvar o progresso do preenchimento;<\/li><li>5 estilos predefinidos para campos de formul\u00e1rio.<\/li><\/ul><p><a href=\"#demo\">Estude os principais recursos em nosso configurador<\/a><\/p><\/div><div class=\"application-platform-content-item-installation application-platform-content-item\" id=\"installation\" data-nav-section=\"installation\"><h2>Como adicionar o aplicativo Form Builder ao site BigCommerce<\/h2><div class=\"video-container\"><iframe width=\"720\" height=\"405\" src=\"https:\/\/www.youtube.com\/embed\/EQLmaJzVRk0\" frameborder=\"0\" allowfullscreen=\"\"><\/iframe><\/div><p>Basta seguir algumas etapas apresentadas abaixo para incorporar o aplicativo no BigCommerce .<\/p><ol><li><b>Utilize nossa demonstra\u00e7\u00e3o gratuita e comece a criar seu widget personalizado. <\/b><br>Escolha a apar\u00eancia e os par\u00e2metros preferidos do aplicativo e aplique as edi\u00e7\u00f5es.<\/li><li><b>Copie seu c\u00f3digo individual que aparece no formul\u00e1rio especial nos aplicativos Elfsight. <\/b><br>Logo ap\u00f3s a personaliza\u00e7\u00e3o do seu widget pessoal, copie o c\u00f3digo exclusivo do pop-up que aparece e salve-o para uso futuro.<\/li><li><b>Comece a usar o aplicativo Form Builder em Site BigCommerce. <\/b><br>Integre o c\u00f3digo que voc\u00ea salvou anteriormente em seu site e salve as edi\u00e7\u00f5es.<\/li><li><b>Pronto! A integra\u00e7\u00e3o foi finalizada com sucesso. <\/b><br>Acesse seu site para ver como a ferramenta est\u00e1 funcionando.<\/li><\/ol><p>Tem alguma dificuldade ao seguir o guia ou ao moldar seu aplicativo? Voc\u00ea precisa estudar uma instru\u00e7\u00e3o completa \u00ab<a href=\"https:\/\/elfsight.com\/tutorials\/how-to-add-form-builder-app-to-bigcommerce\/\">Como exibir formul\u00e1rios em um BigCommerce<\/a>\u00bb e tente incorpor\u00e1-lo novamente sozinho ou deixe sua d\u00favida no centro de ajuda da Elfsight com uma explica\u00e7\u00e3o detalhada do seu problema, e nossa equipe ter\u00e1 prazer em aconselh\u00e1-lo.<\/p><div class=\"faq\" data-component=\"FAQ\"> <div class=\"faq-item\">\r\n\t\t\t\t\t<div class=\"faq-item-question\">\r\n\t\t\t\t\t\t<h3 class=\"faq-item-question-text\">Como adicionar o Form Builder ao meu site BigCommerce sem habilidades de codifica\u00e7\u00e3o?<\/h3>\r\n\r\n\t\t\t\t\t\t<div class=\"faq-item-question-icon\"><\/div>\r\n\t\t\t\t\t<\/div>\r\n\r\n\t\t\t\t\t<div class=\"faq-item-answer\">\r\n\t\t\t\t\t\t<div class=\"faq-item-answer-text\"> <p>A Elfsight fornece uma solu\u00e7\u00e3o SaaS que permite que voc\u00ea mesmo crie um widget Form Builder, veja como o processo \u00e9 f\u00e1cil: Trabalhe diretamente no Editor online para criar um Form Builder widget que voc\u00ea gostaria de ver em seu site BigCommerce. Escolha um dos modelos predefinidos e ajuste as configura\u00e7\u00f5es do Form Builder, adicione seu conte\u00fado, altere o layout e o esquema de cores sem habilidades de codifica\u00e7\u00e3o. Salve o Form Builder e copie seu c\u00f3digo de instala\u00e7\u00e3o, que voc\u00ea pode simplesmente colar no seu site BigCommerce sem comprar um plano pago. Com nosso editor intuitivo, qualquer usu\u00e1rio da Internet pode criar um widget Form Builder online e incorpor\u00e1-lo facilmente ao seu site BigCommerce. N\u00e3o h\u00e1 necessidade de pagar ou inserir as credenciais do seu cart\u00e3o para acessar o servi\u00e7o. Se voc\u00ea enfrentar qualquer problema em qualquer etapa, n\u00e3o hesite em entrar em contato com nossa equipe de suporte t\u00e9cnico.<\/p> <\/div>\r\n\t\t\t\t\t<\/div>\r\n\t\t\t\t<\/div><div class=\"faq-item\">\r\n\t\t\t\t\t<div class=\"faq-item-question\">\r\n\t\t\t\t\t\t<h3 class=\"faq-item-question-text\">Existe algum modelo personalizado do Form Builder para o site BigCommerce?<\/h3>\r\n\r\n\t\t\t\t\t\t<div class=\"faq-item-question-icon\"><\/div>\r\n\t\t\t\t\t<\/div>\r\n\r\n\t\t\t\t\t<div class=\"faq-item-answer\">\r\n\t\t\t\t\t\t<div class=\"faq-item-answer-text\"><p>Sim , absolutamente! Existem mais de 300 modelos prontos para uso para qualquer caso, como <a href=\"https:\/\/elfsight.com\/online-form-builder\/templates\/application-forms\/\">Formul\u00e1rios de inscri\u00e7\u00e3o<\/a>, <a href=\"https:\/\/elfsight.com\/online-form-builder\/templates\/booking-forms\/\">Formul\u00e1rios de reserva<\/a>, <a href=\"https:\/\/elfsight.com\/online-form- builder\/templates\/order-forms\/\">Formul\u00e1rios de pedido<\/a>, <a href=\"https:\/\/elfsight.com\/online-form-builder\/templates\/product-forms\/\">Formul\u00e1rios de produto<\/a> , <a href=\"https:\/\/elfsight.com\/online-form-builder\/templates\/questionnaires\/\">Question\u00e1rios<\/a>, <a href=\"https:\/\/elfsight.com\/online-form-builder \/templates\/quizzes\/\">Testes<\/a>, <a href=\"https:\/\/elfsight.com\/online-form-builder\/templates\/surveys\/\">Pesquisas<\/a>, <a href=\"https:\/\/elfsight.com\/online-form-builder\/templates\/file-upload-forms\/\">Formul\u00e1rios de upload de arquivos<\/a> e muito mais. Sinta-se \u00e0 vontade para testar os <a href=\"https:\/\/elfsight.com\/online-form-builder\/templates\/\">modelos do Form Builder<\/a> e compartilhar sua opini\u00e3o conosco.<\/p><\/div>\r\n\t\t\t\t\t<\/div>\r\n\t\t\t\t<\/div> <\/div> <\/div>\n","protected":false},"excerpt":{"rendered":"","protected":false},"author":9,"featured_media":0,"parent":596,"menu_order":0,"comment_status":"closed","ping_status":"closed","template":"templates\/template-application-platform.php","meta":{"publish_to_discourse":"","publish_post_category":"","wpdc_auto_publish_overridden":"","wpdc_topic_tags":"","wpdc_pin_topic":"","wpdc_pin_until":"","discourse_post_id":"","discourse_permalink":"","wpdc_publishing_response":"","wpdc_publishing_error":"","footnotes":""},"class_list":["post-3993","page","type-page","status-publish","hentry"],"yoast_head":"<!-- This site is optimized with the Yoast SEO plugin v25.3.1 - https:\/\/yoast.com\/wordpress\/plugins\/seo\/ -->\n<title>Crie e adicione formul\u00e1rio personalizado no BigCommerce gratuitamente!<\/title>\n<meta name=\"description\" content=\"Crie seu aplicativo Form Builder para instala\u00e7\u00e3o do BigCommerce em seu site em apenas 3 minutos. Demonstra\u00e7\u00e3o gratuita, suporte para adi\u00e7\u00e3o e mais b\u00f4nus da Elfsight!\" \/>\n<meta name=\"robots\" content=\"index, follow, max-snippet:-1, max-image-preview:large, max-video-preview:-1\" \/>\n<link rel=\"canonical\" href=\"https:\/\/elfsight.com\/pt\/online-form-builder\/bigcommerce\/\" \/>\n<meta property=\"og:locale\" content=\"pt_PT\" \/>\n<meta property=\"og:type\" content=\"article\" \/>\n<meta property=\"og:title\" content=\"Crie e adicione formul\u00e1rio personalizado no BigCommerce gratuitamente!\" \/>\n<meta property=\"og:description\" content=\"Crie seu aplicativo Form Builder para instala\u00e7\u00e3o do BigCommerce em seu site em apenas 3 minutos. Demonstra\u00e7\u00e3o gratuita, suporte para adi\u00e7\u00e3o e mais b\u00f4nus da Elfsight!\" \/>\n<meta property=\"og:url\" content=\"https:\/\/elfsight.com\/pt\/online-form-builder\/bigcommerce\/\" \/>\n<meta property=\"og:site_name\" content=\"Elfsight PT\" \/>\n<meta property=\"article:modified_time\" content=\"2025-02-05T08:56:25+00:00\" \/>\n<meta name=\"twitter:card\" content=\"summary_large_image\" \/>\n<meta name=\"twitter:label1\" content=\"Tempo estimado de leitura\" \/>\n\t<meta name=\"twitter:data1\" content=\"5 minutos\" \/>\n<!-- \/ Yoast SEO plugin. -->","yoast_head_json":{"title":"Crie e adicione formul\u00e1rio personalizado no BigCommerce gratuitamente!","description":"Crie seu aplicativo Form Builder para instala\u00e7\u00e3o do BigCommerce em seu site em apenas 3 minutos. Demonstra\u00e7\u00e3o gratuita, suporte para adi\u00e7\u00e3o e mais b\u00f4nus da Elfsight!","robots":{"index":"index","follow":"follow","max-snippet":"max-snippet:-1","max-image-preview":"max-image-preview:large","max-video-preview":"max-video-preview:-1"},"canonical":"https:\/\/elfsight.com\/pt\/online-form-builder\/bigcommerce\/","og_locale":"pt_PT","og_type":"article","og_title":"Crie e adicione formul\u00e1rio personalizado no BigCommerce gratuitamente!","og_description":"Crie seu aplicativo Form Builder para instala\u00e7\u00e3o do BigCommerce em seu site em apenas 3 minutos. Demonstra\u00e7\u00e3o gratuita, suporte para adi\u00e7\u00e3o e mais b\u00f4nus da Elfsight!","og_url":"https:\/\/elfsight.com\/pt\/online-form-builder\/bigcommerce\/","og_site_name":"Elfsight PT","article_modified_time":"2025-02-05T08:56:25+00:00","twitter_card":"summary_large_image","twitter_misc":{"Tempo estimado de leitura":"5 minutos"},"schema":{"@context":"https:\/\/schema.org","@graph":[{"@type":"WebPage","@id":"https:\/\/elfsight.com\/pt\/online-form-builder\/bigcommerce\/","url":"https:\/\/elfsight.com\/pt\/online-form-builder\/bigcommerce\/","name":"Crie e adicione formul\u00e1rio personalizado no BigCommerce gratuitamente!","isPartOf":{"@id":"https:\/\/elfsight.com\/pt\/#website"},"datePublished":"2024-05-03T06:38:01+00:00","dateModified":"2025-02-05T08:56:25+00:00","description":"Crie seu aplicativo Form Builder para instala\u00e7\u00e3o do BigCommerce em seu site em apenas 3 minutos. Demonstra\u00e7\u00e3o gratuita, suporte para adi\u00e7\u00e3o e mais b\u00f4nus da Elfsight!","breadcrumb":{"@id":"https:\/\/elfsight.com\/pt\/online-form-builder\/bigcommerce\/#breadcrumb"},"inLanguage":"pt-PT","potentialAction":[{"@type":"ReadAction","target":["https:\/\/elfsight.com\/pt\/online-form-builder\/bigcommerce\/"]}]},{"@type":"BreadcrumbList","@id":"https:\/\/elfsight.com\/pt\/online-form-builder\/bigcommerce\/#breadcrumb","itemListElement":[{"@type":"ListItem","position":1,"name":"Home","item":"https:\/\/elfsight.com\/pt\/"},{"@type":"ListItem","position":2,"name":"Form Builder","item":"https:\/\/elfsight.com\/pt\/online-form-builder\/"},{"@type":"ListItem","position":3,"name":"Form Builder &#8211; BigCommerce"}]},{"@type":"WebSite","@id":"https:\/\/elfsight.com\/pt\/#website","url":"https:\/\/elfsight.com\/pt\/","name":"Elfsight PT","description":"Just another Elfsight Sites site","potentialAction":[{"@type":"SearchAction","target":{"@type":"EntryPoint","urlTemplate":"https:\/\/elfsight.com\/pt\/?s={search_term_string}"},"query-input":{"@type":"PropertyValueSpecification","valueRequired":true,"valueName":"search_term_string"}}],"inLanguage":"pt-PT"}]}},"meta_box":{"industry":"","seo_heading":"","heading":"","description":"","cta_heading":"","cta_description":"","application":"595","h1":"Aplicativo Form Builder para BigCommerce","h1_caption":"Receba todos os tipos de feedback criando formul\u00e1rios simples e compreens\u00edveis","application_category":[],"applications_title":"","applications_request_title":"","applications_request_button_text":"","hero_text":"","hero_video":"","hero_video_schema_markup":"","selling_points_title":"","selling_points_caption":"","selling_points":[],"selling_points_cta_text":"","features_title":"","features":"","ed_cta_examples_text":"","ed_cta_examples_hidden":"","ed_cta_demo_text":"","ed_cta_demo_hidden":"","why_caption":"","why_editor_title":"","why_editor_text":"","why_team_title":"","why_team_text":"","why_service_title":"","why_service_text":"","template_catalog_visible":"0","template_catalog_title":"","template_catalog_text":"","template_catalog_categories_visible":"","demo_title":"Crie seu aplicativo Form Builder","demo_caption":"Configure seu Form Builder e adicione-o ao seu site BigCommerce gratuitamente!","default_faq_hidden":"","app_template_category":[],"platform":"43","template_public_id":"","codecanyon_url":"","codecanyon_item_id":"","codecanyon_price":"","pricing_caption":"","pricing_elfsight_apps_hide_column":"","pricing_elfsight_apps_url":"","pricing_codecanyon_price_caption":"","integration_category":[],"integration_request_title":"","integration_request_cta":"","integration_platform":"","integrations":[],"platform_category":[],"video_schema_markup":"","price":"a partir de US$ 0\/m\u00eas","trial":"","benefits":[{"text":"Assist\u00eancia de instala\u00e7\u00e3o gratuita"},{"text":"Atendimento ao cliente competente"},{"text":"Garantia de devolu\u00e7\u00e3o do dinheiro em 14 dias"},{"text":"Atualizando constantemente"}],"button_url":"#demo","button_target_blank":"0","button_nofollow":"0","attributes":[{"name":"Instala\u00e7\u00f5es","content":"100,000 - 500,000","_state":"expanded"},{"name":"Responsivo","content":"Sim","_state":"expanded"},{"name":"Navegadores compat\u00edveis","content":"Firefox, Safari, Opera, Chrome, Edge"}],"tags":[],"tags_disable_links":"0","hide_more_platforms":"","video_object":"","demo_hide_cta":"0","demo_hide_cloud_options":"0","pricing_title":"","pricing":[{"pricing_icon":"cloud","pricing_title":"Elfsight Apps","pricing_title_caption":"Vers\u00e3o multiplataforma que funciona em qualquer site","pricing_price":"a partir de US$ 0\/m\u00eas","pricing_price_caption":"comece com plano gratuito","pricing_benefits":[{"text":"Sites ilimitados"},{"text":"Suporte gratuito, pontual e bem documentado"},{"text":"Suporte gratuito, pontual e bem documentado"},{"text":"100% personaliz\u00e1vel"}],"pricing_button_text":"Adicionar ao site","pricing_button_url":"#demo","_state":"expanded"}],"related_apps_title":"","related_apps_hidden":"1","author":"","image":[],"title":"","job":"","social_networks":[]},"_links":{"self":[{"href":"https:\/\/elfsight.com\/pt\/wp-json\/wp\/v2\/pages\/3993","targetHints":{"allow":["GET"]}}],"collection":[{"href":"https:\/\/elfsight.com\/pt\/wp-json\/wp\/v2\/pages"}],"about":[{"href":"https:\/\/elfsight.com\/pt\/wp-json\/wp\/v2\/types\/page"}],"author":[{"embeddable":true,"href":"https:\/\/elfsight.com\/pt\/wp-json\/wp\/v2\/users\/9"}],"replies":[{"embeddable":true,"href":"https:\/\/elfsight.com\/pt\/wp-json\/wp\/v2\/comments?post=3993"}],"version-history":[{"count":4,"href":"https:\/\/elfsight.com\/pt\/wp-json\/wp\/v2\/pages\/3993\/revisions"}],"predecessor-version":[{"id":13751,"href":"https:\/\/elfsight.com\/pt\/wp-json\/wp\/v2\/pages\/3993\/revisions\/13751"}],"up":[{"embeddable":true,"href":"https:\/\/elfsight.com\/pt\/wp-json\/wp\/v2\/pages\/596"}],"wp:attachment":[{"href":"https:\/\/elfsight.com\/pt\/wp-json\/wp\/v2\/media?parent=3993"}],"curies":[{"name":"wp","href":"https:\/\/api.w.org\/{rel}","templated":true}]}}