{"id":3982,"date":"2022-05-18T14:03:59","date_gmt":"2022-05-18T14:03:59","guid":{"rendered":"https:\/\/elfsight.com\/pt\/?page_id=3982"},"modified":"2025-02-28T10:18:41","modified_gmt":"2025-02-28T10:18:41","slug":"wordpress","status":"publish","type":"page","link":"https:\/\/elfsight.com\/pt\/etsy-reviews-widget\/wordpress\/","title":{"rendered":"Etsy Reviews &#8211; WordPress"},"content":{"rendered":"\n<div class=\"application-platform-content-item-features application-platform-content-item\" id=\"features\" data-nav-section=\"features\">\n<h2>Estes s\u00e3o apenas ricos caracter\u00edsticas do Resenhas do Etsy widgets:<\/h2>\n<p>\n<ul>\n<li>Exiba revis\u00f5es de clientes de seu perfil em Etsy;<\/li>\n<li>Cinco op\u00e7\u00f5es de filtros;<\/li>\n<li>Bot\u00e3o de pedido de revis\u00e3o para redireccionar utilizadores na sua  e-shop;<\/li>\n<li>4 op\u00e7\u00f5es de desenho: Slider, Lista, Ma\u00e7onaria e Grelha;<\/li>\n<li>Selec\u00e7\u00e3o do tipo de pagina\u00e7\u00e3o no disposi\u00e7\u00e3o do Slider;<\/li>\n<li>Setas e tipos de navega\u00e7\u00e3o por arrastar no desenho do Slider;<\/li>\n<li>Possibilidade de activar\/desactivar os componentes do cabe\u00e7alho: classifica\u00e7\u00e3o e imagens de revis\u00e3o;<\/li>\n<li>5 componentes pass\u00edveis de mudan\u00e7a das coment\u00e1rios: \u00edcone, nome do autor e foto, data,  de recomenda\u00e7\u00e3o e classifica\u00e7\u00e3o por estrelas;<\/li>\n<li>Coloque o seu Avalia\u00e7\u00f5es do Etsy onde quiser na  p\u00e1gina web;<\/li>\n<li>Desenho puro fornece incorpora\u00e7\u00e3o suave em qualquer plataforma do site web;<\/li>\n<li>M\u00f3vel optimizado;<\/li>\n<li>27 l\u00ednguas populares <\/li>\n<li>O t\u00edtulo edit\u00e1vel do plugin.<\/li>\n<li>As actualiza\u00e7\u00f5es  constantes ao vivo para manter a fresco;<\/li>\n<li> Premium apoio por uma equipa de peritos;<\/li>\n<li>O editor pr\u00e1tico e f\u00e1cil de usar em directo ;<\/li>\n<li>O desenho personaliz\u00e1vel;<\/li>\n<li>Modelos de cores m\u00faltiplos pr\u00e9-fabricados.<\/li>\n<\/ul>\n<\/p> \n \n<p><a href=\"#demo\">Pode descobrir toda a funcionalidade do plugin na demonstra\u00e7\u00e3o agora<\/a><\/p> \n<\/div> \n<div class=\"application-platform-content-item-installation application-platform-content-item\" id=\"installation\" data-nav-section=\"installation\">\n<h2>Como posso incorporar a Resenhas do Etsy em minha do s\u00edtio web de WordPress?<\/h2> \n<p>Apenas aplica as instru\u00e7\u00f5es abaixo para integrar o plugin.<\/p> \n\n<ol>\n<li>Emprega o nosso editor gratuito e come\u00e7ar moldar o seu widget constru\u00eddo \u00e0 medida.<\/li> \n <li>Aquisita suas c\u00f3digo \u00fanico aparecendo na caixa em Elfsight Apps.<\/li> \n <li>Come\u00e7a com usando o plugin em seu website de WordPress.<\/li> \n <li>Est\u00e1s feito! A integra\u00e7\u00e3o \u00e9 desempenhada totalmente.<\/li>\n<\/ol> \n<p>Se tenhar, n\u00e3o tenha medo de chegar a o nosso equipa do suporte. Os nossos especialistas est\u00e3o ansiosas para resolver todas as dificuldades que tenham com o plugin.<\/p>\n\n \n<\/div>\n","protected":false},"excerpt":{"rendered":"","protected":false},"author":18,"featured_media":0,"parent":1678,"menu_order":0,"comment_status":"closed","ping_status":"closed","template":"templates\/template-application-platform.php","meta":{"publish_to_discourse":"","publish_post_category":"","wpdc_auto_publish_overridden":"","wpdc_topic_tags":"","wpdc_pin_topic":"","wpdc_pin_until":"","discourse_post_id":"","discourse_permalink":"","wpdc_publishing_response":"","wpdc_publishing_error":"","footnotes":""},"class_list":["post-3982","page","type-page","status-publish","hentry"],"yoast_head":"<!-- This site is optimized with the Yoast SEO plugin v25.3.1 - https:\/\/yoast.com\/wordpress\/plugins\/seo\/ -->\n<title>Avalia\u00e7\u00f5es do Etsy - trazer plugin de Resenhas do Etsy para p\u00e1gina da web de Wordpress<\/title>\n<meta name=\"description\" content=\"Instala a widget de Avalia\u00e7\u00f5es do Etsy atractivo na sua do website de Wordpress. Lan\u00e7a Elfsight demonstra\u00e7\u00e3o amig\u00e1vel e cria o teu plugin pr\u00f3prio com apenas alguns cliques.\" \/>\n<meta name=\"robots\" content=\"index, follow, max-snippet:-1, max-image-preview:large, max-video-preview:-1\" \/>\n<link rel=\"canonical\" href=\"https:\/\/elfsight.com\/pt\/etsy-reviews-widget\/wordpress\/\" \/>\n<meta property=\"og:locale\" content=\"pt_PT\" \/>\n<meta property=\"og:type\" content=\"article\" \/>\n<meta property=\"og:title\" content=\"Avalia\u00e7\u00f5es do Etsy - trazer plugin de Resenhas do Etsy para p\u00e1gina da web de Wordpress\" \/>\n<meta property=\"og:description\" content=\"Instala a widget de Avalia\u00e7\u00f5es do Etsy atractivo na sua do website de Wordpress. Lan\u00e7a Elfsight demonstra\u00e7\u00e3o amig\u00e1vel e cria o teu plugin pr\u00f3prio com apenas alguns cliques.\" \/>\n<meta property=\"og:url\" content=\"https:\/\/elfsight.com\/pt\/etsy-reviews-widget\/wordpress\/\" \/>\n<meta property=\"og:site_name\" content=\"Elfsight PT\" \/>\n<meta property=\"article:modified_time\" content=\"2025-02-28T10:18:41+00:00\" \/>\n<meta name=\"twitter:card\" content=\"summary_large_image\" \/>\n<meta name=\"twitter:label1\" content=\"Tempo estimado de leitura\" \/>\n\t<meta name=\"twitter:data1\" content=\"2 minutos\" \/>\n<!-- \/ Yoast SEO plugin. -->","yoast_head_json":{"title":"Avalia\u00e7\u00f5es do Etsy - trazer plugin de Resenhas do Etsy para p\u00e1gina da web de Wordpress","description":"Instala a widget de Avalia\u00e7\u00f5es do Etsy atractivo na sua do website de Wordpress. Lan\u00e7a Elfsight demonstra\u00e7\u00e3o amig\u00e1vel e cria o teu plugin pr\u00f3prio com apenas alguns cliques.","robots":{"index":"index","follow":"follow","max-snippet":"max-snippet:-1","max-image-preview":"max-image-preview:large","max-video-preview":"max-video-preview:-1"},"canonical":"https:\/\/elfsight.com\/pt\/etsy-reviews-widget\/wordpress\/","og_locale":"pt_PT","og_type":"article","og_title":"Avalia\u00e7\u00f5es do Etsy - trazer plugin de Resenhas do Etsy para p\u00e1gina da web de Wordpress","og_description":"Instala a widget de Avalia\u00e7\u00f5es do Etsy atractivo na sua do website de Wordpress. Lan\u00e7a Elfsight demonstra\u00e7\u00e3o amig\u00e1vel e cria o teu plugin pr\u00f3prio com apenas alguns cliques.","og_url":"https:\/\/elfsight.com\/pt\/etsy-reviews-widget\/wordpress\/","og_site_name":"Elfsight PT","article_modified_time":"2025-02-28T10:18:41+00:00","twitter_card":"summary_large_image","twitter_misc":{"Tempo estimado de leitura":"2 minutos"},"schema":{"@context":"https:\/\/schema.org","@graph":[{"@type":"WebPage","@id":"https:\/\/elfsight.com\/pt\/etsy-reviews-widget\/wordpress\/","url":"https:\/\/elfsight.com\/pt\/etsy-reviews-widget\/wordpress\/","name":"Avalia\u00e7\u00f5es do Etsy - trazer plugin de Resenhas do Etsy para p\u00e1gina da web de Wordpress","isPartOf":{"@id":"https:\/\/elfsight.com\/pt\/#website"},"datePublished":"2022-05-18T14:03:59+00:00","dateModified":"2025-02-28T10:18:41+00:00","description":"Instala a widget de Avalia\u00e7\u00f5es do Etsy atractivo na sua do website de Wordpress. Lan\u00e7a Elfsight demonstra\u00e7\u00e3o amig\u00e1vel e cria o teu plugin pr\u00f3prio com apenas alguns cliques.","breadcrumb":{"@id":"https:\/\/elfsight.com\/pt\/etsy-reviews-widget\/wordpress\/#breadcrumb"},"inLanguage":"pt-PT","potentialAction":[{"@type":"ReadAction","target":["https:\/\/elfsight.com\/pt\/etsy-reviews-widget\/wordpress\/"]}]},{"@type":"BreadcrumbList","@id":"https:\/\/elfsight.com\/pt\/etsy-reviews-widget\/wordpress\/#breadcrumb","itemListElement":[{"@type":"ListItem","position":1,"name":"Home","item":"https:\/\/elfsight.com\/pt\/"},{"@type":"ListItem","position":2,"name":"Etsy Reviews","item":"https:\/\/elfsight.com\/pt\/etsy-reviews-widget\/"},{"@type":"ListItem","position":3,"name":"Etsy Reviews &#8211; WordPress"}]},{"@type":"WebSite","@id":"https:\/\/elfsight.com\/pt\/#website","url":"https:\/\/elfsight.com\/pt\/","name":"Elfsight PT","description":"Just another Elfsight Sites site","potentialAction":[{"@type":"SearchAction","target":{"@type":"EntryPoint","urlTemplate":"https:\/\/elfsight.com\/pt\/?s={search_term_string}"},"query-input":{"@type":"PropertyValueSpecification","valueRequired":true,"valueName":"search_term_string"}}],"inLanguage":"pt-PT"}]}},"meta_box":{"industry":"","seo_heading":"","heading":"","description":"","cta_heading":"","cta_description":"","application":"1677","h1":"Plugin de Avalia\u00e7\u00f5es do Etsy para Wordpress","h1_caption":"Melhore a confian\u00e7a dos clientes adicionando plugin ao seu website, que exibir\u00e1 opini\u00f5es sobre os seus artigos e mercadorias de Etsy","application_category":[],"applications_title":"","applications_request_title":"","applications_request_button_text":"","hero_text":"","hero_video":"","hero_video_schema_markup":"","selling_points_title":"","selling_points_caption":"","selling_points":[],"selling_points_cta_text":"","features_title":"","features":"","ed_cta_examples_text":"","ed_cta_examples_hidden":"","ed_cta_demo_text":"","ed_cta_demo_hidden":"","why_caption":"","why_editor_title":"","why_editor_text":"","why_team_title":"","why_team_text":"","why_service_title":"","why_service_text":"","template_catalog_visible":"0","template_catalog_title":"","template_catalog_text":"","template_catalog_categories_visible":"","demo_title":"V\u00e1 em frente para construir personalizado Wordpress Resenhas do Etsy","demo_caption":"Adapta isto e incorpore o widget em o seu s\u00edtio fazendo uso de demonstra\u00e7\u00e3o activa.","default_faq_hidden":"","app_template_category":[],"platform":"34","template_public_id":"","codecanyon_url":"","codecanyon_item_id":"","codecanyon_price":"","pricing_caption":"","pricing_elfsight_apps_hide_column":"","pricing_elfsight_apps_url":"","pricing_codecanyon_price_caption":"","integration_category":[],"integration_request_title":"","integration_request_cta":"","integration_platform":"","integrations":[],"platform_category":[],"video_schema_markup":"","price":"a partir de US$ 0\/m\u00eas","trial":"","benefits":[{"text":"Servi\u00e7os de instala\u00e7\u00e3o livre"},{"text":"Suporte premium"},{"text":"14 dias dinheiro de volta garantia"},{"text":"Atualiza\u00e7\u00f5es vital\u00edcias"}],"button_url":"#demo","button_target_blank":"0","button_nofollow":"0","attributes":[{"name":"Responsivo","content":"Sim","_state":"expanded"},{"name":"Navegadores compat\u00edveis","content":"IE11, Firefox, Safari, Opera, Chrome, Edge","_state":"expanded"}],"tags":[],"tags_disable_links":"0","hide_more_platforms":"0","video_object":"","demo_hide_cta":"0","demo_hide_cloud_options":"0","pricing_title":"","pricing":[{"pricing_icon":"platform","pricing_title":"Elfsight Apps","pricing_title_caption":"Software independente de plataforma","pricing_price":"de US$ 0 por m\u00eas","pricing_price_caption":"come\u00e7ar com um plano gr\u00e1tis","pricing_benefits":[{"text":"Sites ilimitados"},{"text":"Suporte r\u00e1pido"},{"text":"Ajuda para instala\u00e7\u00e3o gratuita"},{"text":"Design flex\u00edvel"}],"pricing_button_text":"Adicionar ao site","pricing_button_url":"#demo","_state":"expanded"}],"related_apps_title":"","related_apps_hidden":"1","author":"","image":[],"title":"","job":"","social_networks":[]},"_links":{"self":[{"href":"https:\/\/elfsight.com\/pt\/wp-json\/wp\/v2\/pages\/3982","targetHints":{"allow":["GET"]}}],"collection":[{"href":"https:\/\/elfsight.com\/pt\/wp-json\/wp\/v2\/pages"}],"about":[{"href":"https:\/\/elfsight.com\/pt\/wp-json\/wp\/v2\/types\/page"}],"author":[{"embeddable":true,"href":"https:\/\/elfsight.com\/pt\/wp-json\/wp\/v2\/users\/18"}],"replies":[{"embeddable":true,"href":"https:\/\/elfsight.com\/pt\/wp-json\/wp\/v2\/comments?post=3982"}],"version-history":[{"count":2,"href":"https:\/\/elfsight.com\/pt\/wp-json\/wp\/v2\/pages\/3982\/revisions"}],"predecessor-version":[{"id":14101,"href":"https:\/\/elfsight.com\/pt\/wp-json\/wp\/v2\/pages\/3982\/revisions\/14101"}],"up":[{"embeddable":true,"href":"https:\/\/elfsight.com\/pt\/wp-json\/wp\/v2\/pages\/1678"}],"wp:attachment":[{"href":"https:\/\/elfsight.com\/pt\/wp-json\/wp\/v2\/media?parent=3982"}],"curies":[{"name":"wp","href":"https:\/\/api.w.org\/{rel}","templated":true}]}}