{"id":3977,"date":"2024-05-03T06:34:56","date_gmt":"2024-05-03T06:34:56","guid":{"rendered":"https:\/\/elfsight.com\/pt\/?page_id=3977"},"modified":"2025-12-19T10:47:07","modified_gmt":"2025-12-19T10:47:07","slug":"wordpress","status":"publish","type":"page","link":"https:\/\/elfsight.com\/pt\/event-calendar-widget\/wordpress\/","title":{"rendered":"Event Calendar &#8211; WordPress"},"content":{"rendered":"\n<div class=\"application-platform-content-item-description application-platform-content-item\" id=\"description\" data-nav-section=\"description\">\n<h2>Incorpore o Calend\u00e1rio de Eventos com o Elfsight Widget<\/h2>\n<p>O plugin Calend\u00e1rio \u00e9 uma ferramenta not\u00e1vel que lhe permite partilhar facilmente os seus eventos com o resto do mundo. Tem muitas oportunidades para exibir os pr\u00f3ximos eventos da maneira mais imponente. Personalize-o para combinar o design com a est\u00e9tica da sua p\u00e1gina. Crie v\u00e1rios eventos, adicione v\u00e1rias tags, carregue suas pr\u00f3prias fotos e v\u00eddeos e mantenha os visitantes atualizados sobre sua agenda. Tudo no plug-in de calend\u00e1rio \u00e9 feito para atender \u00e0s necessidades reais do mercado e aprimorar a experi\u00eancia do p\u00fablico.<\/p>\n<p><b>O plug-in de calend\u00e1rio de eventos pode ajud\u00e1-lo a promover convenientemente suas pr\u00f3ximas atividades e aumentar o n\u00edvel de envolvimento em seu site.<\/b><\/p>\n<\/div>\n\n<div class=\"application-platform-content-item-features application-platform-content-item\" id=\"features\" data-nav-section=\"features\">\n<h2>Principais recursos do widget de calend\u00e1rio de eventos<\/h2>\n<p>Nosso calend\u00e1rio n\u00e3o \u00e9 apenas uma solu\u00e7\u00e3o sem c\u00f3digo para sites. O plugin de calend\u00e1rio WordPress da Elfsight oferece recursos que as empresas adoram ver. Os recursos s\u00e3o projetados de forma a tornar o plugin do evento amig\u00e1vel e envolvente. Veja todas as fun\u00e7\u00f5es do plugin Best WordPress Calendar. Voc\u00ea pode configur\u00e1-los diretamente no editor e eles o ajudar\u00e3o a criar o widget exatamente para o seu caso.<\/p>\n<ul>\n    <li>Use op\u00e7\u00f5es de conte\u00fado vi\u00e1veis \u200b\u200bpara compreender o widget para o seu tipo de atividade.<\/li>\n    <li>Permita que os usu\u00e1rios adicionem eventos aos aplicativos mais usados.<\/li>\n    <li>Inicie diferentes tipos de eventos, marque locais e adicione anfitri\u00f5es.<\/li>\n    <li>Categorize todos os seus eventos e atribua tags a eles.<\/li>\n    <li>Discrimine entre quatro variantes de layout.<\/li>\n<\/ul>\n<p><a href=\"#demo\">Veja como todos os recursos funcionam em nossa demonstra\u00e7\u00e3o<\/a><\/p>\n<\/div>\n\n<div class=\"application-platform-content-item-installation application-platform-content-item\" id=\"installation\" data-nav-section=\"installation\">\n<h2>Como adicionar o plugin do Calend\u00e1rio de Eventos ao WordPress?<\/h2>\n<div class=\"video-container\"><iframe allowfullscreen=\"\" frameborder=\"0\" height=\"405\" src=\"https:\/\/www.youtube.com\/embed\/AvWtgopDAT8?si=9RhwkydrS9tce42U\" width=\"720\"><\/iframe><\/div>\n<p>O calend\u00e1rio n\u00e3o \u00e9 apenas f\u00e1cil de gerenciar, mas tamb\u00e9m pode ser rapidamente incorporado ao site. Voc\u00ea n\u00e3o precisa de habilidades especiais para <a href=\"https:\/\/elfsight.com\/blog\/embed-calendar-to-wordpress\/\" target=\"_blank\" rel=\"noopener\">adicionar nosso plugin de calend\u00e1rio WordPress<\/a>. Para come\u00e7ar a usar o widget de calend\u00e1rio, basta seguir estas etapas r\u00e1pidas.<\/p>\n<ol>\n    <li><b>Inicie nosso editor gratuito e comece a criar seu pr\u00f3prio plugin.<\/b><br> Escolha a disposi\u00e7\u00e3o e os aspectos preferidos do plugin e salve todas as corre\u00e7\u00f5es.<\/li>\n    <li><b>Copie o c\u00f3digo pessoal demonstrado no formul\u00e1rio especial nas aplica\u00e7\u00f5es Elfsight.<\/b><br> Quando o estabelecimento do seu plugin for conclu\u00eddo, copie o c\u00f3digo do pop-up que aparece e salve-o para uso posterior.<\/li>\n    <li><b>Comece a usar o plugin na p\u00e1gina do WordPress.<\/b><br> Adicione o c\u00f3digo salvo anteriormente em seu site e aplique as melhorias.<\/li>\n    <li><b>A configura\u00e7\u00e3o foi totalmente conclu\u00edda.<\/b><br> Visite sua p\u00e1gina da web para ver o desempenho do plugin.<\/li>\n<\/ol>\n<p>Reserve um minuto para entrar em contato com nosso atendimento ao cliente se precisar de assist\u00eancia ou tiver d\u00favidas em <a href=\"https:\/\/elfsight.com\/blog\/how-to-add-event-calendar-to-wordpress-without-plugin\/\" target=\"_blank\" rel=\"noopener\">adicionando o calend\u00e1rio de eventos ao WordPress<\/a>. Os nossos especialistas ter\u00e3o todo o prazer em ajudar com todas as quest\u00f5es relacionadas com o plugin de eventos da Elfsight. Al\u00e9m disso, podemos consult\u00e1-lo sobre um melhor uso da ampla cole\u00e7\u00e3o de solu\u00e7\u00f5es \u00fateis para sites.<\/p>\n<\/div>\n\n<div class=\"faq\" data-component=\"FAQ\">\n<div class=\"faq-item\">\r\n\t\t\t\t\t<div class=\"faq-item-question\">\r\n\t\t\t\t\t\t<h3 class=\"faq-item-question-text\">As melhores maneiras de usar a Integra\u00e7\u00e3o de Calend\u00e1rio Online<\/h3>\r\n\r\n\t\t\t\t\t\t<div class=\"faq-item-question-icon\"><\/div>\r\n\t\t\t\t\t<\/div>\r\n\r\n\t\t\t\t\t<div class=\"faq-item-answer\">\r\n\t\t\t\t\t\t<div class=\"faq-item-answer-text\">\n<p>Oferecemos uma ampla gama de oportunidades de personaliza\u00e7\u00e3o: widgets completos para implementa\u00e7\u00e3o na \u00e1rea de conte\u00fado, widgets flutuantes para recurso de rolagem, miniaturas para o rodap\u00e9, se\u00e7\u00e3o principal e todas as varia\u00e7\u00f5es de possibilidades verticais para barras laterais e menus.<\/p>\n<\/div>\r\n\t\t\t\t\t<\/div>\r\n\t\t\t\t<\/div>\n\n<div class=\"faq-item\">\r\n\t\t\t\t\t<div class=\"faq-item-question\">\r\n\t\t\t\t\t\t<h3 class=\"faq-item-question-text\">Como fa\u00e7o para construir um calend\u00e1rio de eventos de museus ou cidades com a ajuda do seu editor?<\/h3>\r\n\r\n\t\t\t\t\t\t<div class=\"faq-item-question-icon\"><\/div>\r\n\t\t\t\t\t<\/div>\r\n\r\n\t\t\t\t\t<div class=\"faq-item-answer\">\r\n\t\t\t\t\t\t<div class=\"faq-item-answer-text\">\n<p>Voc\u00ea pode moldar qualquer varia\u00e7\u00e3o de widget. Existem v\u00e1rios layouts aplic\u00e1veis \u200b\u200b\u200b\u200bno editor e todos eles podem ser rapidamente personalizados do jeito que voc\u00ea deseja.<\/p>\n<\/div>\r\n\t\t\t\t\t<\/div>\r\n\t\t\t\t<\/div>\n<\/div>\n","protected":false},"excerpt":{"rendered":"","protected":false},"author":9,"featured_media":0,"parent":771,"menu_order":0,"comment_status":"closed","ping_status":"closed","template":"templates\/template-application-platform.php","meta":{"publish_to_discourse":"","publish_post_category":"","wpdc_auto_publish_overridden":"","wpdc_topic_tags":"","wpdc_pin_topic":"","wpdc_pin_until":"","discourse_post_id":"","discourse_permalink":"","wpdc_publishing_response":"","wpdc_publishing_error":"","footnotes":""},"class_list":["post-3977","page","type-page","status-publish","hentry"],"yoast_head":"<!-- This site is optimized with the Yoast SEO plugin v25.3.1 - https:\/\/yoast.com\/wordpress\/plugins\/seo\/ -->\n<title>Widget de calend\u00e1rio de eventos Wordpress - Adicionar calend\u00e1rio de eventos ao Wordpress [ 2025 ]<\/title>\n<meta name=\"description\" content=\"Com a Elfsight, crie o seu plugin de calend\u00e1rio de eventos e adicione-o ao seu site WordPress. Oferecemos suporte gratuito ao cliente e outros b\u00f4nus.\" \/>\n<meta name=\"robots\" content=\"index, follow, max-snippet:-1, max-image-preview:large, max-video-preview:-1\" \/>\n<link rel=\"canonical\" href=\"https:\/\/elfsight.com\/pt\/event-calendar-widget\/wordpress\/\" \/>\n<meta property=\"og:locale\" content=\"pt_PT\" \/>\n<meta property=\"og:type\" content=\"article\" \/>\n<meta property=\"og:title\" content=\"Widget de calend\u00e1rio de eventos Wordpress - Adicionar calend\u00e1rio de eventos ao Wordpress [ 2025 ]\" \/>\n<meta property=\"og:description\" content=\"Com a Elfsight, crie o seu plugin de calend\u00e1rio de eventos e adicione-o ao seu site WordPress. Oferecemos suporte gratuito ao cliente e outros b\u00f4nus.\" \/>\n<meta property=\"og:url\" content=\"https:\/\/elfsight.com\/pt\/event-calendar-widget\/wordpress\/\" \/>\n<meta property=\"og:site_name\" content=\"Elfsight PT\" \/>\n<meta property=\"article:modified_time\" content=\"2025-12-19T10:47:07+00:00\" \/>\n<meta name=\"twitter:card\" content=\"summary_large_image\" \/>\n<meta name=\"twitter:label1\" content=\"Tempo estimado de leitura\" \/>\n\t<meta name=\"twitter:data1\" content=\"4 minutos\" \/>\n<!-- \/ Yoast SEO plugin. -->","yoast_head_json":{"title":"Widget de calend\u00e1rio de eventos Wordpress - Adicionar calend\u00e1rio de eventos ao Wordpress [ 2025 ]","description":"Com a Elfsight, crie o seu plugin de calend\u00e1rio de eventos e adicione-o ao seu site WordPress. Oferecemos suporte gratuito ao cliente e outros b\u00f4nus.","robots":{"index":"index","follow":"follow","max-snippet":"max-snippet:-1","max-image-preview":"max-image-preview:large","max-video-preview":"max-video-preview:-1"},"canonical":"https:\/\/elfsight.com\/pt\/event-calendar-widget\/wordpress\/","og_locale":"pt_PT","og_type":"article","og_title":"Widget de calend\u00e1rio de eventos Wordpress - Adicionar calend\u00e1rio de eventos ao Wordpress [ 2025 ]","og_description":"Com a Elfsight, crie o seu plugin de calend\u00e1rio de eventos e adicione-o ao seu site WordPress. Oferecemos suporte gratuito ao cliente e outros b\u00f4nus.","og_url":"https:\/\/elfsight.com\/pt\/event-calendar-widget\/wordpress\/","og_site_name":"Elfsight PT","article_modified_time":"2025-12-19T10:47:07+00:00","twitter_card":"summary_large_image","twitter_misc":{"Tempo estimado de leitura":"4 minutos"},"schema":{"@context":"https:\/\/schema.org","@graph":[{"@type":"WebPage","@id":"https:\/\/elfsight.com\/pt\/event-calendar-widget\/wordpress\/","url":"https:\/\/elfsight.com\/pt\/event-calendar-widget\/wordpress\/","name":"Widget de calend\u00e1rio de eventos Wordpress - Adicionar calend\u00e1rio de eventos ao Wordpress [ 2025 ]","isPartOf":{"@id":"https:\/\/elfsight.com\/pt\/#website"},"datePublished":"2024-05-03T06:34:56+00:00","dateModified":"2025-12-19T10:47:07+00:00","description":"Com a Elfsight, crie o seu plugin de calend\u00e1rio de eventos e adicione-o ao seu site WordPress. Oferecemos suporte gratuito ao cliente e outros b\u00f4nus.","breadcrumb":{"@id":"https:\/\/elfsight.com\/pt\/event-calendar-widget\/wordpress\/#breadcrumb"},"inLanguage":"pt-PT","potentialAction":[{"@type":"ReadAction","target":["https:\/\/elfsight.com\/pt\/event-calendar-widget\/wordpress\/"]}]},{"@type":"BreadcrumbList","@id":"https:\/\/elfsight.com\/pt\/event-calendar-widget\/wordpress\/#breadcrumb","itemListElement":[{"@type":"ListItem","position":1,"name":"Home","item":"https:\/\/elfsight.com\/pt\/"},{"@type":"ListItem","position":2,"name":"Event Calendar","item":"https:\/\/elfsight.com\/pt\/event-calendar-widget\/"},{"@type":"ListItem","position":3,"name":"Event Calendar &#8211; WordPress"}]},{"@type":"WebSite","@id":"https:\/\/elfsight.com\/pt\/#website","url":"https:\/\/elfsight.com\/pt\/","name":"Elfsight PT","description":"Just another Elfsight Sites site","potentialAction":[{"@type":"SearchAction","target":{"@type":"EntryPoint","urlTemplate":"https:\/\/elfsight.com\/pt\/?s={search_term_string}"},"query-input":{"@type":"PropertyValueSpecification","valueRequired":true,"valueName":"search_term_string"}}],"inLanguage":"pt-PT"}]}},"meta_box":{"industry":"","seo_heading":"","heading":"","description":"","cta_heading":"","cta_description":"","application":"770","h1":"Plug-in de calend\u00e1rio de eventos WordPress","h1_caption":"Torne seus eventos f\u00e1ceis de encontrar usando o Calend\u00e1rio","application_category":[],"applications_title":"","applications_request_title":"","applications_request_button_text":"","hero_text":"","hero_video":"","hero_video_schema_markup":"","selling_points_title":"","selling_points_caption":"","selling_points":[],"selling_points_cta_text":"","features_title":"","features":"","ed_cta_examples_text":"","ed_cta_examples_hidden":"","ed_cta_demo_text":"","ed_cta_demo_hidden":"","why_caption":"","why_editor_title":"","why_editor_text":"","why_team_title":"","why_team_text":"","why_service_title":"","why_service_text":"","template_catalog_visible":"0","template_catalog_title":"","template_catalog_text":"","template_catalog_categories_visible":"","demo_title":"Crie seu plugin de calend\u00e1rio de eventos","demo_caption":"Configure seu calend\u00e1rio de eventos e adicione-o ao seu site WordPress gratuitamente!","default_faq_hidden":"","app_template_category":[],"platform":"34","template_public_id":"","codecanyon_url":"","codecanyon_item_id":"","codecanyon_price":"","pricing_caption":"","pricing_elfsight_apps_hide_column":"","pricing_elfsight_apps_url":"","pricing_codecanyon_price_caption":"","integration_category":[],"integration_request_title":"","integration_request_cta":"","integration_platform":"","integrations":[],"platform_category":[],"video_schema_markup":"","price":"a partir de US$ 0\/m\u00eas","trial":"","benefits":[{"text":"Servi\u00e7o de instala\u00e7\u00e3o gratuito"},{"text":"Suporte profissional ao cliente"},{"text":"Garantia de devolu\u00e7\u00e3o do dinheiro em 14 dias"},{"text":"Atualizando constantemente"}],"button_url":"#demo","button_target_blank":"0","button_nofollow":"0","attributes":[{"name":"Instala\u00e7\u00f5es","content":"100,000 - 500,000","_state":"expanded"},{"name":"Responsivo","content":"Sim","_state":"expanded"},{"name":"Navegadores compat\u00edveis","content":"Firefox, Safari, Opera, Chrome, Edge"}],"tags":[],"tags_disable_links":"0","hide_more_platforms":"0","video_object":"","demo_hide_cta":"0","demo_hide_cloud_options":"0","pricing_title":"","pricing":[{"pricing_icon":"platform","pricing_title":"Elfsight Apps","pricing_title_caption":"Vers\u00e3o independente de plataforma que funciona em qualquer site","pricing_price":"a partir de US$ 0\/m\u00eas","pricing_price_caption":"comece com plano gratuito","pricing_benefits":[{"text":"Dom\u00ednios ilimitados"},{"text":"Suporte ao cliente 24 horas por dia, 7 dias por semana"},{"text":"Suporte ao cliente 24 horas por dia, 7 dias por semana"},{"text":"Oferta por tempo limitado para v\u00e1rios aplicativos"}],"pricing_button_text":"Adicionar ao site","pricing_button_url":"#demo","_state":"expanded"}],"related_apps_title":"","related_apps_hidden":"1","author":"","image":[],"title":"","job":"","social_networks":[]},"_links":{"self":[{"href":"https:\/\/elfsight.com\/pt\/wp-json\/wp\/v2\/pages\/3977","targetHints":{"allow":["GET"]}}],"collection":[{"href":"https:\/\/elfsight.com\/pt\/wp-json\/wp\/v2\/pages"}],"about":[{"href":"https:\/\/elfsight.com\/pt\/wp-json\/wp\/v2\/types\/page"}],"author":[{"embeddable":true,"href":"https:\/\/elfsight.com\/pt\/wp-json\/wp\/v2\/users\/9"}],"replies":[{"embeddable":true,"href":"https:\/\/elfsight.com\/pt\/wp-json\/wp\/v2\/comments?post=3977"}],"version-history":[{"count":4,"href":"https:\/\/elfsight.com\/pt\/wp-json\/wp\/v2\/pages\/3977\/revisions"}],"predecessor-version":[{"id":15193,"href":"https:\/\/elfsight.com\/pt\/wp-json\/wp\/v2\/pages\/3977\/revisions\/15193"}],"up":[{"embeddable":true,"href":"https:\/\/elfsight.com\/pt\/wp-json\/wp\/v2\/pages\/771"}],"wp:attachment":[{"href":"https:\/\/elfsight.com\/pt\/wp-json\/wp\/v2\/media?parent=3977"}],"curies":[{"name":"wp","href":"https:\/\/api.w.org\/{rel}","templated":true}]}}