{"id":3975,"date":"2024-05-03T06:36:07","date_gmt":"2024-05-03T06:36:07","guid":{"rendered":"https:\/\/elfsight.com\/pt\/?page_id=3975"},"modified":"2025-02-11T07:54:55","modified_gmt":"2025-02-11T07:54:55","slug":"wordpress","status":"publish","type":"page","link":"https:\/\/elfsight.com\/pt\/facebook-feed-widget\/wordpress\/","title":{"rendered":"Facebook Feed &#8211; WordPress"},"content":{"rendered":"\n<div class=\"application-platform-content-item-description application-platform-content-item\" id=\"description\" data-nav-section=\"description\"><h2>Incorpore o feed do Facebook no WordPress com o widget Elfsight<\/h2><p>Mostre a sua p\u00e1gina do Facebook atrav\u00e9s do nosso plugin universal \u2013 Facebook Feed. Postagens, v\u00eddeos, fotos \u2013 certifique-se de que seus leitores n\u00e3o pular\u00e3o nenhum conte\u00fado seu. A interface envolvente com elementos originais do Facebook est\u00e1 fadada a chamar a aten\u00e7\u00e3o e contribuir\u00e1 n\u00e3o apenas para manter os usu\u00e1rios atuais no site, mas tamb\u00e9m para atrair novos assinantes do Facebook.<\/p><p><b>Elevar seu site a um novo patamar n\u00edvel usando o melhor plugin WordPress para Facebook.<\/b><\/p><ul><li><b>Fortale\u00e7a a credibilidade da sua empresa<\/b>.<br>Uma empresa que possui perfis ativos em redes sociais obt\u00e9m 75 % mais confian\u00e7a entre os leitores. Demonstre seu perfil do Facebook no site, para provar aos usu\u00e1rios que seu neg\u00f3cio \u00e9 real e confi\u00e1vel.<\/li><li><b>Aumente o n\u00famero de assinantes do seu perfil no Facebook<\/b>.<br>Transforme os usu\u00e1rios do site em assinantes do Facebook. Configure um plug-in animado que mostre sua p\u00e1gina e adicione-o ao site, para que todos os leitores possam seguir sua p\u00e1gina.<\/li><li><b>1 widget do Facebook em vez de 3<\/b>.<br>Voc\u00ea pode ter todo o seu conte\u00fado do Facebook exibido em um s\u00f3 plugin: insira publica\u00e7\u00f5es com coment\u00e1rios, curtidas ou todas as rea\u00e7\u00f5es dispon\u00edveis; obtenha listas de reprodu\u00e7\u00e3o de fotos e v\u00eddeos no site a partir dos \u00e1lbuns do Facebook.<\/li><\/ul><div class=\"faq\" data-component=\"FAQ\"> <div class=\"faq-item\">\r\n\t\t\t\t\t<div class=\"faq-item-question\">\r\n\t\t\t\t\t\t<h3 class=\"faq-item-question-text\">Quais outras ferramentas para WordPress voc\u00ea tem a oferecer? <\/h3>\r\n\r\n\t\t\t\t\t\t<div class=\"faq-item-question-icon\"><\/div>\r\n\t\t\t\t\t<\/div>\r\n\r\n\t\t\t\t\t<div class=\"faq-item-answer\">\r\n\t\t\t\t\t\t<div class=\"faq-item-answer-text\"> <p>Voc\u00ea pode usar um infinidade de ferramentas para qualquer finalidade em seu site, independentemente do seu neg\u00f3cio. Veja alguns deles: <a href=\"https:\/\/elfsight.com\/popup-widget\/webflow\/\">Popup<\/a>, <a href=\"https:\/\/elfsight.com\/facebook-chat-widget\/wordpress\/\">Bate-papo do Facebook<\/a>, <a href=\"https:\/\/elfsight.com\/google-reviews-widget\/wordpress\/\">Google Reviews<\/a>, <a href=\"https:\/\/elfsight.com\/testimonials-slider-widget\/wordpress\/\">Controle deslizante de depoimentos<\/a>, <a href=\"https:\/\/elfsight.com\/youtube-channel-plugin-yottie\/wordpress\/\">Feed do YouTube<\/a>. Voc\u00ea \u00e9 livre para adicion\u00e1-los todos ao seu site ou escolher apenas aqueles que melhor lhe conv\u00eam. <\/p> <\/div>\r\n\t\t\t\t\t<\/div>\r\n\t\t\t\t<\/div> <div class=\"faq-item\">\r\n\t\t\t\t\t<div class=\"faq-item-question\">\r\n\t\t\t\t\t\t<h3 class=\"faq-item-question-text\">Como fa\u00e7o para incorporar o plugin Facebook Feed em meu site WordPress? <\/h3>\r\n\r\n\t\t\t\t\t\t<div class=\"faq-item-question-icon\"><\/div>\r\n\t\t\t\t\t<\/div>\r\n\r\n\t\t\t\t\t<div class=\"faq-item-answer\">\r\n\t\t\t\t\t\t<div class=\"faq-item-answer-text\"> <p>Voc\u00ea pode adicionar o plugin Facebook Feed em seu site WordPress para demonstrar quaisquer postagens ou imagens que voc\u00ea como facilmente. Basta abrir o painel do administrador e realizar as seguintes a\u00e7\u00f5es: <\/p><ol><li>Clique nas configura\u00e7\u00f5es do seu site WordPress. <\/li><li>Escolha o bloco onde voc\u00ea deseja implementar o feed do Facebook. <\/li><li>Incorpore o seu c\u00f3digo do servi\u00e7o Elfsight Apps e aplique as altera\u00e7\u00f5es. <\/li><li>Tudo est\u00e1 feito. <\/li><\/ol><p>H\u00e1 tamb\u00e9m um guia completo sobre a instala\u00e7\u00e3o do feed do Facebook que pode ser encontrado <a href=\"https:\/\/elfsight.com\/tutorials\/how-to-add-facebook-feed-to-any-website\/#wordpress-facebook-plugin\">aqui<\/a>.<\/p><\/div>\r\n\t\t\t\t\t<\/div>\r\n\t\t\t\t<\/div> <div class=\"faq-item\">\r\n\t\t\t\t\t<div class=\"faq-item-question\">\r\n\t\t\t\t\t\t<h3 class=\"faq-item-question-text\">Posso testar seu plugin de feed do Facebook para WordPress em m\u00e3os <\/h3>\r\n\r\n\t\t\t\t\t\t<div class=\"faq-item-question-icon\"><\/div>\r\n\t\t\t\t\t<\/div>\r\n\r\n\t\t\t\t\t<div class=\"faq-item-answer\">\r\n\t\t\t\t\t\t<div class=\"faq-item-answer-text\"> <p>Claro? coisa! Voc\u00ea est\u00e1 convidado a usar nossa <a href=\"https:\/\/elfsight.com\/facebook-feed-widget\/#demo\">demonstra\u00e7\u00e3o<\/a> ativa que n\u00e3o apenas demonstrar\u00e1 todos os recursos do plug-in, mas tamb\u00e9m permitir\u00e1 que voc\u00ea para adicionar a ferramenta ao seu site WordPress!<\/p><\/div>\r\n\t\t\t\t\t<\/div>\r\n\t\t\t\t<\/div> <\/div><\/div><div class=\"application-platform-content-item-features application-platform-content-item\" id=\"features\" data-nav-section=\"features\"><h2>Principais recursos do widget Feed do Facebook<\/h2><p> Principais recursos que tornam nosso feed do Facebook um dos melhores plug-ins para qualquer site WordPress.<\/p><ul><li>3 tipos de conte\u00fado do Facebook que podem ser exibidos: postagens, v\u00eddeos e fotos com \u00e1lbuns;<\/li><li>Cabe\u00e7alho personaliz\u00e1vel com elementos ajust\u00e1veis: imagem da capa, a\u00e7\u00f5es, imagem da p\u00e1gina, contagem de curtidas;<\/li><li>Bot\u00f5es Curtir e Compartilhar no cabe\u00e7alho;<\/li><li>Limite vari\u00e1vel de postagens;<\/li><li>Atualiza\u00e7\u00f5es regulares ao vivo para mant\u00ea-lo atualizado.<\/li><\/ul><p><a href=\"#demo\">Teste todos os recursos na demonstra\u00e7\u00e3o ao vivo<\/a><\/p><\/div><div class=\"application-platform-content-item-installation application-platform-content-item\" id=\"installation\" data-nav-section=\"installation\"><h2>Como incorporar o plugin do Facebook ao WordPress<\/h2><div class=\"video-container\"><iframe width=\"720\" height=\"405\" src=\"https:\/\/www.youtube.com\/embed\/URsM7tz9sAc\" frameborder=\"0\" allowfullscreen=\"\"><\/iframe><\/div><p>Basta seguir as etapas apresentadas abaixo para integrar o widget no WordPress.<\/p> <ol><li><b>Use nossa demonstra\u00e7\u00e3o gratuita e comece a construir seu instrumento personalizado. <\/b><br> Especifique o design personalizado e a funcionalidade do widget e aplique as modifica\u00e7\u00f5es. <\/li> <li><b>Receba o c\u00f3digo individual apresentado no formul\u00e1rio especial nas aplica\u00e7\u00f5es Elfsight. <\/b><br> Logo ap\u00f3s a configura\u00e7\u00e3o do seu plugin de feed do Facebook, copie o c\u00f3digo individual no pop-up que aparece e salve-o para uso posterior. <\/li> <li><b>Comece a usar a ferramenta em seu site WordPress. <\/b><br> Cole o c\u00f3digo copiado anteriormente em seu site e salve as melhorias. <\/li> <li><b>Conclu\u00eddo! A integra\u00e7\u00e3o foi realizada com sucesso. <\/b><br> Acesse seu site para ver o funcionamento do plugin. <\/li><\/ol> <p>Voc\u00ea precisa de suporte mais completo? Leia uma <a href=\"https:\/\/elfsight.com\/tutorials\/how-to-add-facebook-feed-plugin-to-wordpress\/\" target=\"_blank\" rel=\"noopener noreferrer\">instru\u00e7\u00f5es completas<\/a> ou escreva um e-mail para o centro de ajuda da Elfsight e teremos prazer em aconselhar uma resposta.<\/p><\/div><div class=\"faq\" data-component=\"FAQ\"><div class=\"faq-item\">\r\n\t\t\t\t\t<div class=\"faq-item-question\">\r\n\t\t\t\t\t\t<h3 class=\"faq-item-question-text\">Posso obter Grande widget de feed de not\u00edcias ou v\u00eddeos do Facebook usando seus widgets?<\/h3>\r\n\r\n\t\t\t\t\t\t<div class=\"faq-item-question-icon\"><\/div>\r\n\t\t\t\t\t<\/div>\r\n\r\n\t\t\t\t\t<div class=\"faq-item-answer\">\r\n\t\t\t\t\t\t<div class=\"faq-item-answer-text\"><p>Um grande n\u00famero de modelos \u00e9 aplic\u00e1vel: galeria, alvenaria, grade, feed, lista e muito mais, contando com ajustes de layout male\u00e1veis \u200b\u200bpara atender \u00e0s suas pr\u00e9-condi\u00e7\u00f5es. Voc\u00ea \u00e9 livre para criar quase tudo o que lhe falta. <\/p><\/div>\r\n\t\t\t\t\t<\/div>\r\n\t\t\t\t<\/div><div class=\"faq-item\">\r\n\t\t\t\t\t<div class=\"faq-item-question\">\r\n\t\t\t\t\t\t<h3 class=\"faq-item-question-text\">Meu widget WordPress do Facebook n\u00e3o est\u00e1 funcionando\/atualizando<\/h3>\r\n\r\n\t\t\t\t\t\t<div class=\"faq-item-question-icon\"><\/div>\r\n\t\t\t\t\t<\/div>\r\n\r\n\t\t\t\t\t<div class=\"faq-item-answer\">\r\n\t\t\t\t\t\t<div class=\"faq-item-answer-text\"><p>Se voc\u00ea tiver alguma dificuldade com os widgets do WordPress, entre em contato com a equipe de suporte ao cliente. O servi\u00e7o de suporte \u00e9 totalmente gratuito para todos os clientes da Elfsight. <\/p><\/div>\r\n\t\t\t\t\t<\/div>\r\n\t\t\t\t<\/div><\/div>\n","protected":false},"excerpt":{"rendered":"","protected":false},"author":9,"featured_media":0,"parent":386,"menu_order":0,"comment_status":"closed","ping_status":"closed","template":"templates\/template-application-platform.php","meta":{"publish_to_discourse":"","publish_post_category":"","wpdc_auto_publish_overridden":"","wpdc_topic_tags":"","wpdc_pin_topic":"","wpdc_pin_until":"","discourse_post_id":"","discourse_permalink":"","wpdc_publishing_response":"","wpdc_publishing_error":"","footnotes":""},"class_list":["post-3975","page","type-page","status-publish","hentry"],"yoast_head":"<!-- This site is optimized with the Yoast SEO plugin v25.3.1 - https:\/\/yoast.com\/wordpress\/plugins\/seo\/ -->\n<title>Adicione o plugin WordPress Facebook Feed ao seu site (de gra\u00e7a)<\/title>\n<meta name=\"description\" content=\"Incorpore o melhor plugin de feed do Facebook em seu site WordPress. Teste nossa demonstra\u00e7\u00e3o ao vivo e crie seu plugin em apenas 1 minuto.\" \/>\n<meta name=\"robots\" content=\"index, follow, max-snippet:-1, max-image-preview:large, max-video-preview:-1\" \/>\n<link rel=\"canonical\" href=\"https:\/\/elfsight.com\/pt\/facebook-feed-widget\/wordpress\/\" \/>\n<meta property=\"og:locale\" content=\"pt_PT\" \/>\n<meta property=\"og:type\" content=\"article\" \/>\n<meta property=\"og:title\" content=\"Adicione o plugin WordPress Facebook Feed ao seu site (de gra\u00e7a)\" \/>\n<meta property=\"og:description\" content=\"Incorpore o melhor plugin de feed do Facebook em seu site WordPress. Teste nossa demonstra\u00e7\u00e3o ao vivo e crie seu plugin em apenas 1 minuto.\" \/>\n<meta property=\"og:url\" content=\"https:\/\/elfsight.com\/pt\/facebook-feed-widget\/wordpress\/\" \/>\n<meta property=\"og:site_name\" content=\"Elfsight PT\" \/>\n<meta property=\"article:modified_time\" content=\"2025-02-11T07:54:55+00:00\" \/>\n<meta name=\"twitter:card\" content=\"summary_large_image\" \/>\n<meta name=\"twitter:label1\" content=\"Tempo estimado de leitura\" \/>\n\t<meta name=\"twitter:data1\" content=\"5 minutos\" \/>\n<!-- \/ Yoast SEO plugin. -->","yoast_head_json":{"title":"Adicione o plugin WordPress Facebook Feed ao seu site (de gra\u00e7a)","description":"Incorpore o melhor plugin de feed do Facebook em seu site WordPress. Teste nossa demonstra\u00e7\u00e3o ao vivo e crie seu plugin em apenas 1 minuto.","robots":{"index":"index","follow":"follow","max-snippet":"max-snippet:-1","max-image-preview":"max-image-preview:large","max-video-preview":"max-video-preview:-1"},"canonical":"https:\/\/elfsight.com\/pt\/facebook-feed-widget\/wordpress\/","og_locale":"pt_PT","og_type":"article","og_title":"Adicione o plugin WordPress Facebook Feed ao seu site (de gra\u00e7a)","og_description":"Incorpore o melhor plugin de feed do Facebook em seu site WordPress. Teste nossa demonstra\u00e7\u00e3o ao vivo e crie seu plugin em apenas 1 minuto.","og_url":"https:\/\/elfsight.com\/pt\/facebook-feed-widget\/wordpress\/","og_site_name":"Elfsight PT","article_modified_time":"2025-02-11T07:54:55+00:00","twitter_card":"summary_large_image","twitter_misc":{"Tempo estimado de leitura":"5 minutos"},"schema":{"@context":"https:\/\/schema.org","@graph":[{"@type":"WebPage","@id":"https:\/\/elfsight.com\/pt\/facebook-feed-widget\/wordpress\/","url":"https:\/\/elfsight.com\/pt\/facebook-feed-widget\/wordpress\/","name":"Adicione o plugin WordPress Facebook Feed ao seu site (de gra\u00e7a)","isPartOf":{"@id":"https:\/\/elfsight.com\/pt\/#website"},"datePublished":"2024-05-03T06:36:07+00:00","dateModified":"2025-02-11T07:54:55+00:00","description":"Incorpore o melhor plugin de feed do Facebook em seu site WordPress. Teste nossa demonstra\u00e7\u00e3o ao vivo e crie seu plugin em apenas 1 minuto.","breadcrumb":{"@id":"https:\/\/elfsight.com\/pt\/facebook-feed-widget\/wordpress\/#breadcrumb"},"inLanguage":"pt-PT","potentialAction":[{"@type":"ReadAction","target":["https:\/\/elfsight.com\/pt\/facebook-feed-widget\/wordpress\/"]}]},{"@type":"BreadcrumbList","@id":"https:\/\/elfsight.com\/pt\/facebook-feed-widget\/wordpress\/#breadcrumb","itemListElement":[{"@type":"ListItem","position":1,"name":"Home","item":"https:\/\/elfsight.com\/pt\/"},{"@type":"ListItem","position":2,"name":"Facebook Feed","item":"https:\/\/elfsight.com\/pt\/facebook-feed-widget\/"},{"@type":"ListItem","position":3,"name":"Facebook Feed &#8211; WordPress"}]},{"@type":"WebSite","@id":"https:\/\/elfsight.com\/pt\/#website","url":"https:\/\/elfsight.com\/pt\/","name":"Elfsight PT","description":"Just another Elfsight Sites site","potentialAction":[{"@type":"SearchAction","target":{"@type":"EntryPoint","urlTemplate":"https:\/\/elfsight.com\/pt\/?s={search_term_string}"},"query-input":{"@type":"PropertyValueSpecification","valueRequired":true,"valueName":"search_term_string"}}],"inLanguage":"pt-PT"}]}},"meta_box":{"industry":"","seo_heading":"","heading":"","description":"","cta_heading":"","cta_description":"","application":"385","h1":"Plug-in de feed do Facebook para WordPress","h1_caption":"Transforme os visitantes do seu site em assinantes do Facebook","application_category":[],"applications_title":"","applications_request_title":"","applications_request_button_text":"","hero_text":"","hero_video":"","hero_video_schema_markup":"","selling_points_title":"","selling_points_caption":"","selling_points":[],"selling_points_cta_text":"","features_title":"","features":"","ed_cta_examples_text":"","ed_cta_examples_hidden":"","ed_cta_demo_text":"","ed_cta_demo_hidden":"","why_caption":"","why_editor_title":"","why_editor_text":"","why_team_title":"","why_team_text":"","why_service_title":"","why_service_text":"","template_catalog_visible":"0","template_catalog_title":"","template_catalog_text":"","template_catalog_categories_visible":"","demo_title":"Crie seu plugin de feed do Facebook","demo_caption":"Configure seu feed do Facebook e adicione-o ao seu site WordPress gratuitamente!","default_faq_hidden":"","app_template_category":[],"platform":"34","template_public_id":"","codecanyon_url":"","codecanyon_item_id":"","codecanyon_price":"","pricing_caption":"","pricing_elfsight_apps_hide_column":"","pricing_elfsight_apps_url":"","pricing_codecanyon_price_caption":"","integration_category":[],"integration_request_title":"","integration_request_cta":"","integration_platform":"","integrations":[],"platform_category":[],"video_schema_markup":"","price":"a partir de US$ 0\/m\u00eas","trial":"","benefits":[{"text":"Ajuda de instala\u00e7\u00e3o gratuita"},{"text":"Suporte excepcional"},{"text":"Garantia de reembolso de 14 dias"},{"text":"Melhorias gratuitas cont\u00ednuas"}],"button_url":"#demo","button_target_blank":"0","button_nofollow":"0","attributes":[{"name":"Instala\u00e7\u00f5es","content":"100,000 - 500,000","_state":"expanded"},{"name":"Responsivo","content":"Sim","_state":"expanded"},{"name":"Navegadores compat\u00edveis","content":"Firefox, Safari, Opera, Chrome, Edge"}],"tags":[],"tags_disable_links":"0","hide_more_platforms":"0","video_object":"","demo_hide_cta":"0","demo_hide_cloud_options":"0","pricing_title":"","pricing":[{"pricing_icon":"cloud","pricing_title":"Elfsight Apps","pricing_title_caption":"Solu\u00e7\u00e3o independente de plataforma","pricing_price":"a partir de US$ 0\/m\u00eas","pricing_price_caption":"comece com um plano gratuito","pricing_benefits":[{"text":"Dom\u00ednios ilimitados"},{"text":"Suporte r\u00e1pido"},{"text":"Suporte r\u00e1pido"},{"text":"Oferta especial para v\u00e1rios aplicativos"}],"pricing_button_text":"Adicionar ao site","pricing_button_url":"#demo","_state":"expanded"}],"related_apps_title":"","related_apps_hidden":"1","author":"","image":[],"title":"","job":"","social_networks":[]},"_links":{"self":[{"href":"https:\/\/elfsight.com\/pt\/wp-json\/wp\/v2\/pages\/3975","targetHints":{"allow":["GET"]}}],"collection":[{"href":"https:\/\/elfsight.com\/pt\/wp-json\/wp\/v2\/pages"}],"about":[{"href":"https:\/\/elfsight.com\/pt\/wp-json\/wp\/v2\/types\/page"}],"author":[{"embeddable":true,"href":"https:\/\/elfsight.com\/pt\/wp-json\/wp\/v2\/users\/9"}],"replies":[{"embeddable":true,"href":"https:\/\/elfsight.com\/pt\/wp-json\/wp\/v2\/comments?post=3975"}],"version-history":[{"count":4,"href":"https:\/\/elfsight.com\/pt\/wp-json\/wp\/v2\/pages\/3975\/revisions"}],"predecessor-version":[{"id":13850,"href":"https:\/\/elfsight.com\/pt\/wp-json\/wp\/v2\/pages\/3975\/revisions\/13850"}],"up":[{"embeddable":true,"href":"https:\/\/elfsight.com\/pt\/wp-json\/wp\/v2\/pages\/386"}],"wp:attachment":[{"href":"https:\/\/elfsight.com\/pt\/wp-json\/wp\/v2\/media?parent=3975"}],"curies":[{"name":"wp","href":"https:\/\/api.w.org\/{rel}","templated":true}]}}