{"id":3967,"date":"2024-05-03T06:35:47","date_gmt":"2024-05-03T06:35:47","guid":{"rendered":"https:\/\/elfsight.com\/pt\/?page_id=3967"},"modified":"2024-11-13T11:33:03","modified_gmt":"2024-11-13T11:33:03","slug":"woocommerce","status":"publish","type":"page","link":"https:\/\/elfsight.com\/pt\/facebook-feed-widget\/woocommerce\/","title":{"rendered":"Facebook Feed &#8211; WooCommerce"},"content":{"rendered":"<div class=\"application-platform-content-item-description application-platform-content-item\" id=\"description\" data-nav-section=\"description\"><h2>Descri\u00e7\u00e3o<\/h2><p>Exiba seu conte\u00fado do Facebook em nosso plugin avan\u00e7ado \u2013 Facebook Feed. P\u00e1ginas, v\u00eddeos, fotos \u2013 certifique-se de que seus visitantes n\u00e3o perder\u00e3o nenhuma postagem. A interface atraente com componentes originais do Facebook n\u00e3o permanecer\u00e1 invis\u00edvel e ajudar\u00e1 n\u00e3o apenas a manter os leitores atuais no site, mas tamb\u00e9m a atrair novos assinantes do Facebook.<\/p><p><b>Eleve seu site a um est\u00e1gio m\u00e1ximo apoiado por Plug-in do Facebook para WooCommerce!<\/b><\/p><\/div> <div class=\"application-platform-content-item-features application-platform-content-item\" id=\"features\" data-nav-section=\"features\"><h2>Estes s\u00e3o apenas alguns dos amplos recursos do widget:<\/h2><ul><li>Eleve o credibilidade da sua empresa junto aos clientes;<\/li><li>Aumente a convers\u00e3o do seu site em at\u00e9 112;<\/li><li>Fa\u00e7a com que os usu\u00e1rios permane\u00e7am no site;<\/li><li>Tenha um forte interesse entre os clientes do seu neg\u00f3cio;<\/li><li>Aumente o n\u00edvel de assinantes do Facebook em seu perfil;<\/li><li>Promova sua p\u00e1gina do Facebook<li>3 widgets do Facebook em 1.<\/li><\/ul><p><a href=\"#demo\">Examine todas as configura\u00e7\u00f5es na demonstra\u00e7\u00e3o completa<\/a><\/p><\/div><div class=\"application-platform-content-item-installation application-platform-content-item\" id=\"installation\" data-nav-section=\"installation\"><h2>Como incorporar o feed do Facebook em meu Site WooCommerce?<\/h2><p>Basta seguir as orienta\u00e7\u00f5es abaixo para incorporar a ferramenta.<\/p><ol><li><b>Aplicar nosso editor gratuito e come\u00e7ar a formar seu widget personalizado.<\/b><br>Determine a interface e os recursos desej\u00e1veis \u200b\u200bda ferramenta e aplique as corre\u00e7\u00f5es.<\/li><li><b>Receba o c\u00f3digo individual que aparece na janela dos aplicativos Elfsight.<\/b><br>Ap\u00f3s a cria\u00e7\u00e3o do seu O plugin terminar, copie o c\u00f3digo pessoal na janela exibida e guarde-o para ocasi\u00f5es posteriores.<\/li><li><b>Comece a usar o widget em seu site WooCommerce.<\/b><br>Adicione o c\u00f3digo que voc\u00ea deseja. copiei antes para sua p\u00e1gina da web e salve as corre\u00e7\u00f5es.<\/li><li><b>Pronto! A incorpora\u00e7\u00e3o foi finalizada com sucesso.<\/b><br>Acesse seu site para verificar como o widget est\u00e1 funcionando.<\/li><\/ol><p>Na condi\u00e7\u00e3o de enfrentar d\u00favidas ou encontrar alguma dificuldade, entre em contato com nosso equipe de atendimento ao consumidor. Nosso pessoal ficar\u00e1 feliz em ajud\u00e1-lo com todos os problemas que voc\u00ea possa ter com o plugin.<\/p><\/div>","protected":false},"excerpt":{"rendered":"","protected":false},"author":9,"featured_media":0,"parent":386,"menu_order":0,"comment_status":"closed","ping_status":"closed","template":"templates\/template-application-platform.php","meta":{"publish_to_discourse":"","publish_post_category":"","wpdc_auto_publish_overridden":"","wpdc_topic_tags":"","wpdc_pin_topic":"","wpdc_pin_until":"","discourse_post_id":"","discourse_permalink":"","wpdc_publishing_response":"","wpdc_publishing_error":"","footnotes":""},"class_list":["post-3967","page","type-page","status-publish","hentry"],"yoast_head":"<!-- This site is optimized with the Yoast SEO plugin v25.3.1 - https:\/\/yoast.com\/wordpress\/plugins\/seo\/ -->\n<title>Plug-in WooCommerce Facebook Feed para seu site (2025)<\/title>\n<meta name=\"description\" content=\"Exiba o melhor plugin de feed do Facebook em seu site WooCommerce. Conhe\u00e7a nosso editor interativo e crie um widget pessoal para Facebook em apenas 1 minuto.\" \/>\n<meta name=\"robots\" content=\"index, follow, max-snippet:-1, max-image-preview:large, max-video-preview:-1\" \/>\n<link rel=\"canonical\" href=\"https:\/\/elfsight.com\/pt\/facebook-feed-widget\/woocommerce\/\" \/>\n<meta property=\"og:locale\" content=\"pt_PT\" \/>\n<meta property=\"og:type\" content=\"article\" \/>\n<meta property=\"og:title\" content=\"Plug-in WooCommerce Facebook Feed para seu site (2025)\" \/>\n<meta property=\"og:description\" content=\"Exiba o melhor plugin de feed do Facebook em seu site WooCommerce. Conhe\u00e7a nosso editor interativo e crie um widget pessoal para Facebook em apenas 1 minuto.\" \/>\n<meta property=\"og:url\" content=\"https:\/\/elfsight.com\/pt\/facebook-feed-widget\/woocommerce\/\" \/>\n<meta property=\"og:site_name\" content=\"Elfsight PT\" \/>\n<meta property=\"article:modified_time\" content=\"2024-11-13T11:33:03+00:00\" \/>\n<meta name=\"twitter:card\" content=\"summary_large_image\" \/>\n<meta name=\"twitter:label1\" content=\"Tempo estimado de leitura\" \/>\n\t<meta name=\"twitter:data1\" content=\"2 minutos\" \/>\n<!-- \/ Yoast SEO plugin. -->","yoast_head_json":{"title":"Plug-in WooCommerce Facebook Feed para seu site (2025)","description":"Exiba o melhor plugin de feed do Facebook em seu site WooCommerce. Conhe\u00e7a nosso editor interativo e crie um widget pessoal para Facebook em apenas 1 minuto.","robots":{"index":"index","follow":"follow","max-snippet":"max-snippet:-1","max-image-preview":"max-image-preview:large","max-video-preview":"max-video-preview:-1"},"canonical":"https:\/\/elfsight.com\/pt\/facebook-feed-widget\/woocommerce\/","og_locale":"pt_PT","og_type":"article","og_title":"Plug-in WooCommerce Facebook Feed para seu site (2025)","og_description":"Exiba o melhor plugin de feed do Facebook em seu site WooCommerce. Conhe\u00e7a nosso editor interativo e crie um widget pessoal para Facebook em apenas 1 minuto.","og_url":"https:\/\/elfsight.com\/pt\/facebook-feed-widget\/woocommerce\/","og_site_name":"Elfsight PT","article_modified_time":"2024-11-13T11:33:03+00:00","twitter_card":"summary_large_image","twitter_misc":{"Tempo estimado de leitura":"2 minutos"},"schema":{"@context":"https:\/\/schema.org","@graph":[{"@type":"WebPage","@id":"https:\/\/elfsight.com\/pt\/facebook-feed-widget\/woocommerce\/","url":"https:\/\/elfsight.com\/pt\/facebook-feed-widget\/woocommerce\/","name":"Plug-in WooCommerce Facebook Feed para seu site (2025)","isPartOf":{"@id":"https:\/\/elfsight.com\/pt\/#website"},"datePublished":"2024-05-03T06:35:47+00:00","dateModified":"2024-11-13T11:33:03+00:00","description":"Exiba o melhor plugin de feed do Facebook em seu site WooCommerce. Conhe\u00e7a nosso editor interativo e crie um widget pessoal para Facebook em apenas 1 minuto.","breadcrumb":{"@id":"https:\/\/elfsight.com\/pt\/facebook-feed-widget\/woocommerce\/#breadcrumb"},"inLanguage":"pt-PT","potentialAction":[{"@type":"ReadAction","target":["https:\/\/elfsight.com\/pt\/facebook-feed-widget\/woocommerce\/"]}]},{"@type":"BreadcrumbList","@id":"https:\/\/elfsight.com\/pt\/facebook-feed-widget\/woocommerce\/#breadcrumb","itemListElement":[{"@type":"ListItem","position":1,"name":"Home","item":"https:\/\/elfsight.com\/pt\/"},{"@type":"ListItem","position":2,"name":"Facebook Feed","item":"https:\/\/elfsight.com\/pt\/facebook-feed-widget\/"},{"@type":"ListItem","position":3,"name":"Facebook Feed &#8211; WooCommerce"}]},{"@type":"WebSite","@id":"https:\/\/elfsight.com\/pt\/#website","url":"https:\/\/elfsight.com\/pt\/","name":"Elfsight PT","description":"Just another Elfsight Sites site","potentialAction":[{"@type":"SearchAction","target":{"@type":"EntryPoint","urlTemplate":"https:\/\/elfsight.com\/pt\/?s={search_term_string}"},"query-input":{"@type":"PropertyValueSpecification","valueRequired":true,"valueName":"search_term_string"}}],"inLanguage":"pt-PT"}]}},"meta_box":{"industry":"","seo_heading":"","heading":"","description":"","cta_heading":"","cta_description":"","application":"385","h1":"Plug-in de feed do Facebook WooCommerce","h1_caption":"Exiba postagens, fotos e v\u00eddeos do Facebook para envolver os visitantes do seu site","application_category":[],"applications_title":"","applications_request_title":"","applications_request_button_text":"","hero_text":"","hero_video":"","hero_video_schema_markup":"","selling_points_title":"","selling_points_caption":"","selling_points":[],"selling_points_cta_text":"","features_title":"","features":"","ed_cta_examples_text":"","ed_cta_examples_hidden":"","ed_cta_demo_text":"","ed_cta_demo_hidden":"","why_caption":"","why_editor_title":"","why_editor_text":"","why_team_title":"","why_team_text":"","why_service_title":"","why_service_text":"","template_catalog_visible":"","template_catalog_title":"","template_catalog_text":"","template_catalog_categories_visible":"","demo_title":"Crie seu aplicativo de feed do Facebook","demo_caption":"Configure seu feed do Facebook e adicione-o ao seu site WooCommerce gratuitamente!","default_faq_hidden":"","app_template_category":[],"platform":"4920","template_public_id":"","codecanyon_url":"","codecanyon_item_id":"","codecanyon_price":"","pricing_caption":"","pricing_elfsight_apps_hide_column":"","pricing_elfsight_apps_url":"","pricing_codecanyon_price_caption":"","integration_category":[],"integration_request_title":"","integration_request_cta":"","integration_platform":"","integrations":[],"platform_category":[],"video_schema_markup":"","price":"a partir de US$ 0\/m\u00eas","trial":"","benefits":[{"text":"Assist\u00eancia de instala\u00e7\u00e3o gratuita"},{"text":"Atendimento ao cliente eficaz"},{"text":"Garantia de devolu\u00e7\u00e3o do dinheiro em 14 dias"},{"text":"Atualiza\u00e7\u00f5es vital\u00edcias"}],"button_url":"#demo","button_target_blank":"0","button_nofollow":"0","attributes":[{"name":"Instala\u00e7\u00f5es","content":"100,000 - 500,000","_state":"expanded"},{"name":"Responsivo","content":"Sim","_state":"expanded"},{"name":"Navegadores compat\u00edveis","content":"Firefox, Safari, Opera, Chrome, Edge"}],"tags":[],"tags_disable_links":"0","hide_more_platforms":"","video_object":"","demo_hide_cta":"0","demo_hide_cloud_options":"0","pricing_title":"","pricing":[{"pricing_icon":"platform","pricing_title":"Elfsight Apps","pricing_title_caption":"Vers\u00e3o multiplataforma adequada para qualquer site","pricing_price":"a partir de US$ 0\/m\u00eas","pricing_price_caption":"comece com um plano gratuito","pricing_benefits":[{"text":"Dom\u00ednios ilimitados"},{"text":"Suporte premium da empresa e bem documentado"},{"text":"Suporte premium da empresa e bem documentado"},{"text":"100% personaliz\u00e1vel"}],"pricing_button_text":"Adicionar ao site","pricing_button_url":"#demo","_state":"expanded"}],"related_apps_title":"","related_apps_hidden":"1","author":"","image":[],"title":"","job":"","social_networks":[]},"_links":{"self":[{"href":"https:\/\/elfsight.com\/pt\/wp-json\/wp\/v2\/pages\/3967","targetHints":{"allow":["GET"]}}],"collection":[{"href":"https:\/\/elfsight.com\/pt\/wp-json\/wp\/v2\/pages"}],"about":[{"href":"https:\/\/elfsight.com\/pt\/wp-json\/wp\/v2\/types\/page"}],"author":[{"embeddable":true,"href":"https:\/\/elfsight.com\/pt\/wp-json\/wp\/v2\/users\/9"}],"replies":[{"embeddable":true,"href":"https:\/\/elfsight.com\/pt\/wp-json\/wp\/v2\/comments?post=3967"}],"version-history":[{"count":2,"href":"https:\/\/elfsight.com\/pt\/wp-json\/wp\/v2\/pages\/3967\/revisions"}],"predecessor-version":[{"id":11796,"href":"https:\/\/elfsight.com\/pt\/wp-json\/wp\/v2\/pages\/3967\/revisions\/11796"}],"up":[{"embeddable":true,"href":"https:\/\/elfsight.com\/pt\/wp-json\/wp\/v2\/pages\/386"}],"wp:attachment":[{"href":"https:\/\/elfsight.com\/pt\/wp-json\/wp\/v2\/media?parent=3967"}],"curies":[{"name":"wp","href":"https:\/\/api.w.org\/{rel}","templated":true}]}}