{"id":3961,"date":"2024-05-03T06:34:57","date_gmt":"2024-05-03T06:34:57","guid":{"rendered":"https:\/\/elfsight.com\/pt\/?page_id=3961"},"modified":"2025-12-18T17:26:31","modified_gmt":"2025-12-18T17:26:31","slug":"wix","status":"publish","type":"page","link":"https:\/\/elfsight.com\/pt\/event-calendar-widget\/wix\/","title":{"rendered":"Event Calendar &#8211; Wix"},"content":{"rendered":"<div class=\"application-platform-content-item-description application-platform-content-item\" id=\"description\" data-nav-section=\"description\"> <h2>Incorpore o calend\u00e1rio de eventos com o widget Elfsight<\/h2> <p>O Elfsight Calendar \u00e9 um aplicativo poderoso que permite que voc\u00ea compartilhe facilmente seus eventos com o resto dos usu\u00e1rios. o mundo. Tem muitas oportunidades para mostrar as pr\u00f3ximas atividades da forma mais representativa. Personalize-o para combinar o design com a est\u00e9tica do seu site. Crie v\u00e1rios eventos, adicione tags, carregue suas pr\u00f3prias fotos e v\u00eddeos e mantenha seu p\u00fablico informado sobre sua programa\u00e7\u00e3o. O widget de calend\u00e1rio tem tudo para aumentar o envolvimento do usu\u00e1rio.<\/p><p><b>O aplicativo Elfsight Events Calendar pode ajud\u00e1-lo a exibir facilmente seus pr\u00f3ximos eventos e aumentar a taxa de envolvimento em seu site. Aproveite o widget de calend\u00e1rio e sua capacidade de gerenciar eventos.<\/b><\/p> <\/div><div class=\"application-platform-content-item-features application-platform-content-item\" id=\"features\" data-nav-section=\"features\"> <h2>Principais recursos do aplicativo Event Calendar<\/h2> <p>O calend\u00e1rio widget est\u00e1 equipado com tudo para atend\u00ea-lo. Voc\u00ea pode incorporar e estruturar eventos no calend\u00e1rio Wix devido \u00e0s suas configura\u00e7\u00f5es flex\u00edveis. Aqui est\u00e1 uma lista de todas as caracter\u00edsticas funcionais do Wix Event Calendar. Eles est\u00e3o dispon\u00edveis diretamente no editor e ir\u00e3o ajud\u00e1-lo a moldar o widget exatamente para o seu caso. <\/p> <ul> <li>Use op\u00e7\u00f5es de conte\u00fado adapt\u00e1veis \u200b\u200bpara acomodar a ferramenta ao seu tipo de atividade. <\/li> <li>Permita que os usu\u00e1rios adicionem eventos \u00e0s agendas comumente usadas. <\/li> <li>Gere diferentes tipos de eventos, especifique locais e adicione hosts. <\/li> <li>Categorize todos os seus eventos e atribua tags a eles. <\/li> <li>Escolha entre quatro op\u00e7\u00f5es de layout. <\/li> <\/ul> <p><a href=\"#demo\">Verifique todas as outras fun\u00e7\u00f5es na demonstra\u00e7\u00e3o<\/a><\/p> <\/div><div class=\"application-platform-content-item-installation application-platform-content-item\" id=\"installation\" data-nav-section=\"installation\"> <h2> Como adiciono o Calend\u00e1rio de Eventos ao Wix?<\/h2> <div class=\"video-container\"><iframe width=\"720\" height=\"405\" src=\"https:\/\/www.youtube.com\/embed\/gXzGsQjsh9Y?si=Dl3uBIAVlqJaPn_B\" frameborder=\"0\" allowfullscreen=\"\"><\/iframe><\/div><p>Para incorporar o widget, basta seguir as instru\u00e7\u00f5es abaixo. <\/p> <ul> <li><b>Gere seu aplicativo de Eventos personalizado<\/b><br> Gerenciando nosso configurador gratuito, gere um widget com layout e caracter\u00edsticas funcionais selecionados. <\/li> <li><b>Receba o c\u00f3digo pessoal para configurar o aplicativo<\/b><br> Depois de gerar seu widget, voc\u00ea obter\u00e1 o c\u00f3digo individual na janela exibida nos aplicativos Elfsight. Copie este c\u00f3digo para uso posterior. <\/li> <li><b>Adicione o Calend\u00e1rio ao seu site<\/b><br> Defina o local onde voc\u00ea planeja revelar o widget e insira o c\u00f3digo copiado l\u00e1. Salve os resultados. <\/li> <li><b>Parab\u00e9ns! Voc\u00ea acabou de configurar o aplicativo!<\/b><br> Acesse o site para dar uma olhada no seu trabalho. <\/li> <\/ul> <p>N\u00e3o hesite em entrar em contato com o atendimento ao cliente quando precisar de conselhos ou tiver d\u00favidas. Teremos o maior prazer em ajudar com todas as d\u00favidas. <\/p> <\/div><div class=\"faq\" data-component=\"FAQ\"><div class=\"faq-item\">\r\n\t\t\t\t\t<div class=\"faq-item-question\">\r\n\t\t\t\t\t\t<h3 class=\"faq-item-question-text\">Por que as empresas adicionam calend\u00e1rio de eventos \u00e0s p\u00e1ginas Wix?<\/h3>\r\n\r\n\t\t\t\t\t\t<div class=\"faq-item-question-icon\"><\/div>\r\n\t\t\t\t\t<\/div>\r\n\r\n\t\t\t\t\t<div class=\"faq-item-answer\">\r\n\t\t\t\t\t\t<div class=\"faq-item-answer-text\"><p>Um calend\u00e1rio de eventos interativo para Wix gera conscientiza\u00e7\u00e3o sobre a \u00e1rea de interesse do seu empreendimento da melhor forma. Mais importante ainda, aumenta a visibilidade da sua empresa \u00e0 medida que voc\u00ea cria mais eventos. Voc\u00ea pode exibir seu aplicativo de calend\u00e1rio de eventos em todas as p\u00e1ginas do seu site Wix ou apenas em p\u00e1ginas espec\u00edficas.<\/p><p>O calend\u00e1rio de eventos no seu site tamb\u00e9m permite que voc\u00ea incorpore novo conte\u00fado ao seu site, o que \u00e9 sempre um bom sinal para pesquisa. motores. Eles est\u00e3o sempre visitando o seu site e, ao descobrirem novos conte\u00fados, classificam-no como significativamente mais relevante e podem aumentar as chances de exibi-lo quando seus clientes em potencial pesquisam online. Al\u00e9m dos eventos, se voc\u00ea optar por adicionar um calend\u00e1rio ao seu site Wix, isso poder\u00e1 agregar valor ao seu neg\u00f3cio aos olhos da sua clientela.<\/p> <p>Voc\u00ea pode usar o calend\u00e1rio de eventos para trazer mais intera\u00e7\u00e3o entre seus clientes. Semelhante \u00e0s postagens de blog, a integra\u00e7\u00e3o do calend\u00e1rio Wix pode ajud\u00e1-lo a interagir com sua clientela, permitindo que eles se inscrevam em alguns eventos espec\u00edficos e at\u00e9 mesmo possam recomendar outros eventos dos quais queiram participar. Implementar esse recurso para demonstrar eventos em seu site Wix \u00e9 realmente f\u00e1cil de executar.<\/p> <\/div>\r\n\t\t\t\t\t<\/div>\r\n\t\t\t\t<\/div><\/div>","protected":false},"excerpt":{"rendered":"","protected":false},"author":9,"featured_media":0,"parent":771,"menu_order":0,"comment_status":"closed","ping_status":"closed","template":"templates\/template-application-platform.php","meta":{"publish_to_discourse":"","publish_post_category":"","wpdc_auto_publish_overridden":"","wpdc_topic_tags":"","wpdc_pin_topic":"","wpdc_pin_until":"","discourse_post_id":"","discourse_permalink":"","wpdc_publishing_response":"","wpdc_publishing_error":"","footnotes":""},"class_list":["post-3961","page","type-page","status-publish","hentry"],"yoast_head":"<!-- This site is optimized with the Yoast SEO plugin v25.3.1 - https:\/\/yoast.com\/wordpress\/plugins\/seo\/ -->\n<title>Widget de calend\u00e1rio de eventos Wix - Adicionar calend\u00e1rio de eventos ao site Wix [ 2025 ]<\/title>\n<meta name=\"description\" content=\"Com a Elfsight, crie seu plugin de calend\u00e1rio de eventos e adicione-o ao seu site Wix rapidamente. Oferecemos suporte gratuito ao cliente e outros b\u00f4nus.\" \/>\n<meta name=\"robots\" content=\"index, follow, max-snippet:-1, max-image-preview:large, max-video-preview:-1\" \/>\n<link rel=\"canonical\" href=\"https:\/\/elfsight.com\/pt\/event-calendar-widget\/wix\/\" \/>\n<meta property=\"og:locale\" content=\"pt_PT\" \/>\n<meta property=\"og:type\" content=\"article\" \/>\n<meta property=\"og:title\" content=\"Widget de calend\u00e1rio de eventos Wix - Adicionar calend\u00e1rio de eventos ao site Wix [ 2025 ]\" \/>\n<meta property=\"og:description\" content=\"Com a Elfsight, crie seu plugin de calend\u00e1rio de eventos e adicione-o ao seu site Wix rapidamente. Oferecemos suporte gratuito ao cliente e outros b\u00f4nus.\" \/>\n<meta property=\"og:url\" content=\"https:\/\/elfsight.com\/pt\/event-calendar-widget\/wix\/\" \/>\n<meta property=\"og:site_name\" content=\"Elfsight PT\" \/>\n<meta property=\"article:modified_time\" content=\"2025-12-18T17:26:31+00:00\" \/>\n<meta name=\"twitter:card\" content=\"summary_large_image\" \/>\n<meta name=\"twitter:label1\" content=\"Tempo estimado de leitura\" \/>\n\t<meta name=\"twitter:data1\" content=\"4 minutos\" \/>\n<!-- \/ Yoast SEO plugin. -->","yoast_head_json":{"title":"Widget de calend\u00e1rio de eventos Wix - Adicionar calend\u00e1rio de eventos ao site Wix [ 2025 ]","description":"Com a Elfsight, crie seu plugin de calend\u00e1rio de eventos e adicione-o ao seu site Wix rapidamente. Oferecemos suporte gratuito ao cliente e outros b\u00f4nus.","robots":{"index":"index","follow":"follow","max-snippet":"max-snippet:-1","max-image-preview":"max-image-preview:large","max-video-preview":"max-video-preview:-1"},"canonical":"https:\/\/elfsight.com\/pt\/event-calendar-widget\/wix\/","og_locale":"pt_PT","og_type":"article","og_title":"Widget de calend\u00e1rio de eventos Wix - Adicionar calend\u00e1rio de eventos ao site Wix [ 2025 ]","og_description":"Com a Elfsight, crie seu plugin de calend\u00e1rio de eventos e adicione-o ao seu site Wix rapidamente. Oferecemos suporte gratuito ao cliente e outros b\u00f4nus.","og_url":"https:\/\/elfsight.com\/pt\/event-calendar-widget\/wix\/","og_site_name":"Elfsight PT","article_modified_time":"2025-12-18T17:26:31+00:00","twitter_card":"summary_large_image","twitter_misc":{"Tempo estimado de leitura":"4 minutos"},"schema":{"@context":"https:\/\/schema.org","@graph":[{"@type":"WebPage","@id":"https:\/\/elfsight.com\/pt\/event-calendar-widget\/wix\/","url":"https:\/\/elfsight.com\/pt\/event-calendar-widget\/wix\/","name":"Widget de calend\u00e1rio de eventos Wix - Adicionar calend\u00e1rio de eventos ao site Wix [ 2025 ]","isPartOf":{"@id":"https:\/\/elfsight.com\/pt\/#website"},"datePublished":"2024-05-03T06:34:57+00:00","dateModified":"2025-12-18T17:26:31+00:00","description":"Com a Elfsight, crie seu plugin de calend\u00e1rio de eventos e adicione-o ao seu site Wix rapidamente. Oferecemos suporte gratuito ao cliente e outros b\u00f4nus.","breadcrumb":{"@id":"https:\/\/elfsight.com\/pt\/event-calendar-widget\/wix\/#breadcrumb"},"inLanguage":"pt-PT","potentialAction":[{"@type":"ReadAction","target":["https:\/\/elfsight.com\/pt\/event-calendar-widget\/wix\/"]}]},{"@type":"BreadcrumbList","@id":"https:\/\/elfsight.com\/pt\/event-calendar-widget\/wix\/#breadcrumb","itemListElement":[{"@type":"ListItem","position":1,"name":"Home","item":"https:\/\/elfsight.com\/pt\/"},{"@type":"ListItem","position":2,"name":"Event Calendar","item":"https:\/\/elfsight.com\/pt\/event-calendar-widget\/"},{"@type":"ListItem","position":3,"name":"Event Calendar &#8211; Wix"}]},{"@type":"WebSite","@id":"https:\/\/elfsight.com\/pt\/#website","url":"https:\/\/elfsight.com\/pt\/","name":"Elfsight PT","description":"Just another Elfsight Sites site","potentialAction":[{"@type":"SearchAction","target":{"@type":"EntryPoint","urlTemplate":"https:\/\/elfsight.com\/pt\/?s={search_term_string}"},"query-input":{"@type":"PropertyValueSpecification","valueRequired":true,"valueName":"search_term_string"}}],"inLanguage":"pt-PT"}]}},"meta_box":{"industry":"","seo_heading":"","heading":"","description":"","cta_heading":"","cta_description":"","application":"770","h1":"Aplicativo Calend\u00e1rio de Eventos Wix","h1_caption":"Torne os seus eventos f\u00e1ceis de encontrar com a ajuda do Elfsight Calendar","application_category":[],"applications_title":"","applications_request_title":"","applications_request_button_text":"","hero_text":"","hero_video":"","hero_video_schema_markup":"","selling_points_title":"","selling_points_caption":"","selling_points":[],"selling_points_cta_text":"","features_title":"","features":"","ed_cta_examples_text":"","ed_cta_examples_hidden":"","ed_cta_demo_text":"","ed_cta_demo_hidden":"","why_caption":"","why_editor_title":"","why_editor_text":"","why_team_title":"","why_team_text":"","why_service_title":"","why_service_text":"","template_catalog_visible":"0","template_catalog_title":"","template_catalog_text":"","template_catalog_categories_visible":"","demo_title":"Crie seu aplicativo de calend\u00e1rio de eventos","demo_caption":"Configure seu Calend\u00e1rio de Eventos e adicione-o ao seu site Wix gratuitamente!","default_faq_hidden":"","app_template_category":[],"platform":"37","template_public_id":"","codecanyon_url":"","codecanyon_item_id":"","codecanyon_price":"","pricing_caption":"","pricing_elfsight_apps_hide_column":"","pricing_elfsight_apps_url":"","pricing_codecanyon_price_caption":"","integration_category":[],"integration_request_title":"","integration_request_cta":"","integration_platform":"","integrations":[],"platform_category":[],"video_schema_markup":"","price":"a partir de US$ 0\/m\u00eas","trial":"","benefits":[{"text":"Ajuda de instala\u00e7\u00e3o gratuita"},{"text":"Atendimento ao cliente competente"},{"text":"Garantia de reembolso de 14 dias"},{"text":"Futuras melhorias gratuitas"}],"button_url":"#demo","button_target_blank":"0","button_nofollow":"0","attributes":[{"name":"Instala\u00e7\u00f5es","content":"100,000 - 500,000","_state":"expanded"},{"name":"Responsivo","content":"Sim","_state":"expanded"},{"name":"Navegadores compat\u00edveis","content":"Firefox, Opera, Chrome, Safari, Edge"}],"tags":[],"tags_disable_links":"0","hide_more_platforms":"0","video_object":"","demo_hide_cta":"0","demo_hide_cloud_options":"0","pricing_title":"","pricing":[{"pricing_icon":"platform","pricing_title":"Elfsight Apps","pricing_title_caption":"Solu\u00e7\u00e3o digital multiplataforma que funciona em qualquer site","pricing_price":"a partir de US$ 0\/m\u00eas","pricing_price_caption":"comece com plano gratuito","pricing_benefits":[{"text":"N\u00famero ilimitado de dom\u00ednios"},{"text":"Suporte profissional"},{"text":"Suporte profissional"},{"text":"100% personaliz\u00e1vel"}],"pricing_button_text":"Adicionar ao site","pricing_button_url":"#demo","_state":"expanded"}],"related_apps_title":"","related_apps_hidden":"1","author":"","image":[],"title":"","job":"","social_networks":[]},"_links":{"self":[{"href":"https:\/\/elfsight.com\/pt\/wp-json\/wp\/v2\/pages\/3961","targetHints":{"allow":["GET"]}}],"collection":[{"href":"https:\/\/elfsight.com\/pt\/wp-json\/wp\/v2\/pages"}],"about":[{"href":"https:\/\/elfsight.com\/pt\/wp-json\/wp\/v2\/types\/page"}],"author":[{"embeddable":true,"href":"https:\/\/elfsight.com\/pt\/wp-json\/wp\/v2\/users\/9"}],"replies":[{"embeddable":true,"href":"https:\/\/elfsight.com\/pt\/wp-json\/wp\/v2\/comments?post=3961"}],"version-history":[{"count":3,"href":"https:\/\/elfsight.com\/pt\/wp-json\/wp\/v2\/pages\/3961\/revisions"}],"predecessor-version":[{"id":15191,"href":"https:\/\/elfsight.com\/pt\/wp-json\/wp\/v2\/pages\/3961\/revisions\/15191"}],"up":[{"embeddable":true,"href":"https:\/\/elfsight.com\/pt\/wp-json\/wp\/v2\/pages\/771"}],"wp:attachment":[{"href":"https:\/\/elfsight.com\/pt\/wp-json\/wp\/v2\/media?parent=3961"}],"curies":[{"name":"wp","href":"https:\/\/api.w.org\/{rel}","templated":true}]}}