{"id":3959,"date":"2024-05-03T06:35:53","date_gmt":"2024-05-03T06:35:53","guid":{"rendered":"https:\/\/elfsight.com\/pt\/?page_id=3959"},"modified":"2025-12-08T16:37:20","modified_gmt":"2025-12-08T16:37:20","slug":"wix","status":"publish","type":"page","link":"https:\/\/elfsight.com\/pt\/facebook-feed-widget\/wix\/","title":{"rendered":"Facebook Feed &#8211; Wix"},"content":{"rendered":"\n<div class=\"application-platform-content-item-description application-platform-content-item\" id=\"description\" data-nav-section=\"description\"><h2>Descri\u00e7\u00e3o<\/h2><p>Mostre sua p\u00e1gina do Facebook em nosso aplicativo avan\u00e7ado \u2013 Facebook Feed. P\u00e1ginas, v\u00eddeos, fotos \u2013 voc\u00ea pode ter certeza que seus visitantes nunca perder\u00e3o uma \u00fanica postagem. A apar\u00eancia atraente com elementos reais do Facebook n\u00e3o pode passar despercebida e contribuir\u00e1 n\u00e3o apenas para manter os leitores atuais no site, mas tamb\u00e9m para atrair novos assinantes do Facebook.<\/p><p><b>Aumente o envolvimento do seu cliente para um n\u00edvel completamente novo n\u00edvel com a ajuda do aplicativo Wix para Facebook.<\/b><\/p><ul><li><b>Crie uma imagem forte da sua marca entre os usu\u00e1rios<\/b>.<br>Uma empresa que administra contas ativas nas redes sociais tem 78% mais confian\u00e7a entre os leitores. Use sua p\u00e1gina do Facebook no site para garantir aos usu\u00e1rios que seu neg\u00f3cio \u00e9 real e seguro.<\/li><li><b>Aumente o n\u00famero de assinantes do Facebook em sua p\u00e1gina<\/b>.<br> Transforme visitantes do site em assinantes do Facebook. Crie um aplicativo eficaz com seu perfil e demonstre-o no site, para que todos os usu\u00e1rios tenham a chance de se inscrever em sua p\u00e1gina.<\/li><li><b>1 widget do Facebook em vez de 3<\/b>.<br>Todo o conte\u00fado do Facebook em um pr\u00e1tico widget: exiba publica\u00e7\u00f5es com coment\u00e1rios, compartilhamentos ou todas as rea\u00e7\u00f5es dispon\u00edveis; gere galerias de imagens e v\u00eddeos no site a partir do conte\u00fado dos seus \u00e1lbuns do Facebook.<\/li><\/ul><div class=\"faq\" data-component=\"FAQ\"> <div class=\"faq-item\">\r\n\t\t\t\t\t<div class=\"faq-item-question\">\r\n\t\t\t\t\t\t<h3 class=\"faq-item-question-text\">Existe alguma outra ferramenta para Wix que eu possa incorporar no meu site? <\/h3>\r\n\r\n\t\t\t\t\t\t<div class=\"faq-item-question-icon\"><\/div>\r\n\t\t\t\t\t<\/div>\r\n\r\n\t\t\t\t\t<div class=\"faq-item-answer\">\r\n\t\t\t\t\t\t<div class=\"faq-item-answer-text\"> <p>Voc\u00ea pode testar v\u00e1rios widgets para qualquer finalidade em seu site, independentemente da sua esfera de neg\u00f3cios. Confira alguns dos aplicativos mais interessantes: <a href=\"https:\/\/elfsight.com\/pdf-embed-widget\/wix\/\">PDF Embed<\/a>, <a href=\"https:\/\/elfsight.com\/instagram-feed-instashow\/wix\/\">Feed do Instagram<\/a>, <a href=\"https:\/\/elfsight.com\/google-reviews-widget\/wix\/\">Google Reviews<\/a>, <a href=\"https:\/\/elfsight.com\/whatsapp-chat-widget\/wix\/\">Bate-papo do WhatsApp<\/a>, <a href=\"https:\/\/elfsight.com\/popup-widget\/wix\/\">Pop-up <\/a>.<\/p> <\/div>\r\n\t\t\t\t\t<\/div>\r\n\t\t\t\t<\/div> <div class=\"faq-item\">\r\n\t\t\t\t\t<div class=\"faq-item-question\">\r\n\t\t\t\t\t\t<h3 class=\"faq-item-question-text\">Como adiciono o widget Facebook Feed ao meu site? <\/h3>\r\n\r\n\t\t\t\t\t\t<div class=\"faq-item-question-icon\"><\/div>\r\n\t\t\t\t\t<\/div>\r\n\r\n\t\t\t\t\t<div class=\"faq-item-answer\">\r\n\t\t\t\t\t\t<div class=\"faq-item-answer-text\"> <p>Voc\u00ea pode incorporar o widget Facebook Feed em seu site com facilidade para demonstrar suas imagens e postagens mais interessantes. Basta acessar o painel de administra\u00e7\u00e3o e seguir estas etapas: <\/p><ol><li>Selecionar as configura\u00e7\u00f5es do tema. <\/li><li>Encontre a parte onde voc\u00ea implementar\u00e1 o feed do Facebook. <\/li><li>Incorpore o seu c\u00f3digo das aplica\u00e7\u00f5es Elfsight e guarde as altera\u00e7\u00f5es. <\/li><li>Conclu\u00eddo. <\/li><\/ol><p><a href=\"https:\/\/elfsight.com\/tutorials\/how-to-add-facebook-feed-to-any-website\/#wix-facebook-feed\"> Aqui<\/a> voc\u00ea encontrar\u00e1 mais detalhes sobre o funcionamento do widget.<\/p><\/div>\r\n\t\t\t\t\t<\/div>\r\n\t\t\t\t<\/div> <div class=\"faq-item\">\r\n\t\t\t\t\t<div class=\"faq-item-question\">\r\n\t\t\t\t\t\t<h3 class=\"faq-item-question-text\">Existe uma maneira de ver seu widget Wix Facebook Feed quando em uso? <\/h3>\r\n\r\n\t\t\t\t\t\t<div class=\"faq-item-question-icon\"><\/div>\r\n\t\t\t\t\t<\/div>\r\n\r\n\t\t\t\t\t<div class=\"faq-item-answer\">\r\n\t\t\t\t\t\t<div class=\"faq-item-answer-text\"> <p>Voc\u00ea podemos observar facilmente todas as caracter\u00edsticas funcionais do widget em nossa <a href=\"https:\/\/elfsight.com\/facebook-feed-widget\/#demo\">demonstra\u00e7\u00e3o<\/a> ativa. Lembre-se de que voc\u00ea tamb\u00e9m pode us\u00e1-lo para adicionar o widget de feed do Facebook ao seu site!<\/p> <\/div>\r\n\t\t\t\t\t<\/div>\r\n\t\t\t\t<\/div> <\/div><\/div><div class=\"application-platform-content-item-features application-platform-content-item\" id=\"features\" data-nav-section=\"features\"><h2>Recursos<\/h2><p>Principais vantagens, que transformam nosso feed do Facebook em um aplicativo valioso para um site Wix.<\/p><ul><li>3 tipos de conte\u00fado do Facebook exib\u00edveis: postagens, v\u00eddeos e fotos com \u00e1lbuns;<\/li><li>Mostrar fotos, \u00e1lbuns ou ambos;<\/li><li>Largura e altura ajust\u00e1veis;<\/li><li>Mostrar ou ocultar menu;<\/li><li>Tempo de cache ajust\u00e1vel.<\/li> <\/ul><p><a href=\"#demo\">Teste todos os recursos na demonstra\u00e7\u00e3o ao vivo<\/a><\/p><\/div><div class=\"application-platform-content-item-installation application-platform-content-item\" id=\"installation\" data-nav-section=\"installation\"><h2>Como adicionar o Facebook aplicativo para o site Wix<\/h2><div class=\"video-container\">\n<iframe width=\"720\" height=\"405\" src=\"https:\/\/www.youtube.com\/embed\/KsF2KvlSQfE?si=8dNmlWyGobzNRQbT\" frameborder=\"0\" allowfullscreen=\"\"><\/iframe>\n<\/div><p>Siga nosso manual, para finalizar adicionando. O cumprimento n\u00e3o levar\u00e1 mais de um minuto e n\u00e3o requer habilidades de programa\u00e7\u00e3o.<\/p><ol><li><b>Adquira o widget no mercado Wix<\/b>.<br><a href=\"https:\/\/www.wix.com\/app-market\/facebook-feed-1\/overview\" target=\"_blank\" rel=\"noopener noreferrer\">Abra a p\u00e1gina<\/a> com o aplicativo Facebook Feed e pressione \u00abAdicionar a Bot\u00e3o Site\u00bb.<\/li><li><b>Insira o widget no site<\/b>.<br>Na janela pop-up, v\u00e1 em \u00abAbrir Editor\u00bb e coloque o widget em qualquer p\u00e1gina.<\/li><li><b>Configure seu widget<\/b>.<br>Fa\u00e7a os ajustes necess\u00e1rios nos par\u00e2metros da interface e adicione dados para exibi\u00e7\u00e3o. Aplique todas as edi\u00e7\u00f5es.<\/li><li><b>Voc\u00ea concluiu a instala\u00e7\u00e3o com sucesso<\/b>.<br>Visite o site Wix para ver seu widget do Facebook<\/li><\/ol><p>Voc\u00ea precisa de ajuda mais completa? Estude um <a href=\"https:\/\/elfsight.com\/tutorials\/how-to-add-facebook-feed-to-wix\/\" target=\"_blank\" rel=\"noopener noreferrer\">tutorial extenso<\/a> ou entre em contato com o suporte ao cliente da Elfsight e teremos prazer em encontrar uma solu\u00e7\u00e3o.<\/p><\/div>\n","protected":false},"excerpt":{"rendered":"","protected":false},"author":9,"featured_media":0,"parent":386,"menu_order":0,"comment_status":"closed","ping_status":"closed","template":"templates\/template-application-platform.php","meta":{"publish_to_discourse":"","publish_post_category":"","wpdc_auto_publish_overridden":"","wpdc_topic_tags":"","wpdc_pin_topic":"","wpdc_pin_until":"","discourse_post_id":"","discourse_permalink":"","wpdc_publishing_response":"","wpdc_publishing_error":"","footnotes":""},"class_list":["post-3959","page","type-page","status-publish","hentry"],"yoast_head":"<!-- This site is optimized with the Yoast SEO plugin v25.3.1 - https:\/\/yoast.com\/wordpress\/plugins\/seo\/ -->\n<title>Feed do Facebook - Adicione o aplicativo do Facebook ao site Wix<\/title>\n<meta name=\"description\" content=\"Integre um aplicativo Facebook Feed responsivo ao seu site Wix. Experimente a demonstra\u00e7\u00e3o interativa da Elfsight e configure um widget personalizado em apenas 1 minuto.\" \/>\n<meta name=\"robots\" content=\"index, follow, max-snippet:-1, max-image-preview:large, max-video-preview:-1\" \/>\n<link rel=\"canonical\" href=\"https:\/\/elfsight.com\/pt\/facebook-feed-widget\/wix\/\" \/>\n<meta property=\"og:locale\" content=\"pt_PT\" \/>\n<meta property=\"og:type\" content=\"article\" \/>\n<meta property=\"og:title\" content=\"Feed do Facebook - Adicione o aplicativo do Facebook ao site Wix\" \/>\n<meta property=\"og:description\" content=\"Integre um aplicativo Facebook Feed responsivo ao seu site Wix. Experimente a demonstra\u00e7\u00e3o interativa da Elfsight e configure um widget personalizado em apenas 1 minuto.\" \/>\n<meta property=\"og:url\" content=\"https:\/\/elfsight.com\/pt\/facebook-feed-widget\/wix\/\" \/>\n<meta property=\"og:site_name\" content=\"Elfsight PT\" \/>\n<meta property=\"article:modified_time\" content=\"2025-12-08T16:37:20+00:00\" \/>\n<meta name=\"twitter:card\" content=\"summary_large_image\" \/>\n<meta name=\"twitter:label1\" content=\"Tempo estimado de leitura\" \/>\n\t<meta name=\"twitter:data1\" content=\"4 minutos\" \/>\n<!-- \/ Yoast SEO plugin. -->","yoast_head_json":{"title":"Feed do Facebook - Adicione o aplicativo do Facebook ao site Wix","description":"Integre um aplicativo Facebook Feed responsivo ao seu site Wix. Experimente a demonstra\u00e7\u00e3o interativa da Elfsight e configure um widget personalizado em apenas 1 minuto.","robots":{"index":"index","follow":"follow","max-snippet":"max-snippet:-1","max-image-preview":"max-image-preview:large","max-video-preview":"max-video-preview:-1"},"canonical":"https:\/\/elfsight.com\/pt\/facebook-feed-widget\/wix\/","og_locale":"pt_PT","og_type":"article","og_title":"Feed do Facebook - Adicione o aplicativo do Facebook ao site Wix","og_description":"Integre um aplicativo Facebook Feed responsivo ao seu site Wix. Experimente a demonstra\u00e7\u00e3o interativa da Elfsight e configure um widget personalizado em apenas 1 minuto.","og_url":"https:\/\/elfsight.com\/pt\/facebook-feed-widget\/wix\/","og_site_name":"Elfsight PT","article_modified_time":"2025-12-08T16:37:20+00:00","twitter_card":"summary_large_image","twitter_misc":{"Tempo estimado de leitura":"4 minutos"},"schema":{"@context":"https:\/\/schema.org","@graph":[{"@type":"WebPage","@id":"https:\/\/elfsight.com\/pt\/facebook-feed-widget\/wix\/","url":"https:\/\/elfsight.com\/pt\/facebook-feed-widget\/wix\/","name":"Feed do Facebook - Adicione o aplicativo do Facebook ao site Wix","isPartOf":{"@id":"https:\/\/elfsight.com\/pt\/#website"},"datePublished":"2024-05-03T06:35:53+00:00","dateModified":"2025-12-08T16:37:20+00:00","description":"Integre um aplicativo Facebook Feed responsivo ao seu site Wix. Experimente a demonstra\u00e7\u00e3o interativa da Elfsight e configure um widget personalizado em apenas 1 minuto.","breadcrumb":{"@id":"https:\/\/elfsight.com\/pt\/facebook-feed-widget\/wix\/#breadcrumb"},"inLanguage":"pt-PT","potentialAction":[{"@type":"ReadAction","target":["https:\/\/elfsight.com\/pt\/facebook-feed-widget\/wix\/"]}]},{"@type":"BreadcrumbList","@id":"https:\/\/elfsight.com\/pt\/facebook-feed-widget\/wix\/#breadcrumb","itemListElement":[{"@type":"ListItem","position":1,"name":"Home","item":"https:\/\/elfsight.com\/pt\/"},{"@type":"ListItem","position":2,"name":"Facebook Feed","item":"https:\/\/elfsight.com\/pt\/facebook-feed-widget\/"},{"@type":"ListItem","position":3,"name":"Facebook Feed &#8211; Wix"}]},{"@type":"WebSite","@id":"https:\/\/elfsight.com\/pt\/#website","url":"https:\/\/elfsight.com\/pt\/","name":"Elfsight PT","description":"Just another Elfsight Sites site","potentialAction":[{"@type":"SearchAction","target":{"@type":"EntryPoint","urlTemplate":"https:\/\/elfsight.com\/pt\/?s={search_term_string}"},"query-input":{"@type":"PropertyValueSpecification","valueRequired":true,"valueName":"search_term_string"}}],"inLanguage":"pt-PT"}]}},"meta_box":{"industry":"","seo_heading":"","heading":"","description":"","cta_heading":"","cta_description":"","application":"385","h1":"Aplicativo de feed do Facebook para Wix","h1_caption":"Mostre postagens, imagens e v\u00eddeos do Facebook para envolver os visitantes do seu site","application_category":[],"applications_title":"","applications_request_title":"","applications_request_button_text":"","hero_text":"","hero_video":"","hero_video_schema_markup":"","selling_points_title":"","selling_points_caption":"","selling_points":[],"selling_points_cta_text":"","features_title":"","features":"","ed_cta_examples_text":"","ed_cta_examples_hidden":"","ed_cta_demo_text":"","ed_cta_demo_hidden":"","why_caption":"","why_editor_title":"","why_editor_text":"","why_team_title":"","why_team_text":"","why_service_title":"","why_service_text":"","template_catalog_visible":"0","template_catalog_title":"","template_catalog_text":"","template_catalog_categories_visible":"","demo_title":"Crie seu aplicativo de feed do Facebook","demo_caption":"Configure seu feed do Facebook e adicione-o ao seu site Wix gratuitamente!","default_faq_hidden":"","app_template_category":[],"platform":"37","template_public_id":"","codecanyon_url":"","codecanyon_item_id":"","codecanyon_price":"","pricing_caption":"","pricing_elfsight_apps_hide_column":"","pricing_elfsight_apps_url":"","pricing_codecanyon_price_caption":"","integration_category":[],"integration_request_title":"","integration_request_cta":"","integration_platform":"","integrations":[],"platform_category":[],"video_schema_markup":"","price":"a partir de US$ 0\/m\u00eas","trial":"","benefits":[{"text":"Ajuda de instala\u00e7\u00e3o gratuita"},{"text":"Atendimento ao cliente competente"},{"text":"Garantia de reembolso de 14 dias"},{"text":"Atualiza\u00e7\u00f5es cont\u00ednuas"}],"button_url":"#demo","button_target_blank":"0","button_nofollow":"0","attributes":[{"name":"Instala\u00e7\u00f5es","content":"100,000 - 500,000","_state":"expanded"},{"name":"Responsivo","content":"Sim","_state":"expanded"},{"name":"Navegadores compat\u00edveis","content":"Opera, Firefox, Edge, Safari, Chrome"}],"tags":[],"tags_disable_links":"0","hide_more_platforms":"0","video_object":"","demo_hide_cta":"0","demo_hide_cloud_options":"0","pricing_title":"","pricing":[{"pricing_icon":"cloud","pricing_title":"Elfsight Apps","pricing_title_caption":"Solu\u00e7\u00e3o digital multiplataforma","pricing_price":"a partir de US$ 0\/m\u00eas","pricing_price_caption":"Comece com um plano gratuito","pricing_benefits":[{"text":"N\u00famero ilimitado de sites"},{"text":"Suporte dedicado ao cliente"},{"text":"Suporte dedicado ao cliente"},{"text":"Pre\u00e7o especial para v\u00e1rios aplicativos"}],"pricing_button_text":"Adicionar ao site","pricing_button_url":"#demo","_state":"expanded"}],"related_apps_title":"","related_apps_hidden":"1","author":"","image":[],"title":"","job":"","social_networks":[]},"_links":{"self":[{"href":"https:\/\/elfsight.com\/pt\/wp-json\/wp\/v2\/pages\/3959","targetHints":{"allow":["GET"]}}],"collection":[{"href":"https:\/\/elfsight.com\/pt\/wp-json\/wp\/v2\/pages"}],"about":[{"href":"https:\/\/elfsight.com\/pt\/wp-json\/wp\/v2\/types\/page"}],"author":[{"embeddable":true,"href":"https:\/\/elfsight.com\/pt\/wp-json\/wp\/v2\/users\/9"}],"replies":[{"embeddable":true,"href":"https:\/\/elfsight.com\/pt\/wp-json\/wp\/v2\/comments?post=3959"}],"version-history":[{"count":4,"href":"https:\/\/elfsight.com\/pt\/wp-json\/wp\/v2\/pages\/3959\/revisions"}],"predecessor-version":[{"id":15186,"href":"https:\/\/elfsight.com\/pt\/wp-json\/wp\/v2\/pages\/3959\/revisions\/15186"}],"up":[{"embeddable":true,"href":"https:\/\/elfsight.com\/pt\/wp-json\/wp\/v2\/pages\/386"}],"wp:attachment":[{"href":"https:\/\/elfsight.com\/pt\/wp-json\/wp\/v2\/media?parent=3959"}],"curies":[{"name":"wp","href":"https:\/\/api.w.org\/{rel}","templated":true}]}}