{"id":3953,"date":"2024-05-03T06:34:58","date_gmt":"2024-05-03T06:34:58","guid":{"rendered":"https:\/\/elfsight.com\/pt\/?page_id=3953"},"modified":"2024-11-13T11:43:43","modified_gmt":"2024-11-13T11:43:43","slug":"weebly","status":"publish","type":"page","link":"https:\/\/elfsight.com\/pt\/event-calendar-widget\/weebly\/","title":{"rendered":"Event Calendar &#8211; Weebly"},"content":{"rendered":"<div class=\"application-platform-content-item-description application-platform-content-item\" id=\"description\" data-nav-section=\"description\"> <h2>Incorpore o calend\u00e1rio de eventos com o widget Elfsight<\/h2> <p>O Elfsight Calendar \u00e9 um widget impressionante que lhe permite partilhar facilmente os seus eventos com o seu p\u00fablico. Ele cont\u00e9m muitas oportunidades para demonstrar as atividades futuras da maneira mais imponente. Personalize-o para combinar o design com a est\u00e9tica do seu site. Crie um n\u00famero ilimitado de eventos, adicione tags diferentes, carregue suas imagens e v\u00eddeos personalizados e mantenha os visitantes informados sobre sua programa\u00e7\u00e3o.<\/p><p>Um widget de calend\u00e1rio interativo para o Weebly gera conscientiza\u00e7\u00e3o sobre as atividades de sua empresa. Al\u00e9m disso, aumenta a popularidade da sua marca \u00e0 medida que voc\u00ea forma mais eventos. Voc\u00ea pode demonstrar seu widget de evento em todas as p\u00e1ginas do seu site Weebly ou apenas nas p\u00e1ginas escolhidas. O calend\u00e1rio de eventos em seu site tamb\u00e9m permite que voc\u00ea adicione novo conte\u00fado ao seu site, o que \u00e9 sempre bom para os mecanismos de pesquisa. Eles est\u00e3o sempre avaliando o seu site e, ao localizar conte\u00fado novo, classificam-no como significativamente mais relevante e podem aumentar as chances de descobrir o seu site quando seus clientes em potencial pesquisam online. Al\u00e9m dos eventos, a integra\u00e7\u00e3o de um aplicativo de calend\u00e1rio de eventos ao seu site Weebly pode agregar valor ao seu site aos olhos dos seus clientes. Voc\u00ea \u00e9 livre para utilizar o calend\u00e1rio de eventos para gerar mais intera\u00e7\u00e3o entre seus clientes. Assim como uma postagem de blog, um calend\u00e1rio de eventos pode ajud\u00e1-lo a se comunicar com seu p\u00fablico, motivando-o a se inscrever em alguns eventos e at\u00e9 mesmo oferecendo outros eventos que desejam visitar. Adicione um recurso de calend\u00e1rio para mostrar facilmente eventos em seu site do Weebly.<\/p><p><b>O Calend\u00e1rio de Eventos pode ajud\u00e1-lo a mostrar facilmente seus eventos futuros e aumentar o n\u00edvel de engajamento em seu site.<\/b><\/p> <\/div><div class=\"application-platform-content-item-features application-platform-content-item\" id=\"features\" data-nav-section=\"features\"> <h2>Principais recursos do aplicativo Event Calendar<\/h2> <p>Veja todos os recursos do Weebly Event Calendar. Voc\u00ea pode gerenci\u00e1-los diretamente no editor e eles o ajudar\u00e3o a construir o widget adequado ao seu caso.<\/p> <ul> <li>Use oportunidades de conte\u00fado vi\u00e1veis \u200b\u200bpara compreender o widget para o seu tipo de evento. <\/li> <li>Ajude os usu\u00e1rios a adicionar eventos aos calend\u00e1rios mais usados. <\/li> <li>Forme v\u00e1rios tipos de eventos, marque locais e adicione anfitri\u00f5es. <\/li> <li>Categorize todas as suas atividades e atribua tags a elas. <\/li> <li>Escolha entre quatro variantes de layout. <\/li> <\/ul> <p><a href=\"#demo\">Experimente todas as outras fun\u00e7\u00f5es da demonstra\u00e7\u00e3o<\/a><\/p> <\/div><div class=\"application-platform-content-item-installation application-platform-content-item\" id=\"installation\" data-nav-section=\"installation\"> <h2> Como incorporo o Calend\u00e1rio de Eventos no meu site do Weebly? <\/h2><div class=\"video-container\"><iframe width=\"720\" height=\"405\" src=\"https:\/\/www.youtube.com\/embed\/ErfuYGxteNc\" frameborder=\"0\" allowfullscreen=\"\"><\/iframe><\/div><p>Para introduzir o widget, basta seguir as instru\u00e7\u00f5es abaixo. <\/p> <ol><li><b>Gerencie nossa demonstra\u00e7\u00e3o gratuita e comece a criar seu aplicativo personalizado. <\/b><br> Escolha o design e os par\u00e2metros desejados do aplicativo e aplique todas as modifica\u00e7\u00f5es. <\/li> <li><b>Receba o seu c\u00f3digo individual que aparece na janela das aplica\u00e7\u00f5es Elfsight. <\/b><br> Assim que a configura\u00e7\u00e3o do seu aplicativo pessoal for conclu\u00edda, copie o c\u00f3digo individual na caixa que aparece e salve-o para uso posterior. <\/li> <li><b>Comece a usar o aplicativo no seu site do Weebly. <\/b><br> Cole o c\u00f3digo que voc\u00ea salvou recentemente em sua p\u00e1gina da web e salve os ajustes. <\/li> <li><b>A configura\u00e7\u00e3o foi realizada com sucesso. <\/b><br> Acesse seu site para ver o funcionamento do aplicativo. <\/li><\/ol><p>N\u00e3o hesite em entrar em contato com nosso suporte ao cliente caso precise de ajuda ou tenha d\u00favidas. Nossos especialistas ajudar\u00e3o em todas as d\u00favidas. <\/p> <\/div><div class=\"faq\" data-component=\"FAQ\"><div class=\"faq-item\">\r\n\t\t\t\t\t<div class=\"faq-item-question\">\r\n\t\t\t\t\t\t<h3 class=\"faq-item-question-text\">Existe um m\u00e9todo para incorporar o Calend\u00e1rio de Eventos ao meu site do Weebly sem codifica\u00e7\u00e3o?<\/h3>\r\n\r\n\t\t\t\t\t\t<div class=\"faq-item-question-icon\"><\/div>\r\n\t\t\t\t\t<\/div>\r\n\r\n\t\t\t\t\t<div class=\"faq-item-answer\">\r\n\t\t\t\t\t\t<div class=\"faq-item-answer-text\"><p>A empresa Elfsight fornece um solu\u00e7\u00e3o que permite que as pessoas criem voc\u00ea mesmo um widget de Calend\u00e1rio de Eventos, saiba como o processo \u00e9 descomplicado: <\/p><ul><li>Trabalhe diretamente no Editor on-line para criar um plug-in de Calend\u00e1rio de Eventos que voc\u00ea gostaria de ver em sua p\u00e1gina do Weebly .<\/li><li>Escolha um dos modelos predefinidos e modifique as configura\u00e7\u00f5es do Calend\u00e1rio de Eventos, inclua seu conte\u00fado, altere o layout e a cor dos elementos sem nenhum conhecimento de codifica\u00e7\u00e3o.<\/li><li>Salve o Calend\u00e1rio de Eventos e obtenha o c\u00f3digo de instala\u00e7\u00e3o, que pode ser incorporado no site do Weebly sem adquirir um plano pago. <\/li><\/ul><p>Com nosso editor intuitivo, qualquer usu\u00e1rio da web pode criar um widget de calend\u00e1rio de eventos on-line e adicion\u00e1-lo ao site do Weebly. N\u00e3o h\u00e1 necessidade de obter uma assinatura paga ou inserir as credenciais do seu cart\u00e3o para acessar o servi\u00e7o Elfsight. Se voc\u00ea encontrar algum problema em qualquer etapa, sinta-se \u00e0 vontade para entrar em contato com nossa equipe de suporte t\u00e9cnico.<\/p><\/div>\r\n\t\t\t\t\t<\/div>\r\n\t\t\t\t<\/div><\/div>","protected":false},"excerpt":{"rendered":"","protected":false},"author":9,"featured_media":0,"parent":771,"menu_order":0,"comment_status":"closed","ping_status":"closed","template":"templates\/template-application-platform.php","meta":{"publish_to_discourse":"","publish_post_category":"","wpdc_auto_publish_overridden":"","wpdc_topic_tags":"","wpdc_pin_topic":"","wpdc_pin_until":"","discourse_post_id":"","discourse_permalink":"","wpdc_publishing_response":"","wpdc_publishing_error":"","footnotes":""},"class_list":["post-3953","page","type-page","status-publish","hentry"],"yoast_head":"<!-- This site is optimized with the Yoast SEO plugin v25.3.1 - https:\/\/yoast.com\/wordpress\/plugins\/seo\/ -->\n<title>Melhor calend\u00e1rio de eventos \u2013 Adicionar widget de calend\u00e1rio ao site do Weebly [2025]<\/title>\n<meta name=\"description\" content=\"Com a Elfsight, crie seu plugin de calend\u00e1rio de eventos e adicione-o rapidamente ao seu site do Weebly. Oferecemos suporte gratuito ao cliente e outros b\u00f4nus.\" \/>\n<meta name=\"robots\" content=\"index, follow, max-snippet:-1, max-image-preview:large, max-video-preview:-1\" \/>\n<link rel=\"canonical\" href=\"https:\/\/elfsight.com\/pt\/event-calendar-widget\/weebly\/\" \/>\n<meta property=\"og:locale\" content=\"pt_PT\" \/>\n<meta property=\"og:type\" content=\"article\" \/>\n<meta property=\"og:title\" content=\"Melhor calend\u00e1rio de eventos \u2013 Adicionar widget de calend\u00e1rio ao site do Weebly [2025]\" \/>\n<meta property=\"og:description\" content=\"Com a Elfsight, crie seu plugin de calend\u00e1rio de eventos e adicione-o rapidamente ao seu site do Weebly. Oferecemos suporte gratuito ao cliente e outros b\u00f4nus.\" \/>\n<meta property=\"og:url\" content=\"https:\/\/elfsight.com\/pt\/event-calendar-widget\/weebly\/\" \/>\n<meta property=\"og:site_name\" content=\"Elfsight PT\" \/>\n<meta property=\"article:modified_time\" content=\"2024-11-13T11:43:43+00:00\" \/>\n<meta name=\"twitter:card\" content=\"summary_large_image\" \/>\n<meta name=\"twitter:label1\" content=\"Tempo estimado de leitura\" \/>\n\t<meta name=\"twitter:data1\" content=\"2 minutos\" \/>\n<!-- \/ Yoast SEO plugin. -->","yoast_head_json":{"title":"Melhor calend\u00e1rio de eventos \u2013 Adicionar widget de calend\u00e1rio ao site do Weebly [2025]","description":"Com a Elfsight, crie seu plugin de calend\u00e1rio de eventos e adicione-o rapidamente ao seu site do Weebly. Oferecemos suporte gratuito ao cliente e outros b\u00f4nus.","robots":{"index":"index","follow":"follow","max-snippet":"max-snippet:-1","max-image-preview":"max-image-preview:large","max-video-preview":"max-video-preview:-1"},"canonical":"https:\/\/elfsight.com\/pt\/event-calendar-widget\/weebly\/","og_locale":"pt_PT","og_type":"article","og_title":"Melhor calend\u00e1rio de eventos \u2013 Adicionar widget de calend\u00e1rio ao site do Weebly [2025]","og_description":"Com a Elfsight, crie seu plugin de calend\u00e1rio de eventos e adicione-o rapidamente ao seu site do Weebly. Oferecemos suporte gratuito ao cliente e outros b\u00f4nus.","og_url":"https:\/\/elfsight.com\/pt\/event-calendar-widget\/weebly\/","og_site_name":"Elfsight PT","article_modified_time":"2024-11-13T11:43:43+00:00","twitter_card":"summary_large_image","twitter_misc":{"Tempo estimado de leitura":"2 minutos"},"schema":{"@context":"https:\/\/schema.org","@graph":[{"@type":"WebPage","@id":"https:\/\/elfsight.com\/pt\/event-calendar-widget\/weebly\/","url":"https:\/\/elfsight.com\/pt\/event-calendar-widget\/weebly\/","name":"Melhor calend\u00e1rio de eventos \u2013 Adicionar widget de calend\u00e1rio ao site do Weebly [2025]","isPartOf":{"@id":"https:\/\/elfsight.com\/pt\/#website"},"datePublished":"2024-05-03T06:34:58+00:00","dateModified":"2024-11-13T11:43:43+00:00","description":"Com a Elfsight, crie seu plugin de calend\u00e1rio de eventos e adicione-o rapidamente ao seu site do Weebly. Oferecemos suporte gratuito ao cliente e outros b\u00f4nus.","breadcrumb":{"@id":"https:\/\/elfsight.com\/pt\/event-calendar-widget\/weebly\/#breadcrumb"},"inLanguage":"pt-PT","potentialAction":[{"@type":"ReadAction","target":["https:\/\/elfsight.com\/pt\/event-calendar-widget\/weebly\/"]}]},{"@type":"BreadcrumbList","@id":"https:\/\/elfsight.com\/pt\/event-calendar-widget\/weebly\/#breadcrumb","itemListElement":[{"@type":"ListItem","position":1,"name":"Home","item":"https:\/\/elfsight.com\/pt\/"},{"@type":"ListItem","position":2,"name":"Event Calendar","item":"https:\/\/elfsight.com\/pt\/event-calendar-widget\/"},{"@type":"ListItem","position":3,"name":"Event Calendar &#8211; Weebly"}]},{"@type":"WebSite","@id":"https:\/\/elfsight.com\/pt\/#website","url":"https:\/\/elfsight.com\/pt\/","name":"Elfsight PT","description":"Just another Elfsight Sites site","potentialAction":[{"@type":"SearchAction","target":{"@type":"EntryPoint","urlTemplate":"https:\/\/elfsight.com\/pt\/?s={search_term_string}"},"query-input":{"@type":"PropertyValueSpecification","valueRequired":true,"valueName":"search_term_string"}}],"inLanguage":"pt-PT"}]}},"meta_box":{"industry":"","seo_heading":"","heading":"","description":"","cta_heading":"","cta_description":"","application":"770","h1":"Aplicativo de calend\u00e1rio de eventos do Weebly","h1_caption":"Torne os seus eventos f\u00e1ceis de encontrar atrav\u00e9s do Calend\u00e1rio Elfsight","application_category":[],"applications_title":"","applications_request_title":"","applications_request_button_text":"","hero_text":"","hero_video":"","hero_video_schema_markup":"","selling_points_title":"","selling_points_caption":"","selling_points":[],"selling_points_cta_text":"","features_title":"","features":"","ed_cta_examples_text":"","ed_cta_examples_hidden":"","ed_cta_demo_text":"","ed_cta_demo_hidden":"","why_caption":"","why_editor_title":"","why_editor_text":"","why_team_title":"","why_team_text":"","why_service_title":"","why_service_text":"","template_catalog_visible":"","template_catalog_title":"","template_catalog_text":"","template_catalog_categories_visible":"","demo_title":"Crie seu aplicativo de calend\u00e1rio de eventos","demo_caption":"Configure seu calend\u00e1rio de eventos e adicione-o ao seu site do Weebly gratuitamente!","default_faq_hidden":"","app_template_category":[],"platform":"73","template_public_id":"","codecanyon_url":"","codecanyon_item_id":"","codecanyon_price":"","pricing_caption":"","pricing_elfsight_apps_hide_column":"","pricing_elfsight_apps_url":"","pricing_codecanyon_price_caption":"","integration_category":[],"integration_request_title":"","integration_request_cta":"","integration_platform":"","integrations":[],"platform_category":[],"video_schema_markup":"","price":"a partir de US$ 0\/m\u00eas","trial":"","benefits":[{"text":"Assist\u00eancia de instala\u00e7\u00e3o gratuita"},{"text":"Suporte ao cliente experiente"},{"text":"Garantia de devolu\u00e7\u00e3o do dinheiro em 14 dias"},{"text":"Melhorias regulares"}],"button_url":"#demo","button_target_blank":"0","button_nofollow":"0","attributes":[{"name":"Instala\u00e7\u00f5es","content":"100,000 - 500,000","_state":"expanded"},{"name":"Responsivo","content":"Sim","_state":"expanded"},{"name":"Navegadores compat\u00edveis","content":"Firefox, Safari, Opera, Chrome, Edge"}],"tags":[],"tags_disable_links":"0","hide_more_platforms":"","video_object":"","demo_hide_cta":"0","demo_hide_cloud_options":"0","pricing_title":"","pricing":[{"pricing_icon":"platform","pricing_title":"Elfsight Apps","pricing_title_caption":"Software multiplataforma que funciona em qualquer site","pricing_price":"a partir de US$ 0\/m\u00eas","pricing_price_caption":"comece com um plano gratuito","pricing_benefits":[{"text":"Sites ilimitados"},{"text":"Suporte 24 horas por dia, 7 dias por semana e bem documentado"},{"text":"Suporte 24 horas por dia, 7 dias por semana e bem documentado"},{"text":"Design flex\u00edvel"}],"pricing_button_text":"Adicionar ao site","pricing_button_url":"#demo","_state":"expanded"}],"related_apps_title":"","related_apps_hidden":"1","author":"","image":[],"title":"","job":"","social_networks":[]},"_links":{"self":[{"href":"https:\/\/elfsight.com\/pt\/wp-json\/wp\/v2\/pages\/3953","targetHints":{"allow":["GET"]}}],"collection":[{"href":"https:\/\/elfsight.com\/pt\/wp-json\/wp\/v2\/pages"}],"about":[{"href":"https:\/\/elfsight.com\/pt\/wp-json\/wp\/v2\/types\/page"}],"author":[{"embeddable":true,"href":"https:\/\/elfsight.com\/pt\/wp-json\/wp\/v2\/users\/9"}],"replies":[{"embeddable":true,"href":"https:\/\/elfsight.com\/pt\/wp-json\/wp\/v2\/comments?post=3953"}],"version-history":[{"count":2,"href":"https:\/\/elfsight.com\/pt\/wp-json\/wp\/v2\/pages\/3953\/revisions"}],"predecessor-version":[{"id":11766,"href":"https:\/\/elfsight.com\/pt\/wp-json\/wp\/v2\/pages\/3953\/revisions\/11766"}],"up":[{"embeddable":true,"href":"https:\/\/elfsight.com\/pt\/wp-json\/wp\/v2\/pages\/771"}],"wp:attachment":[{"href":"https:\/\/elfsight.com\/pt\/wp-json\/wp\/v2\/media?parent=3953"}],"curies":[{"name":"wp","href":"https:\/\/api.w.org\/{rel}","templated":true}]}}