{"id":3951,"date":"2024-05-03T06:35:54","date_gmt":"2024-05-03T06:35:54","guid":{"rendered":"https:\/\/elfsight.com\/pt\/?page_id=3951"},"modified":"2024-11-13T12:17:15","modified_gmt":"2024-11-13T12:17:15","slug":"weebly","status":"publish","type":"page","link":"https:\/\/elfsight.com\/pt\/facebook-feed-widget\/weebly\/","title":{"rendered":"Facebook Feed &#8211; Weebly"},"content":{"rendered":"<div class=\"application-platform-content-item-description application-platform-content-item\" id=\"description\" data-nav-section=\"description\"><h2>Descri\u00e7\u00e3o<\/h2><p>Demonstre sua p\u00e1gina do Facebook em nosso aplicativo multifuncional \u2013 Facebook Feed. Postagens, v\u00eddeos, imagens \u2013 tenha certeza de que seus leitores nunca perder\u00e3o uma \u00fanica mensagem sua. O design atraente com verdadeiros componentes do Facebook n\u00e3o passar\u00e1 despercebido e contribuir\u00e1 n\u00e3o apenas para manter os clientes atuais no site, mas tamb\u00e9m para conseguir novos assinantes do Facebook.<\/p><p><b>Eleve a comunica\u00e7\u00e3o com o cliente a um n\u00edvel nunca visto. usando o aplicativo Weebly para Facebook.<\/b><\/p><ul><li><b>Aumente a convers\u00e3o do seu site em at\u00e9 125%<\/b>.<br>Aplique um elemento de confian\u00e7a social em seu site, para conseguir mais clientes. Deixe que seus leitores descubram sua marca no Facebook e conquistem a confian\u00e7a deles, o que contribuir\u00e1 para nivelar sua convers\u00e3o.<\/li><li><b>Aumente o n\u00edvel de assinantes do Facebook em sua p\u00e1gina<\/b>.<br>Transforme o site visitantes em assinantes do Facebook. Crie um aplicativo atraente com seu perfil e insira-o no site, para que todos os usu\u00e1rios tenham a chance de seguir sua p\u00e1gina.<\/li><li><b>1 plugin para todo o conte\u00fado do Facebook<\/b>.<br>Todas as informa\u00e7\u00f5es do Facebook em um plugin: demonstre not\u00edcias com coment\u00e1rios, curtidas ou qualquer rea\u00e7\u00e3o do Facebook; gerar cole\u00e7\u00f5es de fotos e v\u00eddeos no site usando \u00e1lbuns do Facebook.<\/li><\/ul><\/div><div class=\"application-platform-content-item-features application-platform-content-item\" id=\"features\" data-nav-section=\"features\"><h2>Recursos<\/h2><p>Diversas vantagens, que transformam seu Facebook em um aplicativo valioso para um site do Weebly.<\/p><ul><li>2 fontes do Facebook suportadas: p\u00e1ginas, perfis;<\/li><li>Cabe\u00e7alho personaliz\u00e1vel com elementos ajust\u00e1veis: imagem de capa, a\u00e7\u00f5es, imagem da p\u00e1gina, curtidas contar;<\/li><li>Bot\u00f5es Curtir e Compartilhar no cabe\u00e7alho;<\/li><li>Mostrar ou ocultar postagens;<\/li><li>Editor pr\u00e1tico e intuitivo sem necessidade de codifica\u00e7\u00e3o.<\/li><\/ul><p><a href=\"#demo\">Veja todas as vantagens na demonstra\u00e7\u00e3o ao vivo<\/a>.<\/p><\/div><div class=\"application-platform-content-item-installation application-platform-content-item\" id=\"installation\" data-nav-section=\"installation\"><h2>Como integrar o Facebook ao Site do Weebly<\/h2><div class=\"video-container\"><iframe width=\"720\" height=\"405\" src=\"https:\/\/www.youtube.com\/embed\/GoHbo68g1GE\" frameborder=\"0\" allowfullscreen><\/iframe><\/div><p>Siga nosso manual, para finalizar adicionando. A execu\u00e7\u00e3o levar\u00e1 apenas 1 minuto e n\u00e3o requer experi\u00eancia em programa\u00e7\u00e3o.<\/p><ol><li><b>Gerencie nosso editor gratuito e comece a criar seu aplicativo exclusivo. <\/b><br> Escolha a interface e os aspectos desejados do aplicativo e salve todas as modifica\u00e7\u00f5es. <\/li> <li><b>Receba seu c\u00f3digo exclusivo que aparece na caixa dos aplicativos Elfsight. <\/b><br> Logo ap\u00f3s a conclus\u00e3o da configura\u00e7\u00e3o do seu aplicativo, copie o c\u00f3digo individual no pop-up exibido e guarde-o para uso posterior. <\/li> <li><b>Inicie o uso do aplicativo em seu site do Weebly. <\/b><br> Insira o c\u00f3digo que voc\u00ea salvou recentemente em sua p\u00e1gina web e salve os ajustes. <\/li> <li><b>Pronto! A integra\u00e7\u00e3o \u00e9 totalmente realizada. <\/b><br> Visite sua p\u00e1gina da web para verificar como o aplicativo est\u00e1 funcionando. <\/li><\/ol><p>Voc\u00ea precisa de um suporte mais detalhado? Veja se voc\u00ea precisa de um suporte mais detalhado? Consulte um <a href=\"https:\/\/elfsight.com\/tutorials\/how-to-add-facebook-feed-to-weebly\/\" target=\"_blank\" rel=\"noopener noreferrer\">manual detalhado<\/a> ou entre em contato com nosso suporte ao cliente e teremos prazer em aconselhar uma resposta.<\/div>","protected":false},"excerpt":{"rendered":"","protected":false},"author":9,"featured_media":0,"parent":386,"menu_order":0,"comment_status":"closed","ping_status":"closed","template":"templates\/template-application-platform.php","meta":{"publish_to_discourse":"","publish_post_category":"","wpdc_auto_publish_overridden":"","wpdc_topic_tags":"","wpdc_pin_topic":"","wpdc_pin_until":"","discourse_post_id":"","discourse_permalink":"","wpdc_publishing_response":"","wpdc_publishing_error":"","footnotes":""},"class_list":["post-3951","page","type-page","status-publish","hentry"],"yoast_head":"<!-- This site is optimized with the Yoast SEO plugin v25.3.1 - https:\/\/yoast.com\/wordpress\/plugins\/seo\/ -->\n<title>Feed do Facebook - Adicione o aplicativo do Facebook ao site do Weebly<\/title>\n<meta name=\"description\" content=\"Insira o melhor aplicativo de feed do Facebook em seu site Weebly. Descubra nosso editor interativo e construa um plugin personalizado em apenas 3 minutos.\" \/>\n<meta name=\"robots\" content=\"index, follow, max-snippet:-1, max-image-preview:large, max-video-preview:-1\" \/>\n<link rel=\"canonical\" href=\"https:\/\/elfsight.com\/pt\/facebook-feed-widget\/weebly\/\" \/>\n<meta property=\"og:locale\" content=\"pt_PT\" \/>\n<meta property=\"og:type\" content=\"article\" \/>\n<meta property=\"og:title\" content=\"Feed do Facebook - Adicione o aplicativo do Facebook ao site do Weebly\" \/>\n<meta property=\"og:description\" content=\"Insira o melhor aplicativo de feed do Facebook em seu site Weebly. Descubra nosso editor interativo e construa um plugin personalizado em apenas 3 minutos.\" \/>\n<meta property=\"og:url\" content=\"https:\/\/elfsight.com\/pt\/facebook-feed-widget\/weebly\/\" \/>\n<meta property=\"og:site_name\" content=\"Elfsight PT\" \/>\n<meta property=\"article:modified_time\" content=\"2024-11-13T12:17:15+00:00\" \/>\n<meta name=\"twitter:card\" content=\"summary_large_image\" \/>\n<meta name=\"twitter:label1\" content=\"Tempo estimado de leitura\" \/>\n\t<meta name=\"twitter:data1\" content=\"2 minutos\" \/>\n<!-- \/ Yoast SEO plugin. -->","yoast_head_json":{"title":"Feed do Facebook - Adicione o aplicativo do Facebook ao site do Weebly","description":"Insira o melhor aplicativo de feed do Facebook em seu site Weebly. Descubra nosso editor interativo e construa um plugin personalizado em apenas 3 minutos.","robots":{"index":"index","follow":"follow","max-snippet":"max-snippet:-1","max-image-preview":"max-image-preview:large","max-video-preview":"max-video-preview:-1"},"canonical":"https:\/\/elfsight.com\/pt\/facebook-feed-widget\/weebly\/","og_locale":"pt_PT","og_type":"article","og_title":"Feed do Facebook - Adicione o aplicativo do Facebook ao site do Weebly","og_description":"Insira o melhor aplicativo de feed do Facebook em seu site Weebly. Descubra nosso editor interativo e construa um plugin personalizado em apenas 3 minutos.","og_url":"https:\/\/elfsight.com\/pt\/facebook-feed-widget\/weebly\/","og_site_name":"Elfsight PT","article_modified_time":"2024-11-13T12:17:15+00:00","twitter_card":"summary_large_image","twitter_misc":{"Tempo estimado de leitura":"2 minutos"},"schema":{"@context":"https:\/\/schema.org","@graph":[{"@type":"WebPage","@id":"https:\/\/elfsight.com\/pt\/facebook-feed-widget\/weebly\/","url":"https:\/\/elfsight.com\/pt\/facebook-feed-widget\/weebly\/","name":"Feed do Facebook - Adicione o aplicativo do Facebook ao site do Weebly","isPartOf":{"@id":"https:\/\/elfsight.com\/pt\/#website"},"datePublished":"2024-05-03T06:35:54+00:00","dateModified":"2024-11-13T12:17:15+00:00","description":"Insira o melhor aplicativo de feed do Facebook em seu site Weebly. Descubra nosso editor interativo e construa um plugin personalizado em apenas 3 minutos.","breadcrumb":{"@id":"https:\/\/elfsight.com\/pt\/facebook-feed-widget\/weebly\/#breadcrumb"},"inLanguage":"pt-PT","potentialAction":[{"@type":"ReadAction","target":["https:\/\/elfsight.com\/pt\/facebook-feed-widget\/weebly\/"]}]},{"@type":"BreadcrumbList","@id":"https:\/\/elfsight.com\/pt\/facebook-feed-widget\/weebly\/#breadcrumb","itemListElement":[{"@type":"ListItem","position":1,"name":"Home","item":"https:\/\/elfsight.com\/pt\/"},{"@type":"ListItem","position":2,"name":"Facebook Feed","item":"https:\/\/elfsight.com\/pt\/facebook-feed-widget\/"},{"@type":"ListItem","position":3,"name":"Facebook Feed &#8211; Weebly"}]},{"@type":"WebSite","@id":"https:\/\/elfsight.com\/pt\/#website","url":"https:\/\/elfsight.com\/pt\/","name":"Elfsight PT","description":"Just another Elfsight Sites site","potentialAction":[{"@type":"SearchAction","target":{"@type":"EntryPoint","urlTemplate":"https:\/\/elfsight.com\/pt\/?s={search_term_string}"},"query-input":{"@type":"PropertyValueSpecification","valueRequired":true,"valueName":"search_term_string"}}],"inLanguage":"pt-PT"}]}},"meta_box":{"industry":"","seo_heading":"","heading":"","description":"","cta_heading":"","cta_description":"","application":"385","h1":"Aplicativo de feed do Facebook para Weebly","h1_caption":"Mostre postagens, fotos e v\u00eddeos do Facebook para envolver os visitantes do seu site","application_category":[],"applications_title":"","applications_request_title":"","applications_request_button_text":"","hero_text":"","hero_video":"","hero_video_schema_markup":"","selling_points_title":"","selling_points_caption":"","selling_points":[],"selling_points_cta_text":"","features_title":"","features":"","ed_cta_examples_text":"","ed_cta_examples_hidden":"","ed_cta_demo_text":"","ed_cta_demo_hidden":"","why_caption":"","why_editor_title":"","why_editor_text":"","why_team_title":"","why_team_text":"","why_service_title":"","why_service_text":"","template_catalog_visible":"","template_catalog_title":"","template_catalog_text":"","template_catalog_categories_visible":"","demo_title":"Crie seu aplicativo de feed do Facebook","demo_caption":"Configure seu feed do Facebook e adicione-o ao seu site do Weebly gratuitamente!","default_faq_hidden":"","app_template_category":[],"platform":"73","template_public_id":"","codecanyon_url":"","codecanyon_item_id":"","codecanyon_price":"","pricing_caption":"","pricing_elfsight_apps_hide_column":"","pricing_elfsight_apps_url":"","pricing_codecanyon_price_caption":"","integration_category":[],"integration_request_title":"","integration_request_cta":"","integration_platform":"","integrations":[],"platform_category":[],"video_schema_markup":"","price":"a partir de US$ 0\/m\u00eas","trial":"","benefits":[{"text":"Servi\u00e7o de instala\u00e7\u00e3o gratuito"},{"text":"Atendimento ao cliente competente"},{"text":"Garantia de reembolso de 14 dias"},{"text":"Melhorias gratuitas cont\u00ednuas"}],"button_url":"#demo","button_target_blank":"0","button_nofollow":"0","attributes":[{"name":"Instala\u00e7\u00f5es","content":"100,000 - 500,000","_state":"expanded"},{"name":"Responsivo","content":"Sim","_state":"expanded"},{"name":"Navegadores compat\u00edveis","content":"Firefox, Safari, Opera, Chrome, Edge"}],"tags":[],"tags_disable_links":"0","hide_more_platforms":"","video_object":"","demo_hide_cta":"0","demo_hide_cloud_options":"0","pricing_title":"","pricing":[{"pricing_icon":"cloud","pricing_title":"Elfsight Apps","pricing_title_caption":"Software multiplataforma adequado para qualquer site","pricing_price":"a partir de US$ 0\/m\u00eas","pricing_price_caption":"Comece com um plano gratuito","pricing_benefits":[{"text":"Dom\u00ednios ilimitados"},{"text":"Suporte gratuito, pontual e bem documentado"},{"text":"Suporte gratuito, pontual e bem documentado"},{"text":"100% personaliz\u00e1vel"}],"pricing_button_text":"Adicionar ao site","pricing_button_url":"#demo","_state":"expanded"}],"related_apps_title":"","related_apps_hidden":"1","author":"","image":[],"title":"","job":"","social_networks":[]},"_links":{"self":[{"href":"https:\/\/elfsight.com\/pt\/wp-json\/wp\/v2\/pages\/3951","targetHints":{"allow":["GET"]}}],"collection":[{"href":"https:\/\/elfsight.com\/pt\/wp-json\/wp\/v2\/pages"}],"about":[{"href":"https:\/\/elfsight.com\/pt\/wp-json\/wp\/v2\/types\/page"}],"author":[{"embeddable":true,"href":"https:\/\/elfsight.com\/pt\/wp-json\/wp\/v2\/users\/9"}],"replies":[{"embeddable":true,"href":"https:\/\/elfsight.com\/pt\/wp-json\/wp\/v2\/comments?post=3951"}],"version-history":[{"count":2,"href":"https:\/\/elfsight.com\/pt\/wp-json\/wp\/v2\/pages\/3951\/revisions"}],"predecessor-version":[{"id":11803,"href":"https:\/\/elfsight.com\/pt\/wp-json\/wp\/v2\/pages\/3951\/revisions\/11803"}],"up":[{"embeddable":true,"href":"https:\/\/elfsight.com\/pt\/wp-json\/wp\/v2\/pages\/386"}],"wp:attachment":[{"href":"https:\/\/elfsight.com\/pt\/wp-json\/wp\/v2\/media?parent=3951"}],"curies":[{"name":"wp","href":"https:\/\/api.w.org\/{rel}","templated":true}]}}