{"id":3948,"date":"2024-05-03T06:34:19","date_gmt":"2024-05-03T06:34:19","guid":{"rendered":"https:\/\/elfsight.com\/pt\/?page_id=3948"},"modified":"2025-01-30T13:01:53","modified_gmt":"2025-01-30T13:01:53","slug":"webnode","status":"publish","type":"page","link":"https:\/\/elfsight.com\/pt\/countdown-timer-widget\/webnode\/","title":{"rendered":"Countdown Timer &#8211; Webnode"},"content":{"rendered":"\n<div class=\"application-platform-content-item-description application-platform-content-item\" id=\"description\" data-nav-section=\"description\"><h2>Descri\u00e7\u00e3o<\/h2><p>Exiba contagens regressivas de aumento de vendas para seu site com o Elfsight Countdown Timer. Aumente o clima e crie uma sensa\u00e7\u00e3o de escassez em suas ofertas, demonstrando a rapidez com que elas se esgotam diante dos olhos dos visitantes. Conven\u00e7a os usu\u00e1rios de que eles precisam come\u00e7ar a comprar agora mesmo, com o tempo chegando ao final do per\u00edodo de oferta especial. Chame a aten\u00e7\u00e3o para seus eventos ou feriados futuros e mantenha seus usu\u00e1rios aguardando ansiosamente por eles com a ajuda de uma contagem regressiva tem\u00e1tica.<\/p><p><b>Aumente o burburinho das compras e estimule os usu\u00e1rios a comprar mais. <\/b><\/p><p><b>Incentive o p\u00fablico a comprar criando um senso de urg\u00eancia.<\/b><br> Fa\u00e7a com que seus compradores sintam medo de perder tempo com pre\u00e7os baixos, enquanto o tempo est\u00e1 em contagem regressiva at\u00e9 o fim disso. Isso far\u00e1 com que eles comprem mais r\u00e1pido e aumentem as vendas em seu site.<\/p><p><b>Mostre a redu\u00e7\u00e3o do estoque para aumentar o valor percebido dos itens.<\/b><br> Mostre que seus itens est\u00e3o em alta. bolos, usando uma contagem de estoque especial. Isso far\u00e1 com que os visitantes valorizem mais os produtos e fiquem ansiosos para compr\u00e1-los tamb\u00e9m.<\/p><p><b>Chame mais aten\u00e7\u00e3o para um per\u00edodo de vendas por meio de uma atraente barra de contagem regressiva com tema natalino.<\/b><br> Coloque barras de liquida\u00e7\u00e3o tem\u00e1ticas em \u00e9poca de feriados e demonstre suas ofertas e vendas sazonais em grande estilo. N\u00e3o perca a hora de comprar presentes e aproveite ao m\u00e1ximo para aumentar as vendas no seu site.<\/p><\/div><div class=\"application-platform-content-item-features application-platform-content-item\" id=\"features\" data-nav-section=\"features\"><h2>Recursos<\/h2><p>A v\u00e1rios profissionais, que reorganizam o widget Elfsight em um plugin obrigat\u00f3rio para todos os sites Webnode.<\/p><ul><li>Tr\u00eas tipos de cron\u00f4metro: in\u00edcio ao fim, tempo restante por visitante, in\u00edcio ao fim contagem de n\u00fameros;<\/li><li>Op\u00e7\u00e3o para criar um bot\u00e3o abaixo do cron\u00f4metro;<\/li><li>Op\u00e7\u00e3o para desligar qualquer unidade de tempo;<\/li><li>Op\u00e7\u00e3o para alterar a cor do cron\u00f4metro, bot\u00e3o, r\u00f3tulos e mensagem;<\/li><li>Design limpo garantindo integra\u00e7\u00e3o perfeita em qualquer conceito de site.<\/li><\/ul><p><a href=\"#demo\">Conhe\u00e7a a lista completa das caracter\u00edsticas na demonstra\u00e7\u00e3o<\/a><\/p><\/div><div class=\"application-platform-content-item-installation application-platform-content-item\" id=\"installation\" data-nav-section=\"installation\"><h2>Como adicionar um temporizador de contagem regressiva a um site Webnode<\/h2><p>Confira esta instru\u00e7\u00e3o concisa para integrar o widget em seu site sem habilidades em desenvolvimento. A execu\u00e7\u00e3o do tutorial levar\u00e1 menos de 1 minuto.<\/p><ol><li><b>Construa seu cron\u00f4metro de contagem regressiva exclusivo<\/b>.<br> Por meio de nosso editor gratuito, crie um plugin com sua prefer\u00eancia layout e configura\u00e7\u00f5es.<\/li><li><b>Copie o c\u00f3digo para mostrar o plugin<\/b>.<br> Ap\u00f3s a configura\u00e7\u00e3o do widget, receba o c\u00f3digo do plugin Countdown na notifica\u00e7\u00e3o que aparece nos aplicativos Elfsight.<\/li><li><b>Publique o plugin em seu site Webnode<\/b>.<br> Insira o plugin em um local escolhido da p\u00e1gina e salve as edi\u00e7\u00f5es.<\/li><li><b>Conclu\u00eddo!<\/b>.<br> Entre no seu site para ver como funciona o cron\u00f4metro de contagem regressiva.<\/li><\/ol><p>Encontrou alguma dificuldade ao exibir ou criar o plugin? Estude um <a href=\"https:\/\/elfsight.com\/tutorials\/how-to-add-countdown-timer-to-webnode-website\/\" target=\"_blank\" rel=\"noopener noreferrer\">tutorial detalhado<\/a> sobre como usar o plugin para Webnode ou dirija-se ao nosso Centro de Suporte.<\/p><div class=\"faq\" data-component=\"FAQ\"> <div class=\"faq-item\">\r\n\t\t\t\t\t<div class=\"faq-item-question\">\r\n\t\t\t\t\t\t<h3 class=\"faq-item-question-text\">Como posso adicionar um temporizador de contagem regressiva ao meu site Webnode sem conhecimentos de codifica\u00e7\u00e3o?<\/h3>\r\n\r\n\t\t\t\t\t\t<div class=\"faq-item-question-icon\"><\/div>\r\n\t\t\t\t\t<\/div>\r\n\r\n\t\t\t\t\t<div class=\"faq-item-answer\">\r\n\t\t\t\t\t\t<div class=\"faq-item-answer-text\"> <p>A Elfsight fornece uma solu\u00e7\u00e3o SaaS que permite que voc\u00ea mesmo crie um widget de contagem regressiva, veja como o processo \u00e9 f\u00e1cil: Trabalhe diretamente no editor online para criar um widget de contagem regressiva que voc\u00ea gostaria de ver em seu site Webnode. Escolha um dos modelos predefinidos e ajuste as configura\u00e7\u00f5es do cron\u00f4metro de contagem regressiva, adicione seu conte\u00fado, altere o layout e o esquema de cores sem nenhuma habilidade de codifica\u00e7\u00e3o. Salve o Countdown Timer e copie seu c\u00f3digo de instala\u00e7\u00e3o, que voc\u00ea pode incluir facilmente em seu site Webnode sem a necessidade de adquirir uma assinatura paga. Com nosso editor intuitivo, qualquer usu\u00e1rio da Internet pode criar um widget de contagem regressiva online e incorpor\u00e1-lo facilmente ao seu site Webnode. N\u00e3o h\u00e1 necessidade de pagar ou inserir as credenciais do seu cart\u00e3o para acessar o servi\u00e7o. Se voc\u00ea enfrentar qualquer problema em qualquer etapa, n\u00e3o hesite em entrar em contato com nossa equipe de suporte t\u00e9cnico.<\/p> <\/div>\r\n\t\t\t\t\t<\/div>\r\n\t\t\t\t<\/div> <\/div> <\/div>\n","protected":false},"excerpt":{"rendered":"","protected":false},"author":9,"featured_media":0,"parent":505,"menu_order":0,"comment_status":"closed","ping_status":"closed","template":"templates\/template-application-platform.php","meta":{"publish_to_discourse":"","publish_post_category":"","wpdc_auto_publish_overridden":"","wpdc_topic_tags":"","wpdc_pin_topic":"","wpdc_pin_until":"","discourse_post_id":"","discourse_permalink":"","wpdc_publishing_response":"","wpdc_publishing_error":"","footnotes":""},"class_list":["post-3948","page","type-page","status-publish","hentry"],"yoast_head":"<!-- This site is optimized with the Yoast SEO plugin v25.3.1 - https:\/\/yoast.com\/wordpress\/plugins\/seo\/ -->\n<title>O melhor plugin Webnode Countdown Timer para site (2025)<\/title>\n<meta name=\"description\" content=\"Teste o melhor plugin de contagem regressiva para Webnode gratuitamente. Uma instala\u00e7\u00e3o f\u00e1cil e r\u00e1pida sem conhecimento em desenvolvimento em apenas 1 minuto.\" \/>\n<meta name=\"robots\" content=\"index, follow, max-snippet:-1, max-image-preview:large, max-video-preview:-1\" \/>\n<link rel=\"canonical\" href=\"https:\/\/elfsight.com\/pt\/countdown-timer-widget\/webnode\/\" \/>\n<meta property=\"og:locale\" content=\"pt_PT\" \/>\n<meta property=\"og:type\" content=\"article\" \/>\n<meta property=\"og:title\" content=\"O melhor plugin Webnode Countdown Timer para site (2025)\" \/>\n<meta property=\"og:description\" content=\"Teste o melhor plugin de contagem regressiva para Webnode gratuitamente. Uma instala\u00e7\u00e3o f\u00e1cil e r\u00e1pida sem conhecimento em desenvolvimento em apenas 1 minuto.\" \/>\n<meta property=\"og:url\" content=\"https:\/\/elfsight.com\/pt\/countdown-timer-widget\/webnode\/\" \/>\n<meta property=\"og:site_name\" content=\"Elfsight PT\" \/>\n<meta property=\"article:modified_time\" content=\"2025-01-30T13:01:53+00:00\" \/>\n<meta name=\"twitter:card\" content=\"summary_large_image\" \/>\n<meta name=\"twitter:label1\" content=\"Tempo estimado de leitura\" \/>\n\t<meta name=\"twitter:data1\" content=\"4 minutos\" \/>\n<!-- \/ Yoast SEO plugin. -->","yoast_head_json":{"title":"O melhor plugin Webnode Countdown Timer para site (2025)","description":"Teste o melhor plugin de contagem regressiva para Webnode gratuitamente. Uma instala\u00e7\u00e3o f\u00e1cil e r\u00e1pida sem conhecimento em desenvolvimento em apenas 1 minuto.","robots":{"index":"index","follow":"follow","max-snippet":"max-snippet:-1","max-image-preview":"max-image-preview:large","max-video-preview":"max-video-preview:-1"},"canonical":"https:\/\/elfsight.com\/pt\/countdown-timer-widget\/webnode\/","og_locale":"pt_PT","og_type":"article","og_title":"O melhor plugin Webnode Countdown Timer para site (2025)","og_description":"Teste o melhor plugin de contagem regressiva para Webnode gratuitamente. Uma instala\u00e7\u00e3o f\u00e1cil e r\u00e1pida sem conhecimento em desenvolvimento em apenas 1 minuto.","og_url":"https:\/\/elfsight.com\/pt\/countdown-timer-widget\/webnode\/","og_site_name":"Elfsight PT","article_modified_time":"2025-01-30T13:01:53+00:00","twitter_card":"summary_large_image","twitter_misc":{"Tempo estimado de leitura":"4 minutos"},"schema":{"@context":"https:\/\/schema.org","@graph":[{"@type":"WebPage","@id":"https:\/\/elfsight.com\/pt\/countdown-timer-widget\/webnode\/","url":"https:\/\/elfsight.com\/pt\/countdown-timer-widget\/webnode\/","name":"O melhor plugin Webnode Countdown Timer para site (2025)","isPartOf":{"@id":"https:\/\/elfsight.com\/pt\/#website"},"datePublished":"2024-05-03T06:34:19+00:00","dateModified":"2025-01-30T13:01:53+00:00","description":"Teste o melhor plugin de contagem regressiva para Webnode gratuitamente. Uma instala\u00e7\u00e3o f\u00e1cil e r\u00e1pida sem conhecimento em desenvolvimento em apenas 1 minuto.","breadcrumb":{"@id":"https:\/\/elfsight.com\/pt\/countdown-timer-widget\/webnode\/#breadcrumb"},"inLanguage":"pt-PT","potentialAction":[{"@type":"ReadAction","target":["https:\/\/elfsight.com\/pt\/countdown-timer-widget\/webnode\/"]}]},{"@type":"BreadcrumbList","@id":"https:\/\/elfsight.com\/pt\/countdown-timer-widget\/webnode\/#breadcrumb","itemListElement":[{"@type":"ListItem","position":1,"name":"Home","item":"https:\/\/elfsight.com\/pt\/"},{"@type":"ListItem","position":2,"name":"Countdown Timer","item":"https:\/\/elfsight.com\/pt\/countdown-timer-widget\/"},{"@type":"ListItem","position":3,"name":"Countdown Timer &#8211; Webnode"}]},{"@type":"WebSite","@id":"https:\/\/elfsight.com\/pt\/#website","url":"https:\/\/elfsight.com\/pt\/","name":"Elfsight PT","description":"Just another Elfsight Sites site","potentialAction":[{"@type":"SearchAction","target":{"@type":"EntryPoint","urlTemplate":"https:\/\/elfsight.com\/pt\/?s={search_term_string}"},"query-input":{"@type":"PropertyValueSpecification","valueRequired":true,"valueName":"search_term_string"}}],"inLanguage":"pt-PT"}]}},"meta_box":{"industry":"","seo_heading":"","heading":"","description":"","cta_heading":"","cta_description":"","application":"504","h1":"Plug-in de contagem regressiva Webnode","h1_caption":"Aumente as vendas em seu site por meio de cron\u00f4metros e contagens para cria\u00e7\u00e3o de urg\u00eancia","application_category":[],"applications_title":"","applications_request_title":"","applications_request_button_text":"","hero_text":"","hero_video":"","hero_video_schema_markup":"","selling_points_title":"","selling_points_caption":"","selling_points":[],"selling_points_cta_text":"","features_title":"","features":"","ed_cta_examples_text":"","ed_cta_examples_hidden":"","ed_cta_demo_text":"","ed_cta_demo_hidden":"","why_caption":"","why_editor_title":"","why_editor_text":"","why_team_title":"","why_team_text":"","why_service_title":"","why_service_text":"","template_catalog_visible":"0","template_catalog_title":"","template_catalog_text":"","template_catalog_categories_visible":"","demo_title":"Crie seu widget de contagem regressiva","demo_caption":"Configure seu cron\u00f4metro de contagem regressiva e adicione-o ao seu site Webnode gratuitamente!","default_faq_hidden":"","app_template_category":[],"platform":"4917","template_public_id":"","codecanyon_url":"","codecanyon_item_id":"","codecanyon_price":"","pricing_caption":"","pricing_elfsight_apps_hide_column":"","pricing_elfsight_apps_url":"","pricing_codecanyon_price_caption":"","integration_category":[],"integration_request_title":"","integration_request_cta":"","integration_platform":"","integrations":[],"platform_category":[],"video_schema_markup":"","price":"a partir de US$ 0\/m\u00eas","trial":"","benefits":[{"text":"Servi\u00e7o de instala\u00e7\u00e3o gratuito"},{"text":"Suporte premium"},{"text":"Garantia de reembolso de 14 dias"},{"text":"Atualizando constantemente"}],"button_url":"#demo","button_target_blank":"0","button_nofollow":"0","attributes":[{"name":"Instala\u00e7\u00f5es","content":"100,000 - 500,000","_state":"expanded"},{"name":"Responsivo","content":"Sim","_state":"expanded"},{"name":"Navegadores compat\u00edveis","content":"Firefox, Safari, Opera, Chrome, Edge"}],"tags":[],"tags_disable_links":"0","hide_more_platforms":"","video_object":"","demo_hide_cta":"0","demo_hide_cloud_options":"0","pricing_title":"","pricing":[{"pricing_icon":"platform","pricing_title":"Elfsight Apps","pricing_title_caption":"Vers\u00e3o multiplataforma","pricing_price":"a partir de US$ 0\/m\u00eas","pricing_price_caption":"comece com plano gratuito","pricing_benefits":[{"text":"Sites ilimitados"},{"text":"Suporte profissional da empresa"},{"text":"Suporte profissional da empresa"},{"text":"Oferta especial para v\u00e1rios aplicativos"}],"pricing_button_text":"Adicionar ao site","pricing_button_url":"#demo","_state":"expanded"}],"related_apps_title":"","related_apps_hidden":"1","author":"","image":[],"title":"","job":"","social_networks":[]},"_links":{"self":[{"href":"https:\/\/elfsight.com\/pt\/wp-json\/wp\/v2\/pages\/3948","targetHints":{"allow":["GET"]}}],"collection":[{"href":"https:\/\/elfsight.com\/pt\/wp-json\/wp\/v2\/pages"}],"about":[{"href":"https:\/\/elfsight.com\/pt\/wp-json\/wp\/v2\/types\/page"}],"author":[{"embeddable":true,"href":"https:\/\/elfsight.com\/pt\/wp-json\/wp\/v2\/users\/9"}],"replies":[{"embeddable":true,"href":"https:\/\/elfsight.com\/pt\/wp-json\/wp\/v2\/comments?post=3948"}],"version-history":[{"count":3,"href":"https:\/\/elfsight.com\/pt\/wp-json\/wp\/v2\/pages\/3948\/revisions"}],"predecessor-version":[{"id":13661,"href":"https:\/\/elfsight.com\/pt\/wp-json\/wp\/v2\/pages\/3948\/revisions\/13661"}],"up":[{"embeddable":true,"href":"https:\/\/elfsight.com\/pt\/wp-json\/wp\/v2\/pages\/505"}],"wp:attachment":[{"href":"https:\/\/elfsight.com\/pt\/wp-json\/wp\/v2\/media?parent=3948"}],"curies":[{"name":"wp","href":"https:\/\/api.w.org\/{rel}","templated":true}]}}