{"id":3945,"date":"2024-05-03T06:34:59","date_gmt":"2024-05-03T06:34:59","guid":{"rendered":"https:\/\/elfsight.com\/pt\/?page_id=3945"},"modified":"2024-11-13T11:43:51","modified_gmt":"2024-11-13T11:43:51","slug":"webnode","status":"publish","type":"page","link":"https:\/\/elfsight.com\/pt\/event-calendar-widget\/webnode\/","title":{"rendered":"Event Calendar &#8211; Webnode"},"content":{"rendered":"<div class=\"application-platform-content-item-description application-platform-content-item\" id=\"description\" data-nav-section=\"description\"> <h2>Incorporar calend\u00e1rio de eventos com widget Elfsight<\/h2> <p>Elfsight Events Calendar \u00e9 um widget impressionante que permite que voc\u00ea compartilhe facilmente suas atividades com seus visitantes. Inclui muitas oportunidades para exibir as pr\u00f3ximas atividades da forma mais representativa. Personalize-o para mesclar o design com o estilo do seu site. Crie v\u00e1rios eventos, adicione tags diferentes, carregue suas pr\u00f3prias imagens e v\u00eddeos e mantenha os usu\u00e1rios atualizados sobre seus projetos. <\/p> <p><b>O Calend\u00e1rio de Eventos pode ajud\u00e1-lo a promover facilmente seus pr\u00f3ximos eventos e aumentar o n\u00edvel de envolvimento em sua p\u00e1gina da web. <\/b><\/p> <\/div><div class=\"application-platform-content-item-features application-platform-content-item\" id=\"features\" data-nav-section=\"features\"> <h2>Principais recursos do Event Calendar Widget<\/h2> <p>Veja todos os recursos do Webnode Event Calendar. Voc\u00ea pode gerenci\u00e1-los diretamente no editor e eles o ajudar\u00e3o a construir o widget certo para o seu caso. <\/p> <ul> <li>Use op\u00e7\u00f5es de conte\u00fado adapt\u00e1veis \u200b\u200bpara compreender a ferramenta para o seu tipo de atividade. <\/li> <li>Permita que os usu\u00e1rios adicionem seus eventos \u00e0s agendas mais usadas. <\/li> <li>Gere diferentes tipos de eventos, marque locais e adicione hosts. <\/li> <li>Categorize todos os seus eventos e atribua tags a eles. <\/li> <li>Escolha entre quatro op\u00e7\u00f5es de layout. <\/li> <\/ul> <p><a href=\"#demo\">Veja como todos os recursos funcionam em nossa demonstra\u00e7\u00e3o<\/a><\/p> <\/div><div class=\"application-platform-content-item-installation application-platform-content-item\" id=\"installation\" data-nav-section=\"installation\"> <h2>Como incorporar o Calend\u00e1rio de Eventos no Webnode? <\/h2> <p>Para come\u00e7ar a usar o widget, basta seguir estas etapas r\u00e1pidas. <\/p> <ul> <li><b>Gere seu widget de calend\u00e1rio pessoal<\/b><br> Gerenciando nosso editor gratuito, gere um plugin com interface e fun\u00e7\u00f5es selecionadas. <\/li> <li><b>Receba o c\u00f3digo pessoal para incorporar o widget<\/b><br> Depois de criar o seu widget, voc\u00ea adquirir\u00e1 o seu c\u00f3digo pessoal na janela pop-up nos aplicativos da Elfsight. Copie este c\u00f3digo para uso futuro. <\/li> <li><b>Incorpore o widget em seu site<\/b><br> Defina a \u00e1rea onde deseja incorporar o plugin e insira o c\u00f3digo salvo l\u00e1. Salve as altera\u00e7\u00f5es. <\/li> <li><b>Voc\u00ea concluiu a instala\u00e7\u00e3o com sucesso<\/b><br> Visite o site para ver seu calend\u00e1rio. <\/li> <\/ul> <p>N\u00e3o hesite em entrar em contato com nosso suporte ao cliente quando precisar de aconselhamento ou tiver d\u00favidas. Nossos especialistas ter\u00e3o prazer em ajudar com cada solicita\u00e7\u00e3o. <\/p> <\/div><div class=\"faq\" data-component=\"FAQ\"><div class=\"faq-item\">\r\n\t\t\t\t\t<div class=\"faq-item-question\">\r\n\t\t\t\t\t\t<h3 class=\"faq-item-question-text\">Existe uma maneira de incorporar o Calend\u00e1rio de Eventos \u00e0 minha p\u00e1gina inicial do Webnode sem nenhum conhecimento de codifica\u00e7\u00e3o?<\/h3>\r\n\r\n\t\t\t\t\t\t<div class=\"faq-item-question-icon\"><\/div>\r\n\t\t\t\t\t<\/div>\r\n\r\n\t\t\t\t\t<div class=\"faq-item-answer\">\r\n\t\t\t\t\t\t<div class=\"faq-item-answer-text\"><p>Empresa Elfsight apresenta uma solu\u00e7\u00e3o em nuvem que permite aos usu\u00e1rios criar um aplicativo de calend\u00e1rio de eventos, descubra como ele \u00e9 simples: <\/p><ul><li>V\u00e1 para o editor on-line para criar um plugin de calend\u00e1rio de eventos que voc\u00ea gostaria de incluir na p\u00e1gina inicial do Webnode. <\/li><li>Selecione um dos muitos modelos prontos e altere as configura\u00e7\u00f5es do Calend\u00e1rio de Eventos, atualize seu conte\u00fado, altere o layout e as cores sem nenhuma experi\u00eancia de codifica\u00e7\u00e3o.<\/li><li>Salve as configura\u00e7\u00f5es que voc\u00ea criou. feito no Calend\u00e1rio de Eventos e obtenha o c\u00f3digo do plugin para instala\u00e7\u00e3o, que voc\u00ea pode colar facilmente em qualquer p\u00e1gina inicial do Webnode gratuitamente. <\/li><\/ul><p>Usando o Editor simples, qualquer usu\u00e1rio da Internet pode criar uma se\u00e7\u00e3o do Calend\u00e1rio de Eventos e adicion\u00e1-la a qualquer p\u00e1gina da Webnode. N\u00e3o h\u00e1 necessidade de pagar ou divulgar os dados do seu cart\u00e3o para entrar no nosso Editor. Se voc\u00ea encontrar qualquer tipo de obst\u00e1culo, sinta-se \u00e0 vontade para entrar em contato com nossa equipe de suporte t\u00e9cnico.<\/p><\/div>\r\n\t\t\t\t\t<\/div>\r\n\t\t\t\t<\/div><\/div>","protected":false},"excerpt":{"rendered":"","protected":false},"author":9,"featured_media":0,"parent":771,"menu_order":0,"comment_status":"closed","ping_status":"closed","template":"templates\/template-application-platform.php","meta":{"publish_to_discourse":"","publish_post_category":"","wpdc_auto_publish_overridden":"","wpdc_topic_tags":"","wpdc_pin_topic":"","wpdc_pin_until":"","discourse_post_id":"","discourse_permalink":"","wpdc_publishing_response":"","wpdc_publishing_error":"","footnotes":""},"class_list":["post-3945","page","type-page","status-publish","hentry"],"yoast_head":"<!-- This site is optimized with the Yoast SEO plugin v25.3.1 - https:\/\/yoast.com\/wordpress\/plugins\/seo\/ -->\n<title>Calend\u00e1rio de eventos \u2013 Adicionar plugin de calend\u00e1rio ao site Webnode [2026]<\/title>\n<meta name=\"description\" content=\"Com a Elfsight, crie seu widget de calend\u00e1rio de eventos e adicione-o rapidamente ao seu site Webnode. Oferecemos suporte gratuito ao cliente e outros b\u00f4nus.\" \/>\n<meta name=\"robots\" content=\"index, follow, max-snippet:-1, max-image-preview:large, max-video-preview:-1\" \/>\n<link rel=\"canonical\" href=\"https:\/\/elfsight.com\/pt\/event-calendar-widget\/webnode\/\" \/>\n<meta property=\"og:locale\" content=\"pt_PT\" \/>\n<meta property=\"og:type\" content=\"article\" \/>\n<meta property=\"og:title\" content=\"Calend\u00e1rio de eventos \u2013 Adicionar plugin de calend\u00e1rio ao site Webnode [2026]\" \/>\n<meta property=\"og:description\" content=\"Com a Elfsight, crie seu widget de calend\u00e1rio de eventos e adicione-o rapidamente ao seu site Webnode. Oferecemos suporte gratuito ao cliente e outros b\u00f4nus.\" \/>\n<meta property=\"og:url\" content=\"https:\/\/elfsight.com\/pt\/event-calendar-widget\/webnode\/\" \/>\n<meta property=\"og:site_name\" content=\"Elfsight PT\" \/>\n<meta property=\"article:modified_time\" content=\"2024-11-13T11:43:51+00:00\" \/>\n<meta name=\"twitter:card\" content=\"summary_large_image\" \/>\n<meta name=\"twitter:label1\" content=\"Tempo estimado de leitura\" \/>\n\t<meta name=\"twitter:data1\" content=\"2 minutos\" \/>\n<!-- \/ Yoast SEO plugin. -->","yoast_head_json":{"title":"Calend\u00e1rio de eventos \u2013 Adicionar plugin de calend\u00e1rio ao site Webnode [2026]","description":"Com a Elfsight, crie seu widget de calend\u00e1rio de eventos e adicione-o rapidamente ao seu site Webnode. Oferecemos suporte gratuito ao cliente e outros b\u00f4nus.","robots":{"index":"index","follow":"follow","max-snippet":"max-snippet:-1","max-image-preview":"max-image-preview:large","max-video-preview":"max-video-preview:-1"},"canonical":"https:\/\/elfsight.com\/pt\/event-calendar-widget\/webnode\/","og_locale":"pt_PT","og_type":"article","og_title":"Calend\u00e1rio de eventos \u2013 Adicionar plugin de calend\u00e1rio ao site Webnode [2026]","og_description":"Com a Elfsight, crie seu widget de calend\u00e1rio de eventos e adicione-o rapidamente ao seu site Webnode. Oferecemos suporte gratuito ao cliente e outros b\u00f4nus.","og_url":"https:\/\/elfsight.com\/pt\/event-calendar-widget\/webnode\/","og_site_name":"Elfsight PT","article_modified_time":"2024-11-13T11:43:51+00:00","twitter_card":"summary_large_image","twitter_misc":{"Tempo estimado de leitura":"2 minutos"},"schema":{"@context":"https:\/\/schema.org","@graph":[{"@type":"WebPage","@id":"https:\/\/elfsight.com\/pt\/event-calendar-widget\/webnode\/","url":"https:\/\/elfsight.com\/pt\/event-calendar-widget\/webnode\/","name":"Calend\u00e1rio de eventos \u2013 Adicionar plugin de calend\u00e1rio ao site Webnode [2026]","isPartOf":{"@id":"https:\/\/elfsight.com\/pt\/#website"},"datePublished":"2024-05-03T06:34:59+00:00","dateModified":"2024-11-13T11:43:51+00:00","description":"Com a Elfsight, crie seu widget de calend\u00e1rio de eventos e adicione-o rapidamente ao seu site Webnode. Oferecemos suporte gratuito ao cliente e outros b\u00f4nus.","breadcrumb":{"@id":"https:\/\/elfsight.com\/pt\/event-calendar-widget\/webnode\/#breadcrumb"},"inLanguage":"pt-PT","potentialAction":[{"@type":"ReadAction","target":["https:\/\/elfsight.com\/pt\/event-calendar-widget\/webnode\/"]}]},{"@type":"BreadcrumbList","@id":"https:\/\/elfsight.com\/pt\/event-calendar-widget\/webnode\/#breadcrumb","itemListElement":[{"@type":"ListItem","position":1,"name":"Home","item":"https:\/\/elfsight.com\/pt\/"},{"@type":"ListItem","position":2,"name":"Event Calendar","item":"https:\/\/elfsight.com\/pt\/event-calendar-widget\/"},{"@type":"ListItem","position":3,"name":"Event Calendar &#8211; Webnode"}]},{"@type":"WebSite","@id":"https:\/\/elfsight.com\/pt\/#website","url":"https:\/\/elfsight.com\/pt\/","name":"Elfsight PT","description":"Just another Elfsight Sites site","potentialAction":[{"@type":"SearchAction","target":{"@type":"EntryPoint","urlTemplate":"https:\/\/elfsight.com\/pt\/?s={search_term_string}"},"query-input":{"@type":"PropertyValueSpecification","valueRequired":true,"valueName":"search_term_string"}}],"inLanguage":"pt-PT"}]}},"meta_box":{"industry":"","seo_heading":"","heading":"","description":"","cta_heading":"","cta_description":"","application":"770","h1":"Widget de calend\u00e1rio de eventos Webnode","h1_caption":"Torne seus eventos f\u00e1ceis de encontrar usando o Calend\u00e1rio","application_category":[],"applications_title":"","applications_request_title":"","applications_request_button_text":"","hero_text":"","hero_video":"","hero_video_schema_markup":"","selling_points_title":"","selling_points_caption":"","selling_points":[],"selling_points_cta_text":"","features_title":"","features":"","ed_cta_examples_text":"","ed_cta_examples_hidden":"","ed_cta_demo_text":"","ed_cta_demo_hidden":"","why_caption":"","why_editor_title":"","why_editor_text":"","why_team_title":"","why_team_text":"","why_service_title":"","why_service_text":"","template_catalog_visible":"","template_catalog_title":"","template_catalog_text":"","template_catalog_categories_visible":"","demo_title":"Crie seu widget de calend\u00e1rio de eventos","demo_caption":"Configure seu calend\u00e1rio de eventos e adicione-o ao seu site Webnode gratuitamente!","default_faq_hidden":"","app_template_category":[],"platform":"4917","template_public_id":"","codecanyon_url":"","codecanyon_item_id":"","codecanyon_price":"","pricing_caption":"","pricing_elfsight_apps_hide_column":"","pricing_elfsight_apps_url":"","pricing_codecanyon_price_caption":"","integration_category":[],"integration_request_title":"","integration_request_cta":"","integration_platform":"","integrations":[],"platform_category":[],"video_schema_markup":"","price":"a partir de US$ 0\/m\u00eas","trial":"","benefits":[{"text":"Ajuda de instala\u00e7\u00e3o gratuita"},{"text":"Atendimento ao cliente eficaz"},{"text":"Garantia de devolu\u00e7\u00e3o do dinheiro em 14 dias"},{"text":"Atualizando constantemente"}],"button_url":"#demo","button_target_blank":"0","button_nofollow":"0","attributes":[{"name":"Instala\u00e7\u00f5es","content":"100,000 - 500,000","_state":"expanded"},{"name":"Responsivo","content":"Sim","_state":"expanded"},{"name":"Navegadores compat\u00edveis","content":"Firefox, Safari, Opera, Chrome, Edge"}],"tags":[],"tags_disable_links":"0","hide_more_platforms":"","video_object":"","demo_hide_cta":"0","demo_hide_cloud_options":"0","pricing_title":"","pricing":[{"pricing_icon":"platform","pricing_title":"Elfsight Apps","pricing_title_caption":"Solu\u00e7\u00e3o independente de plataforma adequada para qualquer site","pricing_price":"a partir de US$ 0\/m\u00eas","pricing_price_caption":"comece com plano gratuito","pricing_benefits":[{"text":"Sites ilimitados"},{"text":"Suporte premium para empresas"},{"text":"Suporte premium para empresas"},{"text":"\u00d3timo neg\u00f3cio para v\u00e1rios aplicativos"}],"pricing_button_text":"Adicionar ao site","pricing_button_url":"#demo","_state":"expanded"}],"related_apps_title":"","related_apps_hidden":"1","author":"","image":[],"title":"","job":"","social_networks":[]},"_links":{"self":[{"href":"https:\/\/elfsight.com\/pt\/wp-json\/wp\/v2\/pages\/3945","targetHints":{"allow":["GET"]}}],"collection":[{"href":"https:\/\/elfsight.com\/pt\/wp-json\/wp\/v2\/pages"}],"about":[{"href":"https:\/\/elfsight.com\/pt\/wp-json\/wp\/v2\/types\/page"}],"author":[{"embeddable":true,"href":"https:\/\/elfsight.com\/pt\/wp-json\/wp\/v2\/users\/9"}],"replies":[{"embeddable":true,"href":"https:\/\/elfsight.com\/pt\/wp-json\/wp\/v2\/comments?post=3945"}],"version-history":[{"count":2,"href":"https:\/\/elfsight.com\/pt\/wp-json\/wp\/v2\/pages\/3945\/revisions"}],"predecessor-version":[{"id":11767,"href":"https:\/\/elfsight.com\/pt\/wp-json\/wp\/v2\/pages\/3945\/revisions\/11767"}],"up":[{"embeddable":true,"href":"https:\/\/elfsight.com\/pt\/wp-json\/wp\/v2\/pages\/771"}],"wp:attachment":[{"href":"https:\/\/elfsight.com\/pt\/wp-json\/wp\/v2\/media?parent=3945"}],"curies":[{"name":"wp","href":"https:\/\/api.w.org\/{rel}","templated":true}]}}