{"id":3943,"date":"2024-05-03T06:35:55","date_gmt":"2024-05-03T06:35:55","guid":{"rendered":"https:\/\/elfsight.com\/pt\/?page_id=3943"},"modified":"2025-02-11T06:26:32","modified_gmt":"2025-02-11T06:26:32","slug":"webnode","status":"publish","type":"page","link":"https:\/\/elfsight.com\/pt\/facebook-feed-widget\/webnode\/","title":{"rendered":"Facebook Feed &#8211; Webnode"},"content":{"rendered":"\n<div class=\"application-platform-content-item-description application-platform-content-item\" id=\"description\" data-nav-section=\"description\"><h2>Descri\u00e7\u00e3o<\/h2><p>Demonstre seu conte\u00fado do Facebook em nosso widget avan\u00e7ado \u2013 Facebook Feed. Postagens, v\u00eddeos, fotos \u2013 nunca duvide que seus leitores ver\u00e3o todas as suas mensagens. A interface atraente com componentes originais do Facebook n\u00e3o passar\u00e1 despercebida e lhe dar\u00e1 a oportunidade n\u00e3o apenas de manter clientes atuais no site, mas tamb\u00e9m de convidar novos assinantes do Facebook.<\/p><p><b>Aumente o envolvimento do seu cliente para o est\u00e1gio mais alto suportado pelo widget Webnode Facebook.<\/b><\/p><ul><li><b>Fortale\u00e7a a credibilidade de seus leitores para sua empresa<\/b>. Uma marca que possui conta corrente nas redes sociais tem 78% mais confian\u00e7a entre os usu\u00e1rios. Use o conte\u00fado do Facebook no site para garantir aos leitores que seu neg\u00f3cio \u00e9 real e confi\u00e1vel.<\/li><li><b>Anuncie sua conta do Facebook<\/b>. Mostre fotos e v\u00eddeos do Facebook n\u00e3o apenas para usu\u00e1rios da m\u00eddia social, mas ao mesmo tempo para envolver os leitores do site em seu perfil do Facebook. Use feeds ou v\u00eddeos vis\u00edveis para come\u00e7ar a coletar novos assinantes agora mesmo!<\/li><li><b>1 widget do Facebook para servir como 3<\/b>. Todos os dados do Facebook em um \u00fanico widget: exibe postagens com coment\u00e1rios, compartilhamentos ou outras rea\u00e7\u00f5es; Gere galerias de fotos e v\u00eddeos no site por meio de \u00e1lbuns do Facebook.<\/li><\/ul><\/div><div class=\"application-platform-content-item-features application-platform-content-item\" id=\"features\" data-nav-section=\"features\"><h2>Recursos<\/h2><p>Algumas vantagens, que transforme nosso feed do Facebook em um widget essencial para um site Webnode.<\/p><ul><li>3 tipos de conte\u00fado do Facebook exib\u00edveis: posts, v\u00eddeos e fotos com \u00e1lbuns;<\/li><li>Cabe\u00e7alho personaliz\u00e1vel com ajuste ajust\u00e1vel elementos: imagem da capa, a\u00e7\u00f5es, imagem da p\u00e1gina, contagem de curtidas;<\/li><li>Largura e altura ajust\u00e1veis;<\/li><li>Limite vari\u00e1vel de postagens;<\/li><li>Servi\u00e7o de instala\u00e7\u00e3o gratuito.<\/li> <\/ul><p><a href=\"#demo\">Teste todos os recursos na demonstra\u00e7\u00e3o ao vivo<\/a>.<\/p><\/div><div class=\"application-platform-content-item-installation application-platform-content-item\" id=\"installation\" data-nav-section=\"installation\"><h2>Como adicionar Facebook para site Webnode<\/h2><p>Siga nossas instru\u00e7\u00f5es para realizar a instala\u00e7\u00e3o. Isso n\u00e3o levar\u00e1 mais de 1 minuto e n\u00e3o requer conhecimento em programa\u00e7\u00e3o.<\/p><ol><li><b>Construa seu feed pessoal do Facebook<\/b>.<br>Com nosso configurador gratuito, um plugin com a apar\u00eancia e os recursos necess\u00e1rios para voc\u00ea.<\/li><li><b>Adquira o c\u00f3digo para incorporar o plugin<\/b>.<br>Ap\u00f3s a gera\u00e7\u00e3o do widget, adquira o c\u00f3digo do plugin do Facebook na notifica\u00e7\u00e3o pop-up nos aplicativos Elfsight .<\/li><li><b>Exibir o plugin no site Webnode<\/b>.<br>Insira o plugin no local desejado do site e aplique as altera\u00e7\u00f5es.<\/li><li><b> Pronto!<\/b><br>Visite seu site para conferir seu trabalho.<\/li><\/ol><p>Precisa de um suporte mais completo? Confira um <a href=\"https:\/\/elfsight.com\/tutorials\/how-to-add-facebook-feed-to-webnode\/\" target=\"_blank\" rel=\"noopener noreferrer\">artigo completo<\/a> ou entre em contato com nosso suporte ao cliente e teremos prazer em encontrar uma resposta.<\/p><\/div><div class=\"faq\" data-component=\"FAQ\"><div class=\"faq-item\">\r\n\t\t\t\t\t<div class=\"faq-item-question\">\r\n\t\t\t\t\t\t<h3 class=\"faq-item-question-text\">Como posso incorporar o WhatsApp Converse na minha p\u00e1gina inicial do Webnode sem nenhum conhecimento de codifica\u00e7\u00e3o?<\/h3>\r\n\r\n\t\t\t\t\t\t<div class=\"faq-item-question-icon\"><\/div>\r\n\t\t\t\t\t<\/div>\r\n\r\n\t\t\t\t\t<div class=\"faq-item-answer\">\r\n\t\t\t\t\t\t<div class=\"faq-item-answer-text\"><p>A empresa Elfsight apresenta uma solu\u00e7\u00e3o SaaS que permite que um p\u00fablico amplo gere voc\u00ea mesmo um widget de bate-papo do WhatsApp, descubra as instru\u00e7\u00f5es simples: <\/p><ul><li>Comece a trabalhar diretamente na demonstra\u00e7\u00e3o ao vivo para gerar um plugin de bate-papo do WhatsApp que voc\u00ea gostaria de incluir no seu site Webnode.<\/li><li>Escolha um de nossos modelos prontos e altere as configura\u00e7\u00f5es do bate-papo do WhatsApp, altere o layout e o esquema de cores, atualize seu conte\u00fado sem codifica\u00e7\u00e3o.<\/li><li>Clique para salvar o WhatsApp Chat e obter o c\u00f3digo do widget para instala\u00e7\u00e3o, que voc\u00ea pode incluir facilmente em qualquer p\u00e1gina Webnode gratuitamente. <\/li><\/ul><p>Com a ajuda do nosso configurador amig\u00e1vel, qualquer usu\u00e1rio da Internet pode estabelecer o plugin do WhatsApp Chat e adicion\u00e1-lo facilmente a qualquer site Webnode. N\u00e3o h\u00e1 necessidade de pagar ou enviar os dados do seu cart\u00e3o para entrar no servi\u00e7o Elfsight. Se voc\u00ea encontrar qualquer tipo de problema, sinta-se \u00e0 vontade para entrar em contato com nossa equipe de suporte.<\/p><\/div>\r\n\t\t\t\t\t<\/div>\r\n\t\t\t\t<\/div><\/div>\n","protected":false},"excerpt":{"rendered":"","protected":false},"author":9,"featured_media":0,"parent":386,"menu_order":0,"comment_status":"closed","ping_status":"closed","template":"templates\/template-application-platform.php","meta":{"publish_to_discourse":"","publish_post_category":"","wpdc_auto_publish_overridden":"","wpdc_topic_tags":"","wpdc_pin_topic":"","wpdc_pin_until":"","discourse_post_id":"","discourse_permalink":"","wpdc_publishing_response":"","wpdc_publishing_error":"","footnotes":""},"class_list":["post-3943","page","type-page","status-publish","hentry"],"yoast_head":"<!-- This site is optimized with the Yoast SEO plugin v25.3.1 - https:\/\/yoast.com\/wordpress\/plugins\/seo\/ -->\n<title>Feed do Facebook - Adicionar widget do Facebook ao site Webnode<\/title>\n<meta name=\"description\" content=\"Integre um widget responsivo de feed do Facebook em seu site Webnode. Teste o editor flex\u00edvel da Elfsight e construa o seu plugin pessoal em apenas 3 minutos.\" \/>\n<meta name=\"robots\" content=\"index, follow, max-snippet:-1, max-image-preview:large, max-video-preview:-1\" \/>\n<link rel=\"canonical\" href=\"https:\/\/elfsight.com\/pt\/facebook-feed-widget\/webnode\/\" \/>\n<meta property=\"og:locale\" content=\"pt_PT\" \/>\n<meta property=\"og:type\" content=\"article\" \/>\n<meta property=\"og:title\" content=\"Feed do Facebook - Adicionar widget do Facebook ao site Webnode\" \/>\n<meta property=\"og:description\" content=\"Integre um widget responsivo de feed do Facebook em seu site Webnode. Teste o editor flex\u00edvel da Elfsight e construa o seu plugin pessoal em apenas 3 minutos.\" \/>\n<meta property=\"og:url\" content=\"https:\/\/elfsight.com\/pt\/facebook-feed-widget\/webnode\/\" \/>\n<meta property=\"og:site_name\" content=\"Elfsight PT\" \/>\n<meta property=\"article:modified_time\" content=\"2025-02-11T06:26:32+00:00\" \/>\n<meta name=\"twitter:card\" content=\"summary_large_image\" \/>\n<meta name=\"twitter:label1\" content=\"Tempo estimado de leitura\" \/>\n\t<meta name=\"twitter:data1\" content=\"4 minutos\" \/>\n<!-- \/ Yoast SEO plugin. -->","yoast_head_json":{"title":"Feed do Facebook - Adicionar widget do Facebook ao site Webnode","description":"Integre um widget responsivo de feed do Facebook em seu site Webnode. Teste o editor flex\u00edvel da Elfsight e construa o seu plugin pessoal em apenas 3 minutos.","robots":{"index":"index","follow":"follow","max-snippet":"max-snippet:-1","max-image-preview":"max-image-preview:large","max-video-preview":"max-video-preview:-1"},"canonical":"https:\/\/elfsight.com\/pt\/facebook-feed-widget\/webnode\/","og_locale":"pt_PT","og_type":"article","og_title":"Feed do Facebook - Adicionar widget do Facebook ao site Webnode","og_description":"Integre um widget responsivo de feed do Facebook em seu site Webnode. Teste o editor flex\u00edvel da Elfsight e construa o seu plugin pessoal em apenas 3 minutos.","og_url":"https:\/\/elfsight.com\/pt\/facebook-feed-widget\/webnode\/","og_site_name":"Elfsight PT","article_modified_time":"2025-02-11T06:26:32+00:00","twitter_card":"summary_large_image","twitter_misc":{"Tempo estimado de leitura":"4 minutos"},"schema":{"@context":"https:\/\/schema.org","@graph":[{"@type":"WebPage","@id":"https:\/\/elfsight.com\/pt\/facebook-feed-widget\/webnode\/","url":"https:\/\/elfsight.com\/pt\/facebook-feed-widget\/webnode\/","name":"Feed do Facebook - Adicionar widget do Facebook ao site Webnode","isPartOf":{"@id":"https:\/\/elfsight.com\/pt\/#website"},"datePublished":"2024-05-03T06:35:55+00:00","dateModified":"2025-02-11T06:26:32+00:00","description":"Integre um widget responsivo de feed do Facebook em seu site Webnode. Teste o editor flex\u00edvel da Elfsight e construa o seu plugin pessoal em apenas 3 minutos.","breadcrumb":{"@id":"https:\/\/elfsight.com\/pt\/facebook-feed-widget\/webnode\/#breadcrumb"},"inLanguage":"pt-PT","potentialAction":[{"@type":"ReadAction","target":["https:\/\/elfsight.com\/pt\/facebook-feed-widget\/webnode\/"]}]},{"@type":"BreadcrumbList","@id":"https:\/\/elfsight.com\/pt\/facebook-feed-widget\/webnode\/#breadcrumb","itemListElement":[{"@type":"ListItem","position":1,"name":"Home","item":"https:\/\/elfsight.com\/pt\/"},{"@type":"ListItem","position":2,"name":"Facebook Feed","item":"https:\/\/elfsight.com\/pt\/facebook-feed-widget\/"},{"@type":"ListItem","position":3,"name":"Facebook Feed &#8211; Webnode"}]},{"@type":"WebSite","@id":"https:\/\/elfsight.com\/pt\/#website","url":"https:\/\/elfsight.com\/pt\/","name":"Elfsight PT","description":"Just another Elfsight Sites site","potentialAction":[{"@type":"SearchAction","target":{"@type":"EntryPoint","urlTemplate":"https:\/\/elfsight.com\/pt\/?s={search_term_string}"},"query-input":{"@type":"PropertyValueSpecification","valueRequired":true,"valueName":"search_term_string"}}],"inLanguage":"pt-PT"}]}},"meta_box":{"industry":"","seo_heading":"","heading":"","description":"","cta_heading":"","cta_description":"","application":"385","h1":"Widget de feed do Facebook para Webnode","h1_caption":"Transforme os visitantes do seu site em assinantes do Facebook","application_category":[],"applications_title":"","applications_request_title":"","applications_request_button_text":"","hero_text":"","hero_video":"","hero_video_schema_markup":"","selling_points_title":"","selling_points_caption":"","selling_points":[],"selling_points_cta_text":"","features_title":"","features":"","ed_cta_examples_text":"","ed_cta_examples_hidden":"","ed_cta_demo_text":"","ed_cta_demo_hidden":"","why_caption":"","why_editor_title":"","why_editor_text":"","why_team_title":"","why_team_text":"","why_service_title":"","why_service_text":"","template_catalog_visible":"0","template_catalog_title":"","template_catalog_text":"","template_catalog_categories_visible":"","demo_title":"Crie seu widget de feed do Facebook","demo_caption":"Configure seu feed do Facebook e adicione-o ao seu site Webnode gratuitamente!","default_faq_hidden":"","app_template_category":[],"platform":"4917","template_public_id":"","codecanyon_url":"","codecanyon_item_id":"","codecanyon_price":"","pricing_caption":"","pricing_elfsight_apps_hide_column":"","pricing_elfsight_apps_url":"","pricing_codecanyon_price_caption":"","integration_category":[],"integration_request_title":"","integration_request_cta":"","integration_platform":"","integrations":[],"platform_category":[],"video_schema_markup":"","price":"a partir de US$ 0\/m\u00eas","trial":"","benefits":[{"text":"Assist\u00eancia de instala\u00e7\u00e3o gratuita"},{"text":"Suporte excepcional"},{"text":"Garantia de reembolso de 14 dias"},{"text":"Melhorias gratuitas regulares"}],"button_url":"#demo","button_target_blank":"0","button_nofollow":"0","attributes":[{"name":"Instala\u00e7\u00f5es","content":"100,000 - 500,000","_state":"expanded"},{"name":"Responsivo","content":"Sim","_state":"expanded"},{"name":"Navegadores compat\u00edveis","content":"Firefox, Safari, Opera, Chrome, Edge"}],"tags":[],"tags_disable_links":"0","hide_more_platforms":"0","video_object":"","demo_hide_cta":"0","demo_hide_cloud_options":"0","pricing_title":"","pricing":[{"pricing_icon":"platform","pricing_title":"Elfsight Apps","pricing_title_caption":"Solu\u00e7\u00e3o multiplataforma","pricing_price":"a partir de US$ 0\/m\u00eas","pricing_price_caption":"comece com plano gratuito","pricing_benefits":[{"text":"Sites ilimitados"},{"text":"Suporte gratuito ao cliente e bem documentado"},{"text":"Suporte gratuito ao cliente e bem documentado"},{"text":"Pre\u00e7o a ser pago para v\u00e1rios aplicativos"}],"pricing_button_text":"Adicionar ao site","pricing_button_url":"#demo","_state":"expanded"}],"related_apps_title":"","related_apps_hidden":"1","author":"","image":[],"title":"","job":"","social_networks":[]},"_links":{"self":[{"href":"https:\/\/elfsight.com\/pt\/wp-json\/wp\/v2\/pages\/3943","targetHints":{"allow":["GET"]}}],"collection":[{"href":"https:\/\/elfsight.com\/pt\/wp-json\/wp\/v2\/pages"}],"about":[{"href":"https:\/\/elfsight.com\/pt\/wp-json\/wp\/v2\/types\/page"}],"author":[{"embeddable":true,"href":"https:\/\/elfsight.com\/pt\/wp-json\/wp\/v2\/users\/9"}],"replies":[{"embeddable":true,"href":"https:\/\/elfsight.com\/pt\/wp-json\/wp\/v2\/comments?post=3943"}],"version-history":[{"count":3,"href":"https:\/\/elfsight.com\/pt\/wp-json\/wp\/v2\/pages\/3943\/revisions"}],"predecessor-version":[{"id":13848,"href":"https:\/\/elfsight.com\/pt\/wp-json\/wp\/v2\/pages\/3943\/revisions\/13848"}],"up":[{"embeddable":true,"href":"https:\/\/elfsight.com\/pt\/wp-json\/wp\/v2\/pages\/386"}],"wp:attachment":[{"href":"https:\/\/elfsight.com\/pt\/wp-json\/wp\/v2\/media?parent=3943"}],"curies":[{"name":"wp","href":"https:\/\/api.w.org\/{rel}","templated":true}]}}