{"id":3936,"date":"2024-05-03T06:35:56","date_gmt":"2024-05-03T06:35:56","guid":{"rendered":"https:\/\/elfsight.com\/pt\/?page_id=3936"},"modified":"2025-02-11T06:24:46","modified_gmt":"2025-02-11T06:24:46","slug":"webflow","status":"publish","type":"page","link":"https:\/\/elfsight.com\/pt\/facebook-feed-widget\/webflow\/","title":{"rendered":"Facebook Feed &#8211; Webflow"},"content":{"rendered":"\n<div class=\"application-platform-content-item-description application-platform-content-item\" id=\"description\" data-nav-section=\"description\"><h2>Incorpore o feed do Facebook no Webflow com o widget Elfsight<\/h2><p>Mostre o seu conte\u00fado do Facebook no nosso poderoso widget \u2013 Facebook Feed. Feed de not\u00edcias, v\u00eddeo, imagens \u2013 voc\u00ea pode ter certeza de que seus usu\u00e1rios nunca perder\u00e3o uma \u00fanica postagem. O visual atraente com detalhes originais do Facebook ser\u00e1 notado com certeza e ajudar\u00e1 n\u00e3o apenas a manter os clientes atuais no site, mas tamb\u00e9m a convidar novos assinantes do Facebook.<\/p><p><b>Amplie seu marketing de m\u00eddia social ao m\u00e1ximo. n\u00edvel com a ajuda do widget Webflow Facebook.<\/b><\/p><ul><li><b>Fortale\u00e7a a confian\u00e7a dos clientes em sua empresa<\/b>.<br>Uma empresa que possui perfis ativos nas redes sociais redes obt\u00e9m 72% mais confian\u00e7a entre os usu\u00e1rios. Use seu perfil do Facebook no site para garantir aos clientes que seu neg\u00f3cio \u00e9 verdadeiro e seguro. Transforme visitantes do site em assinantes do Facebook. Forme um widget ideal com sua p\u00e1gina e mostre-o no site, para que cada usu\u00e1rio tenha a chance de seguir sua p\u00e1gina.<\/li><li><b>Aumente o n\u00edvel de assinantes do Facebook em seu perfil<\/b>. Transforme visitantes do site em assinantes do Facebook. Forme um widget ideal com sua p\u00e1gina e mostre-o no site, para que cada usu\u00e1rio tenha a chance de seguir sua p\u00e1gina.<\/li><li><b>Todo o Facebook em um widget<\/b>.<br> Todo o conte\u00fado do Facebook em um pr\u00e1tico widget: adicione postagens com feedback, compartilhamentos ou todas as rea\u00e7\u00f5es dispon\u00edveis; moldar cole\u00e7\u00f5es de imagens e v\u00eddeos no site por meio de \u00e1lbuns do Facebook.<\/li><\/ul><\/div><div class=\"application-platform-content-item-features application-platform-content-item\" id=\"features\" data-nav-section=\"features\"><h2>Principais recursos do widget Feed do Facebook<\/h2><p>4 op\u00e7\u00f5es, que tornam nosso feed do Facebook um widget valioso para um site Webflow.<\/p><ul><li>2 fontes do Facebook suportadas: p\u00e1ginas, perfis;<\/li><li>Mostrar fotos, \u00e1lbuns ou ambos; <\/li><li>V\u00eddeos com informa\u00e7\u00f5es altern\u00e1veis: descri\u00e7\u00e3o, contagem de curtidas, contagem de coment\u00e1rios;<\/li><li>Mostrar ou ocultar postagens;<\/li><li>Suporte premium por profissionais.<\/li><\/ul><p><a href=\"#demo\">Experimente todas as vantagens na demonstra\u00e7\u00e3o ao vivo<\/a>.<\/p><\/div><div class=\"application-platform-content-item-installation application-platform-content-item\" id=\"installation\" data-nav-section=\"installation\"><h2>Como adicionar o Facebook ao Site de fluxo da Web<\/h2><div class=\"video-container\"><iframe width=\"720\" height=\"405\" src=\"https:\/\/www.youtube.com\/embed\/8C87jPKdYWg\" frameborder=\"0\" allowfullscreen=\"\"><\/iframe><\/div><p>Leia nossas instru\u00e7\u00f5es para finalizar a inser\u00e7\u00e3o do widget em seu site. O cumprimento n\u00e3o durar\u00e1 mais de alguns minutos e n\u00e3o requer habilidades de desenvolvimento.<\/p><ol><li><b>Construa seu feed individual do Facebook<\/b>.<br> Com nosso configurador gratuito, gere um widget com design e configura\u00e7\u00f5es desejadas.<\/li><li><b>Receba o c\u00f3digo para configurar o widget<\/b>.<br> Ap\u00f3s o ajuste do widget, obtenha o c\u00f3digo do widget do Facebook na janela pop-up da Elfsight Aplicativos.<\/li><li><b>Revele o widget no site Webflow<\/b>.<br> Cole o widget no local desejado do site e publique os resultados.<\/li><li><b>A incorpora\u00e7\u00e3o foi bem-sucedida!<\/b><br> Acesse o site do Webflow para verificar seu trabalho.<\/li><\/ol><p>Deseja um suporte mais completo? Estude um <a href=\"https:\/\/elfsight.com\/tutorials\/how-to-add-facebook-feed-to-webflow\/\" target=\"_blank\" rel=\"noopener noreferrer\">guia completo<\/a> ou escreva um e-mail para o centro de ajuda da Elfsight e teremos prazer em fornecer uma solu\u00e7\u00e3o.<\/p><\/div><div class=\"faq\" data-component=\"FAQ\"><div class=\"faq-item\">\r\n\t\t\t\t\t<div class=\"faq-item-question\">\r\n\t\t\t\t\t\t<h3 class=\"faq-item-question-text\">De que forma posso adicionar o WhatsApp Chat ao meu Webflow sem codifica\u00e7\u00e3o?<\/h3>\r\n\r\n\t\t\t\t\t\t<div class=\"faq-item-question-icon\"><\/div>\r\n\t\t\t\t\t<\/div>\r\n\r\n\t\t\t\t\t<div class=\"faq-item-answer\">\r\n\t\t\t\t\t\t<div class=\"faq-item-answer-text\"><p>A empresa Elfsight oferece uma solu\u00e7\u00e3o SaaS que permite que os propriet\u00e1rios de sites criem voc\u00ea mesmo um plug-in do WhatsApp Chat, consulte o guia f\u00e1cil: <\/p><ul><li>Acesse o site on-line Editor para criar uma se\u00e7\u00e3o de bate-papo do WhatsApp que voc\u00ea gostaria que aparecesse no site Webflow.<\/li><li>Clique em um dos muitos modelos predefinidos e ajuste as configura\u00e7\u00f5es do bate-papo do WhatsApp, altere o layout e a cor dos elementos, inclua seu conte\u00fado sem conhecimento de codifica\u00e7\u00e3o.<\/li><li>Salve o WhatsApp Chat e obtenha seu c\u00f3digo para incorpora\u00e7\u00e3o, que pode ser facilmente incorporado na p\u00e1gina inicial do Webflow gratuitamente. <\/li><\/ul><p>Usando nosso configurador f\u00e1cil de usar, cada usu\u00e1rio da web pode criar uma se\u00e7\u00e3o de bate-papo do WhatsApp e incorpor\u00e1-la facilmente ao seu site Webflow. Voc\u00ea n\u00e3o deve fazer uma assinatura paga ou enviar os dados do seu cart\u00e3o para acessar o Editor. Se voc\u00ea enfrentar qualquer tipo de obst\u00e1culo, v\u00e1 em frente e fale com nossa equipe de suporte.<\/p><\/div>\r\n\t\t\t\t\t<\/div>\r\n\t\t\t\t<\/div><\/div>\n","protected":false},"excerpt":{"rendered":"","protected":false},"author":9,"featured_media":0,"parent":386,"menu_order":0,"comment_status":"closed","ping_status":"closed","template":"templates\/template-application-platform.php","meta":{"publish_to_discourse":"","publish_post_category":"","wpdc_auto_publish_overridden":"","wpdc_topic_tags":"","wpdc_pin_topic":"","wpdc_pin_until":"","discourse_post_id":"","discourse_permalink":"","wpdc_publishing_response":"","wpdc_publishing_error":"","footnotes":""},"class_list":["post-3936","page","type-page","status-publish","hentry"],"yoast_head":"<!-- This site is optimized with the Yoast SEO plugin v25.3.1 - https:\/\/yoast.com\/wordpress\/plugins\/seo\/ -->\n<title>Feed do Facebook - Adicionar widget do Facebook ao site Webflow<\/title>\n<meta name=\"description\" content=\"Mostre o melhor widget de feed do Facebook em seu site Webflow. Experimente nosso editor interativo e crie um plugin individual em apenas 2 minutos.\" \/>\n<meta name=\"robots\" content=\"index, follow, max-snippet:-1, max-image-preview:large, max-video-preview:-1\" \/>\n<link rel=\"canonical\" href=\"https:\/\/elfsight.com\/pt\/facebook-feed-widget\/webflow\/\" \/>\n<meta property=\"og:locale\" content=\"pt_PT\" \/>\n<meta property=\"og:type\" content=\"article\" \/>\n<meta property=\"og:title\" content=\"Feed do Facebook - Adicionar widget do Facebook ao site Webflow\" \/>\n<meta property=\"og:description\" content=\"Mostre o melhor widget de feed do Facebook em seu site Webflow. Experimente nosso editor interativo e crie um plugin individual em apenas 2 minutos.\" \/>\n<meta property=\"og:url\" content=\"https:\/\/elfsight.com\/pt\/facebook-feed-widget\/webflow\/\" \/>\n<meta property=\"og:site_name\" content=\"Elfsight PT\" \/>\n<meta property=\"article:modified_time\" content=\"2025-02-11T06:24:46+00:00\" \/>\n<meta name=\"twitter:card\" content=\"summary_large_image\" \/>\n<meta name=\"twitter:label1\" content=\"Tempo estimado de leitura\" \/>\n\t<meta name=\"twitter:data1\" content=\"4 minutos\" \/>\n<!-- \/ Yoast SEO plugin. -->","yoast_head_json":{"title":"Feed do Facebook - Adicionar widget do Facebook ao site Webflow","description":"Mostre o melhor widget de feed do Facebook em seu site Webflow. Experimente nosso editor interativo e crie um plugin individual em apenas 2 minutos.","robots":{"index":"index","follow":"follow","max-snippet":"max-snippet:-1","max-image-preview":"max-image-preview:large","max-video-preview":"max-video-preview:-1"},"canonical":"https:\/\/elfsight.com\/pt\/facebook-feed-widget\/webflow\/","og_locale":"pt_PT","og_type":"article","og_title":"Feed do Facebook - Adicionar widget do Facebook ao site Webflow","og_description":"Mostre o melhor widget de feed do Facebook em seu site Webflow. Experimente nosso editor interativo e crie um plugin individual em apenas 2 minutos.","og_url":"https:\/\/elfsight.com\/pt\/facebook-feed-widget\/webflow\/","og_site_name":"Elfsight PT","article_modified_time":"2025-02-11T06:24:46+00:00","twitter_card":"summary_large_image","twitter_misc":{"Tempo estimado de leitura":"4 minutos"},"schema":{"@context":"https:\/\/schema.org","@graph":[{"@type":"WebPage","@id":"https:\/\/elfsight.com\/pt\/facebook-feed-widget\/webflow\/","url":"https:\/\/elfsight.com\/pt\/facebook-feed-widget\/webflow\/","name":"Feed do Facebook - Adicionar widget do Facebook ao site Webflow","isPartOf":{"@id":"https:\/\/elfsight.com\/pt\/#website"},"datePublished":"2024-05-03T06:35:56+00:00","dateModified":"2025-02-11T06:24:46+00:00","description":"Mostre o melhor widget de feed do Facebook em seu site Webflow. Experimente nosso editor interativo e crie um plugin individual em apenas 2 minutos.","breadcrumb":{"@id":"https:\/\/elfsight.com\/pt\/facebook-feed-widget\/webflow\/#breadcrumb"},"inLanguage":"pt-PT","potentialAction":[{"@type":"ReadAction","target":["https:\/\/elfsight.com\/pt\/facebook-feed-widget\/webflow\/"]}]},{"@type":"BreadcrumbList","@id":"https:\/\/elfsight.com\/pt\/facebook-feed-widget\/webflow\/#breadcrumb","itemListElement":[{"@type":"ListItem","position":1,"name":"Home","item":"https:\/\/elfsight.com\/pt\/"},{"@type":"ListItem","position":2,"name":"Facebook Feed","item":"https:\/\/elfsight.com\/pt\/facebook-feed-widget\/"},{"@type":"ListItem","position":3,"name":"Facebook Feed &#8211; Webflow"}]},{"@type":"WebSite","@id":"https:\/\/elfsight.com\/pt\/#website","url":"https:\/\/elfsight.com\/pt\/","name":"Elfsight PT","description":"Just another Elfsight Sites site","potentialAction":[{"@type":"SearchAction","target":{"@type":"EntryPoint","urlTemplate":"https:\/\/elfsight.com\/pt\/?s={search_term_string}"},"query-input":{"@type":"PropertyValueSpecification","valueRequired":true,"valueName":"search_term_string"}}],"inLanguage":"pt-PT"}]}},"meta_box":{"industry":"","seo_heading":"","heading":"","description":"","cta_heading":"","cta_description":"","application":"385","h1":"Widget de feed do Facebook para Webflow","h1_caption":"Transforme os visitantes do seu site em assinantes do Facebook","application_category":[],"applications_title":"","applications_request_title":"","applications_request_button_text":"","hero_text":"","hero_video":"","hero_video_schema_markup":"","selling_points_title":"","selling_points_caption":"","selling_points":[],"selling_points_cta_text":"","features_title":"","features":"","ed_cta_examples_text":"","ed_cta_examples_hidden":"","ed_cta_demo_text":"","ed_cta_demo_hidden":"","why_caption":"","why_editor_title":"","why_editor_text":"","why_team_title":"","why_team_text":"","why_service_title":"","why_service_text":"","template_catalog_visible":"0","template_catalog_title":"","template_catalog_text":"","template_catalog_categories_visible":"","demo_title":"Crie seu widget de feed do Facebook","demo_caption":"Configure seu feed do Facebook e adicione-o ao seu site Webflow gratuitamente!","default_faq_hidden":"","app_template_category":[],"platform":"70","template_public_id":"","codecanyon_url":"","codecanyon_item_id":"","codecanyon_price":"","pricing_caption":"","pricing_elfsight_apps_hide_column":"","pricing_elfsight_apps_url":"","pricing_codecanyon_price_caption":"","integration_category":[],"integration_request_title":"","integration_request_cta":"","integration_platform":"","integrations":[],"platform_category":[],"video_schema_markup":"","price":"a partir de US$ 0\/m\u00eas","trial":"","benefits":[{"text":"Servi\u00e7o de instala\u00e7\u00e3o gratuito"},{"text":"Suporte ao cliente experiente"},{"text":"Garantia de devolu\u00e7\u00e3o do dinheiro em 14 dias"},{"text":"Desenvolvimento cont\u00ednuo"}],"button_url":"#demo","button_target_blank":"0","button_nofollow":"0","attributes":[{"name":"Instala\u00e7\u00f5es","content":"100,000 - 500,000","_state":"expanded"},{"name":"Responsivo","content":"Sim","_state":"expanded"},{"name":"Navegadores compat\u00edveis","content":"Chrome, Edge, Opera, Safari, Firefox"}],"tags":[],"tags_disable_links":"0","hide_more_platforms":"0","video_object":"","demo_hide_cta":"0","demo_hide_cloud_options":"0","pricing_title":"","pricing":[{"pricing_icon":"platform","pricing_title":"Webflow widget","pricing_title_caption":"Solu\u00e7\u00e3o digital independente de plataforma que funciona em qualquer site","pricing_price":"a partir de US$ 0\/m\u00eas","pricing_price_caption":"comece com plano gratuito","pricing_benefits":[{"text":"N\u00famero ilimitado de sites"},{"text":"Suporte premium"},{"text":"Suporte premium"},{"text":"Oferta especial para v\u00e1rios aplicativos"}],"pricing_button_text":"Adicionar ao site","pricing_button_url":"#demo","_state":"expanded"}],"related_apps_title":"","related_apps_hidden":"1","author":"","image":[],"title":"","job":"","social_networks":[]},"_links":{"self":[{"href":"https:\/\/elfsight.com\/pt\/wp-json\/wp\/v2\/pages\/3936","targetHints":{"allow":["GET"]}}],"collection":[{"href":"https:\/\/elfsight.com\/pt\/wp-json\/wp\/v2\/pages"}],"about":[{"href":"https:\/\/elfsight.com\/pt\/wp-json\/wp\/v2\/types\/page"}],"author":[{"embeddable":true,"href":"https:\/\/elfsight.com\/pt\/wp-json\/wp\/v2\/users\/9"}],"replies":[{"embeddable":true,"href":"https:\/\/elfsight.com\/pt\/wp-json\/wp\/v2\/comments?post=3936"}],"version-history":[{"count":3,"href":"https:\/\/elfsight.com\/pt\/wp-json\/wp\/v2\/pages\/3936\/revisions"}],"predecessor-version":[{"id":13847,"href":"https:\/\/elfsight.com\/pt\/wp-json\/wp\/v2\/pages\/3936\/revisions\/13847"}],"up":[{"embeddable":true,"href":"https:\/\/elfsight.com\/pt\/wp-json\/wp\/v2\/pages\/386"}],"wp:attachment":[{"href":"https:\/\/elfsight.com\/pt\/wp-json\/wp\/v2\/media?parent=3936"}],"curies":[{"name":"wp","href":"https:\/\/api.w.org\/{rel}","templated":true}]}}